{"id":988491,"date":"2023-06-25T12:28:24","date_gmt":"2023-06-25T12:28:24","guid":{"rendered":"https:\/\/adchem.al\/?page_id=988491"},"modified":"2023-06-27T22:13:44","modified_gmt":"2023-06-27T22:13:44","slug":"sodium-tripolyphosphate","status":"publish","type":"page","link":"https:\/\/adchem.al\/al\/raw-materials-production-detergents-cosmetics\/sodium-tripolyphosphate\/","title":{"rendered":"Tripolifosfat Natriumi"},"content":{"rendered":"<div data-elementor-type=\"wp-page\" data-elementor-id=\"988491\" class=\"elementor elementor-988491\" data-elementor-post-type=\"page\">\n\t\t\t\t\t\t<section class=\"elementor-section elementor-top-section elementor-element elementor-element-37858afc elementor-section-full_width elementor-section-height-default elementor-section-height-default\" data-id=\"37858afc\" data-element_type=\"section\">\n\t\t\t\t\t\t<div class=\"elementor-container elementor-column-gap-no\">\n\t\t\t\t\t<div class=\"elementor-column elementor-col-100 elementor-top-column elementor-element elementor-element-60bb79bd\" data-id=\"60bb79bd\" data-element_type=\"column\">\n\t\t\t<div class=\"elementor-widget-wrap elementor-element-populated\">\n\t\t\t\t\t\t<div class=\"vamtam-has-theme-widget-styles elementor-element elementor-element-86d4d6c elementor-widget elementor-widget-image\" data-id=\"86d4d6c\" data-element_type=\"widget\" data-widget_type=\"image.default\">\n\t\t\t\t<div class=\"elementor-widget-container\">\n\t\t\t\t\t\t\t\t\t<div class=\"elementor-image\">\n\t\t\t\t\t\t\t\t\t\t\t\t\t\t\t\t<figure class=\"wp-caption\">\n\t\t\t\t\t\t\t\t\t\t\t\t\t\t\t\t<img fetchpriority=\"high\" decoding=\"async\" width=\"778\" height=\"292\" src=\"https:\/\/adchem.al\/wp-content\/uploads\/2023\/06\/Sodium_tripolyphosphate.svg\" class=\"attachment-full size-full wp-image-988492\" alt=\"\" \/>\t\t\t\t\t\t\t\t\t\t\t\t\t\t\t\t\t<figcaption class=\"widget-image-caption wp-caption-text\">Albania Distribution Chemicals<\/figcaption>\n\t\t\t\t\t\t\t\t\t\t\t\t\t\t\t\t<\/figure>\n\t\t\t\t\t\t\t\t\t\t\t\t\t\t<\/div>\n\t\t\t\t\t\t\t\t<\/div>\n\t\t\t\t<\/div>\n\t\t\t\t<div class=\"elementor-element elementor-element-61992a9a elementor-widget elementor-widget-text-editor\" data-id=\"61992a9a\" data-element_type=\"widget\" data-widget_type=\"text-editor.default\">\n\t\t\t\t<div class=\"elementor-widget-container\">\n\t\t\t\t\t\t\t\t\t<div class=\"woocommerce-product-details__short-description\"><div class=\"woocommerce-product-details__short-description\"><p><strong>Produkti: Tripolifosfat natriumi<\/strong><\/p><p><strong>Formula Kimike: Na5P3O10<\/strong><\/p><p><strong>Informacion rreth produktit:<\/strong><\/p><p>Tripolifosfati i natriumit (STPP) \u00ebsht\u00eb nj\u00eb p\u00ebrb\u00ebrje inorganike e p\u00ebrb\u00ebr\u00eb nga kationet e natriumit (Na+) dhe anionin tripolifosfat (P3O10^5-). K\u00ebtu jan\u00eb disa pika t\u00eb r\u00ebnd\u00ebsishme n\u00eb lidhje me STPP:<\/p><p>1. P\u00ebrb\u00ebrja kimike: Formula kimike e Tripolifosfatit t\u00eb Natriumit \u00ebsht\u00eb Na5P3O10. Ai p\u00ebrb\u00ebhet nga pes\u00eb jone natriumi (Na+) dhe nj\u00eb anion tripolifosfat (P3O10^5-).<\/p><p>2. Vetit\u00eb fizike: STPP \u00ebsht\u00eb nj\u00eb pluhur i bardh\u00eb, kristalor q\u00eb \u00ebsht\u00eb shum\u00eb i tretsh\u00ebm n\u00eb uj\u00eb. Ka nj\u00eb pesh\u00eb molekulare prej 367,86 g\/mol dhe nj\u00eb densitet prej af\u00ebrsisht 2,52 g\/cm\u00b3. \u00cbsht\u00eb e q\u00ebndrueshme n\u00eb kushte normale.<\/p><p>3. Funksioni: STPP p\u00ebrdoret kryesisht si sekuestrues, nd\u00ebrtues detergjenti dhe zbut\u00ebs uji n\u00eb industri t\u00eb ndryshme. Ka veti t\u00eb shk\u00eblqyera chelating, duke e lejuar at\u00eb t\u00eb lidhet me jonet metalike dhe t\u00eb parandaloj\u00eb nd\u00ebrhyrjen e tyre n\u00eb proceset e pastrimit.<\/p><p>4. Industria e detergjenteve: STPP p\u00ebrdoret gjer\u00ebsisht n\u00eb prodhimin e detergjenteve, duke p\u00ebrfshir\u00eb detergjent\u00ebt e rrobave, detergjent\u00ebt p\u00ebr larjen e en\u00ebve dhe pastruesit industrial\u00eb. Ndihmon n\u00eb p\u00ebrmir\u00ebsimin e efikasitetit t\u00eb pastrimit duke parandaluar ridepozitimin e papast\u00ebrtive dhe duke hequr mineralet e ujit t\u00eb fort\u00eb.<\/p><p>5. Trajtimi i ujit: STPP p\u00ebrdoret n\u00eb proceset e trajtimit t\u00eb ujit p\u00ebr t\u00eb parandaluar formimin e shkall\u00ebs dhe p\u00ebr t\u00eb zvog\u00ebluar fort\u00ebsin\u00eb e ujit. Ndihmon n\u00eb pengimin e reshjeve t\u00eb joneve t\u00eb kalciumit dhe magnezit, t\u00eb cilat mund t\u00eb shkaktojn\u00eb shkall\u00ebzim n\u00eb tuba dhe pajisje.<\/p><p>6. Industria ushqimore: N\u00eb industrin\u00eb ushqimore, STPP p\u00ebrdoret si aditiv ushqimor dhe konservues. Gjendet zakonisht n\u00eb mish t\u00eb p\u00ebrpunuar, ushqim deti, fruta t\u00eb konservuara dhe perime. Ndihmon p\u00ebr t\u00eb mbajtur lag\u00ebshtin\u00eb, p\u00ebr t\u00eb p\u00ebrmir\u00ebsuar struktur\u00ebn dhe p\u00ebr t\u00eb rritur jet\u00ebgjat\u00ebsin\u00eb e produkteve ushqimore.<\/p><p>7. Industria e qeramik\u00ebs: STPP gjen aplikim n\u00eb industrin\u00eb e qeramik\u00ebs si deflokulant dhe shp\u00ebrndar\u00ebs. Ndihmon n\u00eb p\u00ebrmir\u00ebsimin e punueshm\u00ebris\u00eb s\u00eb argjil\u00ebs, redukton viskozitetin dhe p\u00ebrmir\u00ebson pezullimin e grimcave gjat\u00eb proceseve t\u00eb prodhimit t\u00eb qeramik\u00ebs.<\/p><p>8. Shpimi i naft\u00ebs: STPP p\u00ebrdoret n\u00eb l\u00ebngjet e shpimit t\u00eb naft\u00ebs si stabilizues i shistit argjilor dhe modifikues i viskozitetit. Ndihmon n\u00eb parandalimin e \u00ebnjtjes s\u00eb argjil\u00ebs, kontrollin e viskozitetit t\u00eb l\u00ebngut dhe p\u00ebrmir\u00ebsimin e performanc\u00ebs s\u00eb operacioneve t\u00eb shpimit.<\/p><p>9. Industria e tekstilit: STPP p\u00ebrdoret n\u00eb industrin\u00eb e tekstilit si agjent nivelues dhe shp\u00ebrndar\u00ebs. Ndihmon n\u00eb p\u00ebrmir\u00ebsimin e dep\u00ebrtimit t\u00eb boj\u00ebs, parandalimin e ngjyrosjes s\u00eb pabarabart\u00eb dhe rritjen e q\u00ebndrueshm\u00ebris\u00eb s\u00eb ngjyrave t\u00eb tekstileve.<\/p><p>10. Trajtimi i metaleve: STPP nganj\u00ebher\u00eb p\u00ebrdoret n\u00eb proceset e trajtimit t\u00eb metaleve, t\u00eb tilla si pastrimi i metaleve dhe elektrikimi. Ndihmon p\u00ebr t\u00eb hequr ndryshkun, shkall\u00ebn dhe ndot\u00ebsit nga sip\u00ebrfaqet metalike, duke leht\u00ebsuar ngjitjen e veshjeve dhe duke p\u00ebrmir\u00ebsuar p\u00ebrfundimin e p\u00ebrgjithsh\u00ebm.<\/p><p>K\u00ebto aplikacione demonstrojn\u00eb p\u00ebrdorimet e ndryshme t\u00eb Tripolifosfatit t\u00eb Natriumit n\u00eb industri t\u00eb ndryshme, ku ai vepron si nj\u00eb sekuestrues, nd\u00ebrtues detergjent, zbut\u00ebs uji dhe shp\u00ebrndar\u00ebs. Vetit\u00eb e tij chelating dhe aft\u00ebsia p\u00ebr t\u00eb lidhur jonet metalike e b\u00ebjn\u00eb at\u00eb nj\u00eb p\u00ebrb\u00ebr\u00ebs t\u00eb vlefsh\u00ebm n\u00eb detergjent\u00ebt, trajtimin e ujit, ruajtjen e ushqimit dhe procese t\u00eb tjera industriale.<\/p><\/div><\/div>\t\t\t\t\t\t\t\t<\/div>\n\t\t\t\t<\/div>\n\t\t\t\t<section class=\"elementor-section elementor-inner-section elementor-element elementor-element-ca403d5 elementor-section-boxed elementor-section-height-default elementor-section-height-default\" data-id=\"ca403d5\" data-element_type=\"section\" data-settings=\"{&quot;background_background&quot;:&quot;classic&quot;}\">\n\t\t\t\t\t\t<div class=\"elementor-container elementor-column-gap-no\">\n\t\t\t\t\t<div class=\"elementor-column elementor-col-100 elementor-inner-column elementor-element elementor-element-9bb306b\" data-id=\"9bb306b\" data-element_type=\"column\">\n\t\t\t<div class=\"elementor-widget-wrap elementor-element-populated\">\n\t\t\t\t\t\t<div class=\"elementor-element elementor-element-6401546 elementor-view-default elementor-widget elementor-widget-icon\" data-id=\"6401546\" data-element_type=\"widget\" data-widget_type=\"icon.default\">\n\t\t\t\t<div class=\"elementor-widget-container\">\n\t\t\t\t\t\t\t<div class=\"elementor-icon-wrapper\">\n\t\t\t<div class=\"elementor-icon\">\n\t\t\t<i aria-hidden=\"true\" class=\"vamtamtheme- vamtam-theme-quote-start\"><\/i>\t\t\t<\/div>\n\t\t<\/div>\n\t\t\t\t\t\t<\/div>\n\t\t\t\t<\/div>\n\t\t\t\t<div class=\"elementor-element elementor-element-e7d6f43 elementor-widget elementor-widget-text-editor\" data-id=\"e7d6f43\" data-element_type=\"widget\" data-widget_type=\"text-editor.default\">\n\t\t\t\t<div class=\"elementor-widget-container\">\n\t\t\t\t\t\t\t\t\t<p>\"P\u00ebr \u00e7do informacion, shkruani n\u00eb WhatsApp: Gjith\u00e7ka q\u00eb ju nevojitet, n\u00eb koh\u00eb reale, n\u00eb nj\u00eb mesazh. Na kontaktoni dhe jemi gati t\u00eb ju ndihmojm\u00eb.\"<\/p>\t\t\t\t\t\t\t\t<\/div>\n\t\t\t\t<\/div>\n\t\t\t\t<div class=\"elementor-element elementor-element-1ebd833 elementor-widget-divider--view-line elementor-widget elementor-widget-divider\" data-id=\"1ebd833\" data-element_type=\"widget\" data-widget_type=\"divider.default\">\n\t\t\t\t<div class=\"elementor-widget-container\">\n\t\t\t\t\t\t\t<div class=\"elementor-divider\">\n\t\t\t<span class=\"elementor-divider-separator\">\n\t\t\t\t\t\t<\/span>\n\t\t<\/div>\n\t\t\t\t\t\t<\/div>\n\t\t\t\t<\/div>\n\t\t\t\t<div class=\"vamtam-has-theme-widget-styles elementor-element elementor-element-dae9ae4 elementor-widget__width-auto vamtam-has-underline-anim elementor-widget elementor-widget-button\" data-id=\"dae9ae4\" data-element_type=\"widget\" data-widget_type=\"button.default\">\n\t\t\t\t<div class=\"elementor-widget-container\">\n\t\t\t\t\t\t\t\t\t<div class=\"elementor-button-wrapper\">\n\t\t\t\t\t<a class=\"elementor-button elementor-button-link elementor-size-md\" href=\"https:\/\/wa.me\/355694000260\">\n\t\t\t\t\t\t<span class=\"elementor-button-content-wrapper\">\n\t\t\t\t\t\t<span class=\"elementor-button-icon\">\n\t\t\t\t<i aria-hidden=\"true\" class=\"vamtamtheme- vamtam-theme-icon-arrow-right-top\"><\/i>\t\t\t<\/span>\n\t\t\t\t\t\t\t\t\t<span class=\"elementor-button-text\">Kontaktoni WhatsApp<\/span>\n\t\t\t\t\t<\/span>\n\t\t\t\t\t<\/a>\n\t\t\t\t<\/div>\n\t\t\t\t\t\t\t\t<\/div>\n\t\t\t\t<\/div>\n\t\t\t\t<div class=\"elementor-element elementor-element-1f6fa5b elementor-widget__width-auto elementor-widget elementor-widget-heading\" data-id=\"1f6fa5b\" data-element_type=\"widget\" data-widget_type=\"heading.default\">\n\t\t\t\t<div class=\"elementor-widget-container\">\n\t\t\t\t\t<span class=\"elementor-heading-title elementor-size-default\">Albania Distribution Chemicals\n<\/span>\t\t\t\t<\/div>\n\t\t\t\t<\/div>\n\t\t\t\t\t<\/div>\n\t\t<\/div>\n\t\t\t\t\t<\/div>\n\t\t<\/section>\n\t\t\t\t\t<\/div>\n\t\t<\/div>\n\t\t\t\t\t<\/div>\n\t\t<\/section>\n\t\t\t\t<section class=\"elementor-section elementor-top-section elementor-element elementor-element-b3fd502 elementor-section-boxed elementor-section-height-default elementor-section-height-default\" data-id=\"b3fd502\" data-element_type=\"section\">\n\t\t\t\t\t\t<div class=\"elementor-container elementor-column-gap-default\">\n\t\t\t\t\t<div class=\"elementor-column elementor-col-100 elementor-top-column elementor-element elementor-element-a879885\" data-id=\"a879885\" data-element_type=\"column\">\n\t\t\t<div class=\"elementor-widget-wrap elementor-element-populated\">\n\t\t\t\t\t\t<div class=\"elementor-element elementor-element-4a3fe1c elementor-widget elementor-widget-spacer\" data-id=\"4a3fe1c\" data-element_type=\"widget\" data-widget_type=\"spacer.default\">\n\t\t\t\t<div class=\"elementor-widget-container\">\n\t\t\t\t\t\t\t<div class=\"elementor-spacer\">\n\t\t\t<div class=\"elementor-spacer-inner\"><\/div>\n\t\t<\/div>\n\t\t\t\t\t\t<\/div>\n\t\t\t\t<\/div>\n\t\t\t\t<div class=\"vamtam-has-theme-widget-styles elementor-element elementor-element-feed2fe elementor-widget elementor-widget-image\" data-id=\"feed2fe\" data-element_type=\"widget\" data-widget_type=\"image.default\">\n\t\t\t\t<div class=\"elementor-widget-container\">\n\t\t\t\t\t\t\t\t\t<div class=\"elementor-image\">\n\t\t\t\t\t\t\t\t\t\t\t\t\t\t\t\t\t\t\t\t\t<img decoding=\"async\" width=\"8000\" height=\"1355\" src=\"https:\/\/adchem.al\/wp-content\/uploads\/2023\/06\/baner-albania-distribution-chemicals-01.png\" class=\"attachment-full size-full wp-image-987764\" alt=\"\" srcset=\"https:\/\/adchem.al\/wp-content\/uploads\/2023\/06\/baner-albania-distribution-chemicals-01.png 8000w, https:\/\/adchem.al\/wp-content\/uploads\/2023\/06\/baner-albania-distribution-chemicals-01-300x51.png 300w, https:\/\/adchem.al\/wp-content\/uploads\/2023\/06\/baner-albania-distribution-chemicals-01-1024x173.png 1024w, https:\/\/adchem.al\/wp-content\/uploads\/2023\/06\/baner-albania-distribution-chemicals-01-768x130.png 768w, https:\/\/adchem.al\/wp-content\/uploads\/2023\/06\/baner-albania-distribution-chemicals-01-1536x260.png 1536w, https:\/\/adchem.al\/wp-content\/uploads\/2023\/06\/baner-albania-distribution-chemicals-01-2048x347.png 2048w\" sizes=\"(max-width: 8000px) 100vw, 8000px\" \/>\t\t\t\t\t\t\t\t\t\t\t\t\t\t\t\t\t\t\t\t\t\t\t\t<\/div>\n\t\t\t\t\t\t\t\t<\/div>\n\t\t\t\t<\/div>\n\t\t\t\t\t<\/div>\n\t\t<\/div>\n\t\t\t\t\t<\/div>\n\t\t<\/section>\n\t\t\t\t<\/div>","protected":false},"excerpt":{"rendered":"<p>Produkti: Tripolifosfat natriumi<\/p>\n<p>Formula Kimike: Na5P3O10<\/p>\n<p>Informacion rreth produktit:<\/p>\n<p>Tripolifosfati i natriumit (STPP) \u00ebsht\u00eb nj\u00eb p\u00ebrb\u00ebrje inorganike e p\u00ebrb\u00ebr\u00eb nga kationet e natriumit (Na+) dhe anionin tripolifosfat (P3O10^5-). K\u00ebtu jan\u00eb disa pika t\u00eb r\u00ebnd\u00ebsishme n\u00eb lidhje me STPP:<\/p>","protected":false},"author":2,"featured_media":988492,"parent":988391,"menu_order":0,"comment_status":"closed","ping_status":"closed","template":"","meta":{"inline_featured_image":false,"footnotes":""},"class_list":["post-988491","page","type-page","status-publish","has-post-thumbnail","hentry"],"yoast_head":"<!-- This site is optimized with the Yoast SEO plugin v27.4 - https:\/\/yoast.com\/product\/yoast-seo-wordpress\/ -->\n<title>Sodium Tripolyphosphate | Albania Distribution Chemicals<\/title>\n<meta name=\"robots\" content=\"index, follow, max-snippet:-1, max-image-preview:large, max-video-preview:-1\" \/>\n<link rel=\"canonical\" href=\"https:\/\/adchem.al\/al\/raw-materials-production-detergents-cosmetics\/sodium-tripolyphosphate\/\" \/>\n<meta property=\"og:locale\" content=\"sq_AL\" \/>\n<meta property=\"og:type\" content=\"article\" \/>\n<meta property=\"og:title\" content=\"Sodium Tripolyphosphate | Albania Distribution Chemicals\" \/>\n<meta property=\"og:description\" content=\"Product: Sodium Tripolyphosphate Chemical Formula: Na5P3O10 Information about the product: Sodium Tripolyphosphate (STPP) is an inorganic compound composed of sodium cations (Na+) and the tripolyphosphate anion (P3O10^5-). Here are some important points about STPP:\" \/>\n<meta property=\"og:url\" content=\"https:\/\/adchem.al\/al\/raw-materials-production-detergents-cosmetics\/sodium-tripolyphosphate\/\" \/>\n<meta property=\"og:site_name\" content=\"Albania Distribution Chemicals\" \/>\n<meta property=\"article:publisher\" content=\"https:\/\/www.facebook.com\/albaniadistributionchem\/?ref=py_c\" \/>\n<meta property=\"article:modified_time\" content=\"2023-06-27T22:13:44+00:00\" \/>\n<meta property=\"og:image\" content=\"https:\/\/adchem.al\/wp-content\/uploads\/2023\/06\/adchem-wallpaper-home.webp-2.webp\" \/>\n\t<meta property=\"og:image:width\" content=\"2560\" \/>\n\t<meta property=\"og:image:height\" content=\"1244\" \/>\n\t<meta property=\"og:image:type\" content=\"image\/webp\" \/>\n<meta name=\"twitter:card\" content=\"summary_large_image\" \/>\n<script type=\"application\/ld+json\" class=\"yoast-schema-graph\">{\"@context\":\"https:\\\/\\\/schema.org\",\"@graph\":[{\"@type\":\"WebPage\",\"@id\":\"https:\\\/\\\/adchem.al\\\/raw-materials-production-detergents-cosmetics\\\/sodium-tripolyphosphate\\\/\",\"url\":\"https:\\\/\\\/adchem.al\\\/raw-materials-production-detergents-cosmetics\\\/sodium-tripolyphosphate\\\/\",\"name\":\"Sodium Tripolyphosphate | Albania Distribution Chemicals\",\"isPartOf\":{\"@id\":\"https:\\\/\\\/adchem.al\\\/#website\"},\"primaryImageOfPage\":{\"@id\":\"https:\\\/\\\/adchem.al\\\/raw-materials-production-detergents-cosmetics\\\/sodium-tripolyphosphate\\\/#primaryimage\"},\"image\":{\"@id\":\"https:\\\/\\\/adchem.al\\\/raw-materials-production-detergents-cosmetics\\\/sodium-tripolyphosphate\\\/#primaryimage\"},\"thumbnailUrl\":\"https:\\\/\\\/adchem.al\\\/wp-content\\\/uploads\\\/2023\\\/06\\\/Sodium_tripolyphosphate.svg\",\"datePublished\":\"2023-06-25T12:28:24+00:00\",\"dateModified\":\"2023-06-27T22:13:44+00:00\",\"breadcrumb\":{\"@id\":\"https:\\\/\\\/adchem.al\\\/raw-materials-production-detergents-cosmetics\\\/sodium-tripolyphosphate\\\/#breadcrumb\"},\"inLanguage\":\"sq\",\"potentialAction\":[{\"@type\":\"ReadAction\",\"target\":[\"https:\\\/\\\/adchem.al\\\/raw-materials-production-detergents-cosmetics\\\/sodium-tripolyphosphate\\\/\"]}]},{\"@type\":\"ImageObject\",\"inLanguage\":\"sq\",\"@id\":\"https:\\\/\\\/adchem.al\\\/raw-materials-production-detergents-cosmetics\\\/sodium-tripolyphosphate\\\/#primaryimage\",\"url\":\"https:\\\/\\\/adchem.al\\\/wp-content\\\/uploads\\\/2023\\\/06\\\/Sodium_tripolyphosphate.svg\",\"contentUrl\":\"https:\\\/\\\/adchem.al\\\/wp-content\\\/uploads\\\/2023\\\/06\\\/Sodium_tripolyphosphate.svg\",\"width\":778,\"height\":292},{\"@type\":\"BreadcrumbList\",\"@id\":\"https:\\\/\\\/adchem.al\\\/raw-materials-production-detergents-cosmetics\\\/sodium-tripolyphosphate\\\/#breadcrumb\",\"itemListElement\":[{\"@type\":\"ListItem\",\"position\":1,\"name\":\"Home\",\"item\":\"https:\\\/\\\/adchem.al\\\/\"},{\"@type\":\"ListItem\",\"position\":2,\"name\":\"Raw Materials Production Detergents &#038; Cosmetics\",\"item\":\"https:\\\/\\\/adchem.al\\\/raw-materials-production-detergents-cosmetics\\\/\"},{\"@type\":\"ListItem\",\"position\":3,\"name\":\"Sodium Tripolyphosphate\"}]},{\"@type\":\"WebSite\",\"@id\":\"https:\\\/\\\/adchem.al\\\/#website\",\"url\":\"https:\\\/\\\/adchem.al\\\/\",\"name\":\"Albania Distribution Chemicals\",\"description\":\"&quot;Excellence in Chemical Distribution&quot;\",\"publisher\":{\"@id\":\"https:\\\/\\\/adchem.al\\\/#organization\"},\"alternateName\":\"ADC\",\"potentialAction\":[{\"@type\":\"SearchAction\",\"target\":{\"@type\":\"EntryPoint\",\"urlTemplate\":\"https:\\\/\\\/adchem.al\\\/?s={search_term_string}\"},\"query-input\":{\"@type\":\"PropertyValueSpecification\",\"valueRequired\":true,\"valueName\":\"search_term_string\"}}],\"inLanguage\":\"sq\"},{\"@type\":\"Organization\",\"@id\":\"https:\\\/\\\/adchem.al\\\/#organization\",\"name\":\"Albania Distribution Chemicals\",\"alternateName\":\"ADC\",\"url\":\"https:\\\/\\\/adchem.al\\\/\",\"logo\":{\"@type\":\"ImageObject\",\"inLanguage\":\"sq\",\"@id\":\"https:\\\/\\\/adchem.al\\\/#\\\/schema\\\/logo\\\/image\\\/\",\"url\":\"https:\\\/\\\/adchem.al\\\/wp-content\\\/uploads\\\/2022\\\/09\\\/Albania-Distribution-Chemicals-Logo-01.png\",\"contentUrl\":\"https:\\\/\\\/adchem.al\\\/wp-content\\\/uploads\\\/2022\\\/09\\\/Albania-Distribution-Chemicals-Logo-01.png\",\"width\":308,\"height\":104,\"caption\":\"Albania Distribution Chemicals\"},\"image\":{\"@id\":\"https:\\\/\\\/adchem.al\\\/#\\\/schema\\\/logo\\\/image\\\/\"},\"sameAs\":[\"https:\\\/\\\/www.facebook.com\\\/albaniadistributionchem\\\/?ref=py_c\",\"https:\\\/\\\/www.instagram.com\\\/albania_distribution_chemicals\\\/\"]}]}<\/script>\n<!-- \/ Yoast SEO plugin. -->","yoast_head_json":{"title":"Sodium Tripolyphosphate | Albania Distribution Chemicals","robots":{"index":"index","follow":"follow","max-snippet":"max-snippet:-1","max-image-preview":"max-image-preview:large","max-video-preview":"max-video-preview:-1"},"canonical":"https:\/\/adchem.al\/al\/raw-materials-production-detergents-cosmetics\/sodium-tripolyphosphate\/","og_locale":"sq_AL","og_type":"article","og_title":"Sodium Tripolyphosphate | Albania Distribution Chemicals","og_description":"Product: Sodium Tripolyphosphate Chemical Formula: Na5P3O10 Information about the product: Sodium Tripolyphosphate (STPP) is an inorganic compound composed of sodium cations (Na+) and the tripolyphosphate anion (P3O10^5-). Here are some important points about STPP:","og_url":"https:\/\/adchem.al\/al\/raw-materials-production-detergents-cosmetics\/sodium-tripolyphosphate\/","og_site_name":"Albania Distribution Chemicals","article_publisher":"https:\/\/www.facebook.com\/albaniadistributionchem\/?ref=py_c","article_modified_time":"2023-06-27T22:13:44+00:00","og_image":[{"width":2560,"height":1244,"url":"https:\/\/adchem.al\/wp-content\/uploads\/2023\/06\/adchem-wallpaper-home.webp-2.webp","type":"image\/webp"}],"twitter_card":"summary_large_image","schema":{"@context":"https:\/\/schema.org","@graph":[{"@type":"WebPage","@id":"https:\/\/adchem.al\/raw-materials-production-detergents-cosmetics\/sodium-tripolyphosphate\/","url":"https:\/\/adchem.al\/raw-materials-production-detergents-cosmetics\/sodium-tripolyphosphate\/","name":"Sodium Tripolyphosphate | Albania Distribution Chemicals","isPartOf":{"@id":"https:\/\/adchem.al\/#website"},"primaryImageOfPage":{"@id":"https:\/\/adchem.al\/raw-materials-production-detergents-cosmetics\/sodium-tripolyphosphate\/#primaryimage"},"image":{"@id":"https:\/\/adchem.al\/raw-materials-production-detergents-cosmetics\/sodium-tripolyphosphate\/#primaryimage"},"thumbnailUrl":"https:\/\/adchem.al\/wp-content\/uploads\/2023\/06\/Sodium_tripolyphosphate.svg","datePublished":"2023-06-25T12:28:24+00:00","dateModified":"2023-06-27T22:13:44+00:00","breadcrumb":{"@id":"https:\/\/adchem.al\/raw-materials-production-detergents-cosmetics\/sodium-tripolyphosphate\/#breadcrumb"},"inLanguage":"sq","potentialAction":[{"@type":"ReadAction","target":["https:\/\/adchem.al\/raw-materials-production-detergents-cosmetics\/sodium-tripolyphosphate\/"]}]},{"@type":"ImageObject","inLanguage":"sq","@id":"https:\/\/adchem.al\/raw-materials-production-detergents-cosmetics\/sodium-tripolyphosphate\/#primaryimage","url":"https:\/\/adchem.al\/wp-content\/uploads\/2023\/06\/Sodium_tripolyphosphate.svg","contentUrl":"https:\/\/adchem.al\/wp-content\/uploads\/2023\/06\/Sodium_tripolyphosphate.svg","width":778,"height":292},{"@type":"BreadcrumbList","@id":"https:\/\/adchem.al\/raw-materials-production-detergents-cosmetics\/sodium-tripolyphosphate\/#breadcrumb","itemListElement":[{"@type":"ListItem","position":1,"name":"Home","item":"https:\/\/adchem.al\/"},{"@type":"ListItem","position":2,"name":"Raw Materials Production Detergents &#038; Cosmetics","item":"https:\/\/adchem.al\/raw-materials-production-detergents-cosmetics\/"},{"@type":"ListItem","position":3,"name":"Sodium Tripolyphosphate"}]},{"@type":"WebSite","@id":"https:\/\/adchem.al\/#website","url":"https:\/\/adchem.al\/","name":"Albania Distribution Chemicals","description":"&quot;Excellence in Chemical Distribution&quot;","publisher":{"@id":"https:\/\/adchem.al\/#organization"},"alternateName":"ADC","potentialAction":[{"@type":"SearchAction","target":{"@type":"EntryPoint","urlTemplate":"https:\/\/adchem.al\/?s={search_term_string}"},"query-input":{"@type":"PropertyValueSpecification","valueRequired":true,"valueName":"search_term_string"}}],"inLanguage":"sq"},{"@type":"Organization","@id":"https:\/\/adchem.al\/#organization","name":"Albania Distribution Chemicals","alternateName":"ADC","url":"https:\/\/adchem.al\/","logo":{"@type":"ImageObject","inLanguage":"sq","@id":"https:\/\/adchem.al\/#\/schema\/logo\/image\/","url":"https:\/\/adchem.al\/wp-content\/uploads\/2022\/09\/Albania-Distribution-Chemicals-Logo-01.png","contentUrl":"https:\/\/adchem.al\/wp-content\/uploads\/2022\/09\/Albania-Distribution-Chemicals-Logo-01.png","width":308,"height":104,"caption":"Albania Distribution Chemicals"},"image":{"@id":"https:\/\/adchem.al\/#\/schema\/logo\/image\/"},"sameAs":["https:\/\/www.facebook.com\/albaniadistributionchem\/?ref=py_c","https:\/\/www.instagram.com\/albania_distribution_chemicals\/"]}]}},"_links":{"self":[{"href":"https:\/\/adchem.al\/al\/wp-json\/wp\/v2\/pages\/988491","targetHints":{"allow":["GET"]}}],"collection":[{"href":"https:\/\/adchem.al\/al\/wp-json\/wp\/v2\/pages"}],"about":[{"href":"https:\/\/adchem.al\/al\/wp-json\/wp\/v2\/types\/page"}],"author":[{"embeddable":true,"href":"https:\/\/adchem.al\/al\/wp-json\/wp\/v2\/users\/2"}],"replies":[{"embeddable":true,"href":"https:\/\/adchem.al\/al\/wp-json\/wp\/v2\/comments?post=988491"}],"version-history":[{"count":10,"href":"https:\/\/adchem.al\/al\/wp-json\/wp\/v2\/pages\/988491\/revisions"}],"predecessor-version":[{"id":989286,"href":"https:\/\/adchem.al\/al\/wp-json\/wp\/v2\/pages\/988491\/revisions\/989286"}],"up":[{"embeddable":true,"href":"https:\/\/adchem.al\/al\/wp-json\/wp\/v2\/pages\/988391"}],"wp:featuredmedia":[{"embeddable":true,"href":"https:\/\/adchem.al\/al\/wp-json\/wp\/v2\/media\/988492"}],"wp:attachment":[{"href":"https:\/\/adchem.al\/al\/wp-json\/wp\/v2\/media?parent=988491"}],"curies":[{"name":"wp","href":"https:\/\/api.w.org\/{rel}","templated":true}]}}