{"id":988470,"date":"2023-06-25T12:11:27","date_gmt":"2023-06-25T12:11:27","guid":{"rendered":"https:\/\/adchem.al\/?page_id=988470"},"modified":"2023-06-27T22:06:40","modified_gmt":"2023-06-27T22:06:40","slug":"linear-alkyl-benzene-sulfonic-acid","status":"publish","type":"page","link":"https:\/\/adchem.al\/al\/raw-materials-production-detergents-cosmetics\/linear-alkyl-benzene-sulfonic-acid\/","title":{"rendered":"Acidi Linear Alkil Benzen Sulfonik"},"content":{"rendered":"<div data-elementor-type=\"wp-page\" data-elementor-id=\"988470\" class=\"elementor elementor-988470\" data-elementor-post-type=\"page\">\n\t\t\t\t\t\t<section class=\"elementor-section elementor-top-section elementor-element elementor-element-37858afc elementor-section-full_width elementor-section-height-default elementor-section-height-default\" data-id=\"37858afc\" data-element_type=\"section\" data-e-type=\"section\">\n\t\t\t\t\t\t<div class=\"elementor-container elementor-column-gap-no\">\n\t\t\t\t\t<div class=\"elementor-column elementor-col-100 elementor-top-column elementor-element elementor-element-60bb79bd\" data-id=\"60bb79bd\" data-element_type=\"column\" data-e-type=\"column\">\n\t\t\t<div class=\"elementor-widget-wrap elementor-element-populated\">\n\t\t\t\t\t\t<div class=\"vamtam-has-theme-widget-styles elementor-element elementor-element-86d4d6c elementor-widget elementor-widget-image\" data-id=\"86d4d6c\" data-element_type=\"widget\" data-e-type=\"widget\" data-widget_type=\"image.default\">\n\t\t\t\t<div class=\"elementor-widget-container\">\n\t\t\t\t\t\t\t\t\t<div class=\"elementor-image\">\n\t\t\t\t\t\t\t\t\t\t\t\t\t\t\t\t<figure class=\"wp-caption\">\n\t\t\t\t\t\t\t\t\t\t\t\t\t\t\t\t<img fetchpriority=\"high\" decoding=\"async\" width=\"460\" height=\"330\" src=\"https:\/\/adchem.al\/wp-content\/uploads\/2023\/06\/Linear_alkyl_benzene_2.svg\" class=\"attachment-full size-full wp-image-988471\" alt=\"\" \/>\t\t\t\t\t\t\t\t\t\t\t\t\t\t\t\t\t<figcaption class=\"widget-image-caption wp-caption-text\">Albania Distribution Chemicals<\/figcaption>\n\t\t\t\t\t\t\t\t\t\t\t\t\t\t\t\t<\/figure>\n\t\t\t\t\t\t\t\t\t\t\t\t\t\t<\/div>\n\t\t\t\t\t\t\t\t<\/div>\n\t\t\t\t<\/div>\n\t\t\t\t<div class=\"elementor-element elementor-element-61992a9a elementor-widget elementor-widget-text-editor\" data-id=\"61992a9a\" data-element_type=\"widget\" data-e-type=\"widget\" data-widget_type=\"text-editor.default\">\n\t\t\t\t<div class=\"elementor-widget-container\">\n\t\t\t\t\t\t\t\t\t<div class=\"woocommerce-product-details__short-description\"><p><strong>Produkti: Acidi Linear Alkil Benzen Sulfonik (LABSA)<\/strong><\/p><p><strong>Formula Kimike: C18H30O3S<\/strong><\/p><p>Acidi Linear Alkil Benzen Sulfonik (LABSA) \u00ebsht\u00eb nj\u00eb p\u00ebrb\u00ebrje organike e p\u00ebrdorur kryesisht si surfaktant n\u00eb industri t\u00eb ndryshme. K\u00ebtu jan\u00eb pes\u00eb pika t\u00eb r\u00ebnd\u00ebsishme rreth LABSA:<\/p><p>1. P\u00ebrb\u00ebrja kimike: LABSA \u00ebsht\u00eb nj\u00eb surfaktant anionik i p\u00ebrb\u00ebr\u00eb nga nj\u00eb zinxhir alkil linear i lidhur me nj\u00eb unaz\u00eb benzeni, me nj\u00eb grup funksional t\u00eb acidit sulfonik (-SO3H). Formula e tij kimike \u00ebsht\u00eb C18H30O3S.<\/p><p>2. Vetit\u00eb fizike: LABSA \u00ebsht\u00eb nj\u00eb l\u00ebng viskoz kafe me nj\u00eb er\u00eb karakteristike. \u00cbsht\u00eb i tretsh\u00ebm n\u00eb uj\u00eb dhe n\u00eb tret\u00ebs t\u00eb ndrysh\u00ebm organik\u00eb. LABSA ka veti t\u00eb shk\u00eblqyera njom\u00ebse, shkum\u00ebzimi dhe emulsifikues, duke e b\u00ebr\u00eb at\u00eb t\u00eb p\u00ebrshtatsh\u00ebm p\u00ebr t'u p\u00ebrdorur si surfaktant.<\/p><p>3. Prodhimi: LABSA prodhohet nga sulfonimi linear alkil benzen (LAB) me acid sulfurik. Reaksioni midis LAB dhe acidit sulfurik fut grupin e acidit sulfonik (-SO3H) n\u00eb unaz\u00ebn e benzenit, duke rezultuar n\u00eb formimin e LABSA.<\/p><p>4. Vetit\u00eb e surfaktantit: LABSA \u00ebsht\u00eb nj\u00eb surfaktant efektiv p\u00ebr shkak t\u00eb natyr\u00ebs s\u00eb tij amfifilike. Ka rajone hidrofile (t\u00eb dashura p\u00ebr ujin) dhe hidrofobike (t\u00eb largojn\u00eb ujin), duke i mund\u00ebsuar q\u00eb t\u00eb ul\u00eb tensionin sip\u00ebrfaq\u00ebsor, t\u00eb nxis\u00eb shp\u00ebrndarjen dhe t\u00eb p\u00ebrmir\u00ebsoj\u00eb vetit\u00eb e pastrimit dhe shkum\u00ebzimit t\u00eb produkteve t\u00eb ndryshme.<\/p><p>5. Biodegradueshm\u00ebria: LABSA \u00ebsht\u00eb e biodegradueshme, q\u00eb do t\u00eb thot\u00eb se mund t\u00eb zb\u00ebrthehet nga mikroorganizmat e pranish\u00ebm n\u00eb mjedis. Kjo pron\u00eb e b\u00ebn at\u00eb nj\u00eb zgjedhje t\u00eb preferuar n\u00eb industrit\u00eb ku q\u00ebndrueshm\u00ebria mjedisore \u00ebsht\u00eb nj\u00eb shqet\u00ebsim.<\/p><p>P\u00ebrdorimi specifik i sektorit t\u00eb Acidit Linear Alkil Benzen Sulfonik (LABSA):<\/p><p>1. Industria e detergjenteve dhe e pastrimit: LABSA p\u00ebrdoret gjer\u00ebsisht n\u00eb prodhimin e detergjenteve t\u00eb l\u00ebngsh\u00ebm dhe pluhur, duke p\u00ebrfshir\u00eb l\u00ebngjet p\u00ebr larjen e en\u00ebve, detergjent\u00ebt e rrobave, pastruesit e sht\u00ebpis\u00eb dhe pastruesit industrial\u00eb. Ai vepron si nj\u00eb surfaktant kryesor, duke siguruar veti t\u00eb shk\u00eblqyera pastrimi dhe shkum\u00ebzimi.<\/p><p>2. Produktet e Kujdesit Personal: LABSA p\u00ebrdoret n\u00eb formulimin e produkteve t\u00eb kujdesit personal, si shampo, xhel dushi, shkum\u00eb banjosh dhe sapun\u00eb duarsh. Ndihmon p\u00ebr t\u00eb krijuar nj\u00eb shkum\u00eb t\u00eb pasur, p\u00ebr t\u00eb p\u00ebrmir\u00ebsuar aft\u00ebsit\u00eb e pastrimit dhe p\u00ebr t\u00eb p\u00ebrmir\u00ebsuar p\u00ebrvoj\u00ebn e p\u00ebrgjithshme shqisore.<\/p><p>3. Industria e tekstilit: LABSA p\u00ebrdoret n\u00eb p\u00ebrpunimin e tekstilit si nj\u00eb agjent lag\u00ebshtues, emulsifikues dhe agjent shp\u00ebrndar\u00ebs. Ndihmon p\u00ebr t\u00eb leht\u00ebsuar dep\u00ebrtimin e ngjyrave dhe kimikateve n\u00eb p\u00eblhur\u00eb, p\u00ebrmir\u00ebson nivelimin e boj\u00ebs dhe rrit stabilitetin e proceseve t\u00eb ngjyrosjes.<\/p><p>4. Industria e L\u00ebkur\u00ebs: LABSA p\u00ebrdoret n\u00eb industrin\u00eb e l\u00ebkur\u00ebs p\u00ebr aplikime p\u00ebr heqjen e yndyr\u00ebs, emulsifikimin dhe lag\u00ebshtimin. Ndihmon n\u00eb largimin e papast\u00ebrtive, leht\u00ebsimin e dep\u00ebrtimit t\u00eb agjent\u00ebve p\u00ebr rrezitje dhe p\u00ebrmir\u00ebsimin e proceseve t\u00eb ngjyrosjes dhe p\u00ebrfundimit.<\/p><p>5. Industria e naft\u00ebs dhe gazit: LABSA \u00ebsht\u00eb i pun\u00ebsuar n\u00eb industrin\u00eb e naft\u00ebs dhe gazit si nj\u00eb emulsifikues dhe agjent lag\u00ebshtues n\u00eb l\u00ebngjet e shpimit. Ndihmon n\u00eb p\u00ebrmir\u00ebsimin e shp\u00ebrndarjes s\u00eb aditiv\u00ebve, zvog\u00eblimin e tensionit nd\u00ebrfaq\u00ebsor dhe rritjen e stabilitetit t\u00eb l\u00ebngjeve.<\/p><p>6. Bujq\u00ebsia: LABSA p\u00ebrdoret n\u00eb formulimin e ndihm\u00ebsve bujq\u00ebsore dhe produkteve p\u00ebr mbrojtjen e bim\u00ebve. Ai vepron si nj\u00eb agjent lag\u00ebshtues dhe shp\u00ebrndar\u00ebs, duke p\u00ebrmir\u00ebsuar efikasitetin dhe mbulimin e pesticideve, herbicideve dhe plehrave.<\/p><p>7. Kimikatet e nd\u00ebrtimit: LABSA p\u00ebrdoret n\u00eb industrin\u00eb e nd\u00ebrtimit p\u00ebr prodhimin e shtesave dhe aditiv\u00ebve t\u00eb betonit. Ndihmon n\u00eb rritjen e punueshm\u00ebris\u00eb, vetive rrjedh\u00ebse dhe mbajtjes s\u00eb ujit t\u00eb p\u00ebrzierjeve t\u00eb betonit.<\/p><p>8. Bojrat dhe veshjet: LABSA gjen aplikim n\u00eb formulimin e bojrave, veshjeve dhe boj\u00ebrave si nj\u00eb agjent shp\u00ebrndar\u00ebs. Ndihmon n\u00eb stabilizimin e grimcave t\u00eb pigmentit<\/p><p>, p\u00ebrmir\u00ebsoni forc\u00ebn e ngjyr\u00ebs dhe p\u00ebrmir\u00ebsoni performanc\u00ebn e p\u00ebrgjithshme t\u00eb sistemeve t\u00eb veshjes.<\/p><p>9. L\u00ebngjet e p\u00ebrpunimit t\u00eb metaleve: LABSA p\u00ebrdoret n\u00eb formulimin e l\u00ebngjeve t\u00eb p\u00ebrpunimit t\u00eb metaleve, t\u00eb tilla si vajrat prer\u00ebse dhe ftoh\u00ebsit. Ai vepron si nj\u00eb emulsifikues dhe frenues i korrozionit, duke p\u00ebrmir\u00ebsuar lubricitetin, duke reduktuar f\u00ebrkimin dhe duke parandaluar ndryshkun dhe korrozionin.<\/p><p>10. Industria e letr\u00ebs dhe e tulit: LABSA \u00ebsht\u00eb e pun\u00ebsuar n\u00eb industrin\u00eb e letr\u00ebs dhe pulp\u00ebs si shkum\u00ebsues, agjent lag\u00ebshtues dhe shp\u00ebrndar\u00ebs. Ndihmon p\u00ebr t\u00eb kontrolluar shkum\u00ebn gjat\u00eb procesit t\u00eb prodhimit, p\u00ebr t\u00eb p\u00ebrmir\u00ebsuar shp\u00ebrndarjen e fibrave dhe p\u00ebr t\u00eb p\u00ebrmir\u00ebsuar vetit\u00eb e forc\u00ebs s\u00eb letr\u00ebs.<\/p><p>K\u00ebto aplikacione theksojn\u00eb p\u00ebrdorimin e larmish\u00ebm t\u00eb LABSA si nj\u00eb surfaktant thelb\u00ebsor n\u00eb industri t\u00eb ndryshme, duke kontribuar n\u00eb efektivitetin dhe performanc\u00ebn e produkteve dhe proceseve t\u00eb shumta.<\/p><\/div>\t\t\t\t\t\t\t\t<\/div>\n\t\t\t\t<\/div>\n\t\t\t\t<section class=\"elementor-section elementor-inner-section elementor-element elementor-element-9b8b6a8 elementor-section-boxed elementor-section-height-default elementor-section-height-default\" data-id=\"9b8b6a8\" data-element_type=\"section\" data-e-type=\"section\" data-settings=\"{&quot;background_background&quot;:&quot;classic&quot;}\">\n\t\t\t\t\t\t<div class=\"elementor-container elementor-column-gap-no\">\n\t\t\t\t\t<div class=\"elementor-column elementor-col-100 elementor-inner-column elementor-element elementor-element-4822bfd\" data-id=\"4822bfd\" data-element_type=\"column\" data-e-type=\"column\">\n\t\t\t<div class=\"elementor-widget-wrap elementor-element-populated\">\n\t\t\t\t\t\t<div class=\"elementor-element elementor-element-be6290d elementor-view-default elementor-widget elementor-widget-icon\" data-id=\"be6290d\" data-element_type=\"widget\" data-e-type=\"widget\" data-widget_type=\"icon.default\">\n\t\t\t\t<div class=\"elementor-widget-container\">\n\t\t\t\t\t\t\t<div class=\"elementor-icon-wrapper\">\n\t\t\t<div class=\"elementor-icon\">\n\t\t\t<i aria-hidden=\"true\" class=\"vamtamtheme- vamtam-theme-quote-start\"><\/i>\t\t\t<\/div>\n\t\t<\/div>\n\t\t\t\t\t\t<\/div>\n\t\t\t\t<\/div>\n\t\t\t\t<div class=\"elementor-element elementor-element-f490700 elementor-widget elementor-widget-text-editor\" data-id=\"f490700\" data-element_type=\"widget\" data-e-type=\"widget\" data-widget_type=\"text-editor.default\">\n\t\t\t\t<div class=\"elementor-widget-container\">\n\t\t\t\t\t\t\t\t\t<p>\"P\u00ebr \u00e7do informacion, shkruani n\u00eb WhatsApp: Gjith\u00e7ka q\u00eb ju nevojitet, n\u00eb koh\u00eb reale, n\u00eb nj\u00eb mesazh. Na kontaktoni dhe jemi gati t\u00eb ju ndihmojm\u00eb.\"<\/p>\t\t\t\t\t\t\t\t<\/div>\n\t\t\t\t<\/div>\n\t\t\t\t<div class=\"elementor-element elementor-element-eed2a54 elementor-widget-divider--view-line elementor-widget elementor-widget-divider\" data-id=\"eed2a54\" data-element_type=\"widget\" data-e-type=\"widget\" data-widget_type=\"divider.default\">\n\t\t\t\t<div class=\"elementor-widget-container\">\n\t\t\t\t\t\t\t<div class=\"elementor-divider\">\n\t\t\t<span class=\"elementor-divider-separator\">\n\t\t\t\t\t\t<\/span>\n\t\t<\/div>\n\t\t\t\t\t\t<\/div>\n\t\t\t\t<\/div>\n\t\t\t\t<div class=\"vamtam-has-theme-widget-styles elementor-element elementor-element-eabc5de elementor-widget__width-auto vamtam-has-underline-anim elementor-widget elementor-widget-button\" data-id=\"eabc5de\" data-element_type=\"widget\" data-e-type=\"widget\" data-widget_type=\"button.default\">\n\t\t\t\t<div class=\"elementor-widget-container\">\n\t\t\t\t\t\t\t\t\t<div class=\"elementor-button-wrapper\">\n\t\t\t\t\t<a class=\"elementor-button elementor-button-link elementor-size-md\" href=\"https:\/\/wa.me\/355694000260\">\n\t\t\t\t\t\t<span class=\"elementor-button-content-wrapper\">\n\t\t\t\t\t\t<span class=\"elementor-button-icon\">\n\t\t\t\t<i aria-hidden=\"true\" class=\"vamtamtheme- vamtam-theme-icon-arrow-right-top\"><\/i>\t\t\t<\/span>\n\t\t\t\t\t\t\t\t\t<span class=\"elementor-button-text\">Kontaktoni WhatsApp<\/span>\n\t\t\t\t\t<\/span>\n\t\t\t\t\t<\/a>\n\t\t\t\t<\/div>\n\t\t\t\t\t\t\t\t<\/div>\n\t\t\t\t<\/div>\n\t\t\t\t<div class=\"elementor-element elementor-element-b7cdbd6 elementor-widget__width-auto elementor-widget elementor-widget-heading\" data-id=\"b7cdbd6\" data-element_type=\"widget\" data-e-type=\"widget\" data-widget_type=\"heading.default\">\n\t\t\t\t<div class=\"elementor-widget-container\">\n\t\t\t\t\t<span class=\"elementor-heading-title elementor-size-default\">Albania Distribution Chemicals\n<\/span>\t\t\t\t<\/div>\n\t\t\t\t<\/div>\n\t\t\t\t\t<\/div>\n\t\t<\/div>\n\t\t\t\t\t<\/div>\n\t\t<\/section>\n\t\t\t\t\t<\/div>\n\t\t<\/div>\n\t\t\t\t\t<\/div>\n\t\t<\/section>\n\t\t\t\t<section class=\"elementor-section elementor-top-section elementor-element elementor-element-b3fd502 elementor-section-boxed elementor-section-height-default elementor-section-height-default\" data-id=\"b3fd502\" data-element_type=\"section\" data-e-type=\"section\">\n\t\t\t\t\t\t<div class=\"elementor-container elementor-column-gap-default\">\n\t\t\t\t\t<div class=\"elementor-column elementor-col-100 elementor-top-column elementor-element elementor-element-a879885\" data-id=\"a879885\" data-element_type=\"column\" data-e-type=\"column\">\n\t\t\t<div class=\"elementor-widget-wrap elementor-element-populated\">\n\t\t\t\t\t\t<div class=\"elementor-element elementor-element-4a3fe1c elementor-widget elementor-widget-spacer\" data-id=\"4a3fe1c\" data-element_type=\"widget\" data-e-type=\"widget\" data-widget_type=\"spacer.default\">\n\t\t\t\t<div class=\"elementor-widget-container\">\n\t\t\t\t\t\t\t<div class=\"elementor-spacer\">\n\t\t\t<div class=\"elementor-spacer-inner\"><\/div>\n\t\t<\/div>\n\t\t\t\t\t\t<\/div>\n\t\t\t\t<\/div>\n\t\t\t\t<div class=\"vamtam-has-theme-widget-styles elementor-element elementor-element-feed2fe elementor-widget elementor-widget-image\" data-id=\"feed2fe\" data-element_type=\"widget\" data-e-type=\"widget\" data-widget_type=\"image.default\">\n\t\t\t\t<div class=\"elementor-widget-container\">\n\t\t\t\t\t\t\t\t\t<div class=\"elementor-image\">\n\t\t\t\t\t\t\t\t\t\t\t\t\t\t\t\t\t\t\t\t\t<img decoding=\"async\" width=\"8000\" height=\"1355\" src=\"https:\/\/adchem.al\/wp-content\/uploads\/2023\/06\/baner-albania-distribution-chemicals-01.png\" class=\"attachment-full size-full wp-image-987764\" alt=\"\" srcset=\"https:\/\/adchem.al\/wp-content\/uploads\/2023\/06\/baner-albania-distribution-chemicals-01.png 8000w, https:\/\/adchem.al\/wp-content\/uploads\/2023\/06\/baner-albania-distribution-chemicals-01-300x51.png 300w, https:\/\/adchem.al\/wp-content\/uploads\/2023\/06\/baner-albania-distribution-chemicals-01-1024x173.png 1024w, https:\/\/adchem.al\/wp-content\/uploads\/2023\/06\/baner-albania-distribution-chemicals-01-768x130.png 768w, https:\/\/adchem.al\/wp-content\/uploads\/2023\/06\/baner-albania-distribution-chemicals-01-1536x260.png 1536w, https:\/\/adchem.al\/wp-content\/uploads\/2023\/06\/baner-albania-distribution-chemicals-01-2048x347.png 2048w\" sizes=\"(max-width: 8000px) 100vw, 8000px\" \/>\t\t\t\t\t\t\t\t\t\t\t\t\t\t\t\t\t\t\t\t\t\t\t\t<\/div>\n\t\t\t\t\t\t\t\t<\/div>\n\t\t\t\t<\/div>\n\t\t\t\t\t<\/div>\n\t\t<\/div>\n\t\t\t\t\t<\/div>\n\t\t<\/section>\n\t\t\t\t<\/div>","protected":false},"excerpt":{"rendered":"<p>Produkti: Acidi Linear Alkil Benzen Sulfonik (LABSA)<\/p>\n<p>Formula Kimike: C18H30O3S<\/p>\n<p>Acidi Linear Alkil Benzen Sulfonik (LABSA) \u00ebsht\u00eb nj\u00eb p\u00ebrb\u00ebrje organike e p\u00ebrdorur kryesisht si surfaktant n\u00eb industri t\u00eb ndryshme. K\u00ebtu jan\u00eb pes\u00eb pika t\u00eb r\u00ebnd\u00ebsishme rreth LABSA:<\/p>","protected":false},"author":2,"featured_media":988471,"parent":988391,"menu_order":0,"comment_status":"closed","ping_status":"closed","template":"","meta":{"inline_featured_image":false,"footnotes":""},"class_list":["post-988470","page","type-page","status-publish","has-post-thumbnail","hentry"],"yoast_head":"<!-- This site is optimized with the Yoast SEO plugin v27.4 - https:\/\/yoast.com\/product\/yoast-seo-wordpress\/ -->\n<title>Linear Alkyl Benzene Sulfonic Acid | Albania Distribution Chemicals<\/title>\n<meta name=\"robots\" content=\"index, follow, max-snippet:-1, max-image-preview:large, max-video-preview:-1\" \/>\n<link rel=\"canonical\" href=\"https:\/\/adchem.al\/al\/raw-materials-production-detergents-cosmetics\/linear-alkyl-benzene-sulfonic-acid\/\" \/>\n<meta property=\"og:locale\" content=\"sq_AL\" \/>\n<meta property=\"og:type\" content=\"article\" \/>\n<meta property=\"og:title\" content=\"Linear Alkyl Benzene Sulfonic Acid | Albania Distribution Chemicals\" \/>\n<meta property=\"og:description\" content=\"Product: Linear Alkyl Benzene Sulfonic Acid (LABSA) Chemical Formula: C18H30O3S Linear Alkyl Benzene Sulfonic Acid (LABSA) is an organic compound used primarily as a surfactant in various industries. Here are five important points about LABSA:\" \/>\n<meta property=\"og:url\" content=\"https:\/\/adchem.al\/al\/raw-materials-production-detergents-cosmetics\/linear-alkyl-benzene-sulfonic-acid\/\" \/>\n<meta property=\"og:site_name\" content=\"Albania Distribution Chemicals\" \/>\n<meta property=\"article:publisher\" content=\"https:\/\/www.facebook.com\/albaniadistributionchem\/?ref=py_c\" \/>\n<meta property=\"article:modified_time\" content=\"2023-06-27T22:06:40+00:00\" \/>\n<meta property=\"og:image\" content=\"https:\/\/adchem.al\/wp-content\/uploads\/2023\/06\/adchem-wallpaper-home.webp-2.webp\" \/>\n\t<meta property=\"og:image:width\" content=\"2560\" \/>\n\t<meta property=\"og:image:height\" content=\"1244\" \/>\n\t<meta property=\"og:image:type\" content=\"image\/webp\" \/>\n<meta name=\"twitter:card\" content=\"summary_large_image\" \/>\n<script type=\"application\/ld+json\" class=\"yoast-schema-graph\">{\"@context\":\"https:\\\/\\\/schema.org\",\"@graph\":[{\"@type\":\"WebPage\",\"@id\":\"https:\\\/\\\/adchem.al\\\/raw-materials-production-detergents-cosmetics\\\/linear-alkyl-benzene-sulfonic-acid\\\/\",\"url\":\"https:\\\/\\\/adchem.al\\\/raw-materials-production-detergents-cosmetics\\\/linear-alkyl-benzene-sulfonic-acid\\\/\",\"name\":\"Linear Alkyl Benzene Sulfonic Acid | Albania Distribution Chemicals\",\"isPartOf\":{\"@id\":\"https:\\\/\\\/adchem.al\\\/#website\"},\"primaryImageOfPage\":{\"@id\":\"https:\\\/\\\/adchem.al\\\/raw-materials-production-detergents-cosmetics\\\/linear-alkyl-benzene-sulfonic-acid\\\/#primaryimage\"},\"image\":{\"@id\":\"https:\\\/\\\/adchem.al\\\/raw-materials-production-detergents-cosmetics\\\/linear-alkyl-benzene-sulfonic-acid\\\/#primaryimage\"},\"thumbnailUrl\":\"https:\\\/\\\/adchem.al\\\/wp-content\\\/uploads\\\/2023\\\/06\\\/Linear_alkyl_benzene_2.svg\",\"datePublished\":\"2023-06-25T12:11:27+00:00\",\"dateModified\":\"2023-06-27T22:06:40+00:00\",\"breadcrumb\":{\"@id\":\"https:\\\/\\\/adchem.al\\\/raw-materials-production-detergents-cosmetics\\\/linear-alkyl-benzene-sulfonic-acid\\\/#breadcrumb\"},\"inLanguage\":\"sq\",\"potentialAction\":[{\"@type\":\"ReadAction\",\"target\":[\"https:\\\/\\\/adchem.al\\\/raw-materials-production-detergents-cosmetics\\\/linear-alkyl-benzene-sulfonic-acid\\\/\"]}]},{\"@type\":\"ImageObject\",\"inLanguage\":\"sq\",\"@id\":\"https:\\\/\\\/adchem.al\\\/raw-materials-production-detergents-cosmetics\\\/linear-alkyl-benzene-sulfonic-acid\\\/#primaryimage\",\"url\":\"https:\\\/\\\/adchem.al\\\/wp-content\\\/uploads\\\/2023\\\/06\\\/Linear_alkyl_benzene_2.svg\",\"contentUrl\":\"https:\\\/\\\/adchem.al\\\/wp-content\\\/uploads\\\/2023\\\/06\\\/Linear_alkyl_benzene_2.svg\",\"width\":460,\"height\":330},{\"@type\":\"BreadcrumbList\",\"@id\":\"https:\\\/\\\/adchem.al\\\/raw-materials-production-detergents-cosmetics\\\/linear-alkyl-benzene-sulfonic-acid\\\/#breadcrumb\",\"itemListElement\":[{\"@type\":\"ListItem\",\"position\":1,\"name\":\"Home\",\"item\":\"https:\\\/\\\/adchem.al\\\/\"},{\"@type\":\"ListItem\",\"position\":2,\"name\":\"Raw Materials Production Detergents &#038; Cosmetics\",\"item\":\"https:\\\/\\\/adchem.al\\\/raw-materials-production-detergents-cosmetics\\\/\"},{\"@type\":\"ListItem\",\"position\":3,\"name\":\"Linear Alkyl Benzene Sulfonic Acid\"}]},{\"@type\":\"WebSite\",\"@id\":\"https:\\\/\\\/adchem.al\\\/#website\",\"url\":\"https:\\\/\\\/adchem.al\\\/\",\"name\":\"Albania Distribution Chemicals\",\"description\":\"&quot;Excellence in Chemical Distribution&quot;\",\"publisher\":{\"@id\":\"https:\\\/\\\/adchem.al\\\/#organization\"},\"alternateName\":\"ADC\",\"potentialAction\":[{\"@type\":\"SearchAction\",\"target\":{\"@type\":\"EntryPoint\",\"urlTemplate\":\"https:\\\/\\\/adchem.al\\\/?s={search_term_string}\"},\"query-input\":{\"@type\":\"PropertyValueSpecification\",\"valueRequired\":true,\"valueName\":\"search_term_string\"}}],\"inLanguage\":\"sq\"},{\"@type\":\"Organization\",\"@id\":\"https:\\\/\\\/adchem.al\\\/#organization\",\"name\":\"Albania Distribution Chemicals\",\"alternateName\":\"ADC\",\"url\":\"https:\\\/\\\/adchem.al\\\/\",\"logo\":{\"@type\":\"ImageObject\",\"inLanguage\":\"sq\",\"@id\":\"https:\\\/\\\/adchem.al\\\/#\\\/schema\\\/logo\\\/image\\\/\",\"url\":\"https:\\\/\\\/adchem.al\\\/wp-content\\\/uploads\\\/2022\\\/09\\\/Albania-Distribution-Chemicals-Logo-01.png\",\"contentUrl\":\"https:\\\/\\\/adchem.al\\\/wp-content\\\/uploads\\\/2022\\\/09\\\/Albania-Distribution-Chemicals-Logo-01.png\",\"width\":308,\"height\":104,\"caption\":\"Albania Distribution Chemicals\"},\"image\":{\"@id\":\"https:\\\/\\\/adchem.al\\\/#\\\/schema\\\/logo\\\/image\\\/\"},\"sameAs\":[\"https:\\\/\\\/www.facebook.com\\\/albaniadistributionchem\\\/?ref=py_c\",\"https:\\\/\\\/www.instagram.com\\\/albania_distribution_chemicals\\\/\"]}]}<\/script>\n<!-- \/ Yoast SEO plugin. -->","yoast_head_json":{"title":"Linear Alkyl Benzene Sulfonic Acid | Albania Distribution Chemicals","robots":{"index":"index","follow":"follow","max-snippet":"max-snippet:-1","max-image-preview":"max-image-preview:large","max-video-preview":"max-video-preview:-1"},"canonical":"https:\/\/adchem.al\/al\/raw-materials-production-detergents-cosmetics\/linear-alkyl-benzene-sulfonic-acid\/","og_locale":"sq_AL","og_type":"article","og_title":"Linear Alkyl Benzene Sulfonic Acid | Albania Distribution Chemicals","og_description":"Product: Linear Alkyl Benzene Sulfonic Acid (LABSA) Chemical Formula: C18H30O3S Linear Alkyl Benzene Sulfonic Acid (LABSA) is an organic compound used primarily as a surfactant in various industries. Here are five important points about LABSA:","og_url":"https:\/\/adchem.al\/al\/raw-materials-production-detergents-cosmetics\/linear-alkyl-benzene-sulfonic-acid\/","og_site_name":"Albania Distribution Chemicals","article_publisher":"https:\/\/www.facebook.com\/albaniadistributionchem\/?ref=py_c","article_modified_time":"2023-06-27T22:06:40+00:00","og_image":[{"width":2560,"height":1244,"url":"https:\/\/adchem.al\/wp-content\/uploads\/2023\/06\/adchem-wallpaper-home.webp-2.webp","type":"image\/webp"}],"twitter_card":"summary_large_image","schema":{"@context":"https:\/\/schema.org","@graph":[{"@type":"WebPage","@id":"https:\/\/adchem.al\/raw-materials-production-detergents-cosmetics\/linear-alkyl-benzene-sulfonic-acid\/","url":"https:\/\/adchem.al\/raw-materials-production-detergents-cosmetics\/linear-alkyl-benzene-sulfonic-acid\/","name":"Linear Alkyl Benzene Sulfonic Acid | Albania Distribution Chemicals","isPartOf":{"@id":"https:\/\/adchem.al\/#website"},"primaryImageOfPage":{"@id":"https:\/\/adchem.al\/raw-materials-production-detergents-cosmetics\/linear-alkyl-benzene-sulfonic-acid\/#primaryimage"},"image":{"@id":"https:\/\/adchem.al\/raw-materials-production-detergents-cosmetics\/linear-alkyl-benzene-sulfonic-acid\/#primaryimage"},"thumbnailUrl":"https:\/\/adchem.al\/wp-content\/uploads\/2023\/06\/Linear_alkyl_benzene_2.svg","datePublished":"2023-06-25T12:11:27+00:00","dateModified":"2023-06-27T22:06:40+00:00","breadcrumb":{"@id":"https:\/\/adchem.al\/raw-materials-production-detergents-cosmetics\/linear-alkyl-benzene-sulfonic-acid\/#breadcrumb"},"inLanguage":"sq","potentialAction":[{"@type":"ReadAction","target":["https:\/\/adchem.al\/raw-materials-production-detergents-cosmetics\/linear-alkyl-benzene-sulfonic-acid\/"]}]},{"@type":"ImageObject","inLanguage":"sq","@id":"https:\/\/adchem.al\/raw-materials-production-detergents-cosmetics\/linear-alkyl-benzene-sulfonic-acid\/#primaryimage","url":"https:\/\/adchem.al\/wp-content\/uploads\/2023\/06\/Linear_alkyl_benzene_2.svg","contentUrl":"https:\/\/adchem.al\/wp-content\/uploads\/2023\/06\/Linear_alkyl_benzene_2.svg","width":460,"height":330},{"@type":"BreadcrumbList","@id":"https:\/\/adchem.al\/raw-materials-production-detergents-cosmetics\/linear-alkyl-benzene-sulfonic-acid\/#breadcrumb","itemListElement":[{"@type":"ListItem","position":1,"name":"Home","item":"https:\/\/adchem.al\/"},{"@type":"ListItem","position":2,"name":"Raw Materials Production Detergents &#038; Cosmetics","item":"https:\/\/adchem.al\/raw-materials-production-detergents-cosmetics\/"},{"@type":"ListItem","position":3,"name":"Linear Alkyl Benzene Sulfonic Acid"}]},{"@type":"WebSite","@id":"https:\/\/adchem.al\/#website","url":"https:\/\/adchem.al\/","name":"Albania Distribution Chemicals","description":"&quot;Excellence in Chemical Distribution&quot;","publisher":{"@id":"https:\/\/adchem.al\/#organization"},"alternateName":"ADC","potentialAction":[{"@type":"SearchAction","target":{"@type":"EntryPoint","urlTemplate":"https:\/\/adchem.al\/?s={search_term_string}"},"query-input":{"@type":"PropertyValueSpecification","valueRequired":true,"valueName":"search_term_string"}}],"inLanguage":"sq"},{"@type":"Organization","@id":"https:\/\/adchem.al\/#organization","name":"Albania Distribution Chemicals","alternateName":"ADC","url":"https:\/\/adchem.al\/","logo":{"@type":"ImageObject","inLanguage":"sq","@id":"https:\/\/adchem.al\/#\/schema\/logo\/image\/","url":"https:\/\/adchem.al\/wp-content\/uploads\/2022\/09\/Albania-Distribution-Chemicals-Logo-01.png","contentUrl":"https:\/\/adchem.al\/wp-content\/uploads\/2022\/09\/Albania-Distribution-Chemicals-Logo-01.png","width":308,"height":104,"caption":"Albania Distribution Chemicals"},"image":{"@id":"https:\/\/adchem.al\/#\/schema\/logo\/image\/"},"sameAs":["https:\/\/www.facebook.com\/albaniadistributionchem\/?ref=py_c","https:\/\/www.instagram.com\/albania_distribution_chemicals\/"]}]}},"_links":{"self":[{"href":"https:\/\/adchem.al\/al\/wp-json\/wp\/v2\/pages\/988470","targetHints":{"allow":["GET"]}}],"collection":[{"href":"https:\/\/adchem.al\/al\/wp-json\/wp\/v2\/pages"}],"about":[{"href":"https:\/\/adchem.al\/al\/wp-json\/wp\/v2\/types\/page"}],"author":[{"embeddable":true,"href":"https:\/\/adchem.al\/al\/wp-json\/wp\/v2\/users\/2"}],"replies":[{"embeddable":true,"href":"https:\/\/adchem.al\/al\/wp-json\/wp\/v2\/comments?post=988470"}],"version-history":[{"count":10,"href":"https:\/\/adchem.al\/al\/wp-json\/wp\/v2\/pages\/988470\/revisions"}],"predecessor-version":[{"id":989277,"href":"https:\/\/adchem.al\/al\/wp-json\/wp\/v2\/pages\/988470\/revisions\/989277"}],"up":[{"embeddable":true,"href":"https:\/\/adchem.al\/al\/wp-json\/wp\/v2\/pages\/988391"}],"wp:featuredmedia":[{"embeddable":true,"href":"https:\/\/adchem.al\/al\/wp-json\/wp\/v2\/media\/988471"}],"wp:attachment":[{"href":"https:\/\/adchem.al\/al\/wp-json\/wp\/v2\/media?parent=988470"}],"curies":[{"name":"wp","href":"https:\/\/api.w.org\/{rel}","templated":true}]}}