{"id":988463,"date":"2023-06-25T12:07:12","date_gmt":"2023-06-25T12:07:12","guid":{"rendered":"https:\/\/adchem.al\/?page_id=988463"},"modified":"2023-06-27T22:04:38","modified_gmt":"2023-06-27T22:04:38","slug":"isopropyl-alcohol","status":"publish","type":"page","link":"https:\/\/adchem.al\/al\/raw-materials-production-detergents-cosmetics\/isopropyl-alcohol\/","title":{"rendered":"Alkool Izopropil"},"content":{"rendered":"<div data-elementor-type=\"wp-page\" data-elementor-id=\"988463\" class=\"elementor elementor-988463\" data-elementor-post-type=\"page\">\n\t\t\t\t\t\t<section class=\"elementor-section elementor-top-section elementor-element elementor-element-37858afc elementor-section-full_width elementor-section-height-default elementor-section-height-default\" data-id=\"37858afc\" data-element_type=\"section\">\n\t\t\t\t\t\t<div class=\"elementor-container elementor-column-gap-no\">\n\t\t\t\t\t<div class=\"elementor-column elementor-col-100 elementor-top-column elementor-element elementor-element-60bb79bd\" data-id=\"60bb79bd\" data-element_type=\"column\">\n\t\t\t<div class=\"elementor-widget-wrap elementor-element-populated\">\n\t\t\t\t\t\t<div class=\"vamtam-has-theme-widget-styles elementor-element elementor-element-86d4d6c elementor-widget elementor-widget-image\" data-id=\"86d4d6c\" data-element_type=\"widget\" data-widget_type=\"image.default\">\n\t\t\t\t<div class=\"elementor-widget-container\">\n\t\t\t\t\t\t\t\t\t<div class=\"elementor-image\">\n\t\t\t\t\t\t\t\t\t\t\t\t\t\t\t\t<figure class=\"wp-caption\">\n\t\t\t\t\t\t\t\t\t\t\t\t\t\t\t\t<img decoding=\"async\" width=\"146\" height=\"91\" src=\"https:\/\/adchem.al\/wp-content\/uploads\/2023\/06\/2-Propanol2.svg\" class=\"attachment-full size-full wp-image-988464\" alt=\"\" \/>\t\t\t\t\t\t\t\t\t\t\t\t\t\t\t\t\t<figcaption class=\"widget-image-caption wp-caption-text\">Albania Distribution Chemicals<\/figcaption>\n\t\t\t\t\t\t\t\t\t\t\t\t\t\t\t\t<\/figure>\n\t\t\t\t\t\t\t\t\t\t\t\t\t\t<\/div>\n\t\t\t\t\t\t\t\t<\/div>\n\t\t\t\t<\/div>\n\t\t\t\t<div class=\"elementor-element elementor-element-61992a9a elementor-widget elementor-widget-text-editor\" data-id=\"61992a9a\" data-element_type=\"widget\" data-widget_type=\"text-editor.default\">\n\t\t\t\t<div class=\"elementor-widget-container\">\n\t\t\t\t\t\t\t\t\t<div class=\"woocommerce-product-details__short-description\"><p><strong>Produkti: Alkooli izopropil (IPA)<\/strong><\/p><p><strong>Formula Kimike: C3H8O<\/strong><\/p><p>Alkooli izopropil, i njohur gjithashtu si IPA ose alkool f\u00ebrkimi, \u00ebsht\u00eb nj\u00eb l\u00ebng i past\u00ebr, pa ngjyr\u00eb me er\u00eb t\u00eb fort\u00eb. \u00cbsht\u00eb nj\u00eb p\u00ebrb\u00ebrje kimike e p\u00ebrdorur gjer\u00ebsisht me aplikime t\u00eb ndryshme n\u00eb industri t\u00eb ndryshme. K\u00ebtu jan\u00eb pes\u00eb pika t\u00eb r\u00ebnd\u00ebsishme n\u00eb lidhje me alkoolin izopropil:<\/p><p>1. P\u00ebrb\u00ebrja kimike: Alkooli izopropil p\u00ebrb\u00ebhet nga tre atome karboni, tet\u00eb atome hidrogjeni dhe nj\u00eb atom oksigjeni. Formula e tij kimike \u00ebsht\u00eb C3H8O. \u00cbsht\u00eb nj\u00eb izomer i propanolit dhe ndan veti t\u00eb ngjashme me alkoolet e tjera.<\/p><p>2. Vetit\u00eb fizike: Alkooli izopropil \u00ebsht\u00eb nj\u00eb l\u00ebng i paq\u00ebndruesh\u00ebm me nj\u00eb pik\u00eb vlimi prej 82,6\u00b0C (180,7\u00b0F) dhe nj\u00eb pik\u00eb shkrirjeje prej -89,5\u00b0C (-129,1\u00b0F). \u00cbsht\u00eb shum\u00eb i tretsh\u00ebm n\u00eb uj\u00eb dhe n\u00eb shumic\u00ebn e tret\u00ebsve organik\u00eb, duke e b\u00ebr\u00eb at\u00eb nj\u00eb tret\u00ebs t\u00eb gjithansh\u00ebm n\u00eb aplikime t\u00eb ndryshme.<\/p><p>3. Prodhimi: Alkooli izopropil prodhohet n\u00ebp\u00ebrmjet hidratimit t\u00eb propenit (propilenit) ose nga hidratimi i drejtp\u00ebrdrejt\u00eb i oksidit t\u00eb propilenit. Procesi p\u00ebrfshin reagimin e propenit me uj\u00eb n\u00eb prani t\u00eb nj\u00eb katalizatori p\u00ebr t\u00eb formuar alkool izopropil.<\/p><p>4. P\u00ebrdorimet e zakonshme:<br \/>\u2013 Dezinfektues: Alkooli izopropil p\u00ebrdoret gjer\u00ebsisht si dezinfektues p\u00ebr t\u00eb vrar\u00eb bakteret, viruset dhe k\u00ebrpudhat n\u00eb sip\u00ebrfaqe. P\u00ebrdoret zakonisht n\u00eb spitale, laborator\u00eb dhe sht\u00ebpi p\u00ebr pastrimin e plag\u00ebve, dezinfektimin e instrumenteve mjek\u00ebsore dhe dezinfektimin e sip\u00ebrfaqeve.<\/p><p>\u2013 Agjent pastrues: Alkooli izopropil \u00ebsht\u00eb nj\u00eb agjent pastrimi efektiv p\u00ebr shkak t\u00eb aft\u00ebsis\u00eb s\u00eb tij p\u00ebr t\u00eb tretur vajrat, yndyrat dhe papast\u00ebrtit\u00eb. P\u00ebrdoret p\u00ebr pastrimin e komponent\u00ebve elektronik\u00eb, heqjen e njollave t\u00eb boj\u00ebs dhe si pastrues p\u00ebr p\u00ebrdorim t\u00eb p\u00ebrgjithsh\u00ebm n\u00eb industri dhe familje.<\/p><p>\u2013 Antiseptik: Alkooli izopropil p\u00ebrdoret si nj\u00eb antiseptik p\u00ebr prerje t\u00eb vogla, g\u00ebrvishtje dhe djegie. Ndihmon n\u00eb pastrimin e zon\u00ebs s\u00eb prekur dhe parandalimin e infeksionit.<\/p><p>\u2013 Tret\u00ebs: Alkooli izopropil \u00ebsht\u00eb nj\u00eb tret\u00ebs i gjithansh\u00ebm dhe p\u00ebrdoret zakonisht n\u00eb industrin\u00eb farmaceutike, kozmetike dhe kimike. P\u00ebrdoret p\u00ebr tretjen dhe nxjerrjen e substancave t\u00eb ndryshme, duke p\u00ebrfshir\u00eb barnat farmaceutike, vajrat, rr\u00ebshirat dhe pigmentet.<\/p><p>\u2013 Agjent dehidratues: Alkooli izopropil ka veti dehidratuese, t\u00eb cilat e b\u00ebjn\u00eb t\u00eb dobish\u00ebm p\u00ebr tharjen dhe pastrimin e pajisjeve elektronike t\u00eb ndjeshme dhe komponent\u00ebve elektrik\u00eb.<\/p><p>P\u00ebrdorimi i alkoolit izopropil p\u00ebr sektorin specifik (10 pik\u00eb):<\/p><p>1. Industria mjek\u00ebsore dhe e kujdesit sh\u00ebndet\u00ebsor: Alkooli izopropil p\u00ebrdoret gjer\u00ebsisht n\u00eb mjediset mjek\u00ebsore dhe t\u00eb kujdesit sh\u00ebndet\u00ebsor. P\u00ebrdoret p\u00ebr pastrimin dhe dezinfektimin e pajisjeve mjek\u00ebsore, sterilizimin e sip\u00ebrfaqeve dhe si antiseptik i l\u00ebkur\u00ebs p\u00ebrpara injeksioneve ose operacioneve.<\/p><p>2. Farmaceutik\u00eb: Alkooli izopropil p\u00ebrdoret n\u00eb industrin\u00eb farmaceutike p\u00ebr q\u00ebllime t\u00eb ndryshme, duke p\u00ebrfshir\u00eb si tret\u00ebs n\u00eb formulimet e barnave, si agjent pastrimi p\u00ebr pajisjet dhe objektet e prodhimit dhe si dezinfektues n\u00eb dhomat e pastra dhe laborator\u00ebt.<\/p><p>3. Industria Elektronike: Alkooli izopropil p\u00ebrdoret zakonisht n\u00eb industrin\u00eb e elektronik\u00ebs p\u00ebr pastrimin dhe heqjen e yndyr\u00ebs s\u00eb komponent\u00ebve elektronik\u00eb, pllakave t\u00eb qarkut t\u00eb printuar (PCB) dhe lidh\u00ebsve. Ndihmon p\u00ebr t\u00eb hequr mbetjet e fluksit, papast\u00ebrtit\u00eb dhe vajrat pa shkaktuar d\u00ebme n\u00eb pajisjet e ndjeshme elektronike.<\/p><p>4. Kozmetik\u00eb dhe produkte t\u00eb kujdesit personal: Alkooli izopropil gjendet n\u00eb nj\u00eb gam\u00eb t\u00eb gjer\u00eb t\u00eb kozmetik\u00ebs dhe produkteve t\u00eb kujdesit personal, t\u00eb tilla si locione, toner dhe pastrues. Vepron si nj\u00eb astringent, duke hequr vajin e tep\u00ebrt dhe papast\u00ebrtit\u00eb nga l\u00ebkura.<\/p><p>5. Industria e automobilave: Alkooli izopropil p\u00ebrdoret n\u00eb sektorin e automobilave p\u00ebr aplikime t\u00eb ndryshme. P\u00ebrdoret p\u00ebr pastrimin dhe heqjen e yndyr\u00ebs s\u00eb pjes\u00ebve t\u00eb makinave, injektor\u00ebve t\u00eb karburantit dhe karburator\u00ebve. P\u00ebrdoret gjithashtu si tret\u00ebs p\u00ebr boj\u00ebrat e automobilave, ngjit\u00ebsit dhe ngjit\u00ebsit.<\/p><p>\u00a0<\/p><p>6. Industria e printimit: Alkooli izopropil p\u00ebrdoret n\u00eb industrin\u00eb e printimit si nj\u00eb tret\u00ebs pastrues p\u00ebr heqjen e boj\u00ebs, papast\u00ebrtive dhe mbetjeve nga makinat e shtypjes, rrotullat dhe pajisjet e tjera t\u00eb printimit.<\/p><p>7. Laboratori dhe K\u00ebrkimi: Alkooli izopropil \u00ebsht\u00eb nj\u00eb tret\u00ebs thelb\u00ebsor n\u00eb laborator\u00eb p\u00ebr q\u00ebllime t\u00eb ndryshme analitike dhe k\u00ebrkimore. P\u00ebrdoret p\u00ebr pastrimin e en\u00ebve t\u00eb qelqit, si tret\u00ebs p\u00ebr reaksionet kimike dhe p\u00ebr nxjerrjen e ADN-s\u00eb.<\/p><p>8. Industria e hap\u00ebsir\u00ebs ajrore: Alkooli izopropil p\u00ebrdoret n\u00eb industrin\u00eb e hap\u00ebsir\u00ebs ajrore p\u00ebr pastrimin dhe heqjen e yndyr\u00ebs s\u00eb komponent\u00ebve kritik\u00eb, si motor\u00ebt, turbinat dhe pajisjet avionike. Ndihmon p\u00ebr t\u00eb siguruar besueshm\u00ebrin\u00eb dhe performanc\u00ebn e sistemeve t\u00eb hap\u00ebsir\u00ebs ajrore.<\/p><p>9. Sh\u00ebrbimet e depove dhe pastrimit: Alkooli izopropil p\u00ebrdoret zakonisht nga sh\u00ebrbimet e dezinfektimit dhe pastrimit p\u00ebr dezinfektimin e sip\u00ebrfaqeve, heqjen e njollave dhe pastrimin e xhamit dhe pasqyrave. \u00cbsht\u00eb efektiv n\u00eb eliminimin e baktereve dhe viruseve n\u00eb mjedise t\u00eb ndryshme, si zyra, shkolla dhe nd\u00ebrtesa tregtare.<\/p><p>10. Industria ushqimore: Alkooli izopropil p\u00ebrdoret her\u00eb pas here n\u00eb industrin\u00eb ushqimore si tret\u00ebs p\u00ebr nxjerrjen e shijeve dhe aromave nga p\u00ebrb\u00ebr\u00ebsit natyral\u00eb. Megjithat\u00eb, p\u00ebrdorimi i tij n\u00eb produktet ushqimore \u00ebsht\u00eb i rregulluar rrept\u00ebsisht dhe nuk \u00ebsht\u00eb i destinuar p\u00ebr konsum t\u00eb drejtp\u00ebrdrejt\u00eb.<\/p><p>K\u00ebto aplikacione demonstrojn\u00eb p\u00ebrdorimin e gjer\u00eb t\u00eb alkoolit izopropil n\u00eb sektor\u00eb t\u00eb ndrysh\u00ebm, duke treguar shkatht\u00ebsin\u00eb e tij si dezinfektues, agjent pastrimi, tret\u00ebs dhe antiseptik.<\/p><\/div>\t\t\t\t\t\t\t\t<\/div>\n\t\t\t\t<\/div>\n\t\t\t\t<section class=\"elementor-section elementor-inner-section elementor-element elementor-element-3b2f513 elementor-section-boxed elementor-section-height-default elementor-section-height-default\" data-id=\"3b2f513\" data-element_type=\"section\" data-settings=\"{&quot;background_background&quot;:&quot;classic&quot;}\">\n\t\t\t\t\t\t<div class=\"elementor-container elementor-column-gap-no\">\n\t\t\t\t\t<div class=\"elementor-column elementor-col-100 elementor-inner-column elementor-element elementor-element-94fce33\" data-id=\"94fce33\" data-element_type=\"column\">\n\t\t\t<div class=\"elementor-widget-wrap elementor-element-populated\">\n\t\t\t\t\t\t<div class=\"elementor-element elementor-element-bd98f22 elementor-view-default elementor-widget elementor-widget-icon\" data-id=\"bd98f22\" data-element_type=\"widget\" data-widget_type=\"icon.default\">\n\t\t\t\t<div class=\"elementor-widget-container\">\n\t\t\t\t\t\t\t<div class=\"elementor-icon-wrapper\">\n\t\t\t<div class=\"elementor-icon\">\n\t\t\t<i aria-hidden=\"true\" class=\"vamtamtheme- vamtam-theme-quote-start\"><\/i>\t\t\t<\/div>\n\t\t<\/div>\n\t\t\t\t\t\t<\/div>\n\t\t\t\t<\/div>\n\t\t\t\t<div class=\"elementor-element elementor-element-bfd8112 elementor-widget elementor-widget-text-editor\" data-id=\"bfd8112\" data-element_type=\"widget\" data-widget_type=\"text-editor.default\">\n\t\t\t\t<div class=\"elementor-widget-container\">\n\t\t\t\t\t\t\t\t\t<p>\"P\u00ebr \u00e7do informacion, shkruani n\u00eb WhatsApp: Gjith\u00e7ka q\u00eb ju nevojitet, n\u00eb koh\u00eb reale, n\u00eb nj\u00eb mesazh. Na kontaktoni dhe jemi gati t\u00eb ju ndihmojm\u00eb.\"<\/p>\t\t\t\t\t\t\t\t<\/div>\n\t\t\t\t<\/div>\n\t\t\t\t<div class=\"elementor-element elementor-element-7e9fe2f elementor-widget-divider--view-line elementor-widget elementor-widget-divider\" data-id=\"7e9fe2f\" data-element_type=\"widget\" data-widget_type=\"divider.default\">\n\t\t\t\t<div class=\"elementor-widget-container\">\n\t\t\t\t\t\t\t<div class=\"elementor-divider\">\n\t\t\t<span class=\"elementor-divider-separator\">\n\t\t\t\t\t\t<\/span>\n\t\t<\/div>\n\t\t\t\t\t\t<\/div>\n\t\t\t\t<\/div>\n\t\t\t\t<div class=\"vamtam-has-theme-widget-styles elementor-element elementor-element-6768a14 elementor-widget__width-auto vamtam-has-underline-anim elementor-widget elementor-widget-button\" data-id=\"6768a14\" data-element_type=\"widget\" data-widget_type=\"button.default\">\n\t\t\t\t<div class=\"elementor-widget-container\">\n\t\t\t\t\t\t\t\t\t<div class=\"elementor-button-wrapper\">\n\t\t\t\t\t<a class=\"elementor-button elementor-button-link elementor-size-md\" href=\"https:\/\/wa.me\/355694000260\">\n\t\t\t\t\t\t<span class=\"elementor-button-content-wrapper\">\n\t\t\t\t\t\t<span class=\"elementor-button-icon\">\n\t\t\t\t<i aria-hidden=\"true\" class=\"vamtamtheme- vamtam-theme-icon-arrow-right-top\"><\/i>\t\t\t<\/span>\n\t\t\t\t\t\t\t\t\t<span class=\"elementor-button-text\">Kontaktoni WhatsApp<\/span>\n\t\t\t\t\t<\/span>\n\t\t\t\t\t<\/a>\n\t\t\t\t<\/div>\n\t\t\t\t\t\t\t\t<\/div>\n\t\t\t\t<\/div>\n\t\t\t\t<div class=\"elementor-element elementor-element-38d03c4 elementor-widget__width-auto elementor-widget elementor-widget-heading\" data-id=\"38d03c4\" data-element_type=\"widget\" data-widget_type=\"heading.default\">\n\t\t\t\t<div class=\"elementor-widget-container\">\n\t\t\t\t\t<span class=\"elementor-heading-title elementor-size-default\">Albania Distribution Chemicals\n<\/span>\t\t\t\t<\/div>\n\t\t\t\t<\/div>\n\t\t\t\t\t<\/div>\n\t\t<\/div>\n\t\t\t\t\t<\/div>\n\t\t<\/section>\n\t\t\t\t\t<\/div>\n\t\t<\/div>\n\t\t\t\t\t<\/div>\n\t\t<\/section>\n\t\t\t\t<section class=\"elementor-section elementor-top-section elementor-element elementor-element-b3fd502 elementor-section-boxed elementor-section-height-default elementor-section-height-default\" data-id=\"b3fd502\" data-element_type=\"section\">\n\t\t\t\t\t\t<div class=\"elementor-container elementor-column-gap-default\">\n\t\t\t\t\t<div class=\"elementor-column elementor-col-100 elementor-top-column elementor-element elementor-element-a879885\" data-id=\"a879885\" data-element_type=\"column\">\n\t\t\t<div class=\"elementor-widget-wrap elementor-element-populated\">\n\t\t\t\t\t\t<div class=\"elementor-element elementor-element-4a3fe1c elementor-widget elementor-widget-spacer\" data-id=\"4a3fe1c\" data-element_type=\"widget\" data-widget_type=\"spacer.default\">\n\t\t\t\t<div class=\"elementor-widget-container\">\n\t\t\t\t\t\t\t<div class=\"elementor-spacer\">\n\t\t\t<div class=\"elementor-spacer-inner\"><\/div>\n\t\t<\/div>\n\t\t\t\t\t\t<\/div>\n\t\t\t\t<\/div>\n\t\t\t\t<div class=\"vamtam-has-theme-widget-styles elementor-element elementor-element-feed2fe elementor-widget elementor-widget-image\" data-id=\"feed2fe\" data-element_type=\"widget\" data-widget_type=\"image.default\">\n\t\t\t\t<div class=\"elementor-widget-container\">\n\t\t\t\t\t\t\t\t\t<div class=\"elementor-image\">\n\t\t\t\t\t\t\t\t\t\t\t\t\t\t\t\t\t\t\t\t\t<img fetchpriority=\"high\" decoding=\"async\" width=\"8000\" height=\"1355\" src=\"https:\/\/adchem.al\/wp-content\/uploads\/2023\/06\/baner-albania-distribution-chemicals-01.png\" class=\"attachment-full size-full wp-image-987764\" alt=\"\" srcset=\"https:\/\/adchem.al\/wp-content\/uploads\/2023\/06\/baner-albania-distribution-chemicals-01.png 8000w, https:\/\/adchem.al\/wp-content\/uploads\/2023\/06\/baner-albania-distribution-chemicals-01-300x51.png 300w, https:\/\/adchem.al\/wp-content\/uploads\/2023\/06\/baner-albania-distribution-chemicals-01-1024x173.png 1024w, https:\/\/adchem.al\/wp-content\/uploads\/2023\/06\/baner-albania-distribution-chemicals-01-768x130.png 768w, https:\/\/adchem.al\/wp-content\/uploads\/2023\/06\/baner-albania-distribution-chemicals-01-1536x260.png 1536w, https:\/\/adchem.al\/wp-content\/uploads\/2023\/06\/baner-albania-distribution-chemicals-01-2048x347.png 2048w\" sizes=\"(max-width: 8000px) 100vw, 8000px\" \/>\t\t\t\t\t\t\t\t\t\t\t\t\t\t\t\t\t\t\t\t\t\t\t\t<\/div>\n\t\t\t\t\t\t\t\t<\/div>\n\t\t\t\t<\/div>\n\t\t\t\t\t<\/div>\n\t\t<\/div>\n\t\t\t\t\t<\/div>\n\t\t<\/section>\n\t\t\t\t<\/div>","protected":false},"excerpt":{"rendered":"<p>Produkti: Alkooli izopropil (IPA)<\/p>\n<p>Formula Kimike: C3H8O<\/p>\n<p>Alkooli izopropil, i njohur gjithashtu si IPA ose alkool f\u00ebrkimi, \u00ebsht\u00eb nj\u00eb l\u00ebng i past\u00ebr, pa ngjyr\u00eb me er\u00eb t\u00eb fort\u00eb. \u00cbsht\u00eb nj\u00eb p\u00ebrb\u00ebrje kimike e p\u00ebrdorur gjer\u00ebsisht me aplikime t\u00eb ndryshme n\u00eb industri t\u00eb ndryshme. K\u00ebtu jan\u00eb pes\u00eb pika t\u00eb r\u00ebnd\u00ebsishme n\u00eb lidhje me alkoolin izopropil:<\/p>","protected":false},"author":2,"featured_media":988464,"parent":988391,"menu_order":0,"comment_status":"closed","ping_status":"closed","template":"","meta":{"inline_featured_image":false,"footnotes":""},"class_list":["post-988463","page","type-page","status-publish","has-post-thumbnail","hentry"],"yoast_head":"<!-- This site is optimized with the Yoast SEO plugin v27.4 - https:\/\/yoast.com\/product\/yoast-seo-wordpress\/ -->\n<title>Isopropyl Alcohol | Albania Distribution Chemicals<\/title>\n<meta name=\"robots\" content=\"index, follow, max-snippet:-1, max-image-preview:large, max-video-preview:-1\" \/>\n<link rel=\"canonical\" href=\"https:\/\/adchem.al\/al\/raw-materials-production-detergents-cosmetics\/isopropyl-alcohol\/\" \/>\n<meta property=\"og:locale\" content=\"sq_AL\" \/>\n<meta property=\"og:type\" content=\"article\" \/>\n<meta property=\"og:title\" content=\"Isopropyl Alcohol | Albania Distribution Chemicals\" \/>\n<meta property=\"og:description\" content=\"Product: Isopropyl Alcohol (IPA) Chemical Formula: C3H8O Isopropyl alcohol, also known as IPA or rubbing alcohol, is a clear, colorless liquid with a strong odor. It is a widely used chemical compound with various applications across different industries. Here are five important points about isopropyl alcohol:\" \/>\n<meta property=\"og:url\" content=\"https:\/\/adchem.al\/al\/raw-materials-production-detergents-cosmetics\/isopropyl-alcohol\/\" \/>\n<meta property=\"og:site_name\" content=\"Albania Distribution Chemicals\" \/>\n<meta property=\"article:publisher\" content=\"https:\/\/www.facebook.com\/albaniadistributionchem\/?ref=py_c\" \/>\n<meta property=\"article:modified_time\" content=\"2023-06-27T22:04:38+00:00\" \/>\n<meta property=\"og:image\" content=\"https:\/\/adchem.al\/wp-content\/uploads\/2023\/06\/adchem-wallpaper-home.webp-2.webp\" \/>\n\t<meta property=\"og:image:width\" content=\"2560\" \/>\n\t<meta property=\"og:image:height\" content=\"1244\" \/>\n\t<meta property=\"og:image:type\" content=\"image\/webp\" \/>\n<meta name=\"twitter:card\" content=\"summary_large_image\" \/>\n<script type=\"application\/ld+json\" class=\"yoast-schema-graph\">{\"@context\":\"https:\\\/\\\/schema.org\",\"@graph\":[{\"@type\":\"WebPage\",\"@id\":\"https:\\\/\\\/adchem.al\\\/raw-materials-production-detergents-cosmetics\\\/isopropyl-alcohol\\\/\",\"url\":\"https:\\\/\\\/adchem.al\\\/raw-materials-production-detergents-cosmetics\\\/isopropyl-alcohol\\\/\",\"name\":\"Isopropyl Alcohol | Albania Distribution Chemicals\",\"isPartOf\":{\"@id\":\"https:\\\/\\\/adchem.al\\\/#website\"},\"primaryImageOfPage\":{\"@id\":\"https:\\\/\\\/adchem.al\\\/raw-materials-production-detergents-cosmetics\\\/isopropyl-alcohol\\\/#primaryimage\"},\"image\":{\"@id\":\"https:\\\/\\\/adchem.al\\\/raw-materials-production-detergents-cosmetics\\\/isopropyl-alcohol\\\/#primaryimage\"},\"thumbnailUrl\":\"https:\\\/\\\/adchem.al\\\/wp-content\\\/uploads\\\/2023\\\/06\\\/2-Propanol2.svg\",\"datePublished\":\"2023-06-25T12:07:12+00:00\",\"dateModified\":\"2023-06-27T22:04:38+00:00\",\"breadcrumb\":{\"@id\":\"https:\\\/\\\/adchem.al\\\/raw-materials-production-detergents-cosmetics\\\/isopropyl-alcohol\\\/#breadcrumb\"},\"inLanguage\":\"sq\",\"potentialAction\":[{\"@type\":\"ReadAction\",\"target\":[\"https:\\\/\\\/adchem.al\\\/raw-materials-production-detergents-cosmetics\\\/isopropyl-alcohol\\\/\"]}]},{\"@type\":\"ImageObject\",\"inLanguage\":\"sq\",\"@id\":\"https:\\\/\\\/adchem.al\\\/raw-materials-production-detergents-cosmetics\\\/isopropyl-alcohol\\\/#primaryimage\",\"url\":\"https:\\\/\\\/adchem.al\\\/wp-content\\\/uploads\\\/2023\\\/06\\\/2-Propanol2.svg\",\"contentUrl\":\"https:\\\/\\\/adchem.al\\\/wp-content\\\/uploads\\\/2023\\\/06\\\/2-Propanol2.svg\",\"width\":146,\"height\":91},{\"@type\":\"BreadcrumbList\",\"@id\":\"https:\\\/\\\/adchem.al\\\/raw-materials-production-detergents-cosmetics\\\/isopropyl-alcohol\\\/#breadcrumb\",\"itemListElement\":[{\"@type\":\"ListItem\",\"position\":1,\"name\":\"Home\",\"item\":\"https:\\\/\\\/adchem.al\\\/\"},{\"@type\":\"ListItem\",\"position\":2,\"name\":\"Raw Materials Production Detergents &#038; Cosmetics\",\"item\":\"https:\\\/\\\/adchem.al\\\/raw-materials-production-detergents-cosmetics\\\/\"},{\"@type\":\"ListItem\",\"position\":3,\"name\":\"Isopropyl Alcohol\"}]},{\"@type\":\"WebSite\",\"@id\":\"https:\\\/\\\/adchem.al\\\/#website\",\"url\":\"https:\\\/\\\/adchem.al\\\/\",\"name\":\"Albania Distribution Chemicals\",\"description\":\"&quot;Excellence in Chemical Distribution&quot;\",\"publisher\":{\"@id\":\"https:\\\/\\\/adchem.al\\\/#organization\"},\"alternateName\":\"ADC\",\"potentialAction\":[{\"@type\":\"SearchAction\",\"target\":{\"@type\":\"EntryPoint\",\"urlTemplate\":\"https:\\\/\\\/adchem.al\\\/?s={search_term_string}\"},\"query-input\":{\"@type\":\"PropertyValueSpecification\",\"valueRequired\":true,\"valueName\":\"search_term_string\"}}],\"inLanguage\":\"sq\"},{\"@type\":\"Organization\",\"@id\":\"https:\\\/\\\/adchem.al\\\/#organization\",\"name\":\"Albania Distribution Chemicals\",\"alternateName\":\"ADC\",\"url\":\"https:\\\/\\\/adchem.al\\\/\",\"logo\":{\"@type\":\"ImageObject\",\"inLanguage\":\"sq\",\"@id\":\"https:\\\/\\\/adchem.al\\\/#\\\/schema\\\/logo\\\/image\\\/\",\"url\":\"https:\\\/\\\/adchem.al\\\/wp-content\\\/uploads\\\/2022\\\/09\\\/Albania-Distribution-Chemicals-Logo-01.png\",\"contentUrl\":\"https:\\\/\\\/adchem.al\\\/wp-content\\\/uploads\\\/2022\\\/09\\\/Albania-Distribution-Chemicals-Logo-01.png\",\"width\":308,\"height\":104,\"caption\":\"Albania Distribution Chemicals\"},\"image\":{\"@id\":\"https:\\\/\\\/adchem.al\\\/#\\\/schema\\\/logo\\\/image\\\/\"},\"sameAs\":[\"https:\\\/\\\/www.facebook.com\\\/albaniadistributionchem\\\/?ref=py_c\",\"https:\\\/\\\/www.instagram.com\\\/albania_distribution_chemicals\\\/\"]}]}<\/script>\n<!-- \/ Yoast SEO plugin. -->","yoast_head_json":{"title":"Isopropyl Alcohol | Albania Distribution Chemicals","robots":{"index":"index","follow":"follow","max-snippet":"max-snippet:-1","max-image-preview":"max-image-preview:large","max-video-preview":"max-video-preview:-1"},"canonical":"https:\/\/adchem.al\/al\/raw-materials-production-detergents-cosmetics\/isopropyl-alcohol\/","og_locale":"sq_AL","og_type":"article","og_title":"Isopropyl Alcohol | Albania Distribution Chemicals","og_description":"Product: Isopropyl Alcohol (IPA) Chemical Formula: C3H8O Isopropyl alcohol, also known as IPA or rubbing alcohol, is a clear, colorless liquid with a strong odor. It is a widely used chemical compound with various applications across different industries. Here are five important points about isopropyl alcohol:","og_url":"https:\/\/adchem.al\/al\/raw-materials-production-detergents-cosmetics\/isopropyl-alcohol\/","og_site_name":"Albania Distribution Chemicals","article_publisher":"https:\/\/www.facebook.com\/albaniadistributionchem\/?ref=py_c","article_modified_time":"2023-06-27T22:04:38+00:00","og_image":[{"width":2560,"height":1244,"url":"https:\/\/adchem.al\/wp-content\/uploads\/2023\/06\/adchem-wallpaper-home.webp-2.webp","type":"image\/webp"}],"twitter_card":"summary_large_image","schema":{"@context":"https:\/\/schema.org","@graph":[{"@type":"WebPage","@id":"https:\/\/adchem.al\/raw-materials-production-detergents-cosmetics\/isopropyl-alcohol\/","url":"https:\/\/adchem.al\/raw-materials-production-detergents-cosmetics\/isopropyl-alcohol\/","name":"Isopropyl Alcohol | Albania Distribution Chemicals","isPartOf":{"@id":"https:\/\/adchem.al\/#website"},"primaryImageOfPage":{"@id":"https:\/\/adchem.al\/raw-materials-production-detergents-cosmetics\/isopropyl-alcohol\/#primaryimage"},"image":{"@id":"https:\/\/adchem.al\/raw-materials-production-detergents-cosmetics\/isopropyl-alcohol\/#primaryimage"},"thumbnailUrl":"https:\/\/adchem.al\/wp-content\/uploads\/2023\/06\/2-Propanol2.svg","datePublished":"2023-06-25T12:07:12+00:00","dateModified":"2023-06-27T22:04:38+00:00","breadcrumb":{"@id":"https:\/\/adchem.al\/raw-materials-production-detergents-cosmetics\/isopropyl-alcohol\/#breadcrumb"},"inLanguage":"sq","potentialAction":[{"@type":"ReadAction","target":["https:\/\/adchem.al\/raw-materials-production-detergents-cosmetics\/isopropyl-alcohol\/"]}]},{"@type":"ImageObject","inLanguage":"sq","@id":"https:\/\/adchem.al\/raw-materials-production-detergents-cosmetics\/isopropyl-alcohol\/#primaryimage","url":"https:\/\/adchem.al\/wp-content\/uploads\/2023\/06\/2-Propanol2.svg","contentUrl":"https:\/\/adchem.al\/wp-content\/uploads\/2023\/06\/2-Propanol2.svg","width":146,"height":91},{"@type":"BreadcrumbList","@id":"https:\/\/adchem.al\/raw-materials-production-detergents-cosmetics\/isopropyl-alcohol\/#breadcrumb","itemListElement":[{"@type":"ListItem","position":1,"name":"Home","item":"https:\/\/adchem.al\/"},{"@type":"ListItem","position":2,"name":"Raw Materials Production Detergents &#038; Cosmetics","item":"https:\/\/adchem.al\/raw-materials-production-detergents-cosmetics\/"},{"@type":"ListItem","position":3,"name":"Isopropyl Alcohol"}]},{"@type":"WebSite","@id":"https:\/\/adchem.al\/#website","url":"https:\/\/adchem.al\/","name":"Albania Distribution Chemicals","description":"&quot;Excellence in Chemical Distribution&quot;","publisher":{"@id":"https:\/\/adchem.al\/#organization"},"alternateName":"ADC","potentialAction":[{"@type":"SearchAction","target":{"@type":"EntryPoint","urlTemplate":"https:\/\/adchem.al\/?s={search_term_string}"},"query-input":{"@type":"PropertyValueSpecification","valueRequired":true,"valueName":"search_term_string"}}],"inLanguage":"sq"},{"@type":"Organization","@id":"https:\/\/adchem.al\/#organization","name":"Albania Distribution Chemicals","alternateName":"ADC","url":"https:\/\/adchem.al\/","logo":{"@type":"ImageObject","inLanguage":"sq","@id":"https:\/\/adchem.al\/#\/schema\/logo\/image\/","url":"https:\/\/adchem.al\/wp-content\/uploads\/2022\/09\/Albania-Distribution-Chemicals-Logo-01.png","contentUrl":"https:\/\/adchem.al\/wp-content\/uploads\/2022\/09\/Albania-Distribution-Chemicals-Logo-01.png","width":308,"height":104,"caption":"Albania Distribution Chemicals"},"image":{"@id":"https:\/\/adchem.al\/#\/schema\/logo\/image\/"},"sameAs":["https:\/\/www.facebook.com\/albaniadistributionchem\/?ref=py_c","https:\/\/www.instagram.com\/albania_distribution_chemicals\/"]}]}},"_links":{"self":[{"href":"https:\/\/adchem.al\/al\/wp-json\/wp\/v2\/pages\/988463","targetHints":{"allow":["GET"]}}],"collection":[{"href":"https:\/\/adchem.al\/al\/wp-json\/wp\/v2\/pages"}],"about":[{"href":"https:\/\/adchem.al\/al\/wp-json\/wp\/v2\/types\/page"}],"author":[{"embeddable":true,"href":"https:\/\/adchem.al\/al\/wp-json\/wp\/v2\/users\/2"}],"replies":[{"embeddable":true,"href":"https:\/\/adchem.al\/al\/wp-json\/wp\/v2\/comments?post=988463"}],"version-history":[{"count":10,"href":"https:\/\/adchem.al\/al\/wp-json\/wp\/v2\/pages\/988463\/revisions"}],"predecessor-version":[{"id":989274,"href":"https:\/\/adchem.al\/al\/wp-json\/wp\/v2\/pages\/988463\/revisions\/989274"}],"up":[{"embeddable":true,"href":"https:\/\/adchem.al\/al\/wp-json\/wp\/v2\/pages\/988391"}],"wp:featuredmedia":[{"embeddable":true,"href":"https:\/\/adchem.al\/al\/wp-json\/wp\/v2\/media\/988464"}],"wp:attachment":[{"href":"https:\/\/adchem.al\/al\/wp-json\/wp\/v2\/media?parent=988463"}],"curies":[{"name":"wp","href":"https:\/\/api.w.org\/{rel}","templated":true}]}}