{"id":988455,"date":"2023-06-25T11:50:23","date_gmt":"2023-06-25T11:50:23","guid":{"rendered":"https:\/\/adchem.al\/?page_id=988455"},"modified":"2023-06-27T22:02:36","modified_gmt":"2023-06-27T22:02:36","slug":"glycerine","status":"publish","type":"page","link":"https:\/\/adchem.al\/al\/raw-materials-production-detergents-cosmetics\/glycerine\/","title":{"rendered":"Glicerina"},"content":{"rendered":"<div data-elementor-type=\"wp-page\" data-elementor-id=\"988455\" class=\"elementor elementor-988455\" data-elementor-post-type=\"page\">\n\t\t\t\t\t\t<section class=\"elementor-section elementor-top-section elementor-element elementor-element-37858afc elementor-section-full_width elementor-section-height-default elementor-section-height-default\" data-id=\"37858afc\" data-element_type=\"section\">\n\t\t\t\t\t\t<div class=\"elementor-container elementor-column-gap-no\">\n\t\t\t\t\t<div class=\"elementor-column elementor-col-100 elementor-top-column elementor-element elementor-element-60bb79bd\" data-id=\"60bb79bd\" data-element_type=\"column\">\n\t\t\t<div class=\"elementor-widget-wrap elementor-element-populated\">\n\t\t\t\t\t\t<div class=\"vamtam-has-theme-widget-styles elementor-element elementor-element-86d4d6c elementor-widget elementor-widget-image\" data-id=\"86d4d6c\" data-element_type=\"widget\" data-widget_type=\"image.default\">\n\t\t\t\t<div class=\"elementor-widget-container\">\n\t\t\t\t\t\t\t\t\t<div class=\"elementor-image\">\n\t\t\t\t\t\t\t\t\t\t\t\t\t\t\t\t<figure class=\"wp-caption\">\n\t\t\t\t\t\t\t\t\t\t\t\t\t\t\t\t<img fetchpriority=\"high\" decoding=\"async\" width=\"805\" height=\"353\" src=\"https:\/\/adchem.al\/wp-content\/uploads\/2023\/06\/Glycerine.svg\" class=\"attachment-full size-full wp-image-988456\" alt=\"\" \/>\t\t\t\t\t\t\t\t\t\t\t\t\t\t\t\t\t<figcaption class=\"widget-image-caption wp-caption-text\">Albania Distribution Chemicals<\/figcaption>\n\t\t\t\t\t\t\t\t\t\t\t\t\t\t\t\t<\/figure>\n\t\t\t\t\t\t\t\t\t\t\t\t\t\t<\/div>\n\t\t\t\t\t\t\t\t<\/div>\n\t\t\t\t<\/div>\n\t\t\t\t<div class=\"elementor-element elementor-element-61992a9a elementor-widget elementor-widget-text-editor\" data-id=\"61992a9a\" data-element_type=\"widget\" data-widget_type=\"text-editor.default\">\n\t\t\t\t<div class=\"elementor-widget-container\">\n\t\t\t\t\t\t\t\t\t<div class=\"woocommerce-product-details__short-description\"><p><strong>Produkti: Glicerin\u00eb (e njohur edhe si glicerin\u00eb)<\/strong><\/p><p><strong>Formula Kimike: C3H8O3<\/strong><\/p><p>Glicerina \u00ebsht\u00eb nj\u00eb l\u00ebng pa ngjyr\u00eb, pa er\u00eb dhe viskoz. \u00cbsht\u00eb nj\u00eb p\u00ebrb\u00ebr\u00ebs i gjithansh\u00ebm me nj\u00eb gam\u00eb t\u00eb gjer\u00eb aplikimesh n\u00eb industri t\u00eb ndryshme. K\u00ebtu jan\u00eb pes\u00eb pika t\u00eb r\u00ebnd\u00ebsishme n\u00eb lidhje me glicerin\u00ebn:<\/p><p>1. P\u00ebrb\u00ebrja kimike: Glicerina \u00ebsht\u00eb nj\u00eb alkool trihidrik, q\u00eb do t\u00eb thot\u00eb se p\u00ebrmban tre grupe hidroksil (-OH) t\u00eb lidhura me nj\u00eb shtyll\u00eb propan. Formula e tij kimike \u00ebsht\u00eb C3H8O3.<\/p><p>2. Vetit\u00eb fizike: Glicerina \u00ebsht\u00eb nj\u00eb l\u00ebng i trash\u00eb, shurup, me shije t\u00eb \u00ebmb\u00ebl. \u00cbsht\u00eb higroskopik, q\u00eb do t\u00eb thot\u00eb se t\u00ebrheq dhe ruan lag\u00ebshtin\u00eb nga mjedisi. Glicerina \u00ebsht\u00eb e tretshme n\u00eb uj\u00eb dhe alkool, por e patretshme n\u00eb vajra dhe yndyrna. Ka nj\u00eb pik\u00eb vlimi prej 290\u00b0C (554\u00b0F) dhe nj\u00eb pik\u00eb shkrirjeje prej 18\u00b0C (64\u00b0F).<\/p><p>3. Prodhimi: Glicerina prodhohet si n\u00ebnprodukt i proceseve t\u00eb ndryshme, kryesisht gjat\u00eb prodhimit t\u00eb sapunit dhe bionaft\u00eb. Mund t\u00eb merret edhe n\u00ebp\u00ebrmjet hidroliz\u00ebs s\u00eb yndyrave dhe vajrave. Prodhimi i glicerin\u00ebs p\u00ebrfshin hapat e rafinimit dhe pastrimit p\u00ebr t\u00eb p\u00ebrmbushur standardet e k\u00ebrkuara t\u00eb cil\u00ebsis\u00eb.<\/p><p>4. P\u00ebrdorimet e zakonshme:<br \/>\u2013 Kujdesi personal dhe kozmetika: Glicerina p\u00ebrdoret gjer\u00ebsisht n\u00eb formulimin e produkteve p\u00ebr kujdesin e l\u00ebkur\u00ebs, si hidratuesit, locionet dhe sapun\u00ebt. Vepron si nj\u00eb hidratant, duke t\u00ebrhequr dhe mbajtur lag\u00ebshtin\u00eb, duke mbajtur k\u00ebshtu l\u00ebkur\u00ebn t\u00eb hidratuar.<br \/>\u2013 Industria e ushqimit dhe pijeve: Glicerina p\u00ebrdoret si \u00ebmb\u00eblsues, hidratues dhe agjent trash\u00ebsues n\u00eb produkte t\u00eb ndryshme ushqimore dhe pijesh. Ndihmon p\u00ebr t\u00eb mbajtur lag\u00ebshtin\u00eb, p\u00ebr t\u00eb p\u00ebrmir\u00ebsuar struktur\u00ebn dhe p\u00ebr t\u00eb p\u00ebrmir\u00ebsuar ndjenj\u00ebn e goj\u00ebs s\u00eb ushqimeve si \u00ebmb\u00eblsirat, produktet e pjekura dhe pijet.<br \/>\u2013 Farmaceutik\u00eb: Glicerina p\u00ebrdoret n\u00eb industrin\u00eb farmaceutike p\u00ebr formulimin e shurupeve orale, ila\u00e7eve kund\u00ebr koll\u00ebs dhe supozitor\u00ebve. Ai vepron si nj\u00eb tret\u00ebs, stabilizues dhe ofron nj\u00eb shije t\u00eb k\u00ebndshme.<br \/>\u2013 Aplikimet industriale: Glicerina p\u00ebrdoret n\u00eb procese t\u00eb shumta industriale, duke p\u00ebrfshir\u00eb prodhimin e eksploziv\u00ebve, tret\u00ebsve, antifrizit dhe lubrifikant\u00ebve. P\u00ebrdoret gjithashtu n\u00eb boj\u00ebra printimi, tekstile dhe si plastifikues n\u00eb prodhimin e plastik\u00ebs.<br \/>\u2013 Cigaret elektronike dhe avullimi: Glicerina \u00ebsht\u00eb nj\u00eb p\u00ebrb\u00ebr\u00ebs i zakonsh\u00ebm n\u00eb l\u00ebngjet elektronike q\u00eb p\u00ebrdoren p\u00ebr cigaret elektronike dhe pajisjet e avullimit. Ndihmon n\u00eb prodhimin e avullit dhe siguron nj\u00eb p\u00ebrvoj\u00eb t\u00eb qet\u00eb thithjeje.<\/p><p>P\u00ebrdorimi specifik i glicerin\u00ebs p\u00ebr sektorin (10 pik\u00eb):<\/p><p>1. Industria farmaceutike: Glicerina p\u00ebrdoret gjer\u00ebsisht n\u00eb sektorin farmaceutik p\u00ebr aplikime t\u00eb ndryshme. Sh\u00ebrben si tret\u00ebs p\u00ebr formulimet e barnave, lubrifikant p\u00ebr tableta dhe kapsula, stabilizues n\u00eb suspensione dhe emulsione dhe humectant n\u00eb preparatet lokale si pomadat dhe kremrat.<\/p><p>2. Industria e ushqimit dhe pijeve: Glicerina gjen aplikim t\u00eb gjer\u00eb n\u00eb sektorin e ushqimit dhe pijeve. P\u00ebrdoret si \u00ebmb\u00eblsues dhe ruajt\u00ebs n\u00eb produktet e buk\u00ebs, \u00ebmb\u00eblsirat, pijet dhe produktet e qum\u00ebshtit. Glicerina shtohet gjithashtu n\u00eb ushqime t\u00eb caktuara p\u00ebr t\u00eb p\u00ebrmir\u00ebsuar struktur\u00ebn, p\u00ebr t\u00eb mbajtur lag\u00ebshtin\u00eb dhe p\u00ebr t\u00eb p\u00ebrmir\u00ebsuar shijen.<\/p><p>3. Industria e kujdesit personal dhe kozmetik\u00ebs: Glicerina luan nj\u00eb rol jetik n\u00eb formulimin e produkteve t\u00eb kujdesit personal dhe kozmetik\u00ebs. P\u00ebrdoret n\u00eb hidratues, sapun\u00eb, shampo dhe locione p\u00ebr shkak t\u00eb vetive t\u00eb tij hidratuese, t\u00eb cilat ndihmojn\u00eb n\u00eb t\u00ebrheqjen dhe mbajtjen e lag\u00ebshtir\u00ebs, duke mbajtur l\u00ebkur\u00ebn dhe flok\u00ebt t\u00eb hidratuar.<\/p><p>4. Prodhimi Industrial: Glicerina ka aplikime industriale n\u00eb sektor\u00eb t\u00eb ndrysh\u00ebm. P\u00ebrdoret si p\u00ebrb\u00ebr\u00ebs n\u00eb prodhimin e eksploziv\u00ebve, duke p\u00ebrfshir\u00eb dinamitin dhe nitroglicerin\u00ebn. Vetit\u00eb lubrifikuese t\u00eb glicerin\u00ebs e b\u00ebjn\u00eb at\u00eb t\u00eb p\u00ebrshtatshme p\u00ebr p\u00ebrdorim n\u00eb prodhimin e l\u00ebngjeve hidraulike, l\u00ebngjeve t\u00eb p\u00ebrpunimit t\u00eb metaleve dhe vajrave prer\u00ebse<\/p><p>.<\/p><p>5. Industria e duhanit dhe e-cigareve: Glicerina \u00ebsht\u00eb nj\u00eb p\u00ebrb\u00ebr\u00ebs ky\u00e7 n\u00eb prodhimin e produkteve t\u00eb duhanit, t\u00eb tilla si thitha e lag\u00ebsht dhe duhani p\u00ebr p\u00ebrtypje. P\u00ebr m\u00eb tep\u00ebr, p\u00ebrdoret gjer\u00ebsisht n\u00eb e-l\u00ebngjet p\u00ebr cigaret elektronike dhe pajisjet e avullimit, duke siguruar prodhimin e avullit dhe nj\u00eb p\u00ebrvoj\u00eb t\u00eb qet\u00eb thithjeje.<\/p><p>6. Industria e tekstilit: Glicerina p\u00ebrdoret n\u00eb sektorin e tekstilit p\u00ebr proceset e zbutjes dhe p\u00ebrfundimit t\u00eb rrobave. Ndihmon p\u00ebr t\u00eb p\u00ebrmir\u00ebsuar ndjesin\u00eb e dor\u00ebs s\u00eb p\u00eblhurave, redukton elektricitetin statik dhe rrit thithjen e lag\u00ebshtir\u00ebs.<\/p><p>7. Industria e ushqimit t\u00eb kafsh\u00ebve: Glicerina ndonj\u00ebher\u00eb p\u00ebrfshihet n\u00eb formulimet e ushqimit t\u00eb kafsh\u00ebve. Mund t\u00eb p\u00ebrdoret si burim energjie dhe si nj\u00eb p\u00ebrmir\u00ebsues i shijimit n\u00eb dietat e kafsh\u00ebve dhe shpend\u00ebve.<\/p><p>8. Industria e letr\u00ebs dhe e printimit: Glicerina p\u00ebrdoret n\u00eb industrin\u00eb e letr\u00ebs si nj\u00eb hidratues dhe plastifikues p\u00ebr t\u00eb p\u00ebrmir\u00ebsuar fleksibilitetin dhe ruajtjen e lag\u00ebshtis\u00eb s\u00eb letr\u00ebs. P\u00ebrdoret gjithashtu n\u00eb boj\u00ebrat e printimit p\u00ebr t\u00eb parandaluar tharjen e shpejt\u00eb t\u00eb boj\u00ebs.<\/p><p>9. Industria e automobilave: Glicerina p\u00ebrdoret n\u00eb formulimet e antifrizit t\u00eb automobilave p\u00ebr shkak t\u00eb aft\u00ebsis\u00eb s\u00eb saj p\u00ebr t\u00eb ulur pik\u00ebn e ngrirjes dhe p\u00ebr t\u00eb rritur pik\u00ebn e vlimit t\u00eb p\u00ebrzierjes s\u00eb ftoh\u00ebsit. Ndihmon n\u00eb parandalimin e mbinxehjes s\u00eb motorit dhe mbrojtjen nga korrozioni.<\/p><p>10. Energjia e Rinovueshme: Glicerina e p\u00ebrftuar nga prodhimi i bionaft\u00ebs mund t\u00eb p\u00ebrpunohet m\u00eb tej p\u00ebr t\u00eb prodhuar l\u00ebnd\u00eb djeg\u00ebse t\u00eb rinovueshme, si bioetanoli dhe biogazi, duke kontribuar n\u00eb zhvillimin e burimeve t\u00eb q\u00ebndrueshme t\u00eb energjis\u00eb.<\/p><p>K\u00ebto aplikacione demonstrojn\u00eb p\u00ebrdorimin e gjer\u00eb t\u00eb glicerin\u00ebs n\u00eb industri t\u00eb shumta, duke theksuar shkatht\u00ebsin\u00eb dhe r\u00ebnd\u00ebsin\u00eb e saj n\u00eb sektor\u00eb t\u00eb ndrysh\u00ebm.<\/p><\/div>\t\t\t\t\t\t\t\t<\/div>\n\t\t\t\t<\/div>\n\t\t\t\t<section class=\"elementor-section elementor-inner-section elementor-element elementor-element-d348267 elementor-section-boxed elementor-section-height-default elementor-section-height-default\" data-id=\"d348267\" data-element_type=\"section\" data-settings=\"{&quot;background_background&quot;:&quot;classic&quot;}\">\n\t\t\t\t\t\t<div class=\"elementor-container elementor-column-gap-no\">\n\t\t\t\t\t<div class=\"elementor-column elementor-col-100 elementor-inner-column elementor-element elementor-element-fdc0745\" data-id=\"fdc0745\" data-element_type=\"column\">\n\t\t\t<div class=\"elementor-widget-wrap elementor-element-populated\">\n\t\t\t\t\t\t<div class=\"elementor-element elementor-element-cb582dc elementor-view-default elementor-widget elementor-widget-icon\" data-id=\"cb582dc\" data-element_type=\"widget\" data-widget_type=\"icon.default\">\n\t\t\t\t<div class=\"elementor-widget-container\">\n\t\t\t\t\t\t\t<div class=\"elementor-icon-wrapper\">\n\t\t\t<div class=\"elementor-icon\">\n\t\t\t<i aria-hidden=\"true\" class=\"vamtamtheme- vamtam-theme-quote-start\"><\/i>\t\t\t<\/div>\n\t\t<\/div>\n\t\t\t\t\t\t<\/div>\n\t\t\t\t<\/div>\n\t\t\t\t<div class=\"elementor-element elementor-element-f75a218 elementor-widget elementor-widget-text-editor\" data-id=\"f75a218\" data-element_type=\"widget\" data-widget_type=\"text-editor.default\">\n\t\t\t\t<div class=\"elementor-widget-container\">\n\t\t\t\t\t\t\t\t\t<p>\"P\u00ebr \u00e7do informacion, shkruani n\u00eb WhatsApp: Gjith\u00e7ka q\u00eb ju nevojitet, n\u00eb koh\u00eb reale, n\u00eb nj\u00eb mesazh. Na kontaktoni dhe jemi gati t\u00eb ju ndihmojm\u00eb.\"<\/p>\t\t\t\t\t\t\t\t<\/div>\n\t\t\t\t<\/div>\n\t\t\t\t<div class=\"elementor-element elementor-element-79c6c08 elementor-widget-divider--view-line elementor-widget elementor-widget-divider\" data-id=\"79c6c08\" data-element_type=\"widget\" data-widget_type=\"divider.default\">\n\t\t\t\t<div class=\"elementor-widget-container\">\n\t\t\t\t\t\t\t<div class=\"elementor-divider\">\n\t\t\t<span class=\"elementor-divider-separator\">\n\t\t\t\t\t\t<\/span>\n\t\t<\/div>\n\t\t\t\t\t\t<\/div>\n\t\t\t\t<\/div>\n\t\t\t\t<div class=\"vamtam-has-theme-widget-styles elementor-element elementor-element-665459d elementor-widget__width-auto vamtam-has-underline-anim elementor-widget elementor-widget-button\" data-id=\"665459d\" data-element_type=\"widget\" data-widget_type=\"button.default\">\n\t\t\t\t<div class=\"elementor-widget-container\">\n\t\t\t\t\t\t\t\t\t<div class=\"elementor-button-wrapper\">\n\t\t\t\t\t<a class=\"elementor-button elementor-button-link elementor-size-md\" href=\"https:\/\/wa.me\/355694000260\">\n\t\t\t\t\t\t<span class=\"elementor-button-content-wrapper\">\n\t\t\t\t\t\t<span class=\"elementor-button-icon\">\n\t\t\t\t<i aria-hidden=\"true\" class=\"vamtamtheme- vamtam-theme-icon-arrow-right-top\"><\/i>\t\t\t<\/span>\n\t\t\t\t\t\t\t\t\t<span class=\"elementor-button-text\">Kontaktoni WhatsApp<\/span>\n\t\t\t\t\t<\/span>\n\t\t\t\t\t<\/a>\n\t\t\t\t<\/div>\n\t\t\t\t\t\t\t\t<\/div>\n\t\t\t\t<\/div>\n\t\t\t\t<div class=\"elementor-element elementor-element-244f927 elementor-widget__width-auto elementor-widget elementor-widget-heading\" data-id=\"244f927\" data-element_type=\"widget\" data-widget_type=\"heading.default\">\n\t\t\t\t<div class=\"elementor-widget-container\">\n\t\t\t\t\t<span class=\"elementor-heading-title elementor-size-default\">Albania Distribution Chemicals\n<\/span>\t\t\t\t<\/div>\n\t\t\t\t<\/div>\n\t\t\t\t\t<\/div>\n\t\t<\/div>\n\t\t\t\t\t<\/div>\n\t\t<\/section>\n\t\t\t\t\t<\/div>\n\t\t<\/div>\n\t\t\t\t\t<\/div>\n\t\t<\/section>\n\t\t\t\t<section class=\"elementor-section elementor-top-section elementor-element elementor-element-b3fd502 elementor-section-boxed elementor-section-height-default elementor-section-height-default\" data-id=\"b3fd502\" data-element_type=\"section\">\n\t\t\t\t\t\t<div class=\"elementor-container elementor-column-gap-default\">\n\t\t\t\t\t<div class=\"elementor-column elementor-col-100 elementor-top-column elementor-element elementor-element-a879885\" data-id=\"a879885\" data-element_type=\"column\">\n\t\t\t<div class=\"elementor-widget-wrap elementor-element-populated\">\n\t\t\t\t\t\t<div class=\"elementor-element elementor-element-4a3fe1c elementor-widget elementor-widget-spacer\" data-id=\"4a3fe1c\" data-element_type=\"widget\" data-widget_type=\"spacer.default\">\n\t\t\t\t<div class=\"elementor-widget-container\">\n\t\t\t\t\t\t\t<div class=\"elementor-spacer\">\n\t\t\t<div class=\"elementor-spacer-inner\"><\/div>\n\t\t<\/div>\n\t\t\t\t\t\t<\/div>\n\t\t\t\t<\/div>\n\t\t\t\t<div class=\"vamtam-has-theme-widget-styles elementor-element elementor-element-feed2fe elementor-widget elementor-widget-image\" data-id=\"feed2fe\" data-element_type=\"widget\" data-widget_type=\"image.default\">\n\t\t\t\t<div class=\"elementor-widget-container\">\n\t\t\t\t\t\t\t\t\t<div class=\"elementor-image\">\n\t\t\t\t\t\t\t\t\t\t\t\t\t\t\t\t\t\t\t\t\t<img decoding=\"async\" width=\"8000\" height=\"1355\" src=\"https:\/\/adchem.al\/wp-content\/uploads\/2023\/06\/baner-albania-distribution-chemicals-01.png\" class=\"attachment-full size-full wp-image-987764\" alt=\"\" srcset=\"https:\/\/adchem.al\/wp-content\/uploads\/2023\/06\/baner-albania-distribution-chemicals-01.png 8000w, https:\/\/adchem.al\/wp-content\/uploads\/2023\/06\/baner-albania-distribution-chemicals-01-300x51.png 300w, https:\/\/adchem.al\/wp-content\/uploads\/2023\/06\/baner-albania-distribution-chemicals-01-1024x173.png 1024w, https:\/\/adchem.al\/wp-content\/uploads\/2023\/06\/baner-albania-distribution-chemicals-01-768x130.png 768w, https:\/\/adchem.al\/wp-content\/uploads\/2023\/06\/baner-albania-distribution-chemicals-01-1536x260.png 1536w, https:\/\/adchem.al\/wp-content\/uploads\/2023\/06\/baner-albania-distribution-chemicals-01-2048x347.png 2048w\" sizes=\"(max-width: 8000px) 100vw, 8000px\" \/>\t\t\t\t\t\t\t\t\t\t\t\t\t\t\t\t\t\t\t\t\t\t\t\t<\/div>\n\t\t\t\t\t\t\t\t<\/div>\n\t\t\t\t<\/div>\n\t\t\t\t\t<\/div>\n\t\t<\/div>\n\t\t\t\t\t<\/div>\n\t\t<\/section>\n\t\t\t\t<\/div>","protected":false},"excerpt":{"rendered":"<p>Produkti: Glicerin\u00eb (e njohur edhe si glicerin\u00eb)<\/p>\n<p>Formula Kimike: C3H8O3<\/p>\n<p>Glicerina \u00ebsht\u00eb nj\u00eb l\u00ebng pa ngjyr\u00eb, pa er\u00eb dhe viskoz. \u00cbsht\u00eb nj\u00eb p\u00ebrb\u00ebr\u00ebs i gjithansh\u00ebm me nj\u00eb gam\u00eb t\u00eb gjer\u00eb aplikimesh n\u00eb industri t\u00eb ndryshme. K\u00ebtu jan\u00eb pes\u00eb pika t\u00eb r\u00ebnd\u00ebsishme n\u00eb lidhje me glicerin\u00ebn:<\/p>","protected":false},"author":2,"featured_media":988456,"parent":988391,"menu_order":0,"comment_status":"closed","ping_status":"closed","template":"","meta":{"inline_featured_image":false,"footnotes":""},"class_list":["post-988455","page","type-page","status-publish","has-post-thumbnail","hentry"],"yoast_head":"<!-- This site is optimized with the Yoast SEO plugin v27.4 - https:\/\/yoast.com\/product\/yoast-seo-wordpress\/ -->\n<title>Glycerine | Albania Distribution Chemicals<\/title>\n<meta name=\"robots\" content=\"index, follow, max-snippet:-1, max-image-preview:large, max-video-preview:-1\" \/>\n<link rel=\"canonical\" href=\"https:\/\/adchem.al\/al\/raw-materials-production-detergents-cosmetics\/glycerine\/\" \/>\n<meta property=\"og:locale\" content=\"sq_AL\" \/>\n<meta property=\"og:type\" content=\"article\" \/>\n<meta property=\"og:title\" content=\"Glycerine | Albania Distribution Chemicals\" \/>\n<meta property=\"og:description\" content=\"Product: Glycerine (also known as glycerol) Chemical Formula: C3H8O3 Glycerine is a colorless, odorless, and viscous liquid. It is a versatile compound with a wide range of applications across various industries. Here are five important points about glycerine:\" \/>\n<meta property=\"og:url\" content=\"https:\/\/adchem.al\/al\/raw-materials-production-detergents-cosmetics\/glycerine\/\" \/>\n<meta property=\"og:site_name\" content=\"Albania Distribution Chemicals\" \/>\n<meta property=\"article:publisher\" content=\"https:\/\/www.facebook.com\/albaniadistributionchem\/?ref=py_c\" \/>\n<meta property=\"article:modified_time\" content=\"2023-06-27T22:02:36+00:00\" \/>\n<meta property=\"og:image\" content=\"https:\/\/adchem.al\/wp-content\/uploads\/2023\/06\/adchem-wallpaper-home.webp-2.webp\" \/>\n\t<meta property=\"og:image:width\" content=\"2560\" \/>\n\t<meta property=\"og:image:height\" content=\"1244\" \/>\n\t<meta property=\"og:image:type\" content=\"image\/webp\" \/>\n<meta name=\"twitter:card\" content=\"summary_large_image\" \/>\n<script type=\"application\/ld+json\" class=\"yoast-schema-graph\">{\"@context\":\"https:\\\/\\\/schema.org\",\"@graph\":[{\"@type\":\"WebPage\",\"@id\":\"https:\\\/\\\/adchem.al\\\/raw-materials-production-detergents-cosmetics\\\/glycerine\\\/\",\"url\":\"https:\\\/\\\/adchem.al\\\/raw-materials-production-detergents-cosmetics\\\/glycerine\\\/\",\"name\":\"Glycerine | Albania Distribution Chemicals\",\"isPartOf\":{\"@id\":\"https:\\\/\\\/adchem.al\\\/#website\"},\"primaryImageOfPage\":{\"@id\":\"https:\\\/\\\/adchem.al\\\/raw-materials-production-detergents-cosmetics\\\/glycerine\\\/#primaryimage\"},\"image\":{\"@id\":\"https:\\\/\\\/adchem.al\\\/raw-materials-production-detergents-cosmetics\\\/glycerine\\\/#primaryimage\"},\"thumbnailUrl\":\"https:\\\/\\\/adchem.al\\\/wp-content\\\/uploads\\\/2023\\\/06\\\/Glycerine.svg\",\"datePublished\":\"2023-06-25T11:50:23+00:00\",\"dateModified\":\"2023-06-27T22:02:36+00:00\",\"breadcrumb\":{\"@id\":\"https:\\\/\\\/adchem.al\\\/raw-materials-production-detergents-cosmetics\\\/glycerine\\\/#breadcrumb\"},\"inLanguage\":\"sq\",\"potentialAction\":[{\"@type\":\"ReadAction\",\"target\":[\"https:\\\/\\\/adchem.al\\\/raw-materials-production-detergents-cosmetics\\\/glycerine\\\/\"]}]},{\"@type\":\"ImageObject\",\"inLanguage\":\"sq\",\"@id\":\"https:\\\/\\\/adchem.al\\\/raw-materials-production-detergents-cosmetics\\\/glycerine\\\/#primaryimage\",\"url\":\"https:\\\/\\\/adchem.al\\\/wp-content\\\/uploads\\\/2023\\\/06\\\/Glycerine.svg\",\"contentUrl\":\"https:\\\/\\\/adchem.al\\\/wp-content\\\/uploads\\\/2023\\\/06\\\/Glycerine.svg\",\"width\":805,\"height\":353},{\"@type\":\"BreadcrumbList\",\"@id\":\"https:\\\/\\\/adchem.al\\\/raw-materials-production-detergents-cosmetics\\\/glycerine\\\/#breadcrumb\",\"itemListElement\":[{\"@type\":\"ListItem\",\"position\":1,\"name\":\"Home\",\"item\":\"https:\\\/\\\/adchem.al\\\/\"},{\"@type\":\"ListItem\",\"position\":2,\"name\":\"Raw Materials Production Detergents &#038; Cosmetics\",\"item\":\"https:\\\/\\\/adchem.al\\\/raw-materials-production-detergents-cosmetics\\\/\"},{\"@type\":\"ListItem\",\"position\":3,\"name\":\"Glycerine\"}]},{\"@type\":\"WebSite\",\"@id\":\"https:\\\/\\\/adchem.al\\\/#website\",\"url\":\"https:\\\/\\\/adchem.al\\\/\",\"name\":\"Albania Distribution Chemicals\",\"description\":\"&quot;Excellence in Chemical Distribution&quot;\",\"publisher\":{\"@id\":\"https:\\\/\\\/adchem.al\\\/#organization\"},\"alternateName\":\"ADC\",\"potentialAction\":[{\"@type\":\"SearchAction\",\"target\":{\"@type\":\"EntryPoint\",\"urlTemplate\":\"https:\\\/\\\/adchem.al\\\/?s={search_term_string}\"},\"query-input\":{\"@type\":\"PropertyValueSpecification\",\"valueRequired\":true,\"valueName\":\"search_term_string\"}}],\"inLanguage\":\"sq\"},{\"@type\":\"Organization\",\"@id\":\"https:\\\/\\\/adchem.al\\\/#organization\",\"name\":\"Albania Distribution Chemicals\",\"alternateName\":\"ADC\",\"url\":\"https:\\\/\\\/adchem.al\\\/\",\"logo\":{\"@type\":\"ImageObject\",\"inLanguage\":\"sq\",\"@id\":\"https:\\\/\\\/adchem.al\\\/#\\\/schema\\\/logo\\\/image\\\/\",\"url\":\"https:\\\/\\\/adchem.al\\\/wp-content\\\/uploads\\\/2022\\\/09\\\/Albania-Distribution-Chemicals-Logo-01.png\",\"contentUrl\":\"https:\\\/\\\/adchem.al\\\/wp-content\\\/uploads\\\/2022\\\/09\\\/Albania-Distribution-Chemicals-Logo-01.png\",\"width\":308,\"height\":104,\"caption\":\"Albania Distribution Chemicals\"},\"image\":{\"@id\":\"https:\\\/\\\/adchem.al\\\/#\\\/schema\\\/logo\\\/image\\\/\"},\"sameAs\":[\"https:\\\/\\\/www.facebook.com\\\/albaniadistributionchem\\\/?ref=py_c\",\"https:\\\/\\\/www.instagram.com\\\/albania_distribution_chemicals\\\/\"]}]}<\/script>\n<!-- \/ Yoast SEO plugin. -->","yoast_head_json":{"title":"Glycerine | Albania Distribution Chemicals","robots":{"index":"index","follow":"follow","max-snippet":"max-snippet:-1","max-image-preview":"max-image-preview:large","max-video-preview":"max-video-preview:-1"},"canonical":"https:\/\/adchem.al\/al\/raw-materials-production-detergents-cosmetics\/glycerine\/","og_locale":"sq_AL","og_type":"article","og_title":"Glycerine | Albania Distribution Chemicals","og_description":"Product: Glycerine (also known as glycerol) Chemical Formula: C3H8O3 Glycerine is a colorless, odorless, and viscous liquid. It is a versatile compound with a wide range of applications across various industries. Here are five important points about glycerine:","og_url":"https:\/\/adchem.al\/al\/raw-materials-production-detergents-cosmetics\/glycerine\/","og_site_name":"Albania Distribution Chemicals","article_publisher":"https:\/\/www.facebook.com\/albaniadistributionchem\/?ref=py_c","article_modified_time":"2023-06-27T22:02:36+00:00","og_image":[{"width":2560,"height":1244,"url":"https:\/\/adchem.al\/wp-content\/uploads\/2023\/06\/adchem-wallpaper-home.webp-2.webp","type":"image\/webp"}],"twitter_card":"summary_large_image","schema":{"@context":"https:\/\/schema.org","@graph":[{"@type":"WebPage","@id":"https:\/\/adchem.al\/raw-materials-production-detergents-cosmetics\/glycerine\/","url":"https:\/\/adchem.al\/raw-materials-production-detergents-cosmetics\/glycerine\/","name":"Glycerine | Albania Distribution Chemicals","isPartOf":{"@id":"https:\/\/adchem.al\/#website"},"primaryImageOfPage":{"@id":"https:\/\/adchem.al\/raw-materials-production-detergents-cosmetics\/glycerine\/#primaryimage"},"image":{"@id":"https:\/\/adchem.al\/raw-materials-production-detergents-cosmetics\/glycerine\/#primaryimage"},"thumbnailUrl":"https:\/\/adchem.al\/wp-content\/uploads\/2023\/06\/Glycerine.svg","datePublished":"2023-06-25T11:50:23+00:00","dateModified":"2023-06-27T22:02:36+00:00","breadcrumb":{"@id":"https:\/\/adchem.al\/raw-materials-production-detergents-cosmetics\/glycerine\/#breadcrumb"},"inLanguage":"sq","potentialAction":[{"@type":"ReadAction","target":["https:\/\/adchem.al\/raw-materials-production-detergents-cosmetics\/glycerine\/"]}]},{"@type":"ImageObject","inLanguage":"sq","@id":"https:\/\/adchem.al\/raw-materials-production-detergents-cosmetics\/glycerine\/#primaryimage","url":"https:\/\/adchem.al\/wp-content\/uploads\/2023\/06\/Glycerine.svg","contentUrl":"https:\/\/adchem.al\/wp-content\/uploads\/2023\/06\/Glycerine.svg","width":805,"height":353},{"@type":"BreadcrumbList","@id":"https:\/\/adchem.al\/raw-materials-production-detergents-cosmetics\/glycerine\/#breadcrumb","itemListElement":[{"@type":"ListItem","position":1,"name":"Home","item":"https:\/\/adchem.al\/"},{"@type":"ListItem","position":2,"name":"Raw Materials Production Detergents &#038; Cosmetics","item":"https:\/\/adchem.al\/raw-materials-production-detergents-cosmetics\/"},{"@type":"ListItem","position":3,"name":"Glycerine"}]},{"@type":"WebSite","@id":"https:\/\/adchem.al\/#website","url":"https:\/\/adchem.al\/","name":"Albania Distribution Chemicals","description":"&quot;Excellence in Chemical Distribution&quot;","publisher":{"@id":"https:\/\/adchem.al\/#organization"},"alternateName":"ADC","potentialAction":[{"@type":"SearchAction","target":{"@type":"EntryPoint","urlTemplate":"https:\/\/adchem.al\/?s={search_term_string}"},"query-input":{"@type":"PropertyValueSpecification","valueRequired":true,"valueName":"search_term_string"}}],"inLanguage":"sq"},{"@type":"Organization","@id":"https:\/\/adchem.al\/#organization","name":"Albania Distribution Chemicals","alternateName":"ADC","url":"https:\/\/adchem.al\/","logo":{"@type":"ImageObject","inLanguage":"sq","@id":"https:\/\/adchem.al\/#\/schema\/logo\/image\/","url":"https:\/\/adchem.al\/wp-content\/uploads\/2022\/09\/Albania-Distribution-Chemicals-Logo-01.png","contentUrl":"https:\/\/adchem.al\/wp-content\/uploads\/2022\/09\/Albania-Distribution-Chemicals-Logo-01.png","width":308,"height":104,"caption":"Albania Distribution Chemicals"},"image":{"@id":"https:\/\/adchem.al\/#\/schema\/logo\/image\/"},"sameAs":["https:\/\/www.facebook.com\/albaniadistributionchem\/?ref=py_c","https:\/\/www.instagram.com\/albania_distribution_chemicals\/"]}]}},"_links":{"self":[{"href":"https:\/\/adchem.al\/al\/wp-json\/wp\/v2\/pages\/988455","targetHints":{"allow":["GET"]}}],"collection":[{"href":"https:\/\/adchem.al\/al\/wp-json\/wp\/v2\/pages"}],"about":[{"href":"https:\/\/adchem.al\/al\/wp-json\/wp\/v2\/types\/page"}],"author":[{"embeddable":true,"href":"https:\/\/adchem.al\/al\/wp-json\/wp\/v2\/users\/2"}],"replies":[{"embeddable":true,"href":"https:\/\/adchem.al\/al\/wp-json\/wp\/v2\/comments?post=988455"}],"version-history":[{"count":10,"href":"https:\/\/adchem.al\/al\/wp-json\/wp\/v2\/pages\/988455\/revisions"}],"predecessor-version":[{"id":989271,"href":"https:\/\/adchem.al\/al\/wp-json\/wp\/v2\/pages\/988455\/revisions\/989271"}],"up":[{"embeddable":true,"href":"https:\/\/adchem.al\/al\/wp-json\/wp\/v2\/pages\/988391"}],"wp:featuredmedia":[{"embeddable":true,"href":"https:\/\/adchem.al\/al\/wp-json\/wp\/v2\/media\/988456"}],"wp:attachment":[{"href":"https:\/\/adchem.al\/al\/wp-json\/wp\/v2\/media?parent=988455"}],"curies":[{"name":"wp","href":"https:\/\/api.w.org\/{rel}","templated":true}]}}