{"id":988424,"date":"2023-06-25T11:32:20","date_gmt":"2023-06-25T11:32:20","guid":{"rendered":"https:\/\/adchem.al\/?page_id=988424"},"modified":"2023-06-27T21:48:16","modified_gmt":"2023-06-27T21:48:16","slug":"betaine","status":"publish","type":"page","link":"https:\/\/adchem.al\/al\/raw-materials-production-detergents-cosmetics\/betaine\/","title":{"rendered":"Betaine"},"content":{"rendered":"<div data-elementor-type=\"wp-page\" data-elementor-id=\"988424\" class=\"elementor elementor-988424\" data-elementor-post-type=\"page\">\n\t\t\t\t\t\t<section class=\"elementor-section elementor-top-section elementor-element elementor-element-37858afc elementor-section-full_width elementor-section-height-default elementor-section-height-default\" data-id=\"37858afc\" data-element_type=\"section\">\n\t\t\t\t\t\t<div class=\"elementor-container elementor-column-gap-no\">\n\t\t\t\t\t<div class=\"elementor-column elementor-col-100 elementor-top-column elementor-element elementor-element-60bb79bd\" data-id=\"60bb79bd\" data-element_type=\"column\">\n\t\t\t<div class=\"elementor-widget-wrap elementor-element-populated\">\n\t\t\t\t\t\t<div class=\"vamtam-has-theme-widget-styles elementor-element elementor-element-86d4d6c elementor-widget elementor-widget-image\" data-id=\"86d4d6c\" data-element_type=\"widget\" data-widget_type=\"image.default\">\n\t\t\t\t<div class=\"elementor-widget-container\">\n\t\t\t\t\t\t\t\t\t<div class=\"elementor-image\">\n\t\t\t\t\t\t\t\t\t\t\t\t\t\t\t\t<figure class=\"wp-caption\">\n\t\t\t\t\t\t\t\t\t\t\t\t\t\t\t\t<img decoding=\"async\" width=\"186\" height=\"101\" src=\"https:\/\/adchem.al\/wp-content\/uploads\/2023\/06\/Betain_-_Betaine.svg\" class=\"attachment-full size-full wp-image-988425\" alt=\"\" \/>\t\t\t\t\t\t\t\t\t\t\t\t\t\t\t\t\t<figcaption class=\"widget-image-caption wp-caption-text\">Albania Distribution Chemicals<\/figcaption>\n\t\t\t\t\t\t\t\t\t\t\t\t\t\t\t\t<\/figure>\n\t\t\t\t\t\t\t\t\t\t\t\t\t\t<\/div>\n\t\t\t\t\t\t\t\t<\/div>\n\t\t\t\t<\/div>\n\t\t\t\t<div class=\"elementor-element elementor-element-61992a9a elementor-widget elementor-widget-text-editor\" data-id=\"61992a9a\" data-element_type=\"widget\" data-widget_type=\"text-editor.default\">\n\t\t\t\t<div class=\"elementor-widget-container\">\n\t\t\t\t\t\t\t\t\t<div class=\"woocommerce-product-details__short-description\"><p><strong>Produkti: Betaine<\/strong><\/p><p><strong>Formula Kimike: C5H11NO2<\/strong><\/p><p><strong>Informacion rreth produktit:<\/strong><\/p><p>\u2013 Betaina \u00ebsht\u00eb nj\u00eb p\u00ebrb\u00ebrje natyrale q\u00eb i p\u00ebrket klas\u00ebs s\u00eb aminoacideve.<br \/>\u2013 Formula e tij kimike \u00ebsht\u00eb C5H11NO2, dhe rrjedh nga aminoacidi glicin\u00eb.<br \/>\u2013 Betaina gjendet zakonisht n\u00eb burime t\u00eb ndryshme bimore dhe shtazore, duke p\u00ebrfshir\u00eb panxharin, spinaqin, drith\u00ebrat dhe ushqimet e detit.<br \/>\u2013 Luan nj\u00eb rol vendimtar n\u00eb proceset biologjike, si osmorregullimi, reaksionet e metilimit dhe metabolizmi i lipideve dhe aminoacideve.<\/p><p><strong>Informacion p\u00ebr sektorin e p\u00ebrdorimit t\u00eb produktit:<\/strong><\/p><p>1. Kujdesi personal dhe kozmetika:<br \/>\u2013 Betaina p\u00ebrdoret n\u00eb formulimin e produkteve t\u00eb kujdesit personal, t\u00eb tilla si shampo, balsam, lar\u00ebs p\u00ebr trupin dhe kremra. Vepron si nj\u00eb hidratues, duke siguruar hidratim t\u00eb l\u00ebkur\u00ebs dhe flok\u00ebve.<\/p><p>2. Ushqimi dhe ushqyerja e kafsh\u00ebve:<br \/>\u2013 Betaina shtohet n\u00eb formulimet e ushqimit t\u00eb kafsh\u00ebve p\u00ebr t\u00eb p\u00ebrmir\u00ebsuar sh\u00ebndetin e kafsh\u00ebve, performanc\u00ebn e rritjes dhe efikasitetin e ushqimit. Ndihmon n\u00eb osmorregullimin, duke reduktuar efektet e stresit t\u00eb nxeht\u00ebsis\u00eb dhe duke p\u00ebrmir\u00ebsuar p\u00ebrdorimin e l\u00ebnd\u00ebve ushqyese n\u00eb bag\u00ebti.<\/p><p>3. Suplementet dietike:<br \/>\u2013 Betaina \u00ebsht\u00eb n\u00eb dispozicion si nj\u00eb shtes\u00eb diete, shpesh n\u00eb form\u00ebn e betain\u00ebs hidroklorur ose betaine anhydrous. P\u00ebrdoret p\u00ebr t\u00eb mb\u00ebshtetur sh\u00ebndetin e m\u00ebl\u00e7is\u00eb, p\u00ebr t\u00eb promovuar funksionin kardiovaskular dhe p\u00ebr t\u00eb ndihmuar n\u00eb proceset e metilimit n\u00eb trup.<\/p><p>4. Farmaceutik\u00eb:<br \/>\u2013 Betaine ka aplikime farmaceutike dhe mund t\u00eb p\u00ebrdoret n\u00eb zhvillimin e medikamenteve t\u00eb caktuara. Mund t\u00eb p\u00ebrfshihet si nj\u00eb p\u00ebrb\u00ebr\u00ebs aktiv ose si nj\u00eb eksipient n\u00eb formulimet e barnave.<\/p><p>5. Industria e ushqimit dhe pijeve:<br \/>\u2013 Betaina mund t\u00eb p\u00ebrdoret si nj\u00eb p\u00ebrb\u00ebr\u00ebs ushqimor, duke i shtuar funksionalitetin dhe vlerat ushqyese produkteve t\u00eb ndryshme ushqimore. P\u00ebrdoret n\u00eb produktet e pjekura, pijet, salcat dhe salcat p\u00ebr vetit\u00eb e tij p\u00ebr t\u00eb p\u00ebrmir\u00ebsuar arom\u00ebn dhe p\u00ebr t\u00eb mbajtur lag\u00ebshtin\u00eb.<\/p><p>6. Bujq\u00ebsia dhe mbrojtja e bim\u00ebve:<br \/>\u2013 Produktet me baz\u00eb betaine p\u00ebrdoren n\u00eb bujq\u00ebsi si biostimulues dhe mbrojt\u00ebs ndaj stresit p\u00ebr t\u00eb mbjellat. Ato ndihmojn\u00eb n\u00eb p\u00ebrmir\u00ebsimin e toleranc\u00ebs s\u00eb bim\u00ebve ndaj faktor\u00ebve stresues mjedisor\u00eb, t\u00eb till\u00eb si that\u00ebsira, krip\u00ebsia dhe luhatjet e temperatur\u00ebs.<\/p><p>7. Trajtimi i ujit:<br \/>\u2013 Betaine \u00ebsht\u00eb studiuar p\u00ebr p\u00ebrdorimin e saj t\u00eb mundsh\u00ebm n\u00eb aplikimet e trajtimit t\u00eb ujit. Mund t\u00eb ndihmoj\u00eb n\u00eb reduktimin e formimit t\u00eb n\u00ebnprodukteve t\u00eb d\u00ebmshme t\u00eb dezinfektimit dhe n\u00eb p\u00ebrmir\u00ebsimin e cil\u00ebsis\u00eb s\u00eb ujit.<\/p><p>8. Aplikacionet industriale:<br \/>\u2013 Betaina mund t\u00eb p\u00ebrdoret n\u00eb procese t\u00eb ndryshme industriale, si detergjent\u00ebt, l\u00ebngjet e p\u00ebrpunimit t\u00eb metaleve dhe prodhimin e tekstilit. Ndihmon n\u00eb p\u00ebrmir\u00ebsimin e stabilitetit, viskozitetit dhe performanc\u00ebs s\u00eb k\u00ebtyre produkteve.<\/p><p>9. Hulumtimi dhe p\u00ebrdorimi laboratorik:<br \/>\u2013 Betaina p\u00ebrdoret n\u00eb mjedise k\u00ebrkimore shkencore dhe laboratorike si nj\u00eb agjent stabilizues p\u00ebr proteinat dhe enzimat. Ndihmon n\u00eb ruajtjen e aktivitetit dhe struktur\u00ebs s\u00eb tyre n\u00eb kushte t\u00eb ndryshme eksperimentale.<\/p><p>10. Hortikultura dhe Ushqyerja e Bim\u00ebve:<br \/>\u2013 Betaina mund t\u00eb p\u00ebrdoret n\u00eb hortikultur\u00eb dhe ushqimin e bim\u00ebve p\u00ebr t\u00eb p\u00ebrmir\u00ebsuar rritjen e t\u00eb korrave, p\u00ebr t\u00eb p\u00ebrmir\u00ebsuar marrjen e l\u00ebnd\u00ebve ushqyese dhe p\u00ebr t\u00eb zbutur efektet e stresit abiotik tek bim\u00ebt.<\/p><p>Betaine, me aplikimet e saj t\u00eb ndryshme, gjen p\u00ebrdorim n\u00eb produktet e kujdesit personal, ushqimin e kafsh\u00ebve, suplementet dietike, farmaceutik\u00eb, ushqim dhe pije, bujq\u00ebsi, trajtimin e ujit, proceset industriale, k\u00ebrkimin shkencor dhe hortikultur\u00ebn. Origjina e tij natyrore dhe vetit\u00eb funksionale e b\u00ebjn\u00eb at\u00eb nj\u00eb p\u00ebrb\u00ebr\u00ebs t\u00eb vlefsh\u00ebm n\u00eb sektor\u00eb t\u00eb ndrysh\u00ebm.<\/p><\/div>\t\t\t\t\t\t\t\t<\/div>\n\t\t\t\t<\/div>\n\t\t\t\t<section class=\"elementor-section elementor-inner-section elementor-element elementor-element-98ce533 elementor-section-boxed elementor-section-height-default elementor-section-height-default\" data-id=\"98ce533\" data-element_type=\"section\" data-settings=\"{&quot;background_background&quot;:&quot;classic&quot;}\">\n\t\t\t\t\t\t<div class=\"elementor-container elementor-column-gap-no\">\n\t\t\t\t\t<div class=\"elementor-column elementor-col-100 elementor-inner-column elementor-element elementor-element-c9793d5\" data-id=\"c9793d5\" data-element_type=\"column\">\n\t\t\t<div class=\"elementor-widget-wrap elementor-element-populated\">\n\t\t\t\t\t\t<div class=\"elementor-element elementor-element-dbbbad1 elementor-view-default elementor-widget elementor-widget-icon\" data-id=\"dbbbad1\" data-element_type=\"widget\" data-widget_type=\"icon.default\">\n\t\t\t\t<div class=\"elementor-widget-container\">\n\t\t\t\t\t\t\t<div class=\"elementor-icon-wrapper\">\n\t\t\t<div class=\"elementor-icon\">\n\t\t\t<i aria-hidden=\"true\" class=\"vamtamtheme- vamtam-theme-quote-start\"><\/i>\t\t\t<\/div>\n\t\t<\/div>\n\t\t\t\t\t\t<\/div>\n\t\t\t\t<\/div>\n\t\t\t\t<div class=\"elementor-element elementor-element-1658900 elementor-widget elementor-widget-text-editor\" data-id=\"1658900\" data-element_type=\"widget\" data-widget_type=\"text-editor.default\">\n\t\t\t\t<div class=\"elementor-widget-container\">\n\t\t\t\t\t\t\t\t\t<p>\"P\u00ebr \u00e7do informacion, shkruani n\u00eb WhatsApp: Gjith\u00e7ka q\u00eb ju nevojitet, n\u00eb koh\u00eb reale, n\u00eb nj\u00eb mesazh. Na kontaktoni dhe jemi gati t\u00eb ju ndihmojm\u00eb.\"<\/p>\t\t\t\t\t\t\t\t<\/div>\n\t\t\t\t<\/div>\n\t\t\t\t<div class=\"elementor-element elementor-element-5d73912 elementor-widget-divider--view-line elementor-widget elementor-widget-divider\" data-id=\"5d73912\" data-element_type=\"widget\" data-widget_type=\"divider.default\">\n\t\t\t\t<div class=\"elementor-widget-container\">\n\t\t\t\t\t\t\t<div class=\"elementor-divider\">\n\t\t\t<span class=\"elementor-divider-separator\">\n\t\t\t\t\t\t<\/span>\n\t\t<\/div>\n\t\t\t\t\t\t<\/div>\n\t\t\t\t<\/div>\n\t\t\t\t<div class=\"vamtam-has-theme-widget-styles elementor-element elementor-element-bd00ffe elementor-widget__width-auto vamtam-has-underline-anim elementor-widget elementor-widget-button\" data-id=\"bd00ffe\" data-element_type=\"widget\" data-widget_type=\"button.default\">\n\t\t\t\t<div class=\"elementor-widget-container\">\n\t\t\t\t\t\t\t\t\t<div class=\"elementor-button-wrapper\">\n\t\t\t\t\t<a class=\"elementor-button elementor-button-link elementor-size-md\" href=\"https:\/\/wa.me\/355694000260\">\n\t\t\t\t\t\t<span class=\"elementor-button-content-wrapper\">\n\t\t\t\t\t\t<span class=\"elementor-button-icon\">\n\t\t\t\t<i aria-hidden=\"true\" class=\"vamtamtheme- vamtam-theme-icon-arrow-right-top\"><\/i>\t\t\t<\/span>\n\t\t\t\t\t\t\t\t\t<span class=\"elementor-button-text\">Kontaktoni WhatsApp<\/span>\n\t\t\t\t\t<\/span>\n\t\t\t\t\t<\/a>\n\t\t\t\t<\/div>\n\t\t\t\t\t\t\t\t<\/div>\n\t\t\t\t<\/div>\n\t\t\t\t<div class=\"elementor-element elementor-element-c319664 elementor-widget__width-auto elementor-widget elementor-widget-heading\" data-id=\"c319664\" data-element_type=\"widget\" data-widget_type=\"heading.default\">\n\t\t\t\t<div class=\"elementor-widget-container\">\n\t\t\t\t\t<span class=\"elementor-heading-title elementor-size-default\">Albania Distribution Chemicals\n<\/span>\t\t\t\t<\/div>\n\t\t\t\t<\/div>\n\t\t\t\t\t<\/div>\n\t\t<\/div>\n\t\t\t\t\t<\/div>\n\t\t<\/section>\n\t\t\t\t\t<\/div>\n\t\t<\/div>\n\t\t\t\t\t<\/div>\n\t\t<\/section>\n\t\t\t\t<section class=\"elementor-section elementor-top-section elementor-element elementor-element-b3fd502 elementor-section-boxed elementor-section-height-default elementor-section-height-default\" data-id=\"b3fd502\" data-element_type=\"section\">\n\t\t\t\t\t\t<div class=\"elementor-container elementor-column-gap-default\">\n\t\t\t\t\t<div class=\"elementor-column elementor-col-100 elementor-top-column elementor-element elementor-element-a879885\" data-id=\"a879885\" data-element_type=\"column\">\n\t\t\t<div class=\"elementor-widget-wrap elementor-element-populated\">\n\t\t\t\t\t\t<div class=\"elementor-element elementor-element-4a3fe1c elementor-widget elementor-widget-spacer\" data-id=\"4a3fe1c\" data-element_type=\"widget\" data-widget_type=\"spacer.default\">\n\t\t\t\t<div class=\"elementor-widget-container\">\n\t\t\t\t\t\t\t<div class=\"elementor-spacer\">\n\t\t\t<div class=\"elementor-spacer-inner\"><\/div>\n\t\t<\/div>\n\t\t\t\t\t\t<\/div>\n\t\t\t\t<\/div>\n\t\t\t\t<div class=\"vamtam-has-theme-widget-styles elementor-element elementor-element-feed2fe elementor-widget elementor-widget-image\" data-id=\"feed2fe\" data-element_type=\"widget\" data-widget_type=\"image.default\">\n\t\t\t\t<div class=\"elementor-widget-container\">\n\t\t\t\t\t\t\t\t\t<div class=\"elementor-image\">\n\t\t\t\t\t\t\t\t\t\t\t\t\t\t\t\t\t\t\t\t\t<img fetchpriority=\"high\" decoding=\"async\" width=\"8000\" height=\"1355\" src=\"https:\/\/adchem.al\/wp-content\/uploads\/2023\/06\/baner-albania-distribution-chemicals-01.png\" class=\"attachment-full size-full wp-image-987764\" alt=\"\" srcset=\"https:\/\/adchem.al\/wp-content\/uploads\/2023\/06\/baner-albania-distribution-chemicals-01.png 8000w, https:\/\/adchem.al\/wp-content\/uploads\/2023\/06\/baner-albania-distribution-chemicals-01-300x51.png 300w, https:\/\/adchem.al\/wp-content\/uploads\/2023\/06\/baner-albania-distribution-chemicals-01-1024x173.png 1024w, https:\/\/adchem.al\/wp-content\/uploads\/2023\/06\/baner-albania-distribution-chemicals-01-768x130.png 768w, https:\/\/adchem.al\/wp-content\/uploads\/2023\/06\/baner-albania-distribution-chemicals-01-1536x260.png 1536w, https:\/\/adchem.al\/wp-content\/uploads\/2023\/06\/baner-albania-distribution-chemicals-01-2048x347.png 2048w\" sizes=\"(max-width: 8000px) 100vw, 8000px\" \/>\t\t\t\t\t\t\t\t\t\t\t\t\t\t\t\t\t\t\t\t\t\t\t\t<\/div>\n\t\t\t\t\t\t\t\t<\/div>\n\t\t\t\t<\/div>\n\t\t\t\t\t<\/div>\n\t\t<\/div>\n\t\t\t\t\t<\/div>\n\t\t<\/section>\n\t\t\t\t<\/div>","protected":false},"excerpt":{"rendered":"<p>Produkti: Betaine<\/p>\n<p>Formula Kimike: C5H11NO2<\/p>\n<p>Informacion rreth produktit:<\/p>\n<p>\u2013 Betaina \u00ebsht\u00eb nj\u00eb p\u00ebrb\u00ebrje natyrale q\u00eb i p\u00ebrket klas\u00ebs s\u00eb aminoacideve.<br \/>\n\u2013 Formula e tij kimike \u00ebsht\u00eb C5H11NO2, dhe rrjedh nga aminoacidi glicin\u00eb.<br \/>\n\u2013 Betaina gjendet zakonisht n\u00eb burime t\u00eb ndryshme bimore dhe shtazore, duke p\u00ebrfshir\u00eb panxharin, spinaqin, drith\u00ebrat dhe ushqimet e detit.<br \/>\n\u2013 Luan nj\u00eb rol vendimtar n\u00eb proceset biologjike, si osmorregullimi, reaksionet e metilimit dhe metabolizmi i lipideve dhe aminoacideve.<\/p>","protected":false},"author":2,"featured_media":988425,"parent":988391,"menu_order":0,"comment_status":"closed","ping_status":"closed","template":"","meta":{"inline_featured_image":false,"footnotes":""},"class_list":["post-988424","page","type-page","status-publish","has-post-thumbnail","hentry"],"yoast_head":"<!-- This site is optimized with the Yoast SEO plugin v27.4 - https:\/\/yoast.com\/product\/yoast-seo-wordpress\/ -->\n<title>Betaine | Albania Distribution Chemicals<\/title>\n<meta name=\"robots\" content=\"index, follow, max-snippet:-1, max-image-preview:large, max-video-preview:-1\" \/>\n<link rel=\"canonical\" href=\"https:\/\/adchem.al\/al\/raw-materials-production-detergents-cosmetics\/betaine\/\" \/>\n<meta property=\"og:locale\" content=\"sq_AL\" \/>\n<meta property=\"og:type\" content=\"article\" \/>\n<meta property=\"og:title\" content=\"Betaine | Albania Distribution Chemicals\" \/>\n<meta property=\"og:description\" content=\"Product: Betaine Chemical Formula: C5H11NO2 Information about the product: - Betaine is a naturally occurring compound that belongs to the class of amino acids. - Its chemical formula is C5H11NO2, and it is derived from the amino acid glycine. - Betaine is commonly found in various plant and animal sources, including beets, spinach, grains, and seafood. - It plays a crucial role in biological processes, such as osmoregulation, methylation reactions, and the metabolism of lipids and amino acids.\" \/>\n<meta property=\"og:url\" content=\"https:\/\/adchem.al\/al\/raw-materials-production-detergents-cosmetics\/betaine\/\" \/>\n<meta property=\"og:site_name\" content=\"Albania Distribution Chemicals\" \/>\n<meta property=\"article:publisher\" content=\"https:\/\/www.facebook.com\/albaniadistributionchem\/?ref=py_c\" \/>\n<meta property=\"article:modified_time\" content=\"2023-06-27T21:48:16+00:00\" \/>\n<meta property=\"og:image\" content=\"https:\/\/adchem.al\/wp-content\/uploads\/2023\/06\/adchem-wallpaper-home.webp-2.webp\" \/>\n\t<meta property=\"og:image:width\" content=\"2560\" \/>\n\t<meta property=\"og:image:height\" content=\"1244\" \/>\n\t<meta property=\"og:image:type\" content=\"image\/webp\" \/>\n<meta name=\"twitter:card\" content=\"summary_large_image\" \/>\n<script type=\"application\/ld+json\" class=\"yoast-schema-graph\">{\"@context\":\"https:\\\/\\\/schema.org\",\"@graph\":[{\"@type\":\"WebPage\",\"@id\":\"https:\\\/\\\/adchem.al\\\/raw-materials-production-detergents-cosmetics\\\/betaine\\\/\",\"url\":\"https:\\\/\\\/adchem.al\\\/raw-materials-production-detergents-cosmetics\\\/betaine\\\/\",\"name\":\"Betaine | Albania Distribution Chemicals\",\"isPartOf\":{\"@id\":\"https:\\\/\\\/adchem.al\\\/#website\"},\"primaryImageOfPage\":{\"@id\":\"https:\\\/\\\/adchem.al\\\/raw-materials-production-detergents-cosmetics\\\/betaine\\\/#primaryimage\"},\"image\":{\"@id\":\"https:\\\/\\\/adchem.al\\\/raw-materials-production-detergents-cosmetics\\\/betaine\\\/#primaryimage\"},\"thumbnailUrl\":\"https:\\\/\\\/adchem.al\\\/wp-content\\\/uploads\\\/2023\\\/06\\\/Betain_-_Betaine.svg\",\"datePublished\":\"2023-06-25T11:32:20+00:00\",\"dateModified\":\"2023-06-27T21:48:16+00:00\",\"breadcrumb\":{\"@id\":\"https:\\\/\\\/adchem.al\\\/raw-materials-production-detergents-cosmetics\\\/betaine\\\/#breadcrumb\"},\"inLanguage\":\"sq\",\"potentialAction\":[{\"@type\":\"ReadAction\",\"target\":[\"https:\\\/\\\/adchem.al\\\/raw-materials-production-detergents-cosmetics\\\/betaine\\\/\"]}]},{\"@type\":\"ImageObject\",\"inLanguage\":\"sq\",\"@id\":\"https:\\\/\\\/adchem.al\\\/raw-materials-production-detergents-cosmetics\\\/betaine\\\/#primaryimage\",\"url\":\"https:\\\/\\\/adchem.al\\\/wp-content\\\/uploads\\\/2023\\\/06\\\/Betain_-_Betaine.svg\",\"contentUrl\":\"https:\\\/\\\/adchem.al\\\/wp-content\\\/uploads\\\/2023\\\/06\\\/Betain_-_Betaine.svg\",\"width\":186,\"height\":101},{\"@type\":\"BreadcrumbList\",\"@id\":\"https:\\\/\\\/adchem.al\\\/raw-materials-production-detergents-cosmetics\\\/betaine\\\/#breadcrumb\",\"itemListElement\":[{\"@type\":\"ListItem\",\"position\":1,\"name\":\"Home\",\"item\":\"https:\\\/\\\/adchem.al\\\/\"},{\"@type\":\"ListItem\",\"position\":2,\"name\":\"Raw Materials Production Detergents &#038; Cosmetics\",\"item\":\"https:\\\/\\\/adchem.al\\\/raw-materials-production-detergents-cosmetics\\\/\"},{\"@type\":\"ListItem\",\"position\":3,\"name\":\"Betaine\"}]},{\"@type\":\"WebSite\",\"@id\":\"https:\\\/\\\/adchem.al\\\/#website\",\"url\":\"https:\\\/\\\/adchem.al\\\/\",\"name\":\"Albania Distribution Chemicals\",\"description\":\"&quot;Excellence in Chemical Distribution&quot;\",\"publisher\":{\"@id\":\"https:\\\/\\\/adchem.al\\\/#organization\"},\"alternateName\":\"ADC\",\"potentialAction\":[{\"@type\":\"SearchAction\",\"target\":{\"@type\":\"EntryPoint\",\"urlTemplate\":\"https:\\\/\\\/adchem.al\\\/?s={search_term_string}\"},\"query-input\":{\"@type\":\"PropertyValueSpecification\",\"valueRequired\":true,\"valueName\":\"search_term_string\"}}],\"inLanguage\":\"sq\"},{\"@type\":\"Organization\",\"@id\":\"https:\\\/\\\/adchem.al\\\/#organization\",\"name\":\"Albania Distribution Chemicals\",\"alternateName\":\"ADC\",\"url\":\"https:\\\/\\\/adchem.al\\\/\",\"logo\":{\"@type\":\"ImageObject\",\"inLanguage\":\"sq\",\"@id\":\"https:\\\/\\\/adchem.al\\\/#\\\/schema\\\/logo\\\/image\\\/\",\"url\":\"https:\\\/\\\/adchem.al\\\/wp-content\\\/uploads\\\/2022\\\/09\\\/Albania-Distribution-Chemicals-Logo-01.png\",\"contentUrl\":\"https:\\\/\\\/adchem.al\\\/wp-content\\\/uploads\\\/2022\\\/09\\\/Albania-Distribution-Chemicals-Logo-01.png\",\"width\":308,\"height\":104,\"caption\":\"Albania Distribution Chemicals\"},\"image\":{\"@id\":\"https:\\\/\\\/adchem.al\\\/#\\\/schema\\\/logo\\\/image\\\/\"},\"sameAs\":[\"https:\\\/\\\/www.facebook.com\\\/albaniadistributionchem\\\/?ref=py_c\",\"https:\\\/\\\/www.instagram.com\\\/albania_distribution_chemicals\\\/\"]}]}<\/script>\n<!-- \/ Yoast SEO plugin. -->","yoast_head_json":{"title":"Betaine | Albania Distribution Chemicals","robots":{"index":"index","follow":"follow","max-snippet":"max-snippet:-1","max-image-preview":"max-image-preview:large","max-video-preview":"max-video-preview:-1"},"canonical":"https:\/\/adchem.al\/al\/raw-materials-production-detergents-cosmetics\/betaine\/","og_locale":"sq_AL","og_type":"article","og_title":"Betaine | Albania Distribution Chemicals","og_description":"Product: Betaine Chemical Formula: C5H11NO2 Information about the product: - Betaine is a naturally occurring compound that belongs to the class of amino acids. - Its chemical formula is C5H11NO2, and it is derived from the amino acid glycine. - Betaine is commonly found in various plant and animal sources, including beets, spinach, grains, and seafood. - It plays a crucial role in biological processes, such as osmoregulation, methylation reactions, and the metabolism of lipids and amino acids.","og_url":"https:\/\/adchem.al\/al\/raw-materials-production-detergents-cosmetics\/betaine\/","og_site_name":"Albania Distribution Chemicals","article_publisher":"https:\/\/www.facebook.com\/albaniadistributionchem\/?ref=py_c","article_modified_time":"2023-06-27T21:48:16+00:00","og_image":[{"width":2560,"height":1244,"url":"https:\/\/adchem.al\/wp-content\/uploads\/2023\/06\/adchem-wallpaper-home.webp-2.webp","type":"image\/webp"}],"twitter_card":"summary_large_image","schema":{"@context":"https:\/\/schema.org","@graph":[{"@type":"WebPage","@id":"https:\/\/adchem.al\/raw-materials-production-detergents-cosmetics\/betaine\/","url":"https:\/\/adchem.al\/raw-materials-production-detergents-cosmetics\/betaine\/","name":"Betaine | Albania Distribution Chemicals","isPartOf":{"@id":"https:\/\/adchem.al\/#website"},"primaryImageOfPage":{"@id":"https:\/\/adchem.al\/raw-materials-production-detergents-cosmetics\/betaine\/#primaryimage"},"image":{"@id":"https:\/\/adchem.al\/raw-materials-production-detergents-cosmetics\/betaine\/#primaryimage"},"thumbnailUrl":"https:\/\/adchem.al\/wp-content\/uploads\/2023\/06\/Betain_-_Betaine.svg","datePublished":"2023-06-25T11:32:20+00:00","dateModified":"2023-06-27T21:48:16+00:00","breadcrumb":{"@id":"https:\/\/adchem.al\/raw-materials-production-detergents-cosmetics\/betaine\/#breadcrumb"},"inLanguage":"sq","potentialAction":[{"@type":"ReadAction","target":["https:\/\/adchem.al\/raw-materials-production-detergents-cosmetics\/betaine\/"]}]},{"@type":"ImageObject","inLanguage":"sq","@id":"https:\/\/adchem.al\/raw-materials-production-detergents-cosmetics\/betaine\/#primaryimage","url":"https:\/\/adchem.al\/wp-content\/uploads\/2023\/06\/Betain_-_Betaine.svg","contentUrl":"https:\/\/adchem.al\/wp-content\/uploads\/2023\/06\/Betain_-_Betaine.svg","width":186,"height":101},{"@type":"BreadcrumbList","@id":"https:\/\/adchem.al\/raw-materials-production-detergents-cosmetics\/betaine\/#breadcrumb","itemListElement":[{"@type":"ListItem","position":1,"name":"Home","item":"https:\/\/adchem.al\/"},{"@type":"ListItem","position":2,"name":"Raw Materials Production Detergents &#038; Cosmetics","item":"https:\/\/adchem.al\/raw-materials-production-detergents-cosmetics\/"},{"@type":"ListItem","position":3,"name":"Betaine"}]},{"@type":"WebSite","@id":"https:\/\/adchem.al\/#website","url":"https:\/\/adchem.al\/","name":"Albania Distribution Chemicals","description":"&quot;Excellence in Chemical Distribution&quot;","publisher":{"@id":"https:\/\/adchem.al\/#organization"},"alternateName":"ADC","potentialAction":[{"@type":"SearchAction","target":{"@type":"EntryPoint","urlTemplate":"https:\/\/adchem.al\/?s={search_term_string}"},"query-input":{"@type":"PropertyValueSpecification","valueRequired":true,"valueName":"search_term_string"}}],"inLanguage":"sq"},{"@type":"Organization","@id":"https:\/\/adchem.al\/#organization","name":"Albania Distribution Chemicals","alternateName":"ADC","url":"https:\/\/adchem.al\/","logo":{"@type":"ImageObject","inLanguage":"sq","@id":"https:\/\/adchem.al\/#\/schema\/logo\/image\/","url":"https:\/\/adchem.al\/wp-content\/uploads\/2022\/09\/Albania-Distribution-Chemicals-Logo-01.png","contentUrl":"https:\/\/adchem.al\/wp-content\/uploads\/2022\/09\/Albania-Distribution-Chemicals-Logo-01.png","width":308,"height":104,"caption":"Albania Distribution Chemicals"},"image":{"@id":"https:\/\/adchem.al\/#\/schema\/logo\/image\/"},"sameAs":["https:\/\/www.facebook.com\/albaniadistributionchem\/?ref=py_c","https:\/\/www.instagram.com\/albania_distribution_chemicals\/"]}]}},"_links":{"self":[{"href":"https:\/\/adchem.al\/al\/wp-json\/wp\/v2\/pages\/988424","targetHints":{"allow":["GET"]}}],"collection":[{"href":"https:\/\/adchem.al\/al\/wp-json\/wp\/v2\/pages"}],"about":[{"href":"https:\/\/adchem.al\/al\/wp-json\/wp\/v2\/types\/page"}],"author":[{"embeddable":true,"href":"https:\/\/adchem.al\/al\/wp-json\/wp\/v2\/users\/2"}],"replies":[{"embeddable":true,"href":"https:\/\/adchem.al\/al\/wp-json\/wp\/v2\/comments?post=988424"}],"version-history":[{"count":10,"href":"https:\/\/adchem.al\/al\/wp-json\/wp\/v2\/pages\/988424\/revisions"}],"predecessor-version":[{"id":989259,"href":"https:\/\/adchem.al\/al\/wp-json\/wp\/v2\/pages\/988424\/revisions\/989259"}],"up":[{"embeddable":true,"href":"https:\/\/adchem.al\/al\/wp-json\/wp\/v2\/pages\/988391"}],"wp:featuredmedia":[{"embeddable":true,"href":"https:\/\/adchem.al\/al\/wp-json\/wp\/v2\/media\/988425"}],"wp:attachment":[{"href":"https:\/\/adchem.al\/al\/wp-json\/wp\/v2\/media?parent=988424"}],"curies":[{"name":"wp","href":"https:\/\/api.w.org\/{rel}","templated":true}]}}