{"id":988350,"date":"2023-06-24T21:46:21","date_gmt":"2023-06-24T21:46:21","guid":{"rendered":"https:\/\/adchem.al\/?page_id=988350"},"modified":"2023-06-27T21:46:20","modified_gmt":"2023-06-27T21:46:20","slug":"tablet-chlorine-90","status":"publish","type":"page","link":"https:\/\/adchem.al\/al\/water-treatmens\/tablet-chlorine-90\/","title":{"rendered":"Tableta Klor 90%"},"content":{"rendered":"<div data-elementor-type=\"wp-page\" data-elementor-id=\"988350\" class=\"elementor elementor-988350\" data-elementor-post-type=\"page\">\n\t\t\t\t\t\t<section class=\"elementor-section elementor-top-section elementor-element elementor-element-37858afc elementor-section-full_width elementor-section-height-default elementor-section-height-default\" data-id=\"37858afc\" data-element_type=\"section\">\n\t\t\t\t\t\t<div class=\"elementor-container elementor-column-gap-no\">\n\t\t\t\t\t<div class=\"elementor-column elementor-col-100 elementor-top-column elementor-element elementor-element-60bb79bd\" data-id=\"60bb79bd\" data-element_type=\"column\">\n\t\t\t<div class=\"elementor-widget-wrap elementor-element-populated\">\n\t\t\t\t\t\t<div class=\"vamtam-has-theme-widget-styles elementor-element elementor-element-5c05129 elementor-widget elementor-widget-image\" data-id=\"5c05129\" data-element_type=\"widget\" data-widget_type=\"image.default\">\n\t\t\t\t<div class=\"elementor-widget-container\">\n\t\t\t\t\t\t\t\t\t<div class=\"elementor-image\">\n\t\t\t\t\t\t\t\t\t\t\t\t\t\t\t\t<figure class=\"wp-caption\">\n\t\t\t\t\t\t\t\t\t\t\t\t\t\t\t\t<img fetchpriority=\"high\" decoding=\"async\" width=\"250\" height=\"250\" src=\"https:\/\/adchem.al\/wp-content\/uploads\/2023\/06\/22933.png\" class=\"attachment-full size-full wp-image-988290\" alt=\"\" srcset=\"https:\/\/adchem.al\/wp-content\/uploads\/2023\/06\/22933.png 250w, https:\/\/adchem.al\/wp-content\/uploads\/2023\/06\/22933-150x150.png 150w\" sizes=\"(max-width: 250px) 100vw, 250px\" \/>\t\t\t\t\t\t\t\t\t\t\t\t\t\t\t\t\t<figcaption class=\"widget-image-caption wp-caption-text\">Albania Distribution Chemicals<\/figcaption>\n\t\t\t\t\t\t\t\t\t\t\t\t\t\t\t\t<\/figure>\n\t\t\t\t\t\t\t\t\t\t\t\t\t\t<\/div>\n\t\t\t\t\t\t\t\t<\/div>\n\t\t\t\t<\/div>\n\t\t\t\t<div class=\"elementor-element elementor-element-61992a9a elementor-widget elementor-widget-text-editor\" data-id=\"61992a9a\" data-element_type=\"widget\" data-widget_type=\"text-editor.default\">\n\t\t\t\t<div class=\"elementor-widget-container\">\n\t\t\t\t\t\t\t\t\t<div class=\"woocommerce-product-details__short-description\"><div class=\"woocommerce-product-details__short-description\"><div id=\"content\" class=\"site-content\"><div class=\"stm-products-catalog\"><div class=\"container\"><div class=\"row\"><div class=\"col-md-12 man_main_sidebar\"><div class=\"content-area\"><div id=\"product-2262\" class=\"product type-product post-2262 status-publish first instock product_cat-swimming-pools-water-treatments product_tag-water-treatment has-post-thumbnail shipping-taxable product-type-simple\"><div class=\"woocommerce-tabs wc-tabs-wrapper\"><div id=\"tab-description\" class=\"woocommerce-Tabs-panel woocommerce-Tabs-panel--description panel entry-content wc-tab\" role=\"tabpanel\" aria-labelledby=\"tab-title-description\"><div class=\"woocommerce-product-details__short-description\"><div class=\"woocommerce-product-details__short-description\"><p><strong>Produkti: Tablet\u00eb Klor 90%<\/strong><\/p><p><strong>Formula Kimike: Nuk ofrohet<\/strong><\/p><p><strong>Informacion rreth produktit:<\/strong><\/p><p>\u2013 Klori i tabletave 90% \u00ebsht\u00eb nj\u00eb dezinfektues me baz\u00eb klori q\u00eb p\u00ebrdoret zakonisht p\u00ebr trajtimin e ujit dhe p\u00ebr q\u00ebllime dezinfektimi.<br \/>\u2013 Tabletat jan\u00eb nj\u00eb form\u00eb e p\u00ebrshtatshme e klorit, q\u00eb ofron dozim t\u00eb kontrolluar dhe t\u00eb q\u00ebndruesh\u00ebm.<br \/>\u2013 Formula e sakt\u00eb kimike mund t\u00eb ndryshoj\u00eb n\u00eb var\u00ebsi t\u00eb p\u00ebrb\u00ebrjes specifike t\u00eb tablet\u00ebs, por zakonisht p\u00ebrmban komponime klori si hipokloriti i kalciumit ose dikloroizocianurati i natriumit.<\/p><p><strong>Informacion p\u00ebr sektorin e p\u00ebrdorimit t\u00eb produktit:<\/strong><\/p><p>1. Mir\u00ebmbajtja e pishin\u00ebs dhe spa:<br \/>\u2013 Klori i tabletave 90% p\u00ebrdoret gjer\u00ebsisht n\u00eb pishina dhe banja p\u00ebr t\u00eb ruajtur higjien\u00ebn dhe dezinfektimin e duhur t\u00eb ujit. Tabletat shp\u00ebrndahen gradualisht, duke l\u00ebshuar klor n\u00eb uj\u00eb p\u00ebr t\u00eb vrar\u00eb bakteret, algat dhe mikroorganizmat e tjer\u00eb.<\/p><p>2. Impiantet e trajtimit t\u00eb ujit:<br \/>\u2013 Klori i tabletave 90% mund t\u00eb p\u00ebrdoret n\u00eb impiantet e trajtimit t\u00eb ujit si nj\u00eb dezinfektues efektiv. P\u00ebrdoret p\u00ebr trajtimin e ujit t\u00eb pijsh\u00ebm, uj\u00ebrave t\u00eb zeza dhe sistemeve t\u00eb ujit industrial p\u00ebr t\u00eb siguruar uj\u00eb t\u00eb sigurt dhe t\u00eb past\u00ebr p\u00ebr konsum ose procese industriale.<\/p><p>3. Pastrimi i ujit t\u00eb sht\u00ebpis\u00eb:<br \/>\u2013 Tabletat me klor 90% mund t\u00eb p\u00ebrdoren nga individ\u00eb p\u00ebr t\u00eb pastruar ujin p\u00ebr kampe, sh\u00ebtitje ose gatishm\u00ebri emergjente. Tabletat i shtohen ujit t\u00eb patrajtuar p\u00ebr t\u00eb vrar\u00eb bakteret, viruset dhe parazit\u00ebt e d\u00ebmsh\u00ebm, duke e b\u00ebr\u00eb ujin t\u00eb sigurt p\u00ebr pije.<\/p><p>4. Industria e ushqimit dhe pijeve:<br \/>\u2013 Klori i tabletave 90% p\u00ebrdoret n\u00eb industrin\u00eb e ushqimit dhe pijeve p\u00ebr dezinfektimin e pajisjeve, en\u00ebve dhe sip\u00ebrfaqeve. Ndihmon n\u00eb eliminimin e baktereve dhe patogjen\u00ebve q\u00eb mund t\u00eb kontaminojn\u00eb produktet ushqimore gjat\u00eb p\u00ebrpunimit dhe trajtimit.<\/p><p>5. Bujq\u00ebsia dhe Hortikultura:<br \/>\u2013 Tabletat e klorit 90% mund t\u00eb aplikohen n\u00eb bujq\u00ebsi dhe hortikultur\u00eb p\u00ebr dezinfektimin e sistemeve t\u00eb ujitjes, rezervuar\u00ebve t\u00eb depozitimit t\u00eb ujit dhe sip\u00ebrfaqeve t\u00eb serrave. Ndihmon n\u00eb kontrollin e rritjes s\u00eb algave, k\u00ebrpudhave dhe mikroorganizmave t\u00eb tjer\u00eb t\u00eb d\u00ebmsh\u00ebm.<\/p><p>6. Dezinfektimi industrial:<br \/>\u2013 Klori i tabletave 90% gjen aplikime n\u00eb sektor\u00eb t\u00eb ndrysh\u00ebm industrial\u00eb p\u00ebr q\u00ebllime dezinfektimi. Mund t\u00eb p\u00ebrdoret p\u00ebr t\u00eb dezinfektuar kullat ftoh\u00ebse, sistemet e trajtimit t\u00eb uj\u00ebrave t\u00eb zeza industriale dhe procese t\u00eb tjera industriale q\u00eb k\u00ebrkojn\u00eb kontroll mikrobik.<\/p><p>7. Veterinaria dhe Blegtoria:<br \/>\u2013 Klori i tabletave 90% p\u00ebrdoret n\u00eb klinikat veterinare dhe objektet e blegtoris\u00eb p\u00ebr dezinfektimin dhe higjien\u00ebn e ujit. Ndihmon n\u00eb parandalimin e p\u00ebrhapjes s\u00eb s\u00ebmundjeve dhe siguron mir\u00ebqenien e kafsh\u00ebve.<\/p><p>8. Objektet spitalore dhe sh\u00ebndet\u00ebsore:<br \/>\u2013 Tabletat me klor 90% mund t\u00eb p\u00ebrdoren n\u00eb ambiente spitalore dhe sh\u00ebndet\u00ebsore p\u00ebr dezinfektimin e sip\u00ebrfaqeve, pajisjeve dhe instrumenteve. Ndihmon n\u00eb kontrollin e infeksioneve t\u00eb lidhura me kujdesin sh\u00ebndet\u00ebsor dhe ruajtjen e nj\u00eb mjedisi steril.<\/p><p>9. Sh\u00ebndeti Publik dhe Higjiena:<br \/>\u2013 Klori i tabletave 90% p\u00ebrdoret n\u00eb iniciativat e sh\u00ebndetit publik dhe kanalizimeve, ve\u00e7an\u00ebrisht n\u00eb zonat me akses t\u00eb kufizuar n\u00eb uj\u00eb t\u00eb past\u00ebr. Mund t\u00eb p\u00ebrdoret p\u00ebr dezinfektimin e burimeve t\u00eb ujit, p\u00ebrmir\u00ebsimin e kanalizimeve n\u00eb komunitete dhe parandalimin e p\u00ebrhapjes s\u00eb s\u00ebmundjeve q\u00eb vijn\u00eb nga uji.<\/p><p>10. Objektet e notit komunal dhe komercial:<br \/>\u2013 Klori i tabletave 90% p\u00ebrdoret zakonisht n\u00eb pishinat komunale, parqet ujore dhe objektet komerciale t\u00eb notit. Siguron dezinfektimin e duhur t\u00eb ujit, duke ruajtur nj\u00eb mjedis noti t\u00eb sigurt dhe higjienik p\u00ebr publikun.<\/p><p>Tableta klori 90% \u00ebsht\u00eb nj\u00eb dezinfektues i p\u00ebrshtatsh\u00ebm dhe efektiv me baz\u00eb klori q\u00eb p\u00ebrdoret n\u00eb sektor\u00eb t\u00eb ndrysh\u00ebm p\u00ebr q\u00ebllime t\u00eb trajtimit t\u00eb ujit, kanalizimeve dhe dezinfektimit. Aplikimet e tij variojn\u00eb nga mir\u00ebmbajtja e pishinave te impiantet e trajtimit t\u00eb ujit, pastrimi i ujit n\u00eb sht\u00ebpi, industria e ushqimit dhe pijeve, bujq\u00ebsia, dezinfektimi industrial, kujdesi veterinar, objektet e kujdesit sh\u00ebndet\u00ebsor, iniciativat e sh\u00ebndetit publik dhe objektet komunale t\u00eb notit. Duhet t\u00eb ndiqen udh\u00ebzimet e duhura t\u00eb trajtimit dhe dozimit p\u00ebr t\u00eb siguruar p\u00ebrdorim t\u00eb sigurt dhe efektiv t\u00eb produktit.<\/p><\/div><\/div><\/div><\/div><\/div><\/div><\/div><\/div><\/div><\/div><\/div><\/div><\/div>\t\t\t\t\t\t\t\t<\/div>\n\t\t\t\t<\/div>\n\t\t\t\t<section class=\"elementor-section elementor-inner-section elementor-element elementor-element-a0b75d4 elementor-section-boxed elementor-section-height-default elementor-section-height-default\" data-id=\"a0b75d4\" data-element_type=\"section\" data-settings=\"{&quot;background_background&quot;:&quot;classic&quot;}\">\n\t\t\t\t\t\t<div class=\"elementor-container elementor-column-gap-no\">\n\t\t\t\t\t<div class=\"elementor-column elementor-col-100 elementor-inner-column elementor-element elementor-element-6fa4d4f\" data-id=\"6fa4d4f\" data-element_type=\"column\">\n\t\t\t<div class=\"elementor-widget-wrap elementor-element-populated\">\n\t\t\t\t\t\t<div class=\"elementor-element elementor-element-248c47d elementor-view-default elementor-widget elementor-widget-icon\" data-id=\"248c47d\" data-element_type=\"widget\" data-widget_type=\"icon.default\">\n\t\t\t\t<div class=\"elementor-widget-container\">\n\t\t\t\t\t\t\t<div class=\"elementor-icon-wrapper\">\n\t\t\t<div class=\"elementor-icon\">\n\t\t\t<i aria-hidden=\"true\" class=\"vamtamtheme- vamtam-theme-quote-start\"><\/i>\t\t\t<\/div>\n\t\t<\/div>\n\t\t\t\t\t\t<\/div>\n\t\t\t\t<\/div>\n\t\t\t\t<div class=\"elementor-element elementor-element-c28b1b1 elementor-widget elementor-widget-text-editor\" data-id=\"c28b1b1\" data-element_type=\"widget\" data-widget_type=\"text-editor.default\">\n\t\t\t\t<div class=\"elementor-widget-container\">\n\t\t\t\t\t\t\t\t\t<p>\"P\u00ebr \u00e7do informacion, shkruani n\u00eb WhatsApp: Gjith\u00e7ka q\u00eb ju nevojitet, n\u00eb koh\u00eb reale, n\u00eb nj\u00eb mesazh. Na kontaktoni dhe jemi gati t\u00eb ju ndihmojm\u00eb.\"<\/p>\t\t\t\t\t\t\t\t<\/div>\n\t\t\t\t<\/div>\n\t\t\t\t<div class=\"elementor-element elementor-element-6caaf51 elementor-widget-divider--view-line elementor-widget elementor-widget-divider\" data-id=\"6caaf51\" data-element_type=\"widget\" data-widget_type=\"divider.default\">\n\t\t\t\t<div class=\"elementor-widget-container\">\n\t\t\t\t\t\t\t<div class=\"elementor-divider\">\n\t\t\t<span class=\"elementor-divider-separator\">\n\t\t\t\t\t\t<\/span>\n\t\t<\/div>\n\t\t\t\t\t\t<\/div>\n\t\t\t\t<\/div>\n\t\t\t\t<div class=\"vamtam-has-theme-widget-styles elementor-element elementor-element-655c139 elementor-widget__width-auto vamtam-has-underline-anim elementor-widget elementor-widget-button\" data-id=\"655c139\" data-element_type=\"widget\" data-widget_type=\"button.default\">\n\t\t\t\t<div class=\"elementor-widget-container\">\n\t\t\t\t\t\t\t\t\t<div class=\"elementor-button-wrapper\">\n\t\t\t\t\t<a class=\"elementor-button elementor-button-link elementor-size-md\" href=\"https:\/\/wa.me\/355694000260\">\n\t\t\t\t\t\t<span class=\"elementor-button-content-wrapper\">\n\t\t\t\t\t\t<span class=\"elementor-button-icon\">\n\t\t\t\t<i aria-hidden=\"true\" class=\"vamtamtheme- vamtam-theme-icon-arrow-right-top\"><\/i>\t\t\t<\/span>\n\t\t\t\t\t\t\t\t\t<span class=\"elementor-button-text\">Kontaktoni WhatsApp<\/span>\n\t\t\t\t\t<\/span>\n\t\t\t\t\t<\/a>\n\t\t\t\t<\/div>\n\t\t\t\t\t\t\t\t<\/div>\n\t\t\t\t<\/div>\n\t\t\t\t<div class=\"elementor-element elementor-element-0c03080 elementor-widget__width-auto elementor-widget elementor-widget-heading\" data-id=\"0c03080\" data-element_type=\"widget\" data-widget_type=\"heading.default\">\n\t\t\t\t<div class=\"elementor-widget-container\">\n\t\t\t\t\t<span class=\"elementor-heading-title elementor-size-default\">Albania Distribution Chemicals\n<\/span>\t\t\t\t<\/div>\n\t\t\t\t<\/div>\n\t\t\t\t\t<\/div>\n\t\t<\/div>\n\t\t\t\t\t<\/div>\n\t\t<\/section>\n\t\t\t\t\t<\/div>\n\t\t<\/div>\n\t\t\t\t\t<\/div>\n\t\t<\/section>\n\t\t\t\t<section class=\"elementor-section elementor-top-section elementor-element elementor-element-b3fd502 elementor-section-boxed elementor-section-height-default elementor-section-height-default\" data-id=\"b3fd502\" data-element_type=\"section\">\n\t\t\t\t\t\t<div class=\"elementor-container elementor-column-gap-default\">\n\t\t\t\t\t<div class=\"elementor-column elementor-col-100 elementor-top-column elementor-element elementor-element-a879885\" data-id=\"a879885\" data-element_type=\"column\">\n\t\t\t<div class=\"elementor-widget-wrap elementor-element-populated\">\n\t\t\t\t\t\t<div class=\"elementor-element elementor-element-4a3fe1c elementor-widget elementor-widget-spacer\" data-id=\"4a3fe1c\" data-element_type=\"widget\" data-widget_type=\"spacer.default\">\n\t\t\t\t<div class=\"elementor-widget-container\">\n\t\t\t\t\t\t\t<div class=\"elementor-spacer\">\n\t\t\t<div class=\"elementor-spacer-inner\"><\/div>\n\t\t<\/div>\n\t\t\t\t\t\t<\/div>\n\t\t\t\t<\/div>\n\t\t\t\t<div class=\"vamtam-has-theme-widget-styles elementor-element elementor-element-feed2fe elementor-widget elementor-widget-image\" data-id=\"feed2fe\" data-element_type=\"widget\" data-widget_type=\"image.default\">\n\t\t\t\t<div class=\"elementor-widget-container\">\n\t\t\t\t\t\t\t\t\t<div class=\"elementor-image\">\n\t\t\t\t\t\t\t\t\t\t\t\t\t\t\t\t\t\t\t\t\t<img decoding=\"async\" width=\"8000\" height=\"1355\" src=\"https:\/\/adchem.al\/wp-content\/uploads\/2023\/06\/baner-albania-distribution-chemicals-01.png\" class=\"attachment-full size-full wp-image-987764\" alt=\"\" srcset=\"https:\/\/adchem.al\/wp-content\/uploads\/2023\/06\/baner-albania-distribution-chemicals-01.png 8000w, https:\/\/adchem.al\/wp-content\/uploads\/2023\/06\/baner-albania-distribution-chemicals-01-300x51.png 300w, https:\/\/adchem.al\/wp-content\/uploads\/2023\/06\/baner-albania-distribution-chemicals-01-1024x173.png 1024w, https:\/\/adchem.al\/wp-content\/uploads\/2023\/06\/baner-albania-distribution-chemicals-01-768x130.png 768w, https:\/\/adchem.al\/wp-content\/uploads\/2023\/06\/baner-albania-distribution-chemicals-01-1536x260.png 1536w, https:\/\/adchem.al\/wp-content\/uploads\/2023\/06\/baner-albania-distribution-chemicals-01-2048x347.png 2048w\" sizes=\"(max-width: 8000px) 100vw, 8000px\" \/>\t\t\t\t\t\t\t\t\t\t\t\t\t\t\t\t\t\t\t\t\t\t\t\t<\/div>\n\t\t\t\t\t\t\t\t<\/div>\n\t\t\t\t<\/div>\n\t\t\t\t\t<\/div>\n\t\t<\/div>\n\t\t\t\t\t<\/div>\n\t\t<\/section>\n\t\t\t\t<\/div>","protected":false},"excerpt":{"rendered":"<p>Produkti: Tablet\u00eb Klor 90%<\/p>\n<p>Formula Kimike: Nuk ofrohet<\/p>\n<p>Informacion rreth produktit:<\/p>\n<p>\u2013 Klori i tabletave 90% \u00ebsht\u00eb nj\u00eb dezinfektues me baz\u00eb klori q\u00eb p\u00ebrdoret zakonisht p\u00ebr trajtimin e ujit dhe p\u00ebr q\u00ebllime dezinfektimi.<br \/>\n\u2013 Tabletat jan\u00eb nj\u00eb form\u00eb e p\u00ebrshtatshme e klorit, q\u00eb ofron dozim t\u00eb kontrolluar dhe t\u00eb q\u00ebndruesh\u00ebm.<br \/>\n\u2013 Formula e sakt\u00eb kimike mund t\u00eb ndryshoj\u00eb n\u00eb var\u00ebsi t\u00eb p\u00ebrb\u00ebrjes specifike t\u00eb tablet\u00ebs, por zakonisht p\u00ebrmban komponime klori si hipokloriti i kalciumit ose dikloroizocianurati i natriumit.<\/p>","protected":false},"author":2,"featured_media":988290,"parent":988231,"menu_order":0,"comment_status":"closed","ping_status":"closed","template":"","meta":{"inline_featured_image":false,"footnotes":""},"class_list":["post-988350","page","type-page","status-publish","has-post-thumbnail","hentry"],"yoast_head":"<!-- This site is optimized with the Yoast SEO plugin v27.4 - https:\/\/yoast.com\/product\/yoast-seo-wordpress\/ -->\n<title>Tablet chlorine 90% | Albania Distribution Chemicals<\/title>\n<meta name=\"robots\" content=\"index, follow, max-snippet:-1, max-image-preview:large, max-video-preview:-1\" \/>\n<link rel=\"canonical\" href=\"https:\/\/adchem.al\/al\/water-treatmens\/tablet-chlorine-90\/\" \/>\n<meta property=\"og:locale\" content=\"sq_AL\" \/>\n<meta property=\"og:type\" content=\"article\" \/>\n<meta property=\"og:title\" content=\"Tablet chlorine 90% | Albania Distribution Chemicals\" \/>\n<meta property=\"og:description\" content=\"Product: Tablet Chlorine 90% Chemical Formula: Not provided Information about the product: - Tablet chlorine 90% is a chlorine-based disinfectant commonly used for water treatment and sanitization purposes. - Tablets are a convenient form of chlorine, offering controlled and consistent dosing. - The exact chemical formula may vary depending on the specific composition of the tablet, but it typically contains chlorine compounds such as calcium hypochlorite or sodium dichloroisocyanurate.\" \/>\n<meta property=\"og:url\" content=\"https:\/\/adchem.al\/al\/water-treatmens\/tablet-chlorine-90\/\" \/>\n<meta property=\"og:site_name\" content=\"Albania Distribution Chemicals\" \/>\n<meta property=\"article:publisher\" content=\"https:\/\/www.facebook.com\/albaniadistributionchem\/?ref=py_c\" \/>\n<meta property=\"article:modified_time\" content=\"2023-06-27T21:46:20+00:00\" \/>\n<meta property=\"og:image\" content=\"https:\/\/adchem.al\/wp-content\/uploads\/2023\/06\/22933.png\" \/>\n\t<meta property=\"og:image:width\" content=\"250\" \/>\n\t<meta property=\"og:image:height\" content=\"250\" \/>\n\t<meta property=\"og:image:type\" content=\"image\/png\" \/>\n<meta name=\"twitter:card\" content=\"summary_large_image\" \/>\n<script type=\"application\/ld+json\" class=\"yoast-schema-graph\">{\"@context\":\"https:\\\/\\\/schema.org\",\"@graph\":[{\"@type\":\"WebPage\",\"@id\":\"https:\\\/\\\/adchem.al\\\/water-treatmens\\\/tablet-chlorine-90\\\/\",\"url\":\"https:\\\/\\\/adchem.al\\\/water-treatmens\\\/tablet-chlorine-90\\\/\",\"name\":\"Tablet chlorine 90% | Albania Distribution Chemicals\",\"isPartOf\":{\"@id\":\"https:\\\/\\\/adchem.al\\\/#website\"},\"primaryImageOfPage\":{\"@id\":\"https:\\\/\\\/adchem.al\\\/water-treatmens\\\/tablet-chlorine-90\\\/#primaryimage\"},\"image\":{\"@id\":\"https:\\\/\\\/adchem.al\\\/water-treatmens\\\/tablet-chlorine-90\\\/#primaryimage\"},\"thumbnailUrl\":\"https:\\\/\\\/adchem.al\\\/wp-content\\\/uploads\\\/2023\\\/06\\\/22933.png\",\"datePublished\":\"2023-06-24T21:46:21+00:00\",\"dateModified\":\"2023-06-27T21:46:20+00:00\",\"breadcrumb\":{\"@id\":\"https:\\\/\\\/adchem.al\\\/water-treatmens\\\/tablet-chlorine-90\\\/#breadcrumb\"},\"inLanguage\":\"sq\",\"potentialAction\":[{\"@type\":\"ReadAction\",\"target\":[\"https:\\\/\\\/adchem.al\\\/water-treatmens\\\/tablet-chlorine-90\\\/\"]}]},{\"@type\":\"ImageObject\",\"inLanguage\":\"sq\",\"@id\":\"https:\\\/\\\/adchem.al\\\/water-treatmens\\\/tablet-chlorine-90\\\/#primaryimage\",\"url\":\"https:\\\/\\\/adchem.al\\\/wp-content\\\/uploads\\\/2023\\\/06\\\/22933.png\",\"contentUrl\":\"https:\\\/\\\/adchem.al\\\/wp-content\\\/uploads\\\/2023\\\/06\\\/22933.png\",\"width\":250,\"height\":250},{\"@type\":\"BreadcrumbList\",\"@id\":\"https:\\\/\\\/adchem.al\\\/water-treatmens\\\/tablet-chlorine-90\\\/#breadcrumb\",\"itemListElement\":[{\"@type\":\"ListItem\",\"position\":1,\"name\":\"Home\",\"item\":\"https:\\\/\\\/adchem.al\\\/\"},{\"@type\":\"ListItem\",\"position\":2,\"name\":\"Water Treatmens\",\"item\":\"https:\\\/\\\/adchem.al\\\/water-treatmens\\\/\"},{\"@type\":\"ListItem\",\"position\":3,\"name\":\"Tablet chlorine 90%\"}]},{\"@type\":\"WebSite\",\"@id\":\"https:\\\/\\\/adchem.al\\\/#website\",\"url\":\"https:\\\/\\\/adchem.al\\\/\",\"name\":\"Albania Distribution Chemicals\",\"description\":\"&quot;Excellence in Chemical Distribution&quot;\",\"publisher\":{\"@id\":\"https:\\\/\\\/adchem.al\\\/#organization\"},\"alternateName\":\"ADC\",\"potentialAction\":[{\"@type\":\"SearchAction\",\"target\":{\"@type\":\"EntryPoint\",\"urlTemplate\":\"https:\\\/\\\/adchem.al\\\/?s={search_term_string}\"},\"query-input\":{\"@type\":\"PropertyValueSpecification\",\"valueRequired\":true,\"valueName\":\"search_term_string\"}}],\"inLanguage\":\"sq\"},{\"@type\":\"Organization\",\"@id\":\"https:\\\/\\\/adchem.al\\\/#organization\",\"name\":\"Albania Distribution Chemicals\",\"alternateName\":\"ADC\",\"url\":\"https:\\\/\\\/adchem.al\\\/\",\"logo\":{\"@type\":\"ImageObject\",\"inLanguage\":\"sq\",\"@id\":\"https:\\\/\\\/adchem.al\\\/#\\\/schema\\\/logo\\\/image\\\/\",\"url\":\"https:\\\/\\\/adchem.al\\\/wp-content\\\/uploads\\\/2022\\\/09\\\/Albania-Distribution-Chemicals-Logo-01.png\",\"contentUrl\":\"https:\\\/\\\/adchem.al\\\/wp-content\\\/uploads\\\/2022\\\/09\\\/Albania-Distribution-Chemicals-Logo-01.png\",\"width\":308,\"height\":104,\"caption\":\"Albania Distribution Chemicals\"},\"image\":{\"@id\":\"https:\\\/\\\/adchem.al\\\/#\\\/schema\\\/logo\\\/image\\\/\"},\"sameAs\":[\"https:\\\/\\\/www.facebook.com\\\/albaniadistributionchem\\\/?ref=py_c\",\"https:\\\/\\\/www.instagram.com\\\/albania_distribution_chemicals\\\/\"]}]}<\/script>\n<!-- \/ Yoast SEO plugin. -->","yoast_head_json":{"title":"Tablet chlorine 90% | Albania Distribution Chemicals","robots":{"index":"index","follow":"follow","max-snippet":"max-snippet:-1","max-image-preview":"max-image-preview:large","max-video-preview":"max-video-preview:-1"},"canonical":"https:\/\/adchem.al\/al\/water-treatmens\/tablet-chlorine-90\/","og_locale":"sq_AL","og_type":"article","og_title":"Tablet chlorine 90% | Albania Distribution Chemicals","og_description":"Product: Tablet Chlorine 90% Chemical Formula: Not provided Information about the product: - Tablet chlorine 90% is a chlorine-based disinfectant commonly used for water treatment and sanitization purposes. - Tablets are a convenient form of chlorine, offering controlled and consistent dosing. - The exact chemical formula may vary depending on the specific composition of the tablet, but it typically contains chlorine compounds such as calcium hypochlorite or sodium dichloroisocyanurate.","og_url":"https:\/\/adchem.al\/al\/water-treatmens\/tablet-chlorine-90\/","og_site_name":"Albania Distribution Chemicals","article_publisher":"https:\/\/www.facebook.com\/albaniadistributionchem\/?ref=py_c","article_modified_time":"2023-06-27T21:46:20+00:00","og_image":[{"width":250,"height":250,"url":"https:\/\/adchem.al\/wp-content\/uploads\/2023\/06\/22933.png","type":"image\/png"}],"twitter_card":"summary_large_image","schema":{"@context":"https:\/\/schema.org","@graph":[{"@type":"WebPage","@id":"https:\/\/adchem.al\/water-treatmens\/tablet-chlorine-90\/","url":"https:\/\/adchem.al\/water-treatmens\/tablet-chlorine-90\/","name":"Tablet chlorine 90% | Albania Distribution Chemicals","isPartOf":{"@id":"https:\/\/adchem.al\/#website"},"primaryImageOfPage":{"@id":"https:\/\/adchem.al\/water-treatmens\/tablet-chlorine-90\/#primaryimage"},"image":{"@id":"https:\/\/adchem.al\/water-treatmens\/tablet-chlorine-90\/#primaryimage"},"thumbnailUrl":"https:\/\/adchem.al\/wp-content\/uploads\/2023\/06\/22933.png","datePublished":"2023-06-24T21:46:21+00:00","dateModified":"2023-06-27T21:46:20+00:00","breadcrumb":{"@id":"https:\/\/adchem.al\/water-treatmens\/tablet-chlorine-90\/#breadcrumb"},"inLanguage":"sq","potentialAction":[{"@type":"ReadAction","target":["https:\/\/adchem.al\/water-treatmens\/tablet-chlorine-90\/"]}]},{"@type":"ImageObject","inLanguage":"sq","@id":"https:\/\/adchem.al\/water-treatmens\/tablet-chlorine-90\/#primaryimage","url":"https:\/\/adchem.al\/wp-content\/uploads\/2023\/06\/22933.png","contentUrl":"https:\/\/adchem.al\/wp-content\/uploads\/2023\/06\/22933.png","width":250,"height":250},{"@type":"BreadcrumbList","@id":"https:\/\/adchem.al\/water-treatmens\/tablet-chlorine-90\/#breadcrumb","itemListElement":[{"@type":"ListItem","position":1,"name":"Home","item":"https:\/\/adchem.al\/"},{"@type":"ListItem","position":2,"name":"Water Treatmens","item":"https:\/\/adchem.al\/water-treatmens\/"},{"@type":"ListItem","position":3,"name":"Tablet chlorine 90%"}]},{"@type":"WebSite","@id":"https:\/\/adchem.al\/#website","url":"https:\/\/adchem.al\/","name":"Albania Distribution Chemicals","description":"&quot;Excellence in Chemical Distribution&quot;","publisher":{"@id":"https:\/\/adchem.al\/#organization"},"alternateName":"ADC","potentialAction":[{"@type":"SearchAction","target":{"@type":"EntryPoint","urlTemplate":"https:\/\/adchem.al\/?s={search_term_string}"},"query-input":{"@type":"PropertyValueSpecification","valueRequired":true,"valueName":"search_term_string"}}],"inLanguage":"sq"},{"@type":"Organization","@id":"https:\/\/adchem.al\/#organization","name":"Albania Distribution Chemicals","alternateName":"ADC","url":"https:\/\/adchem.al\/","logo":{"@type":"ImageObject","inLanguage":"sq","@id":"https:\/\/adchem.al\/#\/schema\/logo\/image\/","url":"https:\/\/adchem.al\/wp-content\/uploads\/2022\/09\/Albania-Distribution-Chemicals-Logo-01.png","contentUrl":"https:\/\/adchem.al\/wp-content\/uploads\/2022\/09\/Albania-Distribution-Chemicals-Logo-01.png","width":308,"height":104,"caption":"Albania Distribution Chemicals"},"image":{"@id":"https:\/\/adchem.al\/#\/schema\/logo\/image\/"},"sameAs":["https:\/\/www.facebook.com\/albaniadistributionchem\/?ref=py_c","https:\/\/www.instagram.com\/albania_distribution_chemicals\/"]}]}},"_links":{"self":[{"href":"https:\/\/adchem.al\/al\/wp-json\/wp\/v2\/pages\/988350","targetHints":{"allow":["GET"]}}],"collection":[{"href":"https:\/\/adchem.al\/al\/wp-json\/wp\/v2\/pages"}],"about":[{"href":"https:\/\/adchem.al\/al\/wp-json\/wp\/v2\/types\/page"}],"author":[{"embeddable":true,"href":"https:\/\/adchem.al\/al\/wp-json\/wp\/v2\/users\/2"}],"replies":[{"embeddable":true,"href":"https:\/\/adchem.al\/al\/wp-json\/wp\/v2\/comments?post=988350"}],"version-history":[{"count":10,"href":"https:\/\/adchem.al\/al\/wp-json\/wp\/v2\/pages\/988350\/revisions"}],"predecessor-version":[{"id":989256,"href":"https:\/\/adchem.al\/al\/wp-json\/wp\/v2\/pages\/988350\/revisions\/989256"}],"up":[{"embeddable":true,"href":"https:\/\/adchem.al\/al\/wp-json\/wp\/v2\/pages\/988231"}],"wp:featuredmedia":[{"embeddable":true,"href":"https:\/\/adchem.al\/al\/wp-json\/wp\/v2\/media\/988290"}],"wp:attachment":[{"href":"https:\/\/adchem.al\/al\/wp-json\/wp\/v2\/media?parent=988350"}],"curies":[{"name":"wp","href":"https:\/\/api.w.org\/{rel}","templated":true}]}}