{"id":988343,"date":"2023-06-24T21:43:53","date_gmt":"2023-06-24T21:43:53","guid":{"rendered":"https:\/\/adchem.al\/?page_id=988343"},"modified":"2023-06-27T21:44:25","modified_gmt":"2023-06-27T21:44:25","slug":"sodium-hydroxide","status":"publish","type":"page","link":"https:\/\/adchem.al\/al\/water-treatmens\/sodium-hydroxide\/","title":{"rendered":"Hidroksidi i Natriumit"},"content":{"rendered":"<div data-elementor-type=\"wp-page\" data-elementor-id=\"988343\" class=\"elementor elementor-988343\" data-elementor-post-type=\"page\">\n\t\t\t\t\t\t<section class=\"elementor-section elementor-top-section elementor-element elementor-element-37858afc elementor-section-full_width elementor-section-height-default elementor-section-height-default\" data-id=\"37858afc\" data-element_type=\"section\" data-e-type=\"section\">\n\t\t\t\t\t\t<div class=\"elementor-container elementor-column-gap-no\">\n\t\t\t\t\t<div class=\"elementor-column elementor-col-100 elementor-top-column elementor-element elementor-element-60bb79bd\" data-id=\"60bb79bd\" data-element_type=\"column\" data-e-type=\"column\">\n\t\t\t<div class=\"elementor-widget-wrap elementor-element-populated\">\n\t\t\t\t\t\t<div class=\"vamtam-has-theme-widget-styles elementor-element elementor-element-5c05129 elementor-widget elementor-widget-image\" data-id=\"5c05129\" data-element_type=\"widget\" data-e-type=\"widget\" data-widget_type=\"image.default\">\n\t\t\t\t<div class=\"elementor-widget-container\">\n\t\t\t\t\t\t\t\t\t<div class=\"elementor-image\">\n\t\t\t\t\t\t\t\t\t\t\t\t\t\t\t\t<figure class=\"wp-caption\">\n\t\t\t\t\t\t\t\t\t\t\t\t\t\t\t\t<img fetchpriority=\"high\" width=\"400\" height=\"400\" src=\"https:\/\/adchem.al\/wp-content\/uploads\/2023\/06\/Sodium-hydroxide-2D-structure-Curious-Chloride.svg\" class=\"attachment-full size-full wp-image-988344\" alt=\"\" decoding=\"async\" \/>\t\t\t\t\t\t\t\t\t\t\t\t\t\t\t\t\t<figcaption class=\"widget-image-caption wp-caption-text\">Albania Distribution Chemicals<\/figcaption>\n\t\t\t\t\t\t\t\t\t\t\t\t\t\t\t\t<\/figure>\n\t\t\t\t\t\t\t\t\t\t\t\t\t\t<\/div>\n\t\t\t\t\t\t\t\t<\/div>\n\t\t\t\t<\/div>\n\t\t\t\t<div class=\"elementor-element elementor-element-61992a9a elementor-widget elementor-widget-text-editor\" data-id=\"61992a9a\" data-element_type=\"widget\" data-e-type=\"widget\" data-widget_type=\"text-editor.default\">\n\t\t\t\t<div class=\"elementor-widget-container\">\n\t\t\t\t\t\t\t\t\t<div class=\"woocommerce-product-details__short-description\"><div class=\"woocommerce-product-details__short-description\"><div id=\"content\" class=\"site-content\"><div class=\"stm-products-catalog\"><div class=\"container\"><div class=\"row\"><div class=\"col-md-12 man_main_sidebar\"><div class=\"content-area\"><div id=\"product-2262\" class=\"product type-product post-2262 status-publish first instock product_cat-swimming-pools-water-treatments product_tag-water-treatment has-post-thumbnail shipping-taxable product-type-simple\"><div class=\"woocommerce-tabs wc-tabs-wrapper\"><div id=\"tab-description\" class=\"woocommerce-Tabs-panel woocommerce-Tabs-panel--description panel entry-content wc-tab\" role=\"tabpanel\" aria-labelledby=\"tab-title-description\"><div class=\"woocommerce-product-details__short-description\"><div class=\"woocommerce-product-details__short-description\"><p><strong>Produkti: Hidroksid natriumi<\/strong><\/p><p><strong>Formula Kimike: NaOH<\/strong><\/p><p><strong>Informacion rreth produktit:<\/strong><\/p><p>\u2013 Hidroksidi i natriumit, i njohur gjithashtu si sode kaustike ose salc\u00eb, \u00ebsht\u00eb nj\u00eb p\u00ebrb\u00ebrje kimike shum\u00eb kaustike dhe e gjithanshme.<br \/>\u2013 Formula e tij kimike \u00ebsht\u00eb NaOH, q\u00eb tregon se p\u00ebrb\u00ebhet nga nj\u00eb atom natriumi (Na), nj\u00eb atom oksigjen (O) dhe nj\u00eb atom hidrogjen (H).<br \/>\u2013 Hidroksidi i natriumit \u00ebsht\u00eb nj\u00eb substanc\u00eb kristalore e bardh\u00eb, e ngurt\u00eb n\u00eb form\u00ebn e tij t\u00eb past\u00ebr.<br \/>\u2013 \u00cbsht\u00eb shum\u00eb i tretsh\u00ebm n\u00eb uj\u00eb dhe kur tretet formon nj\u00eb tret\u00ebsir\u00eb fort alkaline, e cila mund t\u00eb jet\u00eb g\u00ebrryese.<\/p><p><strong>Informacion p\u00ebr sektorin e p\u00ebrdorimit t\u00eb produktit:<\/strong><\/p><p>1. Industria kimike:<br \/>\u2013 Hidroksidi i natriumit \u00ebsht\u00eb nj\u00eb kimikat themelor q\u00eb p\u00ebrdoret n\u00eb procese t\u00eb ndryshme industriale. Ai sh\u00ebrben si nj\u00eb p\u00ebrb\u00ebr\u00ebs ky\u00e7 n\u00eb prodhimin e kimikateve t\u00eb shumta, t\u00eb tilla si detergjent\u00eb, sapun\u00eb, zbardhues, let\u00ebr, tekstile dhe produkte farmaceutike.<\/p><p>2. Trajtimi i ujit:<br \/>\u2013 Hidroksidi i natriumit p\u00ebrdoret n\u00eb impiantet e trajtimit t\u00eb ujit p\u00ebr t\u00eb rregulluar pH-n\u00eb e ujit dhe p\u00ebr t\u00eb neutralizuar substancat acidike. P\u00ebrdoret p\u00ebr t\u00eb rritur pH t\u00eb ujit acid p\u00ebr t\u00eb parandaluar korrozionin n\u00eb tubacione dhe pajisje.<\/p><p>3. Prodhimi i sapunit dhe detergjentit:<br \/>\u2013 Hidroksidi i natriumit \u00ebsht\u00eb nj\u00eb komponent thelb\u00ebsor n\u00eb prodhimin e sapun\u00ebve dhe detergjenteve. P\u00ebrdoret n\u00eb procesin e saponifikimit, ku yndyrat dhe vajrat reagojn\u00eb me hidroksid natriumi p\u00ebr t\u00eb formuar molekula sapuni.<\/p><p>4. Industria ushqimore:<br \/>\u2013 Hidroksidi i natriumit p\u00ebrdoret n\u00eb industrin\u00eb ushqimore p\u00ebr q\u00ebllime t\u00eb ndryshme. P\u00ebrdoret n\u00eb p\u00ebrpunimin e disa ushqimeve, si ullinjt\u00eb, p\u00ebr t\u00eb hequr hidh\u00ebrimin. P\u00ebrdoret gjithashtu n\u00eb p\u00ebrgatitjen e kakaos, \u00e7okollat\u00ebs dhe karamelit.<\/p><p>5. Industria e naft\u00ebs:<br \/>\u2013 Hidroksidi i natriumit p\u00ebrdoret n\u00eb industrin\u00eb e naft\u00ebs p\u00ebr t\u00eb neutralizuar papast\u00ebrtit\u00eb acidike n\u00eb naft\u00ebn bruto dhe produktet e naft\u00ebs. Ndihmon n\u00eb largimin e p\u00ebrb\u00ebrjeve t\u00eb squfurit dhe p\u00ebrmir\u00ebsimin e cil\u00ebsis\u00eb s\u00eb produkteve t\u00eb naft\u00ebs.<\/p><p>6. Prodhimi i aluminit:<br \/>\u2013 Hidroksidi i natriumit p\u00ebrdoret n\u00eb nxjerrjen e aluminit nga xeherori i boksitit. Ndihmon n\u00eb shp\u00ebrb\u00ebrjen e oksidit t\u00eb aluminit, duke lejuar nxjerrjen e aluminit t\u00eb past\u00ebr p\u00ebrmes elektroliz\u00ebs.<\/p><p>7. Industria e pulp\u00ebs dhe letr\u00ebs:<br \/>\u2013 Hidroksidi i natriumit p\u00ebrdoret gjer\u00ebsisht n\u00eb industrin\u00eb e pulp\u00ebs dhe letr\u00ebs. P\u00ebrdoret n\u00eb procesin e tul\u00ebzimit p\u00ebr t\u00eb ndar\u00eb fibrat nga druri dhe n\u00eb procesin e zbardhjes p\u00ebr t\u00eb hequr papast\u00ebrtit\u00eb dhe p\u00ebr t\u00eb ndri\u00e7uar letr\u00ebn.<\/p><p>8. Industria e tekstilit:<br \/>\u2013 Hidroksidi i natriumit \u00ebsht\u00eb i p\u00ebrfshir\u00eb n\u00eb faza t\u00eb ndryshme t\u00eb prodhimit t\u00eb tekstilit, si\u00e7 \u00ebsht\u00eb mercerizimi. P\u00ebrdoret p\u00ebr t\u00eb trajtuar fibrat e pambukut p\u00ebr t\u00eb p\u00ebrmir\u00ebsuar forc\u00ebn, shk\u00eblqimin dhe vetit\u00eb e tyre t\u00eb absorbimit t\u00eb boj\u00ebs.<\/p><p>9. Farmaceutik\u00eb:<br \/>\u2013 Hidroksidi i natriumit luan nj\u00eb rol n\u00eb industrin\u00eb farmaceutike p\u00ebr aplikime t\u00eb ndryshme. P\u00ebrdoret n\u00eb prodhimin e medikamenteve, t\u00eb tilla si antacidet dhe pomadat e caktuara aktuale. P\u00ebrdoret gjithashtu n\u00eb formulimin e solucioneve q\u00eb rregullojn\u00eb pH.<\/p><p>10. Produktet e pastrimit dhe sht\u00ebpiake:<br \/>\u2013 Hidroksidi i natriumit \u00ebsht\u00eb i pranish\u00ebm n\u00eb shum\u00eb produkte pastrimi dhe sht\u00ebpiake. P\u00ebrdoret n\u00eb pastruesit e kullimit, pastruesit e furrave dhe degreasers p\u00ebr shkak t\u00eb aft\u00ebsis\u00eb s\u00eb tij p\u00ebr t\u00eb tretur yndyrat, vajrat dhe l\u00ebnd\u00ebn organike.<\/p><p>Hidroksidi i natriumit \u00ebsht\u00eb nj\u00eb p\u00ebrb\u00ebrje kimike e p\u00ebrdorur gjer\u00ebsisht me aplikime t\u00eb ndryshme n\u00eb industrin\u00eb kimike, trajtimin e ujit, prodhimin e sapunit, industrin\u00eb ushqimore, industrin\u00eb e naft\u00ebs, prodhimin e aluminit, industrin\u00eb e pulp\u00ebs dhe letr\u00ebs, industrin\u00eb e tekstilit, farmaceutik\u00ebn dhe produktet e pastrimit. \u00cbsht\u00eb thelb\u00ebsore t\u00eb trajtohet me kujdes hidroksidi i natriumit pasi \u00ebsht\u00eb nj\u00eb baz\u00eb e fort\u00eb dhe mund t\u00eb shkaktoj\u00eb djegie dhe acarim.<\/p><\/div><\/div><\/div><\/div><\/div><\/div><\/div><\/div><\/div><\/div><\/div><\/div><\/div>\t\t\t\t\t\t\t\t<\/div>\n\t\t\t\t<\/div>\n\t\t\t\t<section class=\"elementor-section elementor-inner-section elementor-element elementor-element-d1dc71a elementor-section-boxed elementor-section-height-default elementor-section-height-default\" data-id=\"d1dc71a\" data-element_type=\"section\" data-e-type=\"section\" data-settings=\"{&quot;background_background&quot;:&quot;classic&quot;}\">\n\t\t\t\t\t\t<div class=\"elementor-container elementor-column-gap-no\">\n\t\t\t\t\t<div class=\"elementor-column elementor-col-100 elementor-inner-column elementor-element elementor-element-e3fb589\" data-id=\"e3fb589\" data-element_type=\"column\" data-e-type=\"column\">\n\t\t\t<div class=\"elementor-widget-wrap elementor-element-populated\">\n\t\t\t\t\t\t<div class=\"elementor-element elementor-element-6b6ba0b elementor-view-default elementor-widget elementor-widget-icon\" data-id=\"6b6ba0b\" data-element_type=\"widget\" data-e-type=\"widget\" data-widget_type=\"icon.default\">\n\t\t\t\t<div class=\"elementor-widget-container\">\n\t\t\t\t\t\t\t<div class=\"elementor-icon-wrapper\">\n\t\t\t<div class=\"elementor-icon\">\n\t\t\t<i aria-hidden=\"true\" class=\"vamtamtheme- vamtam-theme-quote-start\"><\/i>\t\t\t<\/div>\n\t\t<\/div>\n\t\t\t\t\t\t<\/div>\n\t\t\t\t<\/div>\n\t\t\t\t<div class=\"elementor-element elementor-element-054ef71 elementor-widget elementor-widget-text-editor\" data-id=\"054ef71\" data-element_type=\"widget\" data-e-type=\"widget\" data-widget_type=\"text-editor.default\">\n\t\t\t\t<div class=\"elementor-widget-container\">\n\t\t\t\t\t\t\t\t\t<p>\"P\u00ebr \u00e7do informacion, shkruani n\u00eb WhatsApp: Gjith\u00e7ka q\u00eb ju nevojitet, n\u00eb koh\u00eb reale, n\u00eb nj\u00eb mesazh. Na kontaktoni dhe jemi gati t\u00eb ju ndihmojm\u00eb.\"<\/p>\t\t\t\t\t\t\t\t<\/div>\n\t\t\t\t<\/div>\n\t\t\t\t<div class=\"elementor-element elementor-element-fc9f4b2 elementor-widget-divider--view-line elementor-widget elementor-widget-divider\" data-id=\"fc9f4b2\" data-element_type=\"widget\" data-e-type=\"widget\" data-widget_type=\"divider.default\">\n\t\t\t\t<div class=\"elementor-widget-container\">\n\t\t\t\t\t\t\t<div class=\"elementor-divider\">\n\t\t\t<span class=\"elementor-divider-separator\">\n\t\t\t\t\t\t<\/span>\n\t\t<\/div>\n\t\t\t\t\t\t<\/div>\n\t\t\t\t<\/div>\n\t\t\t\t<div class=\"vamtam-has-theme-widget-styles elementor-element elementor-element-6328f33 elementor-widget__width-auto vamtam-has-underline-anim elementor-widget elementor-widget-button\" data-id=\"6328f33\" data-element_type=\"widget\" data-e-type=\"widget\" data-widget_type=\"button.default\">\n\t\t\t\t<div class=\"elementor-widget-container\">\n\t\t\t\t\t\t\t\t\t<div class=\"elementor-button-wrapper\">\n\t\t\t\t\t<a class=\"elementor-button elementor-button-link elementor-size-md\" href=\"https:\/\/wa.me\/355694000260\">\n\t\t\t\t\t\t<span class=\"elementor-button-content-wrapper\">\n\t\t\t\t\t\t<span class=\"elementor-button-icon\">\n\t\t\t\t<i aria-hidden=\"true\" class=\"vamtamtheme- vamtam-theme-icon-arrow-right-top\"><\/i>\t\t\t<\/span>\n\t\t\t\t\t\t\t\t\t<span class=\"elementor-button-text\">Kontaktoni WhatsApp<\/span>\n\t\t\t\t\t<\/span>\n\t\t\t\t\t<\/a>\n\t\t\t\t<\/div>\n\t\t\t\t\t\t\t\t<\/div>\n\t\t\t\t<\/div>\n\t\t\t\t<div class=\"elementor-element elementor-element-1268051 elementor-widget__width-auto elementor-widget elementor-widget-heading\" data-id=\"1268051\" data-element_type=\"widget\" data-e-type=\"widget\" data-widget_type=\"heading.default\">\n\t\t\t\t<div class=\"elementor-widget-container\">\n\t\t\t\t\t<span class=\"elementor-heading-title elementor-size-default\">Albania Distribution Chemicals\n<\/span>\t\t\t\t<\/div>\n\t\t\t\t<\/div>\n\t\t\t\t\t<\/div>\n\t\t<\/div>\n\t\t\t\t\t<\/div>\n\t\t<\/section>\n\t\t\t\t\t<\/div>\n\t\t<\/div>\n\t\t\t\t\t<\/div>\n\t\t<\/section>\n\t\t\t\t<section class=\"elementor-section elementor-top-section elementor-element elementor-element-b3fd502 elementor-section-boxed elementor-section-height-default elementor-section-height-default\" data-id=\"b3fd502\" data-element_type=\"section\" data-e-type=\"section\">\n\t\t\t\t\t\t<div class=\"elementor-container elementor-column-gap-default\">\n\t\t\t\t\t<div class=\"elementor-column elementor-col-100 elementor-top-column elementor-element elementor-element-a879885\" data-id=\"a879885\" data-element_type=\"column\" data-e-type=\"column\">\n\t\t\t<div class=\"elementor-widget-wrap elementor-element-populated\">\n\t\t\t\t\t\t<div class=\"elementor-element elementor-element-4a3fe1c elementor-widget elementor-widget-spacer\" data-id=\"4a3fe1c\" data-element_type=\"widget\" data-e-type=\"widget\" data-widget_type=\"spacer.default\">\n\t\t\t\t<div class=\"elementor-widget-container\">\n\t\t\t\t\t\t\t<div class=\"elementor-spacer\">\n\t\t\t<div class=\"elementor-spacer-inner\"><\/div>\n\t\t<\/div>\n\t\t\t\t\t\t<\/div>\n\t\t\t\t<\/div>\n\t\t\t\t<div class=\"vamtam-has-theme-widget-styles elementor-element elementor-element-feed2fe elementor-widget elementor-widget-image\" data-id=\"feed2fe\" data-element_type=\"widget\" data-e-type=\"widget\" data-widget_type=\"image.default\">\n\t\t\t\t<div class=\"elementor-widget-container\">\n\t\t\t\t\t\t\t\t\t<div class=\"elementor-image\">\n\t\t\t\t\t\t\t\t\t\t\t\t\t\t\t\t\t\t\t\t\t<img width=\"8000\" height=\"1355\" src=\"https:\/\/adchem.al\/wp-content\/uploads\/2023\/06\/baner-albania-distribution-chemicals-01.png\" class=\"attachment-full size-full wp-image-987764\" alt=\"\" decoding=\"async\" srcset=\"https:\/\/adchem.al\/wp-content\/uploads\/2023\/06\/baner-albania-distribution-chemicals-01.png 8000w, https:\/\/adchem.al\/wp-content\/uploads\/2023\/06\/baner-albania-distribution-chemicals-01-300x51.png 300w, https:\/\/adchem.al\/wp-content\/uploads\/2023\/06\/baner-albania-distribution-chemicals-01-1024x173.png 1024w, https:\/\/adchem.al\/wp-content\/uploads\/2023\/06\/baner-albania-distribution-chemicals-01-768x130.png 768w, https:\/\/adchem.al\/wp-content\/uploads\/2023\/06\/baner-albania-distribution-chemicals-01-1536x260.png 1536w, https:\/\/adchem.al\/wp-content\/uploads\/2023\/06\/baner-albania-distribution-chemicals-01-2048x347.png 2048w\" sizes=\"(max-width: 8000px) 100vw, 8000px\" \/>\t\t\t\t\t\t\t\t\t\t\t\t\t\t\t\t\t\t\t\t\t\t\t\t<\/div>\n\t\t\t\t\t\t\t\t<\/div>\n\t\t\t\t<\/div>\n\t\t\t\t\t<\/div>\n\t\t<\/div>\n\t\t\t\t\t<\/div>\n\t\t<\/section>\n\t\t\t\t<\/div>","protected":false},"excerpt":{"rendered":"<p>Produkti: Hidroksid natriumi<\/p>\n<p>Formula Kimike: NaOH<\/p>\n<p>Informacion rreth produktit:<\/p>\n<p>\u2013 Hidroksidi i natriumit, i njohur gjithashtu si sode kaustike ose salc\u00eb, \u00ebsht\u00eb nj\u00eb p\u00ebrb\u00ebrje kimike shum\u00eb kaustike dhe e gjithanshme.<br \/>\n\u2013 Formula e tij kimike \u00ebsht\u00eb NaOH, q\u00eb tregon se p\u00ebrb\u00ebhet nga nj\u00eb atom natriumi (Na), nj\u00eb atom oksigjen (O) dhe nj\u00eb atom hidrogjen (H).<br \/>\n\u2013 Hidroksidi i natriumit \u00ebsht\u00eb nj\u00eb substanc\u00eb kristalore e bardh\u00eb, e ngurt\u00eb n\u00eb form\u00ebn e tij t\u00eb past\u00ebr.<br \/>\n\u2013 \u00cbsht\u00eb shum\u00eb i tretsh\u00ebm n\u00eb uj\u00eb dhe kur tretet formon nj\u00eb tret\u00ebsir\u00eb fort alkaline, e cila mund t\u00eb jet\u00eb g\u00ebrryese.<\/p>","protected":false},"author":2,"featured_media":988344,"parent":988231,"menu_order":0,"comment_status":"closed","ping_status":"closed","template":"","meta":{"inline_featured_image":false,"footnotes":""},"class_list":["post-988343","page","type-page","status-publish","has-post-thumbnail","hentry"],"yoast_head":"<!-- This site is optimized with the Yoast SEO plugin v27.4 - https:\/\/yoast.com\/product\/yoast-seo-wordpress\/ -->\n<title>Sodium Hydroxide | Albania Distribution Chemicals<\/title>\n<meta name=\"robots\" content=\"index, follow, max-snippet:-1, max-image-preview:large, max-video-preview:-1\" \/>\n<link rel=\"canonical\" href=\"https:\/\/adchem.al\/al\/water-treatmens\/sodium-hydroxide\/\" \/>\n<meta property=\"og:locale\" content=\"sq_AL\" \/>\n<meta property=\"og:type\" content=\"article\" \/>\n<meta property=\"og:title\" content=\"Sodium Hydroxide | Albania Distribution Chemicals\" \/>\n<meta property=\"og:description\" content=\"Product: Sodium Hydroxide Chemical Formula: NaOH Information about the product: - Sodium hydroxide, also known as caustic soda or lye, is a highly caustic and versatile chemical compound. - Its chemical formula is NaOH, indicating that it consists of one sodium (Na) atom, one oxygen (O) atom, and one hydrogen (H) atom. - Sodium hydroxide is a white, solid crystalline substance in its pure form. - It is highly soluble in water and forms a strongly alkaline solution when dissolved, which can be corrosive.\" \/>\n<meta property=\"og:url\" content=\"https:\/\/adchem.al\/al\/water-treatmens\/sodium-hydroxide\/\" \/>\n<meta property=\"og:site_name\" content=\"Albania Distribution Chemicals\" \/>\n<meta property=\"article:publisher\" content=\"https:\/\/www.facebook.com\/albaniadistributionchem\/?ref=py_c\" \/>\n<meta property=\"article:modified_time\" content=\"2023-06-27T21:44:25+00:00\" \/>\n<meta property=\"og:image\" content=\"https:\/\/adchem.al\/wp-content\/uploads\/2023\/06\/adchem-wallpaper-home.webp-2.webp\" \/>\n\t<meta property=\"og:image:width\" content=\"2560\" \/>\n\t<meta property=\"og:image:height\" content=\"1244\" \/>\n\t<meta property=\"og:image:type\" content=\"image\/webp\" \/>\n<meta name=\"twitter:card\" content=\"summary_large_image\" \/>\n<script type=\"application\/ld+json\" class=\"yoast-schema-graph\">{\"@context\":\"https:\\\/\\\/schema.org\",\"@graph\":[{\"@type\":\"WebPage\",\"@id\":\"https:\\\/\\\/adchem.al\\\/water-treatmens\\\/sodium-hydroxide\\\/\",\"url\":\"https:\\\/\\\/adchem.al\\\/water-treatmens\\\/sodium-hydroxide\\\/\",\"name\":\"Sodium Hydroxide | Albania Distribution Chemicals\",\"isPartOf\":{\"@id\":\"https:\\\/\\\/adchem.al\\\/#website\"},\"primaryImageOfPage\":{\"@id\":\"https:\\\/\\\/adchem.al\\\/water-treatmens\\\/sodium-hydroxide\\\/#primaryimage\"},\"image\":{\"@id\":\"https:\\\/\\\/adchem.al\\\/water-treatmens\\\/sodium-hydroxide\\\/#primaryimage\"},\"thumbnailUrl\":\"https:\\\/\\\/adchem.al\\\/wp-content\\\/uploads\\\/2023\\\/06\\\/Sodium-hydroxide-2D-structure-Curious-Chloride.svg\",\"datePublished\":\"2023-06-24T21:43:53+00:00\",\"dateModified\":\"2023-06-27T21:44:25+00:00\",\"breadcrumb\":{\"@id\":\"https:\\\/\\\/adchem.al\\\/water-treatmens\\\/sodium-hydroxide\\\/#breadcrumb\"},\"inLanguage\":\"sq\",\"potentialAction\":[{\"@type\":\"ReadAction\",\"target\":[\"https:\\\/\\\/adchem.al\\\/water-treatmens\\\/sodium-hydroxide\\\/\"]}]},{\"@type\":\"ImageObject\",\"inLanguage\":\"sq\",\"@id\":\"https:\\\/\\\/adchem.al\\\/water-treatmens\\\/sodium-hydroxide\\\/#primaryimage\",\"url\":\"https:\\\/\\\/adchem.al\\\/wp-content\\\/uploads\\\/2023\\\/06\\\/Sodium-hydroxide-2D-structure-Curious-Chloride.svg\",\"contentUrl\":\"https:\\\/\\\/adchem.al\\\/wp-content\\\/uploads\\\/2023\\\/06\\\/Sodium-hydroxide-2D-structure-Curious-Chloride.svg\",\"width\":400,\"height\":400},{\"@type\":\"BreadcrumbList\",\"@id\":\"https:\\\/\\\/adchem.al\\\/water-treatmens\\\/sodium-hydroxide\\\/#breadcrumb\",\"itemListElement\":[{\"@type\":\"ListItem\",\"position\":1,\"name\":\"Home\",\"item\":\"https:\\\/\\\/adchem.al\\\/\"},{\"@type\":\"ListItem\",\"position\":2,\"name\":\"Water Treatmens\",\"item\":\"https:\\\/\\\/adchem.al\\\/water-treatmens\\\/\"},{\"@type\":\"ListItem\",\"position\":3,\"name\":\"Sodium Hydroxide\"}]},{\"@type\":\"WebSite\",\"@id\":\"https:\\\/\\\/adchem.al\\\/#website\",\"url\":\"https:\\\/\\\/adchem.al\\\/\",\"name\":\"Albania Distribution Chemicals\",\"description\":\"&quot;Excellence in Chemical Distribution&quot;\",\"publisher\":{\"@id\":\"https:\\\/\\\/adchem.al\\\/#organization\"},\"alternateName\":\"ADC\",\"potentialAction\":[{\"@type\":\"SearchAction\",\"target\":{\"@type\":\"EntryPoint\",\"urlTemplate\":\"https:\\\/\\\/adchem.al\\\/?s={search_term_string}\"},\"query-input\":{\"@type\":\"PropertyValueSpecification\",\"valueRequired\":true,\"valueName\":\"search_term_string\"}}],\"inLanguage\":\"sq\"},{\"@type\":\"Organization\",\"@id\":\"https:\\\/\\\/adchem.al\\\/#organization\",\"name\":\"Albania Distribution Chemicals\",\"alternateName\":\"ADC\",\"url\":\"https:\\\/\\\/adchem.al\\\/\",\"logo\":{\"@type\":\"ImageObject\",\"inLanguage\":\"sq\",\"@id\":\"https:\\\/\\\/adchem.al\\\/#\\\/schema\\\/logo\\\/image\\\/\",\"url\":\"https:\\\/\\\/adchem.al\\\/wp-content\\\/uploads\\\/2022\\\/09\\\/Albania-Distribution-Chemicals-Logo-01.png\",\"contentUrl\":\"https:\\\/\\\/adchem.al\\\/wp-content\\\/uploads\\\/2022\\\/09\\\/Albania-Distribution-Chemicals-Logo-01.png\",\"width\":308,\"height\":104,\"caption\":\"Albania Distribution Chemicals\"},\"image\":{\"@id\":\"https:\\\/\\\/adchem.al\\\/#\\\/schema\\\/logo\\\/image\\\/\"},\"sameAs\":[\"https:\\\/\\\/www.facebook.com\\\/albaniadistributionchem\\\/?ref=py_c\",\"https:\\\/\\\/www.instagram.com\\\/albania_distribution_chemicals\\\/\"]}]}<\/script>\n<!-- \/ Yoast SEO plugin. -->","yoast_head_json":{"title":"Sodium Hydroxide | Albania Distribution Chemicals","robots":{"index":"index","follow":"follow","max-snippet":"max-snippet:-1","max-image-preview":"max-image-preview:large","max-video-preview":"max-video-preview:-1"},"canonical":"https:\/\/adchem.al\/al\/water-treatmens\/sodium-hydroxide\/","og_locale":"sq_AL","og_type":"article","og_title":"Sodium Hydroxide | Albania Distribution Chemicals","og_description":"Product: Sodium Hydroxide Chemical Formula: NaOH Information about the product: - Sodium hydroxide, also known as caustic soda or lye, is a highly caustic and versatile chemical compound. - Its chemical formula is NaOH, indicating that it consists of one sodium (Na) atom, one oxygen (O) atom, and one hydrogen (H) atom. - Sodium hydroxide is a white, solid crystalline substance in its pure form. - It is highly soluble in water and forms a strongly alkaline solution when dissolved, which can be corrosive.","og_url":"https:\/\/adchem.al\/al\/water-treatmens\/sodium-hydroxide\/","og_site_name":"Albania Distribution Chemicals","article_publisher":"https:\/\/www.facebook.com\/albaniadistributionchem\/?ref=py_c","article_modified_time":"2023-06-27T21:44:25+00:00","og_image":[{"width":2560,"height":1244,"url":"https:\/\/adchem.al\/wp-content\/uploads\/2023\/06\/adchem-wallpaper-home.webp-2.webp","type":"image\/webp"}],"twitter_card":"summary_large_image","schema":{"@context":"https:\/\/schema.org","@graph":[{"@type":"WebPage","@id":"https:\/\/adchem.al\/water-treatmens\/sodium-hydroxide\/","url":"https:\/\/adchem.al\/water-treatmens\/sodium-hydroxide\/","name":"Sodium Hydroxide | Albania Distribution Chemicals","isPartOf":{"@id":"https:\/\/adchem.al\/#website"},"primaryImageOfPage":{"@id":"https:\/\/adchem.al\/water-treatmens\/sodium-hydroxide\/#primaryimage"},"image":{"@id":"https:\/\/adchem.al\/water-treatmens\/sodium-hydroxide\/#primaryimage"},"thumbnailUrl":"https:\/\/adchem.al\/wp-content\/uploads\/2023\/06\/Sodium-hydroxide-2D-structure-Curious-Chloride.svg","datePublished":"2023-06-24T21:43:53+00:00","dateModified":"2023-06-27T21:44:25+00:00","breadcrumb":{"@id":"https:\/\/adchem.al\/water-treatmens\/sodium-hydroxide\/#breadcrumb"},"inLanguage":"sq","potentialAction":[{"@type":"ReadAction","target":["https:\/\/adchem.al\/water-treatmens\/sodium-hydroxide\/"]}]},{"@type":"ImageObject","inLanguage":"sq","@id":"https:\/\/adchem.al\/water-treatmens\/sodium-hydroxide\/#primaryimage","url":"https:\/\/adchem.al\/wp-content\/uploads\/2023\/06\/Sodium-hydroxide-2D-structure-Curious-Chloride.svg","contentUrl":"https:\/\/adchem.al\/wp-content\/uploads\/2023\/06\/Sodium-hydroxide-2D-structure-Curious-Chloride.svg","width":400,"height":400},{"@type":"BreadcrumbList","@id":"https:\/\/adchem.al\/water-treatmens\/sodium-hydroxide\/#breadcrumb","itemListElement":[{"@type":"ListItem","position":1,"name":"Home","item":"https:\/\/adchem.al\/"},{"@type":"ListItem","position":2,"name":"Water Treatmens","item":"https:\/\/adchem.al\/water-treatmens\/"},{"@type":"ListItem","position":3,"name":"Sodium Hydroxide"}]},{"@type":"WebSite","@id":"https:\/\/adchem.al\/#website","url":"https:\/\/adchem.al\/","name":"Albania Distribution Chemicals","description":"&quot;Excellence in Chemical Distribution&quot;","publisher":{"@id":"https:\/\/adchem.al\/#organization"},"alternateName":"ADC","potentialAction":[{"@type":"SearchAction","target":{"@type":"EntryPoint","urlTemplate":"https:\/\/adchem.al\/?s={search_term_string}"},"query-input":{"@type":"PropertyValueSpecification","valueRequired":true,"valueName":"search_term_string"}}],"inLanguage":"sq"},{"@type":"Organization","@id":"https:\/\/adchem.al\/#organization","name":"Albania Distribution Chemicals","alternateName":"ADC","url":"https:\/\/adchem.al\/","logo":{"@type":"ImageObject","inLanguage":"sq","@id":"https:\/\/adchem.al\/#\/schema\/logo\/image\/","url":"https:\/\/adchem.al\/wp-content\/uploads\/2022\/09\/Albania-Distribution-Chemicals-Logo-01.png","contentUrl":"https:\/\/adchem.al\/wp-content\/uploads\/2022\/09\/Albania-Distribution-Chemicals-Logo-01.png","width":308,"height":104,"caption":"Albania Distribution Chemicals"},"image":{"@id":"https:\/\/adchem.al\/#\/schema\/logo\/image\/"},"sameAs":["https:\/\/www.facebook.com\/albaniadistributionchem\/?ref=py_c","https:\/\/www.instagram.com\/albania_distribution_chemicals\/"]}]}},"_links":{"self":[{"href":"https:\/\/adchem.al\/al\/wp-json\/wp\/v2\/pages\/988343","targetHints":{"allow":["GET"]}}],"collection":[{"href":"https:\/\/adchem.al\/al\/wp-json\/wp\/v2\/pages"}],"about":[{"href":"https:\/\/adchem.al\/al\/wp-json\/wp\/v2\/types\/page"}],"author":[{"embeddable":true,"href":"https:\/\/adchem.al\/al\/wp-json\/wp\/v2\/users\/2"}],"replies":[{"embeddable":true,"href":"https:\/\/adchem.al\/al\/wp-json\/wp\/v2\/comments?post=988343"}],"version-history":[{"count":10,"href":"https:\/\/adchem.al\/al\/wp-json\/wp\/v2\/pages\/988343\/revisions"}],"predecessor-version":[{"id":989253,"href":"https:\/\/adchem.al\/al\/wp-json\/wp\/v2\/pages\/988343\/revisions\/989253"}],"up":[{"embeddable":true,"href":"https:\/\/adchem.al\/al\/wp-json\/wp\/v2\/pages\/988231"}],"wp:featuredmedia":[{"embeddable":true,"href":"https:\/\/adchem.al\/al\/wp-json\/wp\/v2\/media\/988344"}],"wp:attachment":[{"href":"https:\/\/adchem.al\/al\/wp-json\/wp\/v2\/media?parent=988343"}],"curies":[{"name":"wp","href":"https:\/\/api.w.org\/{rel}","templated":true}]}}