{"id":988330,"date":"2023-06-24T21:38:29","date_gmt":"2023-06-24T21:38:29","guid":{"rendered":"https:\/\/adchem.al\/?page_id=988330"},"modified":"2023-06-27T21:34:54","modified_gmt":"2023-06-27T21:34:54","slug":"ph-minus-liquid","status":"publish","type":"page","link":"https:\/\/adchem.al\/al\/water-treatmens\/ph-minus-liquid\/","title":{"rendered":"Ph Minus Liquid"},"content":{"rendered":"<div data-elementor-type=\"wp-page\" data-elementor-id=\"988330\" class=\"elementor elementor-988330\" data-elementor-post-type=\"page\">\n\t\t\t\t\t\t<section class=\"elementor-section elementor-top-section elementor-element elementor-element-37858afc elementor-section-full_width elementor-section-height-default elementor-section-height-default\" data-id=\"37858afc\" data-element_type=\"section\">\n\t\t\t\t\t\t<div class=\"elementor-container elementor-column-gap-no\">\n\t\t\t\t\t<div class=\"elementor-column elementor-col-100 elementor-top-column elementor-element elementor-element-60bb79bd\" data-id=\"60bb79bd\" data-element_type=\"column\">\n\t\t\t<div class=\"elementor-widget-wrap elementor-element-populated\">\n\t\t\t\t\t\t<div class=\"elementor-element elementor-element-61992a9a elementor-widget elementor-widget-text-editor\" data-id=\"61992a9a\" data-element_type=\"widget\" data-widget_type=\"text-editor.default\">\n\t\t\t\t<div class=\"elementor-widget-container\">\n\t\t\t\t\t\t\t\t\t<div class=\"woocommerce-product-details__short-description\"><div class=\"woocommerce-product-details__short-description\"><div id=\"content\" class=\"site-content\"><div class=\"stm-products-catalog\"><div class=\"container\"><div class=\"row\"><div class=\"col-md-12 man_main_sidebar\"><div class=\"content-area\"><div id=\"product-2262\" class=\"product type-product post-2262 status-publish first instock product_cat-swimming-pools-water-treatments product_tag-water-treatment has-post-thumbnail shipping-taxable product-type-simple\"><div class=\"woocommerce-tabs wc-tabs-wrapper\"><div id=\"tab-description\" class=\"woocommerce-Tabs-panel woocommerce-Tabs-panel--description panel entry-content wc-tab\" role=\"tabpanel\" aria-labelledby=\"tab-title-description\"><div class=\"woocommerce-product-details__short-description\"><div class=\"woocommerce-product-details__short-description\"><p><strong>Produkti: pH Minus Liquid<\/strong><\/p><p><strong>Formula Kimike: Ndryshon n\u00eb var\u00ebsi t\u00eb p\u00ebrb\u00ebrjes specifike, zakonisht p\u00ebrmban komponime acidike.<\/strong><\/p><p><strong>Informacion rreth produktit:<\/strong><\/p><p>\u2013 PH Minus Liquid \u00ebsht\u00eb nj\u00eb lloj produkti kimik q\u00eb p\u00ebrdoret p\u00ebr uljen e nivelit t\u00eb pH t\u00eb ujit.<br \/>\u2013 Formula specifike kimike mund t\u00eb ndryshoj\u00eb n\u00eb var\u00ebsi t\u00eb mark\u00ebs dhe p\u00ebrb\u00ebrjes s\u00eb produktit. pH Minus Liquid zakonisht p\u00ebrmban komponime acidike, t\u00eb tilla si acidi sulfurik ose acidi klorhidrik, t\u00eb cil\u00ebt ndihmojn\u00eb n\u00eb uljen e pH-s\u00eb s\u00eb ujit.<\/p><p><strong>Informacion p\u00ebr sektorin e p\u00ebrdorimit t\u00eb produktit:<\/strong><\/p><p>1. Mir\u00ebmbajtja e pishin\u00ebs dhe spa:<br \/>\u2013 PH Minus Liquid p\u00ebrdoret zakonisht n\u00eb pishina dhe banja p\u00ebr t\u00eb ulur nivelin e pH t\u00eb ujit. Ndihmon n\u00eb ruajtjen e ujit brenda intervalit t\u00eb pH t\u00eb rekomanduar p\u00ebr past\u00ebrti optimale t\u00eb ujit, rehati dhe dezinfektim.<\/p><p>2. Trajtimi i ujit:<br \/>\u2013 pH Minus Liquid gjen aplikime n\u00eb procese t\u00eb ndryshme t\u00eb trajtimit t\u00eb ujit, si n\u00eb sistemet industriale t\u00eb trajtimit t\u00eb ujit, impiantet e trajtimit t\u00eb uj\u00ebrave t\u00eb zeza dhe trajtimin e ujit t\u00eb pijsh\u00ebm. Ndihmon n\u00eb rregullimin dhe kontrollin e pH t\u00eb ujit p\u00ebr t\u00eb p\u00ebrmbushur k\u00ebrkesat specifike t\u00eb trajtimit.<\/p><p>3. Hidroponika dhe akuaponika:<br \/>\u2013 PH Minus Liquid p\u00ebrdoret n\u00eb sistemet hidroponike dhe akuaponike p\u00ebr t\u00eb rregulluar pH-n\u00eb e solucioneve ushqyese. K\u00ebto sisteme k\u00ebrkojn\u00eb nj\u00eb gam\u00eb specifike pH p\u00ebr disponueshm\u00ebrin\u00eb optimale t\u00eb l\u00ebnd\u00ebve ushqyese p\u00ebr bim\u00ebt ose organizmat ujor\u00eb, dhe pH Minus Liquid ndihmon n\u00eb arritjen dhe ruajtjen e nivelit t\u00eb d\u00ebshiruar t\u00eb pH.<\/p><p>4. Aplikimet bujq\u00ebsore:<br \/>\u2013 PH Minus Liquid mund t\u00eb p\u00ebrdoret n\u00eb bujq\u00ebsi p\u00ebr t\u00eb rregulluar pH-n\u00eb e tok\u00ebs ose ujit p\u00ebr vaditje. Ndihmon n\u00eb krijimin e nj\u00eb mjedisi optimal t\u00eb pH p\u00ebr rritjen e bim\u00ebve dhe marrjen e l\u00ebnd\u00ebve ushqyese, duke siguruar rendimente m\u00eb t\u00eb mira dhe bim\u00eb m\u00eb t\u00eb sh\u00ebndetshme.<\/p><p>5. Proceset industriale:<br \/>\u2013 PH Minus Liquid p\u00ebrdoret n\u00eb procese t\u00eb ndryshme industriale ku kontrolli i pH \u00ebsht\u00eb kritik. K\u00ebto p\u00ebrfshijn\u00eb prodhimin kimik, veshjen e metaleve, prodhimin e tekstilit dhe prodhimin e letr\u00ebs, nd\u00ebr t\u00eb tjera.<\/p><p>6. Laboratori dhe K\u00ebrkimi:<br \/>\u2013 PH Minus Liquid p\u00ebrdoret n\u00eb mjedise laboratorike p\u00ebr rregullimin e pH n\u00eb eksperimente, analiza dhe k\u00ebrkime shkencore. Ofron nj\u00eb metod\u00eb t\u00eb p\u00ebrshtatshme dhe t\u00eb sakt\u00eb p\u00ebr uljen e pH t\u00eb tret\u00ebsirave.<\/p><p>7. Prodhimi i birr\u00ebs dhe ver\u00ebrave:<br \/>\u2013 PH Minus Liquid luan nj\u00eb rol n\u00eb industrin\u00eb e birr\u00ebs dhe prodhimit t\u00eb ver\u00ebs, ku kontrolli i pH \u00ebsht\u00eb vendimtar p\u00ebr fermentimin dhe cil\u00ebsin\u00eb e produktit. Ndihmon n\u00eb rregullimin e pH-s\u00eb s\u00eb pures\u00eb ose mushtit p\u00ebr t\u00eb krijuar kushte t\u00eb favorshme p\u00ebr aktivitetin e majave dhe zhvillimin e shijes.<\/p><p>8. Kullat ftoh\u00ebse dhe sistemet HVAC:<br \/>\u2013 PH Minus Liquid p\u00ebrdoret n\u00eb kullat ftoh\u00ebse dhe sistemet HVAC p\u00ebr t\u00eb ruajtur ekuilibrin e duhur t\u00eb pH t\u00eb ujit. Kjo ndihmon n\u00eb parandalimin e formimit t\u00eb shkall\u00ebs, korrozionit dhe rritjes s\u00eb baktereve, duke siguruar funksionimin efikas t\u00eb sistemit.<\/p><p>9. Mbajtja e peshkut dhe Akuariumet:<br \/>\u2013 PH Minus Liquid mund t\u00eb p\u00ebrdoret n\u00eb rezervuar\u00ebt dhe akuariumet e peshkut p\u00ebr t\u00eb ulur pH-n\u00eb e ujit, duke krijuar nj\u00eb mjedis t\u00eb p\u00ebrshtatsh\u00ebm p\u00ebr specie specifike peshqish ose bim\u00eb ujore q\u00eb preferojn\u00eb kushte acidike.<\/p><p>10. Testimi dhe analiza e ujit:<br \/>\u2013 PH Minus Liquid p\u00ebrdoret n\u00eb laborator\u00ebt e testimit dhe analiz\u00ebs s\u00eb ujit si standarde kalibrimi ose zgjidhje referimi p\u00ebr mat\u00ebsat e pH dhe sondat. Ai siguron vlera t\u00eb njohura t\u00eb pH p\u00ebr kalibrimin e sakt\u00eb dhe matjen e niveleve t\u00eb pH n\u00eb mostra t\u00eb ndryshme.<\/p><p>pH Minus Liquid \u00ebsht\u00eb nj\u00eb produkt i gjithansh\u00ebm q\u00eb p\u00ebrdoret p\u00ebr rregullimin e pH n\u00eb sektor\u00eb t\u00eb ndrysh\u00ebm, duke p\u00ebrfshir\u00eb mir\u00ebmbajtjen e pishinave, trajtimin e ujit, hidroponik\u00ebn, bujq\u00ebsin\u00eb, proceset industriale, laborator\u00ebt, prodhimin e birr\u00ebs, kullat ftoh\u00ebse, mbajtjen e peshkut dhe analiz\u00ebn e ujit. \u00cbsht\u00eb e r\u00ebnd\u00ebsishme t\u00eb ndiqni udh\u00ebzimet e rekomanduara t\u00eb doz\u00ebs dhe siguris\u00eb t\u00eb ofruara nga prodhuesi kur p\u00ebrdorni pH Minus Liquid p\u00ebr t\u00eb siguruar rregullimin e duhur t\u00eb pH dhe trajtimin e sigurt t\u00eb produktit.<\/p><\/div><\/div><\/div><\/div><\/div><\/div><\/div><\/div><\/div><\/div><\/div><\/div><\/div>\t\t\t\t\t\t\t\t<\/div>\n\t\t\t\t<\/div>\n\t\t\t\t<section class=\"elementor-section elementor-inner-section elementor-element elementor-element-35ef843 elementor-section-boxed elementor-section-height-default elementor-section-height-default\" data-id=\"35ef843\" data-element_type=\"section\" data-settings=\"{&quot;background_background&quot;:&quot;classic&quot;}\">\n\t\t\t\t\t\t<div class=\"elementor-container elementor-column-gap-no\">\n\t\t\t\t\t<div class=\"elementor-column elementor-col-100 elementor-inner-column elementor-element elementor-element-a0b3bb6\" data-id=\"a0b3bb6\" data-element_type=\"column\">\n\t\t\t<div class=\"elementor-widget-wrap elementor-element-populated\">\n\t\t\t\t\t\t<div class=\"elementor-element elementor-element-8909c43 elementor-view-default elementor-widget elementor-widget-icon\" data-id=\"8909c43\" data-element_type=\"widget\" data-widget_type=\"icon.default\">\n\t\t\t\t<div class=\"elementor-widget-container\">\n\t\t\t\t\t\t\t<div class=\"elementor-icon-wrapper\">\n\t\t\t<div class=\"elementor-icon\">\n\t\t\t<i aria-hidden=\"true\" class=\"vamtamtheme- vamtam-theme-quote-start\"><\/i>\t\t\t<\/div>\n\t\t<\/div>\n\t\t\t\t\t\t<\/div>\n\t\t\t\t<\/div>\n\t\t\t\t<div class=\"elementor-element elementor-element-9be2356 elementor-widget elementor-widget-text-editor\" data-id=\"9be2356\" data-element_type=\"widget\" data-widget_type=\"text-editor.default\">\n\t\t\t\t<div class=\"elementor-widget-container\">\n\t\t\t\t\t\t\t\t\t<p>\"P\u00ebr \u00e7do informacion, shkruani n\u00eb WhatsApp: Gjith\u00e7ka q\u00eb ju nevojitet, n\u00eb koh\u00eb reale, n\u00eb nj\u00eb mesazh. Na kontaktoni dhe jemi gati t\u00eb ju ndihmojm\u00eb.\"<\/p>\t\t\t\t\t\t\t\t<\/div>\n\t\t\t\t<\/div>\n\t\t\t\t<div class=\"elementor-element elementor-element-373c924 elementor-widget-divider--view-line elementor-widget elementor-widget-divider\" data-id=\"373c924\" data-element_type=\"widget\" data-widget_type=\"divider.default\">\n\t\t\t\t<div class=\"elementor-widget-container\">\n\t\t\t\t\t\t\t<div class=\"elementor-divider\">\n\t\t\t<span class=\"elementor-divider-separator\">\n\t\t\t\t\t\t<\/span>\n\t\t<\/div>\n\t\t\t\t\t\t<\/div>\n\t\t\t\t<\/div>\n\t\t\t\t<div class=\"vamtam-has-theme-widget-styles elementor-element elementor-element-df1804e elementor-widget__width-auto vamtam-has-underline-anim elementor-widget elementor-widget-button\" data-id=\"df1804e\" data-element_type=\"widget\" data-widget_type=\"button.default\">\n\t\t\t\t<div class=\"elementor-widget-container\">\n\t\t\t\t\t\t\t\t\t<div class=\"elementor-button-wrapper\">\n\t\t\t\t\t<a class=\"elementor-button elementor-button-link elementor-size-md\" href=\"https:\/\/wa.me\/355694000260\">\n\t\t\t\t\t\t<span class=\"elementor-button-content-wrapper\">\n\t\t\t\t\t\t<span class=\"elementor-button-icon\">\n\t\t\t\t<i aria-hidden=\"true\" class=\"vamtamtheme- vamtam-theme-icon-arrow-right-top\"><\/i>\t\t\t<\/span>\n\t\t\t\t\t\t\t\t\t<span class=\"elementor-button-text\">Kontaktoni WhatsApp<\/span>\n\t\t\t\t\t<\/span>\n\t\t\t\t\t<\/a>\n\t\t\t\t<\/div>\n\t\t\t\t\t\t\t\t<\/div>\n\t\t\t\t<\/div>\n\t\t\t\t<div class=\"elementor-element elementor-element-27539f9 elementor-widget__width-auto elementor-widget elementor-widget-heading\" data-id=\"27539f9\" data-element_type=\"widget\" data-widget_type=\"heading.default\">\n\t\t\t\t<div class=\"elementor-widget-container\">\n\t\t\t\t\t<span class=\"elementor-heading-title elementor-size-default\">Albania Distribution Chemicals\n<\/span>\t\t\t\t<\/div>\n\t\t\t\t<\/div>\n\t\t\t\t\t<\/div>\n\t\t<\/div>\n\t\t\t\t\t<\/div>\n\t\t<\/section>\n\t\t\t\t\t<\/div>\n\t\t<\/div>\n\t\t\t\t\t<\/div>\n\t\t<\/section>\n\t\t\t\t<section class=\"elementor-section elementor-top-section elementor-element elementor-element-b3fd502 elementor-section-boxed elementor-section-height-default elementor-section-height-default\" data-id=\"b3fd502\" data-element_type=\"section\">\n\t\t\t\t\t\t<div class=\"elementor-container elementor-column-gap-default\">\n\t\t\t\t\t<div class=\"elementor-column elementor-col-100 elementor-top-column elementor-element elementor-element-a879885\" data-id=\"a879885\" data-element_type=\"column\">\n\t\t\t<div class=\"elementor-widget-wrap elementor-element-populated\">\n\t\t\t\t\t\t<div class=\"elementor-element elementor-element-4a3fe1c elementor-widget elementor-widget-spacer\" data-id=\"4a3fe1c\" data-element_type=\"widget\" data-widget_type=\"spacer.default\">\n\t\t\t\t<div class=\"elementor-widget-container\">\n\t\t\t\t\t\t\t<div class=\"elementor-spacer\">\n\t\t\t<div class=\"elementor-spacer-inner\"><\/div>\n\t\t<\/div>\n\t\t\t\t\t\t<\/div>\n\t\t\t\t<\/div>\n\t\t\t\t<div class=\"vamtam-has-theme-widget-styles elementor-element elementor-element-feed2fe elementor-widget elementor-widget-image\" data-id=\"feed2fe\" data-element_type=\"widget\" data-widget_type=\"image.default\">\n\t\t\t\t<div class=\"elementor-widget-container\">\n\t\t\t\t\t\t\t\t\t<div class=\"elementor-image\">\n\t\t\t\t\t\t\t\t\t\t\t\t\t\t\t\t\t\t\t\t\t<img fetchpriority=\"high\" decoding=\"async\" width=\"8000\" height=\"1355\" src=\"https:\/\/adchem.al\/wp-content\/uploads\/2023\/06\/baner-albania-distribution-chemicals-01.png\" class=\"attachment-full size-full wp-image-987764\" alt=\"\" srcset=\"https:\/\/adchem.al\/wp-content\/uploads\/2023\/06\/baner-albania-distribution-chemicals-01.png 8000w, https:\/\/adchem.al\/wp-content\/uploads\/2023\/06\/baner-albania-distribution-chemicals-01-300x51.png 300w, https:\/\/adchem.al\/wp-content\/uploads\/2023\/06\/baner-albania-distribution-chemicals-01-1024x173.png 1024w, https:\/\/adchem.al\/wp-content\/uploads\/2023\/06\/baner-albania-distribution-chemicals-01-768x130.png 768w, https:\/\/adchem.al\/wp-content\/uploads\/2023\/06\/baner-albania-distribution-chemicals-01-1536x260.png 1536w, https:\/\/adchem.al\/wp-content\/uploads\/2023\/06\/baner-albania-distribution-chemicals-01-2048x347.png 2048w\" sizes=\"(max-width: 8000px) 100vw, 8000px\" \/>\t\t\t\t\t\t\t\t\t\t\t\t\t\t\t\t\t\t\t\t\t\t\t\t<\/div>\n\t\t\t\t\t\t\t\t<\/div>\n\t\t\t\t<\/div>\n\t\t\t\t\t<\/div>\n\t\t<\/div>\n\t\t\t\t\t<\/div>\n\t\t<\/section>\n\t\t\t\t<\/div>","protected":false},"excerpt":{"rendered":"<p>Produkti: pH Minus Liquid<\/p>\n<p>Formula Kimike: Ndryshon n\u00eb var\u00ebsi t\u00eb p\u00ebrb\u00ebrjes specifike, zakonisht p\u00ebrmban komponime acidike.<\/p>\n<p>Informacion rreth produktit:<\/p>\n<p>\u2013 PH Minus Liquid \u00ebsht\u00eb nj\u00eb lloj produkti kimik q\u00eb p\u00ebrdoret p\u00ebr uljen e nivelit t\u00eb pH t\u00eb ujit.<br \/>\n\u2013 Formula specifike kimike mund t\u00eb ndryshoj\u00eb n\u00eb var\u00ebsi t\u00eb mark\u00ebs dhe p\u00ebrb\u00ebrjes s\u00eb produktit. pH Minus Liquid zakonisht p\u00ebrmban komponime acidike, t\u00eb tilla si acidi sulfurik ose acidi klorhidrik, t\u00eb cil\u00ebt ndihmojn\u00eb n\u00eb uljen e pH-s\u00eb s\u00eb ujit.<\/p>","protected":false},"author":2,"featured_media":0,"parent":988231,"menu_order":0,"comment_status":"closed","ping_status":"closed","template":"","meta":{"inline_featured_image":false,"footnotes":""},"class_list":["post-988330","page","type-page","status-publish","hentry"],"yoast_head":"<!-- This site is optimized with the Yoast SEO plugin v27.3 - https:\/\/yoast.com\/product\/yoast-seo-wordpress\/ -->\n<title>Ph Minus Liquid | Albania Distribution Chemicals<\/title>\n<meta name=\"robots\" content=\"index, follow, max-snippet:-1, max-image-preview:large, max-video-preview:-1\" \/>\n<link rel=\"canonical\" href=\"https:\/\/adchem.al\/al\/water-treatmens\/ph-minus-liquid\/\" \/>\n<meta property=\"og:locale\" content=\"sq_AL\" \/>\n<meta property=\"og:type\" content=\"article\" \/>\n<meta property=\"og:title\" content=\"Ph Minus Liquid | Albania Distribution Chemicals\" \/>\n<meta property=\"og:description\" content=\"Product: pH Minus Liquid Chemical Formula: Varies depending on the specific composition, typically contains acidic compounds. Information about the product: - pH Minus Liquid is a type of chemical product used for lowering the pH level of water. - The specific chemical formula may vary depending on the brand and composition of the product. pH Minus Liquid typically contains acidic compounds, such as sulfuric acid or hydrochloric acid, which help decrease the pH of water.\" \/>\n<meta property=\"og:url\" content=\"https:\/\/adchem.al\/al\/water-treatmens\/ph-minus-liquid\/\" \/>\n<meta property=\"og:site_name\" content=\"Albania Distribution Chemicals\" \/>\n<meta property=\"article:publisher\" content=\"https:\/\/www.facebook.com\/albaniadistributionchem\/?ref=py_c\" \/>\n<meta property=\"article:modified_time\" content=\"2023-06-27T21:34:54+00:00\" \/>\n<meta property=\"og:image\" content=\"https:\/\/adchem.al\/wp-content\/uploads\/2023\/06\/baner-albania-distribution-chemicals-01.png\" \/>\n<meta name=\"twitter:card\" content=\"summary_large_image\" \/>\n<script type=\"application\/ld+json\" class=\"yoast-schema-graph\">{\"@context\":\"https:\\\/\\\/schema.org\",\"@graph\":[{\"@type\":\"WebPage\",\"@id\":\"https:\\\/\\\/adchem.al\\\/water-treatmens\\\/ph-minus-liquid\\\/\",\"url\":\"https:\\\/\\\/adchem.al\\\/water-treatmens\\\/ph-minus-liquid\\\/\",\"name\":\"Ph Minus Liquid | Albania Distribution Chemicals\",\"isPartOf\":{\"@id\":\"https:\\\/\\\/adchem.al\\\/#website\"},\"primaryImageOfPage\":{\"@id\":\"https:\\\/\\\/adchem.al\\\/water-treatmens\\\/ph-minus-liquid\\\/#primaryimage\"},\"image\":{\"@id\":\"https:\\\/\\\/adchem.al\\\/water-treatmens\\\/ph-minus-liquid\\\/#primaryimage\"},\"thumbnailUrl\":\"https:\\\/\\\/adchem.al\\\/wp-content\\\/uploads\\\/2023\\\/06\\\/baner-albania-distribution-chemicals-01.png\",\"datePublished\":\"2023-06-24T21:38:29+00:00\",\"dateModified\":\"2023-06-27T21:34:54+00:00\",\"breadcrumb\":{\"@id\":\"https:\\\/\\\/adchem.al\\\/water-treatmens\\\/ph-minus-liquid\\\/#breadcrumb\"},\"inLanguage\":\"sq\",\"potentialAction\":[{\"@type\":\"ReadAction\",\"target\":[\"https:\\\/\\\/adchem.al\\\/water-treatmens\\\/ph-minus-liquid\\\/\"]}]},{\"@type\":\"ImageObject\",\"inLanguage\":\"sq\",\"@id\":\"https:\\\/\\\/adchem.al\\\/water-treatmens\\\/ph-minus-liquid\\\/#primaryimage\",\"url\":\"https:\\\/\\\/adchem.al\\\/wp-content\\\/uploads\\\/2023\\\/06\\\/baner-albania-distribution-chemicals-01.png\",\"contentUrl\":\"https:\\\/\\\/adchem.al\\\/wp-content\\\/uploads\\\/2023\\\/06\\\/baner-albania-distribution-chemicals-01.png\"},{\"@type\":\"BreadcrumbList\",\"@id\":\"https:\\\/\\\/adchem.al\\\/water-treatmens\\\/ph-minus-liquid\\\/#breadcrumb\",\"itemListElement\":[{\"@type\":\"ListItem\",\"position\":1,\"name\":\"Home\",\"item\":\"https:\\\/\\\/adchem.al\\\/\"},{\"@type\":\"ListItem\",\"position\":2,\"name\":\"Water Treatmens\",\"item\":\"https:\\\/\\\/adchem.al\\\/water-treatmens\\\/\"},{\"@type\":\"ListItem\",\"position\":3,\"name\":\"Ph Minus Liquid\"}]},{\"@type\":\"WebSite\",\"@id\":\"https:\\\/\\\/adchem.al\\\/#website\",\"url\":\"https:\\\/\\\/adchem.al\\\/\",\"name\":\"Albania Distribution Chemicals\",\"description\":\"&quot;Excellence in Chemical Distribution&quot;\",\"publisher\":{\"@id\":\"https:\\\/\\\/adchem.al\\\/#organization\"},\"alternateName\":\"ADC\",\"potentialAction\":[{\"@type\":\"SearchAction\",\"target\":{\"@type\":\"EntryPoint\",\"urlTemplate\":\"https:\\\/\\\/adchem.al\\\/?s={search_term_string}\"},\"query-input\":{\"@type\":\"PropertyValueSpecification\",\"valueRequired\":true,\"valueName\":\"search_term_string\"}}],\"inLanguage\":\"sq\"},{\"@type\":\"Organization\",\"@id\":\"https:\\\/\\\/adchem.al\\\/#organization\",\"name\":\"Albania Distribution Chemicals\",\"alternateName\":\"ADC\",\"url\":\"https:\\\/\\\/adchem.al\\\/\",\"logo\":{\"@type\":\"ImageObject\",\"inLanguage\":\"sq\",\"@id\":\"https:\\\/\\\/adchem.al\\\/#\\\/schema\\\/logo\\\/image\\\/\",\"url\":\"https:\\\/\\\/adchem.al\\\/wp-content\\\/uploads\\\/2022\\\/09\\\/Albania-Distribution-Chemicals-Logo-01.png\",\"contentUrl\":\"https:\\\/\\\/adchem.al\\\/wp-content\\\/uploads\\\/2022\\\/09\\\/Albania-Distribution-Chemicals-Logo-01.png\",\"width\":308,\"height\":104,\"caption\":\"Albania Distribution Chemicals\"},\"image\":{\"@id\":\"https:\\\/\\\/adchem.al\\\/#\\\/schema\\\/logo\\\/image\\\/\"},\"sameAs\":[\"https:\\\/\\\/www.facebook.com\\\/albaniadistributionchem\\\/?ref=py_c\",\"https:\\\/\\\/www.instagram.com\\\/albania_distribution_chemicals\\\/\"]}]}<\/script>\n<!-- \/ Yoast SEO plugin. -->","yoast_head_json":{"title":"Ph Minus Liquid | Albania Distribution Chemicals","robots":{"index":"index","follow":"follow","max-snippet":"max-snippet:-1","max-image-preview":"max-image-preview:large","max-video-preview":"max-video-preview:-1"},"canonical":"https:\/\/adchem.al\/al\/water-treatmens\/ph-minus-liquid\/","og_locale":"sq_AL","og_type":"article","og_title":"Ph Minus Liquid | Albania Distribution Chemicals","og_description":"Product: pH Minus Liquid Chemical Formula: Varies depending on the specific composition, typically contains acidic compounds. Information about the product: - pH Minus Liquid is a type of chemical product used for lowering the pH level of water. - The specific chemical formula may vary depending on the brand and composition of the product. pH Minus Liquid typically contains acidic compounds, such as sulfuric acid or hydrochloric acid, which help decrease the pH of water.","og_url":"https:\/\/adchem.al\/al\/water-treatmens\/ph-minus-liquid\/","og_site_name":"Albania Distribution Chemicals","article_publisher":"https:\/\/www.facebook.com\/albaniadistributionchem\/?ref=py_c","article_modified_time":"2023-06-27T21:34:54+00:00","og_image":[{"url":"https:\/\/adchem.al\/wp-content\/uploads\/2023\/06\/baner-albania-distribution-chemicals-01.png","type":"","width":"","height":""}],"twitter_card":"summary_large_image","schema":{"@context":"https:\/\/schema.org","@graph":[{"@type":"WebPage","@id":"https:\/\/adchem.al\/water-treatmens\/ph-minus-liquid\/","url":"https:\/\/adchem.al\/water-treatmens\/ph-minus-liquid\/","name":"Ph Minus Liquid | Albania Distribution Chemicals","isPartOf":{"@id":"https:\/\/adchem.al\/#website"},"primaryImageOfPage":{"@id":"https:\/\/adchem.al\/water-treatmens\/ph-minus-liquid\/#primaryimage"},"image":{"@id":"https:\/\/adchem.al\/water-treatmens\/ph-minus-liquid\/#primaryimage"},"thumbnailUrl":"https:\/\/adchem.al\/wp-content\/uploads\/2023\/06\/baner-albania-distribution-chemicals-01.png","datePublished":"2023-06-24T21:38:29+00:00","dateModified":"2023-06-27T21:34:54+00:00","breadcrumb":{"@id":"https:\/\/adchem.al\/water-treatmens\/ph-minus-liquid\/#breadcrumb"},"inLanguage":"sq","potentialAction":[{"@type":"ReadAction","target":["https:\/\/adchem.al\/water-treatmens\/ph-minus-liquid\/"]}]},{"@type":"ImageObject","inLanguage":"sq","@id":"https:\/\/adchem.al\/water-treatmens\/ph-minus-liquid\/#primaryimage","url":"https:\/\/adchem.al\/wp-content\/uploads\/2023\/06\/baner-albania-distribution-chemicals-01.png","contentUrl":"https:\/\/adchem.al\/wp-content\/uploads\/2023\/06\/baner-albania-distribution-chemicals-01.png"},{"@type":"BreadcrumbList","@id":"https:\/\/adchem.al\/water-treatmens\/ph-minus-liquid\/#breadcrumb","itemListElement":[{"@type":"ListItem","position":1,"name":"Home","item":"https:\/\/adchem.al\/"},{"@type":"ListItem","position":2,"name":"Water Treatmens","item":"https:\/\/adchem.al\/water-treatmens\/"},{"@type":"ListItem","position":3,"name":"Ph Minus Liquid"}]},{"@type":"WebSite","@id":"https:\/\/adchem.al\/#website","url":"https:\/\/adchem.al\/","name":"Albania Distribution Chemicals","description":"&quot;Excellence in Chemical Distribution&quot;","publisher":{"@id":"https:\/\/adchem.al\/#organization"},"alternateName":"ADC","potentialAction":[{"@type":"SearchAction","target":{"@type":"EntryPoint","urlTemplate":"https:\/\/adchem.al\/?s={search_term_string}"},"query-input":{"@type":"PropertyValueSpecification","valueRequired":true,"valueName":"search_term_string"}}],"inLanguage":"sq"},{"@type":"Organization","@id":"https:\/\/adchem.al\/#organization","name":"Albania Distribution Chemicals","alternateName":"ADC","url":"https:\/\/adchem.al\/","logo":{"@type":"ImageObject","inLanguage":"sq","@id":"https:\/\/adchem.al\/#\/schema\/logo\/image\/","url":"https:\/\/adchem.al\/wp-content\/uploads\/2022\/09\/Albania-Distribution-Chemicals-Logo-01.png","contentUrl":"https:\/\/adchem.al\/wp-content\/uploads\/2022\/09\/Albania-Distribution-Chemicals-Logo-01.png","width":308,"height":104,"caption":"Albania Distribution Chemicals"},"image":{"@id":"https:\/\/adchem.al\/#\/schema\/logo\/image\/"},"sameAs":["https:\/\/www.facebook.com\/albaniadistributionchem\/?ref=py_c","https:\/\/www.instagram.com\/albania_distribution_chemicals\/"]}]}},"_links":{"self":[{"href":"https:\/\/adchem.al\/al\/wp-json\/wp\/v2\/pages\/988330","targetHints":{"allow":["GET"]}}],"collection":[{"href":"https:\/\/adchem.al\/al\/wp-json\/wp\/v2\/pages"}],"about":[{"href":"https:\/\/adchem.al\/al\/wp-json\/wp\/v2\/types\/page"}],"author":[{"embeddable":true,"href":"https:\/\/adchem.al\/al\/wp-json\/wp\/v2\/users\/2"}],"replies":[{"embeddable":true,"href":"https:\/\/adchem.al\/al\/wp-json\/wp\/v2\/comments?post=988330"}],"version-history":[{"count":10,"href":"https:\/\/adchem.al\/al\/wp-json\/wp\/v2\/pages\/988330\/revisions"}],"predecessor-version":[{"id":989247,"href":"https:\/\/adchem.al\/al\/wp-json\/wp\/v2\/pages\/988330\/revisions\/989247"}],"up":[{"embeddable":true,"href":"https:\/\/adchem.al\/al\/wp-json\/wp\/v2\/pages\/988231"}],"wp:attachment":[{"href":"https:\/\/adchem.al\/al\/wp-json\/wp\/v2\/media?parent=988330"}],"curies":[{"name":"wp","href":"https:\/\/api.w.org\/{rel}","templated":true}]}}