{"id":988310,"date":"2023-06-24T21:27:42","date_gmt":"2023-06-24T21:27:42","guid":{"rendered":"https:\/\/adchem.al\/?page_id=988310"},"modified":"2023-06-27T21:29:13","modified_gmt":"2023-06-27T21:29:13","slug":"liquid-chlorine","status":"publish","type":"page","link":"https:\/\/adchem.al\/al\/water-treatmens\/liquid-chlorine\/","title":{"rendered":"Klor i l\u00ebngsh\u00ebm"},"content":{"rendered":"<div data-elementor-type=\"wp-page\" data-elementor-id=\"988310\" class=\"elementor elementor-988310\" data-elementor-post-type=\"page\">\n\t\t\t\t\t\t<section class=\"elementor-section elementor-top-section elementor-element elementor-element-37858afc elementor-section-full_width elementor-section-height-default elementor-section-height-default\" data-id=\"37858afc\" data-element_type=\"section\" data-e-type=\"section\">\n\t\t\t\t\t\t<div class=\"elementor-container elementor-column-gap-no\">\n\t\t\t\t\t<div class=\"elementor-column elementor-col-100 elementor-top-column elementor-element elementor-element-60bb79bd\" data-id=\"60bb79bd\" data-element_type=\"column\" data-e-type=\"column\">\n\t\t\t<div class=\"elementor-widget-wrap elementor-element-populated\">\n\t\t\t\t\t\t<div class=\"vamtam-has-theme-widget-styles elementor-element elementor-element-86d4d6c elementor-widget elementor-widget-image\" data-id=\"86d4d6c\" data-element_type=\"widget\" data-e-type=\"widget\" data-widget_type=\"image.default\">\n\t\t\t\t<div class=\"elementor-widget-container\">\n\t\t\t\t\t\t\t\t\t<div class=\"elementor-image\">\n\t\t\t\t\t\t\t\t\t\t\t\t\t\t\t\t<figure class=\"wp-caption\">\n\t\t\t\t\t\t\t\t\t\t\t\t\t\t\t\t<img fetchpriority=\"high\" width=\"250\" height=\"250\" src=\"https:\/\/adchem.al\/wp-content\/uploads\/2023\/06\/22933.png\" class=\"attachment-full size-full wp-image-988290\" alt=\"\" decoding=\"async\" srcset=\"https:\/\/adchem.al\/wp-content\/uploads\/2023\/06\/22933.png 250w, https:\/\/adchem.al\/wp-content\/uploads\/2023\/06\/22933-150x150.png 150w\" sizes=\"(max-width: 250px) 100vw, 250px\" \/>\t\t\t\t\t\t\t\t\t\t\t\t\t\t\t\t\t<figcaption class=\"widget-image-caption wp-caption-text\">Albania Distribution Chemicals<\/figcaption>\n\t\t\t\t\t\t\t\t\t\t\t\t\t\t\t\t<\/figure>\n\t\t\t\t\t\t\t\t\t\t\t\t\t\t<\/div>\n\t\t\t\t\t\t\t\t<\/div>\n\t\t\t\t<\/div>\n\t\t\t\t<div class=\"elementor-element elementor-element-61992a9a elementor-widget elementor-widget-text-editor\" data-id=\"61992a9a\" data-element_type=\"widget\" data-e-type=\"widget\" data-widget_type=\"text-editor.default\">\n\t\t\t\t<div class=\"elementor-widget-container\">\n\t\t\t\t\t\t\t\t\t<div class=\"woocommerce-product-details__short-description\"><div class=\"woocommerce-product-details__short-description\"><div id=\"content\" class=\"site-content\"><div class=\"stm-products-catalog\"><div class=\"container\"><div class=\"row\"><div class=\"col-md-12 man_main_sidebar\"><div class=\"content-area\"><div id=\"product-2262\" class=\"product type-product post-2262 status-publish first instock product_cat-swimming-pools-water-treatments product_tag-water-treatment has-post-thumbnail shipping-taxable product-type-simple\"><div class=\"woocommerce-tabs wc-tabs-wrapper\"><div id=\"tab-description\" class=\"woocommerce-Tabs-panel woocommerce-Tabs-panel--description panel entry-content wc-tab\" role=\"tabpanel\" aria-labelledby=\"tab-title-description\"><div class=\"woocommerce-product-details__short-description\"><div class=\"woocommerce-product-details__short-description\"><p><strong>Produkti: Klor i l\u00ebngsh\u00ebm<\/strong><\/p><p><strong>Formula Kimike: Cl2<\/strong><\/p><p><strong>Informacion rreth produktit:<\/strong><\/p><p>\u2013 Klori i l\u00ebngsh\u00ebm \u00ebsht\u00eb nj\u00eb l\u00ebng i zbeht\u00eb n\u00eb t\u00eb gjelb\u00ebr n\u00eb t\u00eb verdh\u00eb me nj\u00eb er\u00eb t\u00eb fort\u00eb dhe t\u00eb ath\u00ebt.<br \/>\u2013 P\u00ebrb\u00ebhet nga gazi klor (Cl2) i tretur n\u00eb uj\u00eb.<br \/>\u2013 Klori \u00ebsht\u00eb nj\u00eb element shum\u00eb reaktiv dhe nj\u00eb agjent i fuqish\u00ebm oksidues.<\/p><p><strong>Informacion p\u00ebr sektorin e p\u00ebrdorimit t\u00eb produktit:<\/strong><\/p><p>1. Trajtimi i ujit:<br \/>\u2013 Klori i l\u00ebngsh\u00ebm p\u00ebrdoret gjer\u00ebsisht p\u00ebr dezinfektimin e ujit n\u00eb impiantet komunale t\u00eb trajtimit t\u00eb ujit. N\u00eb m\u00ebnyr\u00eb efektive vret bakteret, viruset dhe mikroorganizmat e tjer\u00eb t\u00eb pranish\u00ebm n\u00eb uj\u00eb, duke siguruar uj\u00eb t\u00eb pijsh\u00ebm t\u00eb sigurt p\u00ebr popullat\u00ebn.<\/p><p>2. Pishina:<br \/>\u2013 Klori p\u00ebrdoret zakonisht n\u00eb pishina si dezinfektues p\u00ebr t\u00eb vrar\u00eb bakteret e d\u00ebmshme dhe p\u00ebr t\u00eb parandaluar rritjen e algave. Zgjidhjet e klorit t\u00eb l\u00ebng\u00ebt ose hipokloritit t\u00eb natriumit p\u00ebrdoren shpesh p\u00ebr t\u00eb ruajtur p\u00ebrqendrimin e d\u00ebshiruar t\u00eb klorit n\u00eb ujin e pishin\u00ebs.<\/p><p>3. Trajtimi i uj\u00ebrave t\u00eb zeza:<br \/>\u2013 Klori i l\u00ebngsh\u00ebm p\u00ebrdoret n\u00eb objektet e trajtimit t\u00eb uj\u00ebrave t\u00eb zeza p\u00ebr t\u00eb dezinfektuar dhe hequr patogjen\u00ebt nga uj\u00ebrat e zeza p\u00ebrpara se t\u00eb shkarkohen p\u00ebrs\u00ebri n\u00eb mjedis. Ndihmon n\u00eb kontrollin e p\u00ebrhapjes s\u00eb s\u00ebmundjeve t\u00eb shkaktuara nga uji.<\/p><p>4. Zbardhja dhe dezinfektimi:<br \/>\u2013 Klori \u00ebsht\u00eb nj\u00eb p\u00ebrb\u00ebr\u00ebs ky\u00e7 n\u00eb shum\u00eb agjent\u00eb zbardhues dhe dezinfektues t\u00eb p\u00ebrdorur n\u00eb amvis\u00ebri, industri dhe mjedise t\u00eb kujdesit sh\u00ebndet\u00ebsor. \u00cbsht\u00eb efektiv n\u00eb heqjen e njollave, zbardhjen e p\u00eblhurave dhe dezinfektimin e sip\u00ebrfaqeve.<\/p><p>5. Prodhim kimik:<br \/>\u2013 Klori i l\u00ebngsh\u00ebm sh\u00ebrben si l\u00ebnd\u00eb e par\u00eb jetike n\u00eb prodhimin e kimikateve t\u00eb ndryshme, duke p\u00ebrfshir\u00eb PVC (klorur polivinil), tret\u00ebs, nd\u00ebrmjet\u00ebs t\u00eb klorur dhe farmaceutik\u00eb. \u00cbsht\u00eb nj\u00eb komponent thelb\u00ebsor n\u00eb prodhimin e plastik\u00ebs dhe materialeve sintetike.<\/p><p>6. Industria e letr\u00ebs dhe e tulit:<br \/>\u2013 P\u00ebrb\u00ebrjet e klorit p\u00ebrdoren gjer\u00ebsisht n\u00eb industrin\u00eb e letr\u00ebs dhe pulp\u00ebs p\u00ebr zbardhjen e pulp\u00ebs s\u00eb drurit. Klori i l\u00ebngsh\u00ebm ose dioksidi i klorit p\u00ebrdoret p\u00ebr t\u00eb hequr linjin\u00ebn dhe papast\u00ebrtit\u00eb e tjera nga pulpa, duke rezultuar n\u00eb produkte letre t\u00eb ndritshme dhe t\u00eb bardh\u00eb.<\/p><p>7. Industria e tekstilit:<br \/>\u2013 Klori p\u00ebrdoret n\u00eb p\u00ebrpunimin e tekstilit p\u00ebr zbardhjen dhe heqjen e boj\u00ebs. Ndihmon n\u00eb heqjen e ngjyr\u00ebs nga tekstilet, duke lejuar proceset e m\u00ebvonshme t\u00eb ngjyrosjes ose zbardhjes.<\/p><p>8. Sinteza kimike:<br \/>\u2013 Klori i l\u00ebngsh\u00ebm p\u00ebrdoret n\u00eb reaksione t\u00eb ndryshme t\u00eb sintez\u00ebs kimike, duke p\u00ebrfshir\u00eb prodhimin e p\u00ebrb\u00ebrjeve organike dhe inorganike. Ai vepron si nj\u00eb agjent oksidues dhe merr pjes\u00eb n\u00eb reaksione t\u00eb tilla si klorinimi, oksidimi dhe klorometilimi.<\/p><p>9. Dezinfektimi n\u00eb p\u00ebrpunimin e ushqimit:<br \/>\u2013 Klori p\u00ebrdoret n\u00eb industrin\u00eb e p\u00ebrpunimit t\u00eb ushqimit p\u00ebr q\u00ebllime dezinfektimi. Ndihmon n\u00eb dezinfektimin e pajisjeve, en\u00ebve dhe sip\u00ebrfaqeve p\u00ebr t\u00eb ruajtur standardet e higjien\u00ebs dhe p\u00ebr t\u00eb parandaluar ndotjen e produkteve ushqimore.<\/p><p>10. Industria farmaceutike:<br \/>\u2013 P\u00ebrb\u00ebrjet e klorit gjejn\u00eb aplikime n\u00eb industrin\u00eb farmaceutike p\u00ebr sintez\u00ebn e barnave dhe nd\u00ebrmjet\u00ebsve farmaceutik\u00eb. Ai \u00ebsht\u00eb i p\u00ebrfshir\u00eb n\u00eb reaksione t\u00eb ndryshme, duke p\u00ebrfshir\u00eb proceset e klorimit dhe oksidimit.<\/p><p>Klori i l\u00ebngsh\u00ebm \u00ebsht\u00eb nj\u00eb kimikat i gjithansh\u00ebm me aplikime t\u00eb gjera n\u00eb trajtimin e ujit, dezinfektimin, prodhimin kimik, prodhimin e letr\u00ebs, tekstilet dhe m\u00eb shum\u00eb. Duhet t\u00eb trajtohet me kujdes p\u00ebr shkak t\u00eb natyr\u00ebs s\u00eb tij t\u00eb rrezikshme dhe rreziqeve t\u00eb mundshme p\u00ebr sh\u00ebndetin. Duhet t\u00eb ndiqen masat e duhura t\u00eb siguris\u00eb, procedurat e ruajtjes dhe trajtimit p\u00ebr t\u00eb siguruar p\u00ebrdorimin e sigurt dhe efektiv t\u00eb klorit t\u00eb l\u00ebngsh\u00ebm n\u00eb aplikime t\u00eb ndryshme industriale dhe sht\u00ebpiake.<\/p><\/div><div class=\"product_meta\">\u00a0<\/div><\/div><\/div><\/div><\/div><\/div><\/div><\/div><\/div><\/div><\/div><\/div><\/div>\t\t\t\t\t\t\t\t<\/div>\n\t\t\t\t<\/div>\n\t\t\t\t<section class=\"elementor-section elementor-inner-section elementor-element elementor-element-a29d1b8 elementor-section-boxed elementor-section-height-default elementor-section-height-default\" data-id=\"a29d1b8\" data-element_type=\"section\" data-e-type=\"section\" data-settings=\"{&quot;background_background&quot;:&quot;classic&quot;}\">\n\t\t\t\t\t\t<div class=\"elementor-container elementor-column-gap-no\">\n\t\t\t\t\t<div class=\"elementor-column elementor-col-100 elementor-inner-column elementor-element elementor-element-8cd242f\" data-id=\"8cd242f\" data-element_type=\"column\" data-e-type=\"column\">\n\t\t\t<div class=\"elementor-widget-wrap elementor-element-populated\">\n\t\t\t\t\t\t<div class=\"elementor-element elementor-element-349ad03 elementor-view-default elementor-widget elementor-widget-icon\" data-id=\"349ad03\" data-element_type=\"widget\" data-e-type=\"widget\" data-widget_type=\"icon.default\">\n\t\t\t\t<div class=\"elementor-widget-container\">\n\t\t\t\t\t\t\t<div class=\"elementor-icon-wrapper\">\n\t\t\t<div class=\"elementor-icon\">\n\t\t\t<i aria-hidden=\"true\" class=\"vamtamtheme- vamtam-theme-quote-start\"><\/i>\t\t\t<\/div>\n\t\t<\/div>\n\t\t\t\t\t\t<\/div>\n\t\t\t\t<\/div>\n\t\t\t\t<div class=\"elementor-element elementor-element-91d2ec5 elementor-widget elementor-widget-text-editor\" data-id=\"91d2ec5\" data-element_type=\"widget\" data-e-type=\"widget\" data-widget_type=\"text-editor.default\">\n\t\t\t\t<div class=\"elementor-widget-container\">\n\t\t\t\t\t\t\t\t\t<p>\"P\u00ebr \u00e7do informacion, shkruani n\u00eb WhatsApp: Gjith\u00e7ka q\u00eb ju nevojitet, n\u00eb koh\u00eb reale, n\u00eb nj\u00eb mesazh. Na kontaktoni dhe jemi gati t\u00eb ju ndihmojm\u00eb.\"<\/p>\t\t\t\t\t\t\t\t<\/div>\n\t\t\t\t<\/div>\n\t\t\t\t<div class=\"elementor-element elementor-element-b377362 elementor-widget-divider--view-line elementor-widget elementor-widget-divider\" data-id=\"b377362\" data-element_type=\"widget\" data-e-type=\"widget\" data-widget_type=\"divider.default\">\n\t\t\t\t<div class=\"elementor-widget-container\">\n\t\t\t\t\t\t\t<div class=\"elementor-divider\">\n\t\t\t<span class=\"elementor-divider-separator\">\n\t\t\t\t\t\t<\/span>\n\t\t<\/div>\n\t\t\t\t\t\t<\/div>\n\t\t\t\t<\/div>\n\t\t\t\t<div class=\"vamtam-has-theme-widget-styles elementor-element elementor-element-d65197e elementor-widget__width-auto vamtam-has-underline-anim elementor-widget elementor-widget-button\" data-id=\"d65197e\" data-element_type=\"widget\" data-e-type=\"widget\" data-widget_type=\"button.default\">\n\t\t\t\t<div class=\"elementor-widget-container\">\n\t\t\t\t\t\t\t\t\t<div class=\"elementor-button-wrapper\">\n\t\t\t\t\t<a class=\"elementor-button elementor-button-link elementor-size-md\" href=\"https:\/\/wa.me\/355694000260\">\n\t\t\t\t\t\t<span class=\"elementor-button-content-wrapper\">\n\t\t\t\t\t\t<span class=\"elementor-button-icon\">\n\t\t\t\t<i aria-hidden=\"true\" class=\"vamtamtheme- vamtam-theme-icon-arrow-right-top\"><\/i>\t\t\t<\/span>\n\t\t\t\t\t\t\t\t\t<span class=\"elementor-button-text\">Kontaktoni WhatsApp<\/span>\n\t\t\t\t\t<\/span>\n\t\t\t\t\t<\/a>\n\t\t\t\t<\/div>\n\t\t\t\t\t\t\t\t<\/div>\n\t\t\t\t<\/div>\n\t\t\t\t<div class=\"elementor-element elementor-element-d27a7d6 elementor-widget__width-auto elementor-widget elementor-widget-heading\" data-id=\"d27a7d6\" data-element_type=\"widget\" data-e-type=\"widget\" data-widget_type=\"heading.default\">\n\t\t\t\t<div class=\"elementor-widget-container\">\n\t\t\t\t\t<span class=\"elementor-heading-title elementor-size-default\">Albania Distribution Chemicals\n<\/span>\t\t\t\t<\/div>\n\t\t\t\t<\/div>\n\t\t\t\t\t<\/div>\n\t\t<\/div>\n\t\t\t\t\t<\/div>\n\t\t<\/section>\n\t\t\t\t\t<\/div>\n\t\t<\/div>\n\t\t\t\t\t<\/div>\n\t\t<\/section>\n\t\t\t\t<section class=\"elementor-section elementor-top-section elementor-element elementor-element-b3fd502 elementor-section-boxed elementor-section-height-default elementor-section-height-default\" data-id=\"b3fd502\" data-element_type=\"section\" data-e-type=\"section\">\n\t\t\t\t\t\t<div class=\"elementor-container elementor-column-gap-default\">\n\t\t\t\t\t<div class=\"elementor-column elementor-col-100 elementor-top-column elementor-element elementor-element-a879885\" data-id=\"a879885\" data-element_type=\"column\" data-e-type=\"column\">\n\t\t\t<div class=\"elementor-widget-wrap elementor-element-populated\">\n\t\t\t\t\t\t<div class=\"elementor-element elementor-element-4a3fe1c elementor-widget elementor-widget-spacer\" data-id=\"4a3fe1c\" data-element_type=\"widget\" data-e-type=\"widget\" data-widget_type=\"spacer.default\">\n\t\t\t\t<div class=\"elementor-widget-container\">\n\t\t\t\t\t\t\t<div class=\"elementor-spacer\">\n\t\t\t<div class=\"elementor-spacer-inner\"><\/div>\n\t\t<\/div>\n\t\t\t\t\t\t<\/div>\n\t\t\t\t<\/div>\n\t\t\t\t<div class=\"vamtam-has-theme-widget-styles elementor-element elementor-element-feed2fe elementor-widget elementor-widget-image\" data-id=\"feed2fe\" data-element_type=\"widget\" data-e-type=\"widget\" data-widget_type=\"image.default\">\n\t\t\t\t<div class=\"elementor-widget-container\">\n\t\t\t\t\t\t\t\t\t<div class=\"elementor-image\">\n\t\t\t\t\t\t\t\t\t\t\t\t\t\t\t\t\t\t\t\t\t<img width=\"8000\" height=\"1355\" src=\"https:\/\/adchem.al\/wp-content\/uploads\/2023\/06\/baner-albania-distribution-chemicals-01.png\" class=\"attachment-full size-full wp-image-987764\" alt=\"\" decoding=\"async\" srcset=\"https:\/\/adchem.al\/wp-content\/uploads\/2023\/06\/baner-albania-distribution-chemicals-01.png 8000w, https:\/\/adchem.al\/wp-content\/uploads\/2023\/06\/baner-albania-distribution-chemicals-01-300x51.png 300w, https:\/\/adchem.al\/wp-content\/uploads\/2023\/06\/baner-albania-distribution-chemicals-01-1024x173.png 1024w, https:\/\/adchem.al\/wp-content\/uploads\/2023\/06\/baner-albania-distribution-chemicals-01-768x130.png 768w, https:\/\/adchem.al\/wp-content\/uploads\/2023\/06\/baner-albania-distribution-chemicals-01-1536x260.png 1536w, https:\/\/adchem.al\/wp-content\/uploads\/2023\/06\/baner-albania-distribution-chemicals-01-2048x347.png 2048w\" sizes=\"(max-width: 8000px) 100vw, 8000px\" \/>\t\t\t\t\t\t\t\t\t\t\t\t\t\t\t\t\t\t\t\t\t\t\t\t<\/div>\n\t\t\t\t\t\t\t\t<\/div>\n\t\t\t\t<\/div>\n\t\t\t\t\t<\/div>\n\t\t<\/div>\n\t\t\t\t\t<\/div>\n\t\t<\/section>\n\t\t\t\t<\/div>","protected":false},"excerpt":{"rendered":"<p>Produkti: Klor i l\u00ebngsh\u00ebm<\/p>\n<p>Formula Kimike: Cl2<\/p>\n<p>Informacion rreth produktit:<\/p>\n<p>\u2013 Klori i l\u00ebngsh\u00ebm \u00ebsht\u00eb nj\u00eb l\u00ebng i zbeht\u00eb n\u00eb t\u00eb gjelb\u00ebr n\u00eb t\u00eb verdh\u00eb me nj\u00eb er\u00eb t\u00eb fort\u00eb dhe t\u00eb ath\u00ebt.<br \/>\n\u2013 P\u00ebrb\u00ebhet nga gazi klor (Cl2) i tretur n\u00eb uj\u00eb.<br \/>\n\u2013 Klori \u00ebsht\u00eb nj\u00eb element shum\u00eb reaktiv dhe nj\u00eb agjent i fuqish\u00ebm oksidues.<\/p>","protected":false},"author":2,"featured_media":988290,"parent":988231,"menu_order":0,"comment_status":"closed","ping_status":"closed","template":"","meta":{"inline_featured_image":false,"footnotes":""},"class_list":["post-988310","page","type-page","status-publish","has-post-thumbnail","hentry"],"yoast_head":"<!-- This site is optimized with the Yoast SEO plugin v27.4 - https:\/\/yoast.com\/product\/yoast-seo-wordpress\/ -->\n<title>Liquid Chlorine | Albania Distribution Chemicals<\/title>\n<meta name=\"robots\" content=\"index, follow, max-snippet:-1, max-image-preview:large, max-video-preview:-1\" \/>\n<link rel=\"canonical\" href=\"https:\/\/adchem.al\/al\/water-treatmens\/liquid-chlorine\/\" \/>\n<meta property=\"og:locale\" content=\"sq_AL\" \/>\n<meta property=\"og:type\" content=\"article\" \/>\n<meta property=\"og:title\" content=\"Liquid Chlorine | Albania Distribution Chemicals\" \/>\n<meta property=\"og:description\" content=\"Product: Liquid Chlorine Chemical Formula: Cl2 Information about the product: - Liquid Chlorine is a pale greenish-yellow liquid with a strong, pungent odor. - It is composed of chlorine gas (Cl2) dissolved in water. - Chlorine is a highly reactive element and a powerful oxidizing agent.\" \/>\n<meta property=\"og:url\" content=\"https:\/\/adchem.al\/al\/water-treatmens\/liquid-chlorine\/\" \/>\n<meta property=\"og:site_name\" content=\"Albania Distribution Chemicals\" \/>\n<meta property=\"article:publisher\" content=\"https:\/\/www.facebook.com\/albaniadistributionchem\/?ref=py_c\" \/>\n<meta property=\"article:modified_time\" content=\"2023-06-27T21:29:13+00:00\" \/>\n<meta property=\"og:image\" content=\"https:\/\/adchem.al\/wp-content\/uploads\/2023\/06\/22933.png\" \/>\n\t<meta property=\"og:image:width\" content=\"250\" \/>\n\t<meta property=\"og:image:height\" content=\"250\" \/>\n\t<meta property=\"og:image:type\" content=\"image\/png\" \/>\n<meta name=\"twitter:card\" content=\"summary_large_image\" \/>\n<script type=\"application\/ld+json\" class=\"yoast-schema-graph\">{\"@context\":\"https:\\\/\\\/schema.org\",\"@graph\":[{\"@type\":\"WebPage\",\"@id\":\"https:\\\/\\\/adchem.al\\\/water-treatmens\\\/liquid-chlorine\\\/\",\"url\":\"https:\\\/\\\/adchem.al\\\/water-treatmens\\\/liquid-chlorine\\\/\",\"name\":\"Liquid Chlorine | Albania Distribution Chemicals\",\"isPartOf\":{\"@id\":\"https:\\\/\\\/adchem.al\\\/#website\"},\"primaryImageOfPage\":{\"@id\":\"https:\\\/\\\/adchem.al\\\/water-treatmens\\\/liquid-chlorine\\\/#primaryimage\"},\"image\":{\"@id\":\"https:\\\/\\\/adchem.al\\\/water-treatmens\\\/liquid-chlorine\\\/#primaryimage\"},\"thumbnailUrl\":\"https:\\\/\\\/adchem.al\\\/wp-content\\\/uploads\\\/2023\\\/06\\\/22933.png\",\"datePublished\":\"2023-06-24T21:27:42+00:00\",\"dateModified\":\"2023-06-27T21:29:13+00:00\",\"breadcrumb\":{\"@id\":\"https:\\\/\\\/adchem.al\\\/water-treatmens\\\/liquid-chlorine\\\/#breadcrumb\"},\"inLanguage\":\"sq\",\"potentialAction\":[{\"@type\":\"ReadAction\",\"target\":[\"https:\\\/\\\/adchem.al\\\/water-treatmens\\\/liquid-chlorine\\\/\"]}]},{\"@type\":\"ImageObject\",\"inLanguage\":\"sq\",\"@id\":\"https:\\\/\\\/adchem.al\\\/water-treatmens\\\/liquid-chlorine\\\/#primaryimage\",\"url\":\"https:\\\/\\\/adchem.al\\\/wp-content\\\/uploads\\\/2023\\\/06\\\/22933.png\",\"contentUrl\":\"https:\\\/\\\/adchem.al\\\/wp-content\\\/uploads\\\/2023\\\/06\\\/22933.png\",\"width\":250,\"height\":250},{\"@type\":\"BreadcrumbList\",\"@id\":\"https:\\\/\\\/adchem.al\\\/water-treatmens\\\/liquid-chlorine\\\/#breadcrumb\",\"itemListElement\":[{\"@type\":\"ListItem\",\"position\":1,\"name\":\"Home\",\"item\":\"https:\\\/\\\/adchem.al\\\/\"},{\"@type\":\"ListItem\",\"position\":2,\"name\":\"Water Treatmens\",\"item\":\"https:\\\/\\\/adchem.al\\\/water-treatmens\\\/\"},{\"@type\":\"ListItem\",\"position\":3,\"name\":\"Liquid Chlorine\"}]},{\"@type\":\"WebSite\",\"@id\":\"https:\\\/\\\/adchem.al\\\/#website\",\"url\":\"https:\\\/\\\/adchem.al\\\/\",\"name\":\"Albania Distribution Chemicals\",\"description\":\"&quot;Excellence in Chemical Distribution&quot;\",\"publisher\":{\"@id\":\"https:\\\/\\\/adchem.al\\\/#organization\"},\"alternateName\":\"ADC\",\"potentialAction\":[{\"@type\":\"SearchAction\",\"target\":{\"@type\":\"EntryPoint\",\"urlTemplate\":\"https:\\\/\\\/adchem.al\\\/?s={search_term_string}\"},\"query-input\":{\"@type\":\"PropertyValueSpecification\",\"valueRequired\":true,\"valueName\":\"search_term_string\"}}],\"inLanguage\":\"sq\"},{\"@type\":\"Organization\",\"@id\":\"https:\\\/\\\/adchem.al\\\/#organization\",\"name\":\"Albania Distribution Chemicals\",\"alternateName\":\"ADC\",\"url\":\"https:\\\/\\\/adchem.al\\\/\",\"logo\":{\"@type\":\"ImageObject\",\"inLanguage\":\"sq\",\"@id\":\"https:\\\/\\\/adchem.al\\\/#\\\/schema\\\/logo\\\/image\\\/\",\"url\":\"https:\\\/\\\/adchem.al\\\/wp-content\\\/uploads\\\/2022\\\/09\\\/Albania-Distribution-Chemicals-Logo-01.png\",\"contentUrl\":\"https:\\\/\\\/adchem.al\\\/wp-content\\\/uploads\\\/2022\\\/09\\\/Albania-Distribution-Chemicals-Logo-01.png\",\"width\":308,\"height\":104,\"caption\":\"Albania Distribution Chemicals\"},\"image\":{\"@id\":\"https:\\\/\\\/adchem.al\\\/#\\\/schema\\\/logo\\\/image\\\/\"},\"sameAs\":[\"https:\\\/\\\/www.facebook.com\\\/albaniadistributionchem\\\/?ref=py_c\",\"https:\\\/\\\/www.instagram.com\\\/albania_distribution_chemicals\\\/\"]}]}<\/script>\n<!-- \/ Yoast SEO plugin. -->","yoast_head_json":{"title":"Liquid Chlorine | Albania Distribution Chemicals","robots":{"index":"index","follow":"follow","max-snippet":"max-snippet:-1","max-image-preview":"max-image-preview:large","max-video-preview":"max-video-preview:-1"},"canonical":"https:\/\/adchem.al\/al\/water-treatmens\/liquid-chlorine\/","og_locale":"sq_AL","og_type":"article","og_title":"Liquid Chlorine | Albania Distribution Chemicals","og_description":"Product: Liquid Chlorine Chemical Formula: Cl2 Information about the product: - Liquid Chlorine is a pale greenish-yellow liquid with a strong, pungent odor. - It is composed of chlorine gas (Cl2) dissolved in water. - Chlorine is a highly reactive element and a powerful oxidizing agent.","og_url":"https:\/\/adchem.al\/al\/water-treatmens\/liquid-chlorine\/","og_site_name":"Albania Distribution Chemicals","article_publisher":"https:\/\/www.facebook.com\/albaniadistributionchem\/?ref=py_c","article_modified_time":"2023-06-27T21:29:13+00:00","og_image":[{"width":250,"height":250,"url":"https:\/\/adchem.al\/wp-content\/uploads\/2023\/06\/22933.png","type":"image\/png"}],"twitter_card":"summary_large_image","schema":{"@context":"https:\/\/schema.org","@graph":[{"@type":"WebPage","@id":"https:\/\/adchem.al\/water-treatmens\/liquid-chlorine\/","url":"https:\/\/adchem.al\/water-treatmens\/liquid-chlorine\/","name":"Liquid Chlorine | Albania Distribution Chemicals","isPartOf":{"@id":"https:\/\/adchem.al\/#website"},"primaryImageOfPage":{"@id":"https:\/\/adchem.al\/water-treatmens\/liquid-chlorine\/#primaryimage"},"image":{"@id":"https:\/\/adchem.al\/water-treatmens\/liquid-chlorine\/#primaryimage"},"thumbnailUrl":"https:\/\/adchem.al\/wp-content\/uploads\/2023\/06\/22933.png","datePublished":"2023-06-24T21:27:42+00:00","dateModified":"2023-06-27T21:29:13+00:00","breadcrumb":{"@id":"https:\/\/adchem.al\/water-treatmens\/liquid-chlorine\/#breadcrumb"},"inLanguage":"sq","potentialAction":[{"@type":"ReadAction","target":["https:\/\/adchem.al\/water-treatmens\/liquid-chlorine\/"]}]},{"@type":"ImageObject","inLanguage":"sq","@id":"https:\/\/adchem.al\/water-treatmens\/liquid-chlorine\/#primaryimage","url":"https:\/\/adchem.al\/wp-content\/uploads\/2023\/06\/22933.png","contentUrl":"https:\/\/adchem.al\/wp-content\/uploads\/2023\/06\/22933.png","width":250,"height":250},{"@type":"BreadcrumbList","@id":"https:\/\/adchem.al\/water-treatmens\/liquid-chlorine\/#breadcrumb","itemListElement":[{"@type":"ListItem","position":1,"name":"Home","item":"https:\/\/adchem.al\/"},{"@type":"ListItem","position":2,"name":"Water Treatmens","item":"https:\/\/adchem.al\/water-treatmens\/"},{"@type":"ListItem","position":3,"name":"Liquid Chlorine"}]},{"@type":"WebSite","@id":"https:\/\/adchem.al\/#website","url":"https:\/\/adchem.al\/","name":"Albania Distribution Chemicals","description":"&quot;Excellence in Chemical Distribution&quot;","publisher":{"@id":"https:\/\/adchem.al\/#organization"},"alternateName":"ADC","potentialAction":[{"@type":"SearchAction","target":{"@type":"EntryPoint","urlTemplate":"https:\/\/adchem.al\/?s={search_term_string}"},"query-input":{"@type":"PropertyValueSpecification","valueRequired":true,"valueName":"search_term_string"}}],"inLanguage":"sq"},{"@type":"Organization","@id":"https:\/\/adchem.al\/#organization","name":"Albania Distribution Chemicals","alternateName":"ADC","url":"https:\/\/adchem.al\/","logo":{"@type":"ImageObject","inLanguage":"sq","@id":"https:\/\/adchem.al\/#\/schema\/logo\/image\/","url":"https:\/\/adchem.al\/wp-content\/uploads\/2022\/09\/Albania-Distribution-Chemicals-Logo-01.png","contentUrl":"https:\/\/adchem.al\/wp-content\/uploads\/2022\/09\/Albania-Distribution-Chemicals-Logo-01.png","width":308,"height":104,"caption":"Albania Distribution Chemicals"},"image":{"@id":"https:\/\/adchem.al\/#\/schema\/logo\/image\/"},"sameAs":["https:\/\/www.facebook.com\/albaniadistributionchem\/?ref=py_c","https:\/\/www.instagram.com\/albania_distribution_chemicals\/"]}]}},"_links":{"self":[{"href":"https:\/\/adchem.al\/al\/wp-json\/wp\/v2\/pages\/988310","targetHints":{"allow":["GET"]}}],"collection":[{"href":"https:\/\/adchem.al\/al\/wp-json\/wp\/v2\/pages"}],"about":[{"href":"https:\/\/adchem.al\/al\/wp-json\/wp\/v2\/types\/page"}],"author":[{"embeddable":true,"href":"https:\/\/adchem.al\/al\/wp-json\/wp\/v2\/users\/2"}],"replies":[{"embeddable":true,"href":"https:\/\/adchem.al\/al\/wp-json\/wp\/v2\/comments?post=988310"}],"version-history":[{"count":10,"href":"https:\/\/adchem.al\/al\/wp-json\/wp\/v2\/pages\/988310\/revisions"}],"predecessor-version":[{"id":989238,"href":"https:\/\/adchem.al\/al\/wp-json\/wp\/v2\/pages\/988310\/revisions\/989238"}],"up":[{"embeddable":true,"href":"https:\/\/adchem.al\/al\/wp-json\/wp\/v2\/pages\/988231"}],"wp:featuredmedia":[{"embeddable":true,"href":"https:\/\/adchem.al\/al\/wp-json\/wp\/v2\/media\/988290"}],"wp:attachment":[{"href":"https:\/\/adchem.al\/al\/wp-json\/wp\/v2\/media?parent=988310"}],"curies":[{"name":"wp","href":"https:\/\/api.w.org\/{rel}","templated":true}]}}