{"id":988303,"date":"2023-06-24T21:25:17","date_gmt":"2023-06-24T21:25:17","guid":{"rendered":"https:\/\/adchem.al\/?page_id=988303"},"modified":"2023-06-27T21:27:45","modified_gmt":"2023-06-27T21:27:45","slug":"liquid-ammonia","status":"publish","type":"page","link":"https:\/\/adchem.al\/al\/water-treatmens\/liquid-ammonia\/","title":{"rendered":"Amoniak i l\u00ebngsh\u00ebm"},"content":{"rendered":"<div data-elementor-type=\"wp-page\" data-elementor-id=\"988303\" class=\"elementor elementor-988303\" data-elementor-post-type=\"page\">\n\t\t\t\t\t\t<section class=\"elementor-section elementor-top-section elementor-element elementor-element-37858afc elementor-section-full_width elementor-section-height-default elementor-section-height-default\" data-id=\"37858afc\" data-element_type=\"section\">\n\t\t\t\t\t\t<div class=\"elementor-container elementor-column-gap-no\">\n\t\t\t\t\t<div class=\"elementor-column elementor-col-100 elementor-top-column elementor-element elementor-element-60bb79bd\" data-id=\"60bb79bd\" data-element_type=\"column\">\n\t\t\t<div class=\"elementor-widget-wrap elementor-element-populated\">\n\t\t\t\t\t\t<div class=\"vamtam-has-theme-widget-styles elementor-element elementor-element-86d4d6c elementor-widget elementor-widget-image\" data-id=\"86d4d6c\" data-element_type=\"widget\" data-widget_type=\"image.default\">\n\t\t\t\t<div class=\"elementor-widget-container\">\n\t\t\t\t\t\t\t\t\t<div class=\"elementor-image\">\n\t\t\t\t\t\t\t\t\t\t\t\t\t\t\t\t<figure class=\"wp-caption\">\n\t\t\t\t\t\t\t\t\t\t\t\t\t\t\t\t<img fetchpriority=\"high\" decoding=\"async\" width=\"800\" height=\"509\" src=\"https:\/\/adchem.al\/wp-content\/uploads\/2023\/06\/Ammonia-2D.svg\" class=\"attachment-full size-full wp-image-988304\" alt=\"\" \/>\t\t\t\t\t\t\t\t\t\t\t\t\t\t\t\t\t<figcaption class=\"widget-image-caption wp-caption-text\">Albania Distribution Chemicals<\/figcaption>\n\t\t\t\t\t\t\t\t\t\t\t\t\t\t\t\t<\/figure>\n\t\t\t\t\t\t\t\t\t\t\t\t\t\t<\/div>\n\t\t\t\t\t\t\t\t<\/div>\n\t\t\t\t<\/div>\n\t\t\t\t<div class=\"elementor-element elementor-element-61992a9a elementor-widget elementor-widget-text-editor\" data-id=\"61992a9a\" data-element_type=\"widget\" data-widget_type=\"text-editor.default\">\n\t\t\t\t<div class=\"elementor-widget-container\">\n\t\t\t\t\t\t\t\t\t<div class=\"woocommerce-product-details__short-description\"><div class=\"woocommerce-product-details__short-description\"><div id=\"content\" class=\"site-content\"><div class=\"stm-products-catalog\"><div class=\"container\"><div class=\"row\"><div class=\"col-md-12 man_main_sidebar\"><div class=\"content-area\"><div id=\"product-2262\" class=\"product type-product post-2262 status-publish first instock product_cat-swimming-pools-water-treatments product_tag-water-treatment has-post-thumbnail shipping-taxable product-type-simple\"><div class=\"woocommerce-tabs wc-tabs-wrapper\"><div id=\"tab-description\" class=\"woocommerce-Tabs-panel woocommerce-Tabs-panel--description panel entry-content wc-tab\" role=\"tabpanel\" aria-labelledby=\"tab-title-description\"><div class=\"woocommerce-product-details__short-description\"><p><strong>Produkti: Amoniak i l\u00ebngsh\u00ebm<\/strong><\/p><p><strong>Formula Kimike: NH3<\/strong><\/p><p><strong>Informacion rreth produktit:<\/strong><\/p><p>\u2013 Amoniaku i l\u00ebngsh\u00ebm, i njohur edhe si tret\u00ebsira e amoniakut ose amoniaku ujor, \u00ebsht\u00eb nj\u00eb tret\u00ebsir\u00eb e gazit t\u00eb amoniakut t\u00eb tretur n\u00eb uj\u00eb.<br \/>\u2013 \u00cbsht\u00eb nj\u00eb l\u00ebng pa ngjyr\u00eb me er\u00eb t\u00eb fort\u00eb dhe me natyr\u00eb t\u00eb fort\u00eb alkaline.<br \/>\u2013 P\u00ebrqendrimi i amoniakut n\u00eb tret\u00ebsir\u00eb mund t\u00eb ndryshoj\u00eb, zakonisht varion nga 5% n\u00eb 30% ose m\u00eb shum\u00eb.<br \/>\u2013 Amoniaku i l\u00ebngsh\u00ebm \u00ebsht\u00eb shum\u00eb i tretsh\u00ebm n\u00eb uj\u00eb, duke formuar nj\u00eb tret\u00ebsir\u00eb baz\u00eb p\u00ebr shkak t\u00eb pranis\u00eb s\u00eb amoniakut, i cili vepron si nj\u00eb baz\u00eb e dob\u00ebt.<\/p><p><strong>Informacion p\u00ebr sektorin e p\u00ebrdorimit t\u00eb produktit:<\/strong><\/p><p>1. Bujq\u00ebsia:<br \/>\u2013 Amoniaku i l\u00ebngsh\u00ebm p\u00ebrdoret gjer\u00ebsisht si pleh azotik n\u00eb bujq\u00ebsi. Ai siguron nj\u00eb burim leht\u00ebsisht t\u00eb disponuesh\u00ebm t\u00eb azotit p\u00ebr t\u00eb mb\u00ebshtetur rritjen e bim\u00ebve dhe p\u00ebr t\u00eb rritur rendimentet e t\u00eb korrave. Mund t\u00eb aplikohet direkt n\u00eb tok\u00eb ose t\u00eb p\u00ebrdoret n\u00eb sistemet e ujitjes.<\/p><p>2. Ftohja dhe ajri i kondicionuar:<br \/>\u2013 Amoniaku ka veti t\u00eb shk\u00eblqyera ftoh\u00ebs dhe p\u00ebrdoret zakonisht n\u00eb sistemet industriale t\u00eb ftohjes. \u00cbsht\u00eb miq\u00ebsore me mjedisin, me potencial zero p\u00ebr zvog\u00eblimin e ozonit (ODP) dhe potencial t\u00eb ul\u00ebt t\u00eb ngrohjes globale (GWP). P\u00ebrdoret gjithashtu n\u00eb sistemet komerciale dhe industriale t\u00eb ajrit t\u00eb kondicionuar.<\/p><p>3. Trajtimi i ujit:<br \/>\u2013 Amoniaku i l\u00ebngsh\u00ebm p\u00ebrdoret n\u00eb proceset e trajtimit t\u00eb ujit p\u00ebr rregullimin e pH dhe heqjen e kloramin\u00ebs. Mund t\u00eb neutralizoj\u00eb ujin acid dhe t\u00eb kontrolloj\u00eb formimin e kloramin\u00ebs, t\u00eb cilat jan\u00eb n\u00ebnprodukte t\u00eb dezinfektimit.<\/p><p>4. Produktet e pastrimit dhe sht\u00ebpiake:<br \/>&#8211; Ammonia-based cleaning products, such as window cleaners and floor cleaners, contain liquid ammonia. It helps remove dirt, grease, and stains from various surfaces and provides a streak-free shine.<\/p><p>5. Aplikacionet industriale:<br \/>\u2013 Amoniaku i l\u00ebngsh\u00ebm sh\u00ebrben si l\u00ebnd\u00eb e par\u00eb ose reagent n\u00eb procese t\u00eb ndryshme industriale. P\u00ebrdoret n\u00eb prodhimin e plehrave, produkteve farmaceutike, plastik\u00ebs, tekstileve, ngjyrave dhe eksploziv\u00ebve. P\u00ebrdoret gjithashtu n\u00eb prodhimin e agjent\u00ebve t\u00eb pastrimit, sapun\u00ebve dhe detergjenteve.<\/p><p>6. Prodhim kimik:<br \/>\u2013 Amoniaku \u00ebsht\u00eb nj\u00eb bllok jetik nd\u00ebrtues p\u00ebr sintez\u00ebn e kimikateve t\u00eb shumta, duke p\u00ebrfshir\u00eb nitratin e amonit, ure, fosfatin e amonit dhe sulfatin e amonit. K\u00ebto kimikate gjejn\u00eb aplikime n\u00eb bujq\u00ebsi, eksploziv\u00eb dhe procese industriale.<\/p><p>7. Trajtimi i sip\u00ebrfaqes s\u00eb metalit:<br \/>\u2013 Amoniaku i l\u00ebngsh\u00ebm p\u00ebrdoret n\u00eb proceset e trajtimit t\u00eb sip\u00ebrfaqeve t\u00eb metaleve, t\u00eb tilla si turshi dhe pastrimi i metaleve si \u00e7eliku, bakri dhe alumini. Ndihmon n\u00eb largimin e oksideve, shkall\u00ebve dhe ndot\u00ebsve nga sip\u00ebrfaqet metalike.<\/p><p>8. Kontrolli i pH n\u00eb proceset industriale:<br \/>\u2013 Tret\u00ebsira e amoniakut p\u00ebrdoret p\u00ebr kontrollin e pH n\u00eb procese t\u00eb ndryshme industriale. Mund t\u00eb p\u00ebrdoret p\u00ebr t\u00eb rregulluar dhe stabilizuar pH-n\u00eb e solucioneve n\u00eb reaksionet kimike, trajtimin e uj\u00ebrave t\u00eb zeza dhe proceset e prodhimit.<\/p><p>9. Textile Industry:<br \/>\u2013 Amoniaku i l\u00ebngsh\u00ebm p\u00ebrdoret n\u00eb industrin\u00eb e tekstilit p\u00ebr q\u00ebllime t\u00eb ndryshme, duke p\u00ebrfshir\u00eb ngjyrosjen, pastrimin dhe zb\u00ebrthimin e p\u00eblhurave. Ndihmon n\u00eb largimin e papast\u00ebrtive dhe p\u00ebrmir\u00ebson procesin e ngjyrosjes.<\/p><p>10. Kimi analitike:<br \/>\u2013 Tret\u00ebsira e amoniakut p\u00ebrdoret n\u00eb mjedise laboratorike p\u00ebr teknika analitike, t\u00eb tilla si titrimi dhe matjet e pH. Sh\u00ebrben si tret\u00ebsir\u00eb standarde dhe reagent n\u00eb analiza t\u00eb ndryshme kimike.<\/p><p>Amoniaku i l\u00ebngsh\u00ebm \u00ebsht\u00eb nj\u00eb kimikat i gjithansh\u00ebm me aplikime t\u00eb ndryshme n\u00eb bujq\u00ebsi, ftohje, trajtimin e ujit, pastrimin, proceset industriale dhe m\u00eb shum\u00eb. \u00cbsht\u00eb e r\u00ebnd\u00ebsishme ta trajtoni dhe ta ruani n\u00eb m\u00ebnyr\u00eb t\u00eb sigurt p\u00ebr shkak t\u00eb natyr\u00ebs s\u00eb tij kaustike dhe t\u00eb rrezikshme. Gjat\u00eb p\u00ebrdorimit t\u00eb tij duhet t\u00eb ndiqen masat dhe udh\u00ebzimet e duhura t\u00eb siguris\u00eb p\u00ebr t\u00eb garantuar mir\u00ebqenien e individ\u00ebve dhe t\u00eb mjedisit.<\/p><\/div><\/div><\/div><\/div><\/div><\/div><\/div><\/div><\/div><\/div><\/div><\/div>\t\t\t\t\t\t\t\t<\/div>\n\t\t\t\t<\/div>\n\t\t\t\t<section class=\"elementor-section elementor-inner-section elementor-element elementor-element-23a2e63 elementor-section-boxed elementor-section-height-default elementor-section-height-default\" data-id=\"23a2e63\" data-element_type=\"section\" data-settings=\"{&quot;background_background&quot;:&quot;classic&quot;}\">\n\t\t\t\t\t\t<div class=\"elementor-container elementor-column-gap-no\">\n\t\t\t\t\t<div class=\"elementor-column elementor-col-100 elementor-inner-column elementor-element elementor-element-8b45747\" data-id=\"8b45747\" data-element_type=\"column\">\n\t\t\t<div class=\"elementor-widget-wrap elementor-element-populated\">\n\t\t\t\t\t\t<div class=\"elementor-element elementor-element-ffd8b2a elementor-view-default elementor-widget elementor-widget-icon\" data-id=\"ffd8b2a\" data-element_type=\"widget\" data-widget_type=\"icon.default\">\n\t\t\t\t<div class=\"elementor-widget-container\">\n\t\t\t\t\t\t\t<div class=\"elementor-icon-wrapper\">\n\t\t\t<div class=\"elementor-icon\">\n\t\t\t<i aria-hidden=\"true\" class=\"vamtamtheme- vamtam-theme-quote-start\"><\/i>\t\t\t<\/div>\n\t\t<\/div>\n\t\t\t\t\t\t<\/div>\n\t\t\t\t<\/div>\n\t\t\t\t<div class=\"elementor-element elementor-element-c510576 elementor-widget elementor-widget-text-editor\" data-id=\"c510576\" data-element_type=\"widget\" data-widget_type=\"text-editor.default\">\n\t\t\t\t<div class=\"elementor-widget-container\">\n\t\t\t\t\t\t\t\t\t<p>\"P\u00ebr \u00e7do informacion, shkruani n\u00eb WhatsApp: Gjith\u00e7ka q\u00eb ju nevojitet, n\u00eb koh\u00eb reale, n\u00eb nj\u00eb mesazh. Na kontaktoni dhe jemi gati t\u00eb ju ndihmojm\u00eb.\"<\/p>\t\t\t\t\t\t\t\t<\/div>\n\t\t\t\t<\/div>\n\t\t\t\t<div class=\"elementor-element elementor-element-b06acb1 elementor-widget-divider--view-line elementor-widget elementor-widget-divider\" data-id=\"b06acb1\" data-element_type=\"widget\" data-widget_type=\"divider.default\">\n\t\t\t\t<div class=\"elementor-widget-container\">\n\t\t\t\t\t\t\t<div class=\"elementor-divider\">\n\t\t\t<span class=\"elementor-divider-separator\">\n\t\t\t\t\t\t<\/span>\n\t\t<\/div>\n\t\t\t\t\t\t<\/div>\n\t\t\t\t<\/div>\n\t\t\t\t<div class=\"vamtam-has-theme-widget-styles elementor-element elementor-element-745a9e0 elementor-widget__width-auto vamtam-has-underline-anim elementor-widget elementor-widget-button\" data-id=\"745a9e0\" data-element_type=\"widget\" data-widget_type=\"button.default\">\n\t\t\t\t<div class=\"elementor-widget-container\">\n\t\t\t\t\t\t\t\t\t<div class=\"elementor-button-wrapper\">\n\t\t\t\t\t<a class=\"elementor-button elementor-button-link elementor-size-md\" href=\"https:\/\/wa.me\/355694000260\">\n\t\t\t\t\t\t<span class=\"elementor-button-content-wrapper\">\n\t\t\t\t\t\t<span class=\"elementor-button-icon\">\n\t\t\t\t<i aria-hidden=\"true\" class=\"vamtamtheme- vamtam-theme-icon-arrow-right-top\"><\/i>\t\t\t<\/span>\n\t\t\t\t\t\t\t\t\t<span class=\"elementor-button-text\">Kontaktoni WhatsApp<\/span>\n\t\t\t\t\t<\/span>\n\t\t\t\t\t<\/a>\n\t\t\t\t<\/div>\n\t\t\t\t\t\t\t\t<\/div>\n\t\t\t\t<\/div>\n\t\t\t\t<div class=\"elementor-element elementor-element-58102b3 elementor-widget__width-auto elementor-widget elementor-widget-heading\" data-id=\"58102b3\" data-element_type=\"widget\" data-widget_type=\"heading.default\">\n\t\t\t\t<div class=\"elementor-widget-container\">\n\t\t\t\t\t<span class=\"elementor-heading-title elementor-size-default\">Albania Distribution Chemicals\n<\/span>\t\t\t\t<\/div>\n\t\t\t\t<\/div>\n\t\t\t\t\t<\/div>\n\t\t<\/div>\n\t\t\t\t\t<\/div>\n\t\t<\/section>\n\t\t\t\t\t<\/div>\n\t\t<\/div>\n\t\t\t\t\t<\/div>\n\t\t<\/section>\n\t\t\t\t<section class=\"elementor-section elementor-top-section elementor-element elementor-element-b3fd502 elementor-section-boxed elementor-section-height-default elementor-section-height-default\" data-id=\"b3fd502\" data-element_type=\"section\">\n\t\t\t\t\t\t<div class=\"elementor-container elementor-column-gap-default\">\n\t\t\t\t\t<div class=\"elementor-column elementor-col-100 elementor-top-column elementor-element elementor-element-a879885\" data-id=\"a879885\" data-element_type=\"column\">\n\t\t\t<div class=\"elementor-widget-wrap elementor-element-populated\">\n\t\t\t\t\t\t<div class=\"elementor-element elementor-element-4a3fe1c elementor-widget elementor-widget-spacer\" data-id=\"4a3fe1c\" data-element_type=\"widget\" data-widget_type=\"spacer.default\">\n\t\t\t\t<div class=\"elementor-widget-container\">\n\t\t\t\t\t\t\t<div class=\"elementor-spacer\">\n\t\t\t<div class=\"elementor-spacer-inner\"><\/div>\n\t\t<\/div>\n\t\t\t\t\t\t<\/div>\n\t\t\t\t<\/div>\n\t\t\t\t<div class=\"vamtam-has-theme-widget-styles elementor-element elementor-element-feed2fe elementor-widget elementor-widget-image\" data-id=\"feed2fe\" data-element_type=\"widget\" data-widget_type=\"image.default\">\n\t\t\t\t<div class=\"elementor-widget-container\">\n\t\t\t\t\t\t\t\t\t<div class=\"elementor-image\">\n\t\t\t\t\t\t\t\t\t\t\t\t\t\t\t\t\t\t\t\t\t<img decoding=\"async\" width=\"8000\" height=\"1355\" src=\"https:\/\/adchem.al\/wp-content\/uploads\/2023\/06\/baner-albania-distribution-chemicals-01.png\" class=\"attachment-full size-full wp-image-987764\" alt=\"\" srcset=\"https:\/\/adchem.al\/wp-content\/uploads\/2023\/06\/baner-albania-distribution-chemicals-01.png 8000w, https:\/\/adchem.al\/wp-content\/uploads\/2023\/06\/baner-albania-distribution-chemicals-01-300x51.png 300w, https:\/\/adchem.al\/wp-content\/uploads\/2023\/06\/baner-albania-distribution-chemicals-01-1024x173.png 1024w, https:\/\/adchem.al\/wp-content\/uploads\/2023\/06\/baner-albania-distribution-chemicals-01-768x130.png 768w, https:\/\/adchem.al\/wp-content\/uploads\/2023\/06\/baner-albania-distribution-chemicals-01-1536x260.png 1536w, https:\/\/adchem.al\/wp-content\/uploads\/2023\/06\/baner-albania-distribution-chemicals-01-2048x347.png 2048w\" sizes=\"(max-width: 8000px) 100vw, 8000px\" \/>\t\t\t\t\t\t\t\t\t\t\t\t\t\t\t\t\t\t\t\t\t\t\t\t<\/div>\n\t\t\t\t\t\t\t\t<\/div>\n\t\t\t\t<\/div>\n\t\t\t\t\t<\/div>\n\t\t<\/div>\n\t\t\t\t\t<\/div>\n\t\t<\/section>\n\t\t\t\t<\/div>","protected":false},"excerpt":{"rendered":"<p>Produkti: Amoniak i l\u00ebngsh\u00ebm<\/p>\n<p>Formula Kimike: NH3<\/p>\n<p>Informacion rreth produktit:<\/p>\n<p>\u2013 Amoniaku i l\u00ebngsh\u00ebm, i njohur edhe si tret\u00ebsira e amoniakut ose amoniaku ujor, \u00ebsht\u00eb nj\u00eb tret\u00ebsir\u00eb e gazit t\u00eb amoniakut t\u00eb tretur n\u00eb uj\u00eb.<br \/>\n\u2013 \u00cbsht\u00eb nj\u00eb l\u00ebng pa ngjyr\u00eb me er\u00eb t\u00eb fort\u00eb dhe me natyr\u00eb t\u00eb fort\u00eb alkaline.<br \/>\n\u2013 P\u00ebrqendrimi i amoniakut n\u00eb tret\u00ebsir\u00eb mund t\u00eb ndryshoj\u00eb, zakonisht varion nga 5% n\u00eb 30% ose m\u00eb shum\u00eb.<br \/>\n\u2013 Amoniaku i l\u00ebngsh\u00ebm \u00ebsht\u00eb shum\u00eb i tretsh\u00ebm n\u00eb uj\u00eb, duke formuar nj\u00eb tret\u00ebsir\u00eb baz\u00eb p\u00ebr shkak t\u00eb pranis\u00eb s\u00eb amoniakut, i cili vepron si nj\u00eb baz\u00eb e dob\u00ebt.<\/p>","protected":false},"author":2,"featured_media":988304,"parent":988231,"menu_order":0,"comment_status":"closed","ping_status":"closed","template":"","meta":{"inline_featured_image":false,"footnotes":""},"class_list":["post-988303","page","type-page","status-publish","has-post-thumbnail","hentry"],"yoast_head":"<!-- This site is optimized with the Yoast SEO plugin v27.4 - https:\/\/yoast.com\/product\/yoast-seo-wordpress\/ -->\n<title>Liquid Ammonia | Albania Distribution Chemicals<\/title>\n<meta name=\"robots\" content=\"index, follow, max-snippet:-1, max-image-preview:large, max-video-preview:-1\" \/>\n<link rel=\"canonical\" href=\"https:\/\/adchem.al\/al\/water-treatmens\/liquid-ammonia\/\" \/>\n<meta property=\"og:locale\" content=\"sq_AL\" \/>\n<meta property=\"og:type\" content=\"article\" \/>\n<meta property=\"og:title\" content=\"Liquid Ammonia | Albania Distribution Chemicals\" \/>\n<meta property=\"og:description\" content=\"Product: Liquid Ammonia Chemical Formula: NH3 Information about the product: - Liquid Ammonia, also known as ammonia solution or aqueous ammonia, is a solution of ammonia gas dissolved in water. - It is a colorless liquid with a pungent odor and a strong alkaline nature. - The concentration of ammonia in the solution can vary, typically ranging from 5% to 30% or higher. - Liquid Ammonia is highly soluble in water, forming a basic solution due to the presence of ammonia, which acts as a weak base.\" \/>\n<meta property=\"og:url\" content=\"https:\/\/adchem.al\/al\/water-treatmens\/liquid-ammonia\/\" \/>\n<meta property=\"og:site_name\" content=\"Albania Distribution Chemicals\" \/>\n<meta property=\"article:publisher\" content=\"https:\/\/www.facebook.com\/albaniadistributionchem\/?ref=py_c\" \/>\n<meta property=\"article:modified_time\" content=\"2023-06-27T21:27:45+00:00\" \/>\n<meta property=\"og:image\" content=\"https:\/\/adchem.al\/wp-content\/uploads\/2023\/06\/adchem-wallpaper-home.webp-2.webp\" \/>\n\t<meta property=\"og:image:width\" content=\"2560\" \/>\n\t<meta property=\"og:image:height\" content=\"1244\" \/>\n\t<meta property=\"og:image:type\" content=\"image\/webp\" \/>\n<meta name=\"twitter:card\" content=\"summary_large_image\" \/>\n<script type=\"application\/ld+json\" class=\"yoast-schema-graph\">{\"@context\":\"https:\\\/\\\/schema.org\",\"@graph\":[{\"@type\":\"WebPage\",\"@id\":\"https:\\\/\\\/adchem.al\\\/water-treatmens\\\/liquid-ammonia\\\/\",\"url\":\"https:\\\/\\\/adchem.al\\\/water-treatmens\\\/liquid-ammonia\\\/\",\"name\":\"Liquid Ammonia | Albania Distribution Chemicals\",\"isPartOf\":{\"@id\":\"https:\\\/\\\/adchem.al\\\/#website\"},\"primaryImageOfPage\":{\"@id\":\"https:\\\/\\\/adchem.al\\\/water-treatmens\\\/liquid-ammonia\\\/#primaryimage\"},\"image\":{\"@id\":\"https:\\\/\\\/adchem.al\\\/water-treatmens\\\/liquid-ammonia\\\/#primaryimage\"},\"thumbnailUrl\":\"https:\\\/\\\/adchem.al\\\/wp-content\\\/uploads\\\/2023\\\/06\\\/Ammonia-2D.svg\",\"datePublished\":\"2023-06-24T21:25:17+00:00\",\"dateModified\":\"2023-06-27T21:27:45+00:00\",\"breadcrumb\":{\"@id\":\"https:\\\/\\\/adchem.al\\\/water-treatmens\\\/liquid-ammonia\\\/#breadcrumb\"},\"inLanguage\":\"sq\",\"potentialAction\":[{\"@type\":\"ReadAction\",\"target\":[\"https:\\\/\\\/adchem.al\\\/water-treatmens\\\/liquid-ammonia\\\/\"]}]},{\"@type\":\"ImageObject\",\"inLanguage\":\"sq\",\"@id\":\"https:\\\/\\\/adchem.al\\\/water-treatmens\\\/liquid-ammonia\\\/#primaryimage\",\"url\":\"https:\\\/\\\/adchem.al\\\/wp-content\\\/uploads\\\/2023\\\/06\\\/Ammonia-2D.svg\",\"contentUrl\":\"https:\\\/\\\/adchem.al\\\/wp-content\\\/uploads\\\/2023\\\/06\\\/Ammonia-2D.svg\",\"width\":800,\"height\":509},{\"@type\":\"BreadcrumbList\",\"@id\":\"https:\\\/\\\/adchem.al\\\/water-treatmens\\\/liquid-ammonia\\\/#breadcrumb\",\"itemListElement\":[{\"@type\":\"ListItem\",\"position\":1,\"name\":\"Home\",\"item\":\"https:\\\/\\\/adchem.al\\\/\"},{\"@type\":\"ListItem\",\"position\":2,\"name\":\"Water Treatmens\",\"item\":\"https:\\\/\\\/adchem.al\\\/water-treatmens\\\/\"},{\"@type\":\"ListItem\",\"position\":3,\"name\":\"Liquid Ammonia\"}]},{\"@type\":\"WebSite\",\"@id\":\"https:\\\/\\\/adchem.al\\\/#website\",\"url\":\"https:\\\/\\\/adchem.al\\\/\",\"name\":\"Albania Distribution Chemicals\",\"description\":\"&quot;Excellence in Chemical Distribution&quot;\",\"publisher\":{\"@id\":\"https:\\\/\\\/adchem.al\\\/#organization\"},\"alternateName\":\"ADC\",\"potentialAction\":[{\"@type\":\"SearchAction\",\"target\":{\"@type\":\"EntryPoint\",\"urlTemplate\":\"https:\\\/\\\/adchem.al\\\/?s={search_term_string}\"},\"query-input\":{\"@type\":\"PropertyValueSpecification\",\"valueRequired\":true,\"valueName\":\"search_term_string\"}}],\"inLanguage\":\"sq\"},{\"@type\":\"Organization\",\"@id\":\"https:\\\/\\\/adchem.al\\\/#organization\",\"name\":\"Albania Distribution Chemicals\",\"alternateName\":\"ADC\",\"url\":\"https:\\\/\\\/adchem.al\\\/\",\"logo\":{\"@type\":\"ImageObject\",\"inLanguage\":\"sq\",\"@id\":\"https:\\\/\\\/adchem.al\\\/#\\\/schema\\\/logo\\\/image\\\/\",\"url\":\"https:\\\/\\\/adchem.al\\\/wp-content\\\/uploads\\\/2022\\\/09\\\/Albania-Distribution-Chemicals-Logo-01.png\",\"contentUrl\":\"https:\\\/\\\/adchem.al\\\/wp-content\\\/uploads\\\/2022\\\/09\\\/Albania-Distribution-Chemicals-Logo-01.png\",\"width\":308,\"height\":104,\"caption\":\"Albania Distribution Chemicals\"},\"image\":{\"@id\":\"https:\\\/\\\/adchem.al\\\/#\\\/schema\\\/logo\\\/image\\\/\"},\"sameAs\":[\"https:\\\/\\\/www.facebook.com\\\/albaniadistributionchem\\\/?ref=py_c\",\"https:\\\/\\\/www.instagram.com\\\/albania_distribution_chemicals\\\/\"]}]}<\/script>\n<!-- \/ Yoast SEO plugin. -->","yoast_head_json":{"title":"Liquid Ammonia | Albania Distribution Chemicals","robots":{"index":"index","follow":"follow","max-snippet":"max-snippet:-1","max-image-preview":"max-image-preview:large","max-video-preview":"max-video-preview:-1"},"canonical":"https:\/\/adchem.al\/al\/water-treatmens\/liquid-ammonia\/","og_locale":"sq_AL","og_type":"article","og_title":"Liquid Ammonia | Albania Distribution Chemicals","og_description":"Product: Liquid Ammonia Chemical Formula: NH3 Information about the product: - Liquid Ammonia, also known as ammonia solution or aqueous ammonia, is a solution of ammonia gas dissolved in water. - It is a colorless liquid with a pungent odor and a strong alkaline nature. - The concentration of ammonia in the solution can vary, typically ranging from 5% to 30% or higher. - Liquid Ammonia is highly soluble in water, forming a basic solution due to the presence of ammonia, which acts as a weak base.","og_url":"https:\/\/adchem.al\/al\/water-treatmens\/liquid-ammonia\/","og_site_name":"Albania Distribution Chemicals","article_publisher":"https:\/\/www.facebook.com\/albaniadistributionchem\/?ref=py_c","article_modified_time":"2023-06-27T21:27:45+00:00","og_image":[{"width":2560,"height":1244,"url":"https:\/\/adchem.al\/wp-content\/uploads\/2023\/06\/adchem-wallpaper-home.webp-2.webp","type":"image\/webp"}],"twitter_card":"summary_large_image","schema":{"@context":"https:\/\/schema.org","@graph":[{"@type":"WebPage","@id":"https:\/\/adchem.al\/water-treatmens\/liquid-ammonia\/","url":"https:\/\/adchem.al\/water-treatmens\/liquid-ammonia\/","name":"Liquid Ammonia | Albania Distribution Chemicals","isPartOf":{"@id":"https:\/\/adchem.al\/#website"},"primaryImageOfPage":{"@id":"https:\/\/adchem.al\/water-treatmens\/liquid-ammonia\/#primaryimage"},"image":{"@id":"https:\/\/adchem.al\/water-treatmens\/liquid-ammonia\/#primaryimage"},"thumbnailUrl":"https:\/\/adchem.al\/wp-content\/uploads\/2023\/06\/Ammonia-2D.svg","datePublished":"2023-06-24T21:25:17+00:00","dateModified":"2023-06-27T21:27:45+00:00","breadcrumb":{"@id":"https:\/\/adchem.al\/water-treatmens\/liquid-ammonia\/#breadcrumb"},"inLanguage":"sq","potentialAction":[{"@type":"ReadAction","target":["https:\/\/adchem.al\/water-treatmens\/liquid-ammonia\/"]}]},{"@type":"ImageObject","inLanguage":"sq","@id":"https:\/\/adchem.al\/water-treatmens\/liquid-ammonia\/#primaryimage","url":"https:\/\/adchem.al\/wp-content\/uploads\/2023\/06\/Ammonia-2D.svg","contentUrl":"https:\/\/adchem.al\/wp-content\/uploads\/2023\/06\/Ammonia-2D.svg","width":800,"height":509},{"@type":"BreadcrumbList","@id":"https:\/\/adchem.al\/water-treatmens\/liquid-ammonia\/#breadcrumb","itemListElement":[{"@type":"ListItem","position":1,"name":"Home","item":"https:\/\/adchem.al\/"},{"@type":"ListItem","position":2,"name":"Water Treatmens","item":"https:\/\/adchem.al\/water-treatmens\/"},{"@type":"ListItem","position":3,"name":"Liquid Ammonia"}]},{"@type":"WebSite","@id":"https:\/\/adchem.al\/#website","url":"https:\/\/adchem.al\/","name":"Albania Distribution Chemicals","description":"&quot;Excellence in Chemical Distribution&quot;","publisher":{"@id":"https:\/\/adchem.al\/#organization"},"alternateName":"ADC","potentialAction":[{"@type":"SearchAction","target":{"@type":"EntryPoint","urlTemplate":"https:\/\/adchem.al\/?s={search_term_string}"},"query-input":{"@type":"PropertyValueSpecification","valueRequired":true,"valueName":"search_term_string"}}],"inLanguage":"sq"},{"@type":"Organization","@id":"https:\/\/adchem.al\/#organization","name":"Albania Distribution Chemicals","alternateName":"ADC","url":"https:\/\/adchem.al\/","logo":{"@type":"ImageObject","inLanguage":"sq","@id":"https:\/\/adchem.al\/#\/schema\/logo\/image\/","url":"https:\/\/adchem.al\/wp-content\/uploads\/2022\/09\/Albania-Distribution-Chemicals-Logo-01.png","contentUrl":"https:\/\/adchem.al\/wp-content\/uploads\/2022\/09\/Albania-Distribution-Chemicals-Logo-01.png","width":308,"height":104,"caption":"Albania Distribution Chemicals"},"image":{"@id":"https:\/\/adchem.al\/#\/schema\/logo\/image\/"},"sameAs":["https:\/\/www.facebook.com\/albaniadistributionchem\/?ref=py_c","https:\/\/www.instagram.com\/albania_distribution_chemicals\/"]}]}},"_links":{"self":[{"href":"https:\/\/adchem.al\/al\/wp-json\/wp\/v2\/pages\/988303","targetHints":{"allow":["GET"]}}],"collection":[{"href":"https:\/\/adchem.al\/al\/wp-json\/wp\/v2\/pages"}],"about":[{"href":"https:\/\/adchem.al\/al\/wp-json\/wp\/v2\/types\/page"}],"author":[{"embeddable":true,"href":"https:\/\/adchem.al\/al\/wp-json\/wp\/v2\/users\/2"}],"replies":[{"embeddable":true,"href":"https:\/\/adchem.al\/al\/wp-json\/wp\/v2\/comments?post=988303"}],"version-history":[{"count":10,"href":"https:\/\/adchem.al\/al\/wp-json\/wp\/v2\/pages\/988303\/revisions"}],"predecessor-version":[{"id":989235,"href":"https:\/\/adchem.al\/al\/wp-json\/wp\/v2\/pages\/988303\/revisions\/989235"}],"up":[{"embeddable":true,"href":"https:\/\/adchem.al\/al\/wp-json\/wp\/v2\/pages\/988231"}],"wp:featuredmedia":[{"embeddable":true,"href":"https:\/\/adchem.al\/al\/wp-json\/wp\/v2\/media\/988304"}],"wp:attachment":[{"href":"https:\/\/adchem.al\/al\/wp-json\/wp\/v2\/media?parent=988303"}],"curies":[{"name":"wp","href":"https:\/\/api.w.org\/{rel}","templated":true}]}}