{"id":988296,"date":"2023-06-24T21:21:43","date_gmt":"2023-06-24T21:21:43","guid":{"rendered":"https:\/\/adchem.al\/?page_id=988296"},"modified":"2023-06-27T21:26:10","modified_gmt":"2023-06-27T21:26:10","slug":"granular-chlorine-90","status":"publish","type":"page","link":"https:\/\/adchem.al\/al\/water-treatmens\/granular-chlorine-90\/","title":{"rendered":"klor granular 90%"},"content":{"rendered":"<div data-elementor-type=\"wp-page\" data-elementor-id=\"988296\" class=\"elementor elementor-988296\" data-elementor-post-type=\"page\">\n\t\t\t\t\t\t<section class=\"elementor-section elementor-top-section elementor-element elementor-element-37858afc elementor-section-full_width elementor-section-height-default elementor-section-height-default\" data-id=\"37858afc\" data-element_type=\"section\" data-e-type=\"section\">\n\t\t\t\t\t\t<div class=\"elementor-container elementor-column-gap-no\">\n\t\t\t\t\t<div class=\"elementor-column elementor-col-100 elementor-top-column elementor-element elementor-element-60bb79bd\" data-id=\"60bb79bd\" data-element_type=\"column\" data-e-type=\"column\">\n\t\t\t<div class=\"elementor-widget-wrap elementor-element-populated\">\n\t\t\t\t\t\t<div class=\"vamtam-has-theme-widget-styles elementor-element elementor-element-86d4d6c elementor-widget elementor-widget-image\" data-id=\"86d4d6c\" data-element_type=\"widget\" data-e-type=\"widget\" data-widget_type=\"image.default\">\n\t\t\t\t<div class=\"elementor-widget-container\">\n\t\t\t\t\t\t\t\t\t<div class=\"elementor-image\">\n\t\t\t\t\t\t\t\t\t\t\t\t\t\t\t\t<figure class=\"wp-caption\">\n\t\t\t\t\t\t\t\t\t\t\t\t\t\t\t\t<img fetchpriority=\"high\" width=\"250\" height=\"250\" src=\"https:\/\/adchem.al\/wp-content\/uploads\/2023\/06\/22933.png\" class=\"attachment-full size-full wp-image-988290\" alt=\"\" decoding=\"async\" srcset=\"https:\/\/adchem.al\/wp-content\/uploads\/2023\/06\/22933.png 250w, https:\/\/adchem.al\/wp-content\/uploads\/2023\/06\/22933-150x150.png 150w\" sizes=\"(max-width: 250px) 100vw, 250px\" \/>\t\t\t\t\t\t\t\t\t\t\t\t\t\t\t\t\t<figcaption class=\"widget-image-caption wp-caption-text\">Albania Distribution Chemicals<\/figcaption>\n\t\t\t\t\t\t\t\t\t\t\t\t\t\t\t\t<\/figure>\n\t\t\t\t\t\t\t\t\t\t\t\t\t\t<\/div>\n\t\t\t\t\t\t\t\t<\/div>\n\t\t\t\t<\/div>\n\t\t\t\t<div class=\"elementor-element elementor-element-61992a9a elementor-widget elementor-widget-text-editor\" data-id=\"61992a9a\" data-element_type=\"widget\" data-e-type=\"widget\" data-widget_type=\"text-editor.default\">\n\t\t\t\t<div class=\"elementor-widget-container\">\n\t\t\t\t\t\t\t\t\t<div class=\"woocommerce-product-details__short-description\"><div class=\"woocommerce-product-details__short-description\"><div id=\"content\" class=\"site-content\"><div class=\"stm-products-catalog\"><div class=\"container\"><div class=\"row\"><div class=\"col-md-12 man_main_sidebar\"><div class=\"content-area\"><div id=\"product-2262\" class=\"product type-product post-2262 status-publish first instock product_cat-swimming-pools-water-treatments product_tag-water-treatment has-post-thumbnail shipping-taxable product-type-simple\"><div class=\"woocommerce-tabs wc-tabs-wrapper\"><div id=\"tab-description\" class=\"woocommerce-Tabs-panel woocommerce-Tabs-panel--description panel entry-content wc-tab\" role=\"tabpanel\" aria-labelledby=\"tab-title-description\"><div class=\"woocommerce-product-details__short-description\"><p><strong>Produkti: Klor granular 90%<\/strong><\/p><p><strong>Formula Kimike: Cl2<\/strong><\/p><p><strong>Informacion rreth produktit:<\/strong><\/p><p>\u2013 Klori granular 90% \u00ebsht\u00eb nj\u00eb p\u00ebrb\u00ebrje kimike e p\u00ebrb\u00ebr\u00eb nga gaz klor (Cl2) n\u00eb nj\u00eb form\u00eb shum\u00eb t\u00eb koncentruar.<br \/>\u2013 \u00cbsht\u00eb n\u00eb form\u00eb kokrrizore, duke lejuar dozimin e kontrolluar dhe t\u00eb sakt\u00eb n\u00eb aplikime t\u00eb ndryshme.<br \/>\u2013 Klori granular 90% \u00ebsht\u00eb nj\u00eb agjent i fuqish\u00ebm oksidues dhe dezinfektues p\u00ebr shkak t\u00eb p\u00ebrmbajtjes s\u00eb lart\u00eb t\u00eb klorit.<br \/>\u2013 Granulat jan\u00eb krijuar p\u00ebr t\u2019u tretur shpejt n\u00eb uj\u00eb, duke \u00e7liruar gaz klor p\u00ebr t\u2019u dezinfektuar dhe dezinfektuar n\u00eb m\u00ebnyr\u00eb efektive.<\/p><p><strong>Informacion p\u00ebr sektorin e p\u00ebrdorimit t\u00eb produktit:<\/strong><\/p><p>1. Trajtimi i ujit:<br \/>\u2013 Klori granular 90% p\u00ebrdoret gjer\u00ebsisht n\u00eb proceset e trajtimit t\u00eb ujit p\u00ebr q\u00ebllime dezinfektimi dhe sanitizimi. \u00cbsht\u00eb efektiv n\u00eb vrasjen e baktereve, viruseve dhe mikroorganizmave t\u00eb tjer\u00eb n\u00eb pishina, banja, impiante t\u00eb trajtimit t\u00eb ujit t\u00eb pijsh\u00ebm dhe sistemet industriale t\u00eb ujit.<\/p><p>2. Higjiena e pishin\u00ebs dhe banj\u00ebs:<br \/>\u2013 Produkti p\u00ebrdoret zakonisht p\u00ebr t\u00eb ruajtur nivelet e duhura higjienike n\u00eb pishina dhe banja. Ndihmon n\u00eb kontrollin e rritjes s\u00eb algave, eliminimin e patogjen\u00ebve t\u00eb d\u00ebmsh\u00ebm dhe mbajtjen e ujit t\u00eb past\u00ebr dhe t\u00eb sigurt p\u00ebr notar\u00ebt.<\/p><p>3. Trajtimi i uj\u00ebrave t\u00eb zeza:<br \/>\u2013 Klori granular 90% p\u00ebrdoret n\u00eb impiantet e trajtimit t\u00eb uj\u00ebrave t\u00eb zeza p\u00ebr t\u00eb dezinfektuar dhe pastruar efluentin p\u00ebrpara se t\u00eb derdhet n\u00eb mjedis. Ndihmon n\u00eb largimin e ndot\u00ebsve t\u00eb d\u00ebmsh\u00ebm dhe patogjen\u00ebve, duke siguruar p\u00ebrputhjen me standardet rregullatore.<\/p><p>4. Dezinfektimi industrial:<br \/>\u2013 Industri t\u00eb ndryshme, si p\u00ebrpunimi i ushqimit dhe pijeve, fermat e qum\u00ebshtit, fabrikat e birr\u00ebs dhe fermat e shpend\u00ebve, p\u00ebrdorin Klorin Granular 90% p\u00ebr q\u00ebllime dezinfektimi. Ndihmon n\u00eb ruajtjen e higjien\u00ebs dhe parandalon p\u00ebrhapjen e ndot\u00ebsve.<\/p><p>5. Sanitizimi i sip\u00ebrfaqes:<br \/>\u2013 Produkti \u00ebsht\u00eb efektiv n\u00eb dezinfektimin e sip\u00ebrfaqeve n\u00eb spitale, laborator\u00eb, objekte t\u00eb p\u00ebrpunimit t\u00eb ushqimit dhe mjedise t\u00eb tjera ku k\u00ebrkohen nivele t\u00eb larta past\u00ebrtie. Mund t\u00eb p\u00ebrdoret p\u00ebr t\u00eb dezinfektuar pajisjet, sip\u00ebrfaqet e pun\u00ebs dhe en\u00ebt.<\/p><p>6. Trajtimi i Kull\u00ebs s\u00eb Ftohjes:<br \/>\u2013 Klori granular 90% p\u00ebrdoret p\u00ebr trajtimin e kullave ftoh\u00ebse p\u00ebr t\u00eb kontrolluar rritjen e baktereve dhe p\u00ebr t\u00eb parandaluar shkall\u00ebzimin dhe korrozionin. Ndihmon n\u00eb ruajtjen e performanc\u00ebs optimale dhe zgjat jet\u00ebgjat\u00ebsin\u00eb e sistemit t\u00eb ftohjes.<\/p><p>7. Agjent zbardhues:<br \/>\u2013 N\u00eb industri t\u00eb caktuara si tekstili, letra dhe pulpa, Klori Granular 90% sh\u00ebrben si agjent zbardhues. Ndihmon n\u00eb heqjen e njollave, ngjyruesve dhe papast\u00ebrtive nga p\u00eblhurat dhe produktet e letr\u00ebs.<\/p><p>8. Dezinfektimi n\u00eb bujq\u00ebsi:<br \/>\u2013 Produkti gjen aplikim n\u00eb bujq\u00ebsi p\u00ebr dezinfektimin e ujit t\u00eb vaditjes, ujit t\u00eb pijsh\u00ebm t\u00eb kafsh\u00ebve dhe zonave t\u00eb banimit t\u00eb kafsh\u00ebve. Ndihmon n\u00eb kontrollin e p\u00ebrhapjes s\u00eb s\u00ebmundjeve dhe siguron nj\u00eb mjedis higjienik.<\/p><p>9. Kontrolli i er\u00ebs:<br \/>\u2013 Klori granular 90% \u00ebsht\u00eb efektiv n\u00eb eliminimin e aromave t\u00eb pak\u00ebndshme t\u00eb shkaktuara nga bakteret dhe l\u00ebnd\u00ebt organike n\u00eb sistemet e uj\u00ebrave t\u00eb zeza, impiantet e trajtimit t\u00eb mbetjeve dhe proceset industriale.<\/p><p>10. Pastrimi urgjent i ujit:<br \/>\u2013 Gjat\u00eb emergjencave ose fatkeq\u00ebsive natyrore, Klori Granular 90% mund t\u00eb p\u00ebrdoret p\u00ebr pastrim urgjent t\u00eb ujit. Ndihmon p\u00ebr ta b\u00ebr\u00eb ujin e kontaminuar t\u00eb sigurt p\u00ebr konsum duke vrar\u00eb mikroorganizmat e d\u00ebmsh\u00ebm.<\/p><p>Klori granular 90% \u00ebsht\u00eb nj\u00eb dezinfektues i fuqish\u00ebm dhe agjent oksidues i p\u00ebrdorur n\u00eb industri dhe aplikime t\u00eb ndryshme. \u00cbsht\u00eb e r\u00ebnd\u00ebsishme ta trajtoni dhe ta ruani n\u00eb m\u00ebnyr\u00eb t\u00eb sigurt, duke ndjekur udh\u00ebzimet dhe rregulloret e duhura t\u00eb siguris\u00eb. Dozimi dhe monitorimi i sakt\u00eb jan\u00eb thelb\u00ebsore p\u00ebr t\u00eb siguruar dezinfektim efektiv duke minimizuar rreziqet e mundshme.<\/p><\/div><\/div><\/div><\/div><\/div><\/div><\/div><\/div><\/div><\/div><\/div><\/div>\t\t\t\t\t\t\t\t<\/div>\n\t\t\t\t<\/div>\n\t\t\t\t<section class=\"elementor-section elementor-inner-section elementor-element elementor-element-29fc93e elementor-section-boxed elementor-section-height-default elementor-section-height-default\" data-id=\"29fc93e\" data-element_type=\"section\" data-e-type=\"section\" data-settings=\"{&quot;background_background&quot;:&quot;classic&quot;}\">\n\t\t\t\t\t\t<div class=\"elementor-container elementor-column-gap-no\">\n\t\t\t\t\t<div class=\"elementor-column elementor-col-100 elementor-inner-column elementor-element elementor-element-d3c69e9\" data-id=\"d3c69e9\" data-element_type=\"column\" data-e-type=\"column\">\n\t\t\t<div class=\"elementor-widget-wrap elementor-element-populated\">\n\t\t\t\t\t\t<div class=\"elementor-element elementor-element-6bec512 elementor-view-default elementor-widget elementor-widget-icon\" data-id=\"6bec512\" data-element_type=\"widget\" data-e-type=\"widget\" data-widget_type=\"icon.default\">\n\t\t\t\t<div class=\"elementor-widget-container\">\n\t\t\t\t\t\t\t<div class=\"elementor-icon-wrapper\">\n\t\t\t<div class=\"elementor-icon\">\n\t\t\t<i aria-hidden=\"true\" class=\"vamtamtheme- vamtam-theme-quote-start\"><\/i>\t\t\t<\/div>\n\t\t<\/div>\n\t\t\t\t\t\t<\/div>\n\t\t\t\t<\/div>\n\t\t\t\t<div class=\"elementor-element elementor-element-1b22b74 elementor-widget elementor-widget-text-editor\" data-id=\"1b22b74\" data-element_type=\"widget\" data-e-type=\"widget\" data-widget_type=\"text-editor.default\">\n\t\t\t\t<div class=\"elementor-widget-container\">\n\t\t\t\t\t\t\t\t\t<p>\"P\u00ebr \u00e7do informacion, shkruani n\u00eb WhatsApp: Gjith\u00e7ka q\u00eb ju nevojitet, n\u00eb koh\u00eb reale, n\u00eb nj\u00eb mesazh. Na kontaktoni dhe jemi gati t\u00eb ju ndihmojm\u00eb.\"<\/p>\t\t\t\t\t\t\t\t<\/div>\n\t\t\t\t<\/div>\n\t\t\t\t<div class=\"elementor-element elementor-element-41a30c6 elementor-widget-divider--view-line elementor-widget elementor-widget-divider\" data-id=\"41a30c6\" data-element_type=\"widget\" data-e-type=\"widget\" data-widget_type=\"divider.default\">\n\t\t\t\t<div class=\"elementor-widget-container\">\n\t\t\t\t\t\t\t<div class=\"elementor-divider\">\n\t\t\t<span class=\"elementor-divider-separator\">\n\t\t\t\t\t\t<\/span>\n\t\t<\/div>\n\t\t\t\t\t\t<\/div>\n\t\t\t\t<\/div>\n\t\t\t\t<div class=\"vamtam-has-theme-widget-styles elementor-element elementor-element-65145c7 elementor-widget__width-auto vamtam-has-underline-anim elementor-widget elementor-widget-button\" data-id=\"65145c7\" data-element_type=\"widget\" data-e-type=\"widget\" data-widget_type=\"button.default\">\n\t\t\t\t<div class=\"elementor-widget-container\">\n\t\t\t\t\t\t\t\t\t<div class=\"elementor-button-wrapper\">\n\t\t\t\t\t<a class=\"elementor-button elementor-button-link elementor-size-md\" href=\"https:\/\/wa.me\/355694000260\">\n\t\t\t\t\t\t<span class=\"elementor-button-content-wrapper\">\n\t\t\t\t\t\t<span class=\"elementor-button-icon\">\n\t\t\t\t<i aria-hidden=\"true\" class=\"vamtamtheme- vamtam-theme-icon-arrow-right-top\"><\/i>\t\t\t<\/span>\n\t\t\t\t\t\t\t\t\t<span class=\"elementor-button-text\">Kontaktoni WhatsApp<\/span>\n\t\t\t\t\t<\/span>\n\t\t\t\t\t<\/a>\n\t\t\t\t<\/div>\n\t\t\t\t\t\t\t\t<\/div>\n\t\t\t\t<\/div>\n\t\t\t\t<div class=\"elementor-element elementor-element-188f067 elementor-widget__width-auto elementor-widget elementor-widget-heading\" data-id=\"188f067\" data-element_type=\"widget\" data-e-type=\"widget\" data-widget_type=\"heading.default\">\n\t\t\t\t<div class=\"elementor-widget-container\">\n\t\t\t\t\t<span class=\"elementor-heading-title elementor-size-default\">Albania Distribution Chemicals\n<\/span>\t\t\t\t<\/div>\n\t\t\t\t<\/div>\n\t\t\t\t\t<\/div>\n\t\t<\/div>\n\t\t\t\t\t<\/div>\n\t\t<\/section>\n\t\t\t\t\t<\/div>\n\t\t<\/div>\n\t\t\t\t\t<\/div>\n\t\t<\/section>\n\t\t\t\t<section class=\"elementor-section elementor-top-section elementor-element elementor-element-b3fd502 elementor-section-boxed elementor-section-height-default elementor-section-height-default\" data-id=\"b3fd502\" data-element_type=\"section\" data-e-type=\"section\">\n\t\t\t\t\t\t<div class=\"elementor-container elementor-column-gap-default\">\n\t\t\t\t\t<div class=\"elementor-column elementor-col-100 elementor-top-column elementor-element elementor-element-a879885\" data-id=\"a879885\" data-element_type=\"column\" data-e-type=\"column\">\n\t\t\t<div class=\"elementor-widget-wrap elementor-element-populated\">\n\t\t\t\t\t\t<div class=\"elementor-element elementor-element-4a3fe1c elementor-widget elementor-widget-spacer\" data-id=\"4a3fe1c\" data-element_type=\"widget\" data-e-type=\"widget\" data-widget_type=\"spacer.default\">\n\t\t\t\t<div class=\"elementor-widget-container\">\n\t\t\t\t\t\t\t<div class=\"elementor-spacer\">\n\t\t\t<div class=\"elementor-spacer-inner\"><\/div>\n\t\t<\/div>\n\t\t\t\t\t\t<\/div>\n\t\t\t\t<\/div>\n\t\t\t\t<div class=\"vamtam-has-theme-widget-styles elementor-element elementor-element-feed2fe elementor-widget elementor-widget-image\" data-id=\"feed2fe\" data-element_type=\"widget\" data-e-type=\"widget\" data-widget_type=\"image.default\">\n\t\t\t\t<div class=\"elementor-widget-container\">\n\t\t\t\t\t\t\t\t\t<div class=\"elementor-image\">\n\t\t\t\t\t\t\t\t\t\t\t\t\t\t\t\t\t\t\t\t\t<img width=\"8000\" height=\"1355\" src=\"https:\/\/adchem.al\/wp-content\/uploads\/2023\/06\/baner-albania-distribution-chemicals-01.png\" class=\"attachment-full size-full wp-image-987764\" alt=\"\" decoding=\"async\" srcset=\"https:\/\/adchem.al\/wp-content\/uploads\/2023\/06\/baner-albania-distribution-chemicals-01.png 8000w, https:\/\/adchem.al\/wp-content\/uploads\/2023\/06\/baner-albania-distribution-chemicals-01-300x51.png 300w, https:\/\/adchem.al\/wp-content\/uploads\/2023\/06\/baner-albania-distribution-chemicals-01-1024x173.png 1024w, https:\/\/adchem.al\/wp-content\/uploads\/2023\/06\/baner-albania-distribution-chemicals-01-768x130.png 768w, https:\/\/adchem.al\/wp-content\/uploads\/2023\/06\/baner-albania-distribution-chemicals-01-1536x260.png 1536w, https:\/\/adchem.al\/wp-content\/uploads\/2023\/06\/baner-albania-distribution-chemicals-01-2048x347.png 2048w\" sizes=\"(max-width: 8000px) 100vw, 8000px\" \/>\t\t\t\t\t\t\t\t\t\t\t\t\t\t\t\t\t\t\t\t\t\t\t\t<\/div>\n\t\t\t\t\t\t\t\t<\/div>\n\t\t\t\t<\/div>\n\t\t\t\t\t<\/div>\n\t\t<\/div>\n\t\t\t\t\t<\/div>\n\t\t<\/section>\n\t\t\t\t<\/div>","protected":false},"excerpt":{"rendered":"<p>Produkti: Klor granular 90%<\/p>\n<p>Formula Kimike: Cl2<\/p>\n<p>Informacion rreth produktit:<\/p>\n<p>\u2013 Klori granular 90% \u00ebsht\u00eb nj\u00eb p\u00ebrb\u00ebrje kimike e p\u00ebrb\u00ebr\u00eb nga gaz klor (Cl2) n\u00eb nj\u00eb form\u00eb shum\u00eb t\u00eb koncentruar.<br \/>\n\u2013 \u00cbsht\u00eb n\u00eb form\u00eb kokrrizore, duke lejuar dozimin e kontrolluar dhe t\u00eb sakt\u00eb n\u00eb aplikime t\u00eb ndryshme.<br \/>\n\u2013 Klori granular 90% \u00ebsht\u00eb nj\u00eb agjent i fuqish\u00ebm oksidues dhe dezinfektues p\u00ebr shkak t\u00eb p\u00ebrmbajtjes s\u00eb lart\u00eb t\u00eb klorit.<br \/>\n\u2013 Granulat jan\u00eb krijuar p\u00ebr t\u2019u tretur shpejt n\u00eb uj\u00eb, duke \u00e7liruar gaz klor p\u00ebr t\u2019u dezinfektuar dhe dezinfektuar n\u00eb m\u00ebnyr\u00eb efektive.<\/p>","protected":false},"author":2,"featured_media":988290,"parent":988231,"menu_order":0,"comment_status":"closed","ping_status":"closed","template":"","meta":{"inline_featured_image":false,"footnotes":""},"class_list":["post-988296","page","type-page","status-publish","has-post-thumbnail","hentry"],"yoast_head":"<!-- This site is optimized with the Yoast SEO plugin v27.4 - https:\/\/yoast.com\/product\/yoast-seo-wordpress\/ -->\n<title>Granular chlorine 90% | Albania Distribution Chemicals<\/title>\n<meta name=\"robots\" content=\"index, follow, max-snippet:-1, max-image-preview:large, max-video-preview:-1\" \/>\n<link rel=\"canonical\" href=\"https:\/\/adchem.al\/al\/water-treatmens\/granular-chlorine-90\/\" \/>\n<meta property=\"og:locale\" content=\"sq_AL\" \/>\n<meta property=\"og:type\" content=\"article\" \/>\n<meta property=\"og:title\" content=\"Granular chlorine 90% | Albania Distribution Chemicals\" \/>\n<meta property=\"og:description\" content=\"Product: Granular Chlorine 90% Chemical Formula: Cl2 Information about the product: - Granular Chlorine 90% is a chemical compound consisting of chlorine gas (Cl2) in a highly concentrated form. - It is in granular form, allowing for controlled and precise dosing in various applications. - Granular Chlorine 90% is a powerful oxidizing agent and disinfectant due to its high chlorine content. - The granules are designed to dissolve quickly in water, releasing chlorine gas to effectively sanitize and disinfect.\" \/>\n<meta property=\"og:url\" content=\"https:\/\/adchem.al\/al\/water-treatmens\/granular-chlorine-90\/\" \/>\n<meta property=\"og:site_name\" content=\"Albania Distribution Chemicals\" \/>\n<meta property=\"article:publisher\" content=\"https:\/\/www.facebook.com\/albaniadistributionchem\/?ref=py_c\" \/>\n<meta property=\"article:modified_time\" content=\"2023-06-27T21:26:10+00:00\" \/>\n<meta property=\"og:image\" content=\"https:\/\/adchem.al\/wp-content\/uploads\/2023\/06\/22933.png\" \/>\n\t<meta property=\"og:image:width\" content=\"250\" \/>\n\t<meta property=\"og:image:height\" content=\"250\" \/>\n\t<meta property=\"og:image:type\" content=\"image\/png\" \/>\n<meta name=\"twitter:card\" content=\"summary_large_image\" \/>\n<script type=\"application\/ld+json\" class=\"yoast-schema-graph\">{\"@context\":\"https:\\\/\\\/schema.org\",\"@graph\":[{\"@type\":\"WebPage\",\"@id\":\"https:\\\/\\\/adchem.al\\\/water-treatmens\\\/granular-chlorine-90\\\/\",\"url\":\"https:\\\/\\\/adchem.al\\\/water-treatmens\\\/granular-chlorine-90\\\/\",\"name\":\"Granular chlorine 90% | Albania Distribution Chemicals\",\"isPartOf\":{\"@id\":\"https:\\\/\\\/adchem.al\\\/#website\"},\"primaryImageOfPage\":{\"@id\":\"https:\\\/\\\/adchem.al\\\/water-treatmens\\\/granular-chlorine-90\\\/#primaryimage\"},\"image\":{\"@id\":\"https:\\\/\\\/adchem.al\\\/water-treatmens\\\/granular-chlorine-90\\\/#primaryimage\"},\"thumbnailUrl\":\"https:\\\/\\\/adchem.al\\\/wp-content\\\/uploads\\\/2023\\\/06\\\/22933.png\",\"datePublished\":\"2023-06-24T21:21:43+00:00\",\"dateModified\":\"2023-06-27T21:26:10+00:00\",\"breadcrumb\":{\"@id\":\"https:\\\/\\\/adchem.al\\\/water-treatmens\\\/granular-chlorine-90\\\/#breadcrumb\"},\"inLanguage\":\"sq\",\"potentialAction\":[{\"@type\":\"ReadAction\",\"target\":[\"https:\\\/\\\/adchem.al\\\/water-treatmens\\\/granular-chlorine-90\\\/\"]}]},{\"@type\":\"ImageObject\",\"inLanguage\":\"sq\",\"@id\":\"https:\\\/\\\/adchem.al\\\/water-treatmens\\\/granular-chlorine-90\\\/#primaryimage\",\"url\":\"https:\\\/\\\/adchem.al\\\/wp-content\\\/uploads\\\/2023\\\/06\\\/22933.png\",\"contentUrl\":\"https:\\\/\\\/adchem.al\\\/wp-content\\\/uploads\\\/2023\\\/06\\\/22933.png\",\"width\":250,\"height\":250},{\"@type\":\"BreadcrumbList\",\"@id\":\"https:\\\/\\\/adchem.al\\\/water-treatmens\\\/granular-chlorine-90\\\/#breadcrumb\",\"itemListElement\":[{\"@type\":\"ListItem\",\"position\":1,\"name\":\"Home\",\"item\":\"https:\\\/\\\/adchem.al\\\/\"},{\"@type\":\"ListItem\",\"position\":2,\"name\":\"Water Treatmens\",\"item\":\"https:\\\/\\\/adchem.al\\\/water-treatmens\\\/\"},{\"@type\":\"ListItem\",\"position\":3,\"name\":\"Granular chlorine 90%\"}]},{\"@type\":\"WebSite\",\"@id\":\"https:\\\/\\\/adchem.al\\\/#website\",\"url\":\"https:\\\/\\\/adchem.al\\\/\",\"name\":\"Albania Distribution Chemicals\",\"description\":\"&quot;Excellence in Chemical Distribution&quot;\",\"publisher\":{\"@id\":\"https:\\\/\\\/adchem.al\\\/#organization\"},\"alternateName\":\"ADC\",\"potentialAction\":[{\"@type\":\"SearchAction\",\"target\":{\"@type\":\"EntryPoint\",\"urlTemplate\":\"https:\\\/\\\/adchem.al\\\/?s={search_term_string}\"},\"query-input\":{\"@type\":\"PropertyValueSpecification\",\"valueRequired\":true,\"valueName\":\"search_term_string\"}}],\"inLanguage\":\"sq\"},{\"@type\":\"Organization\",\"@id\":\"https:\\\/\\\/adchem.al\\\/#organization\",\"name\":\"Albania Distribution Chemicals\",\"alternateName\":\"ADC\",\"url\":\"https:\\\/\\\/adchem.al\\\/\",\"logo\":{\"@type\":\"ImageObject\",\"inLanguage\":\"sq\",\"@id\":\"https:\\\/\\\/adchem.al\\\/#\\\/schema\\\/logo\\\/image\\\/\",\"url\":\"https:\\\/\\\/adchem.al\\\/wp-content\\\/uploads\\\/2022\\\/09\\\/Albania-Distribution-Chemicals-Logo-01.png\",\"contentUrl\":\"https:\\\/\\\/adchem.al\\\/wp-content\\\/uploads\\\/2022\\\/09\\\/Albania-Distribution-Chemicals-Logo-01.png\",\"width\":308,\"height\":104,\"caption\":\"Albania Distribution Chemicals\"},\"image\":{\"@id\":\"https:\\\/\\\/adchem.al\\\/#\\\/schema\\\/logo\\\/image\\\/\"},\"sameAs\":[\"https:\\\/\\\/www.facebook.com\\\/albaniadistributionchem\\\/?ref=py_c\",\"https:\\\/\\\/www.instagram.com\\\/albania_distribution_chemicals\\\/\"]}]}<\/script>\n<!-- \/ Yoast SEO plugin. -->","yoast_head_json":{"title":"Granular chlorine 90% | Albania Distribution Chemicals","robots":{"index":"index","follow":"follow","max-snippet":"max-snippet:-1","max-image-preview":"max-image-preview:large","max-video-preview":"max-video-preview:-1"},"canonical":"https:\/\/adchem.al\/al\/water-treatmens\/granular-chlorine-90\/","og_locale":"sq_AL","og_type":"article","og_title":"Granular chlorine 90% | Albania Distribution Chemicals","og_description":"Product: Granular Chlorine 90% Chemical Formula: Cl2 Information about the product: - Granular Chlorine 90% is a chemical compound consisting of chlorine gas (Cl2) in a highly concentrated form. - It is in granular form, allowing for controlled and precise dosing in various applications. - Granular Chlorine 90% is a powerful oxidizing agent and disinfectant due to its high chlorine content. - The granules are designed to dissolve quickly in water, releasing chlorine gas to effectively sanitize and disinfect.","og_url":"https:\/\/adchem.al\/al\/water-treatmens\/granular-chlorine-90\/","og_site_name":"Albania Distribution Chemicals","article_publisher":"https:\/\/www.facebook.com\/albaniadistributionchem\/?ref=py_c","article_modified_time":"2023-06-27T21:26:10+00:00","og_image":[{"width":250,"height":250,"url":"https:\/\/adchem.al\/wp-content\/uploads\/2023\/06\/22933.png","type":"image\/png"}],"twitter_card":"summary_large_image","schema":{"@context":"https:\/\/schema.org","@graph":[{"@type":"WebPage","@id":"https:\/\/adchem.al\/water-treatmens\/granular-chlorine-90\/","url":"https:\/\/adchem.al\/water-treatmens\/granular-chlorine-90\/","name":"Granular chlorine 90% | Albania Distribution Chemicals","isPartOf":{"@id":"https:\/\/adchem.al\/#website"},"primaryImageOfPage":{"@id":"https:\/\/adchem.al\/water-treatmens\/granular-chlorine-90\/#primaryimage"},"image":{"@id":"https:\/\/adchem.al\/water-treatmens\/granular-chlorine-90\/#primaryimage"},"thumbnailUrl":"https:\/\/adchem.al\/wp-content\/uploads\/2023\/06\/22933.png","datePublished":"2023-06-24T21:21:43+00:00","dateModified":"2023-06-27T21:26:10+00:00","breadcrumb":{"@id":"https:\/\/adchem.al\/water-treatmens\/granular-chlorine-90\/#breadcrumb"},"inLanguage":"sq","potentialAction":[{"@type":"ReadAction","target":["https:\/\/adchem.al\/water-treatmens\/granular-chlorine-90\/"]}]},{"@type":"ImageObject","inLanguage":"sq","@id":"https:\/\/adchem.al\/water-treatmens\/granular-chlorine-90\/#primaryimage","url":"https:\/\/adchem.al\/wp-content\/uploads\/2023\/06\/22933.png","contentUrl":"https:\/\/adchem.al\/wp-content\/uploads\/2023\/06\/22933.png","width":250,"height":250},{"@type":"BreadcrumbList","@id":"https:\/\/adchem.al\/water-treatmens\/granular-chlorine-90\/#breadcrumb","itemListElement":[{"@type":"ListItem","position":1,"name":"Home","item":"https:\/\/adchem.al\/"},{"@type":"ListItem","position":2,"name":"Water Treatmens","item":"https:\/\/adchem.al\/water-treatmens\/"},{"@type":"ListItem","position":3,"name":"Granular chlorine 90%"}]},{"@type":"WebSite","@id":"https:\/\/adchem.al\/#website","url":"https:\/\/adchem.al\/","name":"Albania Distribution Chemicals","description":"&quot;Excellence in Chemical Distribution&quot;","publisher":{"@id":"https:\/\/adchem.al\/#organization"},"alternateName":"ADC","potentialAction":[{"@type":"SearchAction","target":{"@type":"EntryPoint","urlTemplate":"https:\/\/adchem.al\/?s={search_term_string}"},"query-input":{"@type":"PropertyValueSpecification","valueRequired":true,"valueName":"search_term_string"}}],"inLanguage":"sq"},{"@type":"Organization","@id":"https:\/\/adchem.al\/#organization","name":"Albania Distribution Chemicals","alternateName":"ADC","url":"https:\/\/adchem.al\/","logo":{"@type":"ImageObject","inLanguage":"sq","@id":"https:\/\/adchem.al\/#\/schema\/logo\/image\/","url":"https:\/\/adchem.al\/wp-content\/uploads\/2022\/09\/Albania-Distribution-Chemicals-Logo-01.png","contentUrl":"https:\/\/adchem.al\/wp-content\/uploads\/2022\/09\/Albania-Distribution-Chemicals-Logo-01.png","width":308,"height":104,"caption":"Albania Distribution Chemicals"},"image":{"@id":"https:\/\/adchem.al\/#\/schema\/logo\/image\/"},"sameAs":["https:\/\/www.facebook.com\/albaniadistributionchem\/?ref=py_c","https:\/\/www.instagram.com\/albania_distribution_chemicals\/"]}]}},"_links":{"self":[{"href":"https:\/\/adchem.al\/al\/wp-json\/wp\/v2\/pages\/988296","targetHints":{"allow":["GET"]}}],"collection":[{"href":"https:\/\/adchem.al\/al\/wp-json\/wp\/v2\/pages"}],"about":[{"href":"https:\/\/adchem.al\/al\/wp-json\/wp\/v2\/types\/page"}],"author":[{"embeddable":true,"href":"https:\/\/adchem.al\/al\/wp-json\/wp\/v2\/users\/2"}],"replies":[{"embeddable":true,"href":"https:\/\/adchem.al\/al\/wp-json\/wp\/v2\/comments?post=988296"}],"version-history":[{"count":10,"href":"https:\/\/adchem.al\/al\/wp-json\/wp\/v2\/pages\/988296\/revisions"}],"predecessor-version":[{"id":989232,"href":"https:\/\/adchem.al\/al\/wp-json\/wp\/v2\/pages\/988296\/revisions\/989232"}],"up":[{"embeddable":true,"href":"https:\/\/adchem.al\/al\/wp-json\/wp\/v2\/pages\/988231"}],"wp:featuredmedia":[{"embeddable":true,"href":"https:\/\/adchem.al\/al\/wp-json\/wp\/v2\/media\/988290"}],"wp:attachment":[{"href":"https:\/\/adchem.al\/al\/wp-json\/wp\/v2\/media?parent=988296"}],"curies":[{"name":"wp","href":"https:\/\/api.w.org\/{rel}","templated":true}]}}