{"id":988283,"date":"2023-06-24T21:15:29","date_gmt":"2023-06-24T21:15:29","guid":{"rendered":"https:\/\/adchem.al\/?page_id=988283"},"modified":"2023-06-27T21:22:46","modified_gmt":"2023-06-27T21:22:46","slug":"caustic-soda-pearl","status":"publish","type":"page","link":"https:\/\/adchem.al\/al\/water-treatmens\/caustic-soda-pearl\/","title":{"rendered":"Sod\u00ebs Kaustike Perl"},"content":{"rendered":"<div data-elementor-type=\"wp-page\" data-elementor-id=\"988283\" class=\"elementor elementor-988283\" data-elementor-post-type=\"page\">\n\t\t\t\t\t\t<section class=\"elementor-section elementor-top-section elementor-element elementor-element-37858afc elementor-section-full_width elementor-section-height-default elementor-section-height-default\" data-id=\"37858afc\" data-element_type=\"section\">\n\t\t\t\t\t\t<div class=\"elementor-container elementor-column-gap-no\">\n\t\t\t\t\t<div class=\"elementor-column elementor-col-100 elementor-top-column elementor-element elementor-element-60bb79bd\" data-id=\"60bb79bd\" data-element_type=\"column\">\n\t\t\t<div class=\"elementor-widget-wrap elementor-element-populated\">\n\t\t\t\t\t\t<div class=\"vamtam-has-theme-widget-styles elementor-element elementor-element-86d4d6c elementor-widget elementor-widget-image\" data-id=\"86d4d6c\" data-element_type=\"widget\" data-widget_type=\"image.default\">\n\t\t\t\t<div class=\"elementor-widget-container\">\n\t\t\t\t\t\t\t\t\t<div class=\"elementor-image\">\n\t\t\t\t\t\t\t\t\t\t\t\t\t\t\t\t<figure class=\"wp-caption\">\n\t\t\t\t\t\t\t\t\t\t\t\t\t\t\t\t<img fetchpriority=\"high\" decoding=\"async\" width=\"698\" height=\"305\" src=\"https:\/\/adchem.al\/wp-content\/uploads\/2023\/06\/l-1.png\" class=\"attachment-full size-full wp-image-988274\" alt=\"\" srcset=\"https:\/\/adchem.al\/wp-content\/uploads\/2023\/06\/l-1.png 698w, https:\/\/adchem.al\/wp-content\/uploads\/2023\/06\/l-1-300x131.png 300w\" sizes=\"(max-width: 698px) 100vw, 698px\" \/>\t\t\t\t\t\t\t\t\t\t\t\t\t\t\t\t\t<figcaption class=\"widget-image-caption wp-caption-text\">Albania Distribution Chemicals<\/figcaption>\n\t\t\t\t\t\t\t\t\t\t\t\t\t\t\t\t<\/figure>\n\t\t\t\t\t\t\t\t\t\t\t\t\t\t<\/div>\n\t\t\t\t\t\t\t\t<\/div>\n\t\t\t\t<\/div>\n\t\t\t\t<div class=\"elementor-element elementor-element-61992a9a elementor-widget elementor-widget-text-editor\" data-id=\"61992a9a\" data-element_type=\"widget\" data-widget_type=\"text-editor.default\">\n\t\t\t\t<div class=\"elementor-widget-container\">\n\t\t\t\t\t\t\t\t\t<div class=\"woocommerce-product-details__short-description\"><div class=\"woocommerce-product-details__short-description\"><div id=\"content\" class=\"site-content\"><div class=\"stm-products-catalog\"><div class=\"container\"><div class=\"row\"><div class=\"col-md-12 man_main_sidebar\"><div class=\"content-area\"><div id=\"product-2262\" class=\"product type-product post-2262 status-publish first instock product_cat-swimming-pools-water-treatments product_tag-water-treatment has-post-thumbnail shipping-taxable product-type-simple\"><div class=\"woocommerce-tabs wc-tabs-wrapper\"><div id=\"tab-description\" class=\"woocommerce-Tabs-panel woocommerce-Tabs-panel--description panel entry-content wc-tab\" role=\"tabpanel\" aria-labelledby=\"tab-title-description\"><p><strong>Produkti: Perla me sod\u00eb kaustike<\/strong><\/p><p><strong>Formula Kimike: NaOH<\/strong><\/p><p><strong>Informacion rreth produktit:<\/strong><\/p><p>\u2013 Perla e sod\u00ebs kaustike, e njohur edhe si perla e hidroksidit t\u00eb natriumit, \u00ebsht\u00eb nj\u00eb form\u00eb e ngurt\u00eb e sod\u00ebs kaustike q\u00eb shfaqet si peleta ose perla t\u00eb bardha ose t\u00eb tejdukshme.<br \/>\u2013 \u00cbsht\u00eb nj\u00eb substanc\u00eb shum\u00eb kaustike dhe g\u00ebrryese me natyr\u00eb t\u00eb fort\u00eb alkaline.<br \/>\u2013 Perla e sod\u00ebs kaustike \u00ebsht\u00eb higroskopike, q\u00eb do t\u00eb thot\u00eb se thith leht\u00ebsisht lag\u00ebshtin\u00eb nga ajri.<br \/>\u2013 Ka nj\u00eb gam\u00eb t\u00eb gjer\u00eb aplikimesh industriale p\u00ebr shkak t\u00eb alkalinitetit dhe reaktivitetit t\u00eb tij t\u00eb fort\u00eb.<\/p><p><strong>Informacion p\u00ebr sektorin e p\u00ebrdorimit t\u00eb produktit:<\/strong><\/p><p>1. Prodhim kimik:<br \/>\u2013 Perla e sod\u00ebs kaustike sh\u00ebrben si nj\u00eb p\u00ebrb\u00ebr\u00ebs themelor n\u00eb prodhimin e kimikateve t\u00eb ndryshme, duke p\u00ebrfshir\u00eb detergjent\u00ebt, sapun\u00ebt, zbardhuesit, ngjyrat dhe farmaceutik\u00ebt.<\/p><p>2. Trajtimi i ujit:<br \/>\u2013 Produkti p\u00ebrdoret n\u00eb objektet e trajtimit t\u00eb ujit p\u00ebr t\u00eb rregulluar nivelet e pH, p\u00ebr t\u00eb neutralizuar aciditetin dhe p\u00ebr t\u00eb kontrolluar procesin e dezinfektimit n\u00eb trajtimin e ujit t\u00eb pijsh\u00ebm dhe uj\u00ebrave t\u00eb zeza.<\/p><p>3. Prodhimi i aluminit:<br \/>\u2013 N\u00eb procesin Bayer, perla e sod\u00ebs kaustike p\u00ebrdoret p\u00ebr t\u00eb tretur mineralin e boksitit dhe nxjerrjen e aluminit, i cili p\u00ebrpunohet m\u00eb tej p\u00ebr t\u00eb prodhuar metal alumini.<\/p><p>4. Industria e pulp\u00ebs dhe letr\u00ebs:<br \/>\u2013 Perla e sod\u00ebs kaustike aplikohet n\u00eb industrin\u00eb e pulp\u00ebs dhe letr\u00ebs p\u00ebr delinifikimin, ku ndihmon n\u00eb ndarjen e linjin\u00ebs nga fibrat e drurit gjat\u00eb procesit t\u00eb zbardhjes s\u00eb pulp\u00ebs.<\/p><p>5. Industria e tekstilit:<br \/>\u2013 Produkti gjen aplikim n\u00eb industrin\u00eb e tekstilit p\u00ebr mercerizimin, nj\u00eb proces q\u00eb rrit forc\u00ebn, shk\u00eblqimin dhe thithjen e boj\u00ebs s\u00eb fibrave t\u00eb pambukut.<\/p><p>6. Industria e naft\u00ebs:<br \/>\u2013 Perla e sod\u00ebs kaustike p\u00ebrdoret n\u00eb rafinimin e naft\u00ebs p\u00ebr t\u00eb hequr papast\u00ebrtit\u00eb, t\u00eb tilla si komponimet e squfurit dhe acidet organike, nga nafta e pap\u00ebrpunuar dhe produktet e naft\u00ebs.<\/p><p>7. Prodhimi i sapunit dhe detergjentit:<br \/>\u2013 Perla e sod\u00ebs kaustike \u00ebsht\u00eb nj\u00eb komponent ky\u00e7 n\u00eb prodhimin e sapunit dhe detergjentit. Mund\u00ebson procesin e saponifikimit, ku vajrat ose yndyrat reagojn\u00eb me alkalin p\u00ebr t\u00eb formuar sapun.<\/p><p>8. P\u00ebrpunimi i ushqimit:<br \/>\u2013 N\u00eb industrin\u00eb ushqimore, perla e sod\u00ebs kaustike p\u00ebrdoret p\u00ebr pastrimin dhe dezinfektimin e pajisjeve, ve\u00e7an\u00ebrisht n\u00eb p\u00ebrpunimin e qum\u00ebshtit dhe pijeve. Ndihmon n\u00eb largimin e mbetjeve organike dhe dezinfektimin e sip\u00ebrfaqeve.<\/p><p>9. Pastrimi dhe gravurja e metaleve:<br \/>\u2013 Produkti p\u00ebrdoret p\u00ebr proceset e pastrimit dhe gdhendjes s\u00eb metaleve, t\u00eb tilla si heqja e shkall\u00ebve, ndryshkut dhe ndot\u00ebsve nga sip\u00ebrfaqet metalike ose p\u00ebrgatitja e tyre p\u00ebr trajtim ose veshje t\u00eb m\u00ebtejshme.<\/p><p>10. Sinteza kimik10. Sinteza kimike:e:<br \/>\u2013 Perla e sod\u00ebs kaustike sh\u00ebrben si nj\u00eb reagjent i gjithansh\u00ebm n\u00eb reaksione t\u00eb ndryshme t\u00eb sintez\u00ebs kimike, duke p\u00ebrfshir\u00eb prodhimin e produkteve farmaceutike, ngjyrave, pigmenteve dhe p\u00ebrb\u00ebrjeve organike.<\/p><p>Perla e sod\u00ebs kaustike \u00ebsht\u00eb nj\u00eb p\u00ebrb\u00ebrje kimike shum\u00eb e fuqishme dhe e gjithanshme me aplikime t\u00eb gjera industriale. Duhet t\u00eb trajtohet me kujdes p\u00ebr shkak t\u00eb natyr\u00ebs s\u00eb tij g\u00ebrryese dhe t\u00eb ruhet n\u00eb en\u00eb t\u00eb p\u00ebrshtatshme p\u00ebr t\u00eb parandaluar thithjen e lag\u00ebshtir\u00ebs. Duhet t\u00eb ndiqen masat e duhura t\u00eb siguris\u00eb gjat\u00eb transportit, ruajtjes dhe p\u00ebrdorimit t\u00eb tij p\u00ebr t\u00eb garantuar sigurin\u00eb e pun\u00ebtor\u00ebve dhe mbrojtjen e mjedisit. P\u00ebrqendrimi specifik dhe aplikimi i perlave t\u00eb sod\u00ebs kaustike mund t\u00eb ndryshojn\u00eb n\u00eb var\u00ebsi t\u00eb p\u00ebrdorimit t\u00eb synuar dhe rregulloreve t\u00eb industris\u00eb.<\/p><\/div><\/div><\/div><\/div><\/div><\/div><\/div><\/div><\/div><\/div><\/div>\t\t\t\t\t\t\t\t<\/div>\n\t\t\t\t<\/div>\n\t\t\t\t<section class=\"elementor-section elementor-inner-section elementor-element elementor-element-95aaf28 elementor-section-boxed elementor-section-height-default elementor-section-height-default\" data-id=\"95aaf28\" data-element_type=\"section\" data-settings=\"{&quot;background_background&quot;:&quot;classic&quot;}\">\n\t\t\t\t\t\t<div class=\"elementor-container elementor-column-gap-no\">\n\t\t\t\t\t<div class=\"elementor-column elementor-col-100 elementor-inner-column elementor-element elementor-element-b6e2618\" data-id=\"b6e2618\" data-element_type=\"column\">\n\t\t\t<div class=\"elementor-widget-wrap elementor-element-populated\">\n\t\t\t\t\t\t<div class=\"elementor-element elementor-element-fd91a5b elementor-view-default elementor-widget elementor-widget-icon\" data-id=\"fd91a5b\" data-element_type=\"widget\" data-widget_type=\"icon.default\">\n\t\t\t\t<div class=\"elementor-widget-container\">\n\t\t\t\t\t\t\t<div class=\"elementor-icon-wrapper\">\n\t\t\t<div class=\"elementor-icon\">\n\t\t\t<i aria-hidden=\"true\" class=\"vamtamtheme- vamtam-theme-quote-start\"><\/i>\t\t\t<\/div>\n\t\t<\/div>\n\t\t\t\t\t\t<\/div>\n\t\t\t\t<\/div>\n\t\t\t\t<div class=\"elementor-element elementor-element-f230c97 elementor-widget elementor-widget-text-editor\" data-id=\"f230c97\" data-element_type=\"widget\" data-widget_type=\"text-editor.default\">\n\t\t\t\t<div class=\"elementor-widget-container\">\n\t\t\t\t\t\t\t\t\t<p>\"P\u00ebr \u00e7do informacion, shkruani n\u00eb WhatsApp: Gjith\u00e7ka q\u00eb ju nevojitet, n\u00eb koh\u00eb reale, n\u00eb nj\u00eb mesazh. Na kontaktoni dhe jemi gati t\u00eb ju ndihmojm\u00eb.\"<\/p>\t\t\t\t\t\t\t\t<\/div>\n\t\t\t\t<\/div>\n\t\t\t\t<div class=\"elementor-element elementor-element-9572353 elementor-widget-divider--view-line elementor-widget elementor-widget-divider\" data-id=\"9572353\" data-element_type=\"widget\" data-widget_type=\"divider.default\">\n\t\t\t\t<div class=\"elementor-widget-container\">\n\t\t\t\t\t\t\t<div class=\"elementor-divider\">\n\t\t\t<span class=\"elementor-divider-separator\">\n\t\t\t\t\t\t<\/span>\n\t\t<\/div>\n\t\t\t\t\t\t<\/div>\n\t\t\t\t<\/div>\n\t\t\t\t<div class=\"vamtam-has-theme-widget-styles elementor-element elementor-element-dd418f7 elementor-widget__width-auto vamtam-has-underline-anim elementor-widget elementor-widget-button\" data-id=\"dd418f7\" data-element_type=\"widget\" data-widget_type=\"button.default\">\n\t\t\t\t<div class=\"elementor-widget-container\">\n\t\t\t\t\t\t\t\t\t<div class=\"elementor-button-wrapper\">\n\t\t\t\t\t<a class=\"elementor-button elementor-button-link elementor-size-md\" href=\"https:\/\/wa.me\/355694000260\">\n\t\t\t\t\t\t<span class=\"elementor-button-content-wrapper\">\n\t\t\t\t\t\t<span class=\"elementor-button-icon\">\n\t\t\t\t<i aria-hidden=\"true\" class=\"vamtamtheme- vamtam-theme-icon-arrow-right-top\"><\/i>\t\t\t<\/span>\n\t\t\t\t\t\t\t\t\t<span class=\"elementor-button-text\">Kontaktoni WhatsApp<\/span>\n\t\t\t\t\t<\/span>\n\t\t\t\t\t<\/a>\n\t\t\t\t<\/div>\n\t\t\t\t\t\t\t\t<\/div>\n\t\t\t\t<\/div>\n\t\t\t\t<div class=\"elementor-element elementor-element-3fda6ae elementor-widget__width-auto elementor-widget elementor-widget-heading\" data-id=\"3fda6ae\" data-element_type=\"widget\" data-widget_type=\"heading.default\">\n\t\t\t\t<div class=\"elementor-widget-container\">\n\t\t\t\t\t<span class=\"elementor-heading-title elementor-size-default\">Albania Distribution Chemicals\n<\/span>\t\t\t\t<\/div>\n\t\t\t\t<\/div>\n\t\t\t\t\t<\/div>\n\t\t<\/div>\n\t\t\t\t\t<\/div>\n\t\t<\/section>\n\t\t\t\t\t<\/div>\n\t\t<\/div>\n\t\t\t\t\t<\/div>\n\t\t<\/section>\n\t\t\t\t<section class=\"elementor-section elementor-top-section elementor-element elementor-element-b3fd502 elementor-section-boxed elementor-section-height-default elementor-section-height-default\" data-id=\"b3fd502\" data-element_type=\"section\">\n\t\t\t\t\t\t<div class=\"elementor-container elementor-column-gap-default\">\n\t\t\t\t\t<div class=\"elementor-column elementor-col-100 elementor-top-column elementor-element elementor-element-a879885\" data-id=\"a879885\" data-element_type=\"column\">\n\t\t\t<div class=\"elementor-widget-wrap elementor-element-populated\">\n\t\t\t\t\t\t<div class=\"elementor-element elementor-element-4a3fe1c elementor-widget elementor-widget-spacer\" data-id=\"4a3fe1c\" data-element_type=\"widget\" data-widget_type=\"spacer.default\">\n\t\t\t\t<div class=\"elementor-widget-container\">\n\t\t\t\t\t\t\t<div class=\"elementor-spacer\">\n\t\t\t<div class=\"elementor-spacer-inner\"><\/div>\n\t\t<\/div>\n\t\t\t\t\t\t<\/div>\n\t\t\t\t<\/div>\n\t\t\t\t<div class=\"vamtam-has-theme-widget-styles elementor-element elementor-element-feed2fe elementor-widget elementor-widget-image\" data-id=\"feed2fe\" data-element_type=\"widget\" data-widget_type=\"image.default\">\n\t\t\t\t<div class=\"elementor-widget-container\">\n\t\t\t\t\t\t\t\t\t<div class=\"elementor-image\">\n\t\t\t\t\t\t\t\t\t\t\t\t\t\t\t\t\t\t\t\t\t<img decoding=\"async\" width=\"8000\" height=\"1355\" src=\"https:\/\/adchem.al\/wp-content\/uploads\/2023\/06\/baner-albania-distribution-chemicals-01.png\" class=\"attachment-full size-full wp-image-987764\" alt=\"\" srcset=\"https:\/\/adchem.al\/wp-content\/uploads\/2023\/06\/baner-albania-distribution-chemicals-01.png 8000w, https:\/\/adchem.al\/wp-content\/uploads\/2023\/06\/baner-albania-distribution-chemicals-01-300x51.png 300w, https:\/\/adchem.al\/wp-content\/uploads\/2023\/06\/baner-albania-distribution-chemicals-01-1024x173.png 1024w, https:\/\/adchem.al\/wp-content\/uploads\/2023\/06\/baner-albania-distribution-chemicals-01-768x130.png 768w, https:\/\/adchem.al\/wp-content\/uploads\/2023\/06\/baner-albania-distribution-chemicals-01-1536x260.png 1536w, https:\/\/adchem.al\/wp-content\/uploads\/2023\/06\/baner-albania-distribution-chemicals-01-2048x347.png 2048w\" sizes=\"(max-width: 8000px) 100vw, 8000px\" \/>\t\t\t\t\t\t\t\t\t\t\t\t\t\t\t\t\t\t\t\t\t\t\t\t<\/div>\n\t\t\t\t\t\t\t\t<\/div>\n\t\t\t\t<\/div>\n\t\t\t\t\t<\/div>\n\t\t<\/div>\n\t\t\t\t\t<\/div>\n\t\t<\/section>\n\t\t\t\t<\/div>","protected":false},"excerpt":{"rendered":"<p>Produkti: Perla me sod\u00eb kaustike<\/p>\n<p>Formula Kimike: NaOH<\/p>\n<p>Informacion rreth produktit:<\/p>\n<p>\u2013 Perla e sod\u00ebs kaustike, e njohur edhe si perla e hidroksidit t\u00eb natriumit, \u00ebsht\u00eb nj\u00eb form\u00eb e ngurt\u00eb e sod\u00ebs kaustike q\u00eb shfaqet si peleta ose perla t\u00eb bardha ose t\u00eb tejdukshme.<br \/>\n\u2013 \u00cbsht\u00eb nj\u00eb substanc\u00eb shum\u00eb kaustike dhe g\u00ebrryese me natyr\u00eb t\u00eb fort\u00eb alkaline.<br \/>\n\u2013 Perla e sod\u00ebs kaustike \u00ebsht\u00eb higroskopike, q\u00eb do t\u00eb thot\u00eb se thith leht\u00ebsisht lag\u00ebshtin\u00eb nga ajri.<br \/>\n\u2013 Ka nj\u00eb gam\u00eb t\u00eb gjer\u00eb aplikimesh industriale p\u00ebr shkak t\u00eb alkalinitetit dhe reaktivitetit t\u00eb tij t\u00eb fort\u00eb.<\/p>","protected":false},"author":2,"featured_media":988274,"parent":988231,"menu_order":0,"comment_status":"closed","ping_status":"closed","template":"","meta":{"inline_featured_image":false,"footnotes":""},"class_list":["post-988283","page","type-page","status-publish","has-post-thumbnail","hentry"],"yoast_head":"<!-- This site is optimized with the Yoast SEO plugin v27.4 - https:\/\/yoast.com\/product\/yoast-seo-wordpress\/ -->\n<title>Caustic Soda Pearl | Albania Distribution Chemicals<\/title>\n<meta name=\"robots\" content=\"index, follow, max-snippet:-1, max-image-preview:large, max-video-preview:-1\" \/>\n<link rel=\"canonical\" href=\"https:\/\/adchem.al\/al\/water-treatmens\/caustic-soda-pearl\/\" \/>\n<meta property=\"og:locale\" content=\"sq_AL\" \/>\n<meta property=\"og:type\" content=\"article\" \/>\n<meta property=\"og:title\" content=\"Caustic Soda Pearl | Albania Distribution Chemicals\" \/>\n<meta property=\"og:description\" content=\"Product: Caustic Soda Pearl Chemical Formula: NaOH Information about the product: - Caustic soda pearl, also known as sodium hydroxide pearl, is a solid form of caustic soda that appears as white or translucent pellets or pearls. - It is a highly caustic and corrosive substance with a strong alkaline nature. - Caustic soda pearl is hygroscopic, meaning it readily absorbs moisture from the air. - It has a wide range of industrial applications due to its strong alkalinity and reactivity.\" \/>\n<meta property=\"og:url\" content=\"https:\/\/adchem.al\/al\/water-treatmens\/caustic-soda-pearl\/\" \/>\n<meta property=\"og:site_name\" content=\"Albania Distribution Chemicals\" \/>\n<meta property=\"article:publisher\" content=\"https:\/\/www.facebook.com\/albaniadistributionchem\/?ref=py_c\" \/>\n<meta property=\"article:modified_time\" content=\"2023-06-27T21:22:46+00:00\" \/>\n<meta property=\"og:image\" content=\"https:\/\/adchem.al\/wp-content\/uploads\/2023\/06\/l-1.png\" \/>\n\t<meta property=\"og:image:width\" content=\"698\" \/>\n\t<meta property=\"og:image:height\" content=\"305\" \/>\n\t<meta property=\"og:image:type\" content=\"image\/png\" \/>\n<meta name=\"twitter:card\" content=\"summary_large_image\" \/>\n<script type=\"application\/ld+json\" class=\"yoast-schema-graph\">{\"@context\":\"https:\\\/\\\/schema.org\",\"@graph\":[{\"@type\":\"WebPage\",\"@id\":\"https:\\\/\\\/adchem.al\\\/water-treatmens\\\/caustic-soda-pearl\\\/\",\"url\":\"https:\\\/\\\/adchem.al\\\/water-treatmens\\\/caustic-soda-pearl\\\/\",\"name\":\"Caustic Soda Pearl | Albania Distribution Chemicals\",\"isPartOf\":{\"@id\":\"https:\\\/\\\/adchem.al\\\/#website\"},\"primaryImageOfPage\":{\"@id\":\"https:\\\/\\\/adchem.al\\\/water-treatmens\\\/caustic-soda-pearl\\\/#primaryimage\"},\"image\":{\"@id\":\"https:\\\/\\\/adchem.al\\\/water-treatmens\\\/caustic-soda-pearl\\\/#primaryimage\"},\"thumbnailUrl\":\"https:\\\/\\\/adchem.al\\\/wp-content\\\/uploads\\\/2023\\\/06\\\/l-1.png\",\"datePublished\":\"2023-06-24T21:15:29+00:00\",\"dateModified\":\"2023-06-27T21:22:46+00:00\",\"breadcrumb\":{\"@id\":\"https:\\\/\\\/adchem.al\\\/water-treatmens\\\/caustic-soda-pearl\\\/#breadcrumb\"},\"inLanguage\":\"sq\",\"potentialAction\":[{\"@type\":\"ReadAction\",\"target\":[\"https:\\\/\\\/adchem.al\\\/water-treatmens\\\/caustic-soda-pearl\\\/\"]}]},{\"@type\":\"ImageObject\",\"inLanguage\":\"sq\",\"@id\":\"https:\\\/\\\/adchem.al\\\/water-treatmens\\\/caustic-soda-pearl\\\/#primaryimage\",\"url\":\"https:\\\/\\\/adchem.al\\\/wp-content\\\/uploads\\\/2023\\\/06\\\/l-1.png\",\"contentUrl\":\"https:\\\/\\\/adchem.al\\\/wp-content\\\/uploads\\\/2023\\\/06\\\/l-1.png\",\"width\":698,\"height\":305},{\"@type\":\"BreadcrumbList\",\"@id\":\"https:\\\/\\\/adchem.al\\\/water-treatmens\\\/caustic-soda-pearl\\\/#breadcrumb\",\"itemListElement\":[{\"@type\":\"ListItem\",\"position\":1,\"name\":\"Home\",\"item\":\"https:\\\/\\\/adchem.al\\\/\"},{\"@type\":\"ListItem\",\"position\":2,\"name\":\"Water Treatmens\",\"item\":\"https:\\\/\\\/adchem.al\\\/water-treatmens\\\/\"},{\"@type\":\"ListItem\",\"position\":3,\"name\":\"Caustic Soda Pearl\"}]},{\"@type\":\"WebSite\",\"@id\":\"https:\\\/\\\/adchem.al\\\/#website\",\"url\":\"https:\\\/\\\/adchem.al\\\/\",\"name\":\"Albania Distribution Chemicals\",\"description\":\"&quot;Excellence in Chemical Distribution&quot;\",\"publisher\":{\"@id\":\"https:\\\/\\\/adchem.al\\\/#organization\"},\"alternateName\":\"ADC\",\"potentialAction\":[{\"@type\":\"SearchAction\",\"target\":{\"@type\":\"EntryPoint\",\"urlTemplate\":\"https:\\\/\\\/adchem.al\\\/?s={search_term_string}\"},\"query-input\":{\"@type\":\"PropertyValueSpecification\",\"valueRequired\":true,\"valueName\":\"search_term_string\"}}],\"inLanguage\":\"sq\"},{\"@type\":\"Organization\",\"@id\":\"https:\\\/\\\/adchem.al\\\/#organization\",\"name\":\"Albania Distribution Chemicals\",\"alternateName\":\"ADC\",\"url\":\"https:\\\/\\\/adchem.al\\\/\",\"logo\":{\"@type\":\"ImageObject\",\"inLanguage\":\"sq\",\"@id\":\"https:\\\/\\\/adchem.al\\\/#\\\/schema\\\/logo\\\/image\\\/\",\"url\":\"https:\\\/\\\/adchem.al\\\/wp-content\\\/uploads\\\/2022\\\/09\\\/Albania-Distribution-Chemicals-Logo-01.png\",\"contentUrl\":\"https:\\\/\\\/adchem.al\\\/wp-content\\\/uploads\\\/2022\\\/09\\\/Albania-Distribution-Chemicals-Logo-01.png\",\"width\":308,\"height\":104,\"caption\":\"Albania Distribution Chemicals\"},\"image\":{\"@id\":\"https:\\\/\\\/adchem.al\\\/#\\\/schema\\\/logo\\\/image\\\/\"},\"sameAs\":[\"https:\\\/\\\/www.facebook.com\\\/albaniadistributionchem\\\/?ref=py_c\",\"https:\\\/\\\/www.instagram.com\\\/albania_distribution_chemicals\\\/\"]}]}<\/script>\n<!-- \/ Yoast SEO plugin. -->","yoast_head_json":{"title":"Caustic Soda Pearl | Albania Distribution Chemicals","robots":{"index":"index","follow":"follow","max-snippet":"max-snippet:-1","max-image-preview":"max-image-preview:large","max-video-preview":"max-video-preview:-1"},"canonical":"https:\/\/adchem.al\/al\/water-treatmens\/caustic-soda-pearl\/","og_locale":"sq_AL","og_type":"article","og_title":"Caustic Soda Pearl | Albania Distribution Chemicals","og_description":"Product: Caustic Soda Pearl Chemical Formula: NaOH Information about the product: - Caustic soda pearl, also known as sodium hydroxide pearl, is a solid form of caustic soda that appears as white or translucent pellets or pearls. - It is a highly caustic and corrosive substance with a strong alkaline nature. - Caustic soda pearl is hygroscopic, meaning it readily absorbs moisture from the air. - It has a wide range of industrial applications due to its strong alkalinity and reactivity.","og_url":"https:\/\/adchem.al\/al\/water-treatmens\/caustic-soda-pearl\/","og_site_name":"Albania Distribution Chemicals","article_publisher":"https:\/\/www.facebook.com\/albaniadistributionchem\/?ref=py_c","article_modified_time":"2023-06-27T21:22:46+00:00","og_image":[{"width":698,"height":305,"url":"https:\/\/adchem.al\/wp-content\/uploads\/2023\/06\/l-1.png","type":"image\/png"}],"twitter_card":"summary_large_image","schema":{"@context":"https:\/\/schema.org","@graph":[{"@type":"WebPage","@id":"https:\/\/adchem.al\/water-treatmens\/caustic-soda-pearl\/","url":"https:\/\/adchem.al\/water-treatmens\/caustic-soda-pearl\/","name":"Caustic Soda Pearl | Albania Distribution Chemicals","isPartOf":{"@id":"https:\/\/adchem.al\/#website"},"primaryImageOfPage":{"@id":"https:\/\/adchem.al\/water-treatmens\/caustic-soda-pearl\/#primaryimage"},"image":{"@id":"https:\/\/adchem.al\/water-treatmens\/caustic-soda-pearl\/#primaryimage"},"thumbnailUrl":"https:\/\/adchem.al\/wp-content\/uploads\/2023\/06\/l-1.png","datePublished":"2023-06-24T21:15:29+00:00","dateModified":"2023-06-27T21:22:46+00:00","breadcrumb":{"@id":"https:\/\/adchem.al\/water-treatmens\/caustic-soda-pearl\/#breadcrumb"},"inLanguage":"sq","potentialAction":[{"@type":"ReadAction","target":["https:\/\/adchem.al\/water-treatmens\/caustic-soda-pearl\/"]}]},{"@type":"ImageObject","inLanguage":"sq","@id":"https:\/\/adchem.al\/water-treatmens\/caustic-soda-pearl\/#primaryimage","url":"https:\/\/adchem.al\/wp-content\/uploads\/2023\/06\/l-1.png","contentUrl":"https:\/\/adchem.al\/wp-content\/uploads\/2023\/06\/l-1.png","width":698,"height":305},{"@type":"BreadcrumbList","@id":"https:\/\/adchem.al\/water-treatmens\/caustic-soda-pearl\/#breadcrumb","itemListElement":[{"@type":"ListItem","position":1,"name":"Home","item":"https:\/\/adchem.al\/"},{"@type":"ListItem","position":2,"name":"Water Treatmens","item":"https:\/\/adchem.al\/water-treatmens\/"},{"@type":"ListItem","position":3,"name":"Caustic Soda Pearl"}]},{"@type":"WebSite","@id":"https:\/\/adchem.al\/#website","url":"https:\/\/adchem.al\/","name":"Albania Distribution Chemicals","description":"&quot;Excellence in Chemical Distribution&quot;","publisher":{"@id":"https:\/\/adchem.al\/#organization"},"alternateName":"ADC","potentialAction":[{"@type":"SearchAction","target":{"@type":"EntryPoint","urlTemplate":"https:\/\/adchem.al\/?s={search_term_string}"},"query-input":{"@type":"PropertyValueSpecification","valueRequired":true,"valueName":"search_term_string"}}],"inLanguage":"sq"},{"@type":"Organization","@id":"https:\/\/adchem.al\/#organization","name":"Albania Distribution Chemicals","alternateName":"ADC","url":"https:\/\/adchem.al\/","logo":{"@type":"ImageObject","inLanguage":"sq","@id":"https:\/\/adchem.al\/#\/schema\/logo\/image\/","url":"https:\/\/adchem.al\/wp-content\/uploads\/2022\/09\/Albania-Distribution-Chemicals-Logo-01.png","contentUrl":"https:\/\/adchem.al\/wp-content\/uploads\/2022\/09\/Albania-Distribution-Chemicals-Logo-01.png","width":308,"height":104,"caption":"Albania Distribution Chemicals"},"image":{"@id":"https:\/\/adchem.al\/#\/schema\/logo\/image\/"},"sameAs":["https:\/\/www.facebook.com\/albaniadistributionchem\/?ref=py_c","https:\/\/www.instagram.com\/albania_distribution_chemicals\/"]}]}},"_links":{"self":[{"href":"https:\/\/adchem.al\/al\/wp-json\/wp\/v2\/pages\/988283","targetHints":{"allow":["GET"]}}],"collection":[{"href":"https:\/\/adchem.al\/al\/wp-json\/wp\/v2\/pages"}],"about":[{"href":"https:\/\/adchem.al\/al\/wp-json\/wp\/v2\/types\/page"}],"author":[{"embeddable":true,"href":"https:\/\/adchem.al\/al\/wp-json\/wp\/v2\/users\/2"}],"replies":[{"embeddable":true,"href":"https:\/\/adchem.al\/al\/wp-json\/wp\/v2\/comments?post=988283"}],"version-history":[{"count":10,"href":"https:\/\/adchem.al\/al\/wp-json\/wp\/v2\/pages\/988283\/revisions"}],"predecessor-version":[{"id":989226,"href":"https:\/\/adchem.al\/al\/wp-json\/wp\/v2\/pages\/988283\/revisions\/989226"}],"up":[{"embeddable":true,"href":"https:\/\/adchem.al\/al\/wp-json\/wp\/v2\/pages\/988231"}],"wp:featuredmedia":[{"embeddable":true,"href":"https:\/\/adchem.al\/al\/wp-json\/wp\/v2\/media\/988274"}],"wp:attachment":[{"href":"https:\/\/adchem.al\/al\/wp-json\/wp\/v2\/media?parent=988283"}],"curies":[{"name":"wp","href":"https:\/\/api.w.org\/{rel}","templated":true}]}}