{"id":988273,"date":"2023-06-24T21:12:26","date_gmt":"2023-06-24T21:12:26","guid":{"rendered":"https:\/\/adchem.al\/?page_id=988273"},"modified":"2023-06-27T21:21:08","modified_gmt":"2023-06-27T21:21:08","slug":"caustic-soda-liquid","status":"publish","type":"page","link":"https:\/\/adchem.al\/al\/water-treatmens\/caustic-soda-liquid\/","title":{"rendered":"Sod\u00eb Kaustike L\u00ebng"},"content":{"rendered":"<div data-elementor-type=\"wp-page\" data-elementor-id=\"988273\" class=\"elementor elementor-988273\" data-elementor-post-type=\"page\">\n\t\t\t\t\t\t<section class=\"elementor-section elementor-top-section elementor-element elementor-element-37858afc elementor-section-full_width elementor-section-height-default elementor-section-height-default\" data-id=\"37858afc\" data-element_type=\"section\" data-e-type=\"section\">\n\t\t\t\t\t\t<div class=\"elementor-container elementor-column-gap-no\">\n\t\t\t\t\t<div class=\"elementor-column elementor-col-100 elementor-top-column elementor-element elementor-element-60bb79bd\" data-id=\"60bb79bd\" data-element_type=\"column\" data-e-type=\"column\">\n\t\t\t<div class=\"elementor-widget-wrap elementor-element-populated\">\n\t\t\t\t\t\t<div class=\"vamtam-has-theme-widget-styles elementor-element elementor-element-86d4d6c elementor-widget elementor-widget-image\" data-id=\"86d4d6c\" data-element_type=\"widget\" data-e-type=\"widget\" data-widget_type=\"image.default\">\n\t\t\t\t<div class=\"elementor-widget-container\">\n\t\t\t\t\t\t\t\t\t<div class=\"elementor-image\">\n\t\t\t\t\t\t\t\t\t\t\t\t\t\t\t\t<figure class=\"wp-caption\">\n\t\t\t\t\t\t\t\t\t\t\t\t\t\t\t\t<img fetchpriority=\"high\" width=\"698\" height=\"305\" src=\"https:\/\/adchem.al\/wp-content\/uploads\/2023\/06\/l-1.png\" class=\"attachment-full size-full wp-image-988274\" alt=\"\" decoding=\"async\" srcset=\"https:\/\/adchem.al\/wp-content\/uploads\/2023\/06\/l-1.png 698w, https:\/\/adchem.al\/wp-content\/uploads\/2023\/06\/l-1-300x131.png 300w\" sizes=\"(max-width: 698px) 100vw, 698px\" \/>\t\t\t\t\t\t\t\t\t\t\t\t\t\t\t\t\t<figcaption class=\"widget-image-caption wp-caption-text\">Albania Distribution Chemicals<\/figcaption>\n\t\t\t\t\t\t\t\t\t\t\t\t\t\t\t\t<\/figure>\n\t\t\t\t\t\t\t\t\t\t\t\t\t\t<\/div>\n\t\t\t\t\t\t\t\t<\/div>\n\t\t\t\t<\/div>\n\t\t\t\t<div class=\"elementor-element elementor-element-61992a9a elementor-widget elementor-widget-text-editor\" data-id=\"61992a9a\" data-element_type=\"widget\" data-e-type=\"widget\" data-widget_type=\"text-editor.default\">\n\t\t\t\t<div class=\"elementor-widget-container\">\n\t\t\t\t\t\t\t\t\t<div class=\"woocommerce-product-details__short-description\"><div class=\"woocommerce-product-details__short-description\"><div id=\"content\" class=\"site-content\"><div class=\"stm-products-catalog\"><div class=\"container\"><div class=\"row\"><div class=\"col-md-12 man_main_sidebar\"><div class=\"content-area\"><div id=\"product-2262\" class=\"product type-product post-2262 status-publish first instock product_cat-swimming-pools-water-treatments product_tag-water-treatment has-post-thumbnail shipping-taxable product-type-simple\"><div class=\"woocommerce-tabs wc-tabs-wrapper\"><div id=\"tab-description\" class=\"woocommerce-Tabs-panel woocommerce-Tabs-panel--description panel entry-content wc-tab\" role=\"tabpanel\" aria-labelledby=\"tab-title-description\"><p><strong>Produkti: Sod Kaustike L\u00ebng<\/strong><\/p><p><strong>Formula Kimike: NaOH<\/strong><\/p><p><strong>Informacion rreth produktit:<\/strong><\/p><p>\u2013 Soda kaustike, e njohur gjithashtu si hidroksid natriumi, \u00ebsht\u00eb nj\u00eb p\u00ebrb\u00ebrje kimike shum\u00eb g\u00ebrryese dhe fort alkaline.<br \/>\u2013 \u00cbsht\u00eb zakonisht i disponuesh\u00ebm n\u00eb form\u00ebn e nj\u00eb l\u00ebngu t\u00eb past\u00ebr, pa ngjyr\u00eb me nj\u00eb struktur\u00eb t\u00eb rr\u00ebshqitshme.<br \/>\u2013 Soda kaustike \u00ebsht\u00eb shum\u00eb e tretshme n\u00eb uj\u00eb dhe gjeneron nj\u00eb sasi t\u00eb madhe nxeht\u00ebsie kur p\u00ebrzihet me uj\u00eb.<br \/>\u2013 \u00cbsht\u00eb nj\u00eb kimikat thelb\u00ebsor industrial me nj\u00eb gam\u00eb t\u00eb gjer\u00eb aplikimesh n\u00eb sektor\u00eb t\u00eb ndrysh\u00ebm.<\/p><p><strong>Informacion p\u00ebr sektorin e p\u00ebrdorimit t\u00eb produktit:<\/strong><\/p><p>1. Prodhim kimik:<br \/>\u2013 Soda kaustike p\u00ebrdoret gjer\u00ebsisht si l\u00ebnd\u00eb e par\u00eb kryesore n\u00eb prodhimin e kimikateve t\u00eb ndryshme, duke p\u00ebrfshir\u00eb detergjent\u00ebt, sapun\u00ebt, ngjyrat, tekstilet dhe produktet e letr\u00ebs.<\/p><p>2. Trajtimi i ujit:<br \/>\u2013 Produkti p\u00ebrdoret n\u00eb proceset e trajtimit t\u00eb ujit p\u00ebr t\u00eb rregulluar nivelet e pH dhe p\u00ebr t\u00eb neutralizuar substancat acidike ose g\u00ebrryese. Ndihmon n\u00eb pastrimin e ujit p\u00ebr q\u00ebllime t\u00eb pijshme ose industriale.<\/p><p>3. Industria e naft\u00ebs:<br \/>\u2013 Soda kaustike luan nj\u00eb rol vendimtar n\u00eb industrin\u00eb e naft\u00ebs p\u00ebr rafinimin e produkteve t\u00eb naft\u00ebs, si benzina, nafta dhe lubrifikant\u00ebt. Ndihmon n\u00eb largimin e papast\u00ebrtive dhe neutralizimin e p\u00ebrb\u00ebr\u00ebsve acid\u00eb.<\/p><p>4. Prodhimi i aluminit:<br \/>\u2013 N\u00eb prodhimin e aluminit (pararend\u00ebs i aluminit), soda kaustike p\u00ebrdoret p\u00ebr t\u00eb tretur mineralin e boksitit dhe p\u00ebr ta ndar\u00eb at\u00eb n\u00eb alumin dhe p\u00ebrb\u00ebr\u00ebs t\u00eb tjer\u00eb n\u00ebp\u00ebrmjet nj\u00eb procesi t\u00eb quajtur procesi Bayer.<\/p><p>5. Industria e pulp\u00ebs dhe letr\u00ebs:<br \/>\u2013 Soda kaustike p\u00ebrdoret n\u00eb industrin\u00eb e pulp\u00ebs dhe letr\u00ebs p\u00ebr q\u00ebllime t\u00eb ndryshme, duke p\u00ebrfshir\u00eb delinifikimin e pulp\u00ebs s\u00eb drurit, zbardhjen e letr\u00ebs dhe rregullimin e pH n\u00eb prodhimin e letr\u00ebs dhe kartonit.<\/p><p>6. Industria e tekstilit:<br \/>\u2013 Produkti p\u00ebrdoret n\u00eb industrin\u00eb e tekstilit p\u00ebr mercerizimin e fibrave t\u00eb pambukut, nj\u00eb proces q\u00eb u jep forc\u00eb dhe shk\u00eblqim fibrave dhe p\u00ebrmir\u00ebson thithjen e boj\u00ebs.<\/p><p>7. Prodhimi i sapunit dhe detergjentit:<br \/>\u2013 Soda kaustike \u00ebsht\u00eb nj\u00eb p\u00ebrb\u00ebr\u00ebs ky\u00e7 n\u00eb prodhimin e sapun\u00ebve dhe detergjenteve. Ndihmon n\u00eb saponifikimin, nj\u00eb proces q\u00eb shnd\u00ebrron yndyrat ose vajrat n\u00eb sapun.<\/p><p>8. P\u00ebrpunimi i ushqimit:<br \/>\u2013 N\u00eb disa aplikacione t\u00eb p\u00ebrpunimit t\u00eb ushqimit, soda kaustike p\u00ebrdoret p\u00ebr pastrimin dhe dezinfektimin e pajisjeve, ve\u00e7an\u00ebrisht n\u00eb industrin\u00eb e qum\u00ebshtit dhe pijeve. Ndihmon n\u00eb heqjen e mbetjeve organike dhe dezinfektimin e sip\u00ebrfaqeve.<\/p><p>9. Industria minerare:<br \/>\u2013 Soda kaustike p\u00ebrdoret n\u00eb industrin\u00eb e minierave p\u00ebr aplikime t\u00eb ndryshme, duke p\u00ebrfshir\u00eb flotimin e mineraleve, rregullimin e pH n\u00eb p\u00ebrpunimin e xeheve dhe nxjerrjen e disa metaleve nga xehet.<\/p><p>10. Farmaceutik\u00eb dhe kozmetik\u00eb:<br \/>\u2013 Produkti gjen p\u00ebrdorim t\u00eb kufizuar n\u00eb industrin\u00eb farmaceutike dhe kozmetike p\u00ebr rregullimin e pH, formulimin dhe prodhimin e kimikateve ose produkteve specifike.<\/p><p>L\u00ebngu i sod\u00ebs kaustike \u00ebsht\u00eb nj\u00eb p\u00ebrb\u00ebrje kimike shum\u00eb e gjithanshme dhe e p\u00ebrdorur gjer\u00ebsisht me aplikime t\u00eb r\u00ebnd\u00ebsishme industriale. \u00cbsht\u00eb e r\u00ebnd\u00ebsishme ta trajtoni at\u00eb me kujdes p\u00ebr shkak t\u00eb natyr\u00ebs s\u00eb tij g\u00ebrryese dhe t\u00eb siguroheni q\u00eb masat e duhura t\u00eb siguris\u00eb jan\u00eb vendosur gjat\u00eb ruajtjes, transportit dhe p\u00ebrdorimit. Aplikimi i sakt\u00eb dhe p\u00ebrqendrimi i sod\u00ebs kaustike mund t\u00eb ndryshoj\u00eb n\u00eb baz\u00eb t\u00eb k\u00ebrkesave dhe rregulloreve specifike t\u00eb industris\u00eb.<\/p><\/div><\/div><\/div><\/div><\/div><\/div><\/div><\/div><\/div><\/div><\/div>\t\t\t\t\t\t\t\t<\/div>\n\t\t\t\t<\/div>\n\t\t\t\t<section class=\"elementor-section elementor-inner-section elementor-element elementor-element-17406ef elementor-section-boxed elementor-section-height-default elementor-section-height-default\" data-id=\"17406ef\" data-element_type=\"section\" data-e-type=\"section\" data-settings=\"{&quot;background_background&quot;:&quot;classic&quot;}\">\n\t\t\t\t\t\t<div class=\"elementor-container elementor-column-gap-no\">\n\t\t\t\t\t<div class=\"elementor-column elementor-col-100 elementor-inner-column elementor-element elementor-element-8cf28c8\" data-id=\"8cf28c8\" data-element_type=\"column\" data-e-type=\"column\">\n\t\t\t<div class=\"elementor-widget-wrap elementor-element-populated\">\n\t\t\t\t\t\t<div class=\"elementor-element elementor-element-341f3f5 elementor-view-default elementor-widget elementor-widget-icon\" data-id=\"341f3f5\" data-element_type=\"widget\" data-e-type=\"widget\" data-widget_type=\"icon.default\">\n\t\t\t\t<div class=\"elementor-widget-container\">\n\t\t\t\t\t\t\t<div class=\"elementor-icon-wrapper\">\n\t\t\t<div class=\"elementor-icon\">\n\t\t\t<i aria-hidden=\"true\" class=\"vamtamtheme- vamtam-theme-quote-start\"><\/i>\t\t\t<\/div>\n\t\t<\/div>\n\t\t\t\t\t\t<\/div>\n\t\t\t\t<\/div>\n\t\t\t\t<div class=\"elementor-element elementor-element-679701b elementor-widget elementor-widget-text-editor\" data-id=\"679701b\" data-element_type=\"widget\" data-e-type=\"widget\" data-widget_type=\"text-editor.default\">\n\t\t\t\t<div class=\"elementor-widget-container\">\n\t\t\t\t\t\t\t\t\t<p>\"P\u00ebr \u00e7do informacion, shkruani n\u00eb WhatsApp: Gjith\u00e7ka q\u00eb ju nevojitet, n\u00eb koh\u00eb reale, n\u00eb nj\u00eb mesazh. Na kontaktoni dhe jemi gati t\u00eb ju ndihmojm\u00eb.\"<\/p>\t\t\t\t\t\t\t\t<\/div>\n\t\t\t\t<\/div>\n\t\t\t\t<div class=\"elementor-element elementor-element-3ab786d elementor-widget-divider--view-line elementor-widget elementor-widget-divider\" data-id=\"3ab786d\" data-element_type=\"widget\" data-e-type=\"widget\" data-widget_type=\"divider.default\">\n\t\t\t\t<div class=\"elementor-widget-container\">\n\t\t\t\t\t\t\t<div class=\"elementor-divider\">\n\t\t\t<span class=\"elementor-divider-separator\">\n\t\t\t\t\t\t<\/span>\n\t\t<\/div>\n\t\t\t\t\t\t<\/div>\n\t\t\t\t<\/div>\n\t\t\t\t<div class=\"vamtam-has-theme-widget-styles elementor-element elementor-element-7fea1a4 elementor-widget__width-auto vamtam-has-underline-anim elementor-widget elementor-widget-button\" data-id=\"7fea1a4\" data-element_type=\"widget\" data-e-type=\"widget\" data-widget_type=\"button.default\">\n\t\t\t\t<div class=\"elementor-widget-container\">\n\t\t\t\t\t\t\t\t\t<div class=\"elementor-button-wrapper\">\n\t\t\t\t\t<a class=\"elementor-button elementor-button-link elementor-size-md\" href=\"https:\/\/wa.me\/355694000260\">\n\t\t\t\t\t\t<span class=\"elementor-button-content-wrapper\">\n\t\t\t\t\t\t<span class=\"elementor-button-icon\">\n\t\t\t\t<i aria-hidden=\"true\" class=\"vamtamtheme- vamtam-theme-icon-arrow-right-top\"><\/i>\t\t\t<\/span>\n\t\t\t\t\t\t\t\t\t<span class=\"elementor-button-text\">Kontaktoni WhatsApp<\/span>\n\t\t\t\t\t<\/span>\n\t\t\t\t\t<\/a>\n\t\t\t\t<\/div>\n\t\t\t\t\t\t\t\t<\/div>\n\t\t\t\t<\/div>\n\t\t\t\t<div class=\"elementor-element elementor-element-0775968 elementor-widget__width-auto elementor-widget elementor-widget-heading\" data-id=\"0775968\" data-element_type=\"widget\" data-e-type=\"widget\" data-widget_type=\"heading.default\">\n\t\t\t\t<div class=\"elementor-widget-container\">\n\t\t\t\t\t<span class=\"elementor-heading-title elementor-size-default\">Albania Distribution Chemicals\n<\/span>\t\t\t\t<\/div>\n\t\t\t\t<\/div>\n\t\t\t\t\t<\/div>\n\t\t<\/div>\n\t\t\t\t\t<\/div>\n\t\t<\/section>\n\t\t\t\t\t<\/div>\n\t\t<\/div>\n\t\t\t\t\t<\/div>\n\t\t<\/section>\n\t\t\t\t<section class=\"elementor-section elementor-top-section elementor-element elementor-element-b3fd502 elementor-section-boxed elementor-section-height-default elementor-section-height-default\" data-id=\"b3fd502\" data-element_type=\"section\" data-e-type=\"section\">\n\t\t\t\t\t\t<div class=\"elementor-container elementor-column-gap-default\">\n\t\t\t\t\t<div class=\"elementor-column elementor-col-100 elementor-top-column elementor-element elementor-element-a879885\" data-id=\"a879885\" data-element_type=\"column\" data-e-type=\"column\">\n\t\t\t<div class=\"elementor-widget-wrap elementor-element-populated\">\n\t\t\t\t\t\t<div class=\"elementor-element elementor-element-4a3fe1c elementor-widget elementor-widget-spacer\" data-id=\"4a3fe1c\" data-element_type=\"widget\" data-e-type=\"widget\" data-widget_type=\"spacer.default\">\n\t\t\t\t<div class=\"elementor-widget-container\">\n\t\t\t\t\t\t\t<div class=\"elementor-spacer\">\n\t\t\t<div class=\"elementor-spacer-inner\"><\/div>\n\t\t<\/div>\n\t\t\t\t\t\t<\/div>\n\t\t\t\t<\/div>\n\t\t\t\t<div class=\"vamtam-has-theme-widget-styles elementor-element elementor-element-feed2fe elementor-widget elementor-widget-image\" data-id=\"feed2fe\" data-element_type=\"widget\" data-e-type=\"widget\" data-widget_type=\"image.default\">\n\t\t\t\t<div class=\"elementor-widget-container\">\n\t\t\t\t\t\t\t\t\t<div class=\"elementor-image\">\n\t\t\t\t\t\t\t\t\t\t\t\t\t\t\t\t\t\t\t\t\t<img width=\"8000\" height=\"1355\" src=\"https:\/\/adchem.al\/wp-content\/uploads\/2023\/06\/baner-albania-distribution-chemicals-01.png\" class=\"attachment-full size-full wp-image-987764\" alt=\"\" decoding=\"async\" srcset=\"https:\/\/adchem.al\/wp-content\/uploads\/2023\/06\/baner-albania-distribution-chemicals-01.png 8000w, https:\/\/adchem.al\/wp-content\/uploads\/2023\/06\/baner-albania-distribution-chemicals-01-300x51.png 300w, https:\/\/adchem.al\/wp-content\/uploads\/2023\/06\/baner-albania-distribution-chemicals-01-1024x173.png 1024w, https:\/\/adchem.al\/wp-content\/uploads\/2023\/06\/baner-albania-distribution-chemicals-01-768x130.png 768w, https:\/\/adchem.al\/wp-content\/uploads\/2023\/06\/baner-albania-distribution-chemicals-01-1536x260.png 1536w, https:\/\/adchem.al\/wp-content\/uploads\/2023\/06\/baner-albania-distribution-chemicals-01-2048x347.png 2048w\" sizes=\"(max-width: 8000px) 100vw, 8000px\" \/>\t\t\t\t\t\t\t\t\t\t\t\t\t\t\t\t\t\t\t\t\t\t\t\t<\/div>\n\t\t\t\t\t\t\t\t<\/div>\n\t\t\t\t<\/div>\n\t\t\t\t\t<\/div>\n\t\t<\/div>\n\t\t\t\t\t<\/div>\n\t\t<\/section>\n\t\t\t\t<\/div>","protected":false},"excerpt":{"rendered":"<p>Produkti: Sod Kaustike L\u00ebng<\/p>\n<p>Formula Kimike: NaOH<\/p>\n<p>Informacion rreth produktit:<\/p>\n<p>\u2013 Soda kaustike, e njohur gjithashtu si hidroksid natriumi, \u00ebsht\u00eb nj\u00eb p\u00ebrb\u00ebrje kimike shum\u00eb g\u00ebrryese dhe fort alkaline.<br \/>\n\u2013 \u00cbsht\u00eb zakonisht i disponuesh\u00ebm n\u00eb form\u00ebn e nj\u00eb l\u00ebngu t\u00eb past\u00ebr, pa ngjyr\u00eb me nj\u00eb struktur\u00eb t\u00eb rr\u00ebshqitshme.<br \/>\n\u2013 Soda kaustike \u00ebsht\u00eb shum\u00eb e tretshme n\u00eb uj\u00eb dhe gjeneron nj\u00eb sasi t\u00eb madhe nxeht\u00ebsie kur p\u00ebrzihet me uj\u00eb.<br \/>\n\u2013 \u00cbsht\u00eb nj\u00eb kimikat thelb\u00ebsor industrial me nj\u00eb gam\u00eb t\u00eb gjer\u00eb aplikimesh n\u00eb sektor\u00eb t\u00eb ndrysh\u00ebm.<\/p>","protected":false},"author":2,"featured_media":988274,"parent":988231,"menu_order":0,"comment_status":"closed","ping_status":"closed","template":"","meta":{"inline_featured_image":false,"footnotes":""},"class_list":["post-988273","page","type-page","status-publish","has-post-thumbnail","hentry"],"yoast_head":"<!-- This site is optimized with the Yoast SEO plugin v27.4 - https:\/\/yoast.com\/product\/yoast-seo-wordpress\/ -->\n<title>Caustic Soda Liquid | Albania Distribution Chemicals<\/title>\n<meta name=\"robots\" content=\"index, follow, max-snippet:-1, max-image-preview:large, max-video-preview:-1\" \/>\n<link rel=\"canonical\" href=\"https:\/\/adchem.al\/al\/water-treatmens\/caustic-soda-liquid\/\" \/>\n<meta property=\"og:locale\" content=\"sq_AL\" \/>\n<meta property=\"og:type\" content=\"article\" \/>\n<meta property=\"og:title\" content=\"Caustic Soda Liquid | Albania Distribution Chemicals\" \/>\n<meta property=\"og:description\" content=\"Product: Caustic Soda Liquid Chemical Formula: NaOH Information about the product: - Caustic soda, also known as sodium hydroxide, is a highly corrosive and strongly alkaline chemical compound. - It is commonly available in the form of a clear, colorless liquid with a slippery texture. - Caustic soda is highly soluble in water and generates a large amount of heat when mixed with water. - It is an essential industrial chemical with a wide range of applications across various sectors.\" \/>\n<meta property=\"og:url\" content=\"https:\/\/adchem.al\/al\/water-treatmens\/caustic-soda-liquid\/\" \/>\n<meta property=\"og:site_name\" content=\"Albania Distribution Chemicals\" \/>\n<meta property=\"article:publisher\" content=\"https:\/\/www.facebook.com\/albaniadistributionchem\/?ref=py_c\" \/>\n<meta property=\"article:modified_time\" content=\"2023-06-27T21:21:08+00:00\" \/>\n<meta property=\"og:image\" content=\"https:\/\/adchem.al\/wp-content\/uploads\/2023\/06\/l-1.png\" \/>\n\t<meta property=\"og:image:width\" content=\"698\" \/>\n\t<meta property=\"og:image:height\" content=\"305\" \/>\n\t<meta property=\"og:image:type\" content=\"image\/png\" \/>\n<meta name=\"twitter:card\" content=\"summary_large_image\" \/>\n<script type=\"application\/ld+json\" class=\"yoast-schema-graph\">{\"@context\":\"https:\\\/\\\/schema.org\",\"@graph\":[{\"@type\":\"WebPage\",\"@id\":\"https:\\\/\\\/adchem.al\\\/water-treatmens\\\/caustic-soda-liquid\\\/\",\"url\":\"https:\\\/\\\/adchem.al\\\/water-treatmens\\\/caustic-soda-liquid\\\/\",\"name\":\"Caustic Soda Liquid | Albania Distribution Chemicals\",\"isPartOf\":{\"@id\":\"https:\\\/\\\/adchem.al\\\/#website\"},\"primaryImageOfPage\":{\"@id\":\"https:\\\/\\\/adchem.al\\\/water-treatmens\\\/caustic-soda-liquid\\\/#primaryimage\"},\"image\":{\"@id\":\"https:\\\/\\\/adchem.al\\\/water-treatmens\\\/caustic-soda-liquid\\\/#primaryimage\"},\"thumbnailUrl\":\"https:\\\/\\\/adchem.al\\\/wp-content\\\/uploads\\\/2023\\\/06\\\/l-1.png\",\"datePublished\":\"2023-06-24T21:12:26+00:00\",\"dateModified\":\"2023-06-27T21:21:08+00:00\",\"breadcrumb\":{\"@id\":\"https:\\\/\\\/adchem.al\\\/water-treatmens\\\/caustic-soda-liquid\\\/#breadcrumb\"},\"inLanguage\":\"sq\",\"potentialAction\":[{\"@type\":\"ReadAction\",\"target\":[\"https:\\\/\\\/adchem.al\\\/water-treatmens\\\/caustic-soda-liquid\\\/\"]}]},{\"@type\":\"ImageObject\",\"inLanguage\":\"sq\",\"@id\":\"https:\\\/\\\/adchem.al\\\/water-treatmens\\\/caustic-soda-liquid\\\/#primaryimage\",\"url\":\"https:\\\/\\\/adchem.al\\\/wp-content\\\/uploads\\\/2023\\\/06\\\/l-1.png\",\"contentUrl\":\"https:\\\/\\\/adchem.al\\\/wp-content\\\/uploads\\\/2023\\\/06\\\/l-1.png\",\"width\":698,\"height\":305},{\"@type\":\"BreadcrumbList\",\"@id\":\"https:\\\/\\\/adchem.al\\\/water-treatmens\\\/caustic-soda-liquid\\\/#breadcrumb\",\"itemListElement\":[{\"@type\":\"ListItem\",\"position\":1,\"name\":\"Home\",\"item\":\"https:\\\/\\\/adchem.al\\\/\"},{\"@type\":\"ListItem\",\"position\":2,\"name\":\"Water Treatmens\",\"item\":\"https:\\\/\\\/adchem.al\\\/water-treatmens\\\/\"},{\"@type\":\"ListItem\",\"position\":3,\"name\":\"Caustic Soda Liquid\"}]},{\"@type\":\"WebSite\",\"@id\":\"https:\\\/\\\/adchem.al\\\/#website\",\"url\":\"https:\\\/\\\/adchem.al\\\/\",\"name\":\"Albania Distribution Chemicals\",\"description\":\"&quot;Excellence in Chemical Distribution&quot;\",\"publisher\":{\"@id\":\"https:\\\/\\\/adchem.al\\\/#organization\"},\"alternateName\":\"ADC\",\"potentialAction\":[{\"@type\":\"SearchAction\",\"target\":{\"@type\":\"EntryPoint\",\"urlTemplate\":\"https:\\\/\\\/adchem.al\\\/?s={search_term_string}\"},\"query-input\":{\"@type\":\"PropertyValueSpecification\",\"valueRequired\":true,\"valueName\":\"search_term_string\"}}],\"inLanguage\":\"sq\"},{\"@type\":\"Organization\",\"@id\":\"https:\\\/\\\/adchem.al\\\/#organization\",\"name\":\"Albania Distribution Chemicals\",\"alternateName\":\"ADC\",\"url\":\"https:\\\/\\\/adchem.al\\\/\",\"logo\":{\"@type\":\"ImageObject\",\"inLanguage\":\"sq\",\"@id\":\"https:\\\/\\\/adchem.al\\\/#\\\/schema\\\/logo\\\/image\\\/\",\"url\":\"https:\\\/\\\/adchem.al\\\/wp-content\\\/uploads\\\/2022\\\/09\\\/Albania-Distribution-Chemicals-Logo-01.png\",\"contentUrl\":\"https:\\\/\\\/adchem.al\\\/wp-content\\\/uploads\\\/2022\\\/09\\\/Albania-Distribution-Chemicals-Logo-01.png\",\"width\":308,\"height\":104,\"caption\":\"Albania Distribution Chemicals\"},\"image\":{\"@id\":\"https:\\\/\\\/adchem.al\\\/#\\\/schema\\\/logo\\\/image\\\/\"},\"sameAs\":[\"https:\\\/\\\/www.facebook.com\\\/albaniadistributionchem\\\/?ref=py_c\",\"https:\\\/\\\/www.instagram.com\\\/albania_distribution_chemicals\\\/\"]}]}<\/script>\n<!-- \/ Yoast SEO plugin. -->","yoast_head_json":{"title":"Caustic Soda Liquid | Albania Distribution Chemicals","robots":{"index":"index","follow":"follow","max-snippet":"max-snippet:-1","max-image-preview":"max-image-preview:large","max-video-preview":"max-video-preview:-1"},"canonical":"https:\/\/adchem.al\/al\/water-treatmens\/caustic-soda-liquid\/","og_locale":"sq_AL","og_type":"article","og_title":"Caustic Soda Liquid | Albania Distribution Chemicals","og_description":"Product: Caustic Soda Liquid Chemical Formula: NaOH Information about the product: - Caustic soda, also known as sodium hydroxide, is a highly corrosive and strongly alkaline chemical compound. - It is commonly available in the form of a clear, colorless liquid with a slippery texture. - Caustic soda is highly soluble in water and generates a large amount of heat when mixed with water. - It is an essential industrial chemical with a wide range of applications across various sectors.","og_url":"https:\/\/adchem.al\/al\/water-treatmens\/caustic-soda-liquid\/","og_site_name":"Albania Distribution Chemicals","article_publisher":"https:\/\/www.facebook.com\/albaniadistributionchem\/?ref=py_c","article_modified_time":"2023-06-27T21:21:08+00:00","og_image":[{"width":698,"height":305,"url":"https:\/\/adchem.al\/wp-content\/uploads\/2023\/06\/l-1.png","type":"image\/png"}],"twitter_card":"summary_large_image","schema":{"@context":"https:\/\/schema.org","@graph":[{"@type":"WebPage","@id":"https:\/\/adchem.al\/water-treatmens\/caustic-soda-liquid\/","url":"https:\/\/adchem.al\/water-treatmens\/caustic-soda-liquid\/","name":"Caustic Soda Liquid | Albania Distribution Chemicals","isPartOf":{"@id":"https:\/\/adchem.al\/#website"},"primaryImageOfPage":{"@id":"https:\/\/adchem.al\/water-treatmens\/caustic-soda-liquid\/#primaryimage"},"image":{"@id":"https:\/\/adchem.al\/water-treatmens\/caustic-soda-liquid\/#primaryimage"},"thumbnailUrl":"https:\/\/adchem.al\/wp-content\/uploads\/2023\/06\/l-1.png","datePublished":"2023-06-24T21:12:26+00:00","dateModified":"2023-06-27T21:21:08+00:00","breadcrumb":{"@id":"https:\/\/adchem.al\/water-treatmens\/caustic-soda-liquid\/#breadcrumb"},"inLanguage":"sq","potentialAction":[{"@type":"ReadAction","target":["https:\/\/adchem.al\/water-treatmens\/caustic-soda-liquid\/"]}]},{"@type":"ImageObject","inLanguage":"sq","@id":"https:\/\/adchem.al\/water-treatmens\/caustic-soda-liquid\/#primaryimage","url":"https:\/\/adchem.al\/wp-content\/uploads\/2023\/06\/l-1.png","contentUrl":"https:\/\/adchem.al\/wp-content\/uploads\/2023\/06\/l-1.png","width":698,"height":305},{"@type":"BreadcrumbList","@id":"https:\/\/adchem.al\/water-treatmens\/caustic-soda-liquid\/#breadcrumb","itemListElement":[{"@type":"ListItem","position":1,"name":"Home","item":"https:\/\/adchem.al\/"},{"@type":"ListItem","position":2,"name":"Water Treatmens","item":"https:\/\/adchem.al\/water-treatmens\/"},{"@type":"ListItem","position":3,"name":"Caustic Soda Liquid"}]},{"@type":"WebSite","@id":"https:\/\/adchem.al\/#website","url":"https:\/\/adchem.al\/","name":"Albania Distribution Chemicals","description":"&quot;Excellence in Chemical Distribution&quot;","publisher":{"@id":"https:\/\/adchem.al\/#organization"},"alternateName":"ADC","potentialAction":[{"@type":"SearchAction","target":{"@type":"EntryPoint","urlTemplate":"https:\/\/adchem.al\/?s={search_term_string}"},"query-input":{"@type":"PropertyValueSpecification","valueRequired":true,"valueName":"search_term_string"}}],"inLanguage":"sq"},{"@type":"Organization","@id":"https:\/\/adchem.al\/#organization","name":"Albania Distribution Chemicals","alternateName":"ADC","url":"https:\/\/adchem.al\/","logo":{"@type":"ImageObject","inLanguage":"sq","@id":"https:\/\/adchem.al\/#\/schema\/logo\/image\/","url":"https:\/\/adchem.al\/wp-content\/uploads\/2022\/09\/Albania-Distribution-Chemicals-Logo-01.png","contentUrl":"https:\/\/adchem.al\/wp-content\/uploads\/2022\/09\/Albania-Distribution-Chemicals-Logo-01.png","width":308,"height":104,"caption":"Albania Distribution Chemicals"},"image":{"@id":"https:\/\/adchem.al\/#\/schema\/logo\/image\/"},"sameAs":["https:\/\/www.facebook.com\/albaniadistributionchem\/?ref=py_c","https:\/\/www.instagram.com\/albania_distribution_chemicals\/"]}]}},"_links":{"self":[{"href":"https:\/\/adchem.al\/al\/wp-json\/wp\/v2\/pages\/988273","targetHints":{"allow":["GET"]}}],"collection":[{"href":"https:\/\/adchem.al\/al\/wp-json\/wp\/v2\/pages"}],"about":[{"href":"https:\/\/adchem.al\/al\/wp-json\/wp\/v2\/types\/page"}],"author":[{"embeddable":true,"href":"https:\/\/adchem.al\/al\/wp-json\/wp\/v2\/users\/2"}],"replies":[{"embeddable":true,"href":"https:\/\/adchem.al\/al\/wp-json\/wp\/v2\/comments?post=988273"}],"version-history":[{"count":13,"href":"https:\/\/adchem.al\/al\/wp-json\/wp\/v2\/pages\/988273\/revisions"}],"predecessor-version":[{"id":989223,"href":"https:\/\/adchem.al\/al\/wp-json\/wp\/v2\/pages\/988273\/revisions\/989223"}],"up":[{"embeddable":true,"href":"https:\/\/adchem.al\/al\/wp-json\/wp\/v2\/pages\/988231"}],"wp:featuredmedia":[{"embeddable":true,"href":"https:\/\/adchem.al\/al\/wp-json\/wp\/v2\/media\/988274"}],"wp:attachment":[{"href":"https:\/\/adchem.al\/al\/wp-json\/wp\/v2\/media?parent=988273"}],"curies":[{"name":"wp","href":"https:\/\/api.w.org\/{rel}","templated":true}]}}