{"id":988262,"date":"2023-06-24T21:04:59","date_gmt":"2023-06-24T21:04:59","guid":{"rendered":"https:\/\/adchem.al\/?page_id=988262"},"modified":"2023-06-27T21:19:26","modified_gmt":"2023-06-27T21:19:26","slug":"calcium-hypochlorite","status":"publish","type":"page","link":"https:\/\/adchem.al\/al\/water-treatmens\/calcium-hypochlorite\/","title":{"rendered":"Hipoklorit i Kalciumit"},"content":{"rendered":"<div data-elementor-type=\"wp-page\" data-elementor-id=\"988262\" class=\"elementor elementor-988262\" data-elementor-post-type=\"page\">\n\t\t\t\t\t\t<section class=\"elementor-section elementor-top-section elementor-element elementor-element-37858afc elementor-section-full_width elementor-section-height-default elementor-section-height-default\" data-id=\"37858afc\" data-element_type=\"section\">\n\t\t\t\t\t\t<div class=\"elementor-container elementor-column-gap-no\">\n\t\t\t\t\t<div class=\"elementor-column elementor-col-100 elementor-top-column elementor-element elementor-element-60bb79bd\" data-id=\"60bb79bd\" data-element_type=\"column\">\n\t\t\t<div class=\"elementor-widget-wrap elementor-element-populated\">\n\t\t\t\t\t\t<div class=\"vamtam-has-theme-widget-styles elementor-element elementor-element-86d4d6c elementor-widget elementor-widget-image\" data-id=\"86d4d6c\" data-element_type=\"widget\" data-widget_type=\"image.default\">\n\t\t\t\t<div class=\"elementor-widget-container\">\n\t\t\t\t\t\t\t\t\t<div class=\"elementor-image\">\n\t\t\t\t\t\t\t\t\t\t\t\t\t\t\t\t<figure class=\"wp-caption\">\n\t\t\t\t\t\t\t\t\t\t\t\t\t\t\t\t<img fetchpriority=\"high\" decoding=\"async\" width=\"545\" height=\"175\" src=\"https:\/\/adchem.al\/wp-content\/uploads\/2023\/06\/Calcium_hypochlorite.png\" class=\"attachment-full size-full wp-image-988263\" alt=\"\" srcset=\"https:\/\/adchem.al\/wp-content\/uploads\/2023\/06\/Calcium_hypochlorite.png 545w, https:\/\/adchem.al\/wp-content\/uploads\/2023\/06\/Calcium_hypochlorite-300x96.png 300w\" sizes=\"(max-width: 545px) 100vw, 545px\" \/>\t\t\t\t\t\t\t\t\t\t\t\t\t\t\t\t\t<figcaption class=\"widget-image-caption wp-caption-text\">Albania Distribution Chemicals<\/figcaption>\n\t\t\t\t\t\t\t\t\t\t\t\t\t\t\t\t<\/figure>\n\t\t\t\t\t\t\t\t\t\t\t\t\t\t<\/div>\n\t\t\t\t\t\t\t\t<\/div>\n\t\t\t\t<\/div>\n\t\t\t\t<div class=\"elementor-element elementor-element-61992a9a elementor-widget elementor-widget-text-editor\" data-id=\"61992a9a\" data-element_type=\"widget\" data-widget_type=\"text-editor.default\">\n\t\t\t\t<div class=\"elementor-widget-container\">\n\t\t\t\t\t\t\t\t\t<div class=\"woocommerce-product-details__short-description\"><div class=\"woocommerce-product-details__short-description\"><div id=\"content\" class=\"site-content\"><div class=\"stm-products-catalog\"><div class=\"container\"><div class=\"row\"><div class=\"col-md-12 man_main_sidebar\"><div class=\"content-area\"><div id=\"product-2262\" class=\"product type-product post-2262 status-publish first instock product_cat-swimming-pools-water-treatments product_tag-water-treatment has-post-thumbnail shipping-taxable product-type-simple\"><div class=\"woocommerce-tabs wc-tabs-wrapper\"><div id=\"tab-description\" class=\"woocommerce-Tabs-panel woocommerce-Tabs-panel--description panel entry-content wc-tab\" role=\"tabpanel\" aria-labelledby=\"tab-title-description\"><p><strong>Produkti: Hipoklorit i kalciumit<\/strong><\/p><p><strong>Formula Kimike: Ca(ClO)2<\/strong><\/p><p><strong>Informacion rreth produktit:<\/strong><\/p><p>\u2013 Hipokloriti i kalciumit \u00ebsht\u00eb nj\u00eb p\u00ebrb\u00ebrje kimike q\u00eb p\u00ebrdoret zakonisht si nj\u00eb dezinfektues dhe dezinfektues i fuqish\u00ebm.<br \/>\u2013 \u00cbsht\u00eb n\u00eb dispozicion n\u00eb form\u00ebn e nj\u00eb l\u00ebnde t\u00eb bardh\u00eb kokrrizore ose pluhur dhe \u00ebsht\u00eb shum\u00eb e tretshme n\u00eb uj\u00eb.<br \/>\u2013 Hipokloriti i kalciumit \u00ebsht\u00eb i njohur p\u00ebr vetit\u00eb e tij t\u00eb forta oksiduese dhe aft\u00ebsin\u00eb p\u00ebr t\u00eb \u00e7liruar gazin e klorit kur shp\u00ebrndahet n\u00eb uj\u00eb.<br \/>\u2013 P\u00ebrdoret gjer\u00ebsisht p\u00ebr q\u00ebllime t\u00eb trajtimit t\u00eb ujit, kanalizimeve dhe dezinfektimit n\u00eb industri dhe aplikime t\u00eb ndryshme.<\/p><p><strong>Informacion p\u00ebr sektorin e p\u00ebrdorimit t\u00eb produktit:<\/strong><\/p><p>1. Trajtimi i ujit:<br \/>\u2013 Hipokloriti i kalciumit p\u00ebrdoret gjer\u00ebsisht n\u00eb impiantet e trajtimit t\u00eb ujit dhe pishinat p\u00ebr q\u00ebllime dezinfektimi. N\u00eb m\u00ebnyr\u00eb efektive vret bakteret, viruset, algat dhe mikroorganizmat e tjer\u00eb t\u00eb d\u00ebmsh\u00ebm, duke e b\u00ebr\u00eb ujin t\u00eb sigurt p\u00ebr konsum ose p\u00ebrdorim rekreativ.<\/p><p>2. Higjiena dhe dezinfektimi:<br \/>\u2013 Produkti p\u00ebrdoret p\u00ebr sanitare dhe dezinfektim n\u00eb ambiente publike, si spitale, shkolla, hotele dhe fabrika t\u00eb p\u00ebrpunimit t\u00eb ushqimit. Ndihmon n\u00eb ruajtjen e kushteve higjienike duke eliminuar n\u00eb m\u00ebnyr\u00eb efektive patogjen\u00ebt dhe duke parandaluar p\u00ebrhapjen e s\u00ebmundjeve.<\/p><p>3. Uj\u00ebsjell\u00ebsi komunal:<br \/>\u2013 Hipokloriti i kalciumit p\u00ebrdoret shpesh n\u00eb trajtimin e furnizimeve me uj\u00eb komunal p\u00ebr t\u00eb siguruar shp\u00ebrndarjen e ujit t\u00eb sigurt dhe t\u00eb pijsh\u00ebm p\u00ebr komunitetet. Ndihmon n\u00eb kontrollin e s\u00ebmundjeve t\u00eb shkaktuara nga uji dhe n\u00eb ruajtjen e cil\u00ebsis\u00eb s\u00eb ujit.<\/p><p>4. Trajtimi i uj\u00ebrave t\u00eb zeza:<br \/>\u2013 N\u00eb impiantet e trajtimit t\u00eb uj\u00ebrave t\u00eb zeza, hipokloriti i kalciumit p\u00ebrdoret p\u00ebr dezinfektimin e ujit t\u00eb rrjedh\u00ebs p\u00ebrpara se t\u00eb shkarkohet p\u00ebrs\u00ebri n\u00eb mjedis. Ndihmon n\u00eb vrasjen e baktereve t\u00eb d\u00ebmshme dhe zvog\u00eblimin e rrezikut t\u00eb kontaminimit.<\/p><p>5. Bujq\u00ebsia dhe Hortikultura:<br \/>\u2013 Hipokloriti i kalciumit p\u00ebrdoret n\u00eb praktikat bujq\u00ebsore dhe hortikultur\u00eb p\u00ebr q\u00ebllime dezinfektimi. P\u00ebrdoret p\u00ebr trajtimin e ujit t\u00eb vaditjes, sterilizimin e mjeteve dhe pajisjeve dhe kontrollin e p\u00ebrhapjes s\u00eb s\u00ebmundjeve t\u00eb bim\u00ebve.<\/p><p>6. P\u00ebrpunimi i ushqimit:<br \/>\u2013 Produkti gjen aplikime n\u00eb industrin\u00eb e p\u00ebrpunimit t\u00eb ushqimit p\u00ebr dezinfektimin e sip\u00ebrfaqeve, pajisjeve dhe en\u00ebve t\u00eb p\u00ebrgatitjes s\u00eb ushqimit. Ndihmon n\u00eb sigurin\u00eb e ushqimit dhe parandalon kontaminimin e kryq\u00ebzuar.<\/p><p>7. Akuakultura:<br \/>\u2013 Hipokloriti i kalciumit p\u00ebrdoret n\u00eb operacionet e akuakultur\u00ebs p\u00ebr t\u00eb dezinfektuar rezervuar\u00ebt, pellgjet dhe pajisjet e peshkut. Ndihmon n\u00eb ruajtjen e cil\u00ebsis\u00eb s\u00eb ujit, kontrollon rritjen e mikroorganizmave t\u00eb d\u00ebmsh\u00ebm dhe promovon sh\u00ebndetin e organizmave ujor\u00eb.<\/p><p>8. Industria e Lavanderis\u00eb dhe Tekstileve:<br \/>\u2013 N\u00eb industrin\u00eb e rrobave dhe tekstilit, hipokloriti i kalciumit p\u00ebrdoret ndonj\u00ebher\u00eb si nj\u00eb agjent zbardhues. Ndihmon n\u00eb heqjen e njollave, zbardhjen e p\u00eblhurave dhe ruajtjen e higjien\u00ebs n\u00eb proceset e larjes.<\/p><p>9. Industria e naft\u00ebs dhe gazit:<br \/>\u2013 Produkti p\u00ebrdoret n\u00eb industrin\u00eb e naft\u00ebs dhe gazit p\u00ebr dezinfektimin dhe mir\u00ebmbajtjen e sistemeve t\u00eb ujit, duke p\u00ebrfshir\u00eb kullat ftoh\u00ebse dhe tubacionet. Ndihmon n\u00eb kontrollin e rritjes s\u00eb mikrobeve dhe n\u00eb parandalimin e biopasurimit.<\/p><p>10. Aplikimet p\u00ebr familje:<br \/>\u2013 Produktet me baz\u00eb hipokloriti kalciumi p\u00ebrdoren n\u00eb sht\u00ebpi p\u00ebr dezinfektimin e sip\u00ebrfaqeve, trajtimin e ujit t\u00eb pijsh\u00ebm dhe ruajtjen e higjien\u00ebs s\u00eb ujit t\u00eb pishin\u00ebs.<\/p><p>Hipokloriti i kalciumit \u00ebsht\u00eb nj\u00eb kimikat i gjithansh\u00ebm i p\u00ebrdorur gjer\u00ebsisht p\u00ebr vetit\u00eb e tij dezinfektuese. Aplikimet e tij shtrihen n\u00eb t\u00eb gjith\u00eb industrit\u00eb q\u00eb k\u00ebrkojn\u00eb dezinfektim efektiv, trajtim t\u00eb ujit dhe parandalim t\u00eb s\u00ebmundjeve. \u00cbsht\u00eb e r\u00ebnd\u00ebsishme q\u00eb t\u00eb trajtohet dhe p\u00ebrdoret hipokloriti i kalciumit n\u00eb m\u00ebnyr\u00eb t\u00eb sigurt, duke ndjekur udh\u00ebzimet e rekomanduara dhe udh\u00ebzimet e dozimit p\u00ebr t\u00eb siguruar dezinfektimin e duhur dhe p\u00ebr t\u00eb minimizuar \u00e7do rrezik t\u00eb mundsh\u00ebm.<\/p><\/div><\/div><\/div><\/div><\/div><\/div><\/div><\/div><\/div><\/div><div class=\"product_meta\">\u00a0<\/div><\/div>\t\t\t\t\t\t\t\t<\/div>\n\t\t\t\t<\/div>\n\t\t\t\t<section class=\"elementor-section elementor-inner-section elementor-element elementor-element-7f5dd2f elementor-section-boxed elementor-section-height-default elementor-section-height-default\" data-id=\"7f5dd2f\" data-element_type=\"section\" data-settings=\"{&quot;background_background&quot;:&quot;classic&quot;}\">\n\t\t\t\t\t\t<div class=\"elementor-container elementor-column-gap-no\">\n\t\t\t\t\t<div class=\"elementor-column elementor-col-100 elementor-inner-column elementor-element elementor-element-f4a4616\" data-id=\"f4a4616\" data-element_type=\"column\">\n\t\t\t<div class=\"elementor-widget-wrap elementor-element-populated\">\n\t\t\t\t\t\t<div class=\"elementor-element elementor-element-689063c elementor-view-default elementor-widget elementor-widget-icon\" data-id=\"689063c\" data-element_type=\"widget\" data-widget_type=\"icon.default\">\n\t\t\t\t<div class=\"elementor-widget-container\">\n\t\t\t\t\t\t\t<div class=\"elementor-icon-wrapper\">\n\t\t\t<div class=\"elementor-icon\">\n\t\t\t<i aria-hidden=\"true\" class=\"vamtamtheme- vamtam-theme-quote-start\"><\/i>\t\t\t<\/div>\n\t\t<\/div>\n\t\t\t\t\t\t<\/div>\n\t\t\t\t<\/div>\n\t\t\t\t<div class=\"elementor-element elementor-element-8dc7d82 elementor-widget elementor-widget-text-editor\" data-id=\"8dc7d82\" data-element_type=\"widget\" data-widget_type=\"text-editor.default\">\n\t\t\t\t<div class=\"elementor-widget-container\">\n\t\t\t\t\t\t\t\t\t<p>\"P\u00ebr \u00e7do informacion, shkruani n\u00eb WhatsApp: Gjith\u00e7ka q\u00eb ju nevojitet, n\u00eb koh\u00eb reale, n\u00eb nj\u00eb mesazh. Na kontaktoni dhe jemi gati t\u00eb ju ndihmojm\u00eb.\"<\/p>\t\t\t\t\t\t\t\t<\/div>\n\t\t\t\t<\/div>\n\t\t\t\t<div class=\"elementor-element elementor-element-eb7a281 elementor-widget-divider--view-line elementor-widget elementor-widget-divider\" data-id=\"eb7a281\" data-element_type=\"widget\" data-widget_type=\"divider.default\">\n\t\t\t\t<div class=\"elementor-widget-container\">\n\t\t\t\t\t\t\t<div class=\"elementor-divider\">\n\t\t\t<span class=\"elementor-divider-separator\">\n\t\t\t\t\t\t<\/span>\n\t\t<\/div>\n\t\t\t\t\t\t<\/div>\n\t\t\t\t<\/div>\n\t\t\t\t<div class=\"vamtam-has-theme-widget-styles elementor-element elementor-element-c64c254 elementor-widget__width-auto vamtam-has-underline-anim elementor-widget elementor-widget-button\" data-id=\"c64c254\" data-element_type=\"widget\" data-widget_type=\"button.default\">\n\t\t\t\t<div class=\"elementor-widget-container\">\n\t\t\t\t\t\t\t\t\t<div class=\"elementor-button-wrapper\">\n\t\t\t\t\t<a class=\"elementor-button elementor-button-link elementor-size-md\" href=\"https:\/\/wa.me\/355694000260\">\n\t\t\t\t\t\t<span class=\"elementor-button-content-wrapper\">\n\t\t\t\t\t\t<span class=\"elementor-button-icon\">\n\t\t\t\t<i aria-hidden=\"true\" class=\"vamtamtheme- vamtam-theme-icon-arrow-right-top\"><\/i>\t\t\t<\/span>\n\t\t\t\t\t\t\t\t\t<span class=\"elementor-button-text\">Kontaktoni WhatsApp<\/span>\n\t\t\t\t\t<\/span>\n\t\t\t\t\t<\/a>\n\t\t\t\t<\/div>\n\t\t\t\t\t\t\t\t<\/div>\n\t\t\t\t<\/div>\n\t\t\t\t<div class=\"elementor-element elementor-element-d3a9a5f elementor-widget__width-auto elementor-widget elementor-widget-heading\" data-id=\"d3a9a5f\" data-element_type=\"widget\" data-widget_type=\"heading.default\">\n\t\t\t\t<div class=\"elementor-widget-container\">\n\t\t\t\t\t<span class=\"elementor-heading-title elementor-size-default\">Albania Distribution Chemicals\n<\/span>\t\t\t\t<\/div>\n\t\t\t\t<\/div>\n\t\t\t\t\t<\/div>\n\t\t<\/div>\n\t\t\t\t\t<\/div>\n\t\t<\/section>\n\t\t\t\t\t<\/div>\n\t\t<\/div>\n\t\t\t\t\t<\/div>\n\t\t<\/section>\n\t\t\t\t<section class=\"elementor-section elementor-top-section elementor-element elementor-element-b3fd502 elementor-section-boxed elementor-section-height-default elementor-section-height-default\" data-id=\"b3fd502\" data-element_type=\"section\">\n\t\t\t\t\t\t<div class=\"elementor-container elementor-column-gap-default\">\n\t\t\t\t\t<div class=\"elementor-column elementor-col-100 elementor-top-column elementor-element elementor-element-a879885\" data-id=\"a879885\" data-element_type=\"column\">\n\t\t\t<div class=\"elementor-widget-wrap elementor-element-populated\">\n\t\t\t\t\t\t<div class=\"elementor-element elementor-element-4a3fe1c elementor-widget elementor-widget-spacer\" data-id=\"4a3fe1c\" data-element_type=\"widget\" data-widget_type=\"spacer.default\">\n\t\t\t\t<div class=\"elementor-widget-container\">\n\t\t\t\t\t\t\t<div class=\"elementor-spacer\">\n\t\t\t<div class=\"elementor-spacer-inner\"><\/div>\n\t\t<\/div>\n\t\t\t\t\t\t<\/div>\n\t\t\t\t<\/div>\n\t\t\t\t<div class=\"vamtam-has-theme-widget-styles elementor-element elementor-element-feed2fe elementor-widget elementor-widget-image\" data-id=\"feed2fe\" data-element_type=\"widget\" data-widget_type=\"image.default\">\n\t\t\t\t<div class=\"elementor-widget-container\">\n\t\t\t\t\t\t\t\t\t<div class=\"elementor-image\">\n\t\t\t\t\t\t\t\t\t\t\t\t\t\t\t\t\t\t\t\t\t<img decoding=\"async\" width=\"8000\" height=\"1355\" src=\"https:\/\/adchem.al\/wp-content\/uploads\/2023\/06\/baner-albania-distribution-chemicals-01.png\" class=\"attachment-full size-full wp-image-987764\" alt=\"\" srcset=\"https:\/\/adchem.al\/wp-content\/uploads\/2023\/06\/baner-albania-distribution-chemicals-01.png 8000w, https:\/\/adchem.al\/wp-content\/uploads\/2023\/06\/baner-albania-distribution-chemicals-01-300x51.png 300w, https:\/\/adchem.al\/wp-content\/uploads\/2023\/06\/baner-albania-distribution-chemicals-01-1024x173.png 1024w, https:\/\/adchem.al\/wp-content\/uploads\/2023\/06\/baner-albania-distribution-chemicals-01-768x130.png 768w, https:\/\/adchem.al\/wp-content\/uploads\/2023\/06\/baner-albania-distribution-chemicals-01-1536x260.png 1536w, https:\/\/adchem.al\/wp-content\/uploads\/2023\/06\/baner-albania-distribution-chemicals-01-2048x347.png 2048w\" sizes=\"(max-width: 8000px) 100vw, 8000px\" \/>\t\t\t\t\t\t\t\t\t\t\t\t\t\t\t\t\t\t\t\t\t\t\t\t<\/div>\n\t\t\t\t\t\t\t\t<\/div>\n\t\t\t\t<\/div>\n\t\t\t\t\t<\/div>\n\t\t<\/div>\n\t\t\t\t\t<\/div>\n\t\t<\/section>\n\t\t\t\t<\/div>","protected":false},"excerpt":{"rendered":"<p>Produkti: Hipoklorit i kalciumit<\/p>\n<p>Formula Kimike: Ca(ClO)2<\/p>\n<p>Informacion rreth produktit:<\/p>\n<p>\u2013 Hipokloriti i kalciumit \u00ebsht\u00eb nj\u00eb p\u00ebrb\u00ebrje kimike q\u00eb p\u00ebrdoret zakonisht si nj\u00eb dezinfektues dhe dezinfektues i fuqish\u00ebm.<br \/>\n\u2013 \u00cbsht\u00eb n\u00eb dispozicion n\u00eb form\u00ebn e nj\u00eb l\u00ebnde t\u00eb bardh\u00eb kokrrizore ose pluhur dhe \u00ebsht\u00eb shum\u00eb e tretshme n\u00eb uj\u00eb.<br \/>\n\u2013 Hipokloriti i kalciumit \u00ebsht\u00eb i njohur p\u00ebr vetit\u00eb e tij t\u00eb forta oksiduese dhe aft\u00ebsin\u00eb p\u00ebr t\u00eb \u00e7liruar gazin e klorit kur shp\u00ebrndahet n\u00eb uj\u00eb.<br \/>\n\u2013 P\u00ebrdoret gjer\u00ebsisht p\u00ebr q\u00ebllime t\u00eb trajtimit t\u00eb ujit, kanalizimeve dhe dezinfektimit n\u00eb industri dhe aplikime t\u00eb ndryshme.<\/p>","protected":false},"author":2,"featured_media":988263,"parent":988231,"menu_order":0,"comment_status":"closed","ping_status":"closed","template":"","meta":{"inline_featured_image":false,"footnotes":""},"class_list":["post-988262","page","type-page","status-publish","has-post-thumbnail","hentry"],"yoast_head":"<!-- This site is optimized with the Yoast SEO plugin v27.4 - https:\/\/yoast.com\/product\/yoast-seo-wordpress\/ -->\n<title>Calcium Hypochlorite | Albania Distribution Chemicals<\/title>\n<meta name=\"robots\" content=\"index, follow, max-snippet:-1, max-image-preview:large, max-video-preview:-1\" \/>\n<link rel=\"canonical\" href=\"https:\/\/adchem.al\/al\/water-treatmens\/calcium-hypochlorite\/\" \/>\n<meta property=\"og:locale\" content=\"sq_AL\" \/>\n<meta property=\"og:type\" content=\"article\" \/>\n<meta property=\"og:title\" content=\"Calcium Hypochlorite | Albania Distribution Chemicals\" \/>\n<meta property=\"og:description\" content=\"Product: Calcium Hypochlorite Chemical Formula: Ca(ClO)2 Information about the product: - Calcium hypochlorite is a chemical compound commonly used as a powerful disinfectant and sanitizer. - It is available in the form of a white granular or powdered substance and is highly soluble in water. - Calcium hypochlorite is known for its strong oxidizing properties and ability to release chlorine gas when dissolved in water. - It is widely used for water treatment, sanitation, and disinfection purposes in various industries and applications.\" \/>\n<meta property=\"og:url\" content=\"https:\/\/adchem.al\/al\/water-treatmens\/calcium-hypochlorite\/\" \/>\n<meta property=\"og:site_name\" content=\"Albania Distribution Chemicals\" \/>\n<meta property=\"article:publisher\" content=\"https:\/\/www.facebook.com\/albaniadistributionchem\/?ref=py_c\" \/>\n<meta property=\"article:modified_time\" content=\"2023-06-27T21:19:26+00:00\" \/>\n<meta property=\"og:image\" content=\"https:\/\/adchem.al\/wp-content\/uploads\/2023\/06\/Calcium_hypochlorite.png\" \/>\n\t<meta property=\"og:image:width\" content=\"545\" \/>\n\t<meta property=\"og:image:height\" content=\"175\" \/>\n\t<meta property=\"og:image:type\" content=\"image\/png\" \/>\n<meta name=\"twitter:card\" content=\"summary_large_image\" \/>\n<script type=\"application\/ld+json\" class=\"yoast-schema-graph\">{\"@context\":\"https:\\\/\\\/schema.org\",\"@graph\":[{\"@type\":\"WebPage\",\"@id\":\"https:\\\/\\\/adchem.al\\\/water-treatmens\\\/calcium-hypochlorite\\\/\",\"url\":\"https:\\\/\\\/adchem.al\\\/water-treatmens\\\/calcium-hypochlorite\\\/\",\"name\":\"Calcium Hypochlorite | Albania Distribution Chemicals\",\"isPartOf\":{\"@id\":\"https:\\\/\\\/adchem.al\\\/#website\"},\"primaryImageOfPage\":{\"@id\":\"https:\\\/\\\/adchem.al\\\/water-treatmens\\\/calcium-hypochlorite\\\/#primaryimage\"},\"image\":{\"@id\":\"https:\\\/\\\/adchem.al\\\/water-treatmens\\\/calcium-hypochlorite\\\/#primaryimage\"},\"thumbnailUrl\":\"https:\\\/\\\/adchem.al\\\/wp-content\\\/uploads\\\/2023\\\/06\\\/Calcium_hypochlorite.png\",\"datePublished\":\"2023-06-24T21:04:59+00:00\",\"dateModified\":\"2023-06-27T21:19:26+00:00\",\"breadcrumb\":{\"@id\":\"https:\\\/\\\/adchem.al\\\/water-treatmens\\\/calcium-hypochlorite\\\/#breadcrumb\"},\"inLanguage\":\"sq\",\"potentialAction\":[{\"@type\":\"ReadAction\",\"target\":[\"https:\\\/\\\/adchem.al\\\/water-treatmens\\\/calcium-hypochlorite\\\/\"]}]},{\"@type\":\"ImageObject\",\"inLanguage\":\"sq\",\"@id\":\"https:\\\/\\\/adchem.al\\\/water-treatmens\\\/calcium-hypochlorite\\\/#primaryimage\",\"url\":\"https:\\\/\\\/adchem.al\\\/wp-content\\\/uploads\\\/2023\\\/06\\\/Calcium_hypochlorite.png\",\"contentUrl\":\"https:\\\/\\\/adchem.al\\\/wp-content\\\/uploads\\\/2023\\\/06\\\/Calcium_hypochlorite.png\",\"width\":545,\"height\":175},{\"@type\":\"BreadcrumbList\",\"@id\":\"https:\\\/\\\/adchem.al\\\/water-treatmens\\\/calcium-hypochlorite\\\/#breadcrumb\",\"itemListElement\":[{\"@type\":\"ListItem\",\"position\":1,\"name\":\"Home\",\"item\":\"https:\\\/\\\/adchem.al\\\/\"},{\"@type\":\"ListItem\",\"position\":2,\"name\":\"Water Treatmens\",\"item\":\"https:\\\/\\\/adchem.al\\\/water-treatmens\\\/\"},{\"@type\":\"ListItem\",\"position\":3,\"name\":\"Calcium Hypochlorite\"}]},{\"@type\":\"WebSite\",\"@id\":\"https:\\\/\\\/adchem.al\\\/#website\",\"url\":\"https:\\\/\\\/adchem.al\\\/\",\"name\":\"Albania Distribution Chemicals\",\"description\":\"&quot;Excellence in Chemical Distribution&quot;\",\"publisher\":{\"@id\":\"https:\\\/\\\/adchem.al\\\/#organization\"},\"alternateName\":\"ADC\",\"potentialAction\":[{\"@type\":\"SearchAction\",\"target\":{\"@type\":\"EntryPoint\",\"urlTemplate\":\"https:\\\/\\\/adchem.al\\\/?s={search_term_string}\"},\"query-input\":{\"@type\":\"PropertyValueSpecification\",\"valueRequired\":true,\"valueName\":\"search_term_string\"}}],\"inLanguage\":\"sq\"},{\"@type\":\"Organization\",\"@id\":\"https:\\\/\\\/adchem.al\\\/#organization\",\"name\":\"Albania Distribution Chemicals\",\"alternateName\":\"ADC\",\"url\":\"https:\\\/\\\/adchem.al\\\/\",\"logo\":{\"@type\":\"ImageObject\",\"inLanguage\":\"sq\",\"@id\":\"https:\\\/\\\/adchem.al\\\/#\\\/schema\\\/logo\\\/image\\\/\",\"url\":\"https:\\\/\\\/adchem.al\\\/wp-content\\\/uploads\\\/2022\\\/09\\\/Albania-Distribution-Chemicals-Logo-01.png\",\"contentUrl\":\"https:\\\/\\\/adchem.al\\\/wp-content\\\/uploads\\\/2022\\\/09\\\/Albania-Distribution-Chemicals-Logo-01.png\",\"width\":308,\"height\":104,\"caption\":\"Albania Distribution Chemicals\"},\"image\":{\"@id\":\"https:\\\/\\\/adchem.al\\\/#\\\/schema\\\/logo\\\/image\\\/\"},\"sameAs\":[\"https:\\\/\\\/www.facebook.com\\\/albaniadistributionchem\\\/?ref=py_c\",\"https:\\\/\\\/www.instagram.com\\\/albania_distribution_chemicals\\\/\"]}]}<\/script>\n<!-- \/ Yoast SEO plugin. -->","yoast_head_json":{"title":"Calcium Hypochlorite | Albania Distribution Chemicals","robots":{"index":"index","follow":"follow","max-snippet":"max-snippet:-1","max-image-preview":"max-image-preview:large","max-video-preview":"max-video-preview:-1"},"canonical":"https:\/\/adchem.al\/al\/water-treatmens\/calcium-hypochlorite\/","og_locale":"sq_AL","og_type":"article","og_title":"Calcium Hypochlorite | Albania Distribution Chemicals","og_description":"Product: Calcium Hypochlorite Chemical Formula: Ca(ClO)2 Information about the product: - Calcium hypochlorite is a chemical compound commonly used as a powerful disinfectant and sanitizer. - It is available in the form of a white granular or powdered substance and is highly soluble in water. - Calcium hypochlorite is known for its strong oxidizing properties and ability to release chlorine gas when dissolved in water. - It is widely used for water treatment, sanitation, and disinfection purposes in various industries and applications.","og_url":"https:\/\/adchem.al\/al\/water-treatmens\/calcium-hypochlorite\/","og_site_name":"Albania Distribution Chemicals","article_publisher":"https:\/\/www.facebook.com\/albaniadistributionchem\/?ref=py_c","article_modified_time":"2023-06-27T21:19:26+00:00","og_image":[{"width":545,"height":175,"url":"https:\/\/adchem.al\/wp-content\/uploads\/2023\/06\/Calcium_hypochlorite.png","type":"image\/png"}],"twitter_card":"summary_large_image","schema":{"@context":"https:\/\/schema.org","@graph":[{"@type":"WebPage","@id":"https:\/\/adchem.al\/water-treatmens\/calcium-hypochlorite\/","url":"https:\/\/adchem.al\/water-treatmens\/calcium-hypochlorite\/","name":"Calcium Hypochlorite | Albania Distribution Chemicals","isPartOf":{"@id":"https:\/\/adchem.al\/#website"},"primaryImageOfPage":{"@id":"https:\/\/adchem.al\/water-treatmens\/calcium-hypochlorite\/#primaryimage"},"image":{"@id":"https:\/\/adchem.al\/water-treatmens\/calcium-hypochlorite\/#primaryimage"},"thumbnailUrl":"https:\/\/adchem.al\/wp-content\/uploads\/2023\/06\/Calcium_hypochlorite.png","datePublished":"2023-06-24T21:04:59+00:00","dateModified":"2023-06-27T21:19:26+00:00","breadcrumb":{"@id":"https:\/\/adchem.al\/water-treatmens\/calcium-hypochlorite\/#breadcrumb"},"inLanguage":"sq","potentialAction":[{"@type":"ReadAction","target":["https:\/\/adchem.al\/water-treatmens\/calcium-hypochlorite\/"]}]},{"@type":"ImageObject","inLanguage":"sq","@id":"https:\/\/adchem.al\/water-treatmens\/calcium-hypochlorite\/#primaryimage","url":"https:\/\/adchem.al\/wp-content\/uploads\/2023\/06\/Calcium_hypochlorite.png","contentUrl":"https:\/\/adchem.al\/wp-content\/uploads\/2023\/06\/Calcium_hypochlorite.png","width":545,"height":175},{"@type":"BreadcrumbList","@id":"https:\/\/adchem.al\/water-treatmens\/calcium-hypochlorite\/#breadcrumb","itemListElement":[{"@type":"ListItem","position":1,"name":"Home","item":"https:\/\/adchem.al\/"},{"@type":"ListItem","position":2,"name":"Water Treatmens","item":"https:\/\/adchem.al\/water-treatmens\/"},{"@type":"ListItem","position":3,"name":"Calcium Hypochlorite"}]},{"@type":"WebSite","@id":"https:\/\/adchem.al\/#website","url":"https:\/\/adchem.al\/","name":"Albania Distribution Chemicals","description":"&quot;Excellence in Chemical Distribution&quot;","publisher":{"@id":"https:\/\/adchem.al\/#organization"},"alternateName":"ADC","potentialAction":[{"@type":"SearchAction","target":{"@type":"EntryPoint","urlTemplate":"https:\/\/adchem.al\/?s={search_term_string}"},"query-input":{"@type":"PropertyValueSpecification","valueRequired":true,"valueName":"search_term_string"}}],"inLanguage":"sq"},{"@type":"Organization","@id":"https:\/\/adchem.al\/#organization","name":"Albania Distribution Chemicals","alternateName":"ADC","url":"https:\/\/adchem.al\/","logo":{"@type":"ImageObject","inLanguage":"sq","@id":"https:\/\/adchem.al\/#\/schema\/logo\/image\/","url":"https:\/\/adchem.al\/wp-content\/uploads\/2022\/09\/Albania-Distribution-Chemicals-Logo-01.png","contentUrl":"https:\/\/adchem.al\/wp-content\/uploads\/2022\/09\/Albania-Distribution-Chemicals-Logo-01.png","width":308,"height":104,"caption":"Albania Distribution Chemicals"},"image":{"@id":"https:\/\/adchem.al\/#\/schema\/logo\/image\/"},"sameAs":["https:\/\/www.facebook.com\/albaniadistributionchem\/?ref=py_c","https:\/\/www.instagram.com\/albania_distribution_chemicals\/"]}]}},"_links":{"self":[{"href":"https:\/\/adchem.al\/al\/wp-json\/wp\/v2\/pages\/988262","targetHints":{"allow":["GET"]}}],"collection":[{"href":"https:\/\/adchem.al\/al\/wp-json\/wp\/v2\/pages"}],"about":[{"href":"https:\/\/adchem.al\/al\/wp-json\/wp\/v2\/types\/page"}],"author":[{"embeddable":true,"href":"https:\/\/adchem.al\/al\/wp-json\/wp\/v2\/users\/2"}],"replies":[{"embeddable":true,"href":"https:\/\/adchem.al\/al\/wp-json\/wp\/v2\/comments?post=988262"}],"version-history":[{"count":13,"href":"https:\/\/adchem.al\/al\/wp-json\/wp\/v2\/pages\/988262\/revisions"}],"predecessor-version":[{"id":989220,"href":"https:\/\/adchem.al\/al\/wp-json\/wp\/v2\/pages\/988262\/revisions\/989220"}],"up":[{"embeddable":true,"href":"https:\/\/adchem.al\/al\/wp-json\/wp\/v2\/pages\/988231"}],"wp:featuredmedia":[{"embeddable":true,"href":"https:\/\/adchem.al\/al\/wp-json\/wp\/v2\/media\/988263"}],"wp:attachment":[{"href":"https:\/\/adchem.al\/al\/wp-json\/wp\/v2\/media?parent=988262"}],"curies":[{"name":"wp","href":"https:\/\/api.w.org\/{rel}","templated":true}]}}