{"id":988255,"date":"2023-06-24T20:58:06","date_gmt":"2023-06-24T20:58:06","guid":{"rendered":"https:\/\/adchem.al\/?page_id=988255"},"modified":"2023-06-27T21:17:48","modified_gmt":"2023-06-27T21:17:48","slug":"antifoam","status":"publish","type":"page","link":"https:\/\/adchem.al\/al\/water-treatmens\/antifoam\/","title":{"rendered":"Antifoam"},"content":{"rendered":"<div data-elementor-type=\"wp-page\" data-elementor-id=\"988255\" class=\"elementor elementor-988255\" data-elementor-post-type=\"page\">\n\t\t\t\t\t\t<section class=\"elementor-section elementor-top-section elementor-element elementor-element-37858afc elementor-section-full_width elementor-section-height-default elementor-section-height-default\" data-id=\"37858afc\" data-element_type=\"section\" data-e-type=\"section\">\n\t\t\t\t\t\t<div class=\"elementor-container elementor-column-gap-no\">\n\t\t\t\t\t<div class=\"elementor-column elementor-col-100 elementor-top-column elementor-element elementor-element-60bb79bd\" data-id=\"60bb79bd\" data-element_type=\"column\" data-e-type=\"column\">\n\t\t\t<div class=\"elementor-widget-wrap elementor-element-populated\">\n\t\t\t\t\t\t<div class=\"vamtam-has-theme-widget-styles elementor-element elementor-element-86d4d6c elementor-widget elementor-widget-image\" data-id=\"86d4d6c\" data-element_type=\"widget\" data-e-type=\"widget\" data-widget_type=\"image.default\">\n\t\t\t\t<div class=\"elementor-widget-container\">\n\t\t\t\t\t\t\t\t\t<div class=\"elementor-image\">\n\t\t\t\t\t\t\t\t\t\t\t\t\t\t\t\t<figure class=\"wp-caption\">\n\t\t\t\t\t\t\t\t\t\t\t\t\t\t\t\t<img fetchpriority=\"high\" width=\"1217\" height=\"532\" src=\"https:\/\/adchem.al\/wp-content\/uploads\/2023\/06\/PmdsStructure.png\" class=\"attachment-full size-full wp-image-988256\" alt=\"\" decoding=\"async\" srcset=\"https:\/\/adchem.al\/wp-content\/uploads\/2023\/06\/PmdsStructure.png 1217w, https:\/\/adchem.al\/wp-content\/uploads\/2023\/06\/PmdsStructure-300x131.png 300w, https:\/\/adchem.al\/wp-content\/uploads\/2023\/06\/PmdsStructure-1024x448.png 1024w, https:\/\/adchem.al\/wp-content\/uploads\/2023\/06\/PmdsStructure-768x336.png 768w\" sizes=\"(max-width: 1217px) 100vw, 1217px\" \/>\t\t\t\t\t\t\t\t\t\t\t\t\t\t\t\t\t<figcaption class=\"widget-image-caption wp-caption-text\">Albania Distribution Chemicals<\/figcaption>\n\t\t\t\t\t\t\t\t\t\t\t\t\t\t\t\t<\/figure>\n\t\t\t\t\t\t\t\t\t\t\t\t\t\t<\/div>\n\t\t\t\t\t\t\t\t<\/div>\n\t\t\t\t<\/div>\n\t\t\t\t<div class=\"elementor-element elementor-element-61992a9a elementor-widget elementor-widget-text-editor\" data-id=\"61992a9a\" data-element_type=\"widget\" data-e-type=\"widget\" data-widget_type=\"text-editor.default\">\n\t\t\t\t<div class=\"elementor-widget-container\">\n\t\t\t\t\t\t\t\t\t<div class=\"woocommerce-product-details__short-description\"><div class=\"woocommerce-product-details__short-description\"><p><strong>Product: Antifoam<\/strong><\/p><p><strong>Formula Kimike: Ndryshon n\u00eb var\u00ebsi t\u00eb formulimit specifik<\/strong><\/p><p><strong>Informacion rreth produktit:<\/strong><\/p><p>\u2013 Antishkuma, i njohur edhe si deshkum\u00ebzues, \u00ebsht\u00eb nj\u00eb aditiv kimik q\u00eb p\u00ebrdoret p\u00ebr t\u00eb kontrolluar ose parandaluar formimin e shkum\u00ebs n\u00eb procese t\u00eb ndryshme industriale.<br \/>\u2013 Formulimet kund\u00ebr shkum\u00ebs zakonisht p\u00ebrb\u00ebhen nga nj\u00eb p\u00ebrzierje e p\u00ebrb\u00ebr\u00ebsve aktiv\u00eb, duke p\u00ebrfshir\u00eb p\u00ebrb\u00ebr\u00ebs me baz\u00eb silikoni, vajra minerale, acide yndyrore dhe surfaktant\u00eb t\u00eb tjer\u00eb.<br \/>\u2013 Formula specifike kimike e nj\u00eb produkti kund\u00ebr shkum\u00ebs mund t\u00eb ndryshoj\u00eb n\u00eb var\u00ebsi t\u00eb aplikimit dhe karakteristikave t\u00eb d\u00ebshiruara t\u00eb performanc\u00ebs.<\/p><p><strong>Informacion p\u00ebr sektorin e p\u00ebrdorimit t\u00eb produktit:<\/strong><\/p><p>1. Industria e ushqimit dhe pijeve:<br \/>\u2013 Agjent\u00ebt kund\u00ebr shkum\u00ebs p\u00ebrdoren zakonisht n\u00eb proceset e prodhimit t\u00eb ushqimit dhe pijeve p\u00ebr t\u00eb parandaluar formimin e tep\u00ebrt t\u00eb shkum\u00ebs gjat\u00eb fermentimit, pirjes dhe mbushjes n\u00eb shishe. Kjo ndihmon n\u00eb ruajtjen e efikasitetit t\u00eb procesit dhe parandalon tejmbushjen ose humbjen e produktit.<\/p><p>2. Trajtimi i ujit:<br \/>\u2013 Aditiv\u00ebt kund\u00ebr shkum\u00ebs p\u00ebrdoren n\u00eb impiantet e trajtimit t\u00eb ujit p\u00ebr t\u00eb kontrolluar formimin e shkum\u00ebs n\u00eb faza t\u00eb ndryshme t\u00eb procesit t\u00eb trajtimit, si ajrimi, sedimentimi dhe filtrimi. Kjo siguron funksionimin e qet\u00eb dhe parandalon problemet q\u00eb lidhen me shkum\u00ebn.<\/p><p>3. Industria e pulp\u00ebs dhe letr\u00ebs:<br \/>\u2013 Agjent\u00ebt kund\u00ebr shkum\u00ebs p\u00ebrdoren n\u00eb industrin\u00eb e pulp\u00ebs dhe letr\u00ebs p\u00ebr t\u00eb reduktuar formimin e shkum\u00ebs gjat\u00eb procesit t\u00eb prodhimit. Kjo ndihmon n\u00eb parandalimin e defekteve t\u00eb lidhura me shkum\u00ebn n\u00eb produktet e letr\u00ebs dhe siguron funksionimin efikas t\u00eb makinerive t\u00eb letr\u00ebs.<\/p><p>4. P\u00ebrpunimi kimik:<br \/>\u2013 Antishkumi p\u00ebrdoret gjer\u00ebsisht n\u00eb industrit\u00eb e p\u00ebrpunimit kimik, t\u00eb tilla si farmaceutik\u00eb, kozmetik\u00eb dhe kimikate speciale, p\u00ebr t\u00eb parandaluar formimin e shkum\u00ebs gjat\u00eb proceseve t\u00eb p\u00ebrzierjes, trazimit dhe reagimit. Ai p\u00ebrmir\u00ebson efikasitetin e procesit dhe minimizon humbjet e produktit.<\/p><p>5. Prodhimi i naft\u00ebs dhe gazit:<br \/>\u2013 Aditiv\u00ebt kund\u00ebr shkum\u00ebs gjejn\u00eb aplikim n\u00eb industrin\u00eb e naft\u00ebs dhe gazit, ve\u00e7an\u00ebrisht gjat\u00eb proceseve t\u00eb shpimit, stimulimit t\u00eb puseve dhe prodhimit. Ato ndihmojn\u00eb n\u00eb kontrollin e formimit t\u00eb shkum\u00ebs dhe zvog\u00eblojn\u00eb rrezikun e mosfunksionimit ose d\u00ebmtimit t\u00eb pajisjeve.<\/p><p>6. Prodhimi i tekstilit:<br \/>\u2013 Agjent\u00ebt kund\u00ebr shkum\u00ebs p\u00ebrdoren n\u00eb proceset e prodhimit t\u00eb tekstilit, t\u00eb tilla si ngjyrosja, printimi dhe p\u00ebrfundimi i p\u00eblhurave, p\u00ebr t\u00eb parandaluar problemet q\u00eb lidhen me shkum\u00ebn dhe p\u00ebr t\u00eb siguruar funksionimin e qet\u00eb t\u00eb makinerive.<\/p><p>7. Menaxhimi i mbetjeve:<br \/>\u2013 Aditiv\u00ebt kund\u00ebr shkum\u00ebs p\u00ebrdoren n\u00eb objektet e trajtimit t\u00eb mbetjeve dhe prodhimit t\u00eb biogazit p\u00ebr t\u00eb kontrolluar formimin e shkum\u00ebs n\u00eb proceset e tretjes anaerobe. Kjo ndihmon n\u00eb p\u00ebrmir\u00ebsimin e efikasitetit t\u00eb procesit dhe parandalon nd\u00ebrprerjet e shkaktuara nga shkuma e tep\u00ebrt.<\/p><p>8. Sistemet Bujq\u00ebsore dhe Ujit\u00ebse:<br \/>\u2013 Agjent\u00ebt kund\u00ebr shkum\u00ebs u shtohen ndonj\u00ebher\u00eb sp\u00ebrkatjeve bujq\u00ebsore dhe sistemeve t\u00eb ujitjes p\u00ebr t\u00eb parandaluar formimin e shkum\u00ebs dhe p\u00ebr t\u00eb siguruar mbulimin dhe aplikimin e duhur t\u00eb materialeve t\u00eb sp\u00ebrkatura.<\/p><p>9. Bojra dhe veshje:<br \/>\u2013 Aditiv\u00ebt kund\u00ebr shkum\u00ebs p\u00ebrdoren n\u00eb formulimin e bojrave, veshjeve dhe llaqeve p\u00ebr t\u00eb parandaluar formimin e shkum\u00ebs gjat\u00eb proceseve t\u00eb p\u00ebrzierjes, aplikimit dhe tharjes. Kjo ndihmon p\u00ebr t\u00eb arritur nj\u00eb p\u00ebrfundim t\u00eb but\u00eb dhe pa defekte.<\/p><p>10. Pirja dhe distilimi:<br \/>\u2013 Agjent\u00ebt kund\u00ebr shkum\u00ebs p\u00ebrdoren zakonisht n\u00eb fabrika birre dhe distileri p\u00ebr t\u00eb parandaluar formimin e tep\u00ebrt t\u00eb shkum\u00ebs gjat\u00eb proceseve t\u00eb fermentimit, distilimit dhe paketimit. Kjo siguron prodhim efikas dhe minimizon humbjet e produktit.<\/p><p>Produktet kund\u00ebr shkum\u00ebs jan\u00eb thelb\u00ebsore n\u00eb industri t\u00eb ndryshme p\u00ebr t\u00eb kontrolluar formimin e shkum\u00ebs dhe p\u00ebr t\u00eb ruajtur efikasitetin e procesit. Ato ndihmojn\u00eb n\u00eb parandalimin e \u00e7\u00ebshtjeve t\u00eb lidhura me shkum\u00ebn, t\u00eb tilla si reduktimi i produktivitetit, d\u00ebmtimi i pajisjeve dhe humbjet e produktit. Formulimi specifik dhe aplikimi i antishkum\u00ebs mund t\u00eb ndryshojn\u00eb n\u00eb var\u00ebsi t\u00eb industris\u00eb dhe k\u00ebrkesave t\u00eb procesit. \u00cbsht\u00eb e r\u00ebnd\u00ebsishme t\u00eb zgjidhni produktin e duhur kund\u00ebr shkum\u00ebs bazuar n\u00eb aplikimin specifik dhe t\u00eb konsultoheni me udh\u00ebzimet e prodhuesit p\u00ebr doz\u00ebn dhe udh\u00ebzimet e duhura t\u00eb p\u00ebrdorimit.<\/p><\/div><div class=\"product_meta\">\u00a0<\/div><\/div>\t\t\t\t\t\t\t\t<\/div>\n\t\t\t\t<\/div>\n\t\t\t\t<section class=\"elementor-section elementor-inner-section elementor-element elementor-element-bdf8905 elementor-section-boxed elementor-section-height-default elementor-section-height-default\" data-id=\"bdf8905\" data-element_type=\"section\" data-e-type=\"section\" data-settings=\"{&quot;background_background&quot;:&quot;classic&quot;}\">\n\t\t\t\t\t\t<div class=\"elementor-container elementor-column-gap-no\">\n\t\t\t\t\t<div class=\"elementor-column elementor-col-100 elementor-inner-column elementor-element elementor-element-5648e9c\" data-id=\"5648e9c\" data-element_type=\"column\" data-e-type=\"column\">\n\t\t\t<div class=\"elementor-widget-wrap elementor-element-populated\">\n\t\t\t\t\t\t<div class=\"elementor-element elementor-element-80f13ed elementor-view-default elementor-widget elementor-widget-icon\" data-id=\"80f13ed\" data-element_type=\"widget\" data-e-type=\"widget\" data-widget_type=\"icon.default\">\n\t\t\t\t<div class=\"elementor-widget-container\">\n\t\t\t\t\t\t\t<div class=\"elementor-icon-wrapper\">\n\t\t\t<div class=\"elementor-icon\">\n\t\t\t<i aria-hidden=\"true\" class=\"vamtamtheme- vamtam-theme-quote-start\"><\/i>\t\t\t<\/div>\n\t\t<\/div>\n\t\t\t\t\t\t<\/div>\n\t\t\t\t<\/div>\n\t\t\t\t<div class=\"elementor-element elementor-element-3bc119d elementor-widget elementor-widget-text-editor\" data-id=\"3bc119d\" data-element_type=\"widget\" data-e-type=\"widget\" data-widget_type=\"text-editor.default\">\n\t\t\t\t<div class=\"elementor-widget-container\">\n\t\t\t\t\t\t\t\t\t<p>\"P\u00ebr \u00e7do informacion, shkruani n\u00eb WhatsApp: Gjith\u00e7ka q\u00eb ju nevojitet, n\u00eb koh\u00eb reale, n\u00eb nj\u00eb mesazh. Na kontaktoni dhe jemi gati t\u00eb ju ndihmojm\u00eb.\"<\/p>\t\t\t\t\t\t\t\t<\/div>\n\t\t\t\t<\/div>\n\t\t\t\t<div class=\"elementor-element elementor-element-a359283 elementor-widget-divider--view-line elementor-widget elementor-widget-divider\" data-id=\"a359283\" data-element_type=\"widget\" data-e-type=\"widget\" data-widget_type=\"divider.default\">\n\t\t\t\t<div class=\"elementor-widget-container\">\n\t\t\t\t\t\t\t<div class=\"elementor-divider\">\n\t\t\t<span class=\"elementor-divider-separator\">\n\t\t\t\t\t\t<\/span>\n\t\t<\/div>\n\t\t\t\t\t\t<\/div>\n\t\t\t\t<\/div>\n\t\t\t\t<div class=\"vamtam-has-theme-widget-styles elementor-element elementor-element-8ff68c2 elementor-widget__width-auto vamtam-has-underline-anim elementor-widget elementor-widget-button\" data-id=\"8ff68c2\" data-element_type=\"widget\" data-e-type=\"widget\" data-widget_type=\"button.default\">\n\t\t\t\t<div class=\"elementor-widget-container\">\n\t\t\t\t\t\t\t\t\t<div class=\"elementor-button-wrapper\">\n\t\t\t\t\t<a class=\"elementor-button elementor-button-link elementor-size-md\" href=\"https:\/\/wa.me\/355694000260\">\n\t\t\t\t\t\t<span class=\"elementor-button-content-wrapper\">\n\t\t\t\t\t\t<span class=\"elementor-button-icon\">\n\t\t\t\t<i aria-hidden=\"true\" class=\"vamtamtheme- vamtam-theme-icon-arrow-right-top\"><\/i>\t\t\t<\/span>\n\t\t\t\t\t\t\t\t\t<span class=\"elementor-button-text\">Kontaktoni WhatsApp<\/span>\n\t\t\t\t\t<\/span>\n\t\t\t\t\t<\/a>\n\t\t\t\t<\/div>\n\t\t\t\t\t\t\t\t<\/div>\n\t\t\t\t<\/div>\n\t\t\t\t<div class=\"elementor-element elementor-element-1b109a6 elementor-widget__width-auto elementor-widget elementor-widget-heading\" data-id=\"1b109a6\" data-element_type=\"widget\" data-e-type=\"widget\" data-widget_type=\"heading.default\">\n\t\t\t\t<div class=\"elementor-widget-container\">\n\t\t\t\t\t<span class=\"elementor-heading-title elementor-size-default\">Albania Distribution Chemicals\n<\/span>\t\t\t\t<\/div>\n\t\t\t\t<\/div>\n\t\t\t\t\t<\/div>\n\t\t<\/div>\n\t\t\t\t\t<\/div>\n\t\t<\/section>\n\t\t\t\t\t<\/div>\n\t\t<\/div>\n\t\t\t\t\t<\/div>\n\t\t<\/section>\n\t\t\t\t<section class=\"elementor-section elementor-top-section elementor-element elementor-element-b3fd502 elementor-section-boxed elementor-section-height-default elementor-section-height-default\" data-id=\"b3fd502\" data-element_type=\"section\" data-e-type=\"section\">\n\t\t\t\t\t\t<div class=\"elementor-container elementor-column-gap-default\">\n\t\t\t\t\t<div class=\"elementor-column elementor-col-100 elementor-top-column elementor-element elementor-element-a879885\" data-id=\"a879885\" data-element_type=\"column\" data-e-type=\"column\">\n\t\t\t<div class=\"elementor-widget-wrap elementor-element-populated\">\n\t\t\t\t\t\t<div class=\"elementor-element elementor-element-4a3fe1c elementor-widget elementor-widget-spacer\" data-id=\"4a3fe1c\" data-element_type=\"widget\" data-e-type=\"widget\" data-widget_type=\"spacer.default\">\n\t\t\t\t<div class=\"elementor-widget-container\">\n\t\t\t\t\t\t\t<div class=\"elementor-spacer\">\n\t\t\t<div class=\"elementor-spacer-inner\"><\/div>\n\t\t<\/div>\n\t\t\t\t\t\t<\/div>\n\t\t\t\t<\/div>\n\t\t\t\t<div class=\"vamtam-has-theme-widget-styles elementor-element elementor-element-feed2fe elementor-widget elementor-widget-image\" data-id=\"feed2fe\" data-element_type=\"widget\" data-e-type=\"widget\" data-widget_type=\"image.default\">\n\t\t\t\t<div class=\"elementor-widget-container\">\n\t\t\t\t\t\t\t\t\t<div class=\"elementor-image\">\n\t\t\t\t\t\t\t\t\t\t\t\t\t\t\t\t\t\t\t\t\t<img width=\"8000\" height=\"1355\" src=\"https:\/\/adchem.al\/wp-content\/uploads\/2023\/06\/baner-albania-distribution-chemicals-01.png\" class=\"attachment-full size-full wp-image-987764\" alt=\"\" decoding=\"async\" srcset=\"https:\/\/adchem.al\/wp-content\/uploads\/2023\/06\/baner-albania-distribution-chemicals-01.png 8000w, https:\/\/adchem.al\/wp-content\/uploads\/2023\/06\/baner-albania-distribution-chemicals-01-300x51.png 300w, https:\/\/adchem.al\/wp-content\/uploads\/2023\/06\/baner-albania-distribution-chemicals-01-1024x173.png 1024w, https:\/\/adchem.al\/wp-content\/uploads\/2023\/06\/baner-albania-distribution-chemicals-01-768x130.png 768w, https:\/\/adchem.al\/wp-content\/uploads\/2023\/06\/baner-albania-distribution-chemicals-01-1536x260.png 1536w, https:\/\/adchem.al\/wp-content\/uploads\/2023\/06\/baner-albania-distribution-chemicals-01-2048x347.png 2048w\" sizes=\"(max-width: 8000px) 100vw, 8000px\" \/>\t\t\t\t\t\t\t\t\t\t\t\t\t\t\t\t\t\t\t\t\t\t\t\t<\/div>\n\t\t\t\t\t\t\t\t<\/div>\n\t\t\t\t<\/div>\n\t\t\t\t\t<\/div>\n\t\t<\/div>\n\t\t\t\t\t<\/div>\n\t\t<\/section>\n\t\t\t\t<\/div>","protected":false},"excerpt":{"rendered":"<p>Product: Antifoam<\/p>\n<p>Formula Kimike: Ndryshon n\u00eb var\u00ebsi t\u00eb formulimit specifik<\/p>\n<p>Informacion rreth produktit:<\/p>\n<p>\u2013 Antishkuma, i njohur edhe si deshkum\u00ebzues, \u00ebsht\u00eb nj\u00eb aditiv kimik q\u00eb p\u00ebrdoret p\u00ebr t\u00eb kontrolluar ose parandaluar formimin e shkum\u00ebs n\u00eb procese t\u00eb ndryshme industriale.<br \/>\n\u2013 Formulimet kund\u00ebr shkum\u00ebs zakonisht p\u00ebrb\u00ebhen nga nj\u00eb p\u00ebrzierje e p\u00ebrb\u00ebr\u00ebsve aktiv\u00eb, duke p\u00ebrfshir\u00eb p\u00ebrb\u00ebr\u00ebs me baz\u00eb silikoni, vajra minerale, acide yndyrore dhe surfaktant\u00eb t\u00eb tjer\u00eb.<br \/>\n\u2013 Formula specifike kimike e nj\u00eb produkti kund\u00ebr shkum\u00ebs mund t\u00eb ndryshoj\u00eb n\u00eb var\u00ebsi t\u00eb aplikimit dhe karakteristikave t\u00eb d\u00ebshiruara t\u00eb performanc\u00ebs.<\/p>","protected":false},"author":2,"featured_media":988256,"parent":988231,"menu_order":0,"comment_status":"closed","ping_status":"closed","template":"","meta":{"inline_featured_image":false,"footnotes":""},"class_list":["post-988255","page","type-page","status-publish","has-post-thumbnail","hentry"],"yoast_head":"<!-- This site is optimized with the Yoast SEO plugin v27.4 - https:\/\/yoast.com\/product\/yoast-seo-wordpress\/ -->\n<title>Antifoam | Albania Distribution Chemicals<\/title>\n<meta name=\"robots\" content=\"index, follow, max-snippet:-1, max-image-preview:large, max-video-preview:-1\" \/>\n<link rel=\"canonical\" href=\"https:\/\/adchem.al\/al\/water-treatmens\/antifoam\/\" \/>\n<meta property=\"og:locale\" content=\"sq_AL\" \/>\n<meta property=\"og:type\" content=\"article\" \/>\n<meta property=\"og:title\" content=\"Antifoam | Albania Distribution Chemicals\" \/>\n<meta property=\"og:description\" content=\"Product: Antifoam Chemical Formula: Varies depending on the specific formulation Information about the product: - Antifoam, also known as defoamer, is a chemical additive used to control or prevent foam formation in various industrial processes. - Antifoam formulations are typically composed of a mixture of active ingredients, including silicone-based compounds, mineral oils, fatty acids, and other surfactants. - The specific chemical formula of an antifoam product can vary depending on the application and desired performance characteristics.\" \/>\n<meta property=\"og:url\" content=\"https:\/\/adchem.al\/al\/water-treatmens\/antifoam\/\" \/>\n<meta property=\"og:site_name\" content=\"Albania Distribution Chemicals\" \/>\n<meta property=\"article:publisher\" content=\"https:\/\/www.facebook.com\/albaniadistributionchem\/?ref=py_c\" \/>\n<meta property=\"article:modified_time\" content=\"2023-06-27T21:17:48+00:00\" \/>\n<meta property=\"og:image\" content=\"https:\/\/adchem.al\/wp-content\/uploads\/2023\/06\/PmdsStructure.png\" \/>\n\t<meta property=\"og:image:width\" content=\"1217\" \/>\n\t<meta property=\"og:image:height\" content=\"532\" \/>\n\t<meta property=\"og:image:type\" content=\"image\/png\" \/>\n<meta name=\"twitter:card\" content=\"summary_large_image\" \/>\n<script type=\"application\/ld+json\" class=\"yoast-schema-graph\">{\"@context\":\"https:\\\/\\\/schema.org\",\"@graph\":[{\"@type\":\"WebPage\",\"@id\":\"https:\\\/\\\/adchem.al\\\/water-treatmens\\\/antifoam\\\/\",\"url\":\"https:\\\/\\\/adchem.al\\\/water-treatmens\\\/antifoam\\\/\",\"name\":\"Antifoam | Albania Distribution Chemicals\",\"isPartOf\":{\"@id\":\"https:\\\/\\\/adchem.al\\\/#website\"},\"primaryImageOfPage\":{\"@id\":\"https:\\\/\\\/adchem.al\\\/water-treatmens\\\/antifoam\\\/#primaryimage\"},\"image\":{\"@id\":\"https:\\\/\\\/adchem.al\\\/water-treatmens\\\/antifoam\\\/#primaryimage\"},\"thumbnailUrl\":\"https:\\\/\\\/adchem.al\\\/wp-content\\\/uploads\\\/2023\\\/06\\\/PmdsStructure.png\",\"datePublished\":\"2023-06-24T20:58:06+00:00\",\"dateModified\":\"2023-06-27T21:17:48+00:00\",\"breadcrumb\":{\"@id\":\"https:\\\/\\\/adchem.al\\\/water-treatmens\\\/antifoam\\\/#breadcrumb\"},\"inLanguage\":\"sq\",\"potentialAction\":[{\"@type\":\"ReadAction\",\"target\":[\"https:\\\/\\\/adchem.al\\\/water-treatmens\\\/antifoam\\\/\"]}]},{\"@type\":\"ImageObject\",\"inLanguage\":\"sq\",\"@id\":\"https:\\\/\\\/adchem.al\\\/water-treatmens\\\/antifoam\\\/#primaryimage\",\"url\":\"https:\\\/\\\/adchem.al\\\/wp-content\\\/uploads\\\/2023\\\/06\\\/PmdsStructure.png\",\"contentUrl\":\"https:\\\/\\\/adchem.al\\\/wp-content\\\/uploads\\\/2023\\\/06\\\/PmdsStructure.png\",\"width\":1217,\"height\":532},{\"@type\":\"BreadcrumbList\",\"@id\":\"https:\\\/\\\/adchem.al\\\/water-treatmens\\\/antifoam\\\/#breadcrumb\",\"itemListElement\":[{\"@type\":\"ListItem\",\"position\":1,\"name\":\"Home\",\"item\":\"https:\\\/\\\/adchem.al\\\/\"},{\"@type\":\"ListItem\",\"position\":2,\"name\":\"Water Treatmens\",\"item\":\"https:\\\/\\\/adchem.al\\\/water-treatmens\\\/\"},{\"@type\":\"ListItem\",\"position\":3,\"name\":\"Antifoam\"}]},{\"@type\":\"WebSite\",\"@id\":\"https:\\\/\\\/adchem.al\\\/#website\",\"url\":\"https:\\\/\\\/adchem.al\\\/\",\"name\":\"Albania Distribution Chemicals\",\"description\":\"&quot;Excellence in Chemical Distribution&quot;\",\"publisher\":{\"@id\":\"https:\\\/\\\/adchem.al\\\/#organization\"},\"alternateName\":\"ADC\",\"potentialAction\":[{\"@type\":\"SearchAction\",\"target\":{\"@type\":\"EntryPoint\",\"urlTemplate\":\"https:\\\/\\\/adchem.al\\\/?s={search_term_string}\"},\"query-input\":{\"@type\":\"PropertyValueSpecification\",\"valueRequired\":true,\"valueName\":\"search_term_string\"}}],\"inLanguage\":\"sq\"},{\"@type\":\"Organization\",\"@id\":\"https:\\\/\\\/adchem.al\\\/#organization\",\"name\":\"Albania Distribution Chemicals\",\"alternateName\":\"ADC\",\"url\":\"https:\\\/\\\/adchem.al\\\/\",\"logo\":{\"@type\":\"ImageObject\",\"inLanguage\":\"sq\",\"@id\":\"https:\\\/\\\/adchem.al\\\/#\\\/schema\\\/logo\\\/image\\\/\",\"url\":\"https:\\\/\\\/adchem.al\\\/wp-content\\\/uploads\\\/2022\\\/09\\\/Albania-Distribution-Chemicals-Logo-01.png\",\"contentUrl\":\"https:\\\/\\\/adchem.al\\\/wp-content\\\/uploads\\\/2022\\\/09\\\/Albania-Distribution-Chemicals-Logo-01.png\",\"width\":308,\"height\":104,\"caption\":\"Albania Distribution Chemicals\"},\"image\":{\"@id\":\"https:\\\/\\\/adchem.al\\\/#\\\/schema\\\/logo\\\/image\\\/\"},\"sameAs\":[\"https:\\\/\\\/www.facebook.com\\\/albaniadistributionchem\\\/?ref=py_c\",\"https:\\\/\\\/www.instagram.com\\\/albania_distribution_chemicals\\\/\"]}]}<\/script>\n<!-- \/ Yoast SEO plugin. -->","yoast_head_json":{"title":"Antifoam | Albania Distribution Chemicals","robots":{"index":"index","follow":"follow","max-snippet":"max-snippet:-1","max-image-preview":"max-image-preview:large","max-video-preview":"max-video-preview:-1"},"canonical":"https:\/\/adchem.al\/al\/water-treatmens\/antifoam\/","og_locale":"sq_AL","og_type":"article","og_title":"Antifoam | Albania Distribution Chemicals","og_description":"Product: Antifoam Chemical Formula: Varies depending on the specific formulation Information about the product: - Antifoam, also known as defoamer, is a chemical additive used to control or prevent foam formation in various industrial processes. - Antifoam formulations are typically composed of a mixture of active ingredients, including silicone-based compounds, mineral oils, fatty acids, and other surfactants. - The specific chemical formula of an antifoam product can vary depending on the application and desired performance characteristics.","og_url":"https:\/\/adchem.al\/al\/water-treatmens\/antifoam\/","og_site_name":"Albania Distribution Chemicals","article_publisher":"https:\/\/www.facebook.com\/albaniadistributionchem\/?ref=py_c","article_modified_time":"2023-06-27T21:17:48+00:00","og_image":[{"width":1217,"height":532,"url":"https:\/\/adchem.al\/wp-content\/uploads\/2023\/06\/PmdsStructure.png","type":"image\/png"}],"twitter_card":"summary_large_image","schema":{"@context":"https:\/\/schema.org","@graph":[{"@type":"WebPage","@id":"https:\/\/adchem.al\/water-treatmens\/antifoam\/","url":"https:\/\/adchem.al\/water-treatmens\/antifoam\/","name":"Antifoam | Albania Distribution Chemicals","isPartOf":{"@id":"https:\/\/adchem.al\/#website"},"primaryImageOfPage":{"@id":"https:\/\/adchem.al\/water-treatmens\/antifoam\/#primaryimage"},"image":{"@id":"https:\/\/adchem.al\/water-treatmens\/antifoam\/#primaryimage"},"thumbnailUrl":"https:\/\/adchem.al\/wp-content\/uploads\/2023\/06\/PmdsStructure.png","datePublished":"2023-06-24T20:58:06+00:00","dateModified":"2023-06-27T21:17:48+00:00","breadcrumb":{"@id":"https:\/\/adchem.al\/water-treatmens\/antifoam\/#breadcrumb"},"inLanguage":"sq","potentialAction":[{"@type":"ReadAction","target":["https:\/\/adchem.al\/water-treatmens\/antifoam\/"]}]},{"@type":"ImageObject","inLanguage":"sq","@id":"https:\/\/adchem.al\/water-treatmens\/antifoam\/#primaryimage","url":"https:\/\/adchem.al\/wp-content\/uploads\/2023\/06\/PmdsStructure.png","contentUrl":"https:\/\/adchem.al\/wp-content\/uploads\/2023\/06\/PmdsStructure.png","width":1217,"height":532},{"@type":"BreadcrumbList","@id":"https:\/\/adchem.al\/water-treatmens\/antifoam\/#breadcrumb","itemListElement":[{"@type":"ListItem","position":1,"name":"Home","item":"https:\/\/adchem.al\/"},{"@type":"ListItem","position":2,"name":"Water Treatmens","item":"https:\/\/adchem.al\/water-treatmens\/"},{"@type":"ListItem","position":3,"name":"Antifoam"}]},{"@type":"WebSite","@id":"https:\/\/adchem.al\/#website","url":"https:\/\/adchem.al\/","name":"Albania Distribution Chemicals","description":"&quot;Excellence in Chemical Distribution&quot;","publisher":{"@id":"https:\/\/adchem.al\/#organization"},"alternateName":"ADC","potentialAction":[{"@type":"SearchAction","target":{"@type":"EntryPoint","urlTemplate":"https:\/\/adchem.al\/?s={search_term_string}"},"query-input":{"@type":"PropertyValueSpecification","valueRequired":true,"valueName":"search_term_string"}}],"inLanguage":"sq"},{"@type":"Organization","@id":"https:\/\/adchem.al\/#organization","name":"Albania Distribution Chemicals","alternateName":"ADC","url":"https:\/\/adchem.al\/","logo":{"@type":"ImageObject","inLanguage":"sq","@id":"https:\/\/adchem.al\/#\/schema\/logo\/image\/","url":"https:\/\/adchem.al\/wp-content\/uploads\/2022\/09\/Albania-Distribution-Chemicals-Logo-01.png","contentUrl":"https:\/\/adchem.al\/wp-content\/uploads\/2022\/09\/Albania-Distribution-Chemicals-Logo-01.png","width":308,"height":104,"caption":"Albania Distribution Chemicals"},"image":{"@id":"https:\/\/adchem.al\/#\/schema\/logo\/image\/"},"sameAs":["https:\/\/www.facebook.com\/albaniadistributionchem\/?ref=py_c","https:\/\/www.instagram.com\/albania_distribution_chemicals\/"]}]}},"_links":{"self":[{"href":"https:\/\/adchem.al\/al\/wp-json\/wp\/v2\/pages\/988255","targetHints":{"allow":["GET"]}}],"collection":[{"href":"https:\/\/adchem.al\/al\/wp-json\/wp\/v2\/pages"}],"about":[{"href":"https:\/\/adchem.al\/al\/wp-json\/wp\/v2\/types\/page"}],"author":[{"embeddable":true,"href":"https:\/\/adchem.al\/al\/wp-json\/wp\/v2\/users\/2"}],"replies":[{"embeddable":true,"href":"https:\/\/adchem.al\/al\/wp-json\/wp\/v2\/comments?post=988255"}],"version-history":[{"count":10,"href":"https:\/\/adchem.al\/al\/wp-json\/wp\/v2\/pages\/988255\/revisions"}],"predecessor-version":[{"id":989217,"href":"https:\/\/adchem.al\/al\/wp-json\/wp\/v2\/pages\/988255\/revisions\/989217"}],"up":[{"embeddable":true,"href":"https:\/\/adchem.al\/al\/wp-json\/wp\/v2\/pages\/988231"}],"wp:featuredmedia":[{"embeddable":true,"href":"https:\/\/adchem.al\/al\/wp-json\/wp\/v2\/media\/988256"}],"wp:attachment":[{"href":"https:\/\/adchem.al\/al\/wp-json\/wp\/v2\/media?parent=988255"}],"curies":[{"name":"wp","href":"https:\/\/api.w.org\/{rel}","templated":true}]}}