{"id":988248,"date":"2023-06-24T20:54:06","date_gmt":"2023-06-24T20:54:06","guid":{"rendered":"https:\/\/adchem.al\/?page_id=988248"},"modified":"2023-06-27T21:15:24","modified_gmt":"2023-06-27T21:15:24","slug":"aluminum-sulfate","status":"publish","type":"page","link":"https:\/\/adchem.al\/al\/water-treatmens\/aluminum-sulfate\/","title":{"rendered":"Sulfat Alumini"},"content":{"rendered":"<div data-elementor-type=\"wp-page\" data-elementor-id=\"988248\" class=\"elementor elementor-988248\" data-elementor-post-type=\"page\">\n\t\t\t\t\t\t<section class=\"elementor-section elementor-top-section elementor-element elementor-element-37858afc elementor-section-full_width elementor-section-height-default elementor-section-height-default\" data-id=\"37858afc\" data-element_type=\"section\">\n\t\t\t\t\t\t<div class=\"elementor-container elementor-column-gap-no\">\n\t\t\t\t\t<div class=\"elementor-column elementor-col-100 elementor-top-column elementor-element elementor-element-60bb79bd\" data-id=\"60bb79bd\" data-element_type=\"column\">\n\t\t\t<div class=\"elementor-widget-wrap elementor-element-populated\">\n\t\t\t\t\t\t<div class=\"vamtam-has-theme-widget-styles elementor-element elementor-element-86d4d6c elementor-widget elementor-widget-image\" data-id=\"86d4d6c\" data-element_type=\"widget\" data-widget_type=\"image.default\">\n\t\t\t\t<div class=\"elementor-widget-container\">\n\t\t\t\t\t\t\t\t\t<div class=\"elementor-image\">\n\t\t\t\t\t\t\t\t\t\t\t\t\t\t\t\t<figure class=\"wp-caption\">\n\t\t\t\t\t\t\t\t\t\t\t\t\t\t\t\t<img fetchpriority=\"high\" decoding=\"async\" width=\"512\" height=\"299\" src=\"https:\/\/adchem.al\/wp-content\/uploads\/2023\/06\/1640249132250.webp\" class=\"attachment-full size-full wp-image-988249\" alt=\"\" srcset=\"https:\/\/adchem.al\/wp-content\/uploads\/2023\/06\/1640249132250.webp 512w, https:\/\/adchem.al\/wp-content\/uploads\/2023\/06\/1640249132250-300x175.webp 300w\" sizes=\"(max-width: 512px) 100vw, 512px\" \/>\t\t\t\t\t\t\t\t\t\t\t\t\t\t\t\t\t<figcaption class=\"widget-image-caption wp-caption-text\">Albania Distribution Chemicals<\/figcaption>\n\t\t\t\t\t\t\t\t\t\t\t\t\t\t\t\t<\/figure>\n\t\t\t\t\t\t\t\t\t\t\t\t\t\t<\/div>\n\t\t\t\t\t\t\t\t<\/div>\n\t\t\t\t<\/div>\n\t\t\t\t<div class=\"elementor-element elementor-element-61992a9a elementor-widget elementor-widget-text-editor\" data-id=\"61992a9a\" data-element_type=\"widget\" data-widget_type=\"text-editor.default\">\n\t\t\t\t<div class=\"elementor-widget-container\">\n\t\t\t\t\t\t\t\t\t<div class=\"woocommerce-product-details__short-description\"><p><strong>Produkti: Sulfat alumini<\/strong><\/p><p><strong>Formula Kimike: Al2(SO4)3<\/strong><\/p><p><strong>Informacion rreth produktit:<\/strong><\/p><p>\u2013 Sulfati i aluminit \u00ebsht\u00eb nj\u00eb p\u00ebrb\u00ebrje inorganike me formul\u00ebn kimike Al2(SO4)3.<br \/>\u2013 \u00cbsht\u00eb nj\u00eb l\u00ebnd\u00eb e ngurt\u00eb kristalore e bardh\u00eb q\u00eb tretet n\u00eb uj\u00eb.<br \/>\u2013 Sulfati i aluminit p\u00ebrdoret zakonisht si koagulant n\u00eb proceset e trajtimit t\u00eb ujit p\u00ebr t\u00eb pastruar dhe pastruar ujin duke hequr papast\u00ebrtit\u00eb dhe grimcat e pezulluara.<\/p><p><strong>Informacion p\u00ebr sektorin e p\u00ebrdorimit t\u00eb produktit:<\/strong><\/p><p>1. Trajtimi i ujit:<br \/>\u2013 Sulfati i aluminit p\u00ebrdoret gjer\u00ebsisht n\u00eb impiantet e trajtimit t\u00eb ujit si p\u00ebr sistemet industriale ashtu edhe p\u00ebr ato komunale. Ai vepron si nj\u00eb koagulant, duke ndihmuar n\u00eb lidhjen dhe vendosjen e grimcave t\u00eb pezulluara, l\u00ebnd\u00ebve organike dhe substancave koloidale n\u00eb uj\u00eb. Ky proces quhet flokulim.<\/p><p>2. Prodhimi i letr\u00ebs:<br \/>\u2013 N\u00eb industrin\u00eb e letr\u00ebs, sulfati i aluminit p\u00ebrdoret si agjent p\u00ebrmasash dhe rregullues pH n\u00eb prodhimin e letr\u00ebs dhe kartonit. Ndihmon p\u00ebr t\u00eb p\u00ebrmir\u00ebsuar forc\u00ebn, shk\u00eblqimin dhe pranueshm\u00ebrin\u00eb e boj\u00ebs s\u00eb letr\u00ebs.<\/p><p>3. Trajtimi i uj\u00ebrave t\u00eb zeza:<br \/>\u2013 Sulfati i aluminit p\u00ebrdoret gjithashtu n\u00eb objektet e trajtimit t\u00eb uj\u00ebrave t\u00eb zeza p\u00ebr t\u00eb hequr fosforin dhe ndot\u00ebsit e tjer\u00eb. Formon komponime t\u00eb patretshme me fosforin, duke leht\u00ebsuar largimin e tij nga rrjedha e uj\u00ebrave t\u00eb zeza.<\/p><p>4. Ndryshimi i tok\u00ebs:<br \/>\u2013 N\u00eb bujq\u00ebsi dhe kopshtari, sulfati i aluminit p\u00ebrdoret si nj\u00eb amendament i tok\u00ebs p\u00ebr t\u00eb rregulluar nivelet e pH t\u00eb tok\u00ebs. Ndihmon n\u00eb uljen e pH t\u00eb tokave alkaline, duke i b\u00ebr\u00eb ato m\u00eb acide dhe t\u00eb p\u00ebrshtatshme p\u00ebr bim\u00ebt acid-dash\u00ebse.<\/p><p>5. Retardant zjarri:<br \/>\u2013 Sulfati i aluminit ka veti rezistente ndaj zjarrit dhe p\u00ebrdoret n\u00eb disa aparate zjarri dhe materiale rezistente ndaj zjarrit. Ajo funksionon duke l\u00ebshuar uj\u00eb kur ekspozohet ndaj nxeht\u00ebsis\u00eb, duke ftohur zjarrin dhe duke shtypur flak\u00ebt.<\/p><p>6. Ngjyrosje dhe printim:<br \/>\u2013 Sulfati i aluminit p\u00ebrdoret n\u00eb industrin\u00eb e tekstilit si l\u00ebnd\u00eb djeg\u00ebse n\u00eb proceset e ngjyrosjes dhe printimit. Ndihmon n\u00eb rregullimin e ngjyrave n\u00eb p\u00eblhur\u00eb, duke rritur q\u00ebndrueshm\u00ebrin\u00eb e ngjyrave dhe duke parandaluar zbehjen.<\/p><p>7. Rrezitja e l\u00ebkur\u00ebs:<br \/>\u2013 N\u00eb industrin\u00eb e l\u00ebkur\u00ebs, sulfati i aluminit p\u00ebrdoret si agjent p\u00ebr rrezitje gjat\u00eb p\u00ebrpunimit t\u00eb l\u00ebkur\u00ebs s\u00eb kafsh\u00ebve. Ndihmon n\u00eb stabilizimin dhe rregullimin e agjent\u00ebve p\u00ebr rrezitje, duke leht\u00ebsuar transformimin e l\u00ebkur\u00ebs s\u00eb pap\u00ebrpunuar n\u00eb l\u00ebkur\u00eb.<\/p><p>8. Industria e nd\u00ebrtimit:<br \/>\u2013 Sulfati i aluminit p\u00ebrdoret n\u00eb industrin\u00eb e nd\u00ebrtimit si shtes\u00eb e betonit. Ai vepron si nj\u00eb lidh\u00ebs, duke ndihmuar n\u00eb p\u00ebrmir\u00ebsimin e forc\u00ebs dhe q\u00ebndrueshm\u00ebris\u00eb s\u00eb strukturave t\u00eb betonit.<\/p><p>9. Prodhimi i plehrave fosfate:<br \/>\u2013 Sulfati i aluminit p\u00ebrdoret n\u00eb prodhimin e plehrave fosfatike. Ai reagon me shk\u00ebmbin fosfat p\u00ebr t\u00eb formuar acid fosforik, i cili \u00ebsht\u00eb nj\u00eb p\u00ebrb\u00ebr\u00ebs ky\u00e7 n\u00eb shum\u00eb plehra.<\/p><p>10. Printime tekstile:<br \/>\u2013 Sulfati i aluminit p\u00ebrdoret n\u00eb proceset e printimit t\u00eb tekstilit p\u00ebr t\u00eb krijuar modele dhe dizajne specifike n\u00eb p\u00eblhura. Ndihmon n\u00eb fiksimin e ngjyrave dhe p\u00ebrmir\u00ebson qart\u00ebsin\u00eb dhe p\u00ebrkufizimin e ngjyrave.<\/p><p>Sulfati i aluminit \u00ebsht\u00eb nj\u00eb p\u00ebrb\u00ebr\u00ebs i gjithansh\u00ebm me aplikime t\u00eb shumta n\u00eb trajtimin e ujit, prodhimin e letr\u00ebs, trajtimin e uj\u00ebrave t\u00eb zeza, bujq\u00ebsin\u00eb, vones\u00ebn ndaj zjarrit dhe industri t\u00eb ndryshme. Ai luan nj\u00eb rol jetik n\u00eb p\u00ebrmir\u00ebsimin e cil\u00ebsis\u00eb s\u00eb ujit, prodhimin e letr\u00ebs, kushtet e tok\u00ebs dhe performanc\u00ebn e materialeve t\u00eb ndryshme. \u00cbsht\u00eb e r\u00ebnd\u00ebsishme q\u00eb t\u00eb trajtohet me kujdes sulfati i aluminit, pasi ai mund t\u00eb shkaktoj\u00eb acarim t\u00eb l\u00ebkur\u00ebs dhe syve dhe duhet t\u00eb shmanget thithja e pluhurit. Kur punoni me k\u00ebt\u00eb p\u00ebrb\u00ebrje, duhet t\u00eb ndiqen masat e duhura t\u00eb siguris\u00eb.<\/p><\/div>\t\t\t\t\t\t\t\t<\/div>\n\t\t\t\t<\/div>\n\t\t\t\t<section class=\"elementor-section elementor-inner-section elementor-element elementor-element-0c7899a elementor-section-boxed elementor-section-height-default elementor-section-height-default\" data-id=\"0c7899a\" data-element_type=\"section\" data-settings=\"{&quot;background_background&quot;:&quot;classic&quot;}\">\n\t\t\t\t\t\t<div class=\"elementor-container elementor-column-gap-no\">\n\t\t\t\t\t<div class=\"elementor-column elementor-col-100 elementor-inner-column elementor-element elementor-element-29bcd39\" data-id=\"29bcd39\" data-element_type=\"column\">\n\t\t\t<div class=\"elementor-widget-wrap elementor-element-populated\">\n\t\t\t\t\t\t<div class=\"elementor-element elementor-element-12dbc46 elementor-view-default elementor-widget elementor-widget-icon\" data-id=\"12dbc46\" data-element_type=\"widget\" data-widget_type=\"icon.default\">\n\t\t\t\t<div class=\"elementor-widget-container\">\n\t\t\t\t\t\t\t<div class=\"elementor-icon-wrapper\">\n\t\t\t<div class=\"elementor-icon\">\n\t\t\t<i aria-hidden=\"true\" class=\"vamtamtheme- vamtam-theme-quote-start\"><\/i>\t\t\t<\/div>\n\t\t<\/div>\n\t\t\t\t\t\t<\/div>\n\t\t\t\t<\/div>\n\t\t\t\t<div class=\"elementor-element elementor-element-f38ec39 elementor-widget elementor-widget-text-editor\" data-id=\"f38ec39\" data-element_type=\"widget\" data-widget_type=\"text-editor.default\">\n\t\t\t\t<div class=\"elementor-widget-container\">\n\t\t\t\t\t\t\t\t\t<p>\"P\u00ebr \u00e7do informacion, shkruani n\u00eb WhatsApp: Gjith\u00e7ka q\u00eb ju nevojitet, n\u00eb koh\u00eb reale, n\u00eb nj\u00eb mesazh. Na kontaktoni dhe jemi gati t\u00eb ju ndihmojm\u00eb.\"<\/p>\t\t\t\t\t\t\t\t<\/div>\n\t\t\t\t<\/div>\n\t\t\t\t<div class=\"elementor-element elementor-element-edfa601 elementor-widget-divider--view-line elementor-widget elementor-widget-divider\" data-id=\"edfa601\" data-element_type=\"widget\" data-widget_type=\"divider.default\">\n\t\t\t\t<div class=\"elementor-widget-container\">\n\t\t\t\t\t\t\t<div class=\"elementor-divider\">\n\t\t\t<span class=\"elementor-divider-separator\">\n\t\t\t\t\t\t<\/span>\n\t\t<\/div>\n\t\t\t\t\t\t<\/div>\n\t\t\t\t<\/div>\n\t\t\t\t<div class=\"vamtam-has-theme-widget-styles elementor-element elementor-element-3e765c4 elementor-widget__width-auto vamtam-has-underline-anim elementor-widget elementor-widget-button\" data-id=\"3e765c4\" data-element_type=\"widget\" data-widget_type=\"button.default\">\n\t\t\t\t<div class=\"elementor-widget-container\">\n\t\t\t\t\t\t\t\t\t<div class=\"elementor-button-wrapper\">\n\t\t\t\t\t<a class=\"elementor-button elementor-button-link elementor-size-md\" href=\"https:\/\/wa.me\/355694000260\">\n\t\t\t\t\t\t<span class=\"elementor-button-content-wrapper\">\n\t\t\t\t\t\t<span class=\"elementor-button-icon\">\n\t\t\t\t<i aria-hidden=\"true\" class=\"vamtamtheme- vamtam-theme-icon-arrow-right-top\"><\/i>\t\t\t<\/span>\n\t\t\t\t\t\t\t\t\t<span class=\"elementor-button-text\">Kontaktoni WhatsApp<\/span>\n\t\t\t\t\t<\/span>\n\t\t\t\t\t<\/a>\n\t\t\t\t<\/div>\n\t\t\t\t\t\t\t\t<\/div>\n\t\t\t\t<\/div>\n\t\t\t\t<div class=\"elementor-element elementor-element-1ecd5d9 elementor-widget__width-auto elementor-widget elementor-widget-heading\" data-id=\"1ecd5d9\" data-element_type=\"widget\" data-widget_type=\"heading.default\">\n\t\t\t\t<div class=\"elementor-widget-container\">\n\t\t\t\t\t<span class=\"elementor-heading-title elementor-size-default\">Albania Distribution Chemicals\n<\/span>\t\t\t\t<\/div>\n\t\t\t\t<\/div>\n\t\t\t\t\t<\/div>\n\t\t<\/div>\n\t\t\t\t\t<\/div>\n\t\t<\/section>\n\t\t\t\t\t<\/div>\n\t\t<\/div>\n\t\t\t\t\t<\/div>\n\t\t<\/section>\n\t\t\t\t<section class=\"elementor-section elementor-top-section elementor-element elementor-element-b3fd502 elementor-section-boxed elementor-section-height-default elementor-section-height-default\" data-id=\"b3fd502\" data-element_type=\"section\">\n\t\t\t\t\t\t<div class=\"elementor-container elementor-column-gap-default\">\n\t\t\t\t\t<div class=\"elementor-column elementor-col-100 elementor-top-column elementor-element elementor-element-a879885\" data-id=\"a879885\" data-element_type=\"column\">\n\t\t\t<div class=\"elementor-widget-wrap elementor-element-populated\">\n\t\t\t\t\t\t<div class=\"elementor-element elementor-element-4a3fe1c elementor-widget elementor-widget-spacer\" data-id=\"4a3fe1c\" data-element_type=\"widget\" data-widget_type=\"spacer.default\">\n\t\t\t\t<div class=\"elementor-widget-container\">\n\t\t\t\t\t\t\t<div class=\"elementor-spacer\">\n\t\t\t<div class=\"elementor-spacer-inner\"><\/div>\n\t\t<\/div>\n\t\t\t\t\t\t<\/div>\n\t\t\t\t<\/div>\n\t\t\t\t<div class=\"vamtam-has-theme-widget-styles elementor-element elementor-element-feed2fe elementor-widget elementor-widget-image\" data-id=\"feed2fe\" data-element_type=\"widget\" data-widget_type=\"image.default\">\n\t\t\t\t<div class=\"elementor-widget-container\">\n\t\t\t\t\t\t\t\t\t<div class=\"elementor-image\">\n\t\t\t\t\t\t\t\t\t\t\t\t\t\t\t\t\t\t\t\t\t<img decoding=\"async\" width=\"8000\" height=\"1355\" src=\"https:\/\/adchem.al\/wp-content\/uploads\/2023\/06\/baner-albania-distribution-chemicals-01.png\" class=\"attachment-full size-full wp-image-987764\" alt=\"\" srcset=\"https:\/\/adchem.al\/wp-content\/uploads\/2023\/06\/baner-albania-distribution-chemicals-01.png 8000w, https:\/\/adchem.al\/wp-content\/uploads\/2023\/06\/baner-albania-distribution-chemicals-01-300x51.png 300w, https:\/\/adchem.al\/wp-content\/uploads\/2023\/06\/baner-albania-distribution-chemicals-01-1024x173.png 1024w, https:\/\/adchem.al\/wp-content\/uploads\/2023\/06\/baner-albania-distribution-chemicals-01-768x130.png 768w, https:\/\/adchem.al\/wp-content\/uploads\/2023\/06\/baner-albania-distribution-chemicals-01-1536x260.png 1536w, https:\/\/adchem.al\/wp-content\/uploads\/2023\/06\/baner-albania-distribution-chemicals-01-2048x347.png 2048w\" sizes=\"(max-width: 8000px) 100vw, 8000px\" \/>\t\t\t\t\t\t\t\t\t\t\t\t\t\t\t\t\t\t\t\t\t\t\t\t<\/div>\n\t\t\t\t\t\t\t\t<\/div>\n\t\t\t\t<\/div>\n\t\t\t\t\t<\/div>\n\t\t<\/div>\n\t\t\t\t\t<\/div>\n\t\t<\/section>\n\t\t\t\t<\/div>","protected":false},"excerpt":{"rendered":"<p>Produkti: Sulfat alumini<\/p>\n<p>Formula Kimike: Al2(SO4)3<\/p>\n<p>Informacion rreth produktit:<\/p>\n<p>\u2013 Sulfati i aluminit \u00ebsht\u00eb nj\u00eb p\u00ebrb\u00ebrje inorganike me formul\u00ebn kimike Al2(SO4)3.<br \/>\n\u2013 \u00cbsht\u00eb nj\u00eb l\u00ebnd\u00eb e ngurt\u00eb kristalore e bardh\u00eb q\u00eb tretet n\u00eb uj\u00eb.<br \/>\n\u2013 Sulfati i aluminit p\u00ebrdoret zakonisht si koagulant n\u00eb proceset e trajtimit t\u00eb ujit p\u00ebr t\u00eb pastruar dhe pastruar ujin duke hequr papast\u00ebrtit\u00eb dhe grimcat e pezulluara.<\/p>","protected":false},"author":2,"featured_media":988249,"parent":988231,"menu_order":0,"comment_status":"closed","ping_status":"closed","template":"","meta":{"inline_featured_image":false,"footnotes":""},"class_list":["post-988248","page","type-page","status-publish","has-post-thumbnail","hentry"],"yoast_head":"<!-- This site is optimized with the Yoast SEO plugin v27.4 - https:\/\/yoast.com\/product\/yoast-seo-wordpress\/ -->\n<title>Aluminum Sulfate | Albania Distribution Chemicals<\/title>\n<meta name=\"robots\" content=\"index, follow, max-snippet:-1, max-image-preview:large, max-video-preview:-1\" \/>\n<link rel=\"canonical\" href=\"https:\/\/adchem.al\/al\/water-treatmens\/aluminum-sulfate\/\" \/>\n<meta property=\"og:locale\" content=\"sq_AL\" \/>\n<meta property=\"og:type\" content=\"article\" \/>\n<meta property=\"og:title\" content=\"Aluminum Sulfate | Albania Distribution Chemicals\" \/>\n<meta property=\"og:description\" content=\"Product: Aluminum Sulfate Chemical Formula: Al2(SO4)3 Information about the product: - Aluminum sulfate is an inorganic compound with the chemical formula Al2(SO4)3. - It is a white crystalline solid that is soluble in water. - Aluminum sulfate is commonly used as a coagulant in water treatment processes to clarify and purify water by removing impurities and suspended particles.\" \/>\n<meta property=\"og:url\" content=\"https:\/\/adchem.al\/al\/water-treatmens\/aluminum-sulfate\/\" \/>\n<meta property=\"og:site_name\" content=\"Albania Distribution Chemicals\" \/>\n<meta property=\"article:publisher\" content=\"https:\/\/www.facebook.com\/albaniadistributionchem\/?ref=py_c\" \/>\n<meta property=\"article:modified_time\" content=\"2023-06-27T21:15:24+00:00\" \/>\n<meta property=\"og:image\" content=\"https:\/\/adchem.al\/wp-content\/uploads\/2023\/06\/1640249132250.webp\" \/>\n\t<meta property=\"og:image:width\" content=\"512\" \/>\n\t<meta property=\"og:image:height\" content=\"299\" \/>\n\t<meta property=\"og:image:type\" content=\"image\/webp\" \/>\n<meta name=\"twitter:card\" content=\"summary_large_image\" \/>\n<script type=\"application\/ld+json\" class=\"yoast-schema-graph\">{\"@context\":\"https:\\\/\\\/schema.org\",\"@graph\":[{\"@type\":\"WebPage\",\"@id\":\"https:\\\/\\\/adchem.al\\\/water-treatmens\\\/aluminum-sulfate\\\/\",\"url\":\"https:\\\/\\\/adchem.al\\\/water-treatmens\\\/aluminum-sulfate\\\/\",\"name\":\"Aluminum Sulfate | Albania Distribution Chemicals\",\"isPartOf\":{\"@id\":\"https:\\\/\\\/adchem.al\\\/#website\"},\"primaryImageOfPage\":{\"@id\":\"https:\\\/\\\/adchem.al\\\/water-treatmens\\\/aluminum-sulfate\\\/#primaryimage\"},\"image\":{\"@id\":\"https:\\\/\\\/adchem.al\\\/water-treatmens\\\/aluminum-sulfate\\\/#primaryimage\"},\"thumbnailUrl\":\"https:\\\/\\\/adchem.al\\\/wp-content\\\/uploads\\\/2023\\\/06\\\/1640249132250.webp\",\"datePublished\":\"2023-06-24T20:54:06+00:00\",\"dateModified\":\"2023-06-27T21:15:24+00:00\",\"breadcrumb\":{\"@id\":\"https:\\\/\\\/adchem.al\\\/water-treatmens\\\/aluminum-sulfate\\\/#breadcrumb\"},\"inLanguage\":\"sq\",\"potentialAction\":[{\"@type\":\"ReadAction\",\"target\":[\"https:\\\/\\\/adchem.al\\\/water-treatmens\\\/aluminum-sulfate\\\/\"]}]},{\"@type\":\"ImageObject\",\"inLanguage\":\"sq\",\"@id\":\"https:\\\/\\\/adchem.al\\\/water-treatmens\\\/aluminum-sulfate\\\/#primaryimage\",\"url\":\"https:\\\/\\\/adchem.al\\\/wp-content\\\/uploads\\\/2023\\\/06\\\/1640249132250.webp\",\"contentUrl\":\"https:\\\/\\\/adchem.al\\\/wp-content\\\/uploads\\\/2023\\\/06\\\/1640249132250.webp\",\"width\":512,\"height\":299},{\"@type\":\"BreadcrumbList\",\"@id\":\"https:\\\/\\\/adchem.al\\\/water-treatmens\\\/aluminum-sulfate\\\/#breadcrumb\",\"itemListElement\":[{\"@type\":\"ListItem\",\"position\":1,\"name\":\"Home\",\"item\":\"https:\\\/\\\/adchem.al\\\/\"},{\"@type\":\"ListItem\",\"position\":2,\"name\":\"Water Treatmens\",\"item\":\"https:\\\/\\\/adchem.al\\\/water-treatmens\\\/\"},{\"@type\":\"ListItem\",\"position\":3,\"name\":\"Aluminum Sulfate\"}]},{\"@type\":\"WebSite\",\"@id\":\"https:\\\/\\\/adchem.al\\\/#website\",\"url\":\"https:\\\/\\\/adchem.al\\\/\",\"name\":\"Albania Distribution Chemicals\",\"description\":\"&quot;Excellence in Chemical Distribution&quot;\",\"publisher\":{\"@id\":\"https:\\\/\\\/adchem.al\\\/#organization\"},\"alternateName\":\"ADC\",\"potentialAction\":[{\"@type\":\"SearchAction\",\"target\":{\"@type\":\"EntryPoint\",\"urlTemplate\":\"https:\\\/\\\/adchem.al\\\/?s={search_term_string}\"},\"query-input\":{\"@type\":\"PropertyValueSpecification\",\"valueRequired\":true,\"valueName\":\"search_term_string\"}}],\"inLanguage\":\"sq\"},{\"@type\":\"Organization\",\"@id\":\"https:\\\/\\\/adchem.al\\\/#organization\",\"name\":\"Albania Distribution Chemicals\",\"alternateName\":\"ADC\",\"url\":\"https:\\\/\\\/adchem.al\\\/\",\"logo\":{\"@type\":\"ImageObject\",\"inLanguage\":\"sq\",\"@id\":\"https:\\\/\\\/adchem.al\\\/#\\\/schema\\\/logo\\\/image\\\/\",\"url\":\"https:\\\/\\\/adchem.al\\\/wp-content\\\/uploads\\\/2022\\\/09\\\/Albania-Distribution-Chemicals-Logo-01.png\",\"contentUrl\":\"https:\\\/\\\/adchem.al\\\/wp-content\\\/uploads\\\/2022\\\/09\\\/Albania-Distribution-Chemicals-Logo-01.png\",\"width\":308,\"height\":104,\"caption\":\"Albania Distribution Chemicals\"},\"image\":{\"@id\":\"https:\\\/\\\/adchem.al\\\/#\\\/schema\\\/logo\\\/image\\\/\"},\"sameAs\":[\"https:\\\/\\\/www.facebook.com\\\/albaniadistributionchem\\\/?ref=py_c\",\"https:\\\/\\\/www.instagram.com\\\/albania_distribution_chemicals\\\/\"]}]}<\/script>\n<!-- \/ Yoast SEO plugin. -->","yoast_head_json":{"title":"Aluminum Sulfate | Albania Distribution Chemicals","robots":{"index":"index","follow":"follow","max-snippet":"max-snippet:-1","max-image-preview":"max-image-preview:large","max-video-preview":"max-video-preview:-1"},"canonical":"https:\/\/adchem.al\/al\/water-treatmens\/aluminum-sulfate\/","og_locale":"sq_AL","og_type":"article","og_title":"Aluminum Sulfate | Albania Distribution Chemicals","og_description":"Product: Aluminum Sulfate Chemical Formula: Al2(SO4)3 Information about the product: - Aluminum sulfate is an inorganic compound with the chemical formula Al2(SO4)3. - It is a white crystalline solid that is soluble in water. - Aluminum sulfate is commonly used as a coagulant in water treatment processes to clarify and purify water by removing impurities and suspended particles.","og_url":"https:\/\/adchem.al\/al\/water-treatmens\/aluminum-sulfate\/","og_site_name":"Albania Distribution Chemicals","article_publisher":"https:\/\/www.facebook.com\/albaniadistributionchem\/?ref=py_c","article_modified_time":"2023-06-27T21:15:24+00:00","og_image":[{"width":512,"height":299,"url":"https:\/\/adchem.al\/wp-content\/uploads\/2023\/06\/1640249132250.webp","type":"image\/webp"}],"twitter_card":"summary_large_image","schema":{"@context":"https:\/\/schema.org","@graph":[{"@type":"WebPage","@id":"https:\/\/adchem.al\/water-treatmens\/aluminum-sulfate\/","url":"https:\/\/adchem.al\/water-treatmens\/aluminum-sulfate\/","name":"Aluminum Sulfate | Albania Distribution Chemicals","isPartOf":{"@id":"https:\/\/adchem.al\/#website"},"primaryImageOfPage":{"@id":"https:\/\/adchem.al\/water-treatmens\/aluminum-sulfate\/#primaryimage"},"image":{"@id":"https:\/\/adchem.al\/water-treatmens\/aluminum-sulfate\/#primaryimage"},"thumbnailUrl":"https:\/\/adchem.al\/wp-content\/uploads\/2023\/06\/1640249132250.webp","datePublished":"2023-06-24T20:54:06+00:00","dateModified":"2023-06-27T21:15:24+00:00","breadcrumb":{"@id":"https:\/\/adchem.al\/water-treatmens\/aluminum-sulfate\/#breadcrumb"},"inLanguage":"sq","potentialAction":[{"@type":"ReadAction","target":["https:\/\/adchem.al\/water-treatmens\/aluminum-sulfate\/"]}]},{"@type":"ImageObject","inLanguage":"sq","@id":"https:\/\/adchem.al\/water-treatmens\/aluminum-sulfate\/#primaryimage","url":"https:\/\/adchem.al\/wp-content\/uploads\/2023\/06\/1640249132250.webp","contentUrl":"https:\/\/adchem.al\/wp-content\/uploads\/2023\/06\/1640249132250.webp","width":512,"height":299},{"@type":"BreadcrumbList","@id":"https:\/\/adchem.al\/water-treatmens\/aluminum-sulfate\/#breadcrumb","itemListElement":[{"@type":"ListItem","position":1,"name":"Home","item":"https:\/\/adchem.al\/"},{"@type":"ListItem","position":2,"name":"Water Treatmens","item":"https:\/\/adchem.al\/water-treatmens\/"},{"@type":"ListItem","position":3,"name":"Aluminum Sulfate"}]},{"@type":"WebSite","@id":"https:\/\/adchem.al\/#website","url":"https:\/\/adchem.al\/","name":"Albania Distribution Chemicals","description":"&quot;Excellence in Chemical Distribution&quot;","publisher":{"@id":"https:\/\/adchem.al\/#organization"},"alternateName":"ADC","potentialAction":[{"@type":"SearchAction","target":{"@type":"EntryPoint","urlTemplate":"https:\/\/adchem.al\/?s={search_term_string}"},"query-input":{"@type":"PropertyValueSpecification","valueRequired":true,"valueName":"search_term_string"}}],"inLanguage":"sq"},{"@type":"Organization","@id":"https:\/\/adchem.al\/#organization","name":"Albania Distribution Chemicals","alternateName":"ADC","url":"https:\/\/adchem.al\/","logo":{"@type":"ImageObject","inLanguage":"sq","@id":"https:\/\/adchem.al\/#\/schema\/logo\/image\/","url":"https:\/\/adchem.al\/wp-content\/uploads\/2022\/09\/Albania-Distribution-Chemicals-Logo-01.png","contentUrl":"https:\/\/adchem.al\/wp-content\/uploads\/2022\/09\/Albania-Distribution-Chemicals-Logo-01.png","width":308,"height":104,"caption":"Albania Distribution Chemicals"},"image":{"@id":"https:\/\/adchem.al\/#\/schema\/logo\/image\/"},"sameAs":["https:\/\/www.facebook.com\/albaniadistributionchem\/?ref=py_c","https:\/\/www.instagram.com\/albania_distribution_chemicals\/"]}]}},"_links":{"self":[{"href":"https:\/\/adchem.al\/al\/wp-json\/wp\/v2\/pages\/988248","targetHints":{"allow":["GET"]}}],"collection":[{"href":"https:\/\/adchem.al\/al\/wp-json\/wp\/v2\/pages"}],"about":[{"href":"https:\/\/adchem.al\/al\/wp-json\/wp\/v2\/types\/page"}],"author":[{"embeddable":true,"href":"https:\/\/adchem.al\/al\/wp-json\/wp\/v2\/users\/2"}],"replies":[{"embeddable":true,"href":"https:\/\/adchem.al\/al\/wp-json\/wp\/v2\/comments?post=988248"}],"version-history":[{"count":10,"href":"https:\/\/adchem.al\/al\/wp-json\/wp\/v2\/pages\/988248\/revisions"}],"predecessor-version":[{"id":989214,"href":"https:\/\/adchem.al\/al\/wp-json\/wp\/v2\/pages\/988248\/revisions\/989214"}],"up":[{"embeddable":true,"href":"https:\/\/adchem.al\/al\/wp-json\/wp\/v2\/pages\/988231"}],"wp:featuredmedia":[{"embeddable":true,"href":"https:\/\/adchem.al\/al\/wp-json\/wp\/v2\/media\/988249"}],"wp:attachment":[{"href":"https:\/\/adchem.al\/al\/wp-json\/wp\/v2\/media?parent=988248"}],"curies":[{"name":"wp","href":"https:\/\/api.w.org\/{rel}","templated":true}]}}