{"id":988101,"date":"2023-06-24T16:04:54","date_gmt":"2023-06-24T16:04:54","guid":{"rendered":"https:\/\/adchem.al\/?page_id=988101"},"modified":"2023-06-27T21:13:14","modified_gmt":"2023-06-27T21:13:14","slug":"zinc-chloride","status":"publish","type":"page","link":"https:\/\/adchem.al\/al\/basic-chemicals\/zinc-chloride\/","title":{"rendered":"Klorur Zinku"},"content":{"rendered":"<div data-elementor-type=\"wp-page\" data-elementor-id=\"988101\" class=\"elementor elementor-988101\" data-elementor-post-type=\"page\">\n\t\t\t\t\t\t<section class=\"elementor-section elementor-top-section elementor-element elementor-element-37858afc elementor-section-full_width elementor-section-height-default elementor-section-height-default\" data-id=\"37858afc\" data-element_type=\"section\">\n\t\t\t\t\t\t<div class=\"elementor-container elementor-column-gap-no\">\n\t\t\t\t\t<div class=\"elementor-column elementor-col-100 elementor-top-column elementor-element elementor-element-60bb79bd\" data-id=\"60bb79bd\" data-element_type=\"column\">\n\t\t\t<div class=\"elementor-widget-wrap elementor-element-populated\">\n\t\t\t\t\t\t<div class=\"vamtam-has-theme-widget-styles elementor-element elementor-element-86d4d6c elementor-widget elementor-widget-image\" data-id=\"86d4d6c\" data-element_type=\"widget\" data-widget_type=\"image.default\">\n\t\t\t\t<div class=\"elementor-widget-container\">\n\t\t\t\t\t\t\t\t\t<div class=\"elementor-image\">\n\t\t\t\t\t\t\t\t\t\t\t\t\t\t\t\t<figure class=\"wp-caption\">\n\t\t\t\t\t\t\t\t\t\t\t\t\t\t\t\t<img fetchpriority=\"high\" decoding=\"async\" width=\"260\" height=\"275\" src=\"https:\/\/adchem.al\/wp-content\/uploads\/2023\/06\/Brilliant_cresyl_blue_zinc_chloride_complex.svg\" class=\"attachment-full size-full wp-image-988102\" alt=\"\" \/>\t\t\t\t\t\t\t\t\t\t\t\t\t\t\t\t\t<figcaption class=\"widget-image-caption wp-caption-text\">Albania Distribution Chemicals<\/figcaption>\n\t\t\t\t\t\t\t\t\t\t\t\t\t\t\t\t<\/figure>\n\t\t\t\t\t\t\t\t\t\t\t\t\t\t<\/div>\n\t\t\t\t\t\t\t\t<\/div>\n\t\t\t\t<\/div>\n\t\t\t\t<div class=\"elementor-element elementor-element-61992a9a elementor-widget elementor-widget-text-editor\" data-id=\"61992a9a\" data-element_type=\"widget\" data-widget_type=\"text-editor.default\">\n\t\t\t\t<div class=\"elementor-widget-container\">\n\t\t\t\t\t\t\t\t\t<div class=\"woocommerce-product-details__short-description\"><div class=\"woocommerce-product-details__short-description\"><div class=\"woocommerce-product-details__short-description\"><p><strong>Produkti: Klorur Zink<\/strong><\/p><p><strong>Formula Kimike: ZnCl2<\/strong><\/p><p><strong>Informacion rreth produktit:<\/strong><\/p><p>\u2013 Kloruri i zinkut \u00ebsht\u00eb nj\u00eb p\u00ebrb\u00ebrje inorganike me formul\u00ebn kimike ZnCl2.<br \/>\u2013 \u00cbsht\u00eb nj\u00eb l\u00ebnd\u00eb e ngurt\u00eb kristalore e bardh\u00eb me er\u00eb t\u00eb fort\u00eb dhe tretshm\u00ebri t\u00eb lart\u00eb n\u00eb uj\u00eb.<br \/>\u2013 Kloruri i zinkut \u00ebsht\u00eb higroskopik, q\u00eb do t\u00eb thot\u00eb se thith leht\u00ebsisht lag\u00ebshtin\u00eb nga ajri.<\/p><p><strong>Informacion p\u00ebr sektorin e p\u00ebrdorimit t\u00eb produktit:<\/strong><\/p><p>1. Trajtimi i sip\u00ebrfaqes s\u00eb metalit:<br \/>\u2013 Kloruri i zinkut p\u00ebrdoret n\u00eb proceset e trajtimit t\u00eb sip\u00ebrfaqes s\u00eb metaleve, si galvanizimi dhe saldimi. Ndihmon n\u00eb pastrimin dhe p\u00ebrgatitjen e sip\u00ebrfaqeve metalike p\u00ebr ngjitje m\u00eb t\u00eb mir\u00eb t\u00eb veshjeve ose saldimit, duke rritur rezistenc\u00ebn e tyre ndaj korrozionit.<\/p><p>2. Industria e tekstilit:<br \/>\u2013 Kloruri i zinkut gjen aplikim n\u00eb industrin\u00eb e tekstilit si katalizator n\u00eb procese t\u00eb ndryshme ngjyrosjeje dhe printimi. Ndihmon n\u00eb p\u00ebrmir\u00ebsimin e q\u00ebndrueshm\u00ebris\u00eb s\u00eb ngjyrave dhe leht\u00ebson fiksimin e ngjyrave n\u00eb p\u00eblhura.<\/p><p>3. Sinteza kimike:<br \/>\u2013 Kloruri i zinkut sh\u00ebrben si katalizator dhe reagent n\u00eb reaksionet e sintez\u00ebs kimike. P\u00ebrdoret n\u00eb sintez\u00ebn organike p\u00ebr reaksione si acilimi i Friedel-Crafts, rirregullimi i Beckmann dhe sinteza e indolit Fischer.<\/p><p>4. Baterit\u00eb:<br \/>\u2013 Kloruri i zinkut p\u00ebrdoret n\u00eb lloje t\u00eb caktuara t\u00eb baterive, ve\u00e7an\u00ebrisht n\u00eb baterit\u00eb zink-karbon. Ai vepron si nj\u00eb elektrolit, duke leht\u00ebsuar l\u00ebvizjen e joneve dhe rrjedh\u00ebn e energjis\u00eb elektrike.<\/p><p>5. Ruajtja e drurit:<br \/>\u2013 Kloruri i zinkut p\u00ebrdoret n\u00eb trajtimet e ruajtjes s\u00eb drurit p\u00ebr t\u00eb mbrojtur kund\u00ebr kalbjes s\u00eb k\u00ebrpudhave dhe infektimit nga insektet. P\u00ebrdoret n\u00eb impregnimin e drurit, duke ndihmuar n\u00eb zgjatjen e jet\u00ebgjat\u00ebsis\u00eb dhe q\u00ebndrueshm\u00ebris\u00eb s\u00eb tij.<\/p><p>6. Deodorant\u00eb dhe antidjers\u00eb:<br \/>\u2013 Kloruri i zinkut \u00ebsht\u00eb nj\u00eb p\u00ebrb\u00ebr\u00ebs i zakonsh\u00ebm n\u00eb deodorant\u00ebt dhe antidjers\u00eb. Ndihmon n\u00eb kontrollin e er\u00ebs s\u00eb trupit duke penguar rritjen e baktereve q\u00eb shkaktojn\u00eb er\u00ebn dhe duke reduktuar prodhimin e djers\u00ebs.<\/p><p>7. Aplikimet dentare:<br \/>\u2013 Kloruri i zinkut p\u00ebrdoret n\u00eb aplikime dentare, duke p\u00ebrfshir\u00eb shp\u00eblarjet e goj\u00ebs dhe produktet e kujdesit oral. Ndihmon n\u00eb parandalimin dhe trajtimin e infeksioneve orale, gingivitit dhe er\u00ebs s\u00eb keqe t\u00eb goj\u00ebs p\u00ebr shkak t\u00eb vetive t\u00eb tij antimikrobike.<\/p><p>8. Flukset n\u00eb saldim:<br \/>\u2013 Kloruri i zinkut p\u00ebrdoret si fluks n\u00eb aplikimet e saldimit. Ndihmon n\u00eb largimin e oksideve nga sip\u00ebrfaqet metalike, duke mund\u00ebsuar lag\u00ebshtim dhe rrjedhje m\u00eb t\u00eb mir\u00eb t\u00eb saldimit gjat\u00eb procesit t\u00eb bashkimit.<\/p><p>9. Analiza kimike:<br \/>\u2013 Kloruri i zinkut p\u00ebrdoret n\u00eb teknika t\u00eb ndryshme t\u00eb analizave kimike. Mund t\u00eb p\u00ebrdoret si nj\u00eb agjent precipitues, nj\u00eb reagent p\u00ebr analiza cil\u00ebsore dhe sasiore dhe nj\u00eb burim i joneve t\u00eb zinkut n\u00eb metodat analitike.<\/p><p>10. Pastrimi industrial:<br \/>\u2013 Kloruri i zinkut p\u00ebrdoret n\u00eb produktet dhe formulimet industriale t\u00eb pastrimit. Ai vepron si nj\u00eb agjent pastrimi p\u00ebr heqjen e papast\u00ebrtive, yndyr\u00ebs dhe shtresave okside nga sip\u00ebrfaqet dhe pajisjet metalike.<\/p><p>Kloruri i zinkut \u00ebsht\u00eb nj\u00eb p\u00ebrb\u00ebr\u00ebs i gjithansh\u00ebm me aplikime t\u00eb ndryshme n\u00eb sektor\u00eb t\u00eb ndrysh\u00ebm. Vetit\u00eb e tij unike e b\u00ebjn\u00eb at\u00eb t\u00eb vlefsh\u00ebm n\u00eb trajtimin e metaleve, ngjyrosjen e tekstilit, sintez\u00ebn kimike, ruajtjen e drurit dhe industri t\u00eb tjera t\u00eb ndryshme. Duhet pasur kujdes n\u00eb trajtimin dhe ruajtjen, pasi kloruri i zinkut mund t\u00eb jet\u00eb g\u00ebrryes dhe mund t\u00eb shkaktoj\u00eb irritim t\u00eb l\u00ebkur\u00ebs, syve dhe sistemit t\u00eb frym\u00ebmarrjes. Duhet t\u00eb ndiqen masat dhe udh\u00ebzimet e duhura t\u00eb siguris\u00eb kur punoni me k\u00ebt\u00eb p\u00ebrb\u00ebrje.<\/p><\/div><\/div><\/div>\t\t\t\t\t\t\t\t<\/div>\n\t\t\t\t<\/div>\n\t\t\t\t<section class=\"elementor-section elementor-inner-section elementor-element elementor-element-03119c1 elementor-section-boxed elementor-section-height-default elementor-section-height-default\" data-id=\"03119c1\" data-element_type=\"section\" data-settings=\"{&quot;background_background&quot;:&quot;classic&quot;}\">\n\t\t\t\t\t\t<div class=\"elementor-container elementor-column-gap-no\">\n\t\t\t\t\t<div class=\"elementor-column elementor-col-100 elementor-inner-column elementor-element elementor-element-69a9459\" data-id=\"69a9459\" data-element_type=\"column\">\n\t\t\t<div class=\"elementor-widget-wrap elementor-element-populated\">\n\t\t\t\t\t\t<div class=\"elementor-element elementor-element-a28abf9 elementor-view-default elementor-widget elementor-widget-icon\" data-id=\"a28abf9\" data-element_type=\"widget\" data-widget_type=\"icon.default\">\n\t\t\t\t<div class=\"elementor-widget-container\">\n\t\t\t\t\t\t\t<div class=\"elementor-icon-wrapper\">\n\t\t\t<div class=\"elementor-icon\">\n\t\t\t<i aria-hidden=\"true\" class=\"vamtamtheme- vamtam-theme-quote-start\"><\/i>\t\t\t<\/div>\n\t\t<\/div>\n\t\t\t\t\t\t<\/div>\n\t\t\t\t<\/div>\n\t\t\t\t<div class=\"elementor-element elementor-element-1e0b85a elementor-widget elementor-widget-text-editor\" data-id=\"1e0b85a\" data-element_type=\"widget\" data-widget_type=\"text-editor.default\">\n\t\t\t\t<div class=\"elementor-widget-container\">\n\t\t\t\t\t\t\t\t\t<p>\"P\u00ebr \u00e7do informacion, shkruani n\u00eb WhatsApp: Gjith\u00e7ka q\u00eb ju nevojitet, n\u00eb koh\u00eb reale, n\u00eb nj\u00eb mesazh. Na kontaktoni dhe jemi gati t\u00eb ju ndihmojm\u00eb.\"<\/p>\t\t\t\t\t\t\t\t<\/div>\n\t\t\t\t<\/div>\n\t\t\t\t<div class=\"elementor-element elementor-element-d87082c elementor-widget-divider--view-line elementor-widget elementor-widget-divider\" data-id=\"d87082c\" data-element_type=\"widget\" data-widget_type=\"divider.default\">\n\t\t\t\t<div class=\"elementor-widget-container\">\n\t\t\t\t\t\t\t<div class=\"elementor-divider\">\n\t\t\t<span class=\"elementor-divider-separator\">\n\t\t\t\t\t\t<\/span>\n\t\t<\/div>\n\t\t\t\t\t\t<\/div>\n\t\t\t\t<\/div>\n\t\t\t\t<div class=\"vamtam-has-theme-widget-styles elementor-element elementor-element-8f26529 elementor-widget__width-auto vamtam-has-underline-anim elementor-widget elementor-widget-button\" data-id=\"8f26529\" data-element_type=\"widget\" data-widget_type=\"button.default\">\n\t\t\t\t<div class=\"elementor-widget-container\">\n\t\t\t\t\t\t\t\t\t<div class=\"elementor-button-wrapper\">\n\t\t\t\t\t<a class=\"elementor-button elementor-button-link elementor-size-md\" href=\"https:\/\/wa.me\/355694000260\">\n\t\t\t\t\t\t<span class=\"elementor-button-content-wrapper\">\n\t\t\t\t\t\t<span class=\"elementor-button-icon\">\n\t\t\t\t<i aria-hidden=\"true\" class=\"vamtamtheme- vamtam-theme-icon-arrow-right-top\"><\/i>\t\t\t<\/span>\n\t\t\t\t\t\t\t\t\t<span class=\"elementor-button-text\">Kontaktoni WhatsApp<\/span>\n\t\t\t\t\t<\/span>\n\t\t\t\t\t<\/a>\n\t\t\t\t<\/div>\n\t\t\t\t\t\t\t\t<\/div>\n\t\t\t\t<\/div>\n\t\t\t\t<div class=\"elementor-element elementor-element-cd10153 elementor-widget__width-auto elementor-widget elementor-widget-heading\" data-id=\"cd10153\" data-element_type=\"widget\" data-widget_type=\"heading.default\">\n\t\t\t\t<div class=\"elementor-widget-container\">\n\t\t\t\t\t<span class=\"elementor-heading-title elementor-size-default\">Albania Distribution Chemicals\n<\/span>\t\t\t\t<\/div>\n\t\t\t\t<\/div>\n\t\t\t\t\t<\/div>\n\t\t<\/div>\n\t\t\t\t\t<\/div>\n\t\t<\/section>\n\t\t\t\t\t<\/div>\n\t\t<\/div>\n\t\t\t\t\t<\/div>\n\t\t<\/section>\n\t\t\t\t<section class=\"elementor-section elementor-top-section elementor-element elementor-element-b3fd502 elementor-section-boxed elementor-section-height-default elementor-section-height-default\" data-id=\"b3fd502\" data-element_type=\"section\">\n\t\t\t\t\t\t<div class=\"elementor-container elementor-column-gap-default\">\n\t\t\t\t\t<div class=\"elementor-column elementor-col-100 elementor-top-column elementor-element elementor-element-a879885\" data-id=\"a879885\" data-element_type=\"column\">\n\t\t\t<div class=\"elementor-widget-wrap elementor-element-populated\">\n\t\t\t\t\t\t<div class=\"elementor-element elementor-element-4a3fe1c elementor-widget elementor-widget-spacer\" data-id=\"4a3fe1c\" data-element_type=\"widget\" data-widget_type=\"spacer.default\">\n\t\t\t\t<div class=\"elementor-widget-container\">\n\t\t\t\t\t\t\t<div class=\"elementor-spacer\">\n\t\t\t<div class=\"elementor-spacer-inner\"><\/div>\n\t\t<\/div>\n\t\t\t\t\t\t<\/div>\n\t\t\t\t<\/div>\n\t\t\t\t<div class=\"vamtam-has-theme-widget-styles elementor-element elementor-element-feed2fe elementor-widget elementor-widget-image\" data-id=\"feed2fe\" data-element_type=\"widget\" data-widget_type=\"image.default\">\n\t\t\t\t<div class=\"elementor-widget-container\">\n\t\t\t\t\t\t\t\t\t<div class=\"elementor-image\">\n\t\t\t\t\t\t\t\t\t\t\t\t\t\t\t\t\t\t\t\t\t<img decoding=\"async\" width=\"8000\" height=\"1355\" src=\"https:\/\/adchem.al\/wp-content\/uploads\/2023\/06\/baner-albania-distribution-chemicals-01.png\" class=\"attachment-full size-full wp-image-987764\" alt=\"\" srcset=\"https:\/\/adchem.al\/wp-content\/uploads\/2023\/06\/baner-albania-distribution-chemicals-01.png 8000w, https:\/\/adchem.al\/wp-content\/uploads\/2023\/06\/baner-albania-distribution-chemicals-01-300x51.png 300w, https:\/\/adchem.al\/wp-content\/uploads\/2023\/06\/baner-albania-distribution-chemicals-01-1024x173.png 1024w, https:\/\/adchem.al\/wp-content\/uploads\/2023\/06\/baner-albania-distribution-chemicals-01-768x130.png 768w, https:\/\/adchem.al\/wp-content\/uploads\/2023\/06\/baner-albania-distribution-chemicals-01-1536x260.png 1536w, https:\/\/adchem.al\/wp-content\/uploads\/2023\/06\/baner-albania-distribution-chemicals-01-2048x347.png 2048w\" sizes=\"(max-width: 8000px) 100vw, 8000px\" \/>\t\t\t\t\t\t\t\t\t\t\t\t\t\t\t\t\t\t\t\t\t\t\t\t<\/div>\n\t\t\t\t\t\t\t\t<\/div>\n\t\t\t\t<\/div>\n\t\t\t\t\t<\/div>\n\t\t<\/div>\n\t\t\t\t\t<\/div>\n\t\t<\/section>\n\t\t\t\t<\/div>","protected":false},"excerpt":{"rendered":"<p>Produkti: Klorur Zink<\/p>\n<p>Formula Kimike: ZnCl2<\/p>\n<p>Informacion rreth produktit:<\/p>\n<p>\u2013 Kloruri i zinkut \u00ebsht\u00eb nj\u00eb p\u00ebrb\u00ebrje inorganike me formul\u00ebn kimike ZnCl2.<br \/>\n\u2013 \u00cbsht\u00eb nj\u00eb l\u00ebnd\u00eb e ngurt\u00eb kristalore e bardh\u00eb me er\u00eb t\u00eb fort\u00eb dhe tretshm\u00ebri t\u00eb lart\u00eb n\u00eb uj\u00eb.<br \/>\n\u2013 Kloruri i zinkut \u00ebsht\u00eb higroskopik, q\u00eb do t\u00eb thot\u00eb se thith leht\u00ebsisht lag\u00ebshtin\u00eb nga ajri.<\/p>","protected":false},"author":2,"featured_media":988102,"parent":987952,"menu_order":0,"comment_status":"closed","ping_status":"closed","template":"","meta":{"inline_featured_image":false,"footnotes":""},"class_list":["post-988101","page","type-page","status-publish","has-post-thumbnail","hentry"],"yoast_head":"<!-- This site is optimized with the Yoast SEO plugin v27.3 - https:\/\/yoast.com\/product\/yoast-seo-wordpress\/ -->\n<title>Zinc Chloride | Albania Distribution Chemicals<\/title>\n<meta name=\"robots\" content=\"index, follow, max-snippet:-1, max-image-preview:large, max-video-preview:-1\" \/>\n<link rel=\"canonical\" href=\"https:\/\/adchem.al\/al\/basic-chemicals\/zinc-chloride\/\" \/>\n<meta property=\"og:locale\" content=\"sq_AL\" \/>\n<meta property=\"og:type\" content=\"article\" \/>\n<meta property=\"og:title\" content=\"Zinc Chloride | Albania Distribution Chemicals\" \/>\n<meta property=\"og:description\" content=\"Product: Zinc Chloride Chemical Formula: ZnCl2 Information about the product: - Zinc chloride is an inorganic compound with the chemical formula ZnCl2. - It is a white crystalline solid with a strong odor and high solubility in water. - Zinc chloride is hygroscopic, meaning it readily absorbs moisture from the air.\" \/>\n<meta property=\"og:url\" content=\"https:\/\/adchem.al\/al\/basic-chemicals\/zinc-chloride\/\" \/>\n<meta property=\"og:site_name\" content=\"Albania Distribution Chemicals\" \/>\n<meta property=\"article:publisher\" content=\"https:\/\/www.facebook.com\/albaniadistributionchem\/?ref=py_c\" \/>\n<meta property=\"article:modified_time\" content=\"2023-06-27T21:13:14+00:00\" \/>\n<meta property=\"og:image\" content=\"https:\/\/adchem.al\/wp-content\/uploads\/2023\/06\/adchem-wallpaper-home.webp-2.webp\" \/>\n\t<meta property=\"og:image:width\" content=\"2560\" \/>\n\t<meta property=\"og:image:height\" content=\"1244\" \/>\n\t<meta property=\"og:image:type\" content=\"image\/webp\" \/>\n<meta name=\"twitter:card\" content=\"summary_large_image\" \/>\n<script type=\"application\/ld+json\" class=\"yoast-schema-graph\">{\"@context\":\"https:\\\/\\\/schema.org\",\"@graph\":[{\"@type\":\"WebPage\",\"@id\":\"https:\\\/\\\/adchem.al\\\/basic-chemicals\\\/zinc-chloride\\\/\",\"url\":\"https:\\\/\\\/adchem.al\\\/basic-chemicals\\\/zinc-chloride\\\/\",\"name\":\"Zinc Chloride | Albania Distribution Chemicals\",\"isPartOf\":{\"@id\":\"https:\\\/\\\/adchem.al\\\/#website\"},\"primaryImageOfPage\":{\"@id\":\"https:\\\/\\\/adchem.al\\\/basic-chemicals\\\/zinc-chloride\\\/#primaryimage\"},\"image\":{\"@id\":\"https:\\\/\\\/adchem.al\\\/basic-chemicals\\\/zinc-chloride\\\/#primaryimage\"},\"thumbnailUrl\":\"https:\\\/\\\/adchem.al\\\/wp-content\\\/uploads\\\/2023\\\/06\\\/Brilliant_cresyl_blue_zinc_chloride_complex.svg\",\"datePublished\":\"2023-06-24T16:04:54+00:00\",\"dateModified\":\"2023-06-27T21:13:14+00:00\",\"breadcrumb\":{\"@id\":\"https:\\\/\\\/adchem.al\\\/basic-chemicals\\\/zinc-chloride\\\/#breadcrumb\"},\"inLanguage\":\"sq\",\"potentialAction\":[{\"@type\":\"ReadAction\",\"target\":[\"https:\\\/\\\/adchem.al\\\/basic-chemicals\\\/zinc-chloride\\\/\"]}]},{\"@type\":\"ImageObject\",\"inLanguage\":\"sq\",\"@id\":\"https:\\\/\\\/adchem.al\\\/basic-chemicals\\\/zinc-chloride\\\/#primaryimage\",\"url\":\"https:\\\/\\\/adchem.al\\\/wp-content\\\/uploads\\\/2023\\\/06\\\/Brilliant_cresyl_blue_zinc_chloride_complex.svg\",\"contentUrl\":\"https:\\\/\\\/adchem.al\\\/wp-content\\\/uploads\\\/2023\\\/06\\\/Brilliant_cresyl_blue_zinc_chloride_complex.svg\",\"width\":260,\"height\":275},{\"@type\":\"BreadcrumbList\",\"@id\":\"https:\\\/\\\/adchem.al\\\/basic-chemicals\\\/zinc-chloride\\\/#breadcrumb\",\"itemListElement\":[{\"@type\":\"ListItem\",\"position\":1,\"name\":\"Home\",\"item\":\"https:\\\/\\\/adchem.al\\\/\"},{\"@type\":\"ListItem\",\"position\":2,\"name\":\"Basic Chemicals\",\"item\":\"https:\\\/\\\/adchem.al\\\/al\\\/basic-chemicals\\\/\"},{\"@type\":\"ListItem\",\"position\":3,\"name\":\"Zinc Chloride\"}]},{\"@type\":\"WebSite\",\"@id\":\"https:\\\/\\\/adchem.al\\\/#website\",\"url\":\"https:\\\/\\\/adchem.al\\\/\",\"name\":\"Albania Distribution Chemicals\",\"description\":\"&quot;Excellence in Chemical Distribution&quot;\",\"publisher\":{\"@id\":\"https:\\\/\\\/adchem.al\\\/#organization\"},\"alternateName\":\"ADC\",\"potentialAction\":[{\"@type\":\"SearchAction\",\"target\":{\"@type\":\"EntryPoint\",\"urlTemplate\":\"https:\\\/\\\/adchem.al\\\/?s={search_term_string}\"},\"query-input\":{\"@type\":\"PropertyValueSpecification\",\"valueRequired\":true,\"valueName\":\"search_term_string\"}}],\"inLanguage\":\"sq\"},{\"@type\":\"Organization\",\"@id\":\"https:\\\/\\\/adchem.al\\\/#organization\",\"name\":\"Albania Distribution Chemicals\",\"alternateName\":\"ADC\",\"url\":\"https:\\\/\\\/adchem.al\\\/\",\"logo\":{\"@type\":\"ImageObject\",\"inLanguage\":\"sq\",\"@id\":\"https:\\\/\\\/adchem.al\\\/#\\\/schema\\\/logo\\\/image\\\/\",\"url\":\"https:\\\/\\\/adchem.al\\\/wp-content\\\/uploads\\\/2022\\\/09\\\/Albania-Distribution-Chemicals-Logo-01.png\",\"contentUrl\":\"https:\\\/\\\/adchem.al\\\/wp-content\\\/uploads\\\/2022\\\/09\\\/Albania-Distribution-Chemicals-Logo-01.png\",\"width\":308,\"height\":104,\"caption\":\"Albania Distribution Chemicals\"},\"image\":{\"@id\":\"https:\\\/\\\/adchem.al\\\/#\\\/schema\\\/logo\\\/image\\\/\"},\"sameAs\":[\"https:\\\/\\\/www.facebook.com\\\/albaniadistributionchem\\\/?ref=py_c\",\"https:\\\/\\\/www.instagram.com\\\/albania_distribution_chemicals\\\/\"]}]}<\/script>\n<!-- \/ Yoast SEO plugin. -->","yoast_head_json":{"title":"Zinc Chloride | Albania Distribution Chemicals","robots":{"index":"index","follow":"follow","max-snippet":"max-snippet:-1","max-image-preview":"max-image-preview:large","max-video-preview":"max-video-preview:-1"},"canonical":"https:\/\/adchem.al\/al\/basic-chemicals\/zinc-chloride\/","og_locale":"sq_AL","og_type":"article","og_title":"Zinc Chloride | Albania Distribution Chemicals","og_description":"Product: Zinc Chloride Chemical Formula: ZnCl2 Information about the product: - Zinc chloride is an inorganic compound with the chemical formula ZnCl2. - It is a white crystalline solid with a strong odor and high solubility in water. - Zinc chloride is hygroscopic, meaning it readily absorbs moisture from the air.","og_url":"https:\/\/adchem.al\/al\/basic-chemicals\/zinc-chloride\/","og_site_name":"Albania Distribution Chemicals","article_publisher":"https:\/\/www.facebook.com\/albaniadistributionchem\/?ref=py_c","article_modified_time":"2023-06-27T21:13:14+00:00","og_image":[{"width":2560,"height":1244,"url":"https:\/\/adchem.al\/wp-content\/uploads\/2023\/06\/adchem-wallpaper-home.webp-2.webp","type":"image\/webp"}],"twitter_card":"summary_large_image","schema":{"@context":"https:\/\/schema.org","@graph":[{"@type":"WebPage","@id":"https:\/\/adchem.al\/basic-chemicals\/zinc-chloride\/","url":"https:\/\/adchem.al\/basic-chemicals\/zinc-chloride\/","name":"Zinc Chloride | Albania Distribution Chemicals","isPartOf":{"@id":"https:\/\/adchem.al\/#website"},"primaryImageOfPage":{"@id":"https:\/\/adchem.al\/basic-chemicals\/zinc-chloride\/#primaryimage"},"image":{"@id":"https:\/\/adchem.al\/basic-chemicals\/zinc-chloride\/#primaryimage"},"thumbnailUrl":"https:\/\/adchem.al\/wp-content\/uploads\/2023\/06\/Brilliant_cresyl_blue_zinc_chloride_complex.svg","datePublished":"2023-06-24T16:04:54+00:00","dateModified":"2023-06-27T21:13:14+00:00","breadcrumb":{"@id":"https:\/\/adchem.al\/basic-chemicals\/zinc-chloride\/#breadcrumb"},"inLanguage":"sq","potentialAction":[{"@type":"ReadAction","target":["https:\/\/adchem.al\/basic-chemicals\/zinc-chloride\/"]}]},{"@type":"ImageObject","inLanguage":"sq","@id":"https:\/\/adchem.al\/basic-chemicals\/zinc-chloride\/#primaryimage","url":"https:\/\/adchem.al\/wp-content\/uploads\/2023\/06\/Brilliant_cresyl_blue_zinc_chloride_complex.svg","contentUrl":"https:\/\/adchem.al\/wp-content\/uploads\/2023\/06\/Brilliant_cresyl_blue_zinc_chloride_complex.svg","width":260,"height":275},{"@type":"BreadcrumbList","@id":"https:\/\/adchem.al\/basic-chemicals\/zinc-chloride\/#breadcrumb","itemListElement":[{"@type":"ListItem","position":1,"name":"Home","item":"https:\/\/adchem.al\/"},{"@type":"ListItem","position":2,"name":"Basic Chemicals","item":"https:\/\/adchem.al\/al\/basic-chemicals\/"},{"@type":"ListItem","position":3,"name":"Zinc Chloride"}]},{"@type":"WebSite","@id":"https:\/\/adchem.al\/#website","url":"https:\/\/adchem.al\/","name":"Albania Distribution Chemicals","description":"&quot;Excellence in Chemical Distribution&quot;","publisher":{"@id":"https:\/\/adchem.al\/#organization"},"alternateName":"ADC","potentialAction":[{"@type":"SearchAction","target":{"@type":"EntryPoint","urlTemplate":"https:\/\/adchem.al\/?s={search_term_string}"},"query-input":{"@type":"PropertyValueSpecification","valueRequired":true,"valueName":"search_term_string"}}],"inLanguage":"sq"},{"@type":"Organization","@id":"https:\/\/adchem.al\/#organization","name":"Albania Distribution Chemicals","alternateName":"ADC","url":"https:\/\/adchem.al\/","logo":{"@type":"ImageObject","inLanguage":"sq","@id":"https:\/\/adchem.al\/#\/schema\/logo\/image\/","url":"https:\/\/adchem.al\/wp-content\/uploads\/2022\/09\/Albania-Distribution-Chemicals-Logo-01.png","contentUrl":"https:\/\/adchem.al\/wp-content\/uploads\/2022\/09\/Albania-Distribution-Chemicals-Logo-01.png","width":308,"height":104,"caption":"Albania Distribution Chemicals"},"image":{"@id":"https:\/\/adchem.al\/#\/schema\/logo\/image\/"},"sameAs":["https:\/\/www.facebook.com\/albaniadistributionchem\/?ref=py_c","https:\/\/www.instagram.com\/albania_distribution_chemicals\/"]}]}},"_links":{"self":[{"href":"https:\/\/adchem.al\/al\/wp-json\/wp\/v2\/pages\/988101","targetHints":{"allow":["GET"]}}],"collection":[{"href":"https:\/\/adchem.al\/al\/wp-json\/wp\/v2\/pages"}],"about":[{"href":"https:\/\/adchem.al\/al\/wp-json\/wp\/v2\/types\/page"}],"author":[{"embeddable":true,"href":"https:\/\/adchem.al\/al\/wp-json\/wp\/v2\/users\/2"}],"replies":[{"embeddable":true,"href":"https:\/\/adchem.al\/al\/wp-json\/wp\/v2\/comments?post=988101"}],"version-history":[{"count":10,"href":"https:\/\/adchem.al\/al\/wp-json\/wp\/v2\/pages\/988101\/revisions"}],"predecessor-version":[{"id":989211,"href":"https:\/\/adchem.al\/al\/wp-json\/wp\/v2\/pages\/988101\/revisions\/989211"}],"up":[{"embeddable":true,"href":"https:\/\/adchem.al\/al\/wp-json\/wp\/v2\/pages\/987952"}],"wp:featuredmedia":[{"embeddable":true,"href":"https:\/\/adchem.al\/al\/wp-json\/wp\/v2\/media\/988102"}],"wp:attachment":[{"href":"https:\/\/adchem.al\/al\/wp-json\/wp\/v2\/media?parent=988101"}],"curies":[{"name":"wp","href":"https:\/\/api.w.org\/{rel}","templated":true}]}}