{"id":988095,"date":"2023-06-24T15:59:31","date_gmt":"2023-06-24T15:59:31","guid":{"rendered":"https:\/\/adchem.al\/?page_id=988095"},"modified":"2023-06-27T21:11:37","modified_gmt":"2023-06-27T21:11:37","slug":"sulphuric-acid","status":"publish","type":"page","link":"https:\/\/adchem.al\/al\/basic-chemicals\/sulphuric-acid\/","title":{"rendered":"Acidi Sulfurik"},"content":{"rendered":"<div data-elementor-type=\"wp-page\" data-elementor-id=\"988095\" class=\"elementor elementor-988095\" data-elementor-post-type=\"page\">\n\t\t\t\t\t\t<section class=\"elementor-section elementor-top-section elementor-element elementor-element-37858afc elementor-section-full_width elementor-section-height-default elementor-section-height-default\" data-id=\"37858afc\" data-element_type=\"section\" data-e-type=\"section\">\n\t\t\t\t\t\t<div class=\"elementor-container elementor-column-gap-no\">\n\t\t\t\t\t<div class=\"elementor-column elementor-col-100 elementor-top-column elementor-element elementor-element-60bb79bd\" data-id=\"60bb79bd\" data-element_type=\"column\" data-e-type=\"column\">\n\t\t\t<div class=\"elementor-widget-wrap elementor-element-populated\">\n\t\t\t\t\t\t<div class=\"vamtam-has-theme-widget-styles elementor-element elementor-element-86d4d6c elementor-widget elementor-widget-image\" data-id=\"86d4d6c\" data-element_type=\"widget\" data-e-type=\"widget\" data-widget_type=\"image.default\">\n\t\t\t\t<div class=\"elementor-widget-container\">\n\t\t\t\t\t\t\t\t\t<div class=\"elementor-image\">\n\t\t\t\t\t\t\t\t\t\t\t\t\t\t\t\t<figure class=\"wp-caption\">\n\t\t\t\t\t\t\t\t\t\t\t\t\t\t\t\t<img decoding=\"async\" width=\"37\" height=\"39\" src=\"https:\/\/adchem.al\/wp-content\/uploads\/2023\/06\/Sulfuric_acid.svg\" class=\"attachment-full size-full wp-image-988096\" alt=\"\" \/>\t\t\t\t\t\t\t\t\t\t\t\t\t\t\t\t\t<figcaption class=\"widget-image-caption wp-caption-text\">Albania Distribution Chemicals<\/figcaption>\n\t\t\t\t\t\t\t\t\t\t\t\t\t\t\t\t<\/figure>\n\t\t\t\t\t\t\t\t\t\t\t\t\t\t<\/div>\n\t\t\t\t\t\t\t\t<\/div>\n\t\t\t\t<\/div>\n\t\t\t\t<div class=\"elementor-element elementor-element-61992a9a elementor-widget elementor-widget-text-editor\" data-id=\"61992a9a\" data-element_type=\"widget\" data-e-type=\"widget\" data-widget_type=\"text-editor.default\">\n\t\t\t\t<div class=\"elementor-widget-container\">\n\t\t\t\t\t\t\t\t\t<div class=\"woocommerce-product-details__short-description\"><div class=\"woocommerce-product-details__short-description\"><div class=\"woocommerce-product-details__short-description\"><p><strong>Produkti: Acid sulfurik<\/strong><\/p><p><strong>Formula Kimike: H2SO4<\/strong><\/p><p><strong>Informacion rreth produktit:<\/strong><\/p><p>\u2013 Acidi sulfurik \u00ebsht\u00eb nj\u00eb acid mineral shum\u00eb g\u00ebrryes dhe i fort\u00eb me formul\u00ebn kimike H2SO4.<br \/>\u2013 \u00cbsht\u00eb nj\u00eb l\u00ebng i past\u00ebr, pa ngjyr\u00eb, i tretsh\u00ebm n\u00eb uj\u00eb dhe ka shije dhe er\u00eb shum\u00eb acide.<br \/>\u2013 Acidi sulfurik \u00ebsht\u00eb nj\u00eb nga kimikatet industriale m\u00eb t\u00eb p\u00ebrdorura.<\/p><p><strong>Informacion p\u00ebr sektorin e p\u00ebrdorimit t\u00eb produktit:<\/strong><\/p><p>1. Prodhim kimik:<br \/>\u2013 Acidi sulfurik \u00ebsht\u00eb nj\u00eb kimikat themelor q\u00eb p\u00ebrdoret n\u00eb prodhimin e kimikateve t\u00eb ndryshme, si plehrat, detergjent\u00ebt, ngjyrat, pigmentet, farmaceutik\u00ebt dhe eksploziv\u00ebt. Ai sh\u00ebrben si nj\u00eb reaktant ose katalizator ky\u00e7 n\u00eb shum\u00eb reaksione kimike.<\/p><p>2. Rafinimi i naft\u00ebs:<br \/>\u2013 Acidi sulfurik luan nj\u00eb rol jetik n\u00eb proceset e p\u00ebrpunimit t\u00eb naft\u00ebs. P\u00ebrdoret p\u00ebr pastrimin e produkteve t\u00eb naft\u00ebs, duke p\u00ebrfshir\u00eb benzin\u00ebn, naft\u00ebn dhe lubrifikant\u00ebt. Ndihmon n\u00eb largimin e papast\u00ebrtive, t\u00eb tilla si komponimet e squfurit, nga nafta e pap\u00ebrpunuar.<\/p><p>3. P\u00ebrpunimi i metaleve:<br \/>\u2013 Acidi sulfurik p\u00ebrdoret gjer\u00ebsisht n\u00eb industrin\u00eb e p\u00ebrpunimit t\u00eb metaleve dhe minierave. P\u00ebrdoret p\u00ebr nxjerrjen dhe p\u00ebrpunimin e metaleve si bakri, zinku, nikeli dhe uraniumi. Ndihmon n\u00eb shp\u00ebrb\u00ebrjen dhe ndarjen e papast\u00ebrtive nga minerali, duke leht\u00ebsuar rikuperimin e metaleve t\u00eb vlefshme.<\/p><p>4. Prodhimi i baterive:<br \/>\u2013 Acidi sulfurik \u00ebsht\u00eb nj\u00eb komponent kryesor n\u00eb prodhimin e baterive me acid plumbi, i p\u00ebrdorur zakonisht n\u00eb automjete dhe n\u00eb aplikacione t\u00eb ndryshme elektrike. Ai vepron si nj\u00eb elektrolit, duke leht\u00ebsuar reaksionet kimike q\u00eb ruajn\u00eb dhe \u00e7lirojn\u00eb energji elektrike.<\/p><p>5. Industria e tekstilit:<br \/>\u2013 Acidi sulfurik p\u00ebrdoret n\u00eb industrin\u00eb e tekstilit p\u00ebr procese si ngjyrosja dhe zbardhja e p\u00eblhurave. Ndihmon n\u00eb rregullimin e ngjyrave n\u00eb fibra, modifikimin e ngjyrave dhe largimin e papast\u00ebrtive ose kimikateve t\u00eb mbetura nga tekstilet.<\/p><p>6. Trajtimi i Ujit dhe Uj\u00ebrave t\u00eb Zeza:<br \/>\u2013 Acidi sulfurik p\u00ebrdoret n\u00eb proceset e trajtimit t\u00eb ujit dhe uj\u00ebrave t\u00eb zeza p\u00ebr t\u00eb rregulluar nivelet e pH, p\u00ebr t\u00eb neutralizuar ujin alkalik dhe p\u00ebr t\u00eb kontrolluar rritjen e mikroorganizmave. Ndihmon n\u00eb ruajtjen e ekuilibrit t\u00eb d\u00ebshiruar kimik n\u00eb sistemet e trajtimit t\u00eb ujit.<\/p><p>7. Prodhimi i plehrave:<br \/>\u2013 Acidi sulfurik \u00ebsht\u00eb nj\u00eb komponent ky\u00e7 n\u00eb prodhimin e plehrave, duke p\u00ebrfshir\u00eb plehrat me baz\u00eb acidin fosforik si superfosfati. P\u00ebrdoret p\u00ebr t\u00eb kthyer shk\u00ebmbin fosfat n\u00eb forma t\u00eb tretshme q\u00eb mund t\u00eb absorbohen leht\u00ebsisht nga bim\u00ebt.<\/p><p>8. Pastrimi dhe heqja e gur\u00ebve:<br \/>\u2013 Acidi sulfurik p\u00ebrdoret n\u00eb operacionet industriale t\u00eb pastrimit dhe pastrimit. Ndihmon n\u00eb heqjen e luspave, ndryshkut dhe depozitave minerale nga pajisjet, tubacionet dhe shk\u00ebmbyesit e nxeht\u00ebsis\u00eb, duke rivendosur efikasitetin e tyre dhe duke zgjatur jet\u00ebgjat\u00ebsin\u00eb e tyre.<\/p><p>9. Kontrolli i pH dhe acidifikimi:<br \/>\u2013 Acidi sulfurik p\u00ebrdoret p\u00ebr kontrollin e pH dhe acidifikimin n\u00eb procese t\u00eb ndryshme industriale. Shtohet n\u00eb sasi t\u00eb kontrolluara p\u00ebr t\u00eb rregulluar aciditetin ose alkalinitetin e tret\u00ebsirave, duke siguruar kushte optimale t\u00eb reagimit.<\/p><p>10. Aplikacionet laboratorike:<br \/>\u2013 Acidi sulfurik p\u00ebrdoret zakonisht n\u00eb mjedise laboratorike si nj\u00eb reagent dhe katalizator acid. P\u00ebrdoret n\u00eb procedurat analitike, sintez\u00ebn e kimikateve dhe si acid p\u00ebr q\u00ebllime t\u00eb p\u00ebrgjithshme p\u00ebr eksperimente t\u00eb ndryshme shkencore.<\/p><p>Acidi sulfurik \u00ebsht\u00eb nj\u00eb p\u00ebrb\u00ebrje kimike e gjithanshme dhe e p\u00ebrdorur gjer\u00ebsisht me aplikime t\u00eb r\u00ebnd\u00ebsishme industriale. \u00cbsht\u00eb thelb\u00ebsore ta trajtoni dhe ta ruani me kujdes maksimal p\u00ebr shkak t\u00eb natyr\u00ebs s\u00eb tij g\u00ebrryese dhe rreziqeve t\u00eb mundshme p\u00ebr sh\u00ebndetin. Protokollet dhe udh\u00ebzimet e duhura t\u00eb siguris\u00eb duhet t\u00eb ndiqen p\u00ebr t\u00eb siguruar trajtim dhe p\u00ebrdorim t\u00eb sigurt n\u00eb mjediset industriale dhe laboratorike.<\/p><\/div><\/div><\/div>\t\t\t\t\t\t\t\t<\/div>\n\t\t\t\t<\/div>\n\t\t\t\t<section class=\"elementor-section elementor-inner-section elementor-element elementor-element-4a03cdf elementor-section-boxed elementor-section-height-default elementor-section-height-default\" data-id=\"4a03cdf\" data-element_type=\"section\" data-e-type=\"section\" data-settings=\"{&quot;background_background&quot;:&quot;classic&quot;}\">\n\t\t\t\t\t\t<div class=\"elementor-container elementor-column-gap-no\">\n\t\t\t\t\t<div class=\"elementor-column elementor-col-100 elementor-inner-column elementor-element elementor-element-cf63251\" data-id=\"cf63251\" data-element_type=\"column\" data-e-type=\"column\">\n\t\t\t<div class=\"elementor-widget-wrap elementor-element-populated\">\n\t\t\t\t\t\t<div class=\"elementor-element elementor-element-4511658 elementor-view-default elementor-widget elementor-widget-icon\" data-id=\"4511658\" data-element_type=\"widget\" data-e-type=\"widget\" data-widget_type=\"icon.default\">\n\t\t\t\t<div class=\"elementor-widget-container\">\n\t\t\t\t\t\t\t<div class=\"elementor-icon-wrapper\">\n\t\t\t<div class=\"elementor-icon\">\n\t\t\t<i aria-hidden=\"true\" class=\"vamtamtheme- vamtam-theme-quote-start\"><\/i>\t\t\t<\/div>\n\t\t<\/div>\n\t\t\t\t\t\t<\/div>\n\t\t\t\t<\/div>\n\t\t\t\t<div class=\"elementor-element elementor-element-8a09e80 elementor-widget elementor-widget-text-editor\" data-id=\"8a09e80\" data-element_type=\"widget\" data-e-type=\"widget\" data-widget_type=\"text-editor.default\">\n\t\t\t\t<div class=\"elementor-widget-container\">\n\t\t\t\t\t\t\t\t\t<p>\"P\u00ebr \u00e7do informacion, shkruani n\u00eb WhatsApp: Gjith\u00e7ka q\u00eb ju nevojitet, n\u00eb koh\u00eb reale, n\u00eb nj\u00eb mesazh. Na kontaktoni dhe jemi gati t\u00eb ju ndihmojm\u00eb.\"<\/p>\t\t\t\t\t\t\t\t<\/div>\n\t\t\t\t<\/div>\n\t\t\t\t<div class=\"elementor-element elementor-element-acbb7ec elementor-widget-divider--view-line elementor-widget elementor-widget-divider\" data-id=\"acbb7ec\" data-element_type=\"widget\" data-e-type=\"widget\" data-widget_type=\"divider.default\">\n\t\t\t\t<div class=\"elementor-widget-container\">\n\t\t\t\t\t\t\t<div class=\"elementor-divider\">\n\t\t\t<span class=\"elementor-divider-separator\">\n\t\t\t\t\t\t<\/span>\n\t\t<\/div>\n\t\t\t\t\t\t<\/div>\n\t\t\t\t<\/div>\n\t\t\t\t<div class=\"vamtam-has-theme-widget-styles elementor-element elementor-element-05587e4 elementor-widget__width-auto vamtam-has-underline-anim elementor-widget elementor-widget-button\" data-id=\"05587e4\" data-element_type=\"widget\" data-e-type=\"widget\" data-widget_type=\"button.default\">\n\t\t\t\t<div class=\"elementor-widget-container\">\n\t\t\t\t\t\t\t\t\t<div class=\"elementor-button-wrapper\">\n\t\t\t\t\t<a class=\"elementor-button elementor-button-link elementor-size-md\" href=\"https:\/\/wa.me\/355694000260\">\n\t\t\t\t\t\t<span class=\"elementor-button-content-wrapper\">\n\t\t\t\t\t\t<span class=\"elementor-button-icon\">\n\t\t\t\t<i aria-hidden=\"true\" class=\"vamtamtheme- vamtam-theme-icon-arrow-right-top\"><\/i>\t\t\t<\/span>\n\t\t\t\t\t\t\t\t\t<span class=\"elementor-button-text\">Kontaktoni WhatsApp<\/span>\n\t\t\t\t\t<\/span>\n\t\t\t\t\t<\/a>\n\t\t\t\t<\/div>\n\t\t\t\t\t\t\t\t<\/div>\n\t\t\t\t<\/div>\n\t\t\t\t<div class=\"elementor-element elementor-element-f5a0e8b elementor-widget__width-auto elementor-widget elementor-widget-heading\" data-id=\"f5a0e8b\" data-element_type=\"widget\" data-e-type=\"widget\" data-widget_type=\"heading.default\">\n\t\t\t\t<div class=\"elementor-widget-container\">\n\t\t\t\t\t<span class=\"elementor-heading-title elementor-size-default\">Albania Distribution Chemicals\n<\/span>\t\t\t\t<\/div>\n\t\t\t\t<\/div>\n\t\t\t\t\t<\/div>\n\t\t<\/div>\n\t\t\t\t\t<\/div>\n\t\t<\/section>\n\t\t\t\t\t<\/div>\n\t\t<\/div>\n\t\t\t\t\t<\/div>\n\t\t<\/section>\n\t\t\t\t<section class=\"elementor-section elementor-top-section elementor-element elementor-element-b3fd502 elementor-section-boxed elementor-section-height-default elementor-section-height-default\" data-id=\"b3fd502\" data-element_type=\"section\" data-e-type=\"section\">\n\t\t\t\t\t\t<div class=\"elementor-container elementor-column-gap-default\">\n\t\t\t\t\t<div class=\"elementor-column elementor-col-100 elementor-top-column elementor-element elementor-element-a879885\" data-id=\"a879885\" data-element_type=\"column\" data-e-type=\"column\">\n\t\t\t<div class=\"elementor-widget-wrap elementor-element-populated\">\n\t\t\t\t\t\t<div class=\"elementor-element elementor-element-4a3fe1c elementor-widget elementor-widget-spacer\" data-id=\"4a3fe1c\" data-element_type=\"widget\" data-e-type=\"widget\" data-widget_type=\"spacer.default\">\n\t\t\t\t<div class=\"elementor-widget-container\">\n\t\t\t\t\t\t\t<div class=\"elementor-spacer\">\n\t\t\t<div class=\"elementor-spacer-inner\"><\/div>\n\t\t<\/div>\n\t\t\t\t\t\t<\/div>\n\t\t\t\t<\/div>\n\t\t\t\t<div class=\"vamtam-has-theme-widget-styles elementor-element elementor-element-feed2fe elementor-widget elementor-widget-image\" data-id=\"feed2fe\" data-element_type=\"widget\" data-e-type=\"widget\" data-widget_type=\"image.default\">\n\t\t\t\t<div class=\"elementor-widget-container\">\n\t\t\t\t\t\t\t\t\t<div class=\"elementor-image\">\n\t\t\t\t\t\t\t\t\t\t\t\t\t\t\t\t\t\t\t\t\t<img fetchpriority=\"high\" decoding=\"async\" width=\"8000\" height=\"1355\" src=\"https:\/\/adchem.al\/wp-content\/uploads\/2023\/06\/baner-albania-distribution-chemicals-01.png\" class=\"attachment-full size-full wp-image-987764\" alt=\"\" srcset=\"https:\/\/adchem.al\/wp-content\/uploads\/2023\/06\/baner-albania-distribution-chemicals-01.png 8000w, https:\/\/adchem.al\/wp-content\/uploads\/2023\/06\/baner-albania-distribution-chemicals-01-300x51.png 300w, https:\/\/adchem.al\/wp-content\/uploads\/2023\/06\/baner-albania-distribution-chemicals-01-1024x173.png 1024w, https:\/\/adchem.al\/wp-content\/uploads\/2023\/06\/baner-albania-distribution-chemicals-01-768x130.png 768w, https:\/\/adchem.al\/wp-content\/uploads\/2023\/06\/baner-albania-distribution-chemicals-01-1536x260.png 1536w, https:\/\/adchem.al\/wp-content\/uploads\/2023\/06\/baner-albania-distribution-chemicals-01-2048x347.png 2048w\" sizes=\"(max-width: 8000px) 100vw, 8000px\" \/>\t\t\t\t\t\t\t\t\t\t\t\t\t\t\t\t\t\t\t\t\t\t\t\t<\/div>\n\t\t\t\t\t\t\t\t<\/div>\n\t\t\t\t<\/div>\n\t\t\t\t\t<\/div>\n\t\t<\/div>\n\t\t\t\t\t<\/div>\n\t\t<\/section>\n\t\t\t\t<\/div>","protected":false},"excerpt":{"rendered":"<p>Produkti: Acid sulfurik<\/p>\n<p>Formula Kimike: H2SO4<\/p>\n<p>Informacion rreth produktit:<\/p>\n<p>\u2013 Acidi sulfurik \u00ebsht\u00eb nj\u00eb acid mineral shum\u00eb g\u00ebrryes dhe i fort\u00eb me formul\u00ebn kimike H2SO4.<br \/>\n\u2013 \u00cbsht\u00eb nj\u00eb l\u00ebng i past\u00ebr, pa ngjyr\u00eb, i tretsh\u00ebm n\u00eb uj\u00eb dhe ka shije dhe er\u00eb shum\u00eb acide.<br \/>\n\u2013 Acidi sulfurik \u00ebsht\u00eb nj\u00eb nga kimikatet industriale m\u00eb t\u00eb p\u00ebrdorura.<\/p>","protected":false},"author":2,"featured_media":988096,"parent":987952,"menu_order":0,"comment_status":"closed","ping_status":"closed","template":"","meta":{"inline_featured_image":false,"footnotes":""},"class_list":["post-988095","page","type-page","status-publish","has-post-thumbnail","hentry"],"yoast_head":"<!-- This site is optimized with the Yoast SEO plugin v27.4 - https:\/\/yoast.com\/product\/yoast-seo-wordpress\/ -->\n<title>Sulphuric Acid | Albania Distribution Chemicals<\/title>\n<meta name=\"robots\" content=\"index, follow, max-snippet:-1, max-image-preview:large, max-video-preview:-1\" \/>\n<link rel=\"canonical\" href=\"https:\/\/adchem.al\/al\/basic-chemicals\/sulphuric-acid\/\" \/>\n<meta property=\"og:locale\" content=\"sq_AL\" \/>\n<meta property=\"og:type\" content=\"article\" \/>\n<meta property=\"og:title\" content=\"Sulphuric Acid | Albania Distribution Chemicals\" \/>\n<meta property=\"og:description\" content=\"Product: Sulfuric Acid Chemical Formula: H2SO4 Information about the product: - Sulfuric acid is a highly corrosive and strong mineral acid with the chemical formula H2SO4. - It is a clear, colorless liquid that is soluble in water and has a highly acidic taste and odor. - Sulfuric acid is one of the most widely used industrial chemicals.\" \/>\n<meta property=\"og:url\" content=\"https:\/\/adchem.al\/al\/basic-chemicals\/sulphuric-acid\/\" \/>\n<meta property=\"og:site_name\" content=\"Albania Distribution Chemicals\" \/>\n<meta property=\"article:publisher\" content=\"https:\/\/www.facebook.com\/albaniadistributionchem\/?ref=py_c\" \/>\n<meta property=\"article:modified_time\" content=\"2023-06-27T21:11:37+00:00\" \/>\n<meta property=\"og:image\" content=\"https:\/\/adchem.al\/wp-content\/uploads\/2023\/06\/adchem-wallpaper-home.webp-2.webp\" \/>\n\t<meta property=\"og:image:width\" content=\"2560\" \/>\n\t<meta property=\"og:image:height\" content=\"1244\" \/>\n\t<meta property=\"og:image:type\" content=\"image\/webp\" \/>\n<meta name=\"twitter:card\" content=\"summary_large_image\" \/>\n<script type=\"application\/ld+json\" class=\"yoast-schema-graph\">{\"@context\":\"https:\\\/\\\/schema.org\",\"@graph\":[{\"@type\":\"WebPage\",\"@id\":\"https:\\\/\\\/adchem.al\\\/basic-chemicals\\\/sulphuric-acid\\\/\",\"url\":\"https:\\\/\\\/adchem.al\\\/basic-chemicals\\\/sulphuric-acid\\\/\",\"name\":\"Sulphuric Acid | Albania Distribution Chemicals\",\"isPartOf\":{\"@id\":\"https:\\\/\\\/adchem.al\\\/#website\"},\"primaryImageOfPage\":{\"@id\":\"https:\\\/\\\/adchem.al\\\/basic-chemicals\\\/sulphuric-acid\\\/#primaryimage\"},\"image\":{\"@id\":\"https:\\\/\\\/adchem.al\\\/basic-chemicals\\\/sulphuric-acid\\\/#primaryimage\"},\"thumbnailUrl\":\"https:\\\/\\\/adchem.al\\\/wp-content\\\/uploads\\\/2023\\\/06\\\/Sulfuric_acid.svg\",\"datePublished\":\"2023-06-24T15:59:31+00:00\",\"dateModified\":\"2023-06-27T21:11:37+00:00\",\"breadcrumb\":{\"@id\":\"https:\\\/\\\/adchem.al\\\/basic-chemicals\\\/sulphuric-acid\\\/#breadcrumb\"},\"inLanguage\":\"sq\",\"potentialAction\":[{\"@type\":\"ReadAction\",\"target\":[\"https:\\\/\\\/adchem.al\\\/basic-chemicals\\\/sulphuric-acid\\\/\"]}]},{\"@type\":\"ImageObject\",\"inLanguage\":\"sq\",\"@id\":\"https:\\\/\\\/adchem.al\\\/basic-chemicals\\\/sulphuric-acid\\\/#primaryimage\",\"url\":\"https:\\\/\\\/adchem.al\\\/wp-content\\\/uploads\\\/2023\\\/06\\\/Sulfuric_acid.svg\",\"contentUrl\":\"https:\\\/\\\/adchem.al\\\/wp-content\\\/uploads\\\/2023\\\/06\\\/Sulfuric_acid.svg\",\"width\":37,\"height\":39},{\"@type\":\"BreadcrumbList\",\"@id\":\"https:\\\/\\\/adchem.al\\\/basic-chemicals\\\/sulphuric-acid\\\/#breadcrumb\",\"itemListElement\":[{\"@type\":\"ListItem\",\"position\":1,\"name\":\"Home\",\"item\":\"https:\\\/\\\/adchem.al\\\/\"},{\"@type\":\"ListItem\",\"position\":2,\"name\":\"Basic Chemicals\",\"item\":\"https:\\\/\\\/adchem.al\\\/al\\\/basic-chemicals\\\/\"},{\"@type\":\"ListItem\",\"position\":3,\"name\":\"Sulphuric Acid\"}]},{\"@type\":\"WebSite\",\"@id\":\"https:\\\/\\\/adchem.al\\\/#website\",\"url\":\"https:\\\/\\\/adchem.al\\\/\",\"name\":\"Albania Distribution Chemicals\",\"description\":\"&quot;Excellence in Chemical Distribution&quot;\",\"publisher\":{\"@id\":\"https:\\\/\\\/adchem.al\\\/#organization\"},\"alternateName\":\"ADC\",\"potentialAction\":[{\"@type\":\"SearchAction\",\"target\":{\"@type\":\"EntryPoint\",\"urlTemplate\":\"https:\\\/\\\/adchem.al\\\/?s={search_term_string}\"},\"query-input\":{\"@type\":\"PropertyValueSpecification\",\"valueRequired\":true,\"valueName\":\"search_term_string\"}}],\"inLanguage\":\"sq\"},{\"@type\":\"Organization\",\"@id\":\"https:\\\/\\\/adchem.al\\\/#organization\",\"name\":\"Albania Distribution Chemicals\",\"alternateName\":\"ADC\",\"url\":\"https:\\\/\\\/adchem.al\\\/\",\"logo\":{\"@type\":\"ImageObject\",\"inLanguage\":\"sq\",\"@id\":\"https:\\\/\\\/adchem.al\\\/#\\\/schema\\\/logo\\\/image\\\/\",\"url\":\"https:\\\/\\\/adchem.al\\\/wp-content\\\/uploads\\\/2022\\\/09\\\/Albania-Distribution-Chemicals-Logo-01.png\",\"contentUrl\":\"https:\\\/\\\/adchem.al\\\/wp-content\\\/uploads\\\/2022\\\/09\\\/Albania-Distribution-Chemicals-Logo-01.png\",\"width\":308,\"height\":104,\"caption\":\"Albania Distribution Chemicals\"},\"image\":{\"@id\":\"https:\\\/\\\/adchem.al\\\/#\\\/schema\\\/logo\\\/image\\\/\"},\"sameAs\":[\"https:\\\/\\\/www.facebook.com\\\/albaniadistributionchem\\\/?ref=py_c\",\"https:\\\/\\\/www.instagram.com\\\/albania_distribution_chemicals\\\/\"]}]}<\/script>\n<!-- \/ Yoast SEO plugin. -->","yoast_head_json":{"title":"Sulphuric Acid | Albania Distribution Chemicals","robots":{"index":"index","follow":"follow","max-snippet":"max-snippet:-1","max-image-preview":"max-image-preview:large","max-video-preview":"max-video-preview:-1"},"canonical":"https:\/\/adchem.al\/al\/basic-chemicals\/sulphuric-acid\/","og_locale":"sq_AL","og_type":"article","og_title":"Sulphuric Acid | Albania Distribution Chemicals","og_description":"Product: Sulfuric Acid Chemical Formula: H2SO4 Information about the product: - Sulfuric acid is a highly corrosive and strong mineral acid with the chemical formula H2SO4. - It is a clear, colorless liquid that is soluble in water and has a highly acidic taste and odor. - Sulfuric acid is one of the most widely used industrial chemicals.","og_url":"https:\/\/adchem.al\/al\/basic-chemicals\/sulphuric-acid\/","og_site_name":"Albania Distribution Chemicals","article_publisher":"https:\/\/www.facebook.com\/albaniadistributionchem\/?ref=py_c","article_modified_time":"2023-06-27T21:11:37+00:00","og_image":[{"width":2560,"height":1244,"url":"https:\/\/adchem.al\/wp-content\/uploads\/2023\/06\/adchem-wallpaper-home.webp-2.webp","type":"image\/webp"}],"twitter_card":"summary_large_image","schema":{"@context":"https:\/\/schema.org","@graph":[{"@type":"WebPage","@id":"https:\/\/adchem.al\/basic-chemicals\/sulphuric-acid\/","url":"https:\/\/adchem.al\/basic-chemicals\/sulphuric-acid\/","name":"Sulphuric Acid | Albania Distribution Chemicals","isPartOf":{"@id":"https:\/\/adchem.al\/#website"},"primaryImageOfPage":{"@id":"https:\/\/adchem.al\/basic-chemicals\/sulphuric-acid\/#primaryimage"},"image":{"@id":"https:\/\/adchem.al\/basic-chemicals\/sulphuric-acid\/#primaryimage"},"thumbnailUrl":"https:\/\/adchem.al\/wp-content\/uploads\/2023\/06\/Sulfuric_acid.svg","datePublished":"2023-06-24T15:59:31+00:00","dateModified":"2023-06-27T21:11:37+00:00","breadcrumb":{"@id":"https:\/\/adchem.al\/basic-chemicals\/sulphuric-acid\/#breadcrumb"},"inLanguage":"sq","potentialAction":[{"@type":"ReadAction","target":["https:\/\/adchem.al\/basic-chemicals\/sulphuric-acid\/"]}]},{"@type":"ImageObject","inLanguage":"sq","@id":"https:\/\/adchem.al\/basic-chemicals\/sulphuric-acid\/#primaryimage","url":"https:\/\/adchem.al\/wp-content\/uploads\/2023\/06\/Sulfuric_acid.svg","contentUrl":"https:\/\/adchem.al\/wp-content\/uploads\/2023\/06\/Sulfuric_acid.svg","width":37,"height":39},{"@type":"BreadcrumbList","@id":"https:\/\/adchem.al\/basic-chemicals\/sulphuric-acid\/#breadcrumb","itemListElement":[{"@type":"ListItem","position":1,"name":"Home","item":"https:\/\/adchem.al\/"},{"@type":"ListItem","position":2,"name":"Basic Chemicals","item":"https:\/\/adchem.al\/al\/basic-chemicals\/"},{"@type":"ListItem","position":3,"name":"Sulphuric Acid"}]},{"@type":"WebSite","@id":"https:\/\/adchem.al\/#website","url":"https:\/\/adchem.al\/","name":"Albania Distribution Chemicals","description":"&quot;Excellence in Chemical Distribution&quot;","publisher":{"@id":"https:\/\/adchem.al\/#organization"},"alternateName":"ADC","potentialAction":[{"@type":"SearchAction","target":{"@type":"EntryPoint","urlTemplate":"https:\/\/adchem.al\/?s={search_term_string}"},"query-input":{"@type":"PropertyValueSpecification","valueRequired":true,"valueName":"search_term_string"}}],"inLanguage":"sq"},{"@type":"Organization","@id":"https:\/\/adchem.al\/#organization","name":"Albania Distribution Chemicals","alternateName":"ADC","url":"https:\/\/adchem.al\/","logo":{"@type":"ImageObject","inLanguage":"sq","@id":"https:\/\/adchem.al\/#\/schema\/logo\/image\/","url":"https:\/\/adchem.al\/wp-content\/uploads\/2022\/09\/Albania-Distribution-Chemicals-Logo-01.png","contentUrl":"https:\/\/adchem.al\/wp-content\/uploads\/2022\/09\/Albania-Distribution-Chemicals-Logo-01.png","width":308,"height":104,"caption":"Albania Distribution Chemicals"},"image":{"@id":"https:\/\/adchem.al\/#\/schema\/logo\/image\/"},"sameAs":["https:\/\/www.facebook.com\/albaniadistributionchem\/?ref=py_c","https:\/\/www.instagram.com\/albania_distribution_chemicals\/"]}]}},"_links":{"self":[{"href":"https:\/\/adchem.al\/al\/wp-json\/wp\/v2\/pages\/988095","targetHints":{"allow":["GET"]}}],"collection":[{"href":"https:\/\/adchem.al\/al\/wp-json\/wp\/v2\/pages"}],"about":[{"href":"https:\/\/adchem.al\/al\/wp-json\/wp\/v2\/types\/page"}],"author":[{"embeddable":true,"href":"https:\/\/adchem.al\/al\/wp-json\/wp\/v2\/users\/2"}],"replies":[{"embeddable":true,"href":"https:\/\/adchem.al\/al\/wp-json\/wp\/v2\/comments?post=988095"}],"version-history":[{"count":10,"href":"https:\/\/adchem.al\/al\/wp-json\/wp\/v2\/pages\/988095\/revisions"}],"predecessor-version":[{"id":989208,"href":"https:\/\/adchem.al\/al\/wp-json\/wp\/v2\/pages\/988095\/revisions\/989208"}],"up":[{"embeddable":true,"href":"https:\/\/adchem.al\/al\/wp-json\/wp\/v2\/pages\/987952"}],"wp:featuredmedia":[{"embeddable":true,"href":"https:\/\/adchem.al\/al\/wp-json\/wp\/v2\/media\/988096"}],"wp:attachment":[{"href":"https:\/\/adchem.al\/al\/wp-json\/wp\/v2\/media?parent=988095"}],"curies":[{"name":"wp","href":"https:\/\/api.w.org\/{rel}","templated":true}]}}