{"id":988089,"date":"2023-06-24T15:54:01","date_gmt":"2023-06-24T15:54:01","guid":{"rendered":"https:\/\/adchem.al\/?page_id=988089"},"modified":"2023-06-27T21:09:56","modified_gmt":"2023-06-27T21:09:56","slug":"sodium-nitrite","status":"publish","type":"page","link":"https:\/\/adchem.al\/al\/basic-chemicals\/sodium-nitrite\/","title":{"rendered":"Nitrit Natriumi"},"content":{"rendered":"<div data-elementor-type=\"wp-page\" data-elementor-id=\"988089\" class=\"elementor elementor-988089\" data-elementor-post-type=\"page\">\n\t\t\t\t\t\t<section class=\"elementor-section elementor-top-section elementor-element elementor-element-37858afc elementor-section-full_width elementor-section-height-default elementor-section-height-default\" data-id=\"37858afc\" data-element_type=\"section\">\n\t\t\t\t\t\t<div class=\"elementor-container elementor-column-gap-no\">\n\t\t\t\t\t<div class=\"elementor-column elementor-col-100 elementor-top-column elementor-element elementor-element-60bb79bd\" data-id=\"60bb79bd\" data-element_type=\"column\">\n\t\t\t<div class=\"elementor-widget-wrap elementor-element-populated\">\n\t\t\t\t\t\t<div class=\"vamtam-has-theme-widget-styles elementor-element elementor-element-86d4d6c elementor-widget elementor-widget-image\" data-id=\"86d4d6c\" data-element_type=\"widget\" data-widget_type=\"image.default\">\n\t\t\t\t<div class=\"elementor-widget-container\">\n\t\t\t\t\t\t\t\t\t<div class=\"elementor-image\">\n\t\t\t\t\t\t\t\t\t\t\t\t\t\t\t\t<figure class=\"wp-caption\">\n\t\t\t\t\t\t\t\t\t\t\t\t\t\t\t\t<img decoding=\"async\" width=\"258\" height=\"100\" src=\"https:\/\/adchem.al\/wp-content\/uploads\/2023\/06\/Sodium_nitrite.svg\" class=\"attachment-full size-full wp-image-988090\" alt=\"\" \/>\t\t\t\t\t\t\t\t\t\t\t\t\t\t\t\t\t<figcaption class=\"widget-image-caption wp-caption-text\">Albania Distribution Chemicals<\/figcaption>\n\t\t\t\t\t\t\t\t\t\t\t\t\t\t\t\t<\/figure>\n\t\t\t\t\t\t\t\t\t\t\t\t\t\t<\/div>\n\t\t\t\t\t\t\t\t<\/div>\n\t\t\t\t<\/div>\n\t\t\t\t<div class=\"elementor-element elementor-element-61992a9a elementor-widget elementor-widget-text-editor\" data-id=\"61992a9a\" data-element_type=\"widget\" data-widget_type=\"text-editor.default\">\n\t\t\t\t<div class=\"elementor-widget-container\">\n\t\t\t\t\t\t\t\t\t<div class=\"woocommerce-product-details__short-description\"><div class=\"woocommerce-product-details__short-description\"><div class=\"woocommerce-product-details__short-description\"><p><strong>Produkti: Nitrit natriumi<\/strong><\/p><p><strong>Formula Kimike: NaNO2<\/strong><\/p><p><strong>Informacion rreth produktit:<\/strong><\/p><p>\u2013 Nitriti i natriumit \u00ebsht\u00eb nj\u00eb p\u00ebrb\u00ebrje kimike me formul\u00ebn kimike NaNO2.<br \/>\u2013 \u00cbsht\u00eb nj\u00eb pluhur kristalor i bardh\u00eb ose pak i verdh\u00eb.<br \/>\u2013 Nitrit natriumi \u00ebsht\u00eb nj\u00eb krip\u00eb inorganike q\u00eb \u00ebsht\u00eb shum\u00eb e tretshme n\u00eb uj\u00eb.<\/p><p><strong>Informacion p\u00ebr sektorin e p\u00ebrdorimit t\u00eb produktit:<\/strong><\/p><p>1. Konservues ushqimor:<br \/>\u2013 Nitriti i natriumit p\u00ebrdoret zakonisht si ruajt\u00ebs i ushqimit, ve\u00e7an\u00ebrisht n\u00eb mishrat e pjekur si proshuta, proshuta dhe hot dog\u00ebt. Ndihmon n\u00eb pengimin e rritjes s\u00eb baktereve, ve\u00e7an\u00ebrisht Clostridium botulinum, i cili mund t\u00eb shkaktoj\u00eb botuliz\u00ebm.<\/p><p>2. Fiksues i ngjyrave:<br \/>\u2013 Nitriti i natriumit p\u00ebrdoret si fiksues ngjyrash n\u00eb mishrat e p\u00ebrpunuar p\u00ebr t\u00eb ruajtur ngjyr\u00ebn e tyre roz\u00eb. Ai reagon me mioglobin\u00ebn e mishit p\u00ebr t\u00eb formuar nj\u00eb pigment t\u00eb q\u00ebndruesh\u00ebm roz\u00eb t\u00eb quajtur nitrozomioglobin\u00eb.<\/p><p>3. P\u00ebrmir\u00ebsues i shijes:<br \/>\u2013 Nitriti i natriumit kontribuon n\u00eb arom\u00ebn karakteristike t\u00eb mishit t\u00eb p\u00ebrpunuar. Ai shton nj\u00eb shije paksa t\u00eb mpreht\u00eb dhe t\u00eb shijshme, duke rritur profilin e p\u00ebrgjithsh\u00ebm t\u00eb shijes s\u00eb produkteve si salcice dhe proshut\u00eb e pjekur.<\/p><p>4. Dhurues i oksidit nitrik:<br \/>\u2013 Nitriti i natriumit shnd\u00ebrrohet n\u00eb oksid nitrik (NO) n\u00eb trup. Oksidi nitrik ka veti vazodilatuese dhe \u00ebsht\u00eb i p\u00ebrfshir\u00eb n\u00eb procese t\u00eb ndryshme fiziologjike, duke p\u00ebrfshir\u00eb rregullimin e presionit t\u00eb gjakut dhe promovimin e sh\u00ebndetit kardiovaskular.<\/p><p>5. Aplikacionet industriale:<br \/>\u2013 Nitriti i natriumit gjen aplikime n\u00eb procese t\u00eb ndryshme industriale. P\u00ebrdoret n\u00eb trajtimin e metaleve, si parandalimi i korrozionit n\u00eb sistemet e ftohjes dhe si frenues i ndryshkut n\u00eb metale.<br \/><br \/>6. Trajtimi i uj\u00ebrave t\u00eb zeza:<br \/>\u2013 Nitriti i natriumit p\u00ebrdoret n\u00eb trajtimin e uj\u00ebrave t\u00eb zeza p\u00ebr t\u00eb kontrolluar rritjen e baktereve dhe p\u00ebr t\u00eb penguar formimin e sulfurit. Ndihmon n\u00eb parandalimin e l\u00ebshimit t\u00eb aromave t\u00eb pak\u00ebndshme dhe zvog\u00eblon mund\u00ebsin\u00eb e korrozionit n\u00eb sistemet e uj\u00ebrave t\u00eb zeza.<\/p><p>7. Industria farmaceutike:<br \/>\u2013 Nitriti i natriumit p\u00ebrdoret ndonj\u00ebher\u00eb n\u00eb industrin\u00eb farmaceutike p\u00ebr aplikime specifike medicinale. Mund t\u00eb p\u00ebrdoret si nj\u00eb reagent ose nj\u00eb pararend\u00ebs n\u00eb sintez\u00ebn e medikamenteve t\u00eb caktuara.<\/p><p>8. Reagenti laboratorik:<br \/>\u2013 Nitriti i natriumit p\u00ebrdoret si reagent n\u00eb procedura t\u00eb ndryshme laboratorike. P\u00ebrdoret n\u00eb reaksione kimike, teste analitike dhe si burim i gazit t\u00eb oksidit t\u00eb azotit (N2O).<\/p><p>9. Aplikimet bujq\u00ebsore:<br \/>\u2013 Nitriti i natriumit ka p\u00ebrdorim t\u00eb kufizuar n\u00eb aplikimet bujq\u00ebsore. Mund t\u00eb p\u00ebrdoret si nj\u00eb tymos\u00ebs ose biocid p\u00ebr kontrollin e d\u00ebmtuesve, mykut dhe k\u00ebrpudhave n\u00eb kulturat e ruajtura ose produktet bujq\u00ebsore.<\/p><p>10. Trajtimi i ujit:<br \/>\u2013 N\u00eb disa raste, nitriti i natriumit p\u00ebrdoret n\u00eb proceset e trajtimit t\u00eb ujit. Mund t\u00eb veproj\u00eb si nj\u00eb pastrues oksigjeni, duke ndihmuar n\u00eb largimin e oksigjenit t\u00eb tretur nga uji, i cili \u00ebsht\u00eb i dobish\u00ebm n\u00eb sisteme t\u00eb caktuara industriale.<\/p><p>Nitriti i natriumit \u00ebsht\u00eb nj\u00eb p\u00ebrb\u00ebr\u00ebs i gjithansh\u00ebm me aplikime t\u00eb r\u00ebnd\u00ebsishme n\u00eb industrin\u00eb ushqimore si nj\u00eb ruajt\u00ebs dhe fiksues ngjyrash. Nd\u00ebrsa luan nj\u00eb rol t\u00eb r\u00ebnd\u00ebsish\u00ebm n\u00eb sigurin\u00eb dhe ruajtjen e ushqimit, duhet t\u00eb p\u00ebrdoret n\u00eb sasi t\u00eb kontrolluara dhe n\u00eb p\u00ebrputhje me udh\u00ebzimet rregullatore p\u00ebr t\u00eb siguruar trajtimin e duhur dhe p\u00ebr t\u00eb minimizuar rreziqet e mundshme sh\u00ebndet\u00ebsore.<\/p><\/div><\/div><\/div>\t\t\t\t\t\t\t\t<\/div>\n\t\t\t\t<\/div>\n\t\t\t\t<section class=\"elementor-section elementor-inner-section elementor-element elementor-element-05f9813 elementor-section-boxed elementor-section-height-default elementor-section-height-default\" data-id=\"05f9813\" data-element_type=\"section\" data-settings=\"{&quot;background_background&quot;:&quot;classic&quot;}\">\n\t\t\t\t\t\t<div class=\"elementor-container elementor-column-gap-no\">\n\t\t\t\t\t<div class=\"elementor-column elementor-col-100 elementor-inner-column elementor-element elementor-element-5dea2c5\" data-id=\"5dea2c5\" data-element_type=\"column\">\n\t\t\t<div class=\"elementor-widget-wrap elementor-element-populated\">\n\t\t\t\t\t\t<div class=\"elementor-element elementor-element-a8eea7e elementor-view-default elementor-widget elementor-widget-icon\" data-id=\"a8eea7e\" data-element_type=\"widget\" data-widget_type=\"icon.default\">\n\t\t\t\t<div class=\"elementor-widget-container\">\n\t\t\t\t\t\t\t<div class=\"elementor-icon-wrapper\">\n\t\t\t<div class=\"elementor-icon\">\n\t\t\t<i aria-hidden=\"true\" class=\"vamtamtheme- vamtam-theme-quote-start\"><\/i>\t\t\t<\/div>\n\t\t<\/div>\n\t\t\t\t\t\t<\/div>\n\t\t\t\t<\/div>\n\t\t\t\t<div class=\"elementor-element elementor-element-2252f5a elementor-widget elementor-widget-text-editor\" data-id=\"2252f5a\" data-element_type=\"widget\" data-widget_type=\"text-editor.default\">\n\t\t\t\t<div class=\"elementor-widget-container\">\n\t\t\t\t\t\t\t\t\t<p>\"P\u00ebr \u00e7do informacion, shkruani n\u00eb WhatsApp: Gjith\u00e7ka q\u00eb ju nevojitet, n\u00eb koh\u00eb reale, n\u00eb nj\u00eb mesazh. Na kontaktoni dhe jemi gati t\u00eb ju ndihmojm\u00eb.\"<\/p>\t\t\t\t\t\t\t\t<\/div>\n\t\t\t\t<\/div>\n\t\t\t\t<div class=\"elementor-element elementor-element-76232df elementor-widget-divider--view-line elementor-widget elementor-widget-divider\" data-id=\"76232df\" data-element_type=\"widget\" data-widget_type=\"divider.default\">\n\t\t\t\t<div class=\"elementor-widget-container\">\n\t\t\t\t\t\t\t<div class=\"elementor-divider\">\n\t\t\t<span class=\"elementor-divider-separator\">\n\t\t\t\t\t\t<\/span>\n\t\t<\/div>\n\t\t\t\t\t\t<\/div>\n\t\t\t\t<\/div>\n\t\t\t\t<div class=\"vamtam-has-theme-widget-styles elementor-element elementor-element-c446f52 elementor-widget__width-auto vamtam-has-underline-anim elementor-widget elementor-widget-button\" data-id=\"c446f52\" data-element_type=\"widget\" data-widget_type=\"button.default\">\n\t\t\t\t<div class=\"elementor-widget-container\">\n\t\t\t\t\t\t\t\t\t<div class=\"elementor-button-wrapper\">\n\t\t\t\t\t<a class=\"elementor-button elementor-button-link elementor-size-md\" href=\"https:\/\/wa.me\/355694000260\">\n\t\t\t\t\t\t<span class=\"elementor-button-content-wrapper\">\n\t\t\t\t\t\t<span class=\"elementor-button-icon\">\n\t\t\t\t<i aria-hidden=\"true\" class=\"vamtamtheme- vamtam-theme-icon-arrow-right-top\"><\/i>\t\t\t<\/span>\n\t\t\t\t\t\t\t\t\t<span class=\"elementor-button-text\">Kontaktoni WhatsApp<\/span>\n\t\t\t\t\t<\/span>\n\t\t\t\t\t<\/a>\n\t\t\t\t<\/div>\n\t\t\t\t\t\t\t\t<\/div>\n\t\t\t\t<\/div>\n\t\t\t\t<div class=\"elementor-element elementor-element-843bd46 elementor-widget__width-auto elementor-widget elementor-widget-heading\" data-id=\"843bd46\" data-element_type=\"widget\" data-widget_type=\"heading.default\">\n\t\t\t\t<div class=\"elementor-widget-container\">\n\t\t\t\t\t<span class=\"elementor-heading-title elementor-size-default\">Albania Distribution Chemicals\n<\/span>\t\t\t\t<\/div>\n\t\t\t\t<\/div>\n\t\t\t\t\t<\/div>\n\t\t<\/div>\n\t\t\t\t\t<\/div>\n\t\t<\/section>\n\t\t\t\t\t<\/div>\n\t\t<\/div>\n\t\t\t\t\t<\/div>\n\t\t<\/section>\n\t\t\t\t<section class=\"elementor-section elementor-top-section elementor-element elementor-element-b3fd502 elementor-section-boxed elementor-section-height-default elementor-section-height-default\" data-id=\"b3fd502\" data-element_type=\"section\">\n\t\t\t\t\t\t<div class=\"elementor-container elementor-column-gap-default\">\n\t\t\t\t\t<div class=\"elementor-column elementor-col-100 elementor-top-column elementor-element elementor-element-a879885\" data-id=\"a879885\" data-element_type=\"column\">\n\t\t\t<div class=\"elementor-widget-wrap elementor-element-populated\">\n\t\t\t\t\t\t<div class=\"elementor-element elementor-element-4a3fe1c elementor-widget elementor-widget-spacer\" data-id=\"4a3fe1c\" data-element_type=\"widget\" data-widget_type=\"spacer.default\">\n\t\t\t\t<div class=\"elementor-widget-container\">\n\t\t\t\t\t\t\t<div class=\"elementor-spacer\">\n\t\t\t<div class=\"elementor-spacer-inner\"><\/div>\n\t\t<\/div>\n\t\t\t\t\t\t<\/div>\n\t\t\t\t<\/div>\n\t\t\t\t<div class=\"vamtam-has-theme-widget-styles elementor-element elementor-element-feed2fe elementor-widget elementor-widget-image\" data-id=\"feed2fe\" data-element_type=\"widget\" data-widget_type=\"image.default\">\n\t\t\t\t<div class=\"elementor-widget-container\">\n\t\t\t\t\t\t\t\t\t<div class=\"elementor-image\">\n\t\t\t\t\t\t\t\t\t\t\t\t\t\t\t\t\t\t\t\t\t<img fetchpriority=\"high\" decoding=\"async\" width=\"8000\" height=\"1355\" src=\"https:\/\/adchem.al\/wp-content\/uploads\/2023\/06\/baner-albania-distribution-chemicals-01.png\" class=\"attachment-full size-full wp-image-987764\" alt=\"\" srcset=\"https:\/\/adchem.al\/wp-content\/uploads\/2023\/06\/baner-albania-distribution-chemicals-01.png 8000w, https:\/\/adchem.al\/wp-content\/uploads\/2023\/06\/baner-albania-distribution-chemicals-01-300x51.png 300w, https:\/\/adchem.al\/wp-content\/uploads\/2023\/06\/baner-albania-distribution-chemicals-01-1024x173.png 1024w, https:\/\/adchem.al\/wp-content\/uploads\/2023\/06\/baner-albania-distribution-chemicals-01-768x130.png 768w, https:\/\/adchem.al\/wp-content\/uploads\/2023\/06\/baner-albania-distribution-chemicals-01-1536x260.png 1536w, https:\/\/adchem.al\/wp-content\/uploads\/2023\/06\/baner-albania-distribution-chemicals-01-2048x347.png 2048w\" sizes=\"(max-width: 8000px) 100vw, 8000px\" \/>\t\t\t\t\t\t\t\t\t\t\t\t\t\t\t\t\t\t\t\t\t\t\t\t<\/div>\n\t\t\t\t\t\t\t\t<\/div>\n\t\t\t\t<\/div>\n\t\t\t\t\t<\/div>\n\t\t<\/div>\n\t\t\t\t\t<\/div>\n\t\t<\/section>\n\t\t\t\t<\/div>","protected":false},"excerpt":{"rendered":"<p>Produkti: Nitrit natriumi<\/p>\n<p>Formula Kimike: NaNO2<\/p>\n<p>Informacion rreth produktit:<\/p>\n<p>\u2013 Nitriti i natriumit \u00ebsht\u00eb nj\u00eb p\u00ebrb\u00ebrje kimike me formul\u00ebn kimike NaNO2.<br \/>\n\u2013 \u00cbsht\u00eb nj\u00eb pluhur kristalor i bardh\u00eb ose pak i verdh\u00eb.<br \/>\n\u2013 Nitrit natriumi \u00ebsht\u00eb nj\u00eb krip\u00eb inorganike q\u00eb \u00ebsht\u00eb shum\u00eb e tretshme n\u00eb uj\u00eb.<\/p>","protected":false},"author":2,"featured_media":988090,"parent":987952,"menu_order":0,"comment_status":"closed","ping_status":"closed","template":"","meta":{"inline_featured_image":false,"footnotes":""},"class_list":["post-988089","page","type-page","status-publish","has-post-thumbnail","hentry"],"yoast_head":"<!-- This site is optimized with the Yoast SEO plugin v27.4 - https:\/\/yoast.com\/product\/yoast-seo-wordpress\/ -->\n<title>Sodium Nitrite | Albania Distribution Chemicals<\/title>\n<meta name=\"robots\" content=\"index, follow, max-snippet:-1, max-image-preview:large, max-video-preview:-1\" \/>\n<link rel=\"canonical\" href=\"https:\/\/adchem.al\/al\/basic-chemicals\/sodium-nitrite\/\" \/>\n<meta property=\"og:locale\" content=\"sq_AL\" \/>\n<meta property=\"og:type\" content=\"article\" \/>\n<meta property=\"og:title\" content=\"Sodium Nitrite | Albania Distribution Chemicals\" \/>\n<meta property=\"og:description\" content=\"Product: Sodium Nitrite Chemical Formula: NaNO2 Information about the product: - Sodium nitrite is a chemical compound with the chemical formula NaNO2. - It is a white or slightly yellowish crystalline powder. - Sodium nitrite is an inorganic salt that is highly soluble in water.\" \/>\n<meta property=\"og:url\" content=\"https:\/\/adchem.al\/al\/basic-chemicals\/sodium-nitrite\/\" \/>\n<meta property=\"og:site_name\" content=\"Albania Distribution Chemicals\" \/>\n<meta property=\"article:publisher\" content=\"https:\/\/www.facebook.com\/albaniadistributionchem\/?ref=py_c\" \/>\n<meta property=\"article:modified_time\" content=\"2023-06-27T21:09:56+00:00\" \/>\n<meta property=\"og:image\" content=\"https:\/\/adchem.al\/wp-content\/uploads\/2023\/06\/adchem-wallpaper-home.webp-2.webp\" \/>\n\t<meta property=\"og:image:width\" content=\"2560\" \/>\n\t<meta property=\"og:image:height\" content=\"1244\" \/>\n\t<meta property=\"og:image:type\" content=\"image\/webp\" \/>\n<meta name=\"twitter:card\" content=\"summary_large_image\" \/>\n<script type=\"application\/ld+json\" class=\"yoast-schema-graph\">{\"@context\":\"https:\\\/\\\/schema.org\",\"@graph\":[{\"@type\":\"WebPage\",\"@id\":\"https:\\\/\\\/adchem.al\\\/basic-chemicals\\\/sodium-nitrite\\\/\",\"url\":\"https:\\\/\\\/adchem.al\\\/basic-chemicals\\\/sodium-nitrite\\\/\",\"name\":\"Sodium Nitrite | Albania Distribution Chemicals\",\"isPartOf\":{\"@id\":\"https:\\\/\\\/adchem.al\\\/#website\"},\"primaryImageOfPage\":{\"@id\":\"https:\\\/\\\/adchem.al\\\/basic-chemicals\\\/sodium-nitrite\\\/#primaryimage\"},\"image\":{\"@id\":\"https:\\\/\\\/adchem.al\\\/basic-chemicals\\\/sodium-nitrite\\\/#primaryimage\"},\"thumbnailUrl\":\"https:\\\/\\\/adchem.al\\\/wp-content\\\/uploads\\\/2023\\\/06\\\/Sodium_nitrite.svg\",\"datePublished\":\"2023-06-24T15:54:01+00:00\",\"dateModified\":\"2023-06-27T21:09:56+00:00\",\"breadcrumb\":{\"@id\":\"https:\\\/\\\/adchem.al\\\/basic-chemicals\\\/sodium-nitrite\\\/#breadcrumb\"},\"inLanguage\":\"sq\",\"potentialAction\":[{\"@type\":\"ReadAction\",\"target\":[\"https:\\\/\\\/adchem.al\\\/basic-chemicals\\\/sodium-nitrite\\\/\"]}]},{\"@type\":\"ImageObject\",\"inLanguage\":\"sq\",\"@id\":\"https:\\\/\\\/adchem.al\\\/basic-chemicals\\\/sodium-nitrite\\\/#primaryimage\",\"url\":\"https:\\\/\\\/adchem.al\\\/wp-content\\\/uploads\\\/2023\\\/06\\\/Sodium_nitrite.svg\",\"contentUrl\":\"https:\\\/\\\/adchem.al\\\/wp-content\\\/uploads\\\/2023\\\/06\\\/Sodium_nitrite.svg\",\"width\":258,\"height\":100},{\"@type\":\"BreadcrumbList\",\"@id\":\"https:\\\/\\\/adchem.al\\\/basic-chemicals\\\/sodium-nitrite\\\/#breadcrumb\",\"itemListElement\":[{\"@type\":\"ListItem\",\"position\":1,\"name\":\"Home\",\"item\":\"https:\\\/\\\/adchem.al\\\/\"},{\"@type\":\"ListItem\",\"position\":2,\"name\":\"Basic Chemicals\",\"item\":\"https:\\\/\\\/adchem.al\\\/al\\\/basic-chemicals\\\/\"},{\"@type\":\"ListItem\",\"position\":3,\"name\":\"Sodium Nitrite\"}]},{\"@type\":\"WebSite\",\"@id\":\"https:\\\/\\\/adchem.al\\\/#website\",\"url\":\"https:\\\/\\\/adchem.al\\\/\",\"name\":\"Albania Distribution Chemicals\",\"description\":\"&quot;Excellence in Chemical Distribution&quot;\",\"publisher\":{\"@id\":\"https:\\\/\\\/adchem.al\\\/#organization\"},\"alternateName\":\"ADC\",\"potentialAction\":[{\"@type\":\"SearchAction\",\"target\":{\"@type\":\"EntryPoint\",\"urlTemplate\":\"https:\\\/\\\/adchem.al\\\/?s={search_term_string}\"},\"query-input\":{\"@type\":\"PropertyValueSpecification\",\"valueRequired\":true,\"valueName\":\"search_term_string\"}}],\"inLanguage\":\"sq\"},{\"@type\":\"Organization\",\"@id\":\"https:\\\/\\\/adchem.al\\\/#organization\",\"name\":\"Albania Distribution Chemicals\",\"alternateName\":\"ADC\",\"url\":\"https:\\\/\\\/adchem.al\\\/\",\"logo\":{\"@type\":\"ImageObject\",\"inLanguage\":\"sq\",\"@id\":\"https:\\\/\\\/adchem.al\\\/#\\\/schema\\\/logo\\\/image\\\/\",\"url\":\"https:\\\/\\\/adchem.al\\\/wp-content\\\/uploads\\\/2022\\\/09\\\/Albania-Distribution-Chemicals-Logo-01.png\",\"contentUrl\":\"https:\\\/\\\/adchem.al\\\/wp-content\\\/uploads\\\/2022\\\/09\\\/Albania-Distribution-Chemicals-Logo-01.png\",\"width\":308,\"height\":104,\"caption\":\"Albania Distribution Chemicals\"},\"image\":{\"@id\":\"https:\\\/\\\/adchem.al\\\/#\\\/schema\\\/logo\\\/image\\\/\"},\"sameAs\":[\"https:\\\/\\\/www.facebook.com\\\/albaniadistributionchem\\\/?ref=py_c\",\"https:\\\/\\\/www.instagram.com\\\/albania_distribution_chemicals\\\/\"]}]}<\/script>\n<!-- \/ Yoast SEO plugin. -->","yoast_head_json":{"title":"Sodium Nitrite | Albania Distribution Chemicals","robots":{"index":"index","follow":"follow","max-snippet":"max-snippet:-1","max-image-preview":"max-image-preview:large","max-video-preview":"max-video-preview:-1"},"canonical":"https:\/\/adchem.al\/al\/basic-chemicals\/sodium-nitrite\/","og_locale":"sq_AL","og_type":"article","og_title":"Sodium Nitrite | Albania Distribution Chemicals","og_description":"Product: Sodium Nitrite Chemical Formula: NaNO2 Information about the product: - Sodium nitrite is a chemical compound with the chemical formula NaNO2. - It is a white or slightly yellowish crystalline powder. - Sodium nitrite is an inorganic salt that is highly soluble in water.","og_url":"https:\/\/adchem.al\/al\/basic-chemicals\/sodium-nitrite\/","og_site_name":"Albania Distribution Chemicals","article_publisher":"https:\/\/www.facebook.com\/albaniadistributionchem\/?ref=py_c","article_modified_time":"2023-06-27T21:09:56+00:00","og_image":[{"width":2560,"height":1244,"url":"https:\/\/adchem.al\/wp-content\/uploads\/2023\/06\/adchem-wallpaper-home.webp-2.webp","type":"image\/webp"}],"twitter_card":"summary_large_image","schema":{"@context":"https:\/\/schema.org","@graph":[{"@type":"WebPage","@id":"https:\/\/adchem.al\/basic-chemicals\/sodium-nitrite\/","url":"https:\/\/adchem.al\/basic-chemicals\/sodium-nitrite\/","name":"Sodium Nitrite | Albania Distribution Chemicals","isPartOf":{"@id":"https:\/\/adchem.al\/#website"},"primaryImageOfPage":{"@id":"https:\/\/adchem.al\/basic-chemicals\/sodium-nitrite\/#primaryimage"},"image":{"@id":"https:\/\/adchem.al\/basic-chemicals\/sodium-nitrite\/#primaryimage"},"thumbnailUrl":"https:\/\/adchem.al\/wp-content\/uploads\/2023\/06\/Sodium_nitrite.svg","datePublished":"2023-06-24T15:54:01+00:00","dateModified":"2023-06-27T21:09:56+00:00","breadcrumb":{"@id":"https:\/\/adchem.al\/basic-chemicals\/sodium-nitrite\/#breadcrumb"},"inLanguage":"sq","potentialAction":[{"@type":"ReadAction","target":["https:\/\/adchem.al\/basic-chemicals\/sodium-nitrite\/"]}]},{"@type":"ImageObject","inLanguage":"sq","@id":"https:\/\/adchem.al\/basic-chemicals\/sodium-nitrite\/#primaryimage","url":"https:\/\/adchem.al\/wp-content\/uploads\/2023\/06\/Sodium_nitrite.svg","contentUrl":"https:\/\/adchem.al\/wp-content\/uploads\/2023\/06\/Sodium_nitrite.svg","width":258,"height":100},{"@type":"BreadcrumbList","@id":"https:\/\/adchem.al\/basic-chemicals\/sodium-nitrite\/#breadcrumb","itemListElement":[{"@type":"ListItem","position":1,"name":"Home","item":"https:\/\/adchem.al\/"},{"@type":"ListItem","position":2,"name":"Basic Chemicals","item":"https:\/\/adchem.al\/al\/basic-chemicals\/"},{"@type":"ListItem","position":3,"name":"Sodium Nitrite"}]},{"@type":"WebSite","@id":"https:\/\/adchem.al\/#website","url":"https:\/\/adchem.al\/","name":"Albania Distribution Chemicals","description":"&quot;Excellence in Chemical Distribution&quot;","publisher":{"@id":"https:\/\/adchem.al\/#organization"},"alternateName":"ADC","potentialAction":[{"@type":"SearchAction","target":{"@type":"EntryPoint","urlTemplate":"https:\/\/adchem.al\/?s={search_term_string}"},"query-input":{"@type":"PropertyValueSpecification","valueRequired":true,"valueName":"search_term_string"}}],"inLanguage":"sq"},{"@type":"Organization","@id":"https:\/\/adchem.al\/#organization","name":"Albania Distribution Chemicals","alternateName":"ADC","url":"https:\/\/adchem.al\/","logo":{"@type":"ImageObject","inLanguage":"sq","@id":"https:\/\/adchem.al\/#\/schema\/logo\/image\/","url":"https:\/\/adchem.al\/wp-content\/uploads\/2022\/09\/Albania-Distribution-Chemicals-Logo-01.png","contentUrl":"https:\/\/adchem.al\/wp-content\/uploads\/2022\/09\/Albania-Distribution-Chemicals-Logo-01.png","width":308,"height":104,"caption":"Albania Distribution Chemicals"},"image":{"@id":"https:\/\/adchem.al\/#\/schema\/logo\/image\/"},"sameAs":["https:\/\/www.facebook.com\/albaniadistributionchem\/?ref=py_c","https:\/\/www.instagram.com\/albania_distribution_chemicals\/"]}]}},"_links":{"self":[{"href":"https:\/\/adchem.al\/al\/wp-json\/wp\/v2\/pages\/988089","targetHints":{"allow":["GET"]}}],"collection":[{"href":"https:\/\/adchem.al\/al\/wp-json\/wp\/v2\/pages"}],"about":[{"href":"https:\/\/adchem.al\/al\/wp-json\/wp\/v2\/types\/page"}],"author":[{"embeddable":true,"href":"https:\/\/adchem.al\/al\/wp-json\/wp\/v2\/users\/2"}],"replies":[{"embeddable":true,"href":"https:\/\/adchem.al\/al\/wp-json\/wp\/v2\/comments?post=988089"}],"version-history":[{"count":10,"href":"https:\/\/adchem.al\/al\/wp-json\/wp\/v2\/pages\/988089\/revisions"}],"predecessor-version":[{"id":989205,"href":"https:\/\/adchem.al\/al\/wp-json\/wp\/v2\/pages\/988089\/revisions\/989205"}],"up":[{"embeddable":true,"href":"https:\/\/adchem.al\/al\/wp-json\/wp\/v2\/pages\/987952"}],"wp:featuredmedia":[{"embeddable":true,"href":"https:\/\/adchem.al\/al\/wp-json\/wp\/v2\/media\/988090"}],"wp:attachment":[{"href":"https:\/\/adchem.al\/al\/wp-json\/wp\/v2\/media?parent=988089"}],"curies":[{"name":"wp","href":"https:\/\/api.w.org\/{rel}","templated":true}]}}