{"id":988083,"date":"2023-06-24T15:47:26","date_gmt":"2023-06-24T15:47:26","guid":{"rendered":"https:\/\/adchem.al\/?page_id=988083"},"modified":"2023-06-27T21:07:55","modified_gmt":"2023-06-27T21:07:55","slug":"sodium-metabisulphite","status":"publish","type":"page","link":"https:\/\/adchem.al\/al\/basic-chemicals\/sodium-metabisulphite\/","title":{"rendered":"Metabisulfit Natriumi"},"content":{"rendered":"<div data-elementor-type=\"wp-page\" data-elementor-id=\"988083\" class=\"elementor elementor-988083\" data-elementor-post-type=\"page\">\n\t\t\t\t\t\t<section class=\"elementor-section elementor-top-section elementor-element elementor-element-37858afc elementor-section-full_width elementor-section-height-default elementor-section-height-default\" data-id=\"37858afc\" data-element_type=\"section\">\n\t\t\t\t\t\t<div class=\"elementor-container elementor-column-gap-no\">\n\t\t\t\t\t<div class=\"elementor-column elementor-col-100 elementor-top-column elementor-element elementor-element-60bb79bd\" data-id=\"60bb79bd\" data-element_type=\"column\">\n\t\t\t<div class=\"elementor-widget-wrap elementor-element-populated\">\n\t\t\t\t\t\t<div class=\"vamtam-has-theme-widget-styles elementor-element elementor-element-86d4d6c elementor-widget elementor-widget-image\" data-id=\"86d4d6c\" data-element_type=\"widget\" data-widget_type=\"image.default\">\n\t\t\t\t<div class=\"elementor-widget-container\">\n\t\t\t\t\t\t\t\t\t<div class=\"elementor-image\">\n\t\t\t\t\t\t\t\t\t\t\t\t\t\t\t\t<figure class=\"wp-caption\">\n\t\t\t\t\t\t\t\t\t\t\t\t\t\t\t\t<img fetchpriority=\"high\" decoding=\"async\" width=\"1100\" height=\"571\" src=\"https:\/\/adchem.al\/wp-content\/uploads\/2023\/06\/Sodium-metabisulfite-2D.png\" class=\"attachment-full size-full wp-image-988084\" alt=\"\" srcset=\"https:\/\/adchem.al\/wp-content\/uploads\/2023\/06\/Sodium-metabisulfite-2D.png 1100w, https:\/\/adchem.al\/wp-content\/uploads\/2023\/06\/Sodium-metabisulfite-2D-300x156.png 300w, https:\/\/adchem.al\/wp-content\/uploads\/2023\/06\/Sodium-metabisulfite-2D-1024x532.png 1024w, https:\/\/adchem.al\/wp-content\/uploads\/2023\/06\/Sodium-metabisulfite-2D-768x399.png 768w\" sizes=\"(max-width: 1100px) 100vw, 1100px\" \/>\t\t\t\t\t\t\t\t\t\t\t\t\t\t\t\t\t<figcaption class=\"widget-image-caption wp-caption-text\">Albania Distribution Chemicals<\/figcaption>\n\t\t\t\t\t\t\t\t\t\t\t\t\t\t\t\t<\/figure>\n\t\t\t\t\t\t\t\t\t\t\t\t\t\t<\/div>\n\t\t\t\t\t\t\t\t<\/div>\n\t\t\t\t<\/div>\n\t\t\t\t<div class=\"elementor-element elementor-element-61992a9a elementor-widget elementor-widget-text-editor\" data-id=\"61992a9a\" data-element_type=\"widget\" data-widget_type=\"text-editor.default\">\n\t\t\t\t<div class=\"elementor-widget-container\">\n\t\t\t\t\t\t\t\t\t<div class=\"woocommerce-product-details__short-description\"><div class=\"woocommerce-product-details__short-description\"><div class=\"woocommerce-product-details__short-description\"><p><strong>Produkti: Metabisulfit natriumi<\/strong><\/p><p><strong>Formula Kimike: Na2S2O5<\/strong><\/p><p><strong>Informacion rreth produktit:<\/strong><\/p><p>\u2013 Metabisulfiti i natriumit \u00ebsht\u00eb nj\u00eb p\u00ebrb\u00ebrje kimike me formul\u00ebn kimike Na2S2O5.<br \/>\u2013 \u00cbsht\u00eb pluhur i bardh\u00eb, kristalor me er\u00eb squfuri.<br \/>\u2013 Metabisulfiti i natriumit p\u00ebrdoret zakonisht si nj\u00eb ruajt\u00ebs, antioksidant dhe dezinfektues.<\/p><p><strong>Informacion p\u00ebr sektorin e p\u00ebrdorimit t\u00eb produktit:<\/strong><\/p><p>1. Industria e ushqimit dhe pijeve:<br \/>\u2013 Metabisulfiti i natriumit p\u00ebrdoret gjer\u00ebsisht si konservues ushqimor dhe antioksidant. Ndihmon n\u00eb parandalimin e rritjes s\u00eb mikrobeve, oksidimit dhe skuqjes n\u00eb produkte t\u00eb ndryshme ushqimore dhe pijesh, t\u00eb tilla si ver\u00ebra, l\u00ebngje, fruta t\u00eb thata dhe mish t\u00eb p\u00ebrpunuar.<\/p><p>2. Trajtimi i ujit:<br \/>\u2013 Metabisulfiti i natriumit p\u00ebrdoret n\u00eb proceset e trajtimit t\u00eb ujit p\u00ebr t\u00eb hequr klorin dhe kloraminat. Ai vepron si nj\u00eb agjent deklorifikues, duke e b\u00ebr\u00eb ujin t\u00eb p\u00ebrshtatsh\u00ebm p\u00ebr aplikime t\u00eb caktuara industriale dhe duke reduktuar potencialin p\u00ebr efekte negative.<\/p><p>3. Industria fotografike:<br \/>\u2013 Metabisulfiti i natriumit p\u00ebrdoret n\u00eb industrin\u00eb fotografike si nj\u00eb agjent zhvillimi dhe nj\u00eb ruajt\u00ebs p\u00ebr solucionet fotografike. Ndihmon n\u00eb ruajtjen e stabilitetit t\u00eb kimikateve fotografike dhe zgjat jet\u00ebgjat\u00ebsin\u00eb e tyre.<\/p><p>4. Industria e tekstilit:<br \/>\u2013 Metabisulfiti i natriumit p\u00ebrdoret n\u00eb industrin\u00eb e tekstilit si nj\u00eb agjent reduktues dhe nj\u00eb stabilizues zbardhues. Ndihmon n\u00eb heqjen e ngjyrave t\u00eb tep\u00ebrta, p\u00ebrmir\u00ebson q\u00ebndrueshm\u00ebrin\u00eb e ngjyrave dhe parandalon degradimin e ngjyrave gjat\u00eb p\u00ebrpunimit t\u00eb tekstilit.<\/p><p>5. Industria e pulp\u00ebs dhe letr\u00ebs:<br \/>\u2013 Metabisulfiti i natriumit shtohet n\u00eb proceset e prodhimit t\u00eb pulp\u00ebs dhe letr\u00ebs si nj\u00eb ndihm\u00ebs p\u00ebr tul\u00ebzimin dhe nj\u00eb agjent zbardhues. Ndihmon n\u00eb zb\u00ebrthimin e linjin\u00ebs, heqjen e papast\u00ebrtive t\u00eb ngjyrave dhe p\u00ebrmir\u00ebsimin e shk\u00eblqimit t\u00eb produkteve t\u00eb letr\u00ebs.<\/p><p>6. Industria farmaceutike:<br \/>\u2013 Metabisulfiti i natriumit p\u00ebrdoret n\u00eb industrin\u00eb farmaceutike si agjent reduktues dhe si stabilizues p\u00ebr medikamente t\u00eb caktuara. Ndihmon n\u00eb ruajtjen e fuqis\u00eb dhe stabilitetit t\u00eb barnave, ve\u00e7an\u00ebrisht t\u00eb atyre q\u00eb jan\u00eb t\u00eb ndjesh\u00ebm ndaj oksidimit.<\/p><p>7. Industria kimike:<br \/>\u2013 Metabisulfiti i natriumit gjen aplikime n\u00eb procese t\u00eb ndryshme kimike, duke p\u00ebrfshir\u00eb nxjerrjen e metaleve, trajtimin e uj\u00ebrave t\u00eb zeza dhe sintez\u00ebn e kimikateve t\u00eb tjera. Ai vepron si nj\u00eb agjent reduktues, burim squfuri ose antioksidant n\u00eb reaksione t\u00eb ndryshme kimike.<\/p><p>8. Industria e l\u00ebkur\u00ebs:<br \/>\u2013 Metabisulfiti i natriumit p\u00ebrdoret n\u00eb industrin\u00eb e l\u00ebkur\u00ebs p\u00ebr p\u00ebrpunimin dhe ruajtjen e l\u00ebkur\u00ebs. Ndihmon n\u00eb heqjen e mbetjeve t\u00eb flok\u00ebve dhe mishit, p\u00ebrmir\u00ebson uniformitetin e ngjyrave dhe pengon rritjen e baktereve gjat\u00eb prodhimit t\u00eb l\u00ebkur\u00ebs.<\/p><p>9. Industria e gazit dhe e naft\u00ebs:<br \/>\u2013 Metabisulfiti i natriumit p\u00ebrdoret n\u00eb industrin\u00eb e gazit dhe naft\u00ebs p\u00ebr heqjen e sulfurit t\u00eb hidrogjenit (H2S) dhe kontrollin e korrozionit. Ai reagon me H2S p\u00ebr t\u00eb prodhuar komponime squfuri, duke reduktuar efektet g\u00ebrryese dhe er\u00ebn e gazit ose vajit.<\/p><p>10. Aplikimet bujq\u00ebsore:<br \/>\u2013 Metabisulfiti i natriumit ndonj\u00ebher\u00eb p\u00ebrdoret n\u00eb bujq\u00ebsi p\u00ebr q\u00ebllime t\u00eb ndryshme, si sterilizimi i tok\u00ebs, trajtimi pas vjeljes s\u00eb frutave dhe perimeve dhe kontrolli i disa d\u00ebmtuesve dhe s\u00ebmundjeve.<\/p><p>Metabisulfiti i natriumit \u00ebsht\u00eb nj\u00eb p\u00ebrb\u00ebr\u00ebs kimik i gjithansh\u00ebm me aplikime t\u00eb gjera n\u00eb industrin\u00eb ushqimore, trajtimin e ujit, fotografin\u00eb, tekstilet dhe sektor\u00eb t\u00eb ndrysh\u00ebm industrial\u00eb. \u00cbsht\u00eb e r\u00ebnd\u00ebsishme t\u00eb trajtohet dhe t\u00eb p\u00ebrdoret metabisulfiti i natriumit duke ndjekur udh\u00ebzimet e siguris\u00eb dhe k\u00ebrkesat rregullatore, pasi ai mund t\u00eb \u00e7liroj\u00eb gaz dioksid squfuri, i cili mund t\u00eb shkaktoj\u00eb acarim t\u00eb frym\u00ebmarrjes n\u00eb p\u00ebrqendrime t\u00eb larta.<\/p><\/div><\/div><\/div>\t\t\t\t\t\t\t\t<\/div>\n\t\t\t\t<\/div>\n\t\t\t\t<section class=\"elementor-section elementor-inner-section elementor-element elementor-element-c697712 elementor-section-boxed elementor-section-height-default elementor-section-height-default\" data-id=\"c697712\" data-element_type=\"section\" data-settings=\"{&quot;background_background&quot;:&quot;classic&quot;}\">\n\t\t\t\t\t\t<div class=\"elementor-container elementor-column-gap-no\">\n\t\t\t\t\t<div class=\"elementor-column elementor-col-100 elementor-inner-column elementor-element elementor-element-e00ac1b\" data-id=\"e00ac1b\" data-element_type=\"column\">\n\t\t\t<div class=\"elementor-widget-wrap elementor-element-populated\">\n\t\t\t\t\t\t<div class=\"elementor-element elementor-element-a02dd90 elementor-view-default elementor-widget elementor-widget-icon\" data-id=\"a02dd90\" data-element_type=\"widget\" data-widget_type=\"icon.default\">\n\t\t\t\t<div class=\"elementor-widget-container\">\n\t\t\t\t\t\t\t<div class=\"elementor-icon-wrapper\">\n\t\t\t<div class=\"elementor-icon\">\n\t\t\t<i aria-hidden=\"true\" class=\"vamtamtheme- vamtam-theme-quote-start\"><\/i>\t\t\t<\/div>\n\t\t<\/div>\n\t\t\t\t\t\t<\/div>\n\t\t\t\t<\/div>\n\t\t\t\t<div class=\"elementor-element elementor-element-135d7ea elementor-widget elementor-widget-text-editor\" data-id=\"135d7ea\" data-element_type=\"widget\" data-widget_type=\"text-editor.default\">\n\t\t\t\t<div class=\"elementor-widget-container\">\n\t\t\t\t\t\t\t\t\t<p>\"P\u00ebr \u00e7do informacion, shkruani n\u00eb WhatsApp: Gjith\u00e7ka q\u00eb ju nevojitet, n\u00eb koh\u00eb reale, n\u00eb nj\u00eb mesazh. Na kontaktoni dhe jemi gati t\u00eb ju ndihmojm\u00eb.\"<\/p>\t\t\t\t\t\t\t\t<\/div>\n\t\t\t\t<\/div>\n\t\t\t\t<div class=\"elementor-element elementor-element-d45328c elementor-widget-divider--view-line elementor-widget elementor-widget-divider\" data-id=\"d45328c\" data-element_type=\"widget\" data-widget_type=\"divider.default\">\n\t\t\t\t<div class=\"elementor-widget-container\">\n\t\t\t\t\t\t\t<div class=\"elementor-divider\">\n\t\t\t<span class=\"elementor-divider-separator\">\n\t\t\t\t\t\t<\/span>\n\t\t<\/div>\n\t\t\t\t\t\t<\/div>\n\t\t\t\t<\/div>\n\t\t\t\t<div class=\"vamtam-has-theme-widget-styles elementor-element elementor-element-8c58369 elementor-widget__width-auto vamtam-has-underline-anim elementor-widget elementor-widget-button\" data-id=\"8c58369\" data-element_type=\"widget\" data-widget_type=\"button.default\">\n\t\t\t\t<div class=\"elementor-widget-container\">\n\t\t\t\t\t\t\t\t\t<div class=\"elementor-button-wrapper\">\n\t\t\t\t\t<a class=\"elementor-button elementor-button-link elementor-size-md\" href=\"https:\/\/wa.me\/355694000260\">\n\t\t\t\t\t\t<span class=\"elementor-button-content-wrapper\">\n\t\t\t\t\t\t<span class=\"elementor-button-icon\">\n\t\t\t\t<i aria-hidden=\"true\" class=\"vamtamtheme- vamtam-theme-icon-arrow-right-top\"><\/i>\t\t\t<\/span>\n\t\t\t\t\t\t\t\t\t<span class=\"elementor-button-text\">Kontaktoni WhatsApp<\/span>\n\t\t\t\t\t<\/span>\n\t\t\t\t\t<\/a>\n\t\t\t\t<\/div>\n\t\t\t\t\t\t\t\t<\/div>\n\t\t\t\t<\/div>\n\t\t\t\t<div class=\"elementor-element elementor-element-0875fea elementor-widget__width-auto elementor-widget elementor-widget-heading\" data-id=\"0875fea\" data-element_type=\"widget\" data-widget_type=\"heading.default\">\n\t\t\t\t<div class=\"elementor-widget-container\">\n\t\t\t\t\t<span class=\"elementor-heading-title elementor-size-default\">Albania Distribution Chemicals\n<\/span>\t\t\t\t<\/div>\n\t\t\t\t<\/div>\n\t\t\t\t\t<\/div>\n\t\t<\/div>\n\t\t\t\t\t<\/div>\n\t\t<\/section>\n\t\t\t\t\t<\/div>\n\t\t<\/div>\n\t\t\t\t\t<\/div>\n\t\t<\/section>\n\t\t\t\t<section class=\"elementor-section elementor-top-section elementor-element elementor-element-b3fd502 elementor-section-boxed elementor-section-height-default elementor-section-height-default\" data-id=\"b3fd502\" data-element_type=\"section\">\n\t\t\t\t\t\t<div class=\"elementor-container elementor-column-gap-default\">\n\t\t\t\t\t<div class=\"elementor-column elementor-col-100 elementor-top-column elementor-element elementor-element-a879885\" data-id=\"a879885\" data-element_type=\"column\">\n\t\t\t<div class=\"elementor-widget-wrap elementor-element-populated\">\n\t\t\t\t\t\t<div class=\"elementor-element elementor-element-4a3fe1c elementor-widget elementor-widget-spacer\" data-id=\"4a3fe1c\" data-element_type=\"widget\" data-widget_type=\"spacer.default\">\n\t\t\t\t<div class=\"elementor-widget-container\">\n\t\t\t\t\t\t\t<div class=\"elementor-spacer\">\n\t\t\t<div class=\"elementor-spacer-inner\"><\/div>\n\t\t<\/div>\n\t\t\t\t\t\t<\/div>\n\t\t\t\t<\/div>\n\t\t\t\t<div class=\"vamtam-has-theme-widget-styles elementor-element elementor-element-feed2fe elementor-widget elementor-widget-image\" data-id=\"feed2fe\" data-element_type=\"widget\" data-widget_type=\"image.default\">\n\t\t\t\t<div class=\"elementor-widget-container\">\n\t\t\t\t\t\t\t\t\t<div class=\"elementor-image\">\n\t\t\t\t\t\t\t\t\t\t\t\t\t\t\t\t\t\t\t\t\t<img decoding=\"async\" width=\"8000\" height=\"1355\" src=\"https:\/\/adchem.al\/wp-content\/uploads\/2023\/06\/baner-albania-distribution-chemicals-01.png\" class=\"attachment-full size-full wp-image-987764\" alt=\"\" srcset=\"https:\/\/adchem.al\/wp-content\/uploads\/2023\/06\/baner-albania-distribution-chemicals-01.png 8000w, https:\/\/adchem.al\/wp-content\/uploads\/2023\/06\/baner-albania-distribution-chemicals-01-300x51.png 300w, https:\/\/adchem.al\/wp-content\/uploads\/2023\/06\/baner-albania-distribution-chemicals-01-1024x173.png 1024w, https:\/\/adchem.al\/wp-content\/uploads\/2023\/06\/baner-albania-distribution-chemicals-01-768x130.png 768w, https:\/\/adchem.al\/wp-content\/uploads\/2023\/06\/baner-albania-distribution-chemicals-01-1536x260.png 1536w, https:\/\/adchem.al\/wp-content\/uploads\/2023\/06\/baner-albania-distribution-chemicals-01-2048x347.png 2048w\" sizes=\"(max-width: 8000px) 100vw, 8000px\" \/>\t\t\t\t\t\t\t\t\t\t\t\t\t\t\t\t\t\t\t\t\t\t\t\t<\/div>\n\t\t\t\t\t\t\t\t<\/div>\n\t\t\t\t<\/div>\n\t\t\t\t\t<\/div>\n\t\t<\/div>\n\t\t\t\t\t<\/div>\n\t\t<\/section>\n\t\t\t\t<\/div>","protected":false},"excerpt":{"rendered":"<p>Produkti: Metabisulfit natriumi<\/p>\n<p>Formula Kimike: Na2S2O5<\/p>\n<p>Informacion rreth produktit:<\/p>\n<p>\u2013 Metabisulfiti i natriumit \u00ebsht\u00eb nj\u00eb p\u00ebrb\u00ebrje kimike me formul\u00ebn kimike Na2S2O5.<br \/>\n\u2013 \u00cbsht\u00eb pluhur i bardh\u00eb, kristalor me er\u00eb squfuri.<br \/>\n\u2013 Metabisulfiti i natriumit p\u00ebrdoret zakonisht si nj\u00eb ruajt\u00ebs, antioksidant dhe dezinfektues.<\/p>","protected":false},"author":2,"featured_media":988084,"parent":987952,"menu_order":0,"comment_status":"closed","ping_status":"closed","template":"","meta":{"inline_featured_image":false,"footnotes":""},"class_list":["post-988083","page","type-page","status-publish","has-post-thumbnail","hentry"],"yoast_head":"<!-- This site is optimized with the Yoast SEO plugin v27.3 - https:\/\/yoast.com\/product\/yoast-seo-wordpress\/ -->\n<title>Sodium Metabisulphite | Albania Distribution Chemicals<\/title>\n<meta name=\"robots\" content=\"index, follow, max-snippet:-1, max-image-preview:large, max-video-preview:-1\" \/>\n<link rel=\"canonical\" href=\"https:\/\/adchem.al\/al\/basic-chemicals\/sodium-metabisulphite\/\" \/>\n<meta property=\"og:locale\" content=\"sq_AL\" \/>\n<meta property=\"og:type\" content=\"article\" \/>\n<meta property=\"og:title\" content=\"Sodium Metabisulphite | Albania Distribution Chemicals\" \/>\n<meta property=\"og:description\" content=\"Product: Sodium Metabisulfite Chemical Formula: Na2S2O5 Information about the product: - Sodium metabisulfite is a chemical compound with the chemical formula Na2S2O5. - It is a white, crystalline powder with a sulfurous odor. - Sodium metabisulfite is commonly used as a preservative, antioxidant, and disinfectant.\" \/>\n<meta property=\"og:url\" content=\"https:\/\/adchem.al\/al\/basic-chemicals\/sodium-metabisulphite\/\" \/>\n<meta property=\"og:site_name\" content=\"Albania Distribution Chemicals\" \/>\n<meta property=\"article:publisher\" content=\"https:\/\/www.facebook.com\/albaniadistributionchem\/?ref=py_c\" \/>\n<meta property=\"article:modified_time\" content=\"2023-06-27T21:07:55+00:00\" \/>\n<meta property=\"og:image\" content=\"https:\/\/adchem.al\/wp-content\/uploads\/2023\/06\/Sodium-metabisulfite-2D.png\" \/>\n\t<meta property=\"og:image:width\" content=\"1100\" \/>\n\t<meta property=\"og:image:height\" content=\"571\" \/>\n\t<meta property=\"og:image:type\" content=\"image\/png\" \/>\n<meta name=\"twitter:card\" content=\"summary_large_image\" \/>\n<script type=\"application\/ld+json\" class=\"yoast-schema-graph\">{\"@context\":\"https:\\\/\\\/schema.org\",\"@graph\":[{\"@type\":\"WebPage\",\"@id\":\"https:\\\/\\\/adchem.al\\\/basic-chemicals\\\/sodium-metabisulphite\\\/\",\"url\":\"https:\\\/\\\/adchem.al\\\/basic-chemicals\\\/sodium-metabisulphite\\\/\",\"name\":\"Sodium Metabisulphite | Albania Distribution Chemicals\",\"isPartOf\":{\"@id\":\"https:\\\/\\\/adchem.al\\\/#website\"},\"primaryImageOfPage\":{\"@id\":\"https:\\\/\\\/adchem.al\\\/basic-chemicals\\\/sodium-metabisulphite\\\/#primaryimage\"},\"image\":{\"@id\":\"https:\\\/\\\/adchem.al\\\/basic-chemicals\\\/sodium-metabisulphite\\\/#primaryimage\"},\"thumbnailUrl\":\"https:\\\/\\\/adchem.al\\\/wp-content\\\/uploads\\\/2023\\\/06\\\/Sodium-metabisulfite-2D.png\",\"datePublished\":\"2023-06-24T15:47:26+00:00\",\"dateModified\":\"2023-06-27T21:07:55+00:00\",\"breadcrumb\":{\"@id\":\"https:\\\/\\\/adchem.al\\\/basic-chemicals\\\/sodium-metabisulphite\\\/#breadcrumb\"},\"inLanguage\":\"sq\",\"potentialAction\":[{\"@type\":\"ReadAction\",\"target\":[\"https:\\\/\\\/adchem.al\\\/basic-chemicals\\\/sodium-metabisulphite\\\/\"]}]},{\"@type\":\"ImageObject\",\"inLanguage\":\"sq\",\"@id\":\"https:\\\/\\\/adchem.al\\\/basic-chemicals\\\/sodium-metabisulphite\\\/#primaryimage\",\"url\":\"https:\\\/\\\/adchem.al\\\/wp-content\\\/uploads\\\/2023\\\/06\\\/Sodium-metabisulfite-2D.png\",\"contentUrl\":\"https:\\\/\\\/adchem.al\\\/wp-content\\\/uploads\\\/2023\\\/06\\\/Sodium-metabisulfite-2D.png\",\"width\":1100,\"height\":571},{\"@type\":\"BreadcrumbList\",\"@id\":\"https:\\\/\\\/adchem.al\\\/basic-chemicals\\\/sodium-metabisulphite\\\/#breadcrumb\",\"itemListElement\":[{\"@type\":\"ListItem\",\"position\":1,\"name\":\"Home\",\"item\":\"https:\\\/\\\/adchem.al\\\/\"},{\"@type\":\"ListItem\",\"position\":2,\"name\":\"Basic Chemicals\",\"item\":\"https:\\\/\\\/adchem.al\\\/al\\\/basic-chemicals\\\/\"},{\"@type\":\"ListItem\",\"position\":3,\"name\":\"Sodium Metabisulphite\"}]},{\"@type\":\"WebSite\",\"@id\":\"https:\\\/\\\/adchem.al\\\/#website\",\"url\":\"https:\\\/\\\/adchem.al\\\/\",\"name\":\"Albania Distribution Chemicals\",\"description\":\"&quot;Excellence in Chemical Distribution&quot;\",\"publisher\":{\"@id\":\"https:\\\/\\\/adchem.al\\\/#organization\"},\"alternateName\":\"ADC\",\"potentialAction\":[{\"@type\":\"SearchAction\",\"target\":{\"@type\":\"EntryPoint\",\"urlTemplate\":\"https:\\\/\\\/adchem.al\\\/?s={search_term_string}\"},\"query-input\":{\"@type\":\"PropertyValueSpecification\",\"valueRequired\":true,\"valueName\":\"search_term_string\"}}],\"inLanguage\":\"sq\"},{\"@type\":\"Organization\",\"@id\":\"https:\\\/\\\/adchem.al\\\/#organization\",\"name\":\"Albania Distribution Chemicals\",\"alternateName\":\"ADC\",\"url\":\"https:\\\/\\\/adchem.al\\\/\",\"logo\":{\"@type\":\"ImageObject\",\"inLanguage\":\"sq\",\"@id\":\"https:\\\/\\\/adchem.al\\\/#\\\/schema\\\/logo\\\/image\\\/\",\"url\":\"https:\\\/\\\/adchem.al\\\/wp-content\\\/uploads\\\/2022\\\/09\\\/Albania-Distribution-Chemicals-Logo-01.png\",\"contentUrl\":\"https:\\\/\\\/adchem.al\\\/wp-content\\\/uploads\\\/2022\\\/09\\\/Albania-Distribution-Chemicals-Logo-01.png\",\"width\":308,\"height\":104,\"caption\":\"Albania Distribution Chemicals\"},\"image\":{\"@id\":\"https:\\\/\\\/adchem.al\\\/#\\\/schema\\\/logo\\\/image\\\/\"},\"sameAs\":[\"https:\\\/\\\/www.facebook.com\\\/albaniadistributionchem\\\/?ref=py_c\",\"https:\\\/\\\/www.instagram.com\\\/albania_distribution_chemicals\\\/\"]}]}<\/script>\n<!-- \/ Yoast SEO plugin. -->","yoast_head_json":{"title":"Sodium Metabisulphite | Albania Distribution Chemicals","robots":{"index":"index","follow":"follow","max-snippet":"max-snippet:-1","max-image-preview":"max-image-preview:large","max-video-preview":"max-video-preview:-1"},"canonical":"https:\/\/adchem.al\/al\/basic-chemicals\/sodium-metabisulphite\/","og_locale":"sq_AL","og_type":"article","og_title":"Sodium Metabisulphite | Albania Distribution Chemicals","og_description":"Product: Sodium Metabisulfite Chemical Formula: Na2S2O5 Information about the product: - Sodium metabisulfite is a chemical compound with the chemical formula Na2S2O5. - It is a white, crystalline powder with a sulfurous odor. - Sodium metabisulfite is commonly used as a preservative, antioxidant, and disinfectant.","og_url":"https:\/\/adchem.al\/al\/basic-chemicals\/sodium-metabisulphite\/","og_site_name":"Albania Distribution Chemicals","article_publisher":"https:\/\/www.facebook.com\/albaniadistributionchem\/?ref=py_c","article_modified_time":"2023-06-27T21:07:55+00:00","og_image":[{"width":1100,"height":571,"url":"https:\/\/adchem.al\/wp-content\/uploads\/2023\/06\/Sodium-metabisulfite-2D.png","type":"image\/png"}],"twitter_card":"summary_large_image","schema":{"@context":"https:\/\/schema.org","@graph":[{"@type":"WebPage","@id":"https:\/\/adchem.al\/basic-chemicals\/sodium-metabisulphite\/","url":"https:\/\/adchem.al\/basic-chemicals\/sodium-metabisulphite\/","name":"Sodium Metabisulphite | Albania Distribution Chemicals","isPartOf":{"@id":"https:\/\/adchem.al\/#website"},"primaryImageOfPage":{"@id":"https:\/\/adchem.al\/basic-chemicals\/sodium-metabisulphite\/#primaryimage"},"image":{"@id":"https:\/\/adchem.al\/basic-chemicals\/sodium-metabisulphite\/#primaryimage"},"thumbnailUrl":"https:\/\/adchem.al\/wp-content\/uploads\/2023\/06\/Sodium-metabisulfite-2D.png","datePublished":"2023-06-24T15:47:26+00:00","dateModified":"2023-06-27T21:07:55+00:00","breadcrumb":{"@id":"https:\/\/adchem.al\/basic-chemicals\/sodium-metabisulphite\/#breadcrumb"},"inLanguage":"sq","potentialAction":[{"@type":"ReadAction","target":["https:\/\/adchem.al\/basic-chemicals\/sodium-metabisulphite\/"]}]},{"@type":"ImageObject","inLanguage":"sq","@id":"https:\/\/adchem.al\/basic-chemicals\/sodium-metabisulphite\/#primaryimage","url":"https:\/\/adchem.al\/wp-content\/uploads\/2023\/06\/Sodium-metabisulfite-2D.png","contentUrl":"https:\/\/adchem.al\/wp-content\/uploads\/2023\/06\/Sodium-metabisulfite-2D.png","width":1100,"height":571},{"@type":"BreadcrumbList","@id":"https:\/\/adchem.al\/basic-chemicals\/sodium-metabisulphite\/#breadcrumb","itemListElement":[{"@type":"ListItem","position":1,"name":"Home","item":"https:\/\/adchem.al\/"},{"@type":"ListItem","position":2,"name":"Basic Chemicals","item":"https:\/\/adchem.al\/al\/basic-chemicals\/"},{"@type":"ListItem","position":3,"name":"Sodium Metabisulphite"}]},{"@type":"WebSite","@id":"https:\/\/adchem.al\/#website","url":"https:\/\/adchem.al\/","name":"Albania Distribution Chemicals","description":"&quot;Excellence in Chemical Distribution&quot;","publisher":{"@id":"https:\/\/adchem.al\/#organization"},"alternateName":"ADC","potentialAction":[{"@type":"SearchAction","target":{"@type":"EntryPoint","urlTemplate":"https:\/\/adchem.al\/?s={search_term_string}"},"query-input":{"@type":"PropertyValueSpecification","valueRequired":true,"valueName":"search_term_string"}}],"inLanguage":"sq"},{"@type":"Organization","@id":"https:\/\/adchem.al\/#organization","name":"Albania Distribution Chemicals","alternateName":"ADC","url":"https:\/\/adchem.al\/","logo":{"@type":"ImageObject","inLanguage":"sq","@id":"https:\/\/adchem.al\/#\/schema\/logo\/image\/","url":"https:\/\/adchem.al\/wp-content\/uploads\/2022\/09\/Albania-Distribution-Chemicals-Logo-01.png","contentUrl":"https:\/\/adchem.al\/wp-content\/uploads\/2022\/09\/Albania-Distribution-Chemicals-Logo-01.png","width":308,"height":104,"caption":"Albania Distribution Chemicals"},"image":{"@id":"https:\/\/adchem.al\/#\/schema\/logo\/image\/"},"sameAs":["https:\/\/www.facebook.com\/albaniadistributionchem\/?ref=py_c","https:\/\/www.instagram.com\/albania_distribution_chemicals\/"]}]}},"_links":{"self":[{"href":"https:\/\/adchem.al\/al\/wp-json\/wp\/v2\/pages\/988083","targetHints":{"allow":["GET"]}}],"collection":[{"href":"https:\/\/adchem.al\/al\/wp-json\/wp\/v2\/pages"}],"about":[{"href":"https:\/\/adchem.al\/al\/wp-json\/wp\/v2\/types\/page"}],"author":[{"embeddable":true,"href":"https:\/\/adchem.al\/al\/wp-json\/wp\/v2\/users\/2"}],"replies":[{"embeddable":true,"href":"https:\/\/adchem.al\/al\/wp-json\/wp\/v2\/comments?post=988083"}],"version-history":[{"count":10,"href":"https:\/\/adchem.al\/al\/wp-json\/wp\/v2\/pages\/988083\/revisions"}],"predecessor-version":[{"id":989202,"href":"https:\/\/adchem.al\/al\/wp-json\/wp\/v2\/pages\/988083\/revisions\/989202"}],"up":[{"embeddable":true,"href":"https:\/\/adchem.al\/al\/wp-json\/wp\/v2\/pages\/987952"}],"wp:featuredmedia":[{"embeddable":true,"href":"https:\/\/adchem.al\/al\/wp-json\/wp\/v2\/media\/988084"}],"wp:attachment":[{"href":"https:\/\/adchem.al\/al\/wp-json\/wp\/v2\/media?parent=988083"}],"curies":[{"name":"wp","href":"https:\/\/api.w.org\/{rel}","templated":true}]}}