{"id":988076,"date":"2023-06-24T15:44:27","date_gmt":"2023-06-24T15:44:27","guid":{"rendered":"https:\/\/adchem.al\/?page_id=988076"},"modified":"2023-06-27T21:05:23","modified_gmt":"2023-06-27T21:05:23","slug":"sodium-hypochlorite","status":"publish","type":"page","link":"https:\/\/adchem.al\/al\/basic-chemicals\/sodium-hypochlorite\/","title":{"rendered":"Hipoklorit Natriumi"},"content":{"rendered":"<div data-elementor-type=\"wp-page\" data-elementor-id=\"988076\" class=\"elementor elementor-988076\" data-elementor-post-type=\"page\">\n\t\t\t\t\t\t<section class=\"elementor-section elementor-top-section elementor-element elementor-element-37858afc elementor-section-full_width elementor-section-height-default elementor-section-height-default\" data-id=\"37858afc\" data-element_type=\"section\" data-e-type=\"section\">\n\t\t\t\t\t\t<div class=\"elementor-container elementor-column-gap-no\">\n\t\t\t\t\t<div class=\"elementor-column elementor-col-100 elementor-top-column elementor-element elementor-element-60bb79bd\" data-id=\"60bb79bd\" data-element_type=\"column\" data-e-type=\"column\">\n\t\t\t<div class=\"elementor-widget-wrap elementor-element-populated\">\n\t\t\t\t\t\t<div class=\"vamtam-has-theme-widget-styles elementor-element elementor-element-86d4d6c elementor-widget elementor-widget-image\" data-id=\"86d4d6c\" data-element_type=\"widget\" data-e-type=\"widget\" data-widget_type=\"image.default\">\n\t\t\t\t<div class=\"elementor-widget-container\">\n\t\t\t\t\t\t\t\t\t<div class=\"elementor-image\">\n\t\t\t\t\t\t\t\t\t\t\t\t\t\t\t\t<figure class=\"wp-caption\">\n\t\t\t\t\t\t\t\t\t\t\t\t\t\t\t\t<img fetchpriority=\"high\" decoding=\"async\" width=\"1280\" height=\"776\" src=\"https:\/\/adchem.al\/wp-content\/uploads\/2023\/06\/Sodium_hypochlorite.svg.png\" class=\"attachment-full size-full wp-image-988078\" alt=\"\" srcset=\"https:\/\/adchem.al\/wp-content\/uploads\/2023\/06\/Sodium_hypochlorite.svg.png 1280w, https:\/\/adchem.al\/wp-content\/uploads\/2023\/06\/Sodium_hypochlorite.svg-300x182.png 300w, https:\/\/adchem.al\/wp-content\/uploads\/2023\/06\/Sodium_hypochlorite.svg-1024x621.png 1024w, https:\/\/adchem.al\/wp-content\/uploads\/2023\/06\/Sodium_hypochlorite.svg-768x466.png 768w\" sizes=\"(max-width: 1280px) 100vw, 1280px\" \/>\t\t\t\t\t\t\t\t\t\t\t\t\t\t\t\t\t<figcaption class=\"widget-image-caption wp-caption-text\">Albania Distribution Chemicals<\/figcaption>\n\t\t\t\t\t\t\t\t\t\t\t\t\t\t\t\t<\/figure>\n\t\t\t\t\t\t\t\t\t\t\t\t\t\t<\/div>\n\t\t\t\t\t\t\t\t<\/div>\n\t\t\t\t<\/div>\n\t\t\t\t<div class=\"elementor-element elementor-element-61992a9a elementor-widget elementor-widget-text-editor\" data-id=\"61992a9a\" data-element_type=\"widget\" data-e-type=\"widget\" data-widget_type=\"text-editor.default\">\n\t\t\t\t<div class=\"elementor-widget-container\">\n\t\t\t\t\t\t\t\t\t<div class=\"woocommerce-product-details__short-description\"><div class=\"woocommerce-product-details__short-description\"><div class=\"woocommerce-product-details__short-description\"><p><strong>Produkti: Hipoklorit natriumi<\/strong><\/p><p><strong>Formula Kimike: NaOCl<\/strong><\/p><p><strong>Informacion rreth produktit:<\/strong><\/p><p>\u2013 Hipokloriti i natriumit \u00ebsht\u00eb nj\u00eb p\u00ebrb\u00ebrje kimike me formul\u00ebn kimike NaOCl.<br \/>\u2013 \u00cbsht\u00eb nj\u00eb l\u00ebng i past\u00ebr, i zbeht\u00eb i verdh\u00eb me er\u00eb t\u00eb fort\u00eb klori.<br \/>\u2013 Hipokloriti i natriumit njihet zakonisht si zbardhues ose zbardhues i l\u00ebngsh\u00ebm.<\/p><p><strong>Informacion p\u00ebr sektorin e p\u00ebrdorimit t\u00eb produktit:<\/strong><\/p><p>1. Trajtimi i ujit:<br \/>\u2013 Hipokloriti i natriumit p\u00ebrdoret gjer\u00ebsisht si dezinfektues n\u00eb proceset e trajtimit t\u00eb ujit. N\u00eb m\u00ebnyr\u00eb efektive vret bakteret, viruset dhe mikroorganizmat e tjer\u00eb, duke e b\u00ebr\u00eb ujin t\u00eb sigurt p\u00ebr konsum.<\/p><p>2. Sanitizimi dhe dezinfektimi:<br \/>\u2013 Hipokloriti i natriumit p\u00ebrdoret p\u00ebr q\u00ebllime dezinfektimi dhe dezinfektimi n\u00eb industri t\u00eb ndryshme, duke p\u00ebrfshir\u00eb kujdesin sh\u00ebndet\u00ebsor, p\u00ebrpunimin e ushqimit dhe mikpritjen. Ndihmon n\u00eb eliminimin e patogjen\u00ebve t\u00eb d\u00ebmsh\u00ebm dhe ruajtjen e kushteve higjienike.<\/p><p>3. Pastrimi i sht\u00ebpis\u00eb:<br \/>\u2013 Hipokloriti i natriumit \u00ebsht\u00eb nj\u00eb p\u00ebrb\u00ebr\u00ebs ky\u00e7 n\u00eb shum\u00eb produkte t\u00eb pastrimit t\u00eb sht\u00ebpis\u00eb, t\u00eb tilla si pastrues me shum\u00eb q\u00ebllime, pastrues banjosh dhe dezinfektues kuzhine. N\u00eb m\u00ebnyr\u00eb efektive heq njollat, vret mikrobet dhe deodorizon sip\u00ebrfaqet.<\/p><p>4. Zbardhja e rrobave dhe heqja e njollave:<br \/>\u2013 Hipokloriti i natriumit shtohet n\u00eb detergjent\u00ebt e rrobave ose p\u00ebrdoret drejtp\u00ebrdrejt si zbardhues p\u00ebr zbardhjen dhe heqjen e njollave. Ndihmon n\u00eb prishjen dhe heqjen e njollave t\u00eb forta, ndri\u00e7imin e p\u00eblhurave dhe rikthimin e bardh\u00ebsis\u00eb.<\/p><p>5. Mir\u00ebmbajtja e pishin\u00ebs dhe spa:<br \/>\u2013 Hipokloriti i natriumit p\u00ebrdoret zakonisht si dezinfektues kryesor n\u00eb pishina dhe banja. Ndihmon n\u00eb kontrollin e rritjes s\u00eb algave, n\u00eb vrasjen e baktereve dhe n\u00eb ruajtjen e niveleve t\u00eb duhura t\u00eb dezinfektimit t\u00eb ujit.<\/p><p>6. Trajtimi i uj\u00ebrave t\u00eb zeza:<br \/>\u2013 Hipokloriti i natriumit p\u00ebrdoret n\u00eb impiantet e trajtimit t\u00eb uj\u00ebrave t\u00eb zeza p\u00ebr t\u00eb dezinfektuar dhe dekontaminuar uj\u00ebrat e zeza p\u00ebrpara se t\u00eb l\u00ebshohen p\u00ebrs\u00ebri n\u00eb mjedis. Ajo luan nj\u00eb rol vendimtar n\u00eb reduktimin e pranis\u00eb s\u00eb mikroorganizmave t\u00eb d\u00ebmsh\u00ebm.<\/p><p>7. P\u00ebrmir\u00ebsimi i mykut dhe mykut:<br \/>\u2013 Tret\u00ebsirat e hipokloritit t\u00eb natriumit p\u00ebrdoren p\u00ebr riparimin e mykut dhe mykut n\u00eb nd\u00ebrtesa dhe sht\u00ebpi. Ato jan\u00eb efektive n\u00eb vrasjen dhe largimin e rritjes s\u00eb mykut dhe mykut n\u00eb sip\u00ebrfaqe t\u00eb ndryshme.<\/p><p>8. Aplikimet n\u00eb bujq\u00ebsi dhe hortikultur\u00eb:<br \/>\u2013 Hipokloriti i natriumit mund t\u00eb p\u00ebrdoret n\u00eb bujq\u00ebsi dhe hortikultur\u00eb p\u00ebr dezinfektimin e sistemeve t\u00eb ujitjes, trajtimin e farave dhe kontrollin e s\u00ebmundjeve k\u00ebrpudhore dhe bakteriale n\u00eb t\u00eb korrat.<\/p><p>9. Kontrolli i er\u00ebs:<br \/>\u2013 Tret\u00ebsirat e hipokloritit t\u00eb natriumit p\u00ebrdoren ndonj\u00ebher\u00eb p\u00ebr kontrollin e aromave n\u00eb objektet e menaxhimit t\u00eb mbetjeve, impiantet e trajtimit t\u00eb uj\u00ebrave t\u00eb zeza dhe zona t\u00eb tjera ku mund t\u00eb shfaqen er\u00ebra t\u00eb forta.<\/p><p>10. Aplikime Laboratorike dhe Industriale:<br \/>\u2013 Hipokloriti i natriumit gjen aplikime n\u00eb laborator\u00eb dhe mjedise industriale p\u00ebr q\u00ebllime t\u00eb ndryshme, duke p\u00ebrfshir\u00eb dezinfektimin e sip\u00ebrfaqes, sterilizimin e pajisjeve dhe sintez\u00ebn kimike.<\/p><p>Hipokloriti i natriumit \u00ebsht\u00eb nj\u00eb p\u00ebrb\u00ebr\u00ebs kimik i gjithansh\u00ebm dhe i p\u00ebrdorur gjer\u00ebsisht me aplikime t\u00eb r\u00ebnd\u00ebsishme n\u00eb trajtimin e ujit, kanalizimet, pastrimin dhe dezinfektimin. \u00cbsht\u00eb e r\u00ebnd\u00ebsishme t\u00eb trajtohet dhe t\u00eb p\u00ebrdoret hipokloriti i natriumit n\u00eb m\u00ebnyr\u00eb t\u00eb sigurt, duke ndjekur udh\u00ebzimet e duhura t\u00eb hollimit dhe masat paraprake t\u00eb siguris\u00eb, pasi ai mund t\u00eb jet\u00eb g\u00ebrryes dhe potencialisht i rreziksh\u00ebm.<\/p><\/div><\/div><\/div>\t\t\t\t\t\t\t\t<\/div>\n\t\t\t\t<\/div>\n\t\t\t\t<section class=\"elementor-section elementor-inner-section elementor-element elementor-element-cf0102c elementor-section-boxed elementor-section-height-default elementor-section-height-default\" data-id=\"cf0102c\" data-element_type=\"section\" data-e-type=\"section\" data-settings=\"{&quot;background_background&quot;:&quot;classic&quot;}\">\n\t\t\t\t\t\t<div class=\"elementor-container elementor-column-gap-no\">\n\t\t\t\t\t<div class=\"elementor-column elementor-col-100 elementor-inner-column elementor-element elementor-element-c015656\" data-id=\"c015656\" data-element_type=\"column\" data-e-type=\"column\">\n\t\t\t<div class=\"elementor-widget-wrap elementor-element-populated\">\n\t\t\t\t\t\t<div class=\"elementor-element elementor-element-5cc78aa elementor-view-default elementor-widget elementor-widget-icon\" data-id=\"5cc78aa\" data-element_type=\"widget\" data-e-type=\"widget\" data-widget_type=\"icon.default\">\n\t\t\t\t<div class=\"elementor-widget-container\">\n\t\t\t\t\t\t\t<div class=\"elementor-icon-wrapper\">\n\t\t\t<div class=\"elementor-icon\">\n\t\t\t<i aria-hidden=\"true\" class=\"vamtamtheme- vamtam-theme-quote-start\"><\/i>\t\t\t<\/div>\n\t\t<\/div>\n\t\t\t\t\t\t<\/div>\n\t\t\t\t<\/div>\n\t\t\t\t<div class=\"elementor-element elementor-element-e43eacf elementor-widget elementor-widget-text-editor\" data-id=\"e43eacf\" data-element_type=\"widget\" data-e-type=\"widget\" data-widget_type=\"text-editor.default\">\n\t\t\t\t<div class=\"elementor-widget-container\">\n\t\t\t\t\t\t\t\t\t<p>\"P\u00ebr \u00e7do informacion, shkruani n\u00eb WhatsApp: Gjith\u00e7ka q\u00eb ju nevojitet, n\u00eb koh\u00eb reale, n\u00eb nj\u00eb mesazh. Na kontaktoni dhe jemi gati t\u00eb ju ndihmojm\u00eb.\"<\/p>\t\t\t\t\t\t\t\t<\/div>\n\t\t\t\t<\/div>\n\t\t\t\t<div class=\"elementor-element elementor-element-f98d0c8 elementor-widget-divider--view-line elementor-widget elementor-widget-divider\" data-id=\"f98d0c8\" data-element_type=\"widget\" data-e-type=\"widget\" data-widget_type=\"divider.default\">\n\t\t\t\t<div class=\"elementor-widget-container\">\n\t\t\t\t\t\t\t<div class=\"elementor-divider\">\n\t\t\t<span class=\"elementor-divider-separator\">\n\t\t\t\t\t\t<\/span>\n\t\t<\/div>\n\t\t\t\t\t\t<\/div>\n\t\t\t\t<\/div>\n\t\t\t\t<div class=\"vamtam-has-theme-widget-styles elementor-element elementor-element-e0ce91f elementor-widget__width-auto vamtam-has-underline-anim elementor-widget elementor-widget-button\" data-id=\"e0ce91f\" data-element_type=\"widget\" data-e-type=\"widget\" data-widget_type=\"button.default\">\n\t\t\t\t<div class=\"elementor-widget-container\">\n\t\t\t\t\t\t\t\t\t<div class=\"elementor-button-wrapper\">\n\t\t\t\t\t<a class=\"elementor-button elementor-button-link elementor-size-md\" href=\"https:\/\/wa.me\/355694000260\">\n\t\t\t\t\t\t<span class=\"elementor-button-content-wrapper\">\n\t\t\t\t\t\t<span class=\"elementor-button-icon\">\n\t\t\t\t<i aria-hidden=\"true\" class=\"vamtamtheme- vamtam-theme-icon-arrow-right-top\"><\/i>\t\t\t<\/span>\n\t\t\t\t\t\t\t\t\t<span class=\"elementor-button-text\">Kontaktoni WhatsApp<\/span>\n\t\t\t\t\t<\/span>\n\t\t\t\t\t<\/a>\n\t\t\t\t<\/div>\n\t\t\t\t\t\t\t\t<\/div>\n\t\t\t\t<\/div>\n\t\t\t\t<div class=\"elementor-element elementor-element-348db25 elementor-widget__width-auto elementor-widget elementor-widget-heading\" data-id=\"348db25\" data-element_type=\"widget\" data-e-type=\"widget\" data-widget_type=\"heading.default\">\n\t\t\t\t<div class=\"elementor-widget-container\">\n\t\t\t\t\t<span class=\"elementor-heading-title elementor-size-default\">Albania Distribution Chemicals\n<\/span>\t\t\t\t<\/div>\n\t\t\t\t<\/div>\n\t\t\t\t\t<\/div>\n\t\t<\/div>\n\t\t\t\t\t<\/div>\n\t\t<\/section>\n\t\t\t\t\t<\/div>\n\t\t<\/div>\n\t\t\t\t\t<\/div>\n\t\t<\/section>\n\t\t\t\t<section class=\"elementor-section elementor-top-section elementor-element elementor-element-b3fd502 elementor-section-boxed elementor-section-height-default elementor-section-height-default\" data-id=\"b3fd502\" data-element_type=\"section\" data-e-type=\"section\">\n\t\t\t\t\t\t<div class=\"elementor-container elementor-column-gap-default\">\n\t\t\t\t\t<div class=\"elementor-column elementor-col-100 elementor-top-column elementor-element elementor-element-a879885\" data-id=\"a879885\" data-element_type=\"column\" data-e-type=\"column\">\n\t\t\t<div class=\"elementor-widget-wrap elementor-element-populated\">\n\t\t\t\t\t\t<div class=\"elementor-element elementor-element-4a3fe1c elementor-widget elementor-widget-spacer\" data-id=\"4a3fe1c\" data-element_type=\"widget\" data-e-type=\"widget\" data-widget_type=\"spacer.default\">\n\t\t\t\t<div class=\"elementor-widget-container\">\n\t\t\t\t\t\t\t<div class=\"elementor-spacer\">\n\t\t\t<div class=\"elementor-spacer-inner\"><\/div>\n\t\t<\/div>\n\t\t\t\t\t\t<\/div>\n\t\t\t\t<\/div>\n\t\t\t\t<div class=\"vamtam-has-theme-widget-styles elementor-element elementor-element-feed2fe elementor-widget elementor-widget-image\" data-id=\"feed2fe\" data-element_type=\"widget\" data-e-type=\"widget\" data-widget_type=\"image.default\">\n\t\t\t\t<div class=\"elementor-widget-container\">\n\t\t\t\t\t\t\t\t\t<div class=\"elementor-image\">\n\t\t\t\t\t\t\t\t\t\t\t\t\t\t\t\t\t\t\t\t\t<img decoding=\"async\" width=\"8000\" height=\"1355\" src=\"https:\/\/adchem.al\/wp-content\/uploads\/2023\/06\/baner-albania-distribution-chemicals-01.png\" class=\"attachment-full size-full wp-image-987764\" alt=\"\" srcset=\"https:\/\/adchem.al\/wp-content\/uploads\/2023\/06\/baner-albania-distribution-chemicals-01.png 8000w, https:\/\/adchem.al\/wp-content\/uploads\/2023\/06\/baner-albania-distribution-chemicals-01-300x51.png 300w, https:\/\/adchem.al\/wp-content\/uploads\/2023\/06\/baner-albania-distribution-chemicals-01-1024x173.png 1024w, https:\/\/adchem.al\/wp-content\/uploads\/2023\/06\/baner-albania-distribution-chemicals-01-768x130.png 768w, https:\/\/adchem.al\/wp-content\/uploads\/2023\/06\/baner-albania-distribution-chemicals-01-1536x260.png 1536w, https:\/\/adchem.al\/wp-content\/uploads\/2023\/06\/baner-albania-distribution-chemicals-01-2048x347.png 2048w\" sizes=\"(max-width: 8000px) 100vw, 8000px\" \/>\t\t\t\t\t\t\t\t\t\t\t\t\t\t\t\t\t\t\t\t\t\t\t\t<\/div>\n\t\t\t\t\t\t\t\t<\/div>\n\t\t\t\t<\/div>\n\t\t\t\t\t<\/div>\n\t\t<\/div>\n\t\t\t\t\t<\/div>\n\t\t<\/section>\n\t\t\t\t<\/div>","protected":false},"excerpt":{"rendered":"<p>Produkti: Hipoklorit natriumi<\/p>\n<p>Formula Kimike: NaOCl<\/p>\n<p>Informacion rreth produktit:<\/p>\n<p>\u2013 Hipokloriti i natriumit \u00ebsht\u00eb nj\u00eb p\u00ebrb\u00ebrje kimike me formul\u00ebn kimike NaOCl.<br \/>\n\u2013 \u00cbsht\u00eb nj\u00eb l\u00ebng i past\u00ebr, i zbeht\u00eb i verdh\u00eb me er\u00eb t\u00eb fort\u00eb klori.<br \/>\n\u2013 Hipokloriti i natriumit njihet zakonisht si zbardhues ose zbardhues i l\u00ebngsh\u00ebm.<\/p>","protected":false},"author":2,"featured_media":988078,"parent":987952,"menu_order":0,"comment_status":"closed","ping_status":"closed","template":"","meta":{"inline_featured_image":false,"footnotes":""},"class_list":["post-988076","page","type-page","status-publish","has-post-thumbnail","hentry"],"yoast_head":"<!-- This site is optimized with the Yoast SEO plugin v27.4 - https:\/\/yoast.com\/product\/yoast-seo-wordpress\/ -->\n<title>Sodium Hypochlorite | Albania Distribution Chemicals<\/title>\n<meta name=\"robots\" content=\"index, follow, max-snippet:-1, max-image-preview:large, max-video-preview:-1\" \/>\n<link rel=\"canonical\" href=\"https:\/\/adchem.al\/al\/basic-chemicals\/sodium-hypochlorite\/\" \/>\n<meta property=\"og:locale\" content=\"sq_AL\" \/>\n<meta property=\"og:type\" content=\"article\" \/>\n<meta property=\"og:title\" content=\"Sodium Hypochlorite | Albania Distribution Chemicals\" \/>\n<meta property=\"og:description\" content=\"Product: Sodium Hypochlorite Chemical Formula: NaOCl Information about the product: - Sodium hypochlorite is a chemical compound with the chemical formula NaOCl. - It is a clear, pale yellowish liquid with a strong chlorine odor. - Sodium hypochlorite is commonly known as bleach or liquid bleach.\" \/>\n<meta property=\"og:url\" content=\"https:\/\/adchem.al\/al\/basic-chemicals\/sodium-hypochlorite\/\" \/>\n<meta property=\"og:site_name\" content=\"Albania Distribution Chemicals\" \/>\n<meta property=\"article:publisher\" content=\"https:\/\/www.facebook.com\/albaniadistributionchem\/?ref=py_c\" \/>\n<meta property=\"article:modified_time\" content=\"2023-06-27T21:05:23+00:00\" \/>\n<meta property=\"og:image\" content=\"https:\/\/adchem.al\/wp-content\/uploads\/2023\/06\/Sodium_hypochlorite.svg.png\" \/>\n\t<meta property=\"og:image:width\" content=\"1280\" \/>\n\t<meta property=\"og:image:height\" content=\"776\" \/>\n\t<meta property=\"og:image:type\" content=\"image\/png\" \/>\n<meta name=\"twitter:card\" content=\"summary_large_image\" \/>\n<script type=\"application\/ld+json\" class=\"yoast-schema-graph\">{\"@context\":\"https:\\\/\\\/schema.org\",\"@graph\":[{\"@type\":\"WebPage\",\"@id\":\"https:\\\/\\\/adchem.al\\\/basic-chemicals\\\/sodium-hypochlorite\\\/\",\"url\":\"https:\\\/\\\/adchem.al\\\/basic-chemicals\\\/sodium-hypochlorite\\\/\",\"name\":\"Sodium Hypochlorite | Albania Distribution Chemicals\",\"isPartOf\":{\"@id\":\"https:\\\/\\\/adchem.al\\\/#website\"},\"primaryImageOfPage\":{\"@id\":\"https:\\\/\\\/adchem.al\\\/basic-chemicals\\\/sodium-hypochlorite\\\/#primaryimage\"},\"image\":{\"@id\":\"https:\\\/\\\/adchem.al\\\/basic-chemicals\\\/sodium-hypochlorite\\\/#primaryimage\"},\"thumbnailUrl\":\"https:\\\/\\\/adchem.al\\\/wp-content\\\/uploads\\\/2023\\\/06\\\/Sodium_hypochlorite.svg.png\",\"datePublished\":\"2023-06-24T15:44:27+00:00\",\"dateModified\":\"2023-06-27T21:05:23+00:00\",\"breadcrumb\":{\"@id\":\"https:\\\/\\\/adchem.al\\\/basic-chemicals\\\/sodium-hypochlorite\\\/#breadcrumb\"},\"inLanguage\":\"sq\",\"potentialAction\":[{\"@type\":\"ReadAction\",\"target\":[\"https:\\\/\\\/adchem.al\\\/basic-chemicals\\\/sodium-hypochlorite\\\/\"]}]},{\"@type\":\"ImageObject\",\"inLanguage\":\"sq\",\"@id\":\"https:\\\/\\\/adchem.al\\\/basic-chemicals\\\/sodium-hypochlorite\\\/#primaryimage\",\"url\":\"https:\\\/\\\/adchem.al\\\/wp-content\\\/uploads\\\/2023\\\/06\\\/Sodium_hypochlorite.svg.png\",\"contentUrl\":\"https:\\\/\\\/adchem.al\\\/wp-content\\\/uploads\\\/2023\\\/06\\\/Sodium_hypochlorite.svg.png\",\"width\":1280,\"height\":776},{\"@type\":\"BreadcrumbList\",\"@id\":\"https:\\\/\\\/adchem.al\\\/basic-chemicals\\\/sodium-hypochlorite\\\/#breadcrumb\",\"itemListElement\":[{\"@type\":\"ListItem\",\"position\":1,\"name\":\"Home\",\"item\":\"https:\\\/\\\/adchem.al\\\/\"},{\"@type\":\"ListItem\",\"position\":2,\"name\":\"Basic Chemicals\",\"item\":\"https:\\\/\\\/adchem.al\\\/al\\\/basic-chemicals\\\/\"},{\"@type\":\"ListItem\",\"position\":3,\"name\":\"Sodium Hypochlorite\"}]},{\"@type\":\"WebSite\",\"@id\":\"https:\\\/\\\/adchem.al\\\/#website\",\"url\":\"https:\\\/\\\/adchem.al\\\/\",\"name\":\"Albania Distribution Chemicals\",\"description\":\"&quot;Excellence in Chemical Distribution&quot;\",\"publisher\":{\"@id\":\"https:\\\/\\\/adchem.al\\\/#organization\"},\"alternateName\":\"ADC\",\"potentialAction\":[{\"@type\":\"SearchAction\",\"target\":{\"@type\":\"EntryPoint\",\"urlTemplate\":\"https:\\\/\\\/adchem.al\\\/?s={search_term_string}\"},\"query-input\":{\"@type\":\"PropertyValueSpecification\",\"valueRequired\":true,\"valueName\":\"search_term_string\"}}],\"inLanguage\":\"sq\"},{\"@type\":\"Organization\",\"@id\":\"https:\\\/\\\/adchem.al\\\/#organization\",\"name\":\"Albania Distribution Chemicals\",\"alternateName\":\"ADC\",\"url\":\"https:\\\/\\\/adchem.al\\\/\",\"logo\":{\"@type\":\"ImageObject\",\"inLanguage\":\"sq\",\"@id\":\"https:\\\/\\\/adchem.al\\\/#\\\/schema\\\/logo\\\/image\\\/\",\"url\":\"https:\\\/\\\/adchem.al\\\/wp-content\\\/uploads\\\/2022\\\/09\\\/Albania-Distribution-Chemicals-Logo-01.png\",\"contentUrl\":\"https:\\\/\\\/adchem.al\\\/wp-content\\\/uploads\\\/2022\\\/09\\\/Albania-Distribution-Chemicals-Logo-01.png\",\"width\":308,\"height\":104,\"caption\":\"Albania Distribution Chemicals\"},\"image\":{\"@id\":\"https:\\\/\\\/adchem.al\\\/#\\\/schema\\\/logo\\\/image\\\/\"},\"sameAs\":[\"https:\\\/\\\/www.facebook.com\\\/albaniadistributionchem\\\/?ref=py_c\",\"https:\\\/\\\/www.instagram.com\\\/albania_distribution_chemicals\\\/\"]}]}<\/script>\n<!-- \/ Yoast SEO plugin. -->","yoast_head_json":{"title":"Sodium Hypochlorite | Albania Distribution Chemicals","robots":{"index":"index","follow":"follow","max-snippet":"max-snippet:-1","max-image-preview":"max-image-preview:large","max-video-preview":"max-video-preview:-1"},"canonical":"https:\/\/adchem.al\/al\/basic-chemicals\/sodium-hypochlorite\/","og_locale":"sq_AL","og_type":"article","og_title":"Sodium Hypochlorite | Albania Distribution Chemicals","og_description":"Product: Sodium Hypochlorite Chemical Formula: NaOCl Information about the product: - Sodium hypochlorite is a chemical compound with the chemical formula NaOCl. - It is a clear, pale yellowish liquid with a strong chlorine odor. - Sodium hypochlorite is commonly known as bleach or liquid bleach.","og_url":"https:\/\/adchem.al\/al\/basic-chemicals\/sodium-hypochlorite\/","og_site_name":"Albania Distribution Chemicals","article_publisher":"https:\/\/www.facebook.com\/albaniadistributionchem\/?ref=py_c","article_modified_time":"2023-06-27T21:05:23+00:00","og_image":[{"width":1280,"height":776,"url":"https:\/\/adchem.al\/wp-content\/uploads\/2023\/06\/Sodium_hypochlorite.svg.png","type":"image\/png"}],"twitter_card":"summary_large_image","schema":{"@context":"https:\/\/schema.org","@graph":[{"@type":"WebPage","@id":"https:\/\/adchem.al\/basic-chemicals\/sodium-hypochlorite\/","url":"https:\/\/adchem.al\/basic-chemicals\/sodium-hypochlorite\/","name":"Sodium Hypochlorite | Albania Distribution Chemicals","isPartOf":{"@id":"https:\/\/adchem.al\/#website"},"primaryImageOfPage":{"@id":"https:\/\/adchem.al\/basic-chemicals\/sodium-hypochlorite\/#primaryimage"},"image":{"@id":"https:\/\/adchem.al\/basic-chemicals\/sodium-hypochlorite\/#primaryimage"},"thumbnailUrl":"https:\/\/adchem.al\/wp-content\/uploads\/2023\/06\/Sodium_hypochlorite.svg.png","datePublished":"2023-06-24T15:44:27+00:00","dateModified":"2023-06-27T21:05:23+00:00","breadcrumb":{"@id":"https:\/\/adchem.al\/basic-chemicals\/sodium-hypochlorite\/#breadcrumb"},"inLanguage":"sq","potentialAction":[{"@type":"ReadAction","target":["https:\/\/adchem.al\/basic-chemicals\/sodium-hypochlorite\/"]}]},{"@type":"ImageObject","inLanguage":"sq","@id":"https:\/\/adchem.al\/basic-chemicals\/sodium-hypochlorite\/#primaryimage","url":"https:\/\/adchem.al\/wp-content\/uploads\/2023\/06\/Sodium_hypochlorite.svg.png","contentUrl":"https:\/\/adchem.al\/wp-content\/uploads\/2023\/06\/Sodium_hypochlorite.svg.png","width":1280,"height":776},{"@type":"BreadcrumbList","@id":"https:\/\/adchem.al\/basic-chemicals\/sodium-hypochlorite\/#breadcrumb","itemListElement":[{"@type":"ListItem","position":1,"name":"Home","item":"https:\/\/adchem.al\/"},{"@type":"ListItem","position":2,"name":"Basic Chemicals","item":"https:\/\/adchem.al\/al\/basic-chemicals\/"},{"@type":"ListItem","position":3,"name":"Sodium Hypochlorite"}]},{"@type":"WebSite","@id":"https:\/\/adchem.al\/#website","url":"https:\/\/adchem.al\/","name":"Albania Distribution Chemicals","description":"&quot;Excellence in Chemical Distribution&quot;","publisher":{"@id":"https:\/\/adchem.al\/#organization"},"alternateName":"ADC","potentialAction":[{"@type":"SearchAction","target":{"@type":"EntryPoint","urlTemplate":"https:\/\/adchem.al\/?s={search_term_string}"},"query-input":{"@type":"PropertyValueSpecification","valueRequired":true,"valueName":"search_term_string"}}],"inLanguage":"sq"},{"@type":"Organization","@id":"https:\/\/adchem.al\/#organization","name":"Albania Distribution Chemicals","alternateName":"ADC","url":"https:\/\/adchem.al\/","logo":{"@type":"ImageObject","inLanguage":"sq","@id":"https:\/\/adchem.al\/#\/schema\/logo\/image\/","url":"https:\/\/adchem.al\/wp-content\/uploads\/2022\/09\/Albania-Distribution-Chemicals-Logo-01.png","contentUrl":"https:\/\/adchem.al\/wp-content\/uploads\/2022\/09\/Albania-Distribution-Chemicals-Logo-01.png","width":308,"height":104,"caption":"Albania Distribution Chemicals"},"image":{"@id":"https:\/\/adchem.al\/#\/schema\/logo\/image\/"},"sameAs":["https:\/\/www.facebook.com\/albaniadistributionchem\/?ref=py_c","https:\/\/www.instagram.com\/albania_distribution_chemicals\/"]}]}},"_links":{"self":[{"href":"https:\/\/adchem.al\/al\/wp-json\/wp\/v2\/pages\/988076","targetHints":{"allow":["GET"]}}],"collection":[{"href":"https:\/\/adchem.al\/al\/wp-json\/wp\/v2\/pages"}],"about":[{"href":"https:\/\/adchem.al\/al\/wp-json\/wp\/v2\/types\/page"}],"author":[{"embeddable":true,"href":"https:\/\/adchem.al\/al\/wp-json\/wp\/v2\/users\/2"}],"replies":[{"embeddable":true,"href":"https:\/\/adchem.al\/al\/wp-json\/wp\/v2\/comments?post=988076"}],"version-history":[{"count":10,"href":"https:\/\/adchem.al\/al\/wp-json\/wp\/v2\/pages\/988076\/revisions"}],"predecessor-version":[{"id":989198,"href":"https:\/\/adchem.al\/al\/wp-json\/wp\/v2\/pages\/988076\/revisions\/989198"}],"up":[{"embeddable":true,"href":"https:\/\/adchem.al\/al\/wp-json\/wp\/v2\/pages\/987952"}],"wp:featuredmedia":[{"embeddable":true,"href":"https:\/\/adchem.al\/al\/wp-json\/wp\/v2\/media\/988078"}],"wp:attachment":[{"href":"https:\/\/adchem.al\/al\/wp-json\/wp\/v2\/media?parent=988076"}],"curies":[{"name":"wp","href":"https:\/\/api.w.org\/{rel}","templated":true}]}}