{"id":988070,"date":"2023-06-24T15:34:38","date_gmt":"2023-06-24T15:34:38","guid":{"rendered":"https:\/\/adchem.al\/?page_id=988070"},"modified":"2023-06-27T21:03:57","modified_gmt":"2023-06-27T21:03:57","slug":"sodium-carbonate","status":"publish","type":"page","link":"https:\/\/adchem.al\/al\/basic-chemicals\/sodium-carbonate\/","title":{"rendered":"Karbonat Natriumi"},"content":{"rendered":"<div data-elementor-type=\"wp-page\" data-elementor-id=\"988070\" class=\"elementor elementor-988070\" data-elementor-post-type=\"page\">\n\t\t\t\t\t\t<section class=\"elementor-section elementor-top-section elementor-element elementor-element-37858afc elementor-section-full_width elementor-section-height-default elementor-section-height-default\" data-id=\"37858afc\" data-element_type=\"section\" data-e-type=\"section\">\n\t\t\t\t\t\t<div class=\"elementor-container elementor-column-gap-no\">\n\t\t\t\t\t<div class=\"elementor-column elementor-col-100 elementor-top-column elementor-element elementor-element-60bb79bd\" data-id=\"60bb79bd\" data-element_type=\"column\" data-e-type=\"column\">\n\t\t\t<div class=\"elementor-widget-wrap elementor-element-populated\">\n\t\t\t\t\t\t<div class=\"vamtam-has-theme-widget-styles elementor-element elementor-element-86d4d6c elementor-widget elementor-widget-image\" data-id=\"86d4d6c\" data-element_type=\"widget\" data-e-type=\"widget\" data-widget_type=\"image.default\">\n\t\t\t\t<div class=\"elementor-widget-container\">\n\t\t\t\t\t\t\t\t\t<div class=\"elementor-image\">\n\t\t\t\t\t\t\t\t\t\t\t\t\t\t\t\t<figure class=\"wp-caption\">\n\t\t\t\t\t\t\t\t\t\t\t\t\t\t\t\t<img fetchpriority=\"high\" width=\"660\" height=\"556\" src=\"https:\/\/adchem.al\/wp-content\/uploads\/2023\/06\/Sodium_carbonate.svg\" class=\"attachment-full size-full wp-image-988071\" alt=\"\" decoding=\"async\" \/>\t\t\t\t\t\t\t\t\t\t\t\t\t\t\t\t\t<figcaption class=\"widget-image-caption wp-caption-text\">Albania Distribution Chemicals<\/figcaption>\n\t\t\t\t\t\t\t\t\t\t\t\t\t\t\t\t<\/figure>\n\t\t\t\t\t\t\t\t\t\t\t\t\t\t<\/div>\n\t\t\t\t\t\t\t\t<\/div>\n\t\t\t\t<\/div>\n\t\t\t\t<div class=\"elementor-element elementor-element-61992a9a elementor-widget elementor-widget-text-editor\" data-id=\"61992a9a\" data-element_type=\"widget\" data-e-type=\"widget\" data-widget_type=\"text-editor.default\">\n\t\t\t\t<div class=\"elementor-widget-container\">\n\t\t\t\t\t\t\t\t\t<div class=\"woocommerce-product-details__short-description\"><div class=\"woocommerce-product-details__short-description\"><div class=\"woocommerce-product-details__short-description\"><p><strong>Produkti: Karbonat natriumi<\/strong><\/p><p><strong>Formula Kimike: Na2CO3<\/strong><\/p><p><strong>Informacion rreth produktit:<\/strong><\/p><p>\u2013 Karbonati i natriumit, i njohur edhe si hiri i sod\u00ebs ose soda lar\u00ebs, ka formul\u00ebn kimike Na2CO3.<br \/>&#8211; It is a white, crystalline powder or granular solid that is highly soluble in water.<br \/>\u2013 Karbonati i natriumit \u00ebsht\u00eb nj\u00eb p\u00ebrb\u00ebrje e fort\u00eb alkaline me nj\u00eb pH t\u00eb lart\u00eb.<\/p><p><strong>Informacion p\u00ebr sektorin e p\u00ebrdorimit t\u00eb produktit:<\/strong><\/p><p>1. Prodhimi i qelqit:<br \/>\u2013 Karbonati i natriumit \u00ebsht\u00eb nj\u00eb p\u00ebrb\u00ebr\u00ebs ky\u00e7 n\u00eb prodhimin e qelqit. Ndihmon n\u00eb uljen e pik\u00ebs s\u00eb shkrirjes s\u00eb silic\u00ebs dhe vepron si nj\u00eb fluks, duke leht\u00ebsuar shkrirjen dhe form\u00ebsimin e qelqit.<\/p><p>2. Detergjent dhe produkte pastrimi:<br \/>\u2013 Karbonati i natriumit p\u00ebrdoret n\u00eb detergjent\u00ebt e rrobave dhe produktet e pastrimit si zbut\u00ebs uji dhe rregullues i pH. Ai rrit efektivitetin e pastrimit duke hequr depozitat minerale dhe duke p\u00ebrmir\u00ebsuar tretshm\u00ebrin\u00eb e agjent\u00ebve t\u00eb tjer\u00eb t\u00eb pastrimit.<\/p><p>3. Trajtimi i ujit:<br \/>\u2013 Karbonati i natriumit p\u00ebrdoret n\u00eb proceset e trajtimit t\u00eb ujit p\u00ebr rregullimin e pH dhe zbutjen e ujit. Ndihmon n\u00eb neutralizimin e ujit acidik dhe largon mineralet q\u00eb shkaktojn\u00eb fort\u00ebsi si kalciumi dhe magnezi.<\/p><p>4. Rregullimi i pH n\u00eb pishina:<br \/>\u2013 Karbonati i natriumit p\u00ebrdoret n\u00eb mir\u00ebmbajtjen e pishinave p\u00ebr t\u00eb rritur nivelin e pH dhe alkalinitetit. Ndihmon n\u00eb ruajtjen e ekuilibrit t\u00eb duhur t\u00eb ujit dhe parandalon g\u00ebrryerjen e pajisjeve t\u00eb pishin\u00ebs.<\/p><p>5. Rregullimi i pH n\u00eb proceset kimike:<br \/>\u2013 Karbonati i natriumit p\u00ebrdoret n\u00eb procese t\u00eb ndryshme kimike p\u00ebr t\u00eb rregulluar dhe kontrolluar nivelet e pH. Ai vepron si nj\u00eb agjent tampon, duke mbajtur nj\u00eb mjedis t\u00eb q\u00ebndruesh\u00ebm pH p\u00ebr reaksione kimike optimale.<\/p><p>6. Industria e letr\u00ebs dhe e tulit:<br \/>\u2013 Karbonati i natriumit p\u00ebrdoret n\u00eb industrin\u00eb e letr\u00ebs dhe pulp\u00ebs si rregullues i pH-s\u00eb, duke leht\u00ebsuar zbardhjen dhe ndri\u00e7imin e pulp\u00ebs gjat\u00eb procesit t\u00eb prodhimit t\u00eb letr\u00ebs.<\/p><p>7. Industria e tekstilit dhe ngjyrosjes:<br \/>\u2013 Karbonati i natriumit p\u00ebrdoret n\u00eb proceset e tekstilit dhe ngjyrosjes p\u00ebr t\u00eb hequr papast\u00ebrtit\u00eb, p\u00ebr t\u00eb rregulluar ngjyrat dhe p\u00ebr t\u00eb rregulluar nivelet e pH. Ndihmon n\u00eb rritjen e p\u00ebrthithjes s\u00eb boj\u00ebs dhe mbajtjen e ngjyr\u00ebs.<\/p><p>8. Industria ushqimore:<br \/>\u2013 Karbonati i natriumit \u00ebsht\u00eb miratuar si nj\u00eb shtes\u00eb ushqimore dhe p\u00ebrdoret n\u00eb disa aplikacione ushqimore. Mund t\u00eb veproj\u00eb si nj\u00eb agjent thar\u00ebs n\u00eb pjekje, t\u00eb ndihmoj\u00eb n\u00eb zhvillimin e brumit dhe t\u00eb modifikoj\u00eb struktur\u00ebn e disa produkteve ushqimore.<\/p><p>9. Rregullimi i pH n\u00eb bujq\u00ebsi:<br \/>\u2013 Karbonati i natriumit p\u00ebrdoret n\u00eb bujq\u00ebsi p\u00ebr t\u00eb rregulluar pH-n\u00eb e tok\u00ebs ose ujit p\u00ebr vaditje. Mund t\u00eb ndihmoj\u00eb n\u00eb neutralizimin e tok\u00ebs acidike dhe t\u00eb krijoj\u00eb nj\u00eb mjedis m\u00eb t\u00eb p\u00ebrshtatsh\u00ebm p\u00ebr rritjen e bim\u00ebve.<\/p><p>10. Sinteza kimik10. Sinteza kimike:e:<br \/>\u2013 Karbonati i natriumit \u00ebsht\u00eb nj\u00eb p\u00ebrb\u00ebr\u00ebs i gjithansh\u00ebm q\u00eb p\u00ebrdoret si reaktant n\u00eb procese t\u00eb ndryshme t\u00eb sintez\u00ebs kimike, t\u00eb tilla si prodhimi i bikarbonatit t\u00eb natriumit, perkarbonatit t\u00eb natriumit dhe silikatit t\u00eb natriumit.<\/p><p>Karbonati i natriumit ka aplikime t\u00eb gjera n\u00eb industri t\u00eb tilla si prodhimi i qelqit, prodhimi i detergjentit, trajtimi i ujit dhe sinteza kimike. \u00cbsht\u00eb e r\u00ebnd\u00ebsishme t\u00eb trajtoni dhe p\u00ebrdorni karbonat natriumi me kujdes, duke ndjekur udh\u00ebzimet e siguris\u00eb, pasi \u00ebsht\u00eb nj\u00eb substanc\u00eb e fort\u00eb alkaline.<\/p><\/div><\/div><\/div>\t\t\t\t\t\t\t\t<\/div>\n\t\t\t\t<\/div>\n\t\t\t\t<section class=\"elementor-section elementor-inner-section elementor-element elementor-element-03ca77f elementor-section-boxed elementor-section-height-default elementor-section-height-default\" data-id=\"03ca77f\" data-element_type=\"section\" data-e-type=\"section\" data-settings=\"{&quot;background_background&quot;:&quot;classic&quot;}\">\n\t\t\t\t\t\t<div class=\"elementor-container elementor-column-gap-no\">\n\t\t\t\t\t<div class=\"elementor-column elementor-col-100 elementor-inner-column elementor-element elementor-element-918070f\" data-id=\"918070f\" data-element_type=\"column\" data-e-type=\"column\">\n\t\t\t<div class=\"elementor-widget-wrap elementor-element-populated\">\n\t\t\t\t\t\t<div class=\"elementor-element elementor-element-bbcb525 elementor-view-default elementor-widget elementor-widget-icon\" data-id=\"bbcb525\" data-element_type=\"widget\" data-e-type=\"widget\" data-widget_type=\"icon.default\">\n\t\t\t\t<div class=\"elementor-widget-container\">\n\t\t\t\t\t\t\t<div class=\"elementor-icon-wrapper\">\n\t\t\t<div class=\"elementor-icon\">\n\t\t\t<i aria-hidden=\"true\" class=\"vamtamtheme- vamtam-theme-quote-start\"><\/i>\t\t\t<\/div>\n\t\t<\/div>\n\t\t\t\t\t\t<\/div>\n\t\t\t\t<\/div>\n\t\t\t\t<div class=\"elementor-element elementor-element-469a2ad elementor-widget elementor-widget-text-editor\" data-id=\"469a2ad\" data-element_type=\"widget\" data-e-type=\"widget\" data-widget_type=\"text-editor.default\">\n\t\t\t\t<div class=\"elementor-widget-container\">\n\t\t\t\t\t\t\t\t\t<p>\"P\u00ebr \u00e7do informacion, shkruani n\u00eb WhatsApp: Gjith\u00e7ka q\u00eb ju nevojitet, n\u00eb koh\u00eb reale, n\u00eb nj\u00eb mesazh. Na kontaktoni dhe jemi gati t\u00eb ju ndihmojm\u00eb.\"<\/p>\t\t\t\t\t\t\t\t<\/div>\n\t\t\t\t<\/div>\n\t\t\t\t<div class=\"elementor-element elementor-element-abc18ea elementor-widget-divider--view-line elementor-widget elementor-widget-divider\" data-id=\"abc18ea\" data-element_type=\"widget\" data-e-type=\"widget\" data-widget_type=\"divider.default\">\n\t\t\t\t<div class=\"elementor-widget-container\">\n\t\t\t\t\t\t\t<div class=\"elementor-divider\">\n\t\t\t<span class=\"elementor-divider-separator\">\n\t\t\t\t\t\t<\/span>\n\t\t<\/div>\n\t\t\t\t\t\t<\/div>\n\t\t\t\t<\/div>\n\t\t\t\t<div class=\"vamtam-has-theme-widget-styles elementor-element elementor-element-fb4e8a2 elementor-widget__width-auto vamtam-has-underline-anim elementor-widget elementor-widget-button\" data-id=\"fb4e8a2\" data-element_type=\"widget\" data-e-type=\"widget\" data-widget_type=\"button.default\">\n\t\t\t\t<div class=\"elementor-widget-container\">\n\t\t\t\t\t\t\t\t\t<div class=\"elementor-button-wrapper\">\n\t\t\t\t\t<a class=\"elementor-button elementor-button-link elementor-size-md\" href=\"https:\/\/wa.me\/355694000260\">\n\t\t\t\t\t\t<span class=\"elementor-button-content-wrapper\">\n\t\t\t\t\t\t<span class=\"elementor-button-icon\">\n\t\t\t\t<i aria-hidden=\"true\" class=\"vamtamtheme- vamtam-theme-icon-arrow-right-top\"><\/i>\t\t\t<\/span>\n\t\t\t\t\t\t\t\t\t<span class=\"elementor-button-text\">Kontaktoni WhatsApp<\/span>\n\t\t\t\t\t<\/span>\n\t\t\t\t\t<\/a>\n\t\t\t\t<\/div>\n\t\t\t\t\t\t\t\t<\/div>\n\t\t\t\t<\/div>\n\t\t\t\t<div class=\"elementor-element elementor-element-a72f53e elementor-widget__width-auto elementor-widget elementor-widget-heading\" data-id=\"a72f53e\" data-element_type=\"widget\" data-e-type=\"widget\" data-widget_type=\"heading.default\">\n\t\t\t\t<div class=\"elementor-widget-container\">\n\t\t\t\t\t<span class=\"elementor-heading-title elementor-size-default\">Albania Distribution Chemicals\n<\/span>\t\t\t\t<\/div>\n\t\t\t\t<\/div>\n\t\t\t\t\t<\/div>\n\t\t<\/div>\n\t\t\t\t\t<\/div>\n\t\t<\/section>\n\t\t\t\t\t<\/div>\n\t\t<\/div>\n\t\t\t\t\t<\/div>\n\t\t<\/section>\n\t\t\t\t<section class=\"elementor-section elementor-top-section elementor-element elementor-element-b3fd502 elementor-section-boxed elementor-section-height-default elementor-section-height-default\" data-id=\"b3fd502\" data-element_type=\"section\" data-e-type=\"section\">\n\t\t\t\t\t\t<div class=\"elementor-container elementor-column-gap-default\">\n\t\t\t\t\t<div class=\"elementor-column elementor-col-100 elementor-top-column elementor-element elementor-element-a879885\" data-id=\"a879885\" data-element_type=\"column\" data-e-type=\"column\">\n\t\t\t<div class=\"elementor-widget-wrap elementor-element-populated\">\n\t\t\t\t\t\t<div class=\"elementor-element elementor-element-4a3fe1c elementor-widget elementor-widget-spacer\" data-id=\"4a3fe1c\" data-element_type=\"widget\" data-e-type=\"widget\" data-widget_type=\"spacer.default\">\n\t\t\t\t<div class=\"elementor-widget-container\">\n\t\t\t\t\t\t\t<div class=\"elementor-spacer\">\n\t\t\t<div class=\"elementor-spacer-inner\"><\/div>\n\t\t<\/div>\n\t\t\t\t\t\t<\/div>\n\t\t\t\t<\/div>\n\t\t\t\t<div class=\"vamtam-has-theme-widget-styles elementor-element elementor-element-feed2fe elementor-widget elementor-widget-image\" data-id=\"feed2fe\" data-element_type=\"widget\" data-e-type=\"widget\" data-widget_type=\"image.default\">\n\t\t\t\t<div class=\"elementor-widget-container\">\n\t\t\t\t\t\t\t\t\t<div class=\"elementor-image\">\n\t\t\t\t\t\t\t\t\t\t\t\t\t\t\t\t\t\t\t\t\t<img width=\"8000\" height=\"1355\" src=\"https:\/\/adchem.al\/wp-content\/uploads\/2023\/06\/baner-albania-distribution-chemicals-01.png\" class=\"attachment-full size-full wp-image-987764\" alt=\"\" decoding=\"async\" srcset=\"https:\/\/adchem.al\/wp-content\/uploads\/2023\/06\/baner-albania-distribution-chemicals-01.png 8000w, https:\/\/adchem.al\/wp-content\/uploads\/2023\/06\/baner-albania-distribution-chemicals-01-300x51.png 300w, https:\/\/adchem.al\/wp-content\/uploads\/2023\/06\/baner-albania-distribution-chemicals-01-1024x173.png 1024w, https:\/\/adchem.al\/wp-content\/uploads\/2023\/06\/baner-albania-distribution-chemicals-01-768x130.png 768w, https:\/\/adchem.al\/wp-content\/uploads\/2023\/06\/baner-albania-distribution-chemicals-01-1536x260.png 1536w, https:\/\/adchem.al\/wp-content\/uploads\/2023\/06\/baner-albania-distribution-chemicals-01-2048x347.png 2048w\" sizes=\"(max-width: 8000px) 100vw, 8000px\" \/>\t\t\t\t\t\t\t\t\t\t\t\t\t\t\t\t\t\t\t\t\t\t\t\t<\/div>\n\t\t\t\t\t\t\t\t<\/div>\n\t\t\t\t<\/div>\n\t\t\t\t\t<\/div>\n\t\t<\/div>\n\t\t\t\t\t<\/div>\n\t\t<\/section>\n\t\t\t\t<\/div>","protected":false},"excerpt":{"rendered":"<p>Produkti: Karbonat natriumi<\/p>\n<p>Formula Kimike: Na2CO3<\/p>\n<p>Informacion rreth produktit:<\/p>\n<p>\u2013 Karbonati i natriumit, i njohur edhe si hiri i sod\u00ebs ose soda lar\u00ebs, ka formul\u00ebn kimike Na2CO3.<br \/>\n&#8211; It is a white, crystalline powder or granular solid that is highly soluble in water.<br \/>\n\u2013 Karbonati i natriumit \u00ebsht\u00eb nj\u00eb p\u00ebrb\u00ebrje e fort\u00eb alkaline me nj\u00eb pH t\u00eb lart\u00eb.<\/p>","protected":false},"author":2,"featured_media":988071,"parent":987952,"menu_order":0,"comment_status":"closed","ping_status":"closed","template":"","meta":{"inline_featured_image":false,"footnotes":""},"class_list":["post-988070","page","type-page","status-publish","has-post-thumbnail","hentry"],"yoast_head":"<!-- This site is optimized with the Yoast SEO plugin v27.4 - https:\/\/yoast.com\/product\/yoast-seo-wordpress\/ -->\n<title>Sodium Carbonate | Albania Distribution Chemicals<\/title>\n<meta name=\"robots\" content=\"index, follow, max-snippet:-1, max-image-preview:large, max-video-preview:-1\" \/>\n<link rel=\"canonical\" href=\"https:\/\/adchem.al\/al\/basic-chemicals\/sodium-carbonate\/\" \/>\n<meta property=\"og:locale\" content=\"sq_AL\" \/>\n<meta property=\"og:type\" content=\"article\" \/>\n<meta property=\"og:title\" content=\"Sodium Carbonate | Albania Distribution Chemicals\" \/>\n<meta property=\"og:description\" content=\"Product: Sodium Carbonate Chemical Formula: Na2CO3 Information about the product: - Sodium carbonate, also known as soda ash or washing soda, has the chemical formula Na2CO3. - It is a white, crystalline powder or granular solid that is highly soluble in water. - Sodium carbonate is a strong alkaline compound with a high pH.\" \/>\n<meta property=\"og:url\" content=\"https:\/\/adchem.al\/al\/basic-chemicals\/sodium-carbonate\/\" \/>\n<meta property=\"og:site_name\" content=\"Albania Distribution Chemicals\" \/>\n<meta property=\"article:publisher\" content=\"https:\/\/www.facebook.com\/albaniadistributionchem\/?ref=py_c\" \/>\n<meta property=\"article:modified_time\" content=\"2023-06-27T21:03:57+00:00\" \/>\n<meta property=\"og:image\" content=\"https:\/\/adchem.al\/wp-content\/uploads\/2023\/06\/adchem-wallpaper-home.webp-2.webp\" \/>\n\t<meta property=\"og:image:width\" content=\"2560\" \/>\n\t<meta property=\"og:image:height\" content=\"1244\" \/>\n\t<meta property=\"og:image:type\" content=\"image\/webp\" \/>\n<meta name=\"twitter:card\" content=\"summary_large_image\" \/>\n<script type=\"application\/ld+json\" class=\"yoast-schema-graph\">{\"@context\":\"https:\\\/\\\/schema.org\",\"@graph\":[{\"@type\":\"WebPage\",\"@id\":\"https:\\\/\\\/adchem.al\\\/basic-chemicals\\\/sodium-carbonate\\\/\",\"url\":\"https:\\\/\\\/adchem.al\\\/basic-chemicals\\\/sodium-carbonate\\\/\",\"name\":\"Sodium Carbonate | Albania Distribution Chemicals\",\"isPartOf\":{\"@id\":\"https:\\\/\\\/adchem.al\\\/#website\"},\"primaryImageOfPage\":{\"@id\":\"https:\\\/\\\/adchem.al\\\/basic-chemicals\\\/sodium-carbonate\\\/#primaryimage\"},\"image\":{\"@id\":\"https:\\\/\\\/adchem.al\\\/basic-chemicals\\\/sodium-carbonate\\\/#primaryimage\"},\"thumbnailUrl\":\"https:\\\/\\\/adchem.al\\\/wp-content\\\/uploads\\\/2023\\\/06\\\/Sodium_carbonate.svg\",\"datePublished\":\"2023-06-24T15:34:38+00:00\",\"dateModified\":\"2023-06-27T21:03:57+00:00\",\"breadcrumb\":{\"@id\":\"https:\\\/\\\/adchem.al\\\/basic-chemicals\\\/sodium-carbonate\\\/#breadcrumb\"},\"inLanguage\":\"sq\",\"potentialAction\":[{\"@type\":\"ReadAction\",\"target\":[\"https:\\\/\\\/adchem.al\\\/basic-chemicals\\\/sodium-carbonate\\\/\"]}]},{\"@type\":\"ImageObject\",\"inLanguage\":\"sq\",\"@id\":\"https:\\\/\\\/adchem.al\\\/basic-chemicals\\\/sodium-carbonate\\\/#primaryimage\",\"url\":\"https:\\\/\\\/adchem.al\\\/wp-content\\\/uploads\\\/2023\\\/06\\\/Sodium_carbonate.svg\",\"contentUrl\":\"https:\\\/\\\/adchem.al\\\/wp-content\\\/uploads\\\/2023\\\/06\\\/Sodium_carbonate.svg\",\"width\":660,\"height\":556},{\"@type\":\"BreadcrumbList\",\"@id\":\"https:\\\/\\\/adchem.al\\\/basic-chemicals\\\/sodium-carbonate\\\/#breadcrumb\",\"itemListElement\":[{\"@type\":\"ListItem\",\"position\":1,\"name\":\"Home\",\"item\":\"https:\\\/\\\/adchem.al\\\/\"},{\"@type\":\"ListItem\",\"position\":2,\"name\":\"Basic Chemicals\",\"item\":\"https:\\\/\\\/adchem.al\\\/al\\\/basic-chemicals\\\/\"},{\"@type\":\"ListItem\",\"position\":3,\"name\":\"Sodium Carbonate\"}]},{\"@type\":\"WebSite\",\"@id\":\"https:\\\/\\\/adchem.al\\\/#website\",\"url\":\"https:\\\/\\\/adchem.al\\\/\",\"name\":\"Albania Distribution Chemicals\",\"description\":\"&quot;Excellence in Chemical Distribution&quot;\",\"publisher\":{\"@id\":\"https:\\\/\\\/adchem.al\\\/#organization\"},\"alternateName\":\"ADC\",\"potentialAction\":[{\"@type\":\"SearchAction\",\"target\":{\"@type\":\"EntryPoint\",\"urlTemplate\":\"https:\\\/\\\/adchem.al\\\/?s={search_term_string}\"},\"query-input\":{\"@type\":\"PropertyValueSpecification\",\"valueRequired\":true,\"valueName\":\"search_term_string\"}}],\"inLanguage\":\"sq\"},{\"@type\":\"Organization\",\"@id\":\"https:\\\/\\\/adchem.al\\\/#organization\",\"name\":\"Albania Distribution Chemicals\",\"alternateName\":\"ADC\",\"url\":\"https:\\\/\\\/adchem.al\\\/\",\"logo\":{\"@type\":\"ImageObject\",\"inLanguage\":\"sq\",\"@id\":\"https:\\\/\\\/adchem.al\\\/#\\\/schema\\\/logo\\\/image\\\/\",\"url\":\"https:\\\/\\\/adchem.al\\\/wp-content\\\/uploads\\\/2022\\\/09\\\/Albania-Distribution-Chemicals-Logo-01.png\",\"contentUrl\":\"https:\\\/\\\/adchem.al\\\/wp-content\\\/uploads\\\/2022\\\/09\\\/Albania-Distribution-Chemicals-Logo-01.png\",\"width\":308,\"height\":104,\"caption\":\"Albania Distribution Chemicals\"},\"image\":{\"@id\":\"https:\\\/\\\/adchem.al\\\/#\\\/schema\\\/logo\\\/image\\\/\"},\"sameAs\":[\"https:\\\/\\\/www.facebook.com\\\/albaniadistributionchem\\\/?ref=py_c\",\"https:\\\/\\\/www.instagram.com\\\/albania_distribution_chemicals\\\/\"]}]}<\/script>\n<!-- \/ Yoast SEO plugin. -->","yoast_head_json":{"title":"Sodium Carbonate | Albania Distribution Chemicals","robots":{"index":"index","follow":"follow","max-snippet":"max-snippet:-1","max-image-preview":"max-image-preview:large","max-video-preview":"max-video-preview:-1"},"canonical":"https:\/\/adchem.al\/al\/basic-chemicals\/sodium-carbonate\/","og_locale":"sq_AL","og_type":"article","og_title":"Sodium Carbonate | Albania Distribution Chemicals","og_description":"Product: Sodium Carbonate Chemical Formula: Na2CO3 Information about the product: - Sodium carbonate, also known as soda ash or washing soda, has the chemical formula Na2CO3. - It is a white, crystalline powder or granular solid that is highly soluble in water. - Sodium carbonate is a strong alkaline compound with a high pH.","og_url":"https:\/\/adchem.al\/al\/basic-chemicals\/sodium-carbonate\/","og_site_name":"Albania Distribution Chemicals","article_publisher":"https:\/\/www.facebook.com\/albaniadistributionchem\/?ref=py_c","article_modified_time":"2023-06-27T21:03:57+00:00","og_image":[{"width":2560,"height":1244,"url":"https:\/\/adchem.al\/wp-content\/uploads\/2023\/06\/adchem-wallpaper-home.webp-2.webp","type":"image\/webp"}],"twitter_card":"summary_large_image","schema":{"@context":"https:\/\/schema.org","@graph":[{"@type":"WebPage","@id":"https:\/\/adchem.al\/basic-chemicals\/sodium-carbonate\/","url":"https:\/\/adchem.al\/basic-chemicals\/sodium-carbonate\/","name":"Sodium Carbonate | Albania Distribution Chemicals","isPartOf":{"@id":"https:\/\/adchem.al\/#website"},"primaryImageOfPage":{"@id":"https:\/\/adchem.al\/basic-chemicals\/sodium-carbonate\/#primaryimage"},"image":{"@id":"https:\/\/adchem.al\/basic-chemicals\/sodium-carbonate\/#primaryimage"},"thumbnailUrl":"https:\/\/adchem.al\/wp-content\/uploads\/2023\/06\/Sodium_carbonate.svg","datePublished":"2023-06-24T15:34:38+00:00","dateModified":"2023-06-27T21:03:57+00:00","breadcrumb":{"@id":"https:\/\/adchem.al\/basic-chemicals\/sodium-carbonate\/#breadcrumb"},"inLanguage":"sq","potentialAction":[{"@type":"ReadAction","target":["https:\/\/adchem.al\/basic-chemicals\/sodium-carbonate\/"]}]},{"@type":"ImageObject","inLanguage":"sq","@id":"https:\/\/adchem.al\/basic-chemicals\/sodium-carbonate\/#primaryimage","url":"https:\/\/adchem.al\/wp-content\/uploads\/2023\/06\/Sodium_carbonate.svg","contentUrl":"https:\/\/adchem.al\/wp-content\/uploads\/2023\/06\/Sodium_carbonate.svg","width":660,"height":556},{"@type":"BreadcrumbList","@id":"https:\/\/adchem.al\/basic-chemicals\/sodium-carbonate\/#breadcrumb","itemListElement":[{"@type":"ListItem","position":1,"name":"Home","item":"https:\/\/adchem.al\/"},{"@type":"ListItem","position":2,"name":"Basic Chemicals","item":"https:\/\/adchem.al\/al\/basic-chemicals\/"},{"@type":"ListItem","position":3,"name":"Sodium Carbonate"}]},{"@type":"WebSite","@id":"https:\/\/adchem.al\/#website","url":"https:\/\/adchem.al\/","name":"Albania Distribution Chemicals","description":"&quot;Excellence in Chemical Distribution&quot;","publisher":{"@id":"https:\/\/adchem.al\/#organization"},"alternateName":"ADC","potentialAction":[{"@type":"SearchAction","target":{"@type":"EntryPoint","urlTemplate":"https:\/\/adchem.al\/?s={search_term_string}"},"query-input":{"@type":"PropertyValueSpecification","valueRequired":true,"valueName":"search_term_string"}}],"inLanguage":"sq"},{"@type":"Organization","@id":"https:\/\/adchem.al\/#organization","name":"Albania Distribution Chemicals","alternateName":"ADC","url":"https:\/\/adchem.al\/","logo":{"@type":"ImageObject","inLanguage":"sq","@id":"https:\/\/adchem.al\/#\/schema\/logo\/image\/","url":"https:\/\/adchem.al\/wp-content\/uploads\/2022\/09\/Albania-Distribution-Chemicals-Logo-01.png","contentUrl":"https:\/\/adchem.al\/wp-content\/uploads\/2022\/09\/Albania-Distribution-Chemicals-Logo-01.png","width":308,"height":104,"caption":"Albania Distribution Chemicals"},"image":{"@id":"https:\/\/adchem.al\/#\/schema\/logo\/image\/"},"sameAs":["https:\/\/www.facebook.com\/albaniadistributionchem\/?ref=py_c","https:\/\/www.instagram.com\/albania_distribution_chemicals\/"]}]}},"_links":{"self":[{"href":"https:\/\/adchem.al\/al\/wp-json\/wp\/v2\/pages\/988070","targetHints":{"allow":["GET"]}}],"collection":[{"href":"https:\/\/adchem.al\/al\/wp-json\/wp\/v2\/pages"}],"about":[{"href":"https:\/\/adchem.al\/al\/wp-json\/wp\/v2\/types\/page"}],"author":[{"embeddable":true,"href":"https:\/\/adchem.al\/al\/wp-json\/wp\/v2\/users\/2"}],"replies":[{"embeddable":true,"href":"https:\/\/adchem.al\/al\/wp-json\/wp\/v2\/comments?post=988070"}],"version-history":[{"count":10,"href":"https:\/\/adchem.al\/al\/wp-json\/wp\/v2\/pages\/988070\/revisions"}],"predecessor-version":[{"id":989195,"href":"https:\/\/adchem.al\/al\/wp-json\/wp\/v2\/pages\/988070\/revisions\/989195"}],"up":[{"embeddable":true,"href":"https:\/\/adchem.al\/al\/wp-json\/wp\/v2\/pages\/987952"}],"wp:featuredmedia":[{"embeddable":true,"href":"https:\/\/adchem.al\/al\/wp-json\/wp\/v2\/media\/988071"}],"wp:attachment":[{"href":"https:\/\/adchem.al\/al\/wp-json\/wp\/v2\/media?parent=988070"}],"curies":[{"name":"wp","href":"https:\/\/api.w.org\/{rel}","templated":true}]}}