{"id":988064,"date":"2023-06-24T15:29:09","date_gmt":"2023-06-24T15:29:09","guid":{"rendered":"https:\/\/adchem.al\/?page_id=988064"},"modified":"2023-06-27T21:02:19","modified_gmt":"2023-06-27T21:02:19","slug":"sodium-aluminium","status":"publish","type":"page","link":"https:\/\/adchem.al\/al\/basic-chemicals\/sodium-aluminium\/","title":{"rendered":"Natriumi Alumini"},"content":{"rendered":"<div data-elementor-type=\"wp-page\" data-elementor-id=\"988064\" class=\"elementor elementor-988064\" data-elementor-post-type=\"page\">\n\t\t\t\t\t\t<section class=\"elementor-section elementor-top-section elementor-element elementor-element-37858afc elementor-section-full_width elementor-section-height-default elementor-section-height-default\" data-id=\"37858afc\" data-element_type=\"section\">\n\t\t\t\t\t\t<div class=\"elementor-container elementor-column-gap-no\">\n\t\t\t\t\t<div class=\"elementor-column elementor-col-100 elementor-top-column elementor-element elementor-element-60bb79bd\" data-id=\"60bb79bd\" data-element_type=\"column\">\n\t\t\t<div class=\"elementor-widget-wrap elementor-element-populated\">\n\t\t\t\t\t\t<div class=\"vamtam-has-theme-widget-styles elementor-element elementor-element-86d4d6c elementor-widget elementor-widget-image\" data-id=\"86d4d6c\" data-element_type=\"widget\" data-widget_type=\"image.default\">\n\t\t\t\t<div class=\"elementor-widget-container\">\n\t\t\t\t\t\t\t\t\t<div class=\"elementor-image\">\n\t\t\t\t\t\t\t\t\t\t\t\t\t\t\t\t<figure class=\"wp-caption\">\n\t\t\t\t\t\t\t\t\t\t\t\t\t\t\t\t<img decoding=\"async\" width=\"192\" height=\"128\" src=\"https:\/\/adchem.al\/wp-content\/uploads\/2023\/06\/Structural_formula_of_sodium_aluminium_hydride.svg\" class=\"attachment-full size-full wp-image-988065\" alt=\"\" \/>\t\t\t\t\t\t\t\t\t\t\t\t\t\t\t\t\t<figcaption class=\"widget-image-caption wp-caption-text\">Albania Distribution Chemicals<\/figcaption>\n\t\t\t\t\t\t\t\t\t\t\t\t\t\t\t\t<\/figure>\n\t\t\t\t\t\t\t\t\t\t\t\t\t\t<\/div>\n\t\t\t\t\t\t\t\t<\/div>\n\t\t\t\t<\/div>\n\t\t\t\t<div class=\"elementor-element elementor-element-61992a9a elementor-widget elementor-widget-text-editor\" data-id=\"61992a9a\" data-element_type=\"widget\" data-widget_type=\"text-editor.default\">\n\t\t\t\t<div class=\"elementor-widget-container\">\n\t\t\t\t\t\t\t\t\t<p><strong>Produkti: Alumini me natrium<\/strong><\/p><p><strong>Formula Kimike: AlNa<\/strong><\/p><p><strong>Informacion rreth produktit:<\/strong><\/p><p>\u2013 Natriumi alumini \u00ebsht\u00eb nj\u00eb p\u00ebrb\u00ebrje e formuar nga kombinimi i elementeve t\u00eb natriumit (Na) dhe aluminit (Al).<br \/>\u2013 Formula kimike p\u00ebr natrium alumini \u00ebsht\u00eb AlNa, q\u00eb tregon nj\u00eb atom alumini dhe nj\u00eb atom natrium.<br \/>\u2013 Alumini i natriumit haset zakonisht n\u00eb form\u00ebn e hidridit t\u00eb aluminit t\u00eb natriumit (NaAlH4), i cili \u00ebsht\u00eb nj\u00eb l\u00ebnd\u00eb e ngurt\u00eb e bardh\u00eb.<\/p><p><strong>Informacion p\u00ebr sektorin e p\u00ebrdorimit t\u00eb produktit:<\/strong><\/p><p>1. Metalurgji:<br \/>\u2013 Prodhimi i lidhjeve: Alumini i natriumit p\u00ebrdoret n\u00eb prodhimin e lidhjeve t\u00eb caktuara t\u00eb aluminit, ku vepron si p\u00ebrpunues dhe modifikues i kokrrave, duke rritur vetit\u00eb mekanike dhe struktur\u00ebn e lidhjeve.<\/p><p>2. Industria kimike:<br \/>\u2013 Agjent reduktues: Hidridi i aluminit t\u00eb natriumit (NaAlH4) \u00ebsht\u00eb nj\u00eb agjent reduktues i gjithansh\u00ebm q\u00eb p\u00ebrdoret n\u00eb reaksione t\u00eb ndryshme kimike. \u00cbsht\u00eb ve\u00e7an\u00ebrisht i dobish\u00ebm n\u00eb reduktimin e p\u00ebrb\u00ebrjeve karbonil n\u00eb alkoole ose amina.<\/p><p>3. Industria farmaceutike:<br \/>\u2013 Sinteza farmaceutike: Hidridi i aluminit t\u00eb natriumit p\u00ebrdoret n\u00eb sintez\u00ebn e p\u00ebrb\u00ebrjeve farmaceutike, ku sh\u00ebrben si agjent reduktues ose burim hidrogjeni.<\/p><p>4. Kimi organike:<br \/>\u2013 Reaksionet e reduktimit: Hidridi i aluminit t\u00eb natriumit p\u00ebrdoret n\u00eb kimin\u00eb organike p\u00ebr reduktimin e grupeve funksionale, si aldehidet, ketonet, esteret dhe acidet.<\/p><p>5. Ruajtja e hidrogjenit:<br \/>\u2013 Hidridi i aluminit t\u00eb natriumit \u00ebsht\u00eb studiuar si nj\u00eb material potencial p\u00ebr ruajtjen e hidrogjenit p\u00ebr shkak t\u00eb aft\u00ebsis\u00eb s\u00eb tij p\u00ebr t\u00eb \u00e7liruar gaz hidrogjeni gjat\u00eb dekompozimit.<\/p><p>6. Ruajtja e Energjis\u00eb:<br \/>\u2013 Hidridi i aluminit t\u00eb natriumit \u00ebsht\u00eb hetuar p\u00ebr p\u00ebrdorimin e tij t\u00eb mundsh\u00ebm n\u00eb baterit\u00eb e ringarkueshme, pasi mund t\u00eb ruaj\u00eb dhe l\u00ebshoj\u00eb sasi t\u00eb m\u00ebdha hidrogjeni gjat\u00eb \u00e7iklizmit.<\/p><p>7. Reaksionet e polimerizimit:<br \/>\u2013 P\u00ebrb\u00ebrjet e natriumit t\u00eb aluminit p\u00ebrdoren si katalizator\u00eb n\u00eb disa reaksione polimerizimi, duke leht\u00ebsuar formimin e polimereve nga monomer\u00ebt.<\/p><p>8. Agjent deoksidues:<br \/>\u2013 Alumini i natriumit mund t\u00eb p\u00ebrdoret si nj\u00eb agjent deoksidues n\u00eb disa procese metalurgjike, duke hequr oksigjenin nga metalet e shkrir\u00eb.<\/p><p>9. Trajtimi i ujit:<br \/>\u2013 P\u00ebrb\u00ebrjet e aluminit t\u00eb natriumit, si aluminati i natriumit, p\u00ebrdoren n\u00eb proceset e trajtimit t\u00eb ujit, ve\u00e7an\u00ebrisht p\u00ebr koagulimin dhe flokulimin e grimcave t\u00eb pezulluara n\u00eb impiantet e trajtimit t\u00eb uj\u00ebrave t\u00eb zeza.<\/p><p>10. Retardant\u00ebt e flak\u00ebs:<br \/>\u2013 P\u00ebrb\u00ebrjet e aluminit t\u00eb natriumit p\u00ebrdoren si frenues flak\u00eb n\u00eb materiale t\u00eb ndryshme, duke p\u00ebrfshir\u00eb plastik\u00eb, tekstile dhe materiale nd\u00ebrtimi, p\u00ebr t\u00eb rritur rezistenc\u00ebn e tyre ndaj zjarrit.<\/p><p>Alumini i natriumit gjen aplikime n\u00eb metalurgji, sintez\u00eb kimike, farmaceutik\u00eb dhe sektor\u00eb t\u00eb ndrysh\u00ebm industrial\u00eb. \u00cbsht\u00eb thelb\u00ebsore t\u00eb trajtohen dhe t\u00eb p\u00ebrdoren komponimet e aluminit t\u00eb natriumit sipas udh\u00ebzimeve t\u00eb siguris\u00eb dhe procedurave t\u00eb duhura t\u00eb trajtimit p\u00ebr t\u00eb siguruar p\u00ebrdorim t\u00eb sigurt dhe efektiv.<\/p>\t\t\t\t\t\t\t\t<\/div>\n\t\t\t\t<\/div>\n\t\t\t\t<section class=\"elementor-section elementor-inner-section elementor-element elementor-element-9ba1d02 elementor-section-boxed elementor-section-height-default elementor-section-height-default\" data-id=\"9ba1d02\" data-element_type=\"section\" data-settings=\"{&quot;background_background&quot;:&quot;classic&quot;}\">\n\t\t\t\t\t\t<div class=\"elementor-container elementor-column-gap-no\">\n\t\t\t\t\t<div class=\"elementor-column elementor-col-100 elementor-inner-column elementor-element elementor-element-89e6a5c\" data-id=\"89e6a5c\" data-element_type=\"column\">\n\t\t\t<div class=\"elementor-widget-wrap elementor-element-populated\">\n\t\t\t\t\t\t<div class=\"elementor-element elementor-element-d789e58 elementor-view-default elementor-widget elementor-widget-icon\" data-id=\"d789e58\" data-element_type=\"widget\" data-widget_type=\"icon.default\">\n\t\t\t\t<div class=\"elementor-widget-container\">\n\t\t\t\t\t\t\t<div class=\"elementor-icon-wrapper\">\n\t\t\t<div class=\"elementor-icon\">\n\t\t\t<i aria-hidden=\"true\" class=\"vamtamtheme- vamtam-theme-quote-start\"><\/i>\t\t\t<\/div>\n\t\t<\/div>\n\t\t\t\t\t\t<\/div>\n\t\t\t\t<\/div>\n\t\t\t\t<div class=\"elementor-element elementor-element-b55957d elementor-widget elementor-widget-text-editor\" data-id=\"b55957d\" data-element_type=\"widget\" data-widget_type=\"text-editor.default\">\n\t\t\t\t<div class=\"elementor-widget-container\">\n\t\t\t\t\t\t\t\t\t<p>\"P\u00ebr \u00e7do informacion, shkruani n\u00eb WhatsApp: Gjith\u00e7ka q\u00eb ju nevojitet, n\u00eb koh\u00eb reale, n\u00eb nj\u00eb mesazh. Na kontaktoni dhe jemi gati t\u00eb ju ndihmojm\u00eb.\"<\/p>\t\t\t\t\t\t\t\t<\/div>\n\t\t\t\t<\/div>\n\t\t\t\t<div class=\"elementor-element elementor-element-76bfce2 elementor-widget-divider--view-line elementor-widget elementor-widget-divider\" data-id=\"76bfce2\" data-element_type=\"widget\" data-widget_type=\"divider.default\">\n\t\t\t\t<div class=\"elementor-widget-container\">\n\t\t\t\t\t\t\t<div class=\"elementor-divider\">\n\t\t\t<span class=\"elementor-divider-separator\">\n\t\t\t\t\t\t<\/span>\n\t\t<\/div>\n\t\t\t\t\t\t<\/div>\n\t\t\t\t<\/div>\n\t\t\t\t<div class=\"vamtam-has-theme-widget-styles elementor-element elementor-element-f2a5f06 elementor-widget__width-auto vamtam-has-underline-anim elementor-widget elementor-widget-button\" data-id=\"f2a5f06\" data-element_type=\"widget\" data-widget_type=\"button.default\">\n\t\t\t\t<div class=\"elementor-widget-container\">\n\t\t\t\t\t\t\t\t\t<div class=\"elementor-button-wrapper\">\n\t\t\t\t\t<a class=\"elementor-button elementor-button-link elementor-size-md\" href=\"https:\/\/wa.me\/355694000260\">\n\t\t\t\t\t\t<span class=\"elementor-button-content-wrapper\">\n\t\t\t\t\t\t<span class=\"elementor-button-icon\">\n\t\t\t\t<i aria-hidden=\"true\" class=\"vamtamtheme- vamtam-theme-icon-arrow-right-top\"><\/i>\t\t\t<\/span>\n\t\t\t\t\t\t\t\t\t<span class=\"elementor-button-text\">Kontaktoni WhatsApp<\/span>\n\t\t\t\t\t<\/span>\n\t\t\t\t\t<\/a>\n\t\t\t\t<\/div>\n\t\t\t\t\t\t\t\t<\/div>\n\t\t\t\t<\/div>\n\t\t\t\t<div class=\"elementor-element elementor-element-674319c elementor-widget__width-auto elementor-widget elementor-widget-heading\" data-id=\"674319c\" data-element_type=\"widget\" data-widget_type=\"heading.default\">\n\t\t\t\t<div class=\"elementor-widget-container\">\n\t\t\t\t\t<span class=\"elementor-heading-title elementor-size-default\">Albania Distribution Chemicals\n<\/span>\t\t\t\t<\/div>\n\t\t\t\t<\/div>\n\t\t\t\t\t<\/div>\n\t\t<\/div>\n\t\t\t\t\t<\/div>\n\t\t<\/section>\n\t\t\t\t\t<\/div>\n\t\t<\/div>\n\t\t\t\t\t<\/div>\n\t\t<\/section>\n\t\t\t\t<section class=\"elementor-section elementor-top-section elementor-element elementor-element-b3fd502 elementor-section-boxed elementor-section-height-default elementor-section-height-default\" data-id=\"b3fd502\" data-element_type=\"section\">\n\t\t\t\t\t\t<div class=\"elementor-container elementor-column-gap-default\">\n\t\t\t\t\t<div class=\"elementor-column elementor-col-100 elementor-top-column elementor-element elementor-element-a879885\" data-id=\"a879885\" data-element_type=\"column\">\n\t\t\t<div class=\"elementor-widget-wrap elementor-element-populated\">\n\t\t\t\t\t\t<div class=\"elementor-element elementor-element-4a3fe1c elementor-widget elementor-widget-spacer\" data-id=\"4a3fe1c\" data-element_type=\"widget\" data-widget_type=\"spacer.default\">\n\t\t\t\t<div class=\"elementor-widget-container\">\n\t\t\t\t\t\t\t<div class=\"elementor-spacer\">\n\t\t\t<div class=\"elementor-spacer-inner\"><\/div>\n\t\t<\/div>\n\t\t\t\t\t\t<\/div>\n\t\t\t\t<\/div>\n\t\t\t\t<div class=\"vamtam-has-theme-widget-styles elementor-element elementor-element-feed2fe elementor-widget elementor-widget-image\" data-id=\"feed2fe\" data-element_type=\"widget\" data-widget_type=\"image.default\">\n\t\t\t\t<div class=\"elementor-widget-container\">\n\t\t\t\t\t\t\t\t\t<div class=\"elementor-image\">\n\t\t\t\t\t\t\t\t\t\t\t\t\t\t\t\t\t\t\t\t\t<img fetchpriority=\"high\" decoding=\"async\" width=\"8000\" height=\"1355\" src=\"https:\/\/adchem.al\/wp-content\/uploads\/2023\/06\/baner-albania-distribution-chemicals-01.png\" class=\"attachment-full size-full wp-image-987764\" alt=\"\" srcset=\"https:\/\/adchem.al\/wp-content\/uploads\/2023\/06\/baner-albania-distribution-chemicals-01.png 8000w, https:\/\/adchem.al\/wp-content\/uploads\/2023\/06\/baner-albania-distribution-chemicals-01-300x51.png 300w, https:\/\/adchem.al\/wp-content\/uploads\/2023\/06\/baner-albania-distribution-chemicals-01-1024x173.png 1024w, https:\/\/adchem.al\/wp-content\/uploads\/2023\/06\/baner-albania-distribution-chemicals-01-768x130.png 768w, https:\/\/adchem.al\/wp-content\/uploads\/2023\/06\/baner-albania-distribution-chemicals-01-1536x260.png 1536w, https:\/\/adchem.al\/wp-content\/uploads\/2023\/06\/baner-albania-distribution-chemicals-01-2048x347.png 2048w\" sizes=\"(max-width: 8000px) 100vw, 8000px\" \/>\t\t\t\t\t\t\t\t\t\t\t\t\t\t\t\t\t\t\t\t\t\t\t\t<\/div>\n\t\t\t\t\t\t\t\t<\/div>\n\t\t\t\t<\/div>\n\t\t\t\t\t<\/div>\n\t\t<\/div>\n\t\t\t\t\t<\/div>\n\t\t<\/section>\n\t\t\t\t<\/div>","protected":false},"excerpt":{"rendered":"<p>Produkti: Alumini me natrium<\/p>\n<p>Formula Kimike: AlNa<\/p>\n<p>Informacion rreth produktit:<\/p>\n<p>\u2013 Natriumi alumini \u00ebsht\u00eb nj\u00eb p\u00ebrb\u00ebrje e formuar nga kombinimi i elementeve t\u00eb natriumit (Na) dhe aluminit (Al).<br \/>\n\u2013 Formula kimike p\u00ebr natrium alumini \u00ebsht\u00eb AlNa, q\u00eb tregon nj\u00eb atom alumini dhe nj\u00eb atom natrium.<br \/>\n\u2013 Alumini i natriumit haset zakonisht n\u00eb form\u00ebn e hidridit t\u00eb aluminit t\u00eb natriumit (NaAlH4), i cili \u00ebsht\u00eb nj\u00eb l\u00ebnd\u00eb e ngurt\u00eb e bardh\u00eb.<\/p>","protected":false},"author":2,"featured_media":988065,"parent":987952,"menu_order":0,"comment_status":"closed","ping_status":"closed","template":"","meta":{"inline_featured_image":false,"footnotes":""},"class_list":["post-988064","page","type-page","status-publish","has-post-thumbnail","hentry"],"yoast_head":"<!-- This site is optimized with the Yoast SEO plugin v27.4 - https:\/\/yoast.com\/product\/yoast-seo-wordpress\/ -->\n<title>Sodium Aluminium | Albania Distribution Chemicals<\/title>\n<meta name=\"robots\" content=\"index, follow, max-snippet:-1, max-image-preview:large, max-video-preview:-1\" \/>\n<link rel=\"canonical\" href=\"https:\/\/adchem.al\/al\/basic-chemicals\/sodium-aluminium\/\" \/>\n<meta property=\"og:locale\" content=\"sq_AL\" \/>\n<meta property=\"og:type\" content=\"article\" \/>\n<meta property=\"og:title\" content=\"Sodium Aluminium | Albania Distribution Chemicals\" \/>\n<meta property=\"og:description\" content=\"Product: Sodium Aluminium Chemical Formula: AlNa Information about the product: - Sodium aluminium is a compound formed by the combination of sodium (Na) and aluminium (Al) elements. - The chemical formula for sodium aluminium is AlNa, indicating one atom of aluminium and one atom of sodium. - Sodium aluminium is commonly encountered in the form of sodium aluminium hydride (NaAlH4), which is a white solid.\" \/>\n<meta property=\"og:url\" content=\"https:\/\/adchem.al\/al\/basic-chemicals\/sodium-aluminium\/\" \/>\n<meta property=\"og:site_name\" content=\"Albania Distribution Chemicals\" \/>\n<meta property=\"article:publisher\" content=\"https:\/\/www.facebook.com\/albaniadistributionchem\/?ref=py_c\" \/>\n<meta property=\"article:modified_time\" content=\"2023-06-27T21:02:19+00:00\" \/>\n<meta property=\"og:image\" content=\"https:\/\/adchem.al\/wp-content\/uploads\/2023\/06\/adchem-wallpaper-home.webp-2.webp\" \/>\n\t<meta property=\"og:image:width\" content=\"2560\" \/>\n\t<meta property=\"og:image:height\" content=\"1244\" \/>\n\t<meta property=\"og:image:type\" content=\"image\/webp\" \/>\n<meta name=\"twitter:card\" content=\"summary_large_image\" \/>\n<script type=\"application\/ld+json\" class=\"yoast-schema-graph\">{\"@context\":\"https:\\\/\\\/schema.org\",\"@graph\":[{\"@type\":\"WebPage\",\"@id\":\"https:\\\/\\\/adchem.al\\\/basic-chemicals\\\/sodium-aluminium\\\/\",\"url\":\"https:\\\/\\\/adchem.al\\\/basic-chemicals\\\/sodium-aluminium\\\/\",\"name\":\"Sodium Aluminium | Albania Distribution Chemicals\",\"isPartOf\":{\"@id\":\"https:\\\/\\\/adchem.al\\\/#website\"},\"primaryImageOfPage\":{\"@id\":\"https:\\\/\\\/adchem.al\\\/basic-chemicals\\\/sodium-aluminium\\\/#primaryimage\"},\"image\":{\"@id\":\"https:\\\/\\\/adchem.al\\\/basic-chemicals\\\/sodium-aluminium\\\/#primaryimage\"},\"thumbnailUrl\":\"https:\\\/\\\/adchem.al\\\/wp-content\\\/uploads\\\/2023\\\/06\\\/Structural_formula_of_sodium_aluminium_hydride.svg\",\"datePublished\":\"2023-06-24T15:29:09+00:00\",\"dateModified\":\"2023-06-27T21:02:19+00:00\",\"breadcrumb\":{\"@id\":\"https:\\\/\\\/adchem.al\\\/basic-chemicals\\\/sodium-aluminium\\\/#breadcrumb\"},\"inLanguage\":\"sq\",\"potentialAction\":[{\"@type\":\"ReadAction\",\"target\":[\"https:\\\/\\\/adchem.al\\\/basic-chemicals\\\/sodium-aluminium\\\/\"]}]},{\"@type\":\"ImageObject\",\"inLanguage\":\"sq\",\"@id\":\"https:\\\/\\\/adchem.al\\\/basic-chemicals\\\/sodium-aluminium\\\/#primaryimage\",\"url\":\"https:\\\/\\\/adchem.al\\\/wp-content\\\/uploads\\\/2023\\\/06\\\/Structural_formula_of_sodium_aluminium_hydride.svg\",\"contentUrl\":\"https:\\\/\\\/adchem.al\\\/wp-content\\\/uploads\\\/2023\\\/06\\\/Structural_formula_of_sodium_aluminium_hydride.svg\",\"width\":192,\"height\":128},{\"@type\":\"BreadcrumbList\",\"@id\":\"https:\\\/\\\/adchem.al\\\/basic-chemicals\\\/sodium-aluminium\\\/#breadcrumb\",\"itemListElement\":[{\"@type\":\"ListItem\",\"position\":1,\"name\":\"Home\",\"item\":\"https:\\\/\\\/adchem.al\\\/\"},{\"@type\":\"ListItem\",\"position\":2,\"name\":\"Basic Chemicals\",\"item\":\"https:\\\/\\\/adchem.al\\\/al\\\/basic-chemicals\\\/\"},{\"@type\":\"ListItem\",\"position\":3,\"name\":\"Sodium Aluminium\"}]},{\"@type\":\"WebSite\",\"@id\":\"https:\\\/\\\/adchem.al\\\/#website\",\"url\":\"https:\\\/\\\/adchem.al\\\/\",\"name\":\"Albania Distribution Chemicals\",\"description\":\"&quot;Excellence in Chemical Distribution&quot;\",\"publisher\":{\"@id\":\"https:\\\/\\\/adchem.al\\\/#organization\"},\"alternateName\":\"ADC\",\"potentialAction\":[{\"@type\":\"SearchAction\",\"target\":{\"@type\":\"EntryPoint\",\"urlTemplate\":\"https:\\\/\\\/adchem.al\\\/?s={search_term_string}\"},\"query-input\":{\"@type\":\"PropertyValueSpecification\",\"valueRequired\":true,\"valueName\":\"search_term_string\"}}],\"inLanguage\":\"sq\"},{\"@type\":\"Organization\",\"@id\":\"https:\\\/\\\/adchem.al\\\/#organization\",\"name\":\"Albania Distribution Chemicals\",\"alternateName\":\"ADC\",\"url\":\"https:\\\/\\\/adchem.al\\\/\",\"logo\":{\"@type\":\"ImageObject\",\"inLanguage\":\"sq\",\"@id\":\"https:\\\/\\\/adchem.al\\\/#\\\/schema\\\/logo\\\/image\\\/\",\"url\":\"https:\\\/\\\/adchem.al\\\/wp-content\\\/uploads\\\/2022\\\/09\\\/Albania-Distribution-Chemicals-Logo-01.png\",\"contentUrl\":\"https:\\\/\\\/adchem.al\\\/wp-content\\\/uploads\\\/2022\\\/09\\\/Albania-Distribution-Chemicals-Logo-01.png\",\"width\":308,\"height\":104,\"caption\":\"Albania Distribution Chemicals\"},\"image\":{\"@id\":\"https:\\\/\\\/adchem.al\\\/#\\\/schema\\\/logo\\\/image\\\/\"},\"sameAs\":[\"https:\\\/\\\/www.facebook.com\\\/albaniadistributionchem\\\/?ref=py_c\",\"https:\\\/\\\/www.instagram.com\\\/albania_distribution_chemicals\\\/\"]}]}<\/script>\n<!-- \/ Yoast SEO plugin. -->","yoast_head_json":{"title":"Sodium Aluminium | Albania Distribution Chemicals","robots":{"index":"index","follow":"follow","max-snippet":"max-snippet:-1","max-image-preview":"max-image-preview:large","max-video-preview":"max-video-preview:-1"},"canonical":"https:\/\/adchem.al\/al\/basic-chemicals\/sodium-aluminium\/","og_locale":"sq_AL","og_type":"article","og_title":"Sodium Aluminium | Albania Distribution Chemicals","og_description":"Product: Sodium Aluminium Chemical Formula: AlNa Information about the product: - Sodium aluminium is a compound formed by the combination of sodium (Na) and aluminium (Al) elements. - The chemical formula for sodium aluminium is AlNa, indicating one atom of aluminium and one atom of sodium. - Sodium aluminium is commonly encountered in the form of sodium aluminium hydride (NaAlH4), which is a white solid.","og_url":"https:\/\/adchem.al\/al\/basic-chemicals\/sodium-aluminium\/","og_site_name":"Albania Distribution Chemicals","article_publisher":"https:\/\/www.facebook.com\/albaniadistributionchem\/?ref=py_c","article_modified_time":"2023-06-27T21:02:19+00:00","og_image":[{"width":2560,"height":1244,"url":"https:\/\/adchem.al\/wp-content\/uploads\/2023\/06\/adchem-wallpaper-home.webp-2.webp","type":"image\/webp"}],"twitter_card":"summary_large_image","schema":{"@context":"https:\/\/schema.org","@graph":[{"@type":"WebPage","@id":"https:\/\/adchem.al\/basic-chemicals\/sodium-aluminium\/","url":"https:\/\/adchem.al\/basic-chemicals\/sodium-aluminium\/","name":"Sodium Aluminium | Albania Distribution Chemicals","isPartOf":{"@id":"https:\/\/adchem.al\/#website"},"primaryImageOfPage":{"@id":"https:\/\/adchem.al\/basic-chemicals\/sodium-aluminium\/#primaryimage"},"image":{"@id":"https:\/\/adchem.al\/basic-chemicals\/sodium-aluminium\/#primaryimage"},"thumbnailUrl":"https:\/\/adchem.al\/wp-content\/uploads\/2023\/06\/Structural_formula_of_sodium_aluminium_hydride.svg","datePublished":"2023-06-24T15:29:09+00:00","dateModified":"2023-06-27T21:02:19+00:00","breadcrumb":{"@id":"https:\/\/adchem.al\/basic-chemicals\/sodium-aluminium\/#breadcrumb"},"inLanguage":"sq","potentialAction":[{"@type":"ReadAction","target":["https:\/\/adchem.al\/basic-chemicals\/sodium-aluminium\/"]}]},{"@type":"ImageObject","inLanguage":"sq","@id":"https:\/\/adchem.al\/basic-chemicals\/sodium-aluminium\/#primaryimage","url":"https:\/\/adchem.al\/wp-content\/uploads\/2023\/06\/Structural_formula_of_sodium_aluminium_hydride.svg","contentUrl":"https:\/\/adchem.al\/wp-content\/uploads\/2023\/06\/Structural_formula_of_sodium_aluminium_hydride.svg","width":192,"height":128},{"@type":"BreadcrumbList","@id":"https:\/\/adchem.al\/basic-chemicals\/sodium-aluminium\/#breadcrumb","itemListElement":[{"@type":"ListItem","position":1,"name":"Home","item":"https:\/\/adchem.al\/"},{"@type":"ListItem","position":2,"name":"Basic Chemicals","item":"https:\/\/adchem.al\/al\/basic-chemicals\/"},{"@type":"ListItem","position":3,"name":"Sodium Aluminium"}]},{"@type":"WebSite","@id":"https:\/\/adchem.al\/#website","url":"https:\/\/adchem.al\/","name":"Albania Distribution Chemicals","description":"&quot;Excellence in Chemical Distribution&quot;","publisher":{"@id":"https:\/\/adchem.al\/#organization"},"alternateName":"ADC","potentialAction":[{"@type":"SearchAction","target":{"@type":"EntryPoint","urlTemplate":"https:\/\/adchem.al\/?s={search_term_string}"},"query-input":{"@type":"PropertyValueSpecification","valueRequired":true,"valueName":"search_term_string"}}],"inLanguage":"sq"},{"@type":"Organization","@id":"https:\/\/adchem.al\/#organization","name":"Albania Distribution Chemicals","alternateName":"ADC","url":"https:\/\/adchem.al\/","logo":{"@type":"ImageObject","inLanguage":"sq","@id":"https:\/\/adchem.al\/#\/schema\/logo\/image\/","url":"https:\/\/adchem.al\/wp-content\/uploads\/2022\/09\/Albania-Distribution-Chemicals-Logo-01.png","contentUrl":"https:\/\/adchem.al\/wp-content\/uploads\/2022\/09\/Albania-Distribution-Chemicals-Logo-01.png","width":308,"height":104,"caption":"Albania Distribution Chemicals"},"image":{"@id":"https:\/\/adchem.al\/#\/schema\/logo\/image\/"},"sameAs":["https:\/\/www.facebook.com\/albaniadistributionchem\/?ref=py_c","https:\/\/www.instagram.com\/albania_distribution_chemicals\/"]}]}},"_links":{"self":[{"href":"https:\/\/adchem.al\/al\/wp-json\/wp\/v2\/pages\/988064","targetHints":{"allow":["GET"]}}],"collection":[{"href":"https:\/\/adchem.al\/al\/wp-json\/wp\/v2\/pages"}],"about":[{"href":"https:\/\/adchem.al\/al\/wp-json\/wp\/v2\/types\/page"}],"author":[{"embeddable":true,"href":"https:\/\/adchem.al\/al\/wp-json\/wp\/v2\/users\/2"}],"replies":[{"embeddable":true,"href":"https:\/\/adchem.al\/al\/wp-json\/wp\/v2\/comments?post=988064"}],"version-history":[{"count":10,"href":"https:\/\/adchem.al\/al\/wp-json\/wp\/v2\/pages\/988064\/revisions"}],"predecessor-version":[{"id":989192,"href":"https:\/\/adchem.al\/al\/wp-json\/wp\/v2\/pages\/988064\/revisions\/989192"}],"up":[{"embeddable":true,"href":"https:\/\/adchem.al\/al\/wp-json\/wp\/v2\/pages\/987952"}],"wp:featuredmedia":[{"embeddable":true,"href":"https:\/\/adchem.al\/al\/wp-json\/wp\/v2\/media\/988065"}],"wp:attachment":[{"href":"https:\/\/adchem.al\/al\/wp-json\/wp\/v2\/media?parent=988064"}],"curies":[{"name":"wp","href":"https:\/\/api.w.org\/{rel}","templated":true}]}}