{"id":988058,"date":"2023-06-24T15:26:13","date_gmt":"2023-06-24T15:26:13","guid":{"rendered":"https:\/\/adchem.al\/?page_id=988058"},"modified":"2023-06-27T20:59:57","modified_gmt":"2023-06-27T20:59:57","slug":"phosphoric-acid","status":"publish","type":"page","link":"https:\/\/adchem.al\/al\/basic-chemicals\/phosphoric-acid\/","title":{"rendered":"Acid Fosforik"},"content":{"rendered":"<div data-elementor-type=\"wp-page\" data-elementor-id=\"988058\" class=\"elementor elementor-988058\" data-elementor-post-type=\"page\">\n\t\t\t\t\t\t<section class=\"elementor-section elementor-top-section elementor-element elementor-element-37858afc elementor-section-full_width elementor-section-height-default elementor-section-height-default\" data-id=\"37858afc\" data-element_type=\"section\">\n\t\t\t\t\t\t<div class=\"elementor-container elementor-column-gap-no\">\n\t\t\t\t\t<div class=\"elementor-column elementor-col-100 elementor-top-column elementor-element elementor-element-60bb79bd\" data-id=\"60bb79bd\" data-element_type=\"column\">\n\t\t\t<div class=\"elementor-widget-wrap elementor-element-populated\">\n\t\t\t\t\t\t<div class=\"vamtam-has-theme-widget-styles elementor-element elementor-element-86d4d6c elementor-widget elementor-widget-image\" data-id=\"86d4d6c\" data-element_type=\"widget\" data-widget_type=\"image.default\">\n\t\t\t\t<div class=\"elementor-widget-container\">\n\t\t\t\t\t\t\t\t\t<div class=\"elementor-image\">\n\t\t\t\t\t\t\t\t\t\t\t\t\t\t\t\t<figure class=\"wp-caption\">\n\t\t\t\t\t\t\t\t\t\t\t\t\t\t\t\t<img decoding=\"async\" width=\"37\" height=\"39\" src=\"https:\/\/adchem.al\/wp-content\/uploads\/2023\/06\/Phosphoric_acid.svg\" class=\"attachment-full size-full wp-image-988059\" alt=\"\" \/>\t\t\t\t\t\t\t\t\t\t\t\t\t\t\t\t\t<figcaption class=\"widget-image-caption wp-caption-text\">Albania Distribution Chemicals<\/figcaption>\n\t\t\t\t\t\t\t\t\t\t\t\t\t\t\t\t<\/figure>\n\t\t\t\t\t\t\t\t\t\t\t\t\t\t<\/div>\n\t\t\t\t\t\t\t\t<\/div>\n\t\t\t\t<\/div>\n\t\t\t\t<div class=\"elementor-element elementor-element-61992a9a elementor-widget elementor-widget-text-editor\" data-id=\"61992a9a\" data-element_type=\"widget\" data-widget_type=\"text-editor.default\">\n\t\t\t\t<div class=\"elementor-widget-container\">\n\t\t\t\t\t\t\t\t\t<div class=\"woocommerce-product-details__short-description\"><div class=\"woocommerce-product-details__short-description\"><div class=\"woocommerce-product-details__short-description\"><p><strong>Produkti: Acidi Fosforik<\/strong><\/p><p><strong>Formula Kimike: H3PO4<\/strong><\/p><p><strong>Informacion rreth produktit:<\/strong><\/p><p>\u2013 Acidi fosforik \u00ebsht\u00eb nj\u00eb l\u00ebng i past\u00ebr, pa ngjyr\u00eb me shije t\u00eb thart\u00eb.<br \/>\u2013 Formula e tij kimike \u00ebsht\u00eb H3PO4, q\u00eb tregon pranin\u00eb e tre joneve t\u00eb hidrogjenit (H+) dhe nj\u00eb joni fosfat (PO4^3-).<br \/>\u2013 Acidi fosforik \u00ebsht\u00eb nj\u00eb acid i fort\u00eb dhe p\u00ebrdoret zakonisht si nj\u00eb reagent laboratorik, kimik industrial dhe shtes\u00eb ushqimore.<\/p><p><strong>Informacion p\u00ebr sektorin e p\u00ebrdorimit t\u00eb produktit:<\/strong><\/p><p>1. Industria e ushqimit dhe pijeve:<br \/>\u2013 Acidulant: Acidi fosforik p\u00ebrdoret gjer\u00ebsisht si acidulant n\u00eb industrin\u00eb e ushqimit dhe pijeve. I shtohet pijeve t\u00eb gazuara, t\u00eb tilla si pijet joalkoolike, p\u00ebr t\u00eb siguruar \u00ebmb\u00eblsi dhe p\u00ebr t\u00eb balancuar \u00ebmb\u00eblsin\u00eb.<br \/>\u2013 Rregullimi i pH: P\u00ebrdoret p\u00ebr rregullimin e pH n\u00eb produkte t\u00eb ndryshme ushqimore, duke p\u00ebrfshir\u00eb re\u00e7elrat, pelte, salcat dhe mishrat e p\u00ebrpunuar.<br \/>\u2013 P\u00ebrmir\u00ebsues i shijes: Acidi fosforik mund t\u00eb p\u00ebrmir\u00ebsoj\u00eb shijen e disa artikujve ushqimor\u00eb, duke p\u00ebrfshir\u00eb \u00ebmb\u00eblsirat, \u00ebmb\u00eblsirat dhe xhelatinat me arom\u00eb.<\/p><p>2. Prodhimi i plehrave:<br \/>\u2013 Acidi fosforik \u00ebsht\u00eb nj\u00eb p\u00ebrb\u00ebr\u00ebs ky\u00e7 n\u00eb prodhimin e plehrave fosfatike. P\u00ebrdoret p\u00ebr t\u00eb kthyer shk\u00ebmbin fosfat n\u00eb forma t\u00eb tretshme n\u00eb uj\u00eb q\u00eb mund t\u00eb absorbohen leht\u00ebsisht nga bim\u00ebt.<\/p><p>3. Trajtimi i ujit:<br \/>\u2013 Kontrolli i pH: Acidi fosforik p\u00ebrdoret n\u00eb proceset e trajtimit t\u00eb ujit p\u00ebr t\u00eb rregulluar nivelet e pH dhe p\u00ebr t\u00eb ruajtur aciditetin ose alkalinitetin e d\u00ebshiruar.<br \/>\u2013 Heqja e ndryshkut: Mund t\u00eb p\u00ebrdoret p\u00ebr t\u00eb hequr ndryshkun dhe depozitimet e shkall\u00ebve nga sip\u00ebrfaqet metalike n\u00eb sistemet e trajtimit t\u00eb ujit.<\/p><p>4. Pastrimi dhe gdhendja e metaleve:<br \/>\u2013 Acidi fosforik p\u00ebrdoret p\u00ebr pastrimin dhe gdhendjen e sip\u00ebrfaqeve metalike, ve\u00e7an\u00ebrisht n\u00eb p\u00ebrgatitjen e sip\u00ebrfaqeve metalike p\u00ebrpara lyerjes, veshjes ose saldimit.<\/p><p>5. Farmaceutik\u00eb:<br \/>\u2013 P\u00ebrb\u00ebr\u00ebsi aktiv: Acidi fosforik p\u00ebrdoret si nj\u00eb p\u00ebrb\u00ebr\u00ebs aktiv n\u00eb formulime t\u00eb caktuara farmaceutike, duke p\u00ebrfshir\u00eb antacidet dhe solucionet orale, p\u00ebr t\u00eb siguruar aciditet dhe p\u00ebr t\u00eb ndihmuar n\u00eb tretje.<\/p><p>6. Pastrimi dhe heqja e acideve:<br \/>\u2013 Acidi fosforik p\u00ebrdoret p\u00ebr aplikime pastrimi dhe pastrimi n\u00eb industri t\u00eb ndryshme, si pastrimi i pajisjeve, tubacioneve dhe rezervuar\u00ebve n\u00eb sektor\u00ebt e qum\u00ebshtit, birr\u00ebs dhe p\u00ebrpunimit t\u00eb ushqimit.<\/p><p>7. Konvertuesi i ndryshkut dhe primer:<br \/>\u2013 Formulimet me baz\u00eb acidi fosforik p\u00ebrdoren si konvertues t\u00eb ndryshkut dhe abetare p\u00ebr sip\u00ebrfaqet metalike. Ato ndihmojn\u00eb n\u00eb shnd\u00ebrrimin e oksidit t\u00eb hekurit (ndryshkut) n\u00eb nj\u00eb p\u00ebrb\u00ebrje t\u00eb q\u00ebndrueshme dhe ofrojn\u00eb nj\u00eb shtres\u00eb mbrojt\u00ebse.<\/p><p>8. Elektrplimi:<br \/>\u2013 Acidi fosforik mund t\u00eb p\u00ebrdoret si elektrolit n\u00eb proceset e elektrikimit, duke leht\u00ebsuar depozitimin e veshjeve metalike n\u00eb n\u00ebnshtresa.<\/p><p>9. Kujdesi dentar:<br \/>\u2013 Acidi fosforik p\u00ebrdoret n\u00eb stomatologji p\u00ebr gravimin e sip\u00ebrfaqeve t\u00eb dh\u00ebmb\u00ebve p\u00ebrpara lidhjes s\u00eb materialeve restauruese dentare, t\u00eb tilla si rr\u00ebshirat kompozite.<\/p><p>10. Sinteza laboratorike dhe kimike:<br \/>\u2013 Acidi fosforik \u00ebsht\u00eb nj\u00eb reagent q\u00eb p\u00ebrdoret zakonisht n\u00eb mjedise laboratorike dhe n\u00eb proceset e sintez\u00ebs kimike. P\u00ebrdoret p\u00ebr rregullimin e pH, kataliz\u00ebn dhe si reaktant n\u00eb reaksione t\u00eb ndryshme kimike.<\/p><p>Acidi fosforik \u00ebsht\u00eb nj\u00eb kimikat i gjithansh\u00ebm me aplikime t\u00eb gjera n\u00eb industri t\u00eb ndryshme. \u00cbsht\u00eb e r\u00ebnd\u00ebsishme ta trajtoni dhe ta p\u00ebrdorni me kujdes, duke ndjekur udh\u00ebzimet e siguris\u00eb, pasi \u00ebsht\u00eb g\u00ebrryes dhe mund t\u00eb shkaktoj\u00eb djegie.<\/p><\/div><\/div><\/div>\t\t\t\t\t\t\t\t<\/div>\n\t\t\t\t<\/div>\n\t\t\t\t<section class=\"elementor-section elementor-inner-section elementor-element elementor-element-a83d39f elementor-section-boxed elementor-section-height-default elementor-section-height-default\" data-id=\"a83d39f\" data-element_type=\"section\" data-settings=\"{&quot;background_background&quot;:&quot;classic&quot;}\">\n\t\t\t\t\t\t<div class=\"elementor-container elementor-column-gap-no\">\n\t\t\t\t\t<div class=\"elementor-column elementor-col-100 elementor-inner-column elementor-element elementor-element-3255373\" data-id=\"3255373\" data-element_type=\"column\">\n\t\t\t<div class=\"elementor-widget-wrap elementor-element-populated\">\n\t\t\t\t\t\t<div class=\"elementor-element elementor-element-e031e8f elementor-view-default elementor-widget elementor-widget-icon\" data-id=\"e031e8f\" data-element_type=\"widget\" data-widget_type=\"icon.default\">\n\t\t\t\t<div class=\"elementor-widget-container\">\n\t\t\t\t\t\t\t<div class=\"elementor-icon-wrapper\">\n\t\t\t<div class=\"elementor-icon\">\n\t\t\t<i aria-hidden=\"true\" class=\"vamtamtheme- vamtam-theme-quote-start\"><\/i>\t\t\t<\/div>\n\t\t<\/div>\n\t\t\t\t\t\t<\/div>\n\t\t\t\t<\/div>\n\t\t\t\t<div class=\"elementor-element elementor-element-0eb573b elementor-widget elementor-widget-text-editor\" data-id=\"0eb573b\" data-element_type=\"widget\" data-widget_type=\"text-editor.default\">\n\t\t\t\t<div class=\"elementor-widget-container\">\n\t\t\t\t\t\t\t\t\t<p>\"P\u00ebr \u00e7do informacion, shkruani n\u00eb WhatsApp: Gjith\u00e7ka q\u00eb ju nevojitet, n\u00eb koh\u00eb reale, n\u00eb nj\u00eb mesazh. Na kontaktoni dhe jemi gati t\u00eb ju ndihmojm\u00eb.\"<\/p>\t\t\t\t\t\t\t\t<\/div>\n\t\t\t\t<\/div>\n\t\t\t\t<div class=\"elementor-element elementor-element-74006f3 elementor-widget-divider--view-line elementor-widget elementor-widget-divider\" data-id=\"74006f3\" data-element_type=\"widget\" data-widget_type=\"divider.default\">\n\t\t\t\t<div class=\"elementor-widget-container\">\n\t\t\t\t\t\t\t<div class=\"elementor-divider\">\n\t\t\t<span class=\"elementor-divider-separator\">\n\t\t\t\t\t\t<\/span>\n\t\t<\/div>\n\t\t\t\t\t\t<\/div>\n\t\t\t\t<\/div>\n\t\t\t\t<div class=\"vamtam-has-theme-widget-styles elementor-element elementor-element-2d88d8a elementor-widget__width-auto vamtam-has-underline-anim elementor-widget elementor-widget-button\" data-id=\"2d88d8a\" data-element_type=\"widget\" data-widget_type=\"button.default\">\n\t\t\t\t<div class=\"elementor-widget-container\">\n\t\t\t\t\t\t\t\t\t<div class=\"elementor-button-wrapper\">\n\t\t\t\t\t<a class=\"elementor-button elementor-button-link elementor-size-md\" href=\"https:\/\/wa.me\/355694000260\">\n\t\t\t\t\t\t<span class=\"elementor-button-content-wrapper\">\n\t\t\t\t\t\t<span class=\"elementor-button-icon\">\n\t\t\t\t<i aria-hidden=\"true\" class=\"vamtamtheme- vamtam-theme-icon-arrow-right-top\"><\/i>\t\t\t<\/span>\n\t\t\t\t\t\t\t\t\t<span class=\"elementor-button-text\">Kontaktoni WhatsApp<\/span>\n\t\t\t\t\t<\/span>\n\t\t\t\t\t<\/a>\n\t\t\t\t<\/div>\n\t\t\t\t\t\t\t\t<\/div>\n\t\t\t\t<\/div>\n\t\t\t\t<div class=\"elementor-element elementor-element-dcad2f0 elementor-widget__width-auto elementor-widget elementor-widget-heading\" data-id=\"dcad2f0\" data-element_type=\"widget\" data-widget_type=\"heading.default\">\n\t\t\t\t<div class=\"elementor-widget-container\">\n\t\t\t\t\t<span class=\"elementor-heading-title elementor-size-default\">Albania Distribution Chemicals\n<\/span>\t\t\t\t<\/div>\n\t\t\t\t<\/div>\n\t\t\t\t\t<\/div>\n\t\t<\/div>\n\t\t\t\t\t<\/div>\n\t\t<\/section>\n\t\t\t\t\t<\/div>\n\t\t<\/div>\n\t\t\t\t\t<\/div>\n\t\t<\/section>\n\t\t\t\t<section class=\"elementor-section elementor-top-section elementor-element elementor-element-b3fd502 elementor-section-boxed elementor-section-height-default elementor-section-height-default\" data-id=\"b3fd502\" data-element_type=\"section\">\n\t\t\t\t\t\t<div class=\"elementor-container elementor-column-gap-default\">\n\t\t\t\t\t<div class=\"elementor-column elementor-col-100 elementor-top-column elementor-element elementor-element-a879885\" data-id=\"a879885\" data-element_type=\"column\">\n\t\t\t<div class=\"elementor-widget-wrap elementor-element-populated\">\n\t\t\t\t\t\t<div class=\"elementor-element elementor-element-4a3fe1c elementor-widget elementor-widget-spacer\" data-id=\"4a3fe1c\" data-element_type=\"widget\" data-widget_type=\"spacer.default\">\n\t\t\t\t<div class=\"elementor-widget-container\">\n\t\t\t\t\t\t\t<div class=\"elementor-spacer\">\n\t\t\t<div class=\"elementor-spacer-inner\"><\/div>\n\t\t<\/div>\n\t\t\t\t\t\t<\/div>\n\t\t\t\t<\/div>\n\t\t\t\t<div class=\"vamtam-has-theme-widget-styles elementor-element elementor-element-feed2fe elementor-widget elementor-widget-image\" data-id=\"feed2fe\" data-element_type=\"widget\" data-widget_type=\"image.default\">\n\t\t\t\t<div class=\"elementor-widget-container\">\n\t\t\t\t\t\t\t\t\t<div class=\"elementor-image\">\n\t\t\t\t\t\t\t\t\t\t\t\t\t\t\t\t\t\t\t\t\t<img fetchpriority=\"high\" decoding=\"async\" width=\"8000\" height=\"1355\" src=\"https:\/\/adchem.al\/wp-content\/uploads\/2023\/06\/baner-albania-distribution-chemicals-01.png\" class=\"attachment-full size-full wp-image-987764\" alt=\"\" srcset=\"https:\/\/adchem.al\/wp-content\/uploads\/2023\/06\/baner-albania-distribution-chemicals-01.png 8000w, https:\/\/adchem.al\/wp-content\/uploads\/2023\/06\/baner-albania-distribution-chemicals-01-300x51.png 300w, https:\/\/adchem.al\/wp-content\/uploads\/2023\/06\/baner-albania-distribution-chemicals-01-1024x173.png 1024w, https:\/\/adchem.al\/wp-content\/uploads\/2023\/06\/baner-albania-distribution-chemicals-01-768x130.png 768w, https:\/\/adchem.al\/wp-content\/uploads\/2023\/06\/baner-albania-distribution-chemicals-01-1536x260.png 1536w, https:\/\/adchem.al\/wp-content\/uploads\/2023\/06\/baner-albania-distribution-chemicals-01-2048x347.png 2048w\" sizes=\"(max-width: 8000px) 100vw, 8000px\" \/>\t\t\t\t\t\t\t\t\t\t\t\t\t\t\t\t\t\t\t\t\t\t\t\t<\/div>\n\t\t\t\t\t\t\t\t<\/div>\n\t\t\t\t<\/div>\n\t\t\t\t\t<\/div>\n\t\t<\/div>\n\t\t\t\t\t<\/div>\n\t\t<\/section>\n\t\t\t\t<\/div>","protected":false},"excerpt":{"rendered":"<p>Produkti: Acidi Fosforik<\/p>\n<p>Formula Kimike: H3PO4<\/p>\n<p>Informacion rreth produktit:<\/p>\n<p>\u2013 Acidi fosforik \u00ebsht\u00eb nj\u00eb l\u00ebng i past\u00ebr, pa ngjyr\u00eb me shije t\u00eb thart\u00eb.<br \/>\n\u2013 Formula e tij kimike \u00ebsht\u00eb H3PO4, q\u00eb tregon pranin\u00eb e tre joneve t\u00eb hidrogjenit (H+) dhe nj\u00eb joni fosfat (PO4^3-).<br \/>\n\u2013 Acidi fosforik \u00ebsht\u00eb nj\u00eb acid i fort\u00eb dhe p\u00ebrdoret zakonisht si nj\u00eb reagent laboratorik, kimik industrial dhe shtes\u00eb ushqimore.<\/p>","protected":false},"author":2,"featured_media":988059,"parent":987952,"menu_order":0,"comment_status":"closed","ping_status":"closed","template":"","meta":{"inline_featured_image":false,"footnotes":""},"class_list":["post-988058","page","type-page","status-publish","has-post-thumbnail","hentry"],"yoast_head":"<!-- This site is optimized with the Yoast SEO plugin v27.4 - https:\/\/yoast.com\/product\/yoast-seo-wordpress\/ -->\n<title>Phosphoric Acid | Albania Distribution Chemicals<\/title>\n<meta name=\"robots\" content=\"index, follow, max-snippet:-1, max-image-preview:large, max-video-preview:-1\" \/>\n<link rel=\"canonical\" href=\"https:\/\/adchem.al\/al\/basic-chemicals\/phosphoric-acid\/\" \/>\n<meta property=\"og:locale\" content=\"sq_AL\" \/>\n<meta property=\"og:type\" content=\"article\" \/>\n<meta property=\"og:title\" content=\"Phosphoric Acid | Albania Distribution Chemicals\" \/>\n<meta property=\"og:description\" content=\"Product: Phosphoric Acid Chemical Formula: H3PO4 Information about the product: - Phosphoric acid is a clear, colorless liquid with a sour taste. - Its chemical formula is H3PO4, indicating the presence of three hydrogen ions (H+) and one phosphate ion (PO4^3-). - Phosphoric acid is a strong acid and is commonly used as a laboratory reagent, industrial chemical, and food additive.\" \/>\n<meta property=\"og:url\" content=\"https:\/\/adchem.al\/al\/basic-chemicals\/phosphoric-acid\/\" \/>\n<meta property=\"og:site_name\" content=\"Albania Distribution Chemicals\" \/>\n<meta property=\"article:publisher\" content=\"https:\/\/www.facebook.com\/albaniadistributionchem\/?ref=py_c\" \/>\n<meta property=\"article:modified_time\" content=\"2023-06-27T20:59:57+00:00\" \/>\n<meta property=\"og:image\" content=\"https:\/\/adchem.al\/wp-content\/uploads\/2023\/06\/adchem-wallpaper-home.webp-2.webp\" \/>\n\t<meta property=\"og:image:width\" content=\"2560\" \/>\n\t<meta property=\"og:image:height\" content=\"1244\" \/>\n\t<meta property=\"og:image:type\" content=\"image\/webp\" \/>\n<meta name=\"twitter:card\" content=\"summary_large_image\" \/>\n<script type=\"application\/ld+json\" class=\"yoast-schema-graph\">{\"@context\":\"https:\\\/\\\/schema.org\",\"@graph\":[{\"@type\":\"WebPage\",\"@id\":\"https:\\\/\\\/adchem.al\\\/basic-chemicals\\\/phosphoric-acid\\\/\",\"url\":\"https:\\\/\\\/adchem.al\\\/basic-chemicals\\\/phosphoric-acid\\\/\",\"name\":\"Phosphoric Acid | Albania Distribution Chemicals\",\"isPartOf\":{\"@id\":\"https:\\\/\\\/adchem.al\\\/#website\"},\"primaryImageOfPage\":{\"@id\":\"https:\\\/\\\/adchem.al\\\/basic-chemicals\\\/phosphoric-acid\\\/#primaryimage\"},\"image\":{\"@id\":\"https:\\\/\\\/adchem.al\\\/basic-chemicals\\\/phosphoric-acid\\\/#primaryimage\"},\"thumbnailUrl\":\"https:\\\/\\\/adchem.al\\\/wp-content\\\/uploads\\\/2023\\\/06\\\/Phosphoric_acid.svg\",\"datePublished\":\"2023-06-24T15:26:13+00:00\",\"dateModified\":\"2023-06-27T20:59:57+00:00\",\"breadcrumb\":{\"@id\":\"https:\\\/\\\/adchem.al\\\/basic-chemicals\\\/phosphoric-acid\\\/#breadcrumb\"},\"inLanguage\":\"sq\",\"potentialAction\":[{\"@type\":\"ReadAction\",\"target\":[\"https:\\\/\\\/adchem.al\\\/basic-chemicals\\\/phosphoric-acid\\\/\"]}]},{\"@type\":\"ImageObject\",\"inLanguage\":\"sq\",\"@id\":\"https:\\\/\\\/adchem.al\\\/basic-chemicals\\\/phosphoric-acid\\\/#primaryimage\",\"url\":\"https:\\\/\\\/adchem.al\\\/wp-content\\\/uploads\\\/2023\\\/06\\\/Phosphoric_acid.svg\",\"contentUrl\":\"https:\\\/\\\/adchem.al\\\/wp-content\\\/uploads\\\/2023\\\/06\\\/Phosphoric_acid.svg\",\"width\":37,\"height\":39},{\"@type\":\"BreadcrumbList\",\"@id\":\"https:\\\/\\\/adchem.al\\\/basic-chemicals\\\/phosphoric-acid\\\/#breadcrumb\",\"itemListElement\":[{\"@type\":\"ListItem\",\"position\":1,\"name\":\"Home\",\"item\":\"https:\\\/\\\/adchem.al\\\/\"},{\"@type\":\"ListItem\",\"position\":2,\"name\":\"Basic Chemicals\",\"item\":\"https:\\\/\\\/adchem.al\\\/al\\\/basic-chemicals\\\/\"},{\"@type\":\"ListItem\",\"position\":3,\"name\":\"Phosphoric Acid\"}]},{\"@type\":\"WebSite\",\"@id\":\"https:\\\/\\\/adchem.al\\\/#website\",\"url\":\"https:\\\/\\\/adchem.al\\\/\",\"name\":\"Albania Distribution Chemicals\",\"description\":\"&quot;Excellence in Chemical Distribution&quot;\",\"publisher\":{\"@id\":\"https:\\\/\\\/adchem.al\\\/#organization\"},\"alternateName\":\"ADC\",\"potentialAction\":[{\"@type\":\"SearchAction\",\"target\":{\"@type\":\"EntryPoint\",\"urlTemplate\":\"https:\\\/\\\/adchem.al\\\/?s={search_term_string}\"},\"query-input\":{\"@type\":\"PropertyValueSpecification\",\"valueRequired\":true,\"valueName\":\"search_term_string\"}}],\"inLanguage\":\"sq\"},{\"@type\":\"Organization\",\"@id\":\"https:\\\/\\\/adchem.al\\\/#organization\",\"name\":\"Albania Distribution Chemicals\",\"alternateName\":\"ADC\",\"url\":\"https:\\\/\\\/adchem.al\\\/\",\"logo\":{\"@type\":\"ImageObject\",\"inLanguage\":\"sq\",\"@id\":\"https:\\\/\\\/adchem.al\\\/#\\\/schema\\\/logo\\\/image\\\/\",\"url\":\"https:\\\/\\\/adchem.al\\\/wp-content\\\/uploads\\\/2022\\\/09\\\/Albania-Distribution-Chemicals-Logo-01.png\",\"contentUrl\":\"https:\\\/\\\/adchem.al\\\/wp-content\\\/uploads\\\/2022\\\/09\\\/Albania-Distribution-Chemicals-Logo-01.png\",\"width\":308,\"height\":104,\"caption\":\"Albania Distribution Chemicals\"},\"image\":{\"@id\":\"https:\\\/\\\/adchem.al\\\/#\\\/schema\\\/logo\\\/image\\\/\"},\"sameAs\":[\"https:\\\/\\\/www.facebook.com\\\/albaniadistributionchem\\\/?ref=py_c\",\"https:\\\/\\\/www.instagram.com\\\/albania_distribution_chemicals\\\/\"]}]}<\/script>\n<!-- \/ Yoast SEO plugin. -->","yoast_head_json":{"title":"Phosphoric Acid | Albania Distribution Chemicals","robots":{"index":"index","follow":"follow","max-snippet":"max-snippet:-1","max-image-preview":"max-image-preview:large","max-video-preview":"max-video-preview:-1"},"canonical":"https:\/\/adchem.al\/al\/basic-chemicals\/phosphoric-acid\/","og_locale":"sq_AL","og_type":"article","og_title":"Phosphoric Acid | Albania Distribution Chemicals","og_description":"Product: Phosphoric Acid Chemical Formula: H3PO4 Information about the product: - Phosphoric acid is a clear, colorless liquid with a sour taste. - Its chemical formula is H3PO4, indicating the presence of three hydrogen ions (H+) and one phosphate ion (PO4^3-). - Phosphoric acid is a strong acid and is commonly used as a laboratory reagent, industrial chemical, and food additive.","og_url":"https:\/\/adchem.al\/al\/basic-chemicals\/phosphoric-acid\/","og_site_name":"Albania Distribution Chemicals","article_publisher":"https:\/\/www.facebook.com\/albaniadistributionchem\/?ref=py_c","article_modified_time":"2023-06-27T20:59:57+00:00","og_image":[{"width":2560,"height":1244,"url":"https:\/\/adchem.al\/wp-content\/uploads\/2023\/06\/adchem-wallpaper-home.webp-2.webp","type":"image\/webp"}],"twitter_card":"summary_large_image","schema":{"@context":"https:\/\/schema.org","@graph":[{"@type":"WebPage","@id":"https:\/\/adchem.al\/basic-chemicals\/phosphoric-acid\/","url":"https:\/\/adchem.al\/basic-chemicals\/phosphoric-acid\/","name":"Phosphoric Acid | Albania Distribution Chemicals","isPartOf":{"@id":"https:\/\/adchem.al\/#website"},"primaryImageOfPage":{"@id":"https:\/\/adchem.al\/basic-chemicals\/phosphoric-acid\/#primaryimage"},"image":{"@id":"https:\/\/adchem.al\/basic-chemicals\/phosphoric-acid\/#primaryimage"},"thumbnailUrl":"https:\/\/adchem.al\/wp-content\/uploads\/2023\/06\/Phosphoric_acid.svg","datePublished":"2023-06-24T15:26:13+00:00","dateModified":"2023-06-27T20:59:57+00:00","breadcrumb":{"@id":"https:\/\/adchem.al\/basic-chemicals\/phosphoric-acid\/#breadcrumb"},"inLanguage":"sq","potentialAction":[{"@type":"ReadAction","target":["https:\/\/adchem.al\/basic-chemicals\/phosphoric-acid\/"]}]},{"@type":"ImageObject","inLanguage":"sq","@id":"https:\/\/adchem.al\/basic-chemicals\/phosphoric-acid\/#primaryimage","url":"https:\/\/adchem.al\/wp-content\/uploads\/2023\/06\/Phosphoric_acid.svg","contentUrl":"https:\/\/adchem.al\/wp-content\/uploads\/2023\/06\/Phosphoric_acid.svg","width":37,"height":39},{"@type":"BreadcrumbList","@id":"https:\/\/adchem.al\/basic-chemicals\/phosphoric-acid\/#breadcrumb","itemListElement":[{"@type":"ListItem","position":1,"name":"Home","item":"https:\/\/adchem.al\/"},{"@type":"ListItem","position":2,"name":"Basic Chemicals","item":"https:\/\/adchem.al\/al\/basic-chemicals\/"},{"@type":"ListItem","position":3,"name":"Phosphoric Acid"}]},{"@type":"WebSite","@id":"https:\/\/adchem.al\/#website","url":"https:\/\/adchem.al\/","name":"Albania Distribution Chemicals","description":"&quot;Excellence in Chemical Distribution&quot;","publisher":{"@id":"https:\/\/adchem.al\/#organization"},"alternateName":"ADC","potentialAction":[{"@type":"SearchAction","target":{"@type":"EntryPoint","urlTemplate":"https:\/\/adchem.al\/?s={search_term_string}"},"query-input":{"@type":"PropertyValueSpecification","valueRequired":true,"valueName":"search_term_string"}}],"inLanguage":"sq"},{"@type":"Organization","@id":"https:\/\/adchem.al\/#organization","name":"Albania Distribution Chemicals","alternateName":"ADC","url":"https:\/\/adchem.al\/","logo":{"@type":"ImageObject","inLanguage":"sq","@id":"https:\/\/adchem.al\/#\/schema\/logo\/image\/","url":"https:\/\/adchem.al\/wp-content\/uploads\/2022\/09\/Albania-Distribution-Chemicals-Logo-01.png","contentUrl":"https:\/\/adchem.al\/wp-content\/uploads\/2022\/09\/Albania-Distribution-Chemicals-Logo-01.png","width":308,"height":104,"caption":"Albania Distribution Chemicals"},"image":{"@id":"https:\/\/adchem.al\/#\/schema\/logo\/image\/"},"sameAs":["https:\/\/www.facebook.com\/albaniadistributionchem\/?ref=py_c","https:\/\/www.instagram.com\/albania_distribution_chemicals\/"]}]}},"_links":{"self":[{"href":"https:\/\/adchem.al\/al\/wp-json\/wp\/v2\/pages\/988058","targetHints":{"allow":["GET"]}}],"collection":[{"href":"https:\/\/adchem.al\/al\/wp-json\/wp\/v2\/pages"}],"about":[{"href":"https:\/\/adchem.al\/al\/wp-json\/wp\/v2\/types\/page"}],"author":[{"embeddable":true,"href":"https:\/\/adchem.al\/al\/wp-json\/wp\/v2\/users\/2"}],"replies":[{"embeddable":true,"href":"https:\/\/adchem.al\/al\/wp-json\/wp\/v2\/comments?post=988058"}],"version-history":[{"count":10,"href":"https:\/\/adchem.al\/al\/wp-json\/wp\/v2\/pages\/988058\/revisions"}],"predecessor-version":[{"id":989189,"href":"https:\/\/adchem.al\/al\/wp-json\/wp\/v2\/pages\/988058\/revisions\/989189"}],"up":[{"embeddable":true,"href":"https:\/\/adchem.al\/al\/wp-json\/wp\/v2\/pages\/987952"}],"wp:featuredmedia":[{"embeddable":true,"href":"https:\/\/adchem.al\/al\/wp-json\/wp\/v2\/media\/988059"}],"wp:attachment":[{"href":"https:\/\/adchem.al\/al\/wp-json\/wp\/v2\/media?parent=988058"}],"curies":[{"name":"wp","href":"https:\/\/api.w.org\/{rel}","templated":true}]}}