{"id":988052,"date":"2023-06-24T15:21:58","date_gmt":"2023-06-24T15:21:58","guid":{"rendered":"https:\/\/adchem.al\/?page_id=988052"},"modified":"2023-06-27T20:58:00","modified_gmt":"2023-06-27T20:58:00","slug":"peracetic-acid","status":"publish","type":"page","link":"https:\/\/adchem.al\/al\/basic-chemicals\/peracetic-acid\/","title":{"rendered":"Acidi Peracetik"},"content":{"rendered":"<div data-elementor-type=\"wp-page\" data-elementor-id=\"988052\" class=\"elementor elementor-988052\" data-elementor-post-type=\"page\">\n\t\t\t\t\t\t<section class=\"elementor-section elementor-top-section elementor-element elementor-element-37858afc elementor-section-full_width elementor-section-height-default elementor-section-height-default\" data-id=\"37858afc\" data-element_type=\"section\">\n\t\t\t\t\t\t<div class=\"elementor-container elementor-column-gap-no\">\n\t\t\t\t\t<div class=\"elementor-column elementor-col-100 elementor-top-column elementor-element elementor-element-60bb79bd\" data-id=\"60bb79bd\" data-element_type=\"column\">\n\t\t\t<div class=\"elementor-widget-wrap elementor-element-populated\">\n\t\t\t\t\t\t<div class=\"vamtam-has-theme-widget-styles elementor-element elementor-element-86d4d6c elementor-widget elementor-widget-image\" data-id=\"86d4d6c\" data-element_type=\"widget\" data-widget_type=\"image.default\">\n\t\t\t\t<div class=\"elementor-widget-container\">\n\t\t\t\t\t\t\t\t\t<div class=\"elementor-image\">\n\t\t\t\t\t\t\t\t\t\t\t\t\t\t\t\t<figure class=\"wp-caption\">\n\t\t\t\t\t\t\t\t\t\t\t\t\t\t\t\t<img fetchpriority=\"high\" decoding=\"async\" width=\"494\" height=\"294\" src=\"https:\/\/adchem.al\/wp-content\/uploads\/2023\/06\/Peracetic_acid.svg\" class=\"attachment-full size-full wp-image-988053\" alt=\"\" \/>\t\t\t\t\t\t\t\t\t\t\t\t\t\t\t\t\t<figcaption class=\"widget-image-caption wp-caption-text\">Albania Distribution Chemicals<\/figcaption>\n\t\t\t\t\t\t\t\t\t\t\t\t\t\t\t\t<\/figure>\n\t\t\t\t\t\t\t\t\t\t\t\t\t\t<\/div>\n\t\t\t\t\t\t\t\t<\/div>\n\t\t\t\t<\/div>\n\t\t\t\t<div class=\"elementor-element elementor-element-61992a9a elementor-widget elementor-widget-text-editor\" data-id=\"61992a9a\" data-element_type=\"widget\" data-widget_type=\"text-editor.default\">\n\t\t\t\t<div class=\"elementor-widget-container\">\n\t\t\t\t\t\t\t\t\t<div class=\"woocommerce-product-details__short-description\"><div class=\"woocommerce-product-details__short-description\"><div class=\"woocommerce-product-details__short-description\"><p><strong>Produkti: Acid peracetik<\/strong><\/p><p><strong>Formula Kimike: CH3CO3H<\/strong><\/p><p><strong>Informacion rreth produktit:<\/strong><\/p><p>\u2013 Acidi peracetik \u00ebsht\u00eb nj\u00eb l\u00ebng i past\u00ebr, pa ngjyr\u00eb me er\u00eb t\u00eb fort\u00eb.<br \/>\u2013 Formula e tij kimike \u00ebsht\u00eb CH3CO3H, q\u00eb tregon pranin\u00eb e nj\u00eb grupi acetil (CH3CO) dhe nj\u00eb grupi hidroperoksi (OOH).<br \/>\u2013 Acidi peracetik \u00ebsht\u00eb nj\u00eb agjent i fuqish\u00ebm oksidues dhe dezinfektues, i njohur p\u00ebr vetit\u00eb e tij t\u00eb forta antimikrobike.<br \/>\u2013 \u00cbsht\u00eb shum\u00eb i tretsh\u00ebm n\u00eb uj\u00eb dhe dekompozohet n\u00eb acid acetik, oksigjen dhe uj\u00eb.<\/p><p><strong>Informacion p\u00ebr sektorin e p\u00ebrdorimit t\u00eb produktit:<\/strong><\/p><p>1. Industria e ushqimit dhe pijeve:<br \/>\u2013 Dezinfektimi: Acidi peracetik p\u00ebrdoret gjer\u00ebsisht p\u00ebr dezinfektim n\u00eb industrin\u00eb e ushqimit dhe pijeve, duke p\u00ebrfshir\u00eb fabrikat e p\u00ebrpunimit t\u00eb ushqimit, fabrikat e birr\u00ebs, kantinat e ver\u00ebs dhe objektet e qum\u00ebshtit. N\u00eb m\u00ebnyr\u00eb efektive vret bakteret, viruset dhe mykun n\u00eb pajisje, sip\u00ebrfaqe dhe materiale paketimi.<\/p><p>2. Trajtimi i ujit:<br \/>\u2013 Sterilizimi: Acidi peracetik p\u00ebrdoret si dezinfektues n\u00eb sistemet e trajtimit t\u00eb ujit, ve\u00e7an\u00ebrisht p\u00ebr sterilizimin e ujit t\u00eb pijsh\u00ebm, uj\u00ebrave t\u00eb zeza dhe rezervuar\u00ebve t\u00eb depozitimit t\u00eb ujit.<\/p><p>3. Objektet sh\u00ebndet\u00ebsore dhe mjek\u00ebsore:<br \/>\u2013 Dezinfektimi i sip\u00ebrfaqes: P\u00ebrdoret p\u00ebr dezinfektimin e sip\u00ebrfaqeve, pajisjeve dhe instrumenteve mjek\u00ebsore n\u00eb mjediset e kujdesit sh\u00ebndet\u00ebsor, si spitalet, klinikat dhe laborator\u00ebt.<br \/>\u2013 Sterilizimi i pajisjeve mjek\u00ebsore: Acidi peracetik p\u00ebrdoret n\u00eb procesin e sterilizimit t\u00eb disa pajisjeve mjek\u00ebsore q\u00eb nuk mund t'i rezistojn\u00eb metodave t\u00eb sterilizimit me nxeht\u00ebsi.<\/p><p>4. Aplikimet bujq\u00ebsore:<br \/>\u2013 Mbrojtja e t\u00eb korrave: Acidi peracetik p\u00ebrdoret si fungicid dhe baktericid n\u00eb bujq\u00ebsi p\u00ebr t\u00eb kontrolluar s\u00ebmundjet k\u00ebrpudhore dhe bakteriale n\u00eb t\u00eb mbjellat, frutat dhe perimet.<\/p><p>5. Industria e pulp\u00ebs dhe letr\u00ebs:<br \/>\u2013 Agjent zbardhues: Acidi peracetik p\u00ebrdoret si nj\u00eb agjent zbardhues n\u00eb prodhimin e pulp\u00ebs dhe letr\u00ebs, duke ndihmuar n\u00eb largimin e linjin\u00ebs dhe ndri\u00e7imin e fibrave t\u00eb letr\u00ebs.<\/p><p>6. Sistemet e Ujit Ftoh\u00ebs:<br \/>\u2013 Kontrolli i biofilmit: Acidi peracetik p\u00ebrdoret p\u00ebr kontrollin e formimit t\u00eb biofilmit n\u00eb sistemet e ujit ftoh\u00ebs, duke parandaluar rritjen e baktereve, algave dhe mikroorganizmave t\u00eb tjer\u00eb.<\/p><p>7. Industria farmaceutike:<br \/>\u2013 Dezinfektimi i pajisjeve: Acidi peracetik p\u00ebrdoret p\u00ebr dezinfektimin e pajisjeve t\u00eb prodhimit farmaceutik, duke p\u00ebrfshir\u00eb tanket, en\u00ebt dhe tubacionet, p\u00ebr t\u00eb siguruar sterilitet dhe p\u00ebr t\u00eb parandaluar kontaminimin.<\/p><p>8. Prodhimi i birr\u00ebs dhe ver\u00ebrave:<br \/>\u2013 Sanitizimi i fu\u00e7ive: Acidi peracetik p\u00ebrdoret p\u00ebr dezinfektimin e fu\u00e7ive, fu\u00e7ive dhe kontejner\u00ebve t\u00eb tjer\u00eb n\u00eb industrin\u00eb e birr\u00ebs dhe prodhimit t\u00eb ver\u00ebs, duke eliminuar mikroorganizmat e d\u00ebmsh\u00ebm.<\/p><p>9. Industria e naft\u00ebs dhe gazit:<br \/>\u2013 Stimulimi i pusit: Acidi peracetik mund t\u00eb p\u00ebrdoret si nj\u00eb komponent n\u00eb trajtimet e stimulimit t\u00eb puseve p\u00ebr t\u00eb kontrolluar bakteret dhe p\u00ebr t\u00eb parandaluar biopastrimin n\u00eb puset e naft\u00ebs dhe gazit.<\/p><p>10. Laboratori dhe K\u00ebrkimi:<br \/>\u2013 Sterilizimi: Acidi peracetik p\u00ebrdoret p\u00ebr sterilizimin e pajisjeve laboratorike, en\u00ebve t\u00eb qelqit dhe mbetjeve biologjike para asgj\u00ebsimit.<\/p><p>Acidi peracetik \u00ebsht\u00eb nj\u00eb dezinfektues dhe agjent oksidues i gjithansh\u00ebm q\u00eb gjen aplikime n\u00eb industri t\u00eb ndryshme. \u00cbsht\u00eb thelb\u00ebsore q\u00eb ta trajtoni dhe p\u00ebrdorni me kujdes, duke ndjekur protokollet e siguris\u00eb, pasi mund t\u00eb jet\u00eb g\u00ebrryes dhe irriton l\u00ebkur\u00ebn, syt\u00eb dhe sistemin e frym\u00ebmarrjes.<\/p><\/div><\/div><\/div>\t\t\t\t\t\t\t\t<\/div>\n\t\t\t\t<\/div>\n\t\t\t\t<section class=\"elementor-section elementor-inner-section elementor-element elementor-element-96cb178 elementor-section-boxed elementor-section-height-default elementor-section-height-default\" data-id=\"96cb178\" data-element_type=\"section\" data-settings=\"{&quot;background_background&quot;:&quot;classic&quot;}\">\n\t\t\t\t\t\t<div class=\"elementor-container elementor-column-gap-no\">\n\t\t\t\t\t<div class=\"elementor-column elementor-col-100 elementor-inner-column elementor-element elementor-element-7bddd22\" data-id=\"7bddd22\" data-element_type=\"column\">\n\t\t\t<div class=\"elementor-widget-wrap elementor-element-populated\">\n\t\t\t\t\t\t<div class=\"elementor-element elementor-element-e0bf701 elementor-view-default elementor-widget elementor-widget-icon\" data-id=\"e0bf701\" data-element_type=\"widget\" data-widget_type=\"icon.default\">\n\t\t\t\t<div class=\"elementor-widget-container\">\n\t\t\t\t\t\t\t<div class=\"elementor-icon-wrapper\">\n\t\t\t<div class=\"elementor-icon\">\n\t\t\t<i aria-hidden=\"true\" class=\"vamtamtheme- vamtam-theme-quote-start\"><\/i>\t\t\t<\/div>\n\t\t<\/div>\n\t\t\t\t\t\t<\/div>\n\t\t\t\t<\/div>\n\t\t\t\t<div class=\"elementor-element elementor-element-d0ce5c9 elementor-widget elementor-widget-text-editor\" data-id=\"d0ce5c9\" data-element_type=\"widget\" data-widget_type=\"text-editor.default\">\n\t\t\t\t<div class=\"elementor-widget-container\">\n\t\t\t\t\t\t\t\t\t<p>\"P\u00ebr \u00e7do informacion, shkruani n\u00eb WhatsApp: Gjith\u00e7ka q\u00eb ju nevojitet, n\u00eb koh\u00eb reale, n\u00eb nj\u00eb mesazh. Na kontaktoni dhe jemi gati t\u00eb ju ndihmojm\u00eb.\"<\/p>\t\t\t\t\t\t\t\t<\/div>\n\t\t\t\t<\/div>\n\t\t\t\t<div class=\"elementor-element elementor-element-a9486f3 elementor-widget-divider--view-line elementor-widget elementor-widget-divider\" data-id=\"a9486f3\" data-element_type=\"widget\" data-widget_type=\"divider.default\">\n\t\t\t\t<div class=\"elementor-widget-container\">\n\t\t\t\t\t\t\t<div class=\"elementor-divider\">\n\t\t\t<span class=\"elementor-divider-separator\">\n\t\t\t\t\t\t<\/span>\n\t\t<\/div>\n\t\t\t\t\t\t<\/div>\n\t\t\t\t<\/div>\n\t\t\t\t<div class=\"vamtam-has-theme-widget-styles elementor-element elementor-element-ef42392 elementor-widget__width-auto vamtam-has-underline-anim elementor-widget elementor-widget-button\" data-id=\"ef42392\" data-element_type=\"widget\" data-widget_type=\"button.default\">\n\t\t\t\t<div class=\"elementor-widget-container\">\n\t\t\t\t\t\t\t\t\t<div class=\"elementor-button-wrapper\">\n\t\t\t\t\t<a class=\"elementor-button elementor-button-link elementor-size-md\" href=\"https:\/\/wa.me\/355694000260\">\n\t\t\t\t\t\t<span class=\"elementor-button-content-wrapper\">\n\t\t\t\t\t\t<span class=\"elementor-button-icon\">\n\t\t\t\t<i aria-hidden=\"true\" class=\"vamtamtheme- vamtam-theme-icon-arrow-right-top\"><\/i>\t\t\t<\/span>\n\t\t\t\t\t\t\t\t\t<span class=\"elementor-button-text\">Kontaktoni WhatsApp<\/span>\n\t\t\t\t\t<\/span>\n\t\t\t\t\t<\/a>\n\t\t\t\t<\/div>\n\t\t\t\t\t\t\t\t<\/div>\n\t\t\t\t<\/div>\n\t\t\t\t<div class=\"elementor-element elementor-element-8fd1d79 elementor-widget__width-auto elementor-widget elementor-widget-heading\" data-id=\"8fd1d79\" data-element_type=\"widget\" data-widget_type=\"heading.default\">\n\t\t\t\t<div class=\"elementor-widget-container\">\n\t\t\t\t\t<span class=\"elementor-heading-title elementor-size-default\">Albania Distribution Chemicals\n<\/span>\t\t\t\t<\/div>\n\t\t\t\t<\/div>\n\t\t\t\t\t<\/div>\n\t\t<\/div>\n\t\t\t\t\t<\/div>\n\t\t<\/section>\n\t\t\t\t\t<\/div>\n\t\t<\/div>\n\t\t\t\t\t<\/div>\n\t\t<\/section>\n\t\t\t\t<section class=\"elementor-section elementor-top-section elementor-element elementor-element-b3fd502 elementor-section-boxed elementor-section-height-default elementor-section-height-default\" data-id=\"b3fd502\" data-element_type=\"section\">\n\t\t\t\t\t\t<div class=\"elementor-container elementor-column-gap-default\">\n\t\t\t\t\t<div class=\"elementor-column elementor-col-100 elementor-top-column elementor-element elementor-element-a879885\" data-id=\"a879885\" data-element_type=\"column\">\n\t\t\t<div class=\"elementor-widget-wrap elementor-element-populated\">\n\t\t\t\t\t\t<div class=\"elementor-element elementor-element-4a3fe1c elementor-widget elementor-widget-spacer\" data-id=\"4a3fe1c\" data-element_type=\"widget\" data-widget_type=\"spacer.default\">\n\t\t\t\t<div class=\"elementor-widget-container\">\n\t\t\t\t\t\t\t<div class=\"elementor-spacer\">\n\t\t\t<div class=\"elementor-spacer-inner\"><\/div>\n\t\t<\/div>\n\t\t\t\t\t\t<\/div>\n\t\t\t\t<\/div>\n\t\t\t\t<div class=\"vamtam-has-theme-widget-styles elementor-element elementor-element-feed2fe elementor-widget elementor-widget-image\" data-id=\"feed2fe\" data-element_type=\"widget\" data-widget_type=\"image.default\">\n\t\t\t\t<div class=\"elementor-widget-container\">\n\t\t\t\t\t\t\t\t\t<div class=\"elementor-image\">\n\t\t\t\t\t\t\t\t\t\t\t\t\t\t\t\t\t\t\t\t\t<img decoding=\"async\" width=\"8000\" height=\"1355\" src=\"https:\/\/adchem.al\/wp-content\/uploads\/2023\/06\/baner-albania-distribution-chemicals-01.png\" class=\"attachment-full size-full wp-image-987764\" alt=\"\" srcset=\"https:\/\/adchem.al\/wp-content\/uploads\/2023\/06\/baner-albania-distribution-chemicals-01.png 8000w, https:\/\/adchem.al\/wp-content\/uploads\/2023\/06\/baner-albania-distribution-chemicals-01-300x51.png 300w, https:\/\/adchem.al\/wp-content\/uploads\/2023\/06\/baner-albania-distribution-chemicals-01-1024x173.png 1024w, https:\/\/adchem.al\/wp-content\/uploads\/2023\/06\/baner-albania-distribution-chemicals-01-768x130.png 768w, https:\/\/adchem.al\/wp-content\/uploads\/2023\/06\/baner-albania-distribution-chemicals-01-1536x260.png 1536w, https:\/\/adchem.al\/wp-content\/uploads\/2023\/06\/baner-albania-distribution-chemicals-01-2048x347.png 2048w\" sizes=\"(max-width: 8000px) 100vw, 8000px\" \/>\t\t\t\t\t\t\t\t\t\t\t\t\t\t\t\t\t\t\t\t\t\t\t\t<\/div>\n\t\t\t\t\t\t\t\t<\/div>\n\t\t\t\t<\/div>\n\t\t\t\t\t<\/div>\n\t\t<\/div>\n\t\t\t\t\t<\/div>\n\t\t<\/section>\n\t\t\t\t<\/div>","protected":false},"excerpt":{"rendered":"<p>Produkti: Acid peracetik<\/p>\n<p>Formula Kimike: CH3CO3H<\/p>\n<p>Informacion rreth produktit:<\/p>\n<p>\u2013 Acidi peracetik \u00ebsht\u00eb nj\u00eb l\u00ebng i past\u00ebr, pa ngjyr\u00eb me er\u00eb t\u00eb fort\u00eb.<br \/>\n\u2013 Formula e tij kimike \u00ebsht\u00eb CH3CO3H, q\u00eb tregon pranin\u00eb e nj\u00eb grupi acetil (CH3CO) dhe nj\u00eb grupi hidroperoksi (OOH).<br \/>\n\u2013 Acidi peracetik \u00ebsht\u00eb nj\u00eb agjent i fuqish\u00ebm oksidues dhe dezinfektues, i njohur p\u00ebr vetit\u00eb e tij t\u00eb forta antimikrobike.<br \/>\n\u2013 \u00cbsht\u00eb shum\u00eb i tretsh\u00ebm n\u00eb uj\u00eb dhe dekompozohet n\u00eb acid acetik, oksigjen dhe uj\u00eb.<\/p>","protected":false},"author":2,"featured_media":988053,"parent":987952,"menu_order":0,"comment_status":"closed","ping_status":"closed","template":"","meta":{"inline_featured_image":false,"footnotes":""},"class_list":["post-988052","page","type-page","status-publish","has-post-thumbnail","hentry"],"yoast_head":"<!-- This site is optimized with the Yoast SEO plugin v27.4 - https:\/\/yoast.com\/product\/yoast-seo-wordpress\/ -->\n<title>Peracetic Acid | Albania Distribution Chemicals<\/title>\n<meta name=\"robots\" content=\"index, follow, max-snippet:-1, max-image-preview:large, max-video-preview:-1\" \/>\n<link rel=\"canonical\" href=\"https:\/\/adchem.al\/al\/basic-chemicals\/peracetic-acid\/\" \/>\n<meta property=\"og:locale\" content=\"sq_AL\" \/>\n<meta property=\"og:type\" content=\"article\" \/>\n<meta property=\"og:title\" content=\"Peracetic Acid | Albania Distribution Chemicals\" \/>\n<meta property=\"og:description\" content=\"Product: Peracetic Acid Chemical Formula: CH3CO3H Information about the product: - Peracetic acid is a clear, colorless liquid with a pungent odor. - Its chemical formula is CH3CO3H, indicating the presence of one acetyl group (CH3CO) and one hydroperoxy group (OOH). - Peracetic acid is a powerful oxidizing agent and disinfectant, known for its strong antimicrobial properties. - It is highly soluble in water and decomposes into acetic acid, oxygen, and water.\" \/>\n<meta property=\"og:url\" content=\"https:\/\/adchem.al\/al\/basic-chemicals\/peracetic-acid\/\" \/>\n<meta property=\"og:site_name\" content=\"Albania Distribution Chemicals\" \/>\n<meta property=\"article:publisher\" content=\"https:\/\/www.facebook.com\/albaniadistributionchem\/?ref=py_c\" \/>\n<meta property=\"article:modified_time\" content=\"2023-06-27T20:58:00+00:00\" \/>\n<meta property=\"og:image\" content=\"https:\/\/adchem.al\/wp-content\/uploads\/2023\/06\/adchem-wallpaper-home.webp-2.webp\" \/>\n\t<meta property=\"og:image:width\" content=\"2560\" \/>\n\t<meta property=\"og:image:height\" content=\"1244\" \/>\n\t<meta property=\"og:image:type\" content=\"image\/webp\" \/>\n<meta name=\"twitter:card\" content=\"summary_large_image\" \/>\n<script type=\"application\/ld+json\" class=\"yoast-schema-graph\">{\"@context\":\"https:\\\/\\\/schema.org\",\"@graph\":[{\"@type\":\"WebPage\",\"@id\":\"https:\\\/\\\/adchem.al\\\/basic-chemicals\\\/peracetic-acid\\\/\",\"url\":\"https:\\\/\\\/adchem.al\\\/basic-chemicals\\\/peracetic-acid\\\/\",\"name\":\"Peracetic Acid | Albania Distribution Chemicals\",\"isPartOf\":{\"@id\":\"https:\\\/\\\/adchem.al\\\/#website\"},\"primaryImageOfPage\":{\"@id\":\"https:\\\/\\\/adchem.al\\\/basic-chemicals\\\/peracetic-acid\\\/#primaryimage\"},\"image\":{\"@id\":\"https:\\\/\\\/adchem.al\\\/basic-chemicals\\\/peracetic-acid\\\/#primaryimage\"},\"thumbnailUrl\":\"https:\\\/\\\/adchem.al\\\/wp-content\\\/uploads\\\/2023\\\/06\\\/Peracetic_acid.svg\",\"datePublished\":\"2023-06-24T15:21:58+00:00\",\"dateModified\":\"2023-06-27T20:58:00+00:00\",\"breadcrumb\":{\"@id\":\"https:\\\/\\\/adchem.al\\\/basic-chemicals\\\/peracetic-acid\\\/#breadcrumb\"},\"inLanguage\":\"sq\",\"potentialAction\":[{\"@type\":\"ReadAction\",\"target\":[\"https:\\\/\\\/adchem.al\\\/basic-chemicals\\\/peracetic-acid\\\/\"]}]},{\"@type\":\"ImageObject\",\"inLanguage\":\"sq\",\"@id\":\"https:\\\/\\\/adchem.al\\\/basic-chemicals\\\/peracetic-acid\\\/#primaryimage\",\"url\":\"https:\\\/\\\/adchem.al\\\/wp-content\\\/uploads\\\/2023\\\/06\\\/Peracetic_acid.svg\",\"contentUrl\":\"https:\\\/\\\/adchem.al\\\/wp-content\\\/uploads\\\/2023\\\/06\\\/Peracetic_acid.svg\",\"width\":494,\"height\":294},{\"@type\":\"BreadcrumbList\",\"@id\":\"https:\\\/\\\/adchem.al\\\/basic-chemicals\\\/peracetic-acid\\\/#breadcrumb\",\"itemListElement\":[{\"@type\":\"ListItem\",\"position\":1,\"name\":\"Home\",\"item\":\"https:\\\/\\\/adchem.al\\\/\"},{\"@type\":\"ListItem\",\"position\":2,\"name\":\"Basic Chemicals\",\"item\":\"https:\\\/\\\/adchem.al\\\/al\\\/basic-chemicals\\\/\"},{\"@type\":\"ListItem\",\"position\":3,\"name\":\"Peracetic Acid\"}]},{\"@type\":\"WebSite\",\"@id\":\"https:\\\/\\\/adchem.al\\\/#website\",\"url\":\"https:\\\/\\\/adchem.al\\\/\",\"name\":\"Albania Distribution Chemicals\",\"description\":\"&quot;Excellence in Chemical Distribution&quot;\",\"publisher\":{\"@id\":\"https:\\\/\\\/adchem.al\\\/#organization\"},\"alternateName\":\"ADC\",\"potentialAction\":[{\"@type\":\"SearchAction\",\"target\":{\"@type\":\"EntryPoint\",\"urlTemplate\":\"https:\\\/\\\/adchem.al\\\/?s={search_term_string}\"},\"query-input\":{\"@type\":\"PropertyValueSpecification\",\"valueRequired\":true,\"valueName\":\"search_term_string\"}}],\"inLanguage\":\"sq\"},{\"@type\":\"Organization\",\"@id\":\"https:\\\/\\\/adchem.al\\\/#organization\",\"name\":\"Albania Distribution Chemicals\",\"alternateName\":\"ADC\",\"url\":\"https:\\\/\\\/adchem.al\\\/\",\"logo\":{\"@type\":\"ImageObject\",\"inLanguage\":\"sq\",\"@id\":\"https:\\\/\\\/adchem.al\\\/#\\\/schema\\\/logo\\\/image\\\/\",\"url\":\"https:\\\/\\\/adchem.al\\\/wp-content\\\/uploads\\\/2022\\\/09\\\/Albania-Distribution-Chemicals-Logo-01.png\",\"contentUrl\":\"https:\\\/\\\/adchem.al\\\/wp-content\\\/uploads\\\/2022\\\/09\\\/Albania-Distribution-Chemicals-Logo-01.png\",\"width\":308,\"height\":104,\"caption\":\"Albania Distribution Chemicals\"},\"image\":{\"@id\":\"https:\\\/\\\/adchem.al\\\/#\\\/schema\\\/logo\\\/image\\\/\"},\"sameAs\":[\"https:\\\/\\\/www.facebook.com\\\/albaniadistributionchem\\\/?ref=py_c\",\"https:\\\/\\\/www.instagram.com\\\/albania_distribution_chemicals\\\/\"]}]}<\/script>\n<!-- \/ Yoast SEO plugin. -->","yoast_head_json":{"title":"Peracetic Acid | Albania Distribution Chemicals","robots":{"index":"index","follow":"follow","max-snippet":"max-snippet:-1","max-image-preview":"max-image-preview:large","max-video-preview":"max-video-preview:-1"},"canonical":"https:\/\/adchem.al\/al\/basic-chemicals\/peracetic-acid\/","og_locale":"sq_AL","og_type":"article","og_title":"Peracetic Acid | Albania Distribution Chemicals","og_description":"Product: Peracetic Acid Chemical Formula: CH3CO3H Information about the product: - Peracetic acid is a clear, colorless liquid with a pungent odor. - Its chemical formula is CH3CO3H, indicating the presence of one acetyl group (CH3CO) and one hydroperoxy group (OOH). - Peracetic acid is a powerful oxidizing agent and disinfectant, known for its strong antimicrobial properties. - It is highly soluble in water and decomposes into acetic acid, oxygen, and water.","og_url":"https:\/\/adchem.al\/al\/basic-chemicals\/peracetic-acid\/","og_site_name":"Albania Distribution Chemicals","article_publisher":"https:\/\/www.facebook.com\/albaniadistributionchem\/?ref=py_c","article_modified_time":"2023-06-27T20:58:00+00:00","og_image":[{"width":2560,"height":1244,"url":"https:\/\/adchem.al\/wp-content\/uploads\/2023\/06\/adchem-wallpaper-home.webp-2.webp","type":"image\/webp"}],"twitter_card":"summary_large_image","schema":{"@context":"https:\/\/schema.org","@graph":[{"@type":"WebPage","@id":"https:\/\/adchem.al\/basic-chemicals\/peracetic-acid\/","url":"https:\/\/adchem.al\/basic-chemicals\/peracetic-acid\/","name":"Peracetic Acid | Albania Distribution Chemicals","isPartOf":{"@id":"https:\/\/adchem.al\/#website"},"primaryImageOfPage":{"@id":"https:\/\/adchem.al\/basic-chemicals\/peracetic-acid\/#primaryimage"},"image":{"@id":"https:\/\/adchem.al\/basic-chemicals\/peracetic-acid\/#primaryimage"},"thumbnailUrl":"https:\/\/adchem.al\/wp-content\/uploads\/2023\/06\/Peracetic_acid.svg","datePublished":"2023-06-24T15:21:58+00:00","dateModified":"2023-06-27T20:58:00+00:00","breadcrumb":{"@id":"https:\/\/adchem.al\/basic-chemicals\/peracetic-acid\/#breadcrumb"},"inLanguage":"sq","potentialAction":[{"@type":"ReadAction","target":["https:\/\/adchem.al\/basic-chemicals\/peracetic-acid\/"]}]},{"@type":"ImageObject","inLanguage":"sq","@id":"https:\/\/adchem.al\/basic-chemicals\/peracetic-acid\/#primaryimage","url":"https:\/\/adchem.al\/wp-content\/uploads\/2023\/06\/Peracetic_acid.svg","contentUrl":"https:\/\/adchem.al\/wp-content\/uploads\/2023\/06\/Peracetic_acid.svg","width":494,"height":294},{"@type":"BreadcrumbList","@id":"https:\/\/adchem.al\/basic-chemicals\/peracetic-acid\/#breadcrumb","itemListElement":[{"@type":"ListItem","position":1,"name":"Home","item":"https:\/\/adchem.al\/"},{"@type":"ListItem","position":2,"name":"Basic Chemicals","item":"https:\/\/adchem.al\/al\/basic-chemicals\/"},{"@type":"ListItem","position":3,"name":"Peracetic Acid"}]},{"@type":"WebSite","@id":"https:\/\/adchem.al\/#website","url":"https:\/\/adchem.al\/","name":"Albania Distribution Chemicals","description":"&quot;Excellence in Chemical Distribution&quot;","publisher":{"@id":"https:\/\/adchem.al\/#organization"},"alternateName":"ADC","potentialAction":[{"@type":"SearchAction","target":{"@type":"EntryPoint","urlTemplate":"https:\/\/adchem.al\/?s={search_term_string}"},"query-input":{"@type":"PropertyValueSpecification","valueRequired":true,"valueName":"search_term_string"}}],"inLanguage":"sq"},{"@type":"Organization","@id":"https:\/\/adchem.al\/#organization","name":"Albania Distribution Chemicals","alternateName":"ADC","url":"https:\/\/adchem.al\/","logo":{"@type":"ImageObject","inLanguage":"sq","@id":"https:\/\/adchem.al\/#\/schema\/logo\/image\/","url":"https:\/\/adchem.al\/wp-content\/uploads\/2022\/09\/Albania-Distribution-Chemicals-Logo-01.png","contentUrl":"https:\/\/adchem.al\/wp-content\/uploads\/2022\/09\/Albania-Distribution-Chemicals-Logo-01.png","width":308,"height":104,"caption":"Albania Distribution Chemicals"},"image":{"@id":"https:\/\/adchem.al\/#\/schema\/logo\/image\/"},"sameAs":["https:\/\/www.facebook.com\/albaniadistributionchem\/?ref=py_c","https:\/\/www.instagram.com\/albania_distribution_chemicals\/"]}]}},"_links":{"self":[{"href":"https:\/\/adchem.al\/al\/wp-json\/wp\/v2\/pages\/988052","targetHints":{"allow":["GET"]}}],"collection":[{"href":"https:\/\/adchem.al\/al\/wp-json\/wp\/v2\/pages"}],"about":[{"href":"https:\/\/adchem.al\/al\/wp-json\/wp\/v2\/types\/page"}],"author":[{"embeddable":true,"href":"https:\/\/adchem.al\/al\/wp-json\/wp\/v2\/users\/2"}],"replies":[{"embeddable":true,"href":"https:\/\/adchem.al\/al\/wp-json\/wp\/v2\/comments?post=988052"}],"version-history":[{"count":10,"href":"https:\/\/adchem.al\/al\/wp-json\/wp\/v2\/pages\/988052\/revisions"}],"predecessor-version":[{"id":989186,"href":"https:\/\/adchem.al\/al\/wp-json\/wp\/v2\/pages\/988052\/revisions\/989186"}],"up":[{"embeddable":true,"href":"https:\/\/adchem.al\/al\/wp-json\/wp\/v2\/pages\/987952"}],"wp:featuredmedia":[{"embeddable":true,"href":"https:\/\/adchem.al\/al\/wp-json\/wp\/v2\/media\/988053"}],"wp:attachment":[{"href":"https:\/\/adchem.al\/al\/wp-json\/wp\/v2\/media?parent=988052"}],"curies":[{"name":"wp","href":"https:\/\/api.w.org\/{rel}","templated":true}]}}