{"id":988046,"date":"2023-06-24T15:18:07","date_gmt":"2023-06-24T15:18:07","guid":{"rendered":"https:\/\/adchem.al\/?page_id=988046"},"modified":"2023-06-27T20:52:15","modified_gmt":"2023-06-27T20:52:15","slug":"patassium-carbonate","status":"publish","type":"page","link":"https:\/\/adchem.al\/al\/basic-chemicals\/patassium-carbonate\/","title":{"rendered":"Karbonat Kaliumi"},"content":{"rendered":"<div data-elementor-type=\"wp-page\" data-elementor-id=\"988046\" class=\"elementor elementor-988046\" data-elementor-post-type=\"page\">\n\t\t\t\t\t\t<section class=\"elementor-section elementor-top-section elementor-element elementor-element-37858afc elementor-section-full_width elementor-section-height-default elementor-section-height-default\" data-id=\"37858afc\" data-element_type=\"section\">\n\t\t\t\t\t\t<div class=\"elementor-container elementor-column-gap-no\">\n\t\t\t\t\t<div class=\"elementor-column elementor-col-100 elementor-top-column elementor-element elementor-element-60bb79bd\" data-id=\"60bb79bd\" data-element_type=\"column\">\n\t\t\t<div class=\"elementor-widget-wrap elementor-element-populated\">\n\t\t\t\t\t\t<div class=\"vamtam-has-theme-widget-styles elementor-element elementor-element-86d4d6c elementor-widget elementor-widget-image\" data-id=\"86d4d6c\" data-element_type=\"widget\" data-widget_type=\"image.default\">\n\t\t\t\t<div class=\"elementor-widget-container\">\n\t\t\t\t\t\t\t\t\t<div class=\"elementor-image\">\n\t\t\t\t\t\t\t\t\t\t\t\t\t\t\t\t<figure class=\"wp-caption\">\n\t\t\t\t\t\t\t\t\t\t\t\t\t\t\t\t<img fetchpriority=\"high\" decoding=\"async\" width=\"350\" height=\"163\" src=\"https:\/\/adchem.al\/wp-content\/uploads\/2023\/06\/Potassium_carbonate.svg\" class=\"attachment-full size-full wp-image-988047\" alt=\"\" \/>\t\t\t\t\t\t\t\t\t\t\t\t\t\t\t\t\t<figcaption class=\"widget-image-caption wp-caption-text\">Albania Distribution Chemicals<\/figcaption>\n\t\t\t\t\t\t\t\t\t\t\t\t\t\t\t\t<\/figure>\n\t\t\t\t\t\t\t\t\t\t\t\t\t\t<\/div>\n\t\t\t\t\t\t\t\t<\/div>\n\t\t\t\t<\/div>\n\t\t\t\t<div class=\"elementor-element elementor-element-61992a9a elementor-widget elementor-widget-text-editor\" data-id=\"61992a9a\" data-element_type=\"widget\" data-widget_type=\"text-editor.default\">\n\t\t\t\t<div class=\"elementor-widget-container\">\n\t\t\t\t\t\t\t\t\t<div class=\"woocommerce-product-details__short-description\"><div class=\"woocommerce-product-details__short-description\"><div class=\"woocommerce-product-details__short-description\"><p><strong>Produkti: Karbonat kaliumi<\/strong><\/p><p><strong>Formula Kimike: K2CO3<\/strong><\/p><p><strong>Informacion rreth produktit:<\/strong><\/p><p>\u2013 Karbonati i kaliumit, i njohur edhe si potas ose hiri i perlave, \u00ebsht\u00eb nj\u00eb pluhur i bardh\u00eb, kristalor ose nj\u00eb substanc\u00eb grimcuar.<br \/>\u2013 \u00cbsht\u00eb i p\u00ebrb\u00ebr\u00eb nga dy jone kaliumi (K+) dhe nj\u00eb jon karbonat (CO3^2-), duke i dh\u00ebn\u00eb formul\u00ebn kimike K2CO3.<br \/>\u2013 Karbonati i kaliumit \u00ebsht\u00eb shum\u00eb i tretsh\u00ebm n\u00eb uj\u00eb dhe ka nj\u00eb gam\u00eb t\u00eb gjer\u00eb aplikimesh n\u00eb industri t\u00eb ndryshme.<\/p><p><strong>Informacion p\u00ebr sektorin e p\u00ebrdorimit t\u00eb produktit:<\/strong><\/p><p>1. Prodhimi i qelqit:<br \/>\u2013 Prodhimi i qelqit: Karbonati i kaliumit p\u00ebrdoret si nj\u00eb agjent fluksues n\u00eb prodhimin e qelqit, ku ndihmon n\u00eb uljen e pik\u00ebs s\u00eb shkrirjes dhe viskozitetit t\u00eb p\u00ebrzierjes s\u00eb qelqit, duke leht\u00ebsuar proceset e form\u00ebsimit dhe formimit.<\/p><p>2. Industria e sapunit dhe detergjentit:<br \/>\u2013 Prodhimi i sapunit: Karbonati i kaliumit p\u00ebrdoret n\u00eb prodhimin e sapun\u00ebve t\u00eb l\u00ebngsh\u00ebm dhe sapun\u00ebve t\u00eb but\u00eb, ku vepron si nj\u00eb agjent neutralizues p\u00ebr t\u00eb rregulluar nivelet e pH dhe p\u00ebr t\u00eb p\u00ebrmir\u00ebsuar vetit\u00eb pastruese t\u00eb sapunit.<br \/>\u2013 Prodhimi i detergjentit: Mund t\u00eb p\u00ebrdoret si agjent zbut\u00ebs dhe zbut\u00ebs uji n\u00eb formulimet e detergjentit, duke p\u00ebrmir\u00ebsuar efektivitetin e tyre n\u00eb heqjen e papast\u00ebrtive dhe njollave.<\/p><p>3. Industria ushqimore:<br \/>\u2013 P\u00ebrpunimi i ushqimit: Karbonati i kaliumit p\u00ebrdoret ndonj\u00ebher\u00eb si nj\u00eb aditiv ushqimor, kryesisht si nj\u00eb rregullues i pH-s\u00eb dhe agjent i kontrollit t\u00eb aciditetit n\u00eb produkte t\u00eb caktuara ushqimore dhe pijesh.<br \/>\u2013 P\u00ebrpunimi i \u00e7okollat\u00ebs dhe kakaos: P\u00ebrdoret n\u00eb procesin e alkalizimit t\u00eb pluhurit t\u00eb kakaos p\u00ebr t\u00eb modifikuar ngjyr\u00ebn, shijen dhe tretshm\u00ebrin\u00eb e tij.<\/p><p>4. Farmaceutik\u00eb:<br \/>\u2013 P\u00ebrgatitjet medicinale: Karbonati i kaliumit mund t\u00eb p\u00ebrdoret si p\u00ebrb\u00ebr\u00ebs n\u00eb disa preparate medicinale, t\u00eb tilla si antacidet dhe solucionet orale, p\u00ebr t\u00eb siguruar efekte alkaliniteti dhe neutralizues.<\/p><p>5. Bujq\u00ebsia:<br \/>\u2013 Hortikultura: Karbonati i kaliumit mund t\u00eb p\u00ebrdoret si burim i plehrave t\u00eb kaliumit n\u00eb praktikat e kopshtaris\u00eb p\u00ebr t\u00eb plot\u00ebsuar nivelet e kaliumit n\u00eb tok\u00eb dhe p\u00ebr t\u00eb nxitur rritjen e bim\u00ebve.<br \/>\u2013 Rregullimi i pH: Mund t\u00eb aplikohet p\u00ebr t\u00eb rregulluar pH t\u00eb tok\u00ebs n\u00eb fushat bujq\u00ebsore, ve\u00e7an\u00ebrisht n\u00eb tokat alkaline, p\u00ebr t\u00eb krijuar nj\u00eb mjedis m\u00eb t\u00eb favorsh\u00ebm p\u00ebr marrjen e l\u00ebnd\u00ebve ushqyese t\u00eb bim\u00ebve.<\/p><p>6. Fik\u00ebset e zjarrit:<br \/>\u2013 Karbonati i kaliumit mund t\u00eb gjendet n\u00eb disa lloje t\u00eb aparateve p\u00ebr fikjen e zjarrit, t\u00eb tilla si ato t\u00eb krijuara p\u00ebr zjarret e klasit K (q\u00eb p\u00ebrfshijn\u00eb vajra dhe yndyrna gatimi). Ndihmon p\u00ebr t\u00eb mbytur dhe ftohur zjarrin.<\/p><p>7. Industria e tekstilit:<br \/>\u2013 Ngjyrosja dhe printimi: Karbonati i kaliumit p\u00ebrdoret n\u00eb proceset e ngjyrosjes dhe printimit t\u00eb tekstilit si nj\u00eb agjent alkali p\u00ebr t\u00eb nxitur fiksimin e boj\u00ebs dhe zhvillimin e ngjyr\u00ebs.<\/p><p>8. Fotografi:<br \/>\u2013 Agjent\u00ebt Zhvillimor: Mund t\u00eb p\u00ebrdoret si nj\u00eb komponent n\u00eb zhvillimin e zgjidhjeve p\u00ebr p\u00ebrpunimin e filmit fotografik bardh e zi.<\/p><p>9. Sinteza kimike:<br \/>\u2013 Reaksionet kimike: Karbonati i kaliumit mund t\u00eb p\u00ebrdoret si reagent ose reaktant n\u00eb procese t\u00eb ndryshme t\u00eb sintez\u00ebs kimike, duke p\u00ebrfshir\u00eb prodhimin e komponimeve t\u00eb tjera t\u00eb kaliumit dhe kimikateve organike.<\/p><p>10. Rregullimi i pH dhe trajtimi i ujit:<br \/>\u2013 Rregullimi i pH: Karbonati i kaliumit mund t\u00eb p\u00ebrdoret p\u00ebr t\u00eb rregulluar nivelet e pH n\u00eb sistemet e trajtimit t\u00eb ujit, duke siguruar q\u00eb uji t\u00eb plot\u00ebsoj\u00eb specifikimet e d\u00ebshiruara.<br \/>\u2013 Zbutja e ujit: Mund t\u00eb p\u00ebrdoret si zbut\u00ebs uji p\u00ebr t\u00eb hequr mineralet q\u00eb shkaktojn\u00eb fort\u00ebsi, si jonet e kalciumit dhe magnezit, nga uji.<\/p><p>Karbonati i kaliumit \u00ebsht\u00eb nj\u00eb p\u00ebrb\u00ebr\u00ebs i gjithansh\u00ebm me aplikime t\u00eb ndryshme n\u00eb industri t\u00eb ndryshme. \u00cbsht\u00eb e r\u00ebnd\u00ebsishme ta trajtoni dhe ta ruani si\u00e7 duhet, duke ndjekur udh\u00ebzimet e siguris\u00eb, pasi mund t\u00eb jet\u00eb irrituese p\u00ebr l\u00ebkur\u00ebn, syt\u00eb dhe sistemin e frym\u00ebmarrjes.<\/p><\/div><\/div><\/div>\t\t\t\t\t\t\t\t<\/div>\n\t\t\t\t<\/div>\n\t\t\t\t<section class=\"elementor-section elementor-inner-section elementor-element elementor-element-61cb24a elementor-section-boxed elementor-section-height-default elementor-section-height-default\" data-id=\"61cb24a\" data-element_type=\"section\" data-settings=\"{&quot;background_background&quot;:&quot;classic&quot;}\">\n\t\t\t\t\t\t<div class=\"elementor-container elementor-column-gap-no\">\n\t\t\t\t\t<div class=\"elementor-column elementor-col-100 elementor-inner-column elementor-element elementor-element-7063a67\" data-id=\"7063a67\" data-element_type=\"column\">\n\t\t\t<div class=\"elementor-widget-wrap elementor-element-populated\">\n\t\t\t\t\t\t<div class=\"elementor-element elementor-element-dea5879 elementor-view-default elementor-widget elementor-widget-icon\" data-id=\"dea5879\" data-element_type=\"widget\" data-widget_type=\"icon.default\">\n\t\t\t\t<div class=\"elementor-widget-container\">\n\t\t\t\t\t\t\t<div class=\"elementor-icon-wrapper\">\n\t\t\t<div class=\"elementor-icon\">\n\t\t\t<i aria-hidden=\"true\" class=\"vamtamtheme- vamtam-theme-quote-start\"><\/i>\t\t\t<\/div>\n\t\t<\/div>\n\t\t\t\t\t\t<\/div>\n\t\t\t\t<\/div>\n\t\t\t\t<div class=\"elementor-element elementor-element-95ea947 elementor-widget elementor-widget-text-editor\" data-id=\"95ea947\" data-element_type=\"widget\" data-widget_type=\"text-editor.default\">\n\t\t\t\t<div class=\"elementor-widget-container\">\n\t\t\t\t\t\t\t\t\t<p>\"P\u00ebr \u00e7do informacion, shkruani n\u00eb WhatsApp: Gjith\u00e7ka q\u00eb ju nevojitet, n\u00eb koh\u00eb reale, n\u00eb nj\u00eb mesazh. Na kontaktoni dhe jemi gati t\u00eb ju ndihmojm\u00eb.\"<\/p>\t\t\t\t\t\t\t\t<\/div>\n\t\t\t\t<\/div>\n\t\t\t\t<div class=\"elementor-element elementor-element-ca62d10 elementor-widget-divider--view-line elementor-widget elementor-widget-divider\" data-id=\"ca62d10\" data-element_type=\"widget\" data-widget_type=\"divider.default\">\n\t\t\t\t<div class=\"elementor-widget-container\">\n\t\t\t\t\t\t\t<div class=\"elementor-divider\">\n\t\t\t<span class=\"elementor-divider-separator\">\n\t\t\t\t\t\t<\/span>\n\t\t<\/div>\n\t\t\t\t\t\t<\/div>\n\t\t\t\t<\/div>\n\t\t\t\t<div class=\"vamtam-has-theme-widget-styles elementor-element elementor-element-8cc655a elementor-widget__width-auto vamtam-has-underline-anim elementor-widget elementor-widget-button\" data-id=\"8cc655a\" data-element_type=\"widget\" data-widget_type=\"button.default\">\n\t\t\t\t<div class=\"elementor-widget-container\">\n\t\t\t\t\t\t\t\t\t<div class=\"elementor-button-wrapper\">\n\t\t\t\t\t<a class=\"elementor-button elementor-button-link elementor-size-md\" href=\"https:\/\/wa.me\/355694000260\">\n\t\t\t\t\t\t<span class=\"elementor-button-content-wrapper\">\n\t\t\t\t\t\t<span class=\"elementor-button-icon\">\n\t\t\t\t<i aria-hidden=\"true\" class=\"vamtamtheme- vamtam-theme-icon-arrow-right-top\"><\/i>\t\t\t<\/span>\n\t\t\t\t\t\t\t\t\t<span class=\"elementor-button-text\">Kontaktoni WhatsApp<\/span>\n\t\t\t\t\t<\/span>\n\t\t\t\t\t<\/a>\n\t\t\t\t<\/div>\n\t\t\t\t\t\t\t\t<\/div>\n\t\t\t\t<\/div>\n\t\t\t\t<div class=\"elementor-element elementor-element-64c3404 elementor-widget__width-auto elementor-widget elementor-widget-heading\" data-id=\"64c3404\" data-element_type=\"widget\" data-widget_type=\"heading.default\">\n\t\t\t\t<div class=\"elementor-widget-container\">\n\t\t\t\t\t<span class=\"elementor-heading-title elementor-size-default\">Albania Distribution Chemicals\n<\/span>\t\t\t\t<\/div>\n\t\t\t\t<\/div>\n\t\t\t\t\t<\/div>\n\t\t<\/div>\n\t\t\t\t\t<\/div>\n\t\t<\/section>\n\t\t\t\t\t<\/div>\n\t\t<\/div>\n\t\t\t\t\t<\/div>\n\t\t<\/section>\n\t\t\t\t<section class=\"elementor-section elementor-top-section elementor-element elementor-element-b3fd502 elementor-section-boxed elementor-section-height-default elementor-section-height-default\" data-id=\"b3fd502\" data-element_type=\"section\">\n\t\t\t\t\t\t<div class=\"elementor-container elementor-column-gap-default\">\n\t\t\t\t\t<div class=\"elementor-column elementor-col-100 elementor-top-column elementor-element elementor-element-a879885\" data-id=\"a879885\" data-element_type=\"column\">\n\t\t\t<div class=\"elementor-widget-wrap elementor-element-populated\">\n\t\t\t\t\t\t<div class=\"elementor-element elementor-element-4a3fe1c elementor-widget elementor-widget-spacer\" data-id=\"4a3fe1c\" data-element_type=\"widget\" data-widget_type=\"spacer.default\">\n\t\t\t\t<div class=\"elementor-widget-container\">\n\t\t\t\t\t\t\t<div class=\"elementor-spacer\">\n\t\t\t<div class=\"elementor-spacer-inner\"><\/div>\n\t\t<\/div>\n\t\t\t\t\t\t<\/div>\n\t\t\t\t<\/div>\n\t\t\t\t<div class=\"vamtam-has-theme-widget-styles elementor-element elementor-element-feed2fe elementor-widget elementor-widget-image\" data-id=\"feed2fe\" data-element_type=\"widget\" data-widget_type=\"image.default\">\n\t\t\t\t<div class=\"elementor-widget-container\">\n\t\t\t\t\t\t\t\t\t<div class=\"elementor-image\">\n\t\t\t\t\t\t\t\t\t\t\t\t\t\t\t\t\t\t\t\t\t<img decoding=\"async\" width=\"8000\" height=\"1355\" src=\"https:\/\/adchem.al\/wp-content\/uploads\/2023\/06\/baner-albania-distribution-chemicals-01.png\" class=\"attachment-full size-full wp-image-987764\" alt=\"\" srcset=\"https:\/\/adchem.al\/wp-content\/uploads\/2023\/06\/baner-albania-distribution-chemicals-01.png 8000w, https:\/\/adchem.al\/wp-content\/uploads\/2023\/06\/baner-albania-distribution-chemicals-01-300x51.png 300w, https:\/\/adchem.al\/wp-content\/uploads\/2023\/06\/baner-albania-distribution-chemicals-01-1024x173.png 1024w, https:\/\/adchem.al\/wp-content\/uploads\/2023\/06\/baner-albania-distribution-chemicals-01-768x130.png 768w, https:\/\/adchem.al\/wp-content\/uploads\/2023\/06\/baner-albania-distribution-chemicals-01-1536x260.png 1536w, https:\/\/adchem.al\/wp-content\/uploads\/2023\/06\/baner-albania-distribution-chemicals-01-2048x347.png 2048w\" sizes=\"(max-width: 8000px) 100vw, 8000px\" \/>\t\t\t\t\t\t\t\t\t\t\t\t\t\t\t\t\t\t\t\t\t\t\t\t<\/div>\n\t\t\t\t\t\t\t\t<\/div>\n\t\t\t\t<\/div>\n\t\t\t\t\t<\/div>\n\t\t<\/div>\n\t\t\t\t\t<\/div>\n\t\t<\/section>\n\t\t\t\t<\/div>","protected":false},"excerpt":{"rendered":"<p>Produkti: Karbonat kaliumi<\/p>\n<p>Formula Kimike: K2CO3<\/p>\n<p>Informacion rreth produktit:<\/p>\n<p>\u2013 Karbonati i kaliumit, i njohur edhe si potas ose hiri i perlave, \u00ebsht\u00eb nj\u00eb pluhur i bardh\u00eb, kristalor ose nj\u00eb substanc\u00eb grimcuar.<br \/>\n\u2013 \u00cbsht\u00eb i p\u00ebrb\u00ebr\u00eb nga dy jone kaliumi (K+) dhe nj\u00eb jon karbonat (CO3^2-), duke i dh\u00ebn\u00eb formul\u00ebn kimike K2CO3.<br \/>\n\u2013 Karbonati i kaliumit \u00ebsht\u00eb shum\u00eb i tretsh\u00ebm n\u00eb uj\u00eb dhe ka nj\u00eb gam\u00eb t\u00eb gjer\u00eb aplikimesh n\u00eb industri t\u00eb ndryshme.<\/p>","protected":false},"author":2,"featured_media":988047,"parent":987952,"menu_order":0,"comment_status":"closed","ping_status":"closed","template":"","meta":{"inline_featured_image":false,"footnotes":""},"class_list":["post-988046","page","type-page","status-publish","has-post-thumbnail","hentry"],"yoast_head":"<!-- This site is optimized with the Yoast SEO plugin v27.4 - https:\/\/yoast.com\/product\/yoast-seo-wordpress\/ -->\n<title>Patassium Carbonate | Albania Distribution Chemicals<\/title>\n<meta name=\"robots\" content=\"index, follow, max-snippet:-1, max-image-preview:large, max-video-preview:-1\" \/>\n<link rel=\"canonical\" href=\"https:\/\/adchem.al\/al\/basic-chemicals\/patassium-carbonate\/\" \/>\n<meta property=\"og:locale\" content=\"sq_AL\" \/>\n<meta property=\"og:type\" content=\"article\" \/>\n<meta property=\"og:title\" content=\"Patassium Carbonate | Albania Distribution Chemicals\" \/>\n<meta property=\"og:description\" content=\"Product: Potassium Carbonate Chemical Formula: K2CO3 Information about the product: - Potassium carbonate, also known as potash or pearl ash, is a white, crystalline powder or granular substance. - It is composed of two potassium ions (K+) and one carbonate ion (CO3^2-), giving it the chemical formula K2CO3. - Potassium carbonate is highly soluble in water and has a wide range of applications in various industries.\" \/>\n<meta property=\"og:url\" content=\"https:\/\/adchem.al\/al\/basic-chemicals\/patassium-carbonate\/\" \/>\n<meta property=\"og:site_name\" content=\"Albania Distribution Chemicals\" \/>\n<meta property=\"article:publisher\" content=\"https:\/\/www.facebook.com\/albaniadistributionchem\/?ref=py_c\" \/>\n<meta property=\"article:modified_time\" content=\"2023-06-27T20:52:15+00:00\" \/>\n<meta property=\"og:image\" content=\"https:\/\/adchem.al\/wp-content\/uploads\/2023\/06\/adchem-wallpaper-home.webp-2.webp\" \/>\n\t<meta property=\"og:image:width\" content=\"2560\" \/>\n\t<meta property=\"og:image:height\" content=\"1244\" \/>\n\t<meta property=\"og:image:type\" content=\"image\/webp\" \/>\n<meta name=\"twitter:card\" content=\"summary_large_image\" \/>\n<script type=\"application\/ld+json\" class=\"yoast-schema-graph\">{\"@context\":\"https:\\\/\\\/schema.org\",\"@graph\":[{\"@type\":\"WebPage\",\"@id\":\"https:\\\/\\\/adchem.al\\\/basic-chemicals\\\/patassium-carbonate\\\/\",\"url\":\"https:\\\/\\\/adchem.al\\\/basic-chemicals\\\/patassium-carbonate\\\/\",\"name\":\"Patassium Carbonate | Albania Distribution Chemicals\",\"isPartOf\":{\"@id\":\"https:\\\/\\\/adchem.al\\\/#website\"},\"primaryImageOfPage\":{\"@id\":\"https:\\\/\\\/adchem.al\\\/basic-chemicals\\\/patassium-carbonate\\\/#primaryimage\"},\"image\":{\"@id\":\"https:\\\/\\\/adchem.al\\\/basic-chemicals\\\/patassium-carbonate\\\/#primaryimage\"},\"thumbnailUrl\":\"https:\\\/\\\/adchem.al\\\/wp-content\\\/uploads\\\/2023\\\/06\\\/Potassium_carbonate.svg\",\"datePublished\":\"2023-06-24T15:18:07+00:00\",\"dateModified\":\"2023-06-27T20:52:15+00:00\",\"breadcrumb\":{\"@id\":\"https:\\\/\\\/adchem.al\\\/basic-chemicals\\\/patassium-carbonate\\\/#breadcrumb\"},\"inLanguage\":\"sq\",\"potentialAction\":[{\"@type\":\"ReadAction\",\"target\":[\"https:\\\/\\\/adchem.al\\\/basic-chemicals\\\/patassium-carbonate\\\/\"]}]},{\"@type\":\"ImageObject\",\"inLanguage\":\"sq\",\"@id\":\"https:\\\/\\\/adchem.al\\\/basic-chemicals\\\/patassium-carbonate\\\/#primaryimage\",\"url\":\"https:\\\/\\\/adchem.al\\\/wp-content\\\/uploads\\\/2023\\\/06\\\/Potassium_carbonate.svg\",\"contentUrl\":\"https:\\\/\\\/adchem.al\\\/wp-content\\\/uploads\\\/2023\\\/06\\\/Potassium_carbonate.svg\",\"width\":350,\"height\":163},{\"@type\":\"BreadcrumbList\",\"@id\":\"https:\\\/\\\/adchem.al\\\/basic-chemicals\\\/patassium-carbonate\\\/#breadcrumb\",\"itemListElement\":[{\"@type\":\"ListItem\",\"position\":1,\"name\":\"Home\",\"item\":\"https:\\\/\\\/adchem.al\\\/\"},{\"@type\":\"ListItem\",\"position\":2,\"name\":\"Basic Chemicals\",\"item\":\"https:\\\/\\\/adchem.al\\\/al\\\/basic-chemicals\\\/\"},{\"@type\":\"ListItem\",\"position\":3,\"name\":\"Patassium Carbonate\"}]},{\"@type\":\"WebSite\",\"@id\":\"https:\\\/\\\/adchem.al\\\/#website\",\"url\":\"https:\\\/\\\/adchem.al\\\/\",\"name\":\"Albania Distribution Chemicals\",\"description\":\"&quot;Excellence in Chemical Distribution&quot;\",\"publisher\":{\"@id\":\"https:\\\/\\\/adchem.al\\\/#organization\"},\"alternateName\":\"ADC\",\"potentialAction\":[{\"@type\":\"SearchAction\",\"target\":{\"@type\":\"EntryPoint\",\"urlTemplate\":\"https:\\\/\\\/adchem.al\\\/?s={search_term_string}\"},\"query-input\":{\"@type\":\"PropertyValueSpecification\",\"valueRequired\":true,\"valueName\":\"search_term_string\"}}],\"inLanguage\":\"sq\"},{\"@type\":\"Organization\",\"@id\":\"https:\\\/\\\/adchem.al\\\/#organization\",\"name\":\"Albania Distribution Chemicals\",\"alternateName\":\"ADC\",\"url\":\"https:\\\/\\\/adchem.al\\\/\",\"logo\":{\"@type\":\"ImageObject\",\"inLanguage\":\"sq\",\"@id\":\"https:\\\/\\\/adchem.al\\\/#\\\/schema\\\/logo\\\/image\\\/\",\"url\":\"https:\\\/\\\/adchem.al\\\/wp-content\\\/uploads\\\/2022\\\/09\\\/Albania-Distribution-Chemicals-Logo-01.png\",\"contentUrl\":\"https:\\\/\\\/adchem.al\\\/wp-content\\\/uploads\\\/2022\\\/09\\\/Albania-Distribution-Chemicals-Logo-01.png\",\"width\":308,\"height\":104,\"caption\":\"Albania Distribution Chemicals\"},\"image\":{\"@id\":\"https:\\\/\\\/adchem.al\\\/#\\\/schema\\\/logo\\\/image\\\/\"},\"sameAs\":[\"https:\\\/\\\/www.facebook.com\\\/albaniadistributionchem\\\/?ref=py_c\",\"https:\\\/\\\/www.instagram.com\\\/albania_distribution_chemicals\\\/\"]}]}<\/script>\n<!-- \/ Yoast SEO plugin. -->","yoast_head_json":{"title":"Patassium Carbonate | Albania Distribution Chemicals","robots":{"index":"index","follow":"follow","max-snippet":"max-snippet:-1","max-image-preview":"max-image-preview:large","max-video-preview":"max-video-preview:-1"},"canonical":"https:\/\/adchem.al\/al\/basic-chemicals\/patassium-carbonate\/","og_locale":"sq_AL","og_type":"article","og_title":"Patassium Carbonate | Albania Distribution Chemicals","og_description":"Product: Potassium Carbonate Chemical Formula: K2CO3 Information about the product: - Potassium carbonate, also known as potash or pearl ash, is a white, crystalline powder or granular substance. - It is composed of two potassium ions (K+) and one carbonate ion (CO3^2-), giving it the chemical formula K2CO3. - Potassium carbonate is highly soluble in water and has a wide range of applications in various industries.","og_url":"https:\/\/adchem.al\/al\/basic-chemicals\/patassium-carbonate\/","og_site_name":"Albania Distribution Chemicals","article_publisher":"https:\/\/www.facebook.com\/albaniadistributionchem\/?ref=py_c","article_modified_time":"2023-06-27T20:52:15+00:00","og_image":[{"width":2560,"height":1244,"url":"https:\/\/adchem.al\/wp-content\/uploads\/2023\/06\/adchem-wallpaper-home.webp-2.webp","type":"image\/webp"}],"twitter_card":"summary_large_image","schema":{"@context":"https:\/\/schema.org","@graph":[{"@type":"WebPage","@id":"https:\/\/adchem.al\/basic-chemicals\/patassium-carbonate\/","url":"https:\/\/adchem.al\/basic-chemicals\/patassium-carbonate\/","name":"Patassium Carbonate | Albania Distribution Chemicals","isPartOf":{"@id":"https:\/\/adchem.al\/#website"},"primaryImageOfPage":{"@id":"https:\/\/adchem.al\/basic-chemicals\/patassium-carbonate\/#primaryimage"},"image":{"@id":"https:\/\/adchem.al\/basic-chemicals\/patassium-carbonate\/#primaryimage"},"thumbnailUrl":"https:\/\/adchem.al\/wp-content\/uploads\/2023\/06\/Potassium_carbonate.svg","datePublished":"2023-06-24T15:18:07+00:00","dateModified":"2023-06-27T20:52:15+00:00","breadcrumb":{"@id":"https:\/\/adchem.al\/basic-chemicals\/patassium-carbonate\/#breadcrumb"},"inLanguage":"sq","potentialAction":[{"@type":"ReadAction","target":["https:\/\/adchem.al\/basic-chemicals\/patassium-carbonate\/"]}]},{"@type":"ImageObject","inLanguage":"sq","@id":"https:\/\/adchem.al\/basic-chemicals\/patassium-carbonate\/#primaryimage","url":"https:\/\/adchem.al\/wp-content\/uploads\/2023\/06\/Potassium_carbonate.svg","contentUrl":"https:\/\/adchem.al\/wp-content\/uploads\/2023\/06\/Potassium_carbonate.svg","width":350,"height":163},{"@type":"BreadcrumbList","@id":"https:\/\/adchem.al\/basic-chemicals\/patassium-carbonate\/#breadcrumb","itemListElement":[{"@type":"ListItem","position":1,"name":"Home","item":"https:\/\/adchem.al\/"},{"@type":"ListItem","position":2,"name":"Basic Chemicals","item":"https:\/\/adchem.al\/al\/basic-chemicals\/"},{"@type":"ListItem","position":3,"name":"Patassium Carbonate"}]},{"@type":"WebSite","@id":"https:\/\/adchem.al\/#website","url":"https:\/\/adchem.al\/","name":"Albania Distribution Chemicals","description":"&quot;Excellence in Chemical Distribution&quot;","publisher":{"@id":"https:\/\/adchem.al\/#organization"},"alternateName":"ADC","potentialAction":[{"@type":"SearchAction","target":{"@type":"EntryPoint","urlTemplate":"https:\/\/adchem.al\/?s={search_term_string}"},"query-input":{"@type":"PropertyValueSpecification","valueRequired":true,"valueName":"search_term_string"}}],"inLanguage":"sq"},{"@type":"Organization","@id":"https:\/\/adchem.al\/#organization","name":"Albania Distribution Chemicals","alternateName":"ADC","url":"https:\/\/adchem.al\/","logo":{"@type":"ImageObject","inLanguage":"sq","@id":"https:\/\/adchem.al\/#\/schema\/logo\/image\/","url":"https:\/\/adchem.al\/wp-content\/uploads\/2022\/09\/Albania-Distribution-Chemicals-Logo-01.png","contentUrl":"https:\/\/adchem.al\/wp-content\/uploads\/2022\/09\/Albania-Distribution-Chemicals-Logo-01.png","width":308,"height":104,"caption":"Albania Distribution Chemicals"},"image":{"@id":"https:\/\/adchem.al\/#\/schema\/logo\/image\/"},"sameAs":["https:\/\/www.facebook.com\/albaniadistributionchem\/?ref=py_c","https:\/\/www.instagram.com\/albania_distribution_chemicals\/"]}]}},"_links":{"self":[{"href":"https:\/\/adchem.al\/al\/wp-json\/wp\/v2\/pages\/988046","targetHints":{"allow":["GET"]}}],"collection":[{"href":"https:\/\/adchem.al\/al\/wp-json\/wp\/v2\/pages"}],"about":[{"href":"https:\/\/adchem.al\/al\/wp-json\/wp\/v2\/types\/page"}],"author":[{"embeddable":true,"href":"https:\/\/adchem.al\/al\/wp-json\/wp\/v2\/users\/2"}],"replies":[{"embeddable":true,"href":"https:\/\/adchem.al\/al\/wp-json\/wp\/v2\/comments?post=988046"}],"version-history":[{"count":10,"href":"https:\/\/adchem.al\/al\/wp-json\/wp\/v2\/pages\/988046\/revisions"}],"predecessor-version":[{"id":989183,"href":"https:\/\/adchem.al\/al\/wp-json\/wp\/v2\/pages\/988046\/revisions\/989183"}],"up":[{"embeddable":true,"href":"https:\/\/adchem.al\/al\/wp-json\/wp\/v2\/pages\/987952"}],"wp:featuredmedia":[{"embeddable":true,"href":"https:\/\/adchem.al\/al\/wp-json\/wp\/v2\/media\/988047"}],"wp:attachment":[{"href":"https:\/\/adchem.al\/al\/wp-json\/wp\/v2\/media?parent=988046"}],"curies":[{"name":"wp","href":"https:\/\/api.w.org\/{rel}","templated":true}]}}