{"id":988040,"date":"2023-06-24T15:15:54","date_gmt":"2023-06-24T15:15:54","guid":{"rendered":"https:\/\/adchem.al\/?page_id=988040"},"modified":"2023-06-27T20:50:23","modified_gmt":"2023-06-27T20:50:23","slug":"nitric-acid","status":"publish","type":"page","link":"https:\/\/adchem.al\/al\/basic-chemicals\/nitric-acid\/","title":{"rendered":"Acid Nitrik"},"content":{"rendered":"<div data-elementor-type=\"wp-page\" data-elementor-id=\"988040\" class=\"elementor elementor-988040\" data-elementor-post-type=\"page\">\n\t\t\t\t\t\t<section class=\"elementor-section elementor-top-section elementor-element elementor-element-37858afc elementor-section-full_width elementor-section-height-default elementor-section-height-default\" data-id=\"37858afc\" data-element_type=\"section\">\n\t\t\t\t\t\t<div class=\"elementor-container elementor-column-gap-no\">\n\t\t\t\t\t<div class=\"elementor-column elementor-col-100 elementor-top-column elementor-element elementor-element-60bb79bd\" data-id=\"60bb79bd\" data-element_type=\"column\">\n\t\t\t<div class=\"elementor-widget-wrap elementor-element-populated\">\n\t\t\t\t\t\t<div class=\"vamtam-has-theme-widget-styles elementor-element elementor-element-86d4d6c elementor-widget elementor-widget-image\" data-id=\"86d4d6c\" data-element_type=\"widget\" data-widget_type=\"image.default\">\n\t\t\t\t<div class=\"elementor-widget-container\">\n\t\t\t\t\t\t\t\t\t<div class=\"elementor-image\">\n\t\t\t\t\t\t\t\t\t\t\t\t\t\t\t\t<figure class=\"wp-caption\">\n\t\t\t\t\t\t\t\t\t\t\t\t\t\t\t\t<img fetchpriority=\"high\" decoding=\"async\" width=\"720\" height=\"512\" src=\"https:\/\/adchem.al\/wp-content\/uploads\/2023\/06\/Nitric_acid.svg\" class=\"attachment-full size-full wp-image-988041\" alt=\"\" \/>\t\t\t\t\t\t\t\t\t\t\t\t\t\t\t\t\t<figcaption class=\"widget-image-caption wp-caption-text\">Albania Distribution Chemicals<\/figcaption>\n\t\t\t\t\t\t\t\t\t\t\t\t\t\t\t\t<\/figure>\n\t\t\t\t\t\t\t\t\t\t\t\t\t\t<\/div>\n\t\t\t\t\t\t\t\t<\/div>\n\t\t\t\t<\/div>\n\t\t\t\t<div class=\"elementor-element elementor-element-61992a9a elementor-widget elementor-widget-text-editor\" data-id=\"61992a9a\" data-element_type=\"widget\" data-widget_type=\"text-editor.default\">\n\t\t\t\t<div class=\"elementor-widget-container\">\n\t\t\t\t\t\t\t\t\t<div class=\"woocommerce-product-details__short-description\"><div class=\"woocommerce-product-details__short-description\"><div class=\"woocommerce-product-details__short-description\"><p><strong>Produkti: Acid nitrik<\/strong><\/p><p><strong>Formula Kimike: HNO3<\/strong><\/p><p><strong>Informacion rreth produktit:<\/strong><\/p><p>\u2013 Acidi nitrik \u00ebsht\u00eb nj\u00eb acid mineral shum\u00eb g\u00ebrryes dhe i fort\u00eb me er\u00eb t\u00eb fort\u00eb.<br \/>\u2013 \u00cbsht\u00eb nj\u00eb l\u00ebng i pangjyr\u00eb n\u00eb t\u00eb verdh\u00eb, i tretsh\u00ebm n\u00eb uj\u00eb.<br \/>\u2013 Acidi nitrik p\u00ebrb\u00ebhet nga nj\u00eb atom azoti, nj\u00eb atom hidrogjeni dhe tre atome oksigjeni, duke i dh\u00ebn\u00eb formul\u00ebn kimike HNO3.<br \/>\u2013 \u00cbsht\u00eb i njohur p\u00ebr vetit\u00eb e tij t\u00eb forta oksiduese dhe p\u00ebrdoret zakonisht n\u00eb procese t\u00eb ndryshme industriale.<\/p><p><strong>Informacion p\u00ebr sektorin e p\u00ebrdorimit t\u00eb produktit:<\/strong><\/p><p>1. Industria kimike:<br \/>\u2013 Reaksionet e nitrimit: Acidi nitrik p\u00ebrdoret si reagent n\u00eb reaksionet e nitrimit p\u00ebr t\u00eb futur grupet funksionale nitro n\u00eb p\u00ebrb\u00ebrjet organike, duke prodhuar nd\u00ebrmjet\u00ebsues dhe produkte p\u00ebrfundimtar\u00eb t\u00eb ndrysh\u00ebm.<br \/>\u2013 Prodhimi i plehrave me baz\u00eb azoti: P\u00ebrdoret n\u00eb prodhimin e plehrave me baz\u00eb azoti, si nitrati i amonit dhe nitrati ure, t\u00eb cilat jan\u00eb thelb\u00ebsore p\u00ebr nxitjen e rritjes s\u00eb bim\u00ebve.<\/p><p>2. Eksploziv\u00eb dhe Piroteknik\u00eb:<br \/>\u2013 Prodhimi i eksploziv\u00ebve: Acidi nitrik \u00ebsht\u00eb nj\u00eb komponent ky\u00e7 n\u00eb prodhimin e eksploziv\u00ebve, duke p\u00ebrfshir\u00eb TNT (trinitrotoluen), nitroglicerin\u00eb dhe dinamit.<br \/>\u2013 Piroteknik\u00eb: P\u00ebrdoret n\u00eb formulimin e p\u00ebrzierjeve piroteknike dhe l\u00ebnd\u00ebve shtyt\u00ebse p\u00ebr fishekzjarr\u00eb, flak\u00eb zjarri dhe pajisje t\u00eb tjera piroteknike.<\/p><p>3. P\u00ebrpunimi dhe Metalurgjia e Metaleve:<br \/>\u2013 Turshi dhe g\u00ebrvishtja: Acidi nitrik p\u00ebrdoret p\u00ebr proceset e turshive dhe gdhendjes p\u00ebr t\u00eb hequr oksidet, luspat dhe papast\u00ebrtit\u00eb nga sip\u00ebrfaqet metalike, duke i p\u00ebrgatitur ato p\u00ebr trajtim ose mbarim t\u00eb m\u00ebtejsh\u00ebm.<br \/>\u2013 Pasivizimi i \u00e7elikut inox: Mund t\u00eb p\u00ebrdoret p\u00ebr pasivimin e \u00e7elikut inox p\u00ebr t\u00eb rritur rezistenc\u00ebn e tij ndaj korrozionit dhe p\u00ebr t\u00eb hequr \u00e7do ndot\u00ebs sip\u00ebrfaq\u00ebsor.<\/p><p>4. Laboratori dhe K\u00ebrkimi:<br \/>\u2013 Kimia analitike: Acidi nitrik p\u00ebrdoret zakonisht n\u00eb laborator\u00eb p\u00ebr procedura t\u00eb ndryshme analitike, duke p\u00ebrfshir\u00eb tretjen e mostr\u00ebs, analiz\u00ebn e metaleve dhe rregullimin e pH.<br \/>\u2013 Reagent dhe tret\u00ebs: Sh\u00ebrben si reagent ose tret\u00ebs n\u00eb reaksione t\u00eb ndryshme kimike dhe procese sinteze n\u00eb k\u00ebrkime dhe zhvillim.<\/p><p>5. Ngjyra dhe pigmente:<br \/>\u2013 Prodhimi i ngjyrave: Acidi nitrik p\u00ebrdoret n\u00eb prodhimin e ngjyrave, ve\u00e7an\u00ebrisht p\u00ebr reaksionet e bashkimit diazo q\u00eb p\u00ebrfshijn\u00eb formimin e ngjyrave azo.<br \/>\u2013 Agjent oksidues: Vepron si agjent oksidues n\u00eb disa procese ngjyrosjeje, duke leht\u00ebsuar zhvillimin dhe fiksimin e ngjyr\u00ebs n\u00eb tekstile.<\/p><p>6. Industria farmaceutike:<br \/>\u2013 Sinteza e barnave: Acidi nitrik p\u00ebrdoret n\u00eb sintez\u00ebn dhe prodhimin e barnave farmaceutike, ve\u00e7an\u00ebrisht ato q\u00eb p\u00ebrmbajn\u00eb grupe funksionale nitro.<\/p><p>7. Prodhimi i elektronik\u00ebs dhe gjysm\u00ebp\u00ebr\u00e7uesve:<br \/>\u2013 Prodhimi i Pllak\u00ebs s\u00eb Qarkut t\u00eb Shtypur (PCB): Acidi nitrik p\u00ebrdoret p\u00ebr gdhendjen dhe pastrimin e pllakave t\u00eb qarkut t\u00eb printuar p\u00ebr t\u00eb hequr bakrin e pad\u00ebshiruar dhe p\u00ebr t\u00eb krijuar modele qarku.<br \/>\u2013 Fabrikimi i gjysm\u00ebp\u00ebr\u00e7uesve: Mund t\u00eb p\u00ebrdoret n\u00eb disa hapa t\u00eb prodhimit t\u00eb gjysm\u00ebp\u00ebr\u00e7uesve, si pastrimi i vafer\u00ebs dhe trajtimi i sip\u00ebrfaqes.<\/p><p>8. Trajtimi i uj\u00ebrave t\u00eb zeza:<br \/>\u2013 Largimi i azotit: Acidi nitrik mund t\u00eb shtohet n\u00eb sistemet e trajtimit t\u00eb uj\u00ebrave t\u00eb zeza p\u00ebr t\u00eb ndihmuar n\u00eb proceset e heqjes s\u00eb azotit, si nitrifikimi dhe denitrifikimi, p\u00ebr t\u00eb reduktuar p\u00ebrmbajtjen e azotit n\u00eb efluent.<\/p><p>9. Pastrimi dhe heqja e gur\u00ebve:<br \/>\u2013 Pastrimi industrial: Acidi nitrik p\u00ebrdoret p\u00ebr proceset e pastrimit dhe heqjes s\u00eb pluhurit n\u00eb aplikime t\u00eb ndryshme industriale, t\u00eb tilla si heqja e ndryshkut, depozitave minerale dhe shkall\u00ebs nga pajisjet dhe tubat.<br \/>\u2013 Pastrimi i metaleve t\u00eb \u00e7muara: P\u00ebrdoret p\u00ebr pastrimin dhe rikuperimin e metaleve t\u00eb \u00e7muara, si ari dhe platini, nga bizhuteri, komponent\u00eb elektronik\u00eb dhe materiale t\u00eb tjera.<\/p><p>10. Propulsion rakete:<br \/>\u2013 Karburanti i raketave: Acidi nitrik, n\u00eb kombinim me l\u00ebnd\u00eb djeg\u00ebse si hidrazina ose vajguri, p\u00ebrdoret si oksidues n\u00eb sistemet shtyt\u00ebse t\u00eb raketave p\u00ebr reaktivitetin e tij t\u00eb lart\u00eb dhe vetit\u00eb e djegies.<\/p><p>Acidi nitrik \u00ebsht\u00eb nj\u00eb kimikat i gjithansh\u00ebm me t\u00eb r\u00ebnd\u00ebsishme<\/p><p>aplikimet industriale. \u00cbsht\u00eb thelb\u00ebsore t\u00eb trajtohet dhe t\u00eb ruhet acidi nitrik me kujdes p\u00ebr shkak t\u00eb natyr\u00ebs s\u00eb tij g\u00ebrryese dhe rreziqeve t\u00eb mundshme. Duhet t\u00eb ndiqen masat dhe udh\u00ebzimet e duhura t\u00eb siguris\u00eb kur punoni me acid nitrik p\u00ebr t\u00eb siguruar mbrojtjen e individ\u00ebve dhe mjedisit.<\/p><\/div><\/div><\/div>\t\t\t\t\t\t\t\t<\/div>\n\t\t\t\t<\/div>\n\t\t\t\t<section class=\"elementor-section elementor-inner-section elementor-element elementor-element-ced737f elementor-section-boxed elementor-section-height-default elementor-section-height-default\" data-id=\"ced737f\" data-element_type=\"section\" data-settings=\"{&quot;background_background&quot;:&quot;classic&quot;}\">\n\t\t\t\t\t\t<div class=\"elementor-container elementor-column-gap-no\">\n\t\t\t\t\t<div class=\"elementor-column elementor-col-100 elementor-inner-column elementor-element elementor-element-5538b0b\" data-id=\"5538b0b\" data-element_type=\"column\">\n\t\t\t<div class=\"elementor-widget-wrap elementor-element-populated\">\n\t\t\t\t\t\t<div class=\"elementor-element elementor-element-5da2678 elementor-view-default elementor-widget elementor-widget-icon\" data-id=\"5da2678\" data-element_type=\"widget\" data-widget_type=\"icon.default\">\n\t\t\t\t<div class=\"elementor-widget-container\">\n\t\t\t\t\t\t\t<div class=\"elementor-icon-wrapper\">\n\t\t\t<div class=\"elementor-icon\">\n\t\t\t<i aria-hidden=\"true\" class=\"vamtamtheme- vamtam-theme-quote-start\"><\/i>\t\t\t<\/div>\n\t\t<\/div>\n\t\t\t\t\t\t<\/div>\n\t\t\t\t<\/div>\n\t\t\t\t<div class=\"elementor-element elementor-element-ec35d1c elementor-widget elementor-widget-text-editor\" data-id=\"ec35d1c\" data-element_type=\"widget\" data-widget_type=\"text-editor.default\">\n\t\t\t\t<div class=\"elementor-widget-container\">\n\t\t\t\t\t\t\t\t\t<p>\"P\u00ebr \u00e7do informacion, shkruani n\u00eb WhatsApp: Gjith\u00e7ka q\u00eb ju nevojitet, n\u00eb koh\u00eb reale, n\u00eb nj\u00eb mesazh. Na kontaktoni dhe jemi gati t\u00eb ju ndihmojm\u00eb.\"<\/p>\t\t\t\t\t\t\t\t<\/div>\n\t\t\t\t<\/div>\n\t\t\t\t<div class=\"elementor-element elementor-element-94dd964 elementor-widget-divider--view-line elementor-widget elementor-widget-divider\" data-id=\"94dd964\" data-element_type=\"widget\" data-widget_type=\"divider.default\">\n\t\t\t\t<div class=\"elementor-widget-container\">\n\t\t\t\t\t\t\t<div class=\"elementor-divider\">\n\t\t\t<span class=\"elementor-divider-separator\">\n\t\t\t\t\t\t<\/span>\n\t\t<\/div>\n\t\t\t\t\t\t<\/div>\n\t\t\t\t<\/div>\n\t\t\t\t<div class=\"vamtam-has-theme-widget-styles elementor-element elementor-element-8231c7f elementor-widget__width-auto vamtam-has-underline-anim elementor-widget elementor-widget-button\" data-id=\"8231c7f\" data-element_type=\"widget\" data-widget_type=\"button.default\">\n\t\t\t\t<div class=\"elementor-widget-container\">\n\t\t\t\t\t\t\t\t\t<div class=\"elementor-button-wrapper\">\n\t\t\t\t\t<a class=\"elementor-button elementor-button-link elementor-size-md\" href=\"https:\/\/wa.me\/355694000260\">\n\t\t\t\t\t\t<span class=\"elementor-button-content-wrapper\">\n\t\t\t\t\t\t<span class=\"elementor-button-icon\">\n\t\t\t\t<i aria-hidden=\"true\" class=\"vamtamtheme- vamtam-theme-icon-arrow-right-top\"><\/i>\t\t\t<\/span>\n\t\t\t\t\t\t\t\t\t<span class=\"elementor-button-text\">Kontaktoni WhatsApp<\/span>\n\t\t\t\t\t<\/span>\n\t\t\t\t\t<\/a>\n\t\t\t\t<\/div>\n\t\t\t\t\t\t\t\t<\/div>\n\t\t\t\t<\/div>\n\t\t\t\t<div class=\"elementor-element elementor-element-41c9dca elementor-widget__width-auto elementor-widget elementor-widget-heading\" data-id=\"41c9dca\" data-element_type=\"widget\" data-widget_type=\"heading.default\">\n\t\t\t\t<div class=\"elementor-widget-container\">\n\t\t\t\t\t<span class=\"elementor-heading-title elementor-size-default\">Albania Distribution Chemicals\n<\/span>\t\t\t\t<\/div>\n\t\t\t\t<\/div>\n\t\t\t\t\t<\/div>\n\t\t<\/div>\n\t\t\t\t\t<\/div>\n\t\t<\/section>\n\t\t\t\t\t<\/div>\n\t\t<\/div>\n\t\t\t\t\t<\/div>\n\t\t<\/section>\n\t\t\t\t<section class=\"elementor-section elementor-top-section elementor-element elementor-element-b3fd502 elementor-section-boxed elementor-section-height-default elementor-section-height-default\" data-id=\"b3fd502\" data-element_type=\"section\">\n\t\t\t\t\t\t<div class=\"elementor-container elementor-column-gap-default\">\n\t\t\t\t\t<div class=\"elementor-column elementor-col-100 elementor-top-column elementor-element elementor-element-a879885\" data-id=\"a879885\" data-element_type=\"column\">\n\t\t\t<div class=\"elementor-widget-wrap elementor-element-populated\">\n\t\t\t\t\t\t<div class=\"elementor-element elementor-element-4a3fe1c elementor-widget elementor-widget-spacer\" data-id=\"4a3fe1c\" data-element_type=\"widget\" data-widget_type=\"spacer.default\">\n\t\t\t\t<div class=\"elementor-widget-container\">\n\t\t\t\t\t\t\t<div class=\"elementor-spacer\">\n\t\t\t<div class=\"elementor-spacer-inner\"><\/div>\n\t\t<\/div>\n\t\t\t\t\t\t<\/div>\n\t\t\t\t<\/div>\n\t\t\t\t<div class=\"vamtam-has-theme-widget-styles elementor-element elementor-element-feed2fe elementor-widget elementor-widget-image\" data-id=\"feed2fe\" data-element_type=\"widget\" data-widget_type=\"image.default\">\n\t\t\t\t<div class=\"elementor-widget-container\">\n\t\t\t\t\t\t\t\t\t<div class=\"elementor-image\">\n\t\t\t\t\t\t\t\t\t\t\t\t\t\t\t\t\t\t\t\t\t<img decoding=\"async\" width=\"8000\" height=\"1355\" src=\"https:\/\/adchem.al\/wp-content\/uploads\/2023\/06\/baner-albania-distribution-chemicals-01.png\" class=\"attachment-full size-full wp-image-987764\" alt=\"\" srcset=\"https:\/\/adchem.al\/wp-content\/uploads\/2023\/06\/baner-albania-distribution-chemicals-01.png 8000w, https:\/\/adchem.al\/wp-content\/uploads\/2023\/06\/baner-albania-distribution-chemicals-01-300x51.png 300w, https:\/\/adchem.al\/wp-content\/uploads\/2023\/06\/baner-albania-distribution-chemicals-01-1024x173.png 1024w, https:\/\/adchem.al\/wp-content\/uploads\/2023\/06\/baner-albania-distribution-chemicals-01-768x130.png 768w, https:\/\/adchem.al\/wp-content\/uploads\/2023\/06\/baner-albania-distribution-chemicals-01-1536x260.png 1536w, https:\/\/adchem.al\/wp-content\/uploads\/2023\/06\/baner-albania-distribution-chemicals-01-2048x347.png 2048w\" sizes=\"(max-width: 8000px) 100vw, 8000px\" \/>\t\t\t\t\t\t\t\t\t\t\t\t\t\t\t\t\t\t\t\t\t\t\t\t<\/div>\n\t\t\t\t\t\t\t\t<\/div>\n\t\t\t\t<\/div>\n\t\t\t\t\t<\/div>\n\t\t<\/div>\n\t\t\t\t\t<\/div>\n\t\t<\/section>\n\t\t\t\t<\/div>","protected":false},"excerpt":{"rendered":"<p>Produkti: Acid nitrik<\/p>\n<p>Formula Kimike: HNO3<\/p>\n<p>Informacion rreth produktit:<\/p>\n<p>\u2013 Acidi nitrik \u00ebsht\u00eb nj\u00eb acid mineral shum\u00eb g\u00ebrryes dhe i fort\u00eb me er\u00eb t\u00eb fort\u00eb.<br \/>\n\u2013 \u00cbsht\u00eb nj\u00eb l\u00ebng i pangjyr\u00eb n\u00eb t\u00eb verdh\u00eb, i tretsh\u00ebm n\u00eb uj\u00eb.<br \/>\n\u2013 Acidi nitrik p\u00ebrb\u00ebhet nga nj\u00eb atom azoti, nj\u00eb atom hidrogjeni dhe tre atome oksigjeni, duke i dh\u00ebn\u00eb formul\u00ebn kimike HNO3.<br \/>\n\u2013 \u00cbsht\u00eb i njohur p\u00ebr vetit\u00eb e tij t\u00eb forta oksiduese dhe p\u00ebrdoret zakonisht n\u00eb procese t\u00eb ndryshme industriale.<\/p>","protected":false},"author":2,"featured_media":988041,"parent":987952,"menu_order":0,"comment_status":"closed","ping_status":"closed","template":"","meta":{"inline_featured_image":false,"footnotes":""},"class_list":["post-988040","page","type-page","status-publish","has-post-thumbnail","hentry"],"yoast_head":"<!-- This site is optimized with the Yoast SEO plugin v27.4 - https:\/\/yoast.com\/product\/yoast-seo-wordpress\/ -->\n<title>Nitric Acid | Albania Distribution Chemicals<\/title>\n<meta name=\"robots\" content=\"index, follow, max-snippet:-1, max-image-preview:large, max-video-preview:-1\" \/>\n<link rel=\"canonical\" href=\"https:\/\/adchem.al\/al\/basic-chemicals\/nitric-acid\/\" \/>\n<meta property=\"og:locale\" content=\"sq_AL\" \/>\n<meta property=\"og:type\" content=\"article\" \/>\n<meta property=\"og:title\" content=\"Nitric Acid | Albania Distribution Chemicals\" \/>\n<meta property=\"og:description\" content=\"Product: Nitric Acid Chemical Formula: HNO3 Information about the product: - Nitric acid is a highly corrosive and strong mineral acid with a pungent odor. - It is a colorless to yellowish liquid that is soluble in water. - Nitric acid is composed of one nitrogen atom, one hydrogen atom, and three oxygen atoms, giving it the chemical formula HNO3. - It is known for its strong oxidizing properties and is commonly used in various industrial processes.\" \/>\n<meta property=\"og:url\" content=\"https:\/\/adchem.al\/al\/basic-chemicals\/nitric-acid\/\" \/>\n<meta property=\"og:site_name\" content=\"Albania Distribution Chemicals\" \/>\n<meta property=\"article:publisher\" content=\"https:\/\/www.facebook.com\/albaniadistributionchem\/?ref=py_c\" \/>\n<meta property=\"article:modified_time\" content=\"2023-06-27T20:50:23+00:00\" \/>\n<meta property=\"og:image\" content=\"https:\/\/adchem.al\/wp-content\/uploads\/2023\/06\/adchem-wallpaper-home.webp-2.webp\" \/>\n\t<meta property=\"og:image:width\" content=\"2560\" \/>\n\t<meta property=\"og:image:height\" content=\"1244\" \/>\n\t<meta property=\"og:image:type\" content=\"image\/webp\" \/>\n<meta name=\"twitter:card\" content=\"summary_large_image\" \/>\n<script type=\"application\/ld+json\" class=\"yoast-schema-graph\">{\"@context\":\"https:\\\/\\\/schema.org\",\"@graph\":[{\"@type\":\"WebPage\",\"@id\":\"https:\\\/\\\/adchem.al\\\/basic-chemicals\\\/nitric-acid\\\/\",\"url\":\"https:\\\/\\\/adchem.al\\\/basic-chemicals\\\/nitric-acid\\\/\",\"name\":\"Nitric Acid | Albania Distribution Chemicals\",\"isPartOf\":{\"@id\":\"https:\\\/\\\/adchem.al\\\/#website\"},\"primaryImageOfPage\":{\"@id\":\"https:\\\/\\\/adchem.al\\\/basic-chemicals\\\/nitric-acid\\\/#primaryimage\"},\"image\":{\"@id\":\"https:\\\/\\\/adchem.al\\\/basic-chemicals\\\/nitric-acid\\\/#primaryimage\"},\"thumbnailUrl\":\"https:\\\/\\\/adchem.al\\\/wp-content\\\/uploads\\\/2023\\\/06\\\/Nitric_acid.svg\",\"datePublished\":\"2023-06-24T15:15:54+00:00\",\"dateModified\":\"2023-06-27T20:50:23+00:00\",\"breadcrumb\":{\"@id\":\"https:\\\/\\\/adchem.al\\\/basic-chemicals\\\/nitric-acid\\\/#breadcrumb\"},\"inLanguage\":\"sq\",\"potentialAction\":[{\"@type\":\"ReadAction\",\"target\":[\"https:\\\/\\\/adchem.al\\\/basic-chemicals\\\/nitric-acid\\\/\"]}]},{\"@type\":\"ImageObject\",\"inLanguage\":\"sq\",\"@id\":\"https:\\\/\\\/adchem.al\\\/basic-chemicals\\\/nitric-acid\\\/#primaryimage\",\"url\":\"https:\\\/\\\/adchem.al\\\/wp-content\\\/uploads\\\/2023\\\/06\\\/Nitric_acid.svg\",\"contentUrl\":\"https:\\\/\\\/adchem.al\\\/wp-content\\\/uploads\\\/2023\\\/06\\\/Nitric_acid.svg\",\"width\":720,\"height\":512},{\"@type\":\"BreadcrumbList\",\"@id\":\"https:\\\/\\\/adchem.al\\\/basic-chemicals\\\/nitric-acid\\\/#breadcrumb\",\"itemListElement\":[{\"@type\":\"ListItem\",\"position\":1,\"name\":\"Home\",\"item\":\"https:\\\/\\\/adchem.al\\\/\"},{\"@type\":\"ListItem\",\"position\":2,\"name\":\"Basic Chemicals\",\"item\":\"https:\\\/\\\/adchem.al\\\/al\\\/basic-chemicals\\\/\"},{\"@type\":\"ListItem\",\"position\":3,\"name\":\"Nitric Acid\"}]},{\"@type\":\"WebSite\",\"@id\":\"https:\\\/\\\/adchem.al\\\/#website\",\"url\":\"https:\\\/\\\/adchem.al\\\/\",\"name\":\"Albania Distribution Chemicals\",\"description\":\"&quot;Excellence in Chemical Distribution&quot;\",\"publisher\":{\"@id\":\"https:\\\/\\\/adchem.al\\\/#organization\"},\"alternateName\":\"ADC\",\"potentialAction\":[{\"@type\":\"SearchAction\",\"target\":{\"@type\":\"EntryPoint\",\"urlTemplate\":\"https:\\\/\\\/adchem.al\\\/?s={search_term_string}\"},\"query-input\":{\"@type\":\"PropertyValueSpecification\",\"valueRequired\":true,\"valueName\":\"search_term_string\"}}],\"inLanguage\":\"sq\"},{\"@type\":\"Organization\",\"@id\":\"https:\\\/\\\/adchem.al\\\/#organization\",\"name\":\"Albania Distribution Chemicals\",\"alternateName\":\"ADC\",\"url\":\"https:\\\/\\\/adchem.al\\\/\",\"logo\":{\"@type\":\"ImageObject\",\"inLanguage\":\"sq\",\"@id\":\"https:\\\/\\\/adchem.al\\\/#\\\/schema\\\/logo\\\/image\\\/\",\"url\":\"https:\\\/\\\/adchem.al\\\/wp-content\\\/uploads\\\/2022\\\/09\\\/Albania-Distribution-Chemicals-Logo-01.png\",\"contentUrl\":\"https:\\\/\\\/adchem.al\\\/wp-content\\\/uploads\\\/2022\\\/09\\\/Albania-Distribution-Chemicals-Logo-01.png\",\"width\":308,\"height\":104,\"caption\":\"Albania Distribution Chemicals\"},\"image\":{\"@id\":\"https:\\\/\\\/adchem.al\\\/#\\\/schema\\\/logo\\\/image\\\/\"},\"sameAs\":[\"https:\\\/\\\/www.facebook.com\\\/albaniadistributionchem\\\/?ref=py_c\",\"https:\\\/\\\/www.instagram.com\\\/albania_distribution_chemicals\\\/\"]}]}<\/script>\n<!-- \/ Yoast SEO plugin. -->","yoast_head_json":{"title":"Nitric Acid | Albania Distribution Chemicals","robots":{"index":"index","follow":"follow","max-snippet":"max-snippet:-1","max-image-preview":"max-image-preview:large","max-video-preview":"max-video-preview:-1"},"canonical":"https:\/\/adchem.al\/al\/basic-chemicals\/nitric-acid\/","og_locale":"sq_AL","og_type":"article","og_title":"Nitric Acid | Albania Distribution Chemicals","og_description":"Product: Nitric Acid Chemical Formula: HNO3 Information about the product: - Nitric acid is a highly corrosive and strong mineral acid with a pungent odor. - It is a colorless to yellowish liquid that is soluble in water. - Nitric acid is composed of one nitrogen atom, one hydrogen atom, and three oxygen atoms, giving it the chemical formula HNO3. - It is known for its strong oxidizing properties and is commonly used in various industrial processes.","og_url":"https:\/\/adchem.al\/al\/basic-chemicals\/nitric-acid\/","og_site_name":"Albania Distribution Chemicals","article_publisher":"https:\/\/www.facebook.com\/albaniadistributionchem\/?ref=py_c","article_modified_time":"2023-06-27T20:50:23+00:00","og_image":[{"width":2560,"height":1244,"url":"https:\/\/adchem.al\/wp-content\/uploads\/2023\/06\/adchem-wallpaper-home.webp-2.webp","type":"image\/webp"}],"twitter_card":"summary_large_image","schema":{"@context":"https:\/\/schema.org","@graph":[{"@type":"WebPage","@id":"https:\/\/adchem.al\/basic-chemicals\/nitric-acid\/","url":"https:\/\/adchem.al\/basic-chemicals\/nitric-acid\/","name":"Nitric Acid | Albania Distribution Chemicals","isPartOf":{"@id":"https:\/\/adchem.al\/#website"},"primaryImageOfPage":{"@id":"https:\/\/adchem.al\/basic-chemicals\/nitric-acid\/#primaryimage"},"image":{"@id":"https:\/\/adchem.al\/basic-chemicals\/nitric-acid\/#primaryimage"},"thumbnailUrl":"https:\/\/adchem.al\/wp-content\/uploads\/2023\/06\/Nitric_acid.svg","datePublished":"2023-06-24T15:15:54+00:00","dateModified":"2023-06-27T20:50:23+00:00","breadcrumb":{"@id":"https:\/\/adchem.al\/basic-chemicals\/nitric-acid\/#breadcrumb"},"inLanguage":"sq","potentialAction":[{"@type":"ReadAction","target":["https:\/\/adchem.al\/basic-chemicals\/nitric-acid\/"]}]},{"@type":"ImageObject","inLanguage":"sq","@id":"https:\/\/adchem.al\/basic-chemicals\/nitric-acid\/#primaryimage","url":"https:\/\/adchem.al\/wp-content\/uploads\/2023\/06\/Nitric_acid.svg","contentUrl":"https:\/\/adchem.al\/wp-content\/uploads\/2023\/06\/Nitric_acid.svg","width":720,"height":512},{"@type":"BreadcrumbList","@id":"https:\/\/adchem.al\/basic-chemicals\/nitric-acid\/#breadcrumb","itemListElement":[{"@type":"ListItem","position":1,"name":"Home","item":"https:\/\/adchem.al\/"},{"@type":"ListItem","position":2,"name":"Basic Chemicals","item":"https:\/\/adchem.al\/al\/basic-chemicals\/"},{"@type":"ListItem","position":3,"name":"Nitric Acid"}]},{"@type":"WebSite","@id":"https:\/\/adchem.al\/#website","url":"https:\/\/adchem.al\/","name":"Albania Distribution Chemicals","description":"&quot;Excellence in Chemical Distribution&quot;","publisher":{"@id":"https:\/\/adchem.al\/#organization"},"alternateName":"ADC","potentialAction":[{"@type":"SearchAction","target":{"@type":"EntryPoint","urlTemplate":"https:\/\/adchem.al\/?s={search_term_string}"},"query-input":{"@type":"PropertyValueSpecification","valueRequired":true,"valueName":"search_term_string"}}],"inLanguage":"sq"},{"@type":"Organization","@id":"https:\/\/adchem.al\/#organization","name":"Albania Distribution Chemicals","alternateName":"ADC","url":"https:\/\/adchem.al\/","logo":{"@type":"ImageObject","inLanguage":"sq","@id":"https:\/\/adchem.al\/#\/schema\/logo\/image\/","url":"https:\/\/adchem.al\/wp-content\/uploads\/2022\/09\/Albania-Distribution-Chemicals-Logo-01.png","contentUrl":"https:\/\/adchem.al\/wp-content\/uploads\/2022\/09\/Albania-Distribution-Chemicals-Logo-01.png","width":308,"height":104,"caption":"Albania Distribution Chemicals"},"image":{"@id":"https:\/\/adchem.al\/#\/schema\/logo\/image\/"},"sameAs":["https:\/\/www.facebook.com\/albaniadistributionchem\/?ref=py_c","https:\/\/www.instagram.com\/albania_distribution_chemicals\/"]}]}},"_links":{"self":[{"href":"https:\/\/adchem.al\/al\/wp-json\/wp\/v2\/pages\/988040","targetHints":{"allow":["GET"]}}],"collection":[{"href":"https:\/\/adchem.al\/al\/wp-json\/wp\/v2\/pages"}],"about":[{"href":"https:\/\/adchem.al\/al\/wp-json\/wp\/v2\/types\/page"}],"author":[{"embeddable":true,"href":"https:\/\/adchem.al\/al\/wp-json\/wp\/v2\/users\/2"}],"replies":[{"embeddable":true,"href":"https:\/\/adchem.al\/al\/wp-json\/wp\/v2\/comments?post=988040"}],"version-history":[{"count":10,"href":"https:\/\/adchem.al\/al\/wp-json\/wp\/v2\/pages\/988040\/revisions"}],"predecessor-version":[{"id":989180,"href":"https:\/\/adchem.al\/al\/wp-json\/wp\/v2\/pages\/988040\/revisions\/989180"}],"up":[{"embeddable":true,"href":"https:\/\/adchem.al\/al\/wp-json\/wp\/v2\/pages\/987952"}],"wp:featuredmedia":[{"embeddable":true,"href":"https:\/\/adchem.al\/al\/wp-json\/wp\/v2\/media\/988041"}],"wp:attachment":[{"href":"https:\/\/adchem.al\/al\/wp-json\/wp\/v2\/media?parent=988040"}],"curies":[{"name":"wp","href":"https:\/\/api.w.org\/{rel}","templated":true}]}}