{"id":988034,"date":"2023-06-24T15:13:38","date_gmt":"2023-06-24T15:13:38","guid":{"rendered":"https:\/\/adchem.al\/?page_id=988034"},"modified":"2023-06-27T20:48:41","modified_gmt":"2023-06-27T20:48:41","slug":"hydrogen-peroxide","status":"publish","type":"page","link":"https:\/\/adchem.al\/al\/basic-chemicals\/hydrogen-peroxide\/","title":{"rendered":"Peroksid Hidrogjeni"},"content":{"rendered":"<div data-elementor-type=\"wp-page\" data-elementor-id=\"988034\" class=\"elementor elementor-988034\" data-elementor-post-type=\"page\">\n\t\t\t\t\t\t<section class=\"elementor-section elementor-top-section elementor-element elementor-element-37858afc elementor-section-full_width elementor-section-height-default elementor-section-height-default\" data-id=\"37858afc\" data-element_type=\"section\">\n\t\t\t\t\t\t<div class=\"elementor-container elementor-column-gap-no\">\n\t\t\t\t\t<div class=\"elementor-column elementor-col-100 elementor-top-column elementor-element elementor-element-60bb79bd\" data-id=\"60bb79bd\" data-element_type=\"column\">\n\t\t\t<div class=\"elementor-widget-wrap elementor-element-populated\">\n\t\t\t\t\t\t<div class=\"vamtam-has-theme-widget-styles elementor-element elementor-element-86d4d6c elementor-widget elementor-widget-image\" data-id=\"86d4d6c\" data-element_type=\"widget\" data-widget_type=\"image.default\">\n\t\t\t\t<div class=\"elementor-widget-container\">\n\t\t\t\t\t\t\t\t\t<div class=\"elementor-image\">\n\t\t\t\t\t\t\t\t\t\t\t\t\t\t\t\t<figure class=\"wp-caption\">\n\t\t\t\t\t\t\t\t\t\t\t\t\t\t\t\t<img fetchpriority=\"high\" decoding=\"async\" width=\"800\" height=\"465\" src=\"https:\/\/adchem.al\/wp-content\/uploads\/2023\/06\/800px-Hydrogen-peroxide-2D.png\" class=\"attachment-full size-full wp-image-988035\" alt=\"\" srcset=\"https:\/\/adchem.al\/wp-content\/uploads\/2023\/06\/800px-Hydrogen-peroxide-2D.png 800w, https:\/\/adchem.al\/wp-content\/uploads\/2023\/06\/800px-Hydrogen-peroxide-2D-300x174.png 300w, https:\/\/adchem.al\/wp-content\/uploads\/2023\/06\/800px-Hydrogen-peroxide-2D-768x446.png 768w\" sizes=\"(max-width: 800px) 100vw, 800px\" \/>\t\t\t\t\t\t\t\t\t\t\t\t\t\t\t\t\t<figcaption class=\"widget-image-caption wp-caption-text\">Albania Distribution Chemicals<\/figcaption>\n\t\t\t\t\t\t\t\t\t\t\t\t\t\t\t\t<\/figure>\n\t\t\t\t\t\t\t\t\t\t\t\t\t\t<\/div>\n\t\t\t\t\t\t\t\t<\/div>\n\t\t\t\t<\/div>\n\t\t\t\t<div class=\"elementor-element elementor-element-61992a9a elementor-widget elementor-widget-text-editor\" data-id=\"61992a9a\" data-element_type=\"widget\" data-widget_type=\"text-editor.default\">\n\t\t\t\t<div class=\"elementor-widget-container\">\n\t\t\t\t\t\t\t\t\t<div class=\"woocommerce-product-details__short-description\"><div class=\"woocommerce-product-details__short-description\"><div class=\"woocommerce-product-details__short-description\"><p><strong>Produkti: Peroksid hidrogjeni<\/strong><\/p><p><strong>Formula Kimike: H2O2<\/strong><\/p><p><strong>Informacion rreth produktit:<\/strong><\/p><p>\u2013 Peroksidi i hidrogjenit \u00ebsht\u00eb nj\u00eb l\u00ebng blu i zbeht\u00eb q\u00eb duket i pangjyr\u00eb n\u00eb form\u00eb t\u00eb holluar.<br \/>\u2013 \u00cbsht\u00eb i p\u00ebrb\u00ebr\u00eb nga dy atome hidrogjeni dhe dy atome oksigjeni, duke i dh\u00ebn\u00eb formul\u00ebn kimike H2O2.<br \/>\u2013 Peroksidi i hidrogjenit \u00ebsht\u00eb nj\u00eb agjent i fuqish\u00ebm oksidues dhe mund t\u00eb dekompozohet n\u00eb uj\u00eb dhe oksigjen kur ekspozohet ndaj nxeht\u00ebsis\u00eb, drit\u00ebs ose katalizator\u00ebve t\u00eb caktuar.<br \/>\u2013 P\u00ebrdoret gjer\u00ebsisht p\u00ebr vetit\u00eb e tij dezinfektuese, zbardhuese dhe oksiduese n\u00eb industri t\u00eb ndryshme dhe aplikime sht\u00ebpiake.<\/p><p><strong>Informacion p\u00ebr sektorin e p\u00ebrdorimit t\u00eb produktit:<\/strong><\/p><p>1. Kujdesi sh\u00ebndet\u00ebsor dhe industria mjek\u00ebsore:<br \/>&#8211; Wound Cleaning and Disinfection: Hydrogen peroxide is used to clean and disinfect minor cuts, wounds, and skin injuries to prevent infection.<br \/>\u2013 Higjiena e goj\u00ebs: Mund t\u00eb p\u00ebrdoret si gargar\u00eb ose p\u00ebr q\u00ebllime t\u00eb higjien\u00ebs orale p\u00ebr t\u00eb vrar\u00eb bakteret, p\u00ebr t\u00eb reduktuar pllak\u00ebn dhe p\u00ebr t\u00eb zbardhur dh\u00ebmb\u00ebt.<br \/>\u2013 Pastrimi i lenteve t\u00eb kontaktit: Zgjidhjet e peroksidit t\u00eb hidrogjenit p\u00ebrdoren p\u00ebr pastrimin dhe dezinfektimin e lenteve t\u00eb kontaktit p\u00ebr t\u00eb hequr depozitat e proteinave dhe ndot\u00ebsit mikrobial.<\/p><p>2. Trajtimi dhe pastrimi i ujit:<br \/>\u2013 Dezinfektimi i ujit: Peroksidi i hidrogjenit p\u00ebrdoret n\u00eb sistemet e trajtimit t\u00eb ujit p\u00ebr t\u00eb dezinfektuar dhe vrar\u00eb bakteret, viruset dhe mikroorganizmat e tjer\u00eb t\u00eb d\u00ebmsh\u00ebm.<br \/>\u2013 Heqja e er\u00ebs dhe shijes: Mund t\u00eb ndihmoj\u00eb n\u00eb eliminimin e aromave dhe shijeve t\u00eb pak\u00ebndshme t\u00eb shkaktuara nga komponimet organike n\u00eb uj\u00eb.<\/p><p>3. Industria e flok\u00ebve dhe e bukuris\u00eb:<br \/>\u2013 Zbardhimi dhe ngjyrosja e flok\u00ebve: Peroksidi i hidrogjenit \u00ebsht\u00eb nj\u00eb p\u00ebrb\u00ebr\u00ebs i zakonsh\u00ebm n\u00eb produktet p\u00ebr zbardhjen dhe ngjyrosjen e flok\u00ebve, ku ndihmon n\u00eb heqjen ose ndri\u00e7imin e pigmenteve natyrale.<br \/>\u2013 Kujdesi p\u00ebr flok\u00ebt: Mund t\u00eb p\u00ebrdoret n\u00eb produkte p\u00ebr kujdesin e flok\u00ebve, t\u00eb tilla si shampo p\u00ebr pastrim ose trajtime p\u00ebr l\u00ebkur\u00ebn e kok\u00ebs, p\u00ebr vetit\u00eb e tij pastruese dhe antimikrobike.<\/p><p>4. Industria e tekstilit dhe letr\u00ebs:<br \/>\u2013 Agjent zbardhues: Peroksidi i hidrogjenit p\u00ebrdoret si nj\u00eb agjent zbardhues p\u00ebr tekstilet, duke p\u00ebrfshir\u00eb p\u00eblhura, fije dhe produkte letre, p\u00ebr t\u00eb hequr njollat dhe p\u00ebr t\u00eb ndri\u00e7uar materialin.<br \/>\u2013 Prodhimi i pulp\u00ebs dhe letr\u00ebs: P\u00ebrdoret n\u00eb prodhimin e pulp\u00ebs dhe letr\u00ebs p\u00ebr t\u00eb zbardhur fibrat e drurit dhe p\u00ebr t\u00eb hequr linjin\u00ebn.<\/p><p>5. Pastrimi dhe dezinfektimi:<br \/>\u2013 Pastrues sht\u00ebpiak: Peroksidi i hidrogjenit mund t\u00eb gjendet n\u00eb produkte t\u00eb ndryshme pastrimi sht\u00ebpiake, si pastrues dhe dezinfektues p\u00ebr t\u00eb gjitha q\u00ebllimet, p\u00ebr vetit\u00eb e tij antimikrobike dhe heq\u00ebse t\u00eb njollave.<br \/>\u2013 Dezinfektimi i sip\u00ebrfaqes: P\u00ebrdoret p\u00ebr dezinfektimin e sip\u00ebrfaqeve n\u00eb sht\u00ebpi, spitale dhe ambiente komerciale p\u00ebr t\u00eb vrar\u00eb bakteret, viruset dhe k\u00ebrpudhat.<\/p><p>6. Industria ushqimore:<br \/>\u2013 P\u00ebrpunimi i ushqimit: Peroksidi i hidrogjenit p\u00ebrdoret ndonj\u00ebher\u00eb n\u00eb p\u00ebrpunimin e ushqimit, si prodhimi i qum\u00ebshtit dhe djathit, si nj\u00eb agjent sterilizues p\u00ebr pajisjet dhe materialet e paketimit.<br \/>\u2013 Siguria e ushqimit: Mund t\u00eb aplikohet tek frutat dhe perimet p\u00ebr t\u00eb reduktuar ndotjen mikrobike dhe p\u00ebr t\u00eb zgjatur jet\u00ebgjat\u00ebsin\u00eb.<\/p><p>7. Bujq\u00ebsia dhe Hortikultura:<br \/>\u2013 Sistemet e tok\u00ebs dhe hidroponike: Peroksidi i hidrogjenit p\u00ebrdoret n\u00eb praktikat bujq\u00ebsore dhe hortikulturore p\u00ebr t\u00eb rritur nivelet e oksigjenit n\u00eb tok\u00eb dhe sistemet hidroponike, duke nxitur rritjen e sh\u00ebndetshme t\u00eb rr\u00ebnj\u00ebve.<br \/>\u2013 Kontrolli i s\u00ebmundjeve t\u00eb bim\u00ebve: Mund t\u00eb p\u00ebrdoret si trajtim p\u00ebr s\u00ebmundjet k\u00ebrpudhore dhe bakteriale n\u00eb bim\u00eb.<\/p><p>8. Laboratori dhe K\u00ebrkimi:<br \/>\u2013 Dezinfektimi i laboratorit: Peroksidi i hidrogjenit p\u00ebrdoret n\u00eb laborator\u00eb p\u00ebr q\u00ebllime dezinfektimi, t\u00eb tilla si dekontaminimi i sip\u00ebrfaqeve dhe pajisjeve.<br \/>\u2013 Analiza e ADN-s\u00eb: Mund t\u00eb p\u00ebrdoret n\u00eb teknikat e analiz\u00ebs s\u00eb ADN-s\u00eb, t\u00eb tilla si PCR (reaksion zinxhir polimeraz\u00eb), si nj\u00eb p\u00ebrb\u00ebr\u00ebs i p\u00ebrzierjeve t\u00eb reaksionit.<\/p><p>9. Kozmetik\u00eb dhe produkte t\u00eb kujdesit personal:<br \/>\u2013 Ndri\u00e7imi i l\u00ebkur\u00ebs: Peroksidi i hidrogjenit p\u00ebrdoret ndonj\u00ebher\u00eb n\u00eb produkte kozmetike, t\u00eb tilla si kremrat p\u00ebr zbardhjen e l\u00ebkur\u00ebs, p\u00ebr t\u00eb reduktuar shfaqjen e njollave t\u00eb err\u00ebta dhe tonin e pabarabart\u00eb t\u00eb l\u00ebkur\u00ebs.<br \/>\u2013 Kujdesi p\u00ebr thonjt\u00eb: Mund t\u00eb p\u00ebrdoret p\u00ebr zbardhjen e thonjve ose si trajtim antimykotik p\u00ebr thonjt\u00eb<\/p><p>infeksionet.<\/p><p>10. Proceset industriale:<br \/>\u2013 Sinteza kimike: Peroksidi i hidrogjenit p\u00ebrdoret si nj\u00eb reaktant ose agjent oksidues n\u00eb procese t\u00eb ndryshme t\u00eb sintez\u00ebs kimike, duke p\u00ebrfshir\u00eb prodhimin e kimikateve t\u00eb specializuara dhe farmaceutik\u00ebve.<\/p><p>Peroksidi i hidrogjenit \u00ebsht\u00eb nj\u00eb p\u00ebrb\u00ebr\u00ebs i gjithansh\u00ebm me nj\u00eb gam\u00eb t\u00eb gjer\u00eb aplikimesh n\u00eb sektor\u00eb t\u00eb ndrysh\u00ebm. \u00cbsht\u00eb e r\u00ebnd\u00ebsishme t\u00eb ndiqni masat paraprake dhe udh\u00ebzimet e siguris\u00eb kur trajtoni dhe p\u00ebrdorni peroksid hidrogjeni p\u00ebr shkak t\u00eb vetive t\u00eb tij oksiduese dhe potencialisht g\u00ebrryese.<\/p><\/div><\/div><\/div>\t\t\t\t\t\t\t\t<\/div>\n\t\t\t\t<\/div>\n\t\t\t\t<section class=\"elementor-section elementor-inner-section elementor-element elementor-element-445b8d4 elementor-section-boxed elementor-section-height-default elementor-section-height-default\" data-id=\"445b8d4\" data-element_type=\"section\" data-settings=\"{&quot;background_background&quot;:&quot;classic&quot;}\">\n\t\t\t\t\t\t<div class=\"elementor-container elementor-column-gap-no\">\n\t\t\t\t\t<div class=\"elementor-column elementor-col-100 elementor-inner-column elementor-element elementor-element-8ac6fe4\" data-id=\"8ac6fe4\" data-element_type=\"column\">\n\t\t\t<div class=\"elementor-widget-wrap elementor-element-populated\">\n\t\t\t\t\t\t<div class=\"elementor-element elementor-element-caf35e0 elementor-view-default elementor-widget elementor-widget-icon\" data-id=\"caf35e0\" data-element_type=\"widget\" data-widget_type=\"icon.default\">\n\t\t\t\t<div class=\"elementor-widget-container\">\n\t\t\t\t\t\t\t<div class=\"elementor-icon-wrapper\">\n\t\t\t<div class=\"elementor-icon\">\n\t\t\t<i aria-hidden=\"true\" class=\"vamtamtheme- vamtam-theme-quote-start\"><\/i>\t\t\t<\/div>\n\t\t<\/div>\n\t\t\t\t\t\t<\/div>\n\t\t\t\t<\/div>\n\t\t\t\t<div class=\"elementor-element elementor-element-d251172 elementor-widget elementor-widget-text-editor\" data-id=\"d251172\" data-element_type=\"widget\" data-widget_type=\"text-editor.default\">\n\t\t\t\t<div class=\"elementor-widget-container\">\n\t\t\t\t\t\t\t\t\t<p>\"P\u00ebr \u00e7do informacion, shkruani n\u00eb WhatsApp: Gjith\u00e7ka q\u00eb ju nevojitet, n\u00eb koh\u00eb reale, n\u00eb nj\u00eb mesazh. Na kontaktoni dhe jemi gati t\u00eb ju ndihmojm\u00eb.\"<\/p>\t\t\t\t\t\t\t\t<\/div>\n\t\t\t\t<\/div>\n\t\t\t\t<div class=\"elementor-element elementor-element-68d168e elementor-widget-divider--view-line elementor-widget elementor-widget-divider\" data-id=\"68d168e\" data-element_type=\"widget\" data-widget_type=\"divider.default\">\n\t\t\t\t<div class=\"elementor-widget-container\">\n\t\t\t\t\t\t\t<div class=\"elementor-divider\">\n\t\t\t<span class=\"elementor-divider-separator\">\n\t\t\t\t\t\t<\/span>\n\t\t<\/div>\n\t\t\t\t\t\t<\/div>\n\t\t\t\t<\/div>\n\t\t\t\t<div class=\"vamtam-has-theme-widget-styles elementor-element elementor-element-ce3792e elementor-widget__width-auto vamtam-has-underline-anim elementor-widget elementor-widget-button\" data-id=\"ce3792e\" data-element_type=\"widget\" data-widget_type=\"button.default\">\n\t\t\t\t<div class=\"elementor-widget-container\">\n\t\t\t\t\t\t\t\t\t<div class=\"elementor-button-wrapper\">\n\t\t\t\t\t<a class=\"elementor-button elementor-button-link elementor-size-md\" href=\"https:\/\/wa.me\/355694000260\">\n\t\t\t\t\t\t<span class=\"elementor-button-content-wrapper\">\n\t\t\t\t\t\t<span class=\"elementor-button-icon\">\n\t\t\t\t<i aria-hidden=\"true\" class=\"vamtamtheme- vamtam-theme-icon-arrow-right-top\"><\/i>\t\t\t<\/span>\n\t\t\t\t\t\t\t\t\t<span class=\"elementor-button-text\">Kontaktoni WhatsApp<\/span>\n\t\t\t\t\t<\/span>\n\t\t\t\t\t<\/a>\n\t\t\t\t<\/div>\n\t\t\t\t\t\t\t\t<\/div>\n\t\t\t\t<\/div>\n\t\t\t\t<div class=\"elementor-element elementor-element-e9c7149 elementor-widget__width-auto elementor-widget elementor-widget-heading\" data-id=\"e9c7149\" data-element_type=\"widget\" data-widget_type=\"heading.default\">\n\t\t\t\t<div class=\"elementor-widget-container\">\n\t\t\t\t\t<span class=\"elementor-heading-title elementor-size-default\">Albania Distribution Chemicals\n<\/span>\t\t\t\t<\/div>\n\t\t\t\t<\/div>\n\t\t\t\t\t<\/div>\n\t\t<\/div>\n\t\t\t\t\t<\/div>\n\t\t<\/section>\n\t\t\t\t\t<\/div>\n\t\t<\/div>\n\t\t\t\t\t<\/div>\n\t\t<\/section>\n\t\t\t\t<section class=\"elementor-section elementor-top-section elementor-element elementor-element-b3fd502 elementor-section-boxed elementor-section-height-default elementor-section-height-default\" data-id=\"b3fd502\" data-element_type=\"section\">\n\t\t\t\t\t\t<div class=\"elementor-container elementor-column-gap-default\">\n\t\t\t\t\t<div class=\"elementor-column elementor-col-100 elementor-top-column elementor-element elementor-element-a879885\" data-id=\"a879885\" data-element_type=\"column\">\n\t\t\t<div class=\"elementor-widget-wrap elementor-element-populated\">\n\t\t\t\t\t\t<div class=\"elementor-element elementor-element-4a3fe1c elementor-widget elementor-widget-spacer\" data-id=\"4a3fe1c\" data-element_type=\"widget\" data-widget_type=\"spacer.default\">\n\t\t\t\t<div class=\"elementor-widget-container\">\n\t\t\t\t\t\t\t<div class=\"elementor-spacer\">\n\t\t\t<div class=\"elementor-spacer-inner\"><\/div>\n\t\t<\/div>\n\t\t\t\t\t\t<\/div>\n\t\t\t\t<\/div>\n\t\t\t\t<div class=\"vamtam-has-theme-widget-styles elementor-element elementor-element-feed2fe elementor-widget elementor-widget-image\" data-id=\"feed2fe\" data-element_type=\"widget\" data-widget_type=\"image.default\">\n\t\t\t\t<div class=\"elementor-widget-container\">\n\t\t\t\t\t\t\t\t\t<div class=\"elementor-image\">\n\t\t\t\t\t\t\t\t\t\t\t\t\t\t\t\t\t\t\t\t\t<img decoding=\"async\" width=\"8000\" height=\"1355\" src=\"https:\/\/adchem.al\/wp-content\/uploads\/2023\/06\/baner-albania-distribution-chemicals-01.png\" class=\"attachment-full size-full wp-image-987764\" alt=\"\" srcset=\"https:\/\/adchem.al\/wp-content\/uploads\/2023\/06\/baner-albania-distribution-chemicals-01.png 8000w, https:\/\/adchem.al\/wp-content\/uploads\/2023\/06\/baner-albania-distribution-chemicals-01-300x51.png 300w, https:\/\/adchem.al\/wp-content\/uploads\/2023\/06\/baner-albania-distribution-chemicals-01-1024x173.png 1024w, https:\/\/adchem.al\/wp-content\/uploads\/2023\/06\/baner-albania-distribution-chemicals-01-768x130.png 768w, https:\/\/adchem.al\/wp-content\/uploads\/2023\/06\/baner-albania-distribution-chemicals-01-1536x260.png 1536w, https:\/\/adchem.al\/wp-content\/uploads\/2023\/06\/baner-albania-distribution-chemicals-01-2048x347.png 2048w\" sizes=\"(max-width: 8000px) 100vw, 8000px\" \/>\t\t\t\t\t\t\t\t\t\t\t\t\t\t\t\t\t\t\t\t\t\t\t\t<\/div>\n\t\t\t\t\t\t\t\t<\/div>\n\t\t\t\t<\/div>\n\t\t\t\t\t<\/div>\n\t\t<\/div>\n\t\t\t\t\t<\/div>\n\t\t<\/section>\n\t\t\t\t<\/div>","protected":false},"excerpt":{"rendered":"<p>Produkti: Peroksid hidrogjeni<\/p>\n<p>Formula Kimike: H2O2<\/p>\n<p>Informacion rreth produktit:<\/p>\n<p>\u2013 Peroksidi i hidrogjenit \u00ebsht\u00eb nj\u00eb l\u00ebng blu i zbeht\u00eb q\u00eb duket i pangjyr\u00eb n\u00eb form\u00eb t\u00eb holluar.<br \/>\n\u2013 \u00cbsht\u00eb i p\u00ebrb\u00ebr\u00eb nga dy atome hidrogjeni dhe dy atome oksigjeni, duke i dh\u00ebn\u00eb formul\u00ebn kimike H2O2.<br \/>\n\u2013 Peroksidi i hidrogjenit \u00ebsht\u00eb nj\u00eb agjent i fuqish\u00ebm oksidues dhe mund t\u00eb dekompozohet n\u00eb uj\u00eb dhe oksigjen kur ekspozohet ndaj nxeht\u00ebsis\u00eb, drit\u00ebs ose katalizator\u00ebve t\u00eb caktuar.<br \/>\n\u2013 P\u00ebrdoret gjer\u00ebsisht p\u00ebr vetit\u00eb e tij dezinfektuese, zbardhuese dhe oksiduese n\u00eb industri t\u00eb ndryshme dhe aplikime sht\u00ebpiake.<\/p>","protected":false},"author":2,"featured_media":988035,"parent":987952,"menu_order":0,"comment_status":"closed","ping_status":"closed","template":"","meta":{"inline_featured_image":false,"footnotes":""},"class_list":["post-988034","page","type-page","status-publish","has-post-thumbnail","hentry"],"yoast_head":"<!-- This site is optimized with the Yoast SEO plugin v27.3 - https:\/\/yoast.com\/product\/yoast-seo-wordpress\/ -->\n<title>Hydrogen Peroxide | Albania Distribution Chemicals<\/title>\n<meta name=\"robots\" content=\"index, follow, max-snippet:-1, max-image-preview:large, max-video-preview:-1\" \/>\n<link rel=\"canonical\" href=\"https:\/\/adchem.al\/al\/basic-chemicals\/hydrogen-peroxide\/\" \/>\n<meta property=\"og:locale\" content=\"sq_AL\" \/>\n<meta property=\"og:type\" content=\"article\" \/>\n<meta property=\"og:title\" content=\"Hydrogen Peroxide | Albania Distribution Chemicals\" \/>\n<meta property=\"og:description\" content=\"Product: Hydrogen Peroxide Chemical Formula: H2O2 Information about the product: - Hydrogen peroxide is a pale blue liquid that appears colorless in a dilute form. - It is composed of two hydrogen atoms and two oxygen atoms, giving it the chemical formula H2O2. - Hydrogen peroxide is a powerful oxidizing agent and can decompose into water and oxygen when exposed to heat, light, or certain catalysts. - It is widely used for its disinfectant, bleaching, and oxidizing properties in various industries and household applications.\" \/>\n<meta property=\"og:url\" content=\"https:\/\/adchem.al\/al\/basic-chemicals\/hydrogen-peroxide\/\" \/>\n<meta property=\"og:site_name\" content=\"Albania Distribution Chemicals\" \/>\n<meta property=\"article:publisher\" content=\"https:\/\/www.facebook.com\/albaniadistributionchem\/?ref=py_c\" \/>\n<meta property=\"article:modified_time\" content=\"2023-06-27T20:48:41+00:00\" \/>\n<meta property=\"og:image\" content=\"https:\/\/adchem.al\/wp-content\/uploads\/2023\/06\/800px-Hydrogen-peroxide-2D.png\" \/>\n\t<meta property=\"og:image:width\" content=\"800\" \/>\n\t<meta property=\"og:image:height\" content=\"465\" \/>\n\t<meta property=\"og:image:type\" content=\"image\/png\" \/>\n<meta name=\"twitter:card\" content=\"summary_large_image\" \/>\n<script type=\"application\/ld+json\" class=\"yoast-schema-graph\">{\"@context\":\"https:\\\/\\\/schema.org\",\"@graph\":[{\"@type\":\"WebPage\",\"@id\":\"https:\\\/\\\/adchem.al\\\/basic-chemicals\\\/hydrogen-peroxide\\\/\",\"url\":\"https:\\\/\\\/adchem.al\\\/basic-chemicals\\\/hydrogen-peroxide\\\/\",\"name\":\"Hydrogen Peroxide | Albania Distribution Chemicals\",\"isPartOf\":{\"@id\":\"https:\\\/\\\/adchem.al\\\/#website\"},\"primaryImageOfPage\":{\"@id\":\"https:\\\/\\\/adchem.al\\\/basic-chemicals\\\/hydrogen-peroxide\\\/#primaryimage\"},\"image\":{\"@id\":\"https:\\\/\\\/adchem.al\\\/basic-chemicals\\\/hydrogen-peroxide\\\/#primaryimage\"},\"thumbnailUrl\":\"https:\\\/\\\/adchem.al\\\/wp-content\\\/uploads\\\/2023\\\/06\\\/800px-Hydrogen-peroxide-2D.png\",\"datePublished\":\"2023-06-24T15:13:38+00:00\",\"dateModified\":\"2023-06-27T20:48:41+00:00\",\"breadcrumb\":{\"@id\":\"https:\\\/\\\/adchem.al\\\/basic-chemicals\\\/hydrogen-peroxide\\\/#breadcrumb\"},\"inLanguage\":\"sq\",\"potentialAction\":[{\"@type\":\"ReadAction\",\"target\":[\"https:\\\/\\\/adchem.al\\\/basic-chemicals\\\/hydrogen-peroxide\\\/\"]}]},{\"@type\":\"ImageObject\",\"inLanguage\":\"sq\",\"@id\":\"https:\\\/\\\/adchem.al\\\/basic-chemicals\\\/hydrogen-peroxide\\\/#primaryimage\",\"url\":\"https:\\\/\\\/adchem.al\\\/wp-content\\\/uploads\\\/2023\\\/06\\\/800px-Hydrogen-peroxide-2D.png\",\"contentUrl\":\"https:\\\/\\\/adchem.al\\\/wp-content\\\/uploads\\\/2023\\\/06\\\/800px-Hydrogen-peroxide-2D.png\",\"width\":800,\"height\":465},{\"@type\":\"BreadcrumbList\",\"@id\":\"https:\\\/\\\/adchem.al\\\/basic-chemicals\\\/hydrogen-peroxide\\\/#breadcrumb\",\"itemListElement\":[{\"@type\":\"ListItem\",\"position\":1,\"name\":\"Home\",\"item\":\"https:\\\/\\\/adchem.al\\\/\"},{\"@type\":\"ListItem\",\"position\":2,\"name\":\"Basic Chemicals\",\"item\":\"https:\\\/\\\/adchem.al\\\/al\\\/basic-chemicals\\\/\"},{\"@type\":\"ListItem\",\"position\":3,\"name\":\"Hydrogen Peroxide\"}]},{\"@type\":\"WebSite\",\"@id\":\"https:\\\/\\\/adchem.al\\\/#website\",\"url\":\"https:\\\/\\\/adchem.al\\\/\",\"name\":\"Albania Distribution Chemicals\",\"description\":\"&quot;Excellence in Chemical Distribution&quot;\",\"publisher\":{\"@id\":\"https:\\\/\\\/adchem.al\\\/#organization\"},\"alternateName\":\"ADC\",\"potentialAction\":[{\"@type\":\"SearchAction\",\"target\":{\"@type\":\"EntryPoint\",\"urlTemplate\":\"https:\\\/\\\/adchem.al\\\/?s={search_term_string}\"},\"query-input\":{\"@type\":\"PropertyValueSpecification\",\"valueRequired\":true,\"valueName\":\"search_term_string\"}}],\"inLanguage\":\"sq\"},{\"@type\":\"Organization\",\"@id\":\"https:\\\/\\\/adchem.al\\\/#organization\",\"name\":\"Albania Distribution Chemicals\",\"alternateName\":\"ADC\",\"url\":\"https:\\\/\\\/adchem.al\\\/\",\"logo\":{\"@type\":\"ImageObject\",\"inLanguage\":\"sq\",\"@id\":\"https:\\\/\\\/adchem.al\\\/#\\\/schema\\\/logo\\\/image\\\/\",\"url\":\"https:\\\/\\\/adchem.al\\\/wp-content\\\/uploads\\\/2022\\\/09\\\/Albania-Distribution-Chemicals-Logo-01.png\",\"contentUrl\":\"https:\\\/\\\/adchem.al\\\/wp-content\\\/uploads\\\/2022\\\/09\\\/Albania-Distribution-Chemicals-Logo-01.png\",\"width\":308,\"height\":104,\"caption\":\"Albania Distribution Chemicals\"},\"image\":{\"@id\":\"https:\\\/\\\/adchem.al\\\/#\\\/schema\\\/logo\\\/image\\\/\"},\"sameAs\":[\"https:\\\/\\\/www.facebook.com\\\/albaniadistributionchem\\\/?ref=py_c\",\"https:\\\/\\\/www.instagram.com\\\/albania_distribution_chemicals\\\/\"]}]}<\/script>\n<!-- \/ Yoast SEO plugin. -->","yoast_head_json":{"title":"Hydrogen Peroxide | Albania Distribution Chemicals","robots":{"index":"index","follow":"follow","max-snippet":"max-snippet:-1","max-image-preview":"max-image-preview:large","max-video-preview":"max-video-preview:-1"},"canonical":"https:\/\/adchem.al\/al\/basic-chemicals\/hydrogen-peroxide\/","og_locale":"sq_AL","og_type":"article","og_title":"Hydrogen Peroxide | Albania Distribution Chemicals","og_description":"Product: Hydrogen Peroxide Chemical Formula: H2O2 Information about the product: - Hydrogen peroxide is a pale blue liquid that appears colorless in a dilute form. - It is composed of two hydrogen atoms and two oxygen atoms, giving it the chemical formula H2O2. - Hydrogen peroxide is a powerful oxidizing agent and can decompose into water and oxygen when exposed to heat, light, or certain catalysts. - It is widely used for its disinfectant, bleaching, and oxidizing properties in various industries and household applications.","og_url":"https:\/\/adchem.al\/al\/basic-chemicals\/hydrogen-peroxide\/","og_site_name":"Albania Distribution Chemicals","article_publisher":"https:\/\/www.facebook.com\/albaniadistributionchem\/?ref=py_c","article_modified_time":"2023-06-27T20:48:41+00:00","og_image":[{"width":800,"height":465,"url":"https:\/\/adchem.al\/wp-content\/uploads\/2023\/06\/800px-Hydrogen-peroxide-2D.png","type":"image\/png"}],"twitter_card":"summary_large_image","schema":{"@context":"https:\/\/schema.org","@graph":[{"@type":"WebPage","@id":"https:\/\/adchem.al\/basic-chemicals\/hydrogen-peroxide\/","url":"https:\/\/adchem.al\/basic-chemicals\/hydrogen-peroxide\/","name":"Hydrogen Peroxide | Albania Distribution Chemicals","isPartOf":{"@id":"https:\/\/adchem.al\/#website"},"primaryImageOfPage":{"@id":"https:\/\/adchem.al\/basic-chemicals\/hydrogen-peroxide\/#primaryimage"},"image":{"@id":"https:\/\/adchem.al\/basic-chemicals\/hydrogen-peroxide\/#primaryimage"},"thumbnailUrl":"https:\/\/adchem.al\/wp-content\/uploads\/2023\/06\/800px-Hydrogen-peroxide-2D.png","datePublished":"2023-06-24T15:13:38+00:00","dateModified":"2023-06-27T20:48:41+00:00","breadcrumb":{"@id":"https:\/\/adchem.al\/basic-chemicals\/hydrogen-peroxide\/#breadcrumb"},"inLanguage":"sq","potentialAction":[{"@type":"ReadAction","target":["https:\/\/adchem.al\/basic-chemicals\/hydrogen-peroxide\/"]}]},{"@type":"ImageObject","inLanguage":"sq","@id":"https:\/\/adchem.al\/basic-chemicals\/hydrogen-peroxide\/#primaryimage","url":"https:\/\/adchem.al\/wp-content\/uploads\/2023\/06\/800px-Hydrogen-peroxide-2D.png","contentUrl":"https:\/\/adchem.al\/wp-content\/uploads\/2023\/06\/800px-Hydrogen-peroxide-2D.png","width":800,"height":465},{"@type":"BreadcrumbList","@id":"https:\/\/adchem.al\/basic-chemicals\/hydrogen-peroxide\/#breadcrumb","itemListElement":[{"@type":"ListItem","position":1,"name":"Home","item":"https:\/\/adchem.al\/"},{"@type":"ListItem","position":2,"name":"Basic Chemicals","item":"https:\/\/adchem.al\/al\/basic-chemicals\/"},{"@type":"ListItem","position":3,"name":"Hydrogen Peroxide"}]},{"@type":"WebSite","@id":"https:\/\/adchem.al\/#website","url":"https:\/\/adchem.al\/","name":"Albania Distribution Chemicals","description":"&quot;Excellence in Chemical Distribution&quot;","publisher":{"@id":"https:\/\/adchem.al\/#organization"},"alternateName":"ADC","potentialAction":[{"@type":"SearchAction","target":{"@type":"EntryPoint","urlTemplate":"https:\/\/adchem.al\/?s={search_term_string}"},"query-input":{"@type":"PropertyValueSpecification","valueRequired":true,"valueName":"search_term_string"}}],"inLanguage":"sq"},{"@type":"Organization","@id":"https:\/\/adchem.al\/#organization","name":"Albania Distribution Chemicals","alternateName":"ADC","url":"https:\/\/adchem.al\/","logo":{"@type":"ImageObject","inLanguage":"sq","@id":"https:\/\/adchem.al\/#\/schema\/logo\/image\/","url":"https:\/\/adchem.al\/wp-content\/uploads\/2022\/09\/Albania-Distribution-Chemicals-Logo-01.png","contentUrl":"https:\/\/adchem.al\/wp-content\/uploads\/2022\/09\/Albania-Distribution-Chemicals-Logo-01.png","width":308,"height":104,"caption":"Albania Distribution Chemicals"},"image":{"@id":"https:\/\/adchem.al\/#\/schema\/logo\/image\/"},"sameAs":["https:\/\/www.facebook.com\/albaniadistributionchem\/?ref=py_c","https:\/\/www.instagram.com\/albania_distribution_chemicals\/"]}]}},"_links":{"self":[{"href":"https:\/\/adchem.al\/al\/wp-json\/wp\/v2\/pages\/988034","targetHints":{"allow":["GET"]}}],"collection":[{"href":"https:\/\/adchem.al\/al\/wp-json\/wp\/v2\/pages"}],"about":[{"href":"https:\/\/adchem.al\/al\/wp-json\/wp\/v2\/types\/page"}],"author":[{"embeddable":true,"href":"https:\/\/adchem.al\/al\/wp-json\/wp\/v2\/users\/2"}],"replies":[{"embeddable":true,"href":"https:\/\/adchem.al\/al\/wp-json\/wp\/v2\/comments?post=988034"}],"version-history":[{"count":10,"href":"https:\/\/adchem.al\/al\/wp-json\/wp\/v2\/pages\/988034\/revisions"}],"predecessor-version":[{"id":989177,"href":"https:\/\/adchem.al\/al\/wp-json\/wp\/v2\/pages\/988034\/revisions\/989177"}],"up":[{"embeddable":true,"href":"https:\/\/adchem.al\/al\/wp-json\/wp\/v2\/pages\/987952"}],"wp:featuredmedia":[{"embeddable":true,"href":"https:\/\/adchem.al\/al\/wp-json\/wp\/v2\/media\/988035"}],"wp:attachment":[{"href":"https:\/\/adchem.al\/al\/wp-json\/wp\/v2\/media?parent=988034"}],"curies":[{"name":"wp","href":"https:\/\/api.w.org\/{rel}","templated":true}]}}