{"id":988028,"date":"2023-06-24T15:08:52","date_gmt":"2023-06-24T15:08:52","guid":{"rendered":"https:\/\/adchem.al\/?page_id=988028"},"modified":"2023-06-27T20:44:56","modified_gmt":"2023-06-27T20:44:56","slug":"hydrochloric-acid","status":"publish","type":"page","link":"https:\/\/adchem.al\/al\/basic-chemicals\/hydrochloric-acid\/","title":{"rendered":"Acidi Klorhidrik"},"content":{"rendered":"<div data-elementor-type=\"wp-page\" data-elementor-id=\"988028\" class=\"elementor elementor-988028\" data-elementor-post-type=\"page\">\n\t\t\t\t\t\t<section class=\"elementor-section elementor-top-section elementor-element elementor-element-37858afc elementor-section-full_width elementor-section-height-default elementor-section-height-default\" data-id=\"37858afc\" data-element_type=\"section\">\n\t\t\t\t\t\t<div class=\"elementor-container elementor-column-gap-no\">\n\t\t\t\t\t<div class=\"elementor-column elementor-col-100 elementor-top-column elementor-element elementor-element-60bb79bd\" data-id=\"60bb79bd\" data-element_type=\"column\">\n\t\t\t<div class=\"elementor-widget-wrap elementor-element-populated\">\n\t\t\t\t\t\t<div class=\"vamtam-has-theme-widget-styles elementor-element elementor-element-86d4d6c elementor-widget elementor-widget-image\" data-id=\"86d4d6c\" data-element_type=\"widget\" data-widget_type=\"image.default\">\n\t\t\t\t<div class=\"elementor-widget-container\">\n\t\t\t\t\t\t\t\t\t<div class=\"elementor-image\">\n\t\t\t\t\t\t\t\t\t\t\t\t\t\t\t\t<figure class=\"wp-caption\">\n\t\t\t\t\t\t\t\t\t\t\t\t\t\t\t\t<img decoding=\"async\" width=\"199\" height=\"97\" src=\"https:\/\/adchem.al\/wp-content\/uploads\/2023\/06\/Hydrochloric_acid.svg\" class=\"attachment-full size-full wp-image-988029\" alt=\"\" \/>\t\t\t\t\t\t\t\t\t\t\t\t\t\t\t\t\t<figcaption class=\"widget-image-caption wp-caption-text\">Albania Distribution Chemicals<\/figcaption>\n\t\t\t\t\t\t\t\t\t\t\t\t\t\t\t\t<\/figure>\n\t\t\t\t\t\t\t\t\t\t\t\t\t\t<\/div>\n\t\t\t\t\t\t\t\t<\/div>\n\t\t\t\t<\/div>\n\t\t\t\t<div class=\"elementor-element elementor-element-61992a9a elementor-widget elementor-widget-text-editor\" data-id=\"61992a9a\" data-element_type=\"widget\" data-widget_type=\"text-editor.default\">\n\t\t\t\t<div class=\"elementor-widget-container\">\n\t\t\t\t\t\t\t\t\t<div class=\"woocommerce-product-details__short-description\"><div class=\"woocommerce-product-details__short-description\"><div class=\"woocommerce-product-details__short-description\"><p><strong>Produkti: Acid klorhidrik<\/strong><\/p><p><strong>Formula Kimike: HCl<\/strong><\/p><p><strong>Informacion rreth produktit:<\/strong><\/p><p>\u2013 Acidi klorhidrik \u00ebsht\u00eb nj\u00eb acid shum\u00eb g\u00ebrryes dhe i fort\u00eb me er\u00eb t\u00eb fort\u00eb.<br \/>\u2013 \u00cbsht\u00eb nj\u00eb l\u00ebng i pangjyr\u00eb deri paksa i verdh\u00eb q\u00eb tretet n\u00eb uj\u00eb.<br \/>\u2013 Acidi klorhidrik prodhohet duke tretur gaz klorur hidrogjeni n\u00eb uj\u00eb, duke rezultuar n\u00eb formimin e tret\u00ebsir\u00ebs s\u00eb acidit klorhidrik.<br \/>\u2013 P\u00ebrdoret gjer\u00ebsisht n\u00eb industri t\u00eb ndryshme p\u00ebr vetit\u00eb e tij acidike dhe aplikimet e gjithanshme.<\/p><p><strong>Informacion p\u00ebr sektorin e p\u00ebrdorimit t\u00eb produktit:<\/strong><\/p><p>1. Industria kimike:<br \/>\u2013 Rregullimi i pH: Acidi klorhidrik p\u00ebrdoret zakonisht p\u00ebr rregullimin e pH n\u00eb proceset kimike dhe aplikimet laboratorike.<br \/>\u2013 Sinteza Kimike: Sh\u00ebrben si reagent n\u00eb reaksione t\u00eb ndryshme kimike, duke p\u00ebrfshir\u00eb prodhimin e p\u00ebrb\u00ebrjeve organike dhe inorganike.<\/p><p>2. Pastrimi dhe turshia e metaleve:<br \/>\u2013 P\u00ebrgatitja e sip\u00ebrfaqes s\u00eb metalit: Acidi klorhidrik p\u00ebrdoret p\u00ebr pastrimin dhe p\u00ebrgatitjen e sip\u00ebrfaqeve metalike p\u00ebrpara lyerjes, veshjes ose veshjes p\u00ebr t\u00eb hequr ndryshkun, shkall\u00ebt dhe ndot\u00ebsit e tjer\u00eb.<br \/>\u2013 Pickling metali: P\u00ebrdoret n\u00eb procesin e turshive p\u00ebr t\u00eb hequr shtresat okside dhe papast\u00ebrtit\u00eb nga metalet, si \u00e7eliku, p\u00ebr t\u00eb p\u00ebrmir\u00ebsuar p\u00ebrfundimin e sip\u00ebrfaqes dhe rezistenc\u00ebn ndaj korrozionit.<\/p><p>3. Trajtimi i ujit:<br \/>\u2013 Kontrolli i pH: Acidi klorhidrik p\u00ebrdoret n\u00eb proceset e trajtimit t\u00eb ujit p\u00ebr t\u00eb rregulluar nivelet e pH t\u00eb ujit dhe p\u00ebr t\u00eb ruajtur p\u00ebrb\u00ebrjen e duhur kimike t\u00eb ujit.<br \/>\u2013 Dezinfektimi: Mund t\u00eb p\u00ebrdoret si dezinfektues n\u00eb sistemet e trajtimit t\u00eb ujit p\u00ebr t\u00eb vrar\u00eb bakteret, viruset dhe mikroorganizmat e tjer\u00eb.<\/p><p>4. Industria ushqimore:<br \/>\u2013 P\u00ebrpunimi i ushqimit: Acidi klorhidrik p\u00ebrdoret n\u00eb industrin\u00eb ushqimore p\u00ebr q\u00ebllime t\u00eb ndryshme, si acidifikimi, rregullimi i pH-s\u00eb dhe si p\u00ebrmir\u00ebsues i shijes n\u00eb disa produkte ushqimore. Megjithat\u00eb, p\u00ebrdorimi i tij n\u00eb p\u00ebrpunimin e ushqimit \u00ebsht\u00eb i rregulluar rrept\u00ebsisht p\u00ebr t\u00eb garantuar sigurin\u00eb ushqimore.<\/p><p>5. Industria farmaceutike:<br \/>\u2013 Prodhimi i barnave: Acidi klorhidrik p\u00ebrdoret n\u00eb prodhimin e barnave farmaceutike, ve\u00e7an\u00ebrisht n\u00eb sintez\u00ebn dhe pastrimin e p\u00ebrb\u00ebr\u00ebsve aktiv\u00eb farmaceutik\u00eb (API).<\/p><p>6. Rrezitja e l\u00ebkur\u00ebs:<br \/>\u2013 P\u00ebrpunimi i l\u00ebkur\u00ebs: Acidi klorhidrik p\u00ebrdoret n\u00eb industrin\u00eb e rrezitjes s\u00eb l\u00ebkur\u00ebs p\u00ebr heqjen e qimeve, mishit dhe papast\u00ebrtive t\u00eb tjera nga l\u00ebkura e kafsh\u00ebve gjat\u00eb fazave fillestare t\u00eb p\u00ebrpunimit t\u00eb l\u00ebkur\u00ebs.<\/p><p>7. Industria e naft\u00ebs dhe gazit:<br \/>\u2013 Acidizimi i pusit: Acidi klorhidrik p\u00ebrdoret n\u00eb proceset e acidizimit t\u00eb puseve n\u00eb industrin\u00eb e naft\u00ebs dhe gazit p\u00ebr t\u00eb pastruar dhe stimuluar puset e naft\u00ebs dhe gazit, duke p\u00ebrmir\u00ebsuar normat e prodhimit.<br \/>\u2013 L\u00ebngjet e thyerjes: Mund t\u00eb shtohet n\u00eb l\u00ebngjet e thyerjes p\u00ebr t\u00eb tretur mineralet karbonate dhe p\u00ebr t\u00eb parandaluar formimin e precipitateve t\u00eb d\u00ebmshme n\u00eb rezervuar\u00eb.<\/p><p>8. Pastrimi dhe heqja e gur\u00ebve:<br \/>\u2013 Pastrues sht\u00ebpiak: Acidi klorhidrik p\u00ebrdoret ndonj\u00ebher\u00eb n\u00eb pastruesit e sht\u00ebpis\u00eb, ve\u00e7an\u00ebrisht n\u00eb pastruesit e tualetit dhe p\u00ebr heqjen e gur\u00ebve t\u00eb g\u00eblqeres, p\u00ebr aft\u00ebsin\u00eb e tij p\u00ebr t\u00eb shp\u00ebrndar\u00eb depozitat dhe njollat minerale.<br \/>\u2013 Pastrimi industrial: P\u00ebrdoret n\u00eb aplikime pastrimi industrial, t\u00eb tilla si pastrimi i kaldajave, tubacioneve dhe shk\u00ebmbyesve t\u00eb nxeht\u00ebsis\u00eb, p\u00ebr t\u00eb hequr depozitat minerale dhe p\u00ebr t\u00eb p\u00ebrmir\u00ebsuar efikasitetin.<\/p><p>9. Trajtimi i uj\u00ebrave t\u00eb zeza:<br \/>\u2013 Rregullimi i pH: Acidi klorhidrik p\u00ebrdoret n\u00eb impiantet e trajtimit t\u00eb uj\u00ebrave t\u00eb zeza p\u00ebr t\u00eb rregulluar pH-n\u00eb e efluentit p\u00ebrpara shkarkimit ose trajtimit t\u00eb m\u00ebtejsh\u00ebm.<br \/>\u2013 Reshjet e metaleve: Mund t\u00eb shtohet n\u00eb uj\u00ebrat e zeza p\u00ebr t\u00eb precipituar dhe hequr metalet e r\u00ebnda p\u00ebrmes reaksioneve kimike.<\/p><p>10. Laboratori dhe K\u00ebrkimi:<br \/>\u2013 Kimia analitike: Acidi klorhidrik p\u00ebrdoret zakonisht n\u00eb laborator\u00eb p\u00ebr procedura t\u00eb ndryshme analitike, t\u00eb tilla si p\u00ebrgatitja e mostr\u00ebs, matja e pH-s\u00eb dhe titrimi.<\/p><p>Acidi klorhidrik \u00ebsht\u00eb nj\u00eb kimikat i gjithansh\u00ebm me aplikime t\u00eb r\u00ebnd\u00ebsishme industriale n\u00eb shum\u00eb sektor\u00eb. Megjithat\u00eb, \u00ebsht\u00eb thelb\u00ebsore t\u00eb trajtohet me kujdes p\u00ebr shkak t\u00eb natyr\u00ebs s\u00eb tij g\u00ebrryese dhe t\u00eb sigurohet pajtueshm\u00ebria me udh\u00ebzimet dhe rregulloret e siguris\u00eb.<\/p><\/div><\/div><\/div>\t\t\t\t\t\t\t\t<\/div>\n\t\t\t\t<\/div>\n\t\t\t\t<section class=\"elementor-section elementor-inner-section elementor-element elementor-element-338bf03 elementor-section-boxed elementor-section-height-default elementor-section-height-default\" data-id=\"338bf03\" data-element_type=\"section\" data-settings=\"{&quot;background_background&quot;:&quot;classic&quot;}\">\n\t\t\t\t\t\t<div class=\"elementor-container elementor-column-gap-no\">\n\t\t\t\t\t<div class=\"elementor-column elementor-col-100 elementor-inner-column elementor-element elementor-element-8d0de1b\" data-id=\"8d0de1b\" data-element_type=\"column\">\n\t\t\t<div class=\"elementor-widget-wrap elementor-element-populated\">\n\t\t\t\t\t\t<div class=\"elementor-element elementor-element-3391811 elementor-view-default elementor-widget elementor-widget-icon\" data-id=\"3391811\" data-element_type=\"widget\" data-widget_type=\"icon.default\">\n\t\t\t\t<div class=\"elementor-widget-container\">\n\t\t\t\t\t\t\t<div class=\"elementor-icon-wrapper\">\n\t\t\t<div class=\"elementor-icon\">\n\t\t\t<i aria-hidden=\"true\" class=\"vamtamtheme- vamtam-theme-quote-start\"><\/i>\t\t\t<\/div>\n\t\t<\/div>\n\t\t\t\t\t\t<\/div>\n\t\t\t\t<\/div>\n\t\t\t\t<div class=\"elementor-element elementor-element-7fcaf38 elementor-widget elementor-widget-text-editor\" data-id=\"7fcaf38\" data-element_type=\"widget\" data-widget_type=\"text-editor.default\">\n\t\t\t\t<div class=\"elementor-widget-container\">\n\t\t\t\t\t\t\t\t\t<p>\"P\u00ebr \u00e7do informacion, shkruani n\u00eb WhatsApp: Gjith\u00e7ka q\u00eb ju nevojitet, n\u00eb koh\u00eb reale, n\u00eb nj\u00eb mesazh. Na kontaktoni dhe jemi gati t\u00eb ju ndihmojm\u00eb.\"<\/p>\t\t\t\t\t\t\t\t<\/div>\n\t\t\t\t<\/div>\n\t\t\t\t<div class=\"elementor-element elementor-element-b74163f elementor-widget-divider--view-line elementor-widget elementor-widget-divider\" data-id=\"b74163f\" data-element_type=\"widget\" data-widget_type=\"divider.default\">\n\t\t\t\t<div class=\"elementor-widget-container\">\n\t\t\t\t\t\t\t<div class=\"elementor-divider\">\n\t\t\t<span class=\"elementor-divider-separator\">\n\t\t\t\t\t\t<\/span>\n\t\t<\/div>\n\t\t\t\t\t\t<\/div>\n\t\t\t\t<\/div>\n\t\t\t\t<div class=\"vamtam-has-theme-widget-styles elementor-element elementor-element-f4b2247 elementor-widget__width-auto vamtam-has-underline-anim elementor-widget elementor-widget-button\" data-id=\"f4b2247\" data-element_type=\"widget\" data-widget_type=\"button.default\">\n\t\t\t\t<div class=\"elementor-widget-container\">\n\t\t\t\t\t\t\t\t\t<div class=\"elementor-button-wrapper\">\n\t\t\t\t\t<a class=\"elementor-button elementor-button-link elementor-size-md\" href=\"https:\/\/wa.me\/355694000260\">\n\t\t\t\t\t\t<span class=\"elementor-button-content-wrapper\">\n\t\t\t\t\t\t<span class=\"elementor-button-icon\">\n\t\t\t\t<i aria-hidden=\"true\" class=\"vamtamtheme- vamtam-theme-icon-arrow-right-top\"><\/i>\t\t\t<\/span>\n\t\t\t\t\t\t\t\t\t<span class=\"elementor-button-text\">Kontaktoni WhatsApp<\/span>\n\t\t\t\t\t<\/span>\n\t\t\t\t\t<\/a>\n\t\t\t\t<\/div>\n\t\t\t\t\t\t\t\t<\/div>\n\t\t\t\t<\/div>\n\t\t\t\t<div class=\"elementor-element elementor-element-e603574 elementor-widget__width-auto elementor-widget elementor-widget-heading\" data-id=\"e603574\" data-element_type=\"widget\" data-widget_type=\"heading.default\">\n\t\t\t\t<div class=\"elementor-widget-container\">\n\t\t\t\t\t<span class=\"elementor-heading-title elementor-size-default\">Albania Distribution Chemicals\n<\/span>\t\t\t\t<\/div>\n\t\t\t\t<\/div>\n\t\t\t\t\t<\/div>\n\t\t<\/div>\n\t\t\t\t\t<\/div>\n\t\t<\/section>\n\t\t\t\t\t<\/div>\n\t\t<\/div>\n\t\t\t\t\t<\/div>\n\t\t<\/section>\n\t\t\t\t<section class=\"elementor-section elementor-top-section elementor-element elementor-element-b3fd502 elementor-section-boxed elementor-section-height-default elementor-section-height-default\" data-id=\"b3fd502\" data-element_type=\"section\">\n\t\t\t\t\t\t<div class=\"elementor-container elementor-column-gap-default\">\n\t\t\t\t\t<div class=\"elementor-column elementor-col-100 elementor-top-column elementor-element elementor-element-a879885\" data-id=\"a879885\" data-element_type=\"column\">\n\t\t\t<div class=\"elementor-widget-wrap elementor-element-populated\">\n\t\t\t\t\t\t<div class=\"elementor-element elementor-element-4a3fe1c elementor-widget elementor-widget-spacer\" data-id=\"4a3fe1c\" data-element_type=\"widget\" data-widget_type=\"spacer.default\">\n\t\t\t\t<div class=\"elementor-widget-container\">\n\t\t\t\t\t\t\t<div class=\"elementor-spacer\">\n\t\t\t<div class=\"elementor-spacer-inner\"><\/div>\n\t\t<\/div>\n\t\t\t\t\t\t<\/div>\n\t\t\t\t<\/div>\n\t\t\t\t<div class=\"vamtam-has-theme-widget-styles elementor-element elementor-element-feed2fe elementor-widget elementor-widget-image\" data-id=\"feed2fe\" data-element_type=\"widget\" data-widget_type=\"image.default\">\n\t\t\t\t<div class=\"elementor-widget-container\">\n\t\t\t\t\t\t\t\t\t<div class=\"elementor-image\">\n\t\t\t\t\t\t\t\t\t\t\t\t\t\t\t\t\t\t\t\t\t<img fetchpriority=\"high\" decoding=\"async\" width=\"8000\" height=\"1355\" src=\"https:\/\/adchem.al\/wp-content\/uploads\/2023\/06\/baner-albania-distribution-chemicals-01.png\" class=\"attachment-full size-full wp-image-987764\" alt=\"\" srcset=\"https:\/\/adchem.al\/wp-content\/uploads\/2023\/06\/baner-albania-distribution-chemicals-01.png 8000w, https:\/\/adchem.al\/wp-content\/uploads\/2023\/06\/baner-albania-distribution-chemicals-01-300x51.png 300w, https:\/\/adchem.al\/wp-content\/uploads\/2023\/06\/baner-albania-distribution-chemicals-01-1024x173.png 1024w, https:\/\/adchem.al\/wp-content\/uploads\/2023\/06\/baner-albania-distribution-chemicals-01-768x130.png 768w, https:\/\/adchem.al\/wp-content\/uploads\/2023\/06\/baner-albania-distribution-chemicals-01-1536x260.png 1536w, https:\/\/adchem.al\/wp-content\/uploads\/2023\/06\/baner-albania-distribution-chemicals-01-2048x347.png 2048w\" sizes=\"(max-width: 8000px) 100vw, 8000px\" \/>\t\t\t\t\t\t\t\t\t\t\t\t\t\t\t\t\t\t\t\t\t\t\t\t<\/div>\n\t\t\t\t\t\t\t\t<\/div>\n\t\t\t\t<\/div>\n\t\t\t\t\t<\/div>\n\t\t<\/div>\n\t\t\t\t\t<\/div>\n\t\t<\/section>\n\t\t\t\t<\/div>","protected":false},"excerpt":{"rendered":"<p>Produkti: Acid klorhidrik<\/p>\n<p>Formula Kimike: HCl<\/p>\n<p>Informacion rreth produktit:<\/p>\n<p>\u2013 Acidi klorhidrik \u00ebsht\u00eb nj\u00eb acid shum\u00eb g\u00ebrryes dhe i fort\u00eb me er\u00eb t\u00eb fort\u00eb.<br \/>\n\u2013 \u00cbsht\u00eb nj\u00eb l\u00ebng i pangjyr\u00eb deri paksa i verdh\u00eb q\u00eb tretet n\u00eb uj\u00eb.<br \/>\n\u2013 Acidi klorhidrik prodhohet duke tretur gaz klorur hidrogjeni n\u00eb uj\u00eb, duke rezultuar n\u00eb formimin e tret\u00ebsir\u00ebs s\u00eb acidit klorhidrik.<br \/>\n\u2013 P\u00ebrdoret gjer\u00ebsisht n\u00eb industri t\u00eb ndryshme p\u00ebr vetit\u00eb e tij acidike dhe aplikimet e gjithanshme.<\/p>","protected":false},"author":2,"featured_media":988029,"parent":987952,"menu_order":0,"comment_status":"closed","ping_status":"closed","template":"","meta":{"inline_featured_image":false,"footnotes":""},"class_list":["post-988028","page","type-page","status-publish","has-post-thumbnail","hentry"],"yoast_head":"<!-- This site is optimized with the Yoast SEO plugin v27.4 - https:\/\/yoast.com\/product\/yoast-seo-wordpress\/ -->\n<title>Hydrochloric Acid | Albania Distribution Chemicals<\/title>\n<meta name=\"robots\" content=\"index, follow, max-snippet:-1, max-image-preview:large, max-video-preview:-1\" \/>\n<link rel=\"canonical\" href=\"https:\/\/adchem.al\/al\/basic-chemicals\/hydrochloric-acid\/\" \/>\n<meta property=\"og:locale\" content=\"sq_AL\" \/>\n<meta property=\"og:type\" content=\"article\" \/>\n<meta property=\"og:title\" content=\"Hydrochloric Acid | Albania Distribution Chemicals\" \/>\n<meta property=\"og:description\" content=\"Product: Hydrochloric Acid Chemical Formula: HCl Information about the product: - Hydrochloric acid is a highly corrosive and strong acid with a pungent odor. - It is a colorless to slightly yellow liquid that is soluble in water. - Hydrochloric acid is produced by dissolving hydrogen chloride gas in water, resulting in the formation of hydrochloric acid solution. - It is widely used in various industries for its acidic properties and versatile applications.\" \/>\n<meta property=\"og:url\" content=\"https:\/\/adchem.al\/al\/basic-chemicals\/hydrochloric-acid\/\" \/>\n<meta property=\"og:site_name\" content=\"Albania Distribution Chemicals\" \/>\n<meta property=\"article:publisher\" content=\"https:\/\/www.facebook.com\/albaniadistributionchem\/?ref=py_c\" \/>\n<meta property=\"article:modified_time\" content=\"2023-06-27T20:44:56+00:00\" \/>\n<meta property=\"og:image\" content=\"https:\/\/adchem.al\/wp-content\/uploads\/2023\/06\/adchem-wallpaper-home.webp-2.webp\" \/>\n\t<meta property=\"og:image:width\" content=\"2560\" \/>\n\t<meta property=\"og:image:height\" content=\"1244\" \/>\n\t<meta property=\"og:image:type\" content=\"image\/webp\" \/>\n<meta name=\"twitter:card\" content=\"summary_large_image\" \/>\n<script type=\"application\/ld+json\" class=\"yoast-schema-graph\">{\"@context\":\"https:\\\/\\\/schema.org\",\"@graph\":[{\"@type\":\"WebPage\",\"@id\":\"https:\\\/\\\/adchem.al\\\/basic-chemicals\\\/hydrochloric-acid\\\/\",\"url\":\"https:\\\/\\\/adchem.al\\\/basic-chemicals\\\/hydrochloric-acid\\\/\",\"name\":\"Hydrochloric Acid | Albania Distribution Chemicals\",\"isPartOf\":{\"@id\":\"https:\\\/\\\/adchem.al\\\/#website\"},\"primaryImageOfPage\":{\"@id\":\"https:\\\/\\\/adchem.al\\\/basic-chemicals\\\/hydrochloric-acid\\\/#primaryimage\"},\"image\":{\"@id\":\"https:\\\/\\\/adchem.al\\\/basic-chemicals\\\/hydrochloric-acid\\\/#primaryimage\"},\"thumbnailUrl\":\"https:\\\/\\\/adchem.al\\\/wp-content\\\/uploads\\\/2023\\\/06\\\/Hydrochloric_acid.svg\",\"datePublished\":\"2023-06-24T15:08:52+00:00\",\"dateModified\":\"2023-06-27T20:44:56+00:00\",\"breadcrumb\":{\"@id\":\"https:\\\/\\\/adchem.al\\\/basic-chemicals\\\/hydrochloric-acid\\\/#breadcrumb\"},\"inLanguage\":\"sq\",\"potentialAction\":[{\"@type\":\"ReadAction\",\"target\":[\"https:\\\/\\\/adchem.al\\\/basic-chemicals\\\/hydrochloric-acid\\\/\"]}]},{\"@type\":\"ImageObject\",\"inLanguage\":\"sq\",\"@id\":\"https:\\\/\\\/adchem.al\\\/basic-chemicals\\\/hydrochloric-acid\\\/#primaryimage\",\"url\":\"https:\\\/\\\/adchem.al\\\/wp-content\\\/uploads\\\/2023\\\/06\\\/Hydrochloric_acid.svg\",\"contentUrl\":\"https:\\\/\\\/adchem.al\\\/wp-content\\\/uploads\\\/2023\\\/06\\\/Hydrochloric_acid.svg\",\"width\":199,\"height\":97},{\"@type\":\"BreadcrumbList\",\"@id\":\"https:\\\/\\\/adchem.al\\\/basic-chemicals\\\/hydrochloric-acid\\\/#breadcrumb\",\"itemListElement\":[{\"@type\":\"ListItem\",\"position\":1,\"name\":\"Home\",\"item\":\"https:\\\/\\\/adchem.al\\\/\"},{\"@type\":\"ListItem\",\"position\":2,\"name\":\"Basic Chemicals\",\"item\":\"https:\\\/\\\/adchem.al\\\/al\\\/basic-chemicals\\\/\"},{\"@type\":\"ListItem\",\"position\":3,\"name\":\"Hydrochloric Acid\"}]},{\"@type\":\"WebSite\",\"@id\":\"https:\\\/\\\/adchem.al\\\/#website\",\"url\":\"https:\\\/\\\/adchem.al\\\/\",\"name\":\"Albania Distribution Chemicals\",\"description\":\"&quot;Excellence in Chemical Distribution&quot;\",\"publisher\":{\"@id\":\"https:\\\/\\\/adchem.al\\\/#organization\"},\"alternateName\":\"ADC\",\"potentialAction\":[{\"@type\":\"SearchAction\",\"target\":{\"@type\":\"EntryPoint\",\"urlTemplate\":\"https:\\\/\\\/adchem.al\\\/?s={search_term_string}\"},\"query-input\":{\"@type\":\"PropertyValueSpecification\",\"valueRequired\":true,\"valueName\":\"search_term_string\"}}],\"inLanguage\":\"sq\"},{\"@type\":\"Organization\",\"@id\":\"https:\\\/\\\/adchem.al\\\/#organization\",\"name\":\"Albania Distribution Chemicals\",\"alternateName\":\"ADC\",\"url\":\"https:\\\/\\\/adchem.al\\\/\",\"logo\":{\"@type\":\"ImageObject\",\"inLanguage\":\"sq\",\"@id\":\"https:\\\/\\\/adchem.al\\\/#\\\/schema\\\/logo\\\/image\\\/\",\"url\":\"https:\\\/\\\/adchem.al\\\/wp-content\\\/uploads\\\/2022\\\/09\\\/Albania-Distribution-Chemicals-Logo-01.png\",\"contentUrl\":\"https:\\\/\\\/adchem.al\\\/wp-content\\\/uploads\\\/2022\\\/09\\\/Albania-Distribution-Chemicals-Logo-01.png\",\"width\":308,\"height\":104,\"caption\":\"Albania Distribution Chemicals\"},\"image\":{\"@id\":\"https:\\\/\\\/adchem.al\\\/#\\\/schema\\\/logo\\\/image\\\/\"},\"sameAs\":[\"https:\\\/\\\/www.facebook.com\\\/albaniadistributionchem\\\/?ref=py_c\",\"https:\\\/\\\/www.instagram.com\\\/albania_distribution_chemicals\\\/\"]}]}<\/script>\n<!-- \/ Yoast SEO plugin. -->","yoast_head_json":{"title":"Hydrochloric Acid | Albania Distribution Chemicals","robots":{"index":"index","follow":"follow","max-snippet":"max-snippet:-1","max-image-preview":"max-image-preview:large","max-video-preview":"max-video-preview:-1"},"canonical":"https:\/\/adchem.al\/al\/basic-chemicals\/hydrochloric-acid\/","og_locale":"sq_AL","og_type":"article","og_title":"Hydrochloric Acid | Albania Distribution Chemicals","og_description":"Product: Hydrochloric Acid Chemical Formula: HCl Information about the product: - Hydrochloric acid is a highly corrosive and strong acid with a pungent odor. - It is a colorless to slightly yellow liquid that is soluble in water. - Hydrochloric acid is produced by dissolving hydrogen chloride gas in water, resulting in the formation of hydrochloric acid solution. - It is widely used in various industries for its acidic properties and versatile applications.","og_url":"https:\/\/adchem.al\/al\/basic-chemicals\/hydrochloric-acid\/","og_site_name":"Albania Distribution Chemicals","article_publisher":"https:\/\/www.facebook.com\/albaniadistributionchem\/?ref=py_c","article_modified_time":"2023-06-27T20:44:56+00:00","og_image":[{"width":2560,"height":1244,"url":"https:\/\/adchem.al\/wp-content\/uploads\/2023\/06\/adchem-wallpaper-home.webp-2.webp","type":"image\/webp"}],"twitter_card":"summary_large_image","schema":{"@context":"https:\/\/schema.org","@graph":[{"@type":"WebPage","@id":"https:\/\/adchem.al\/basic-chemicals\/hydrochloric-acid\/","url":"https:\/\/adchem.al\/basic-chemicals\/hydrochloric-acid\/","name":"Hydrochloric Acid | Albania Distribution Chemicals","isPartOf":{"@id":"https:\/\/adchem.al\/#website"},"primaryImageOfPage":{"@id":"https:\/\/adchem.al\/basic-chemicals\/hydrochloric-acid\/#primaryimage"},"image":{"@id":"https:\/\/adchem.al\/basic-chemicals\/hydrochloric-acid\/#primaryimage"},"thumbnailUrl":"https:\/\/adchem.al\/wp-content\/uploads\/2023\/06\/Hydrochloric_acid.svg","datePublished":"2023-06-24T15:08:52+00:00","dateModified":"2023-06-27T20:44:56+00:00","breadcrumb":{"@id":"https:\/\/adchem.al\/basic-chemicals\/hydrochloric-acid\/#breadcrumb"},"inLanguage":"sq","potentialAction":[{"@type":"ReadAction","target":["https:\/\/adchem.al\/basic-chemicals\/hydrochloric-acid\/"]}]},{"@type":"ImageObject","inLanguage":"sq","@id":"https:\/\/adchem.al\/basic-chemicals\/hydrochloric-acid\/#primaryimage","url":"https:\/\/adchem.al\/wp-content\/uploads\/2023\/06\/Hydrochloric_acid.svg","contentUrl":"https:\/\/adchem.al\/wp-content\/uploads\/2023\/06\/Hydrochloric_acid.svg","width":199,"height":97},{"@type":"BreadcrumbList","@id":"https:\/\/adchem.al\/basic-chemicals\/hydrochloric-acid\/#breadcrumb","itemListElement":[{"@type":"ListItem","position":1,"name":"Home","item":"https:\/\/adchem.al\/"},{"@type":"ListItem","position":2,"name":"Basic Chemicals","item":"https:\/\/adchem.al\/al\/basic-chemicals\/"},{"@type":"ListItem","position":3,"name":"Hydrochloric Acid"}]},{"@type":"WebSite","@id":"https:\/\/adchem.al\/#website","url":"https:\/\/adchem.al\/","name":"Albania Distribution Chemicals","description":"&quot;Excellence in Chemical Distribution&quot;","publisher":{"@id":"https:\/\/adchem.al\/#organization"},"alternateName":"ADC","potentialAction":[{"@type":"SearchAction","target":{"@type":"EntryPoint","urlTemplate":"https:\/\/adchem.al\/?s={search_term_string}"},"query-input":{"@type":"PropertyValueSpecification","valueRequired":true,"valueName":"search_term_string"}}],"inLanguage":"sq"},{"@type":"Organization","@id":"https:\/\/adchem.al\/#organization","name":"Albania Distribution Chemicals","alternateName":"ADC","url":"https:\/\/adchem.al\/","logo":{"@type":"ImageObject","inLanguage":"sq","@id":"https:\/\/adchem.al\/#\/schema\/logo\/image\/","url":"https:\/\/adchem.al\/wp-content\/uploads\/2022\/09\/Albania-Distribution-Chemicals-Logo-01.png","contentUrl":"https:\/\/adchem.al\/wp-content\/uploads\/2022\/09\/Albania-Distribution-Chemicals-Logo-01.png","width":308,"height":104,"caption":"Albania Distribution Chemicals"},"image":{"@id":"https:\/\/adchem.al\/#\/schema\/logo\/image\/"},"sameAs":["https:\/\/www.facebook.com\/albaniadistributionchem\/?ref=py_c","https:\/\/www.instagram.com\/albania_distribution_chemicals\/"]}]}},"_links":{"self":[{"href":"https:\/\/adchem.al\/al\/wp-json\/wp\/v2\/pages\/988028","targetHints":{"allow":["GET"]}}],"collection":[{"href":"https:\/\/adchem.al\/al\/wp-json\/wp\/v2\/pages"}],"about":[{"href":"https:\/\/adchem.al\/al\/wp-json\/wp\/v2\/types\/page"}],"author":[{"embeddable":true,"href":"https:\/\/adchem.al\/al\/wp-json\/wp\/v2\/users\/2"}],"replies":[{"embeddable":true,"href":"https:\/\/adchem.al\/al\/wp-json\/wp\/v2\/comments?post=988028"}],"version-history":[{"count":10,"href":"https:\/\/adchem.al\/al\/wp-json\/wp\/v2\/pages\/988028\/revisions"}],"predecessor-version":[{"id":989174,"href":"https:\/\/adchem.al\/al\/wp-json\/wp\/v2\/pages\/988028\/revisions\/989174"}],"up":[{"embeddable":true,"href":"https:\/\/adchem.al\/al\/wp-json\/wp\/v2\/pages\/987952"}],"wp:featuredmedia":[{"embeddable":true,"href":"https:\/\/adchem.al\/al\/wp-json\/wp\/v2\/media\/988029"}],"wp:attachment":[{"href":"https:\/\/adchem.al\/al\/wp-json\/wp\/v2\/media?parent=988028"}],"curies":[{"name":"wp","href":"https:\/\/api.w.org\/{rel}","templated":true}]}}