{"id":988014,"date":"2023-06-24T14:49:40","date_gmt":"2023-06-24T14:49:40","guid":{"rendered":"https:\/\/adchem.al\/?page_id=988014"},"modified":"2023-06-27T20:36:22","modified_gmt":"2023-06-27T20:36:22","slug":"carbon-activated","status":"publish","type":"page","link":"https:\/\/adchem.al\/al\/basic-chemicals\/carbon-activated\/","title":{"rendered":"Karboni Aktiv"},"content":{"rendered":"<div data-elementor-type=\"wp-page\" data-elementor-id=\"988014\" class=\"elementor elementor-988014\" data-elementor-post-type=\"page\">\n\t\t\t\t\t\t<section class=\"elementor-section elementor-top-section elementor-element elementor-element-37858afc elementor-section-full_width elementor-section-height-default elementor-section-height-default\" data-id=\"37858afc\" data-element_type=\"section\">\n\t\t\t\t\t\t<div class=\"elementor-container elementor-column-gap-no\">\n\t\t\t\t\t<div class=\"elementor-column elementor-col-100 elementor-top-column elementor-element elementor-element-60bb79bd\" data-id=\"60bb79bd\" data-element_type=\"column\">\n\t\t\t<div class=\"elementor-widget-wrap elementor-element-populated\">\n\t\t\t\t\t\t<div class=\"vamtam-has-theme-widget-styles elementor-element elementor-element-86d4d6c elementor-widget elementor-widget-image\" data-id=\"86d4d6c\" data-element_type=\"widget\" data-widget_type=\"image.default\">\n\t\t\t\t<div class=\"elementor-widget-container\">\n\t\t\t\t\t\t\t\t\t<div class=\"elementor-image\">\n\t\t\t\t\t\t\t\t\t\t\t\t\t\t\t\t<figure class=\"wp-caption\">\n\t\t\t\t\t\t\t\t\t\t\t\t\t\t\t\t<img fetchpriority=\"high\" decoding=\"async\" width=\"634\" height=\"350\" src=\"https:\/\/adchem.al\/wp-content\/uploads\/2023\/06\/d0ew00328j-u3_hi-res.gif\" class=\"attachment-full size-full wp-image-988016\" alt=\"\" \/>\t\t\t\t\t\t\t\t\t\t\t\t\t\t\t\t\t<figcaption class=\"widget-image-caption wp-caption-text\">Albania Distribution Chemicals<\/figcaption>\n\t\t\t\t\t\t\t\t\t\t\t\t\t\t\t\t<\/figure>\n\t\t\t\t\t\t\t\t\t\t\t\t\t\t<\/div>\n\t\t\t\t\t\t\t\t<\/div>\n\t\t\t\t<\/div>\n\t\t\t\t<div class=\"elementor-element elementor-element-61992a9a elementor-widget elementor-widget-text-editor\" data-id=\"61992a9a\" data-element_type=\"widget\" data-widget_type=\"text-editor.default\">\n\t\t\t\t<div class=\"elementor-widget-container\">\n\t\t\t\t\t\t\t\t\t<div class=\"woocommerce-product-details__short-description\"><div class=\"woocommerce-product-details__short-description\"><div class=\"woocommerce-product-details__short-description\"><p><strong>Produkti: Karboni i aktivizuar<\/strong><\/p><p><strong>Formula Kimike: C (karboni elementar)<\/strong><\/p><p><strong>Informacion rreth produktit:<\/strong><\/p><p>\u2013 Karboni i aktivizuar, i njohur gjithashtu si qymyr i aktivizuar, \u00ebsht\u00eb nj\u00eb form\u00eb shum\u00eb poroze e karbonit me nj\u00eb sip\u00ebrfaqe t\u00eb madhe.<br \/>\u2013 Prodhohet nga ngrohja e materialeve karbonike, si druri, qymyri ose l\u00ebvozhgat e kokosit, n\u00eb temperatura t\u00eb larta n\u00eb munges\u00eb t\u00eb oksigjenit, duke rezultuar n\u00eb zhvillimin e poreve t\u00eb shumta t\u00eb vogla dhe nj\u00eb struktur\u00eb shum\u00eb absorbuese.<br \/>\u2013 Procesi i aktivizimit krijon nj\u00eb rrjet mikroporesh dhe mezoporesh t\u00eb nd\u00ebrlidhura, duke i dh\u00ebn\u00eb karbonit aktiv vetit\u00eb e tij unike.<\/p><p><strong>Informacion p\u00ebr sektorin e p\u00ebrdorimit t\u00eb produktit:<\/strong><\/p><p>1. Trajtimi i ujit:<br \/>\u2013 Pastrimi i ujit: Karboni i aktivizuar p\u00ebrdoret gjer\u00ebsisht n\u00eb proceset e trajtimit t\u00eb ujit, duke p\u00ebrfshir\u00eb impiantet e trajtimit t\u00eb ujit komunal dhe filtrat e ujit n\u00eb sht\u00ebpi, p\u00ebr t\u00eb hequr papast\u00ebrtit\u00eb, ndot\u00ebsit organik\u00eb, klorit dhe aromat dhe shijet e pak\u00ebndshme.<br \/>\u2013 Heqja kimike: Mund t\u00eb p\u00ebrthith\u00eb n\u00eb m\u00ebnyr\u00eb efektive kimikate dhe ndot\u00ebs t\u00eb ndrysh\u00ebm, si pesticidet, tret\u00ebsit dhe komponimet organike t\u00eb paq\u00ebndrueshme (VOCs), nga burimet e ujit.<\/p><p>2. Pastrimi i ajrit dhe gazit:<br \/>\u2013 Filtrat e ajrit: Filtrat e karbonit t\u00eb aktivizuar p\u00ebrdoren n\u00eb pastruesit e ajrit, sistemet HVAC dhe sistemet industriale t\u00eb filtrimit t\u00eb ajrit p\u00ebr t\u00eb hequr aromat, komponimet organike t\u00eb paq\u00ebndrueshme (VOCs) dhe gazrat e d\u00ebmsh\u00ebm nga ajri.<br \/>\u2013 Pajisjet mbrojt\u00ebse personale: P\u00ebrdoret n\u00eb respirator\u00eb dhe maska gazi si nj\u00eb mjet filtrimi p\u00ebr t\u00eb mbrojtur kund\u00ebr ndot\u00ebsve t\u00eb ajrit.<\/p><p>3. P\u00ebrmir\u00ebsimi i mjedisit:<br \/>\u2013 P\u00ebrmir\u00ebsimi i tok\u00ebs dhe uj\u00ebrave n\u00ebntok\u00ebsore: Karboni i aktivizuar p\u00ebrdoret n\u00eb projektet e rehabilitimit mjedisor p\u00ebr t\u00eb absorbuar dhe hequr ndot\u00ebsit organik\u00eb nga toka dhe uj\u00ebrat n\u00ebntok\u00ebsore, duke ndihmuar n\u00eb pastrimin e vendeve t\u00eb kontaminuara.<\/p><p>4. Proceset industriale:<br \/>\u2013 Pastrimi i gazit industrial: Karboni i aktivizuar p\u00ebrdoret n\u00eb aplikimet e pastrimit t\u00eb gazit, t\u00eb tilla si heqja e papast\u00ebrtive nga rrjedhat e gazit natyror, hidrogjenit dhe biogazit.<br \/>\u2013 Rikuperimi i tret\u00ebsve: P\u00ebrdoret n\u00eb sistemet e rikuperimit t\u00eb tret\u00ebsve p\u00ebr t\u00eb thithur dhe rikuperuar tret\u00ebs p\u00ebr rip\u00ebrdorim n\u00eb procese t\u00eb ndryshme industriale.<\/p><p>5. Industria e ushqimit dhe pijeve:<br \/>\u2013 P\u00ebrpunimi i ushqimit: Karboni i aktivizuar p\u00ebrdoret n\u00eb aplikimet e p\u00ebrpunimit t\u00eb ushqimit, t\u00eb tilla si \u00e7ngjyrosje e shurupeve t\u00eb sheqerit dhe heqja e papast\u00ebrtive nga l\u00ebngjet e frutave dhe pijet alkoolike.<br \/>\u2013 Kontrolli i er\u00ebs: Mund t\u00eb p\u00ebrdoret p\u00ebr t\u00eb hequr aromat e pad\u00ebshiruara nga produktet ushqimore, zonat e magazinimit dhe mjediset industriale t\u00eb p\u00ebrpunimit t\u00eb ushqimit.<\/p><p>6. Aplikimet farmaceutike dhe mjek\u00ebsore:<br \/>\u2013 P\u00ebrdorimet medicinale: Karboni i aktivizuar p\u00ebrdoret n\u00eb trajtime t\u00eb caktuara mjek\u00ebsore, si p\u00ebr trajtimin e mbidozave ose helmimeve me ila\u00e7e, pasi mund t\u00eb p\u00ebrthith\u00eb toksinat dhe t\u00eb parandaloj\u00eb p\u00ebrthithjen e tyre nga trupi.<br \/>\u2013 Hemodializa: P\u00ebrdoret n\u00eb makinat e hemodializ\u00ebs p\u00ebr t\u00eb hequr ure dhe produkte t\u00eb tjera mbetjesh nga gjaku gjat\u00eb trajtimit t\u00eb d\u00ebshtimit t\u00eb veshkave.<\/p><p>7. Rikuperimi i arit:<br \/>\u2013 Karboni i aktivizuar p\u00ebrdoret n\u00eb industrin\u00eb e minierave t\u00eb arit p\u00ebr t\u00eb absorbuar jonet e arit nga solucionet e kullimit t\u00eb cianidit, duke leht\u00ebsuar nxjerrjen dhe rikuperimin e arit nga xeherori.<\/p><p>8. Industria kimike dhe petrokimike:<br \/>\u2013 Mb\u00ebshtetja e katalizatorit: Karboni i aktivizuar mund t\u00eb sh\u00ebrbej\u00eb si nj\u00eb mb\u00ebshtetje katalizatore n\u00eb reaksione t\u00eb ndryshme kimike dhe procese katalitike.<br \/>\u2013 Rikuperimi i benzin\u00ebs dhe avullit: P\u00ebrdoret n\u00eb sistemet e rikuperimit t\u00eb avullit p\u00ebr t\u00eb kapur dhe rikuperuar hidrokarburet e paq\u00ebndrueshme nga avujt e benzin\u00ebs.<\/p><p>9. Ruajtja e energjis\u00eb dhe baterit\u00eb:<br \/>\u2013 Superkondensator\u00ebt: Karboni i aktivizuar p\u00ebrdoret si material elektrod\u00eb n\u00eb superkondensator\u00eb, t\u00eb cil\u00ebt jan\u00eb pajisje t\u00eb ruajtjes s\u00eb energjis\u00eb me densitet t\u00eb lart\u00eb t\u00eb fuqis\u00eb dhe aft\u00ebsi ngarkimi-shkarkimi t\u00eb shpejt\u00eb.<\/p><p>10. Produktet e kujdesit personal dhe bukuris\u00eb:<br \/>\u2013 Maska p\u00ebr fytyr\u00ebn dhe kujdesi p\u00ebr l\u00ebkur\u00ebn: Karboni i aktivizuar gjendet n\u00eb maskat e fytyr\u00ebs, pastruesit dhe produktet e kujdesit t\u00eb l\u00ebkur\u00ebs p\u00ebr shkak t\u00eb aft\u00ebsis\u00eb s\u00eb tij p\u00ebr t\u00eb thithur papast\u00ebrtit\u00eb dhe vajrat e tep\u00ebrta nga l\u00ebkura.<\/p><p>Karboni i aktivizuar \u00ebsht\u00eb nj\u00eb material i gjithansh\u00ebm dhe i p\u00ebrdorur gjer\u00ebsisht i njohur p\u00ebr vetit\u00eb e tij t\u00eb jasht\u00ebzakonshme adsorbuese. Ai gjen aplikim n\u00eb industri dhe sektor\u00eb t\u00eb ndrysh\u00ebm p\u00ebr q\u00ebllime pastrimi, filtrimi, adsorbimi dhe rehabilitimi mjedisor.<\/p><\/div><\/div><div class=\"product_meta\">\u00a0<\/div><\/div>\t\t\t\t\t\t\t\t<\/div>\n\t\t\t\t<\/div>\n\t\t\t\t<section class=\"elementor-section elementor-inner-section elementor-element elementor-element-635d6c3 elementor-section-boxed elementor-section-height-default elementor-section-height-default\" data-id=\"635d6c3\" data-element_type=\"section\" data-settings=\"{&quot;background_background&quot;:&quot;classic&quot;}\">\n\t\t\t\t\t\t<div class=\"elementor-container elementor-column-gap-no\">\n\t\t\t\t\t<div class=\"elementor-column elementor-col-100 elementor-inner-column elementor-element elementor-element-e7ccf67\" data-id=\"e7ccf67\" data-element_type=\"column\">\n\t\t\t<div class=\"elementor-widget-wrap elementor-element-populated\">\n\t\t\t\t\t\t<div class=\"elementor-element elementor-element-cef6629 elementor-view-default elementor-widget elementor-widget-icon\" data-id=\"cef6629\" data-element_type=\"widget\" data-widget_type=\"icon.default\">\n\t\t\t\t<div class=\"elementor-widget-container\">\n\t\t\t\t\t\t\t<div class=\"elementor-icon-wrapper\">\n\t\t\t<div class=\"elementor-icon\">\n\t\t\t<i aria-hidden=\"true\" class=\"vamtamtheme- vamtam-theme-quote-start\"><\/i>\t\t\t<\/div>\n\t\t<\/div>\n\t\t\t\t\t\t<\/div>\n\t\t\t\t<\/div>\n\t\t\t\t<div class=\"elementor-element elementor-element-ebe5258 elementor-widget elementor-widget-text-editor\" data-id=\"ebe5258\" data-element_type=\"widget\" data-widget_type=\"text-editor.default\">\n\t\t\t\t<div class=\"elementor-widget-container\">\n\t\t\t\t\t\t\t\t\t<p>\"P\u00ebr \u00e7do informacion, shkruani n\u00eb WhatsApp: Gjith\u00e7ka q\u00eb ju nevojitet, n\u00eb koh\u00eb reale, n\u00eb nj\u00eb mesazh. Na kontaktoni dhe jemi gati t\u00eb ju ndihmojm\u00eb.\"<\/p>\t\t\t\t\t\t\t\t<\/div>\n\t\t\t\t<\/div>\n\t\t\t\t<div class=\"elementor-element elementor-element-586f86f elementor-widget-divider--view-line elementor-widget elementor-widget-divider\" data-id=\"586f86f\" data-element_type=\"widget\" data-widget_type=\"divider.default\">\n\t\t\t\t<div class=\"elementor-widget-container\">\n\t\t\t\t\t\t\t<div class=\"elementor-divider\">\n\t\t\t<span class=\"elementor-divider-separator\">\n\t\t\t\t\t\t<\/span>\n\t\t<\/div>\n\t\t\t\t\t\t<\/div>\n\t\t\t\t<\/div>\n\t\t\t\t<div class=\"vamtam-has-theme-widget-styles elementor-element elementor-element-425f97e elementor-widget__width-auto vamtam-has-underline-anim elementor-widget elementor-widget-button\" data-id=\"425f97e\" data-element_type=\"widget\" data-widget_type=\"button.default\">\n\t\t\t\t<div class=\"elementor-widget-container\">\n\t\t\t\t\t\t\t\t\t<div class=\"elementor-button-wrapper\">\n\t\t\t\t\t<a class=\"elementor-button elementor-button-link elementor-size-md\" href=\"https:\/\/wa.me\/355694000260\">\n\t\t\t\t\t\t<span class=\"elementor-button-content-wrapper\">\n\t\t\t\t\t\t<span class=\"elementor-button-icon\">\n\t\t\t\t<i aria-hidden=\"true\" class=\"vamtamtheme- vamtam-theme-icon-arrow-right-top\"><\/i>\t\t\t<\/span>\n\t\t\t\t\t\t\t\t\t<span class=\"elementor-button-text\">Kontaktoni WhatsApp<\/span>\n\t\t\t\t\t<\/span>\n\t\t\t\t\t<\/a>\n\t\t\t\t<\/div>\n\t\t\t\t\t\t\t\t<\/div>\n\t\t\t\t<\/div>\n\t\t\t\t<div class=\"elementor-element elementor-element-5e15948 elementor-widget__width-auto elementor-widget elementor-widget-heading\" data-id=\"5e15948\" data-element_type=\"widget\" data-widget_type=\"heading.default\">\n\t\t\t\t<div class=\"elementor-widget-container\">\n\t\t\t\t\t<span class=\"elementor-heading-title elementor-size-default\">Albania Distribution Chemicals\n<\/span>\t\t\t\t<\/div>\n\t\t\t\t<\/div>\n\t\t\t\t\t<\/div>\n\t\t<\/div>\n\t\t\t\t\t<\/div>\n\t\t<\/section>\n\t\t\t\t\t<\/div>\n\t\t<\/div>\n\t\t\t\t\t<\/div>\n\t\t<\/section>\n\t\t\t\t<section class=\"elementor-section elementor-top-section elementor-element elementor-element-b3fd502 elementor-section-boxed elementor-section-height-default elementor-section-height-default\" data-id=\"b3fd502\" data-element_type=\"section\">\n\t\t\t\t\t\t<div class=\"elementor-container elementor-column-gap-default\">\n\t\t\t\t\t<div class=\"elementor-column elementor-col-100 elementor-top-column elementor-element elementor-element-a879885\" data-id=\"a879885\" data-element_type=\"column\">\n\t\t\t<div class=\"elementor-widget-wrap elementor-element-populated\">\n\t\t\t\t\t\t<div class=\"elementor-element elementor-element-4a3fe1c elementor-widget elementor-widget-spacer\" data-id=\"4a3fe1c\" data-element_type=\"widget\" data-widget_type=\"spacer.default\">\n\t\t\t\t<div class=\"elementor-widget-container\">\n\t\t\t\t\t\t\t<div class=\"elementor-spacer\">\n\t\t\t<div class=\"elementor-spacer-inner\"><\/div>\n\t\t<\/div>\n\t\t\t\t\t\t<\/div>\n\t\t\t\t<\/div>\n\t\t\t\t<div class=\"vamtam-has-theme-widget-styles elementor-element elementor-element-feed2fe elementor-widget elementor-widget-image\" data-id=\"feed2fe\" data-element_type=\"widget\" data-widget_type=\"image.default\">\n\t\t\t\t<div class=\"elementor-widget-container\">\n\t\t\t\t\t\t\t\t\t<div class=\"elementor-image\">\n\t\t\t\t\t\t\t\t\t\t\t\t\t\t\t\t\t\t\t\t\t<img decoding=\"async\" width=\"8000\" height=\"1355\" src=\"https:\/\/adchem.al\/wp-content\/uploads\/2023\/06\/baner-albania-distribution-chemicals-01.png\" class=\"attachment-full size-full wp-image-987764\" alt=\"\" srcset=\"https:\/\/adchem.al\/wp-content\/uploads\/2023\/06\/baner-albania-distribution-chemicals-01.png 8000w, https:\/\/adchem.al\/wp-content\/uploads\/2023\/06\/baner-albania-distribution-chemicals-01-300x51.png 300w, https:\/\/adchem.al\/wp-content\/uploads\/2023\/06\/baner-albania-distribution-chemicals-01-1024x173.png 1024w, https:\/\/adchem.al\/wp-content\/uploads\/2023\/06\/baner-albania-distribution-chemicals-01-768x130.png 768w, https:\/\/adchem.al\/wp-content\/uploads\/2023\/06\/baner-albania-distribution-chemicals-01-1536x260.png 1536w, https:\/\/adchem.al\/wp-content\/uploads\/2023\/06\/baner-albania-distribution-chemicals-01-2048x347.png 2048w\" sizes=\"(max-width: 8000px) 100vw, 8000px\" \/>\t\t\t\t\t\t\t\t\t\t\t\t\t\t\t\t\t\t\t\t\t\t\t\t<\/div>\n\t\t\t\t\t\t\t\t<\/div>\n\t\t\t\t<\/div>\n\t\t\t\t\t<\/div>\n\t\t<\/div>\n\t\t\t\t\t<\/div>\n\t\t<\/section>\n\t\t\t\t<\/div>","protected":false},"excerpt":{"rendered":"<p>Produkti: Karboni i aktivizuar<\/p>\n<p>Formula Kimike: C (karboni elementar)<\/p>\n<p>Informacion rreth produktit:<\/p>\n<p>\u2013 Karboni i aktivizuar, i njohur gjithashtu si qymyr i aktivizuar, \u00ebsht\u00eb nj\u00eb form\u00eb shum\u00eb poroze e karbonit me nj\u00eb sip\u00ebrfaqe t\u00eb madhe.<br \/>\n\u2013 Prodhohet nga ngrohja e materialeve karbonike, si druri, qymyri ose l\u00ebvozhgat e kokosit, n\u00eb temperatura t\u00eb larta n\u00eb munges\u00eb t\u00eb oksigjenit, duke rezultuar n\u00eb zhvillimin e poreve t\u00eb shumta t\u00eb vogla dhe nj\u00eb struktur\u00eb shum\u00eb absorbuese.<br \/>\n\u2013 Procesi i aktivizimit krijon nj\u00eb rrjet mikroporesh dhe mezoporesh t\u00eb nd\u00ebrlidhura, duke i dh\u00ebn\u00eb karbonit aktiv vetit\u00eb e tij unike.<\/p>","protected":false},"author":2,"featured_media":988016,"parent":987952,"menu_order":0,"comment_status":"closed","ping_status":"closed","template":"","meta":{"inline_featured_image":false,"footnotes":""},"class_list":["post-988014","page","type-page","status-publish","has-post-thumbnail","hentry"],"yoast_head":"<!-- This site is optimized with the Yoast SEO plugin v27.4 - https:\/\/yoast.com\/product\/yoast-seo-wordpress\/ -->\n<title>Carbon Activated | Albania Distribution Chemicals<\/title>\n<meta name=\"robots\" content=\"index, follow, max-snippet:-1, max-image-preview:large, max-video-preview:-1\" \/>\n<link rel=\"canonical\" href=\"https:\/\/adchem.al\/al\/basic-chemicals\/carbon-activated\/\" \/>\n<meta property=\"og:locale\" content=\"sq_AL\" \/>\n<meta property=\"og:type\" content=\"article\" \/>\n<meta property=\"og:title\" content=\"Carbon Activated | Albania Distribution Chemicals\" \/>\n<meta property=\"og:description\" content=\"Product: Activated Carbon Chemical Formula: C (elemental carbon) Information about the product: - Activated carbon, also known as activated charcoal, is a highly porous form of carbon with a large surface area. - It is produced by heating carbonaceous materials, such as wood, coal, or coconut shells, at high temperatures in the absence of oxygen, resulting in the development of numerous small pores and a highly adsorbent structure. - The activation process creates a network of interconnected micropores and mesopores, giving activated carbon its unique properties.\" \/>\n<meta property=\"og:url\" content=\"https:\/\/adchem.al\/al\/basic-chemicals\/carbon-activated\/\" \/>\n<meta property=\"og:site_name\" content=\"Albania Distribution Chemicals\" \/>\n<meta property=\"article:publisher\" content=\"https:\/\/www.facebook.com\/albaniadistributionchem\/?ref=py_c\" \/>\n<meta property=\"article:modified_time\" content=\"2023-06-27T20:36:22+00:00\" \/>\n<meta property=\"og:image\" content=\"https:\/\/adchem.al\/wp-content\/uploads\/2023\/06\/d0ew00328j-u3_hi-res.gif\" \/>\n\t<meta property=\"og:image:width\" content=\"634\" \/>\n\t<meta property=\"og:image:height\" content=\"350\" \/>\n\t<meta property=\"og:image:type\" content=\"image\/gif\" \/>\n<meta name=\"twitter:card\" content=\"summary_large_image\" \/>\n<script type=\"application\/ld+json\" class=\"yoast-schema-graph\">{\"@context\":\"https:\\\/\\\/schema.org\",\"@graph\":[{\"@type\":\"WebPage\",\"@id\":\"https:\\\/\\\/adchem.al\\\/basic-chemicals\\\/carbon-activated\\\/\",\"url\":\"https:\\\/\\\/adchem.al\\\/basic-chemicals\\\/carbon-activated\\\/\",\"name\":\"Carbon Activated | Albania Distribution Chemicals\",\"isPartOf\":{\"@id\":\"https:\\\/\\\/adchem.al\\\/#website\"},\"primaryImageOfPage\":{\"@id\":\"https:\\\/\\\/adchem.al\\\/basic-chemicals\\\/carbon-activated\\\/#primaryimage\"},\"image\":{\"@id\":\"https:\\\/\\\/adchem.al\\\/basic-chemicals\\\/carbon-activated\\\/#primaryimage\"},\"thumbnailUrl\":\"https:\\\/\\\/adchem.al\\\/wp-content\\\/uploads\\\/2023\\\/06\\\/d0ew00328j-u3_hi-res.gif\",\"datePublished\":\"2023-06-24T14:49:40+00:00\",\"dateModified\":\"2023-06-27T20:36:22+00:00\",\"breadcrumb\":{\"@id\":\"https:\\\/\\\/adchem.al\\\/basic-chemicals\\\/carbon-activated\\\/#breadcrumb\"},\"inLanguage\":\"sq\",\"potentialAction\":[{\"@type\":\"ReadAction\",\"target\":[\"https:\\\/\\\/adchem.al\\\/basic-chemicals\\\/carbon-activated\\\/\"]}]},{\"@type\":\"ImageObject\",\"inLanguage\":\"sq\",\"@id\":\"https:\\\/\\\/adchem.al\\\/basic-chemicals\\\/carbon-activated\\\/#primaryimage\",\"url\":\"https:\\\/\\\/adchem.al\\\/wp-content\\\/uploads\\\/2023\\\/06\\\/d0ew00328j-u3_hi-res.gif\",\"contentUrl\":\"https:\\\/\\\/adchem.al\\\/wp-content\\\/uploads\\\/2023\\\/06\\\/d0ew00328j-u3_hi-res.gif\",\"width\":634,\"height\":350},{\"@type\":\"BreadcrumbList\",\"@id\":\"https:\\\/\\\/adchem.al\\\/basic-chemicals\\\/carbon-activated\\\/#breadcrumb\",\"itemListElement\":[{\"@type\":\"ListItem\",\"position\":1,\"name\":\"Home\",\"item\":\"https:\\\/\\\/adchem.al\\\/\"},{\"@type\":\"ListItem\",\"position\":2,\"name\":\"Basic Chemicals\",\"item\":\"https:\\\/\\\/adchem.al\\\/al\\\/basic-chemicals\\\/\"},{\"@type\":\"ListItem\",\"position\":3,\"name\":\"Carbon Activated\"}]},{\"@type\":\"WebSite\",\"@id\":\"https:\\\/\\\/adchem.al\\\/#website\",\"url\":\"https:\\\/\\\/adchem.al\\\/\",\"name\":\"Albania Distribution Chemicals\",\"description\":\"&quot;Excellence in Chemical Distribution&quot;\",\"publisher\":{\"@id\":\"https:\\\/\\\/adchem.al\\\/#organization\"},\"alternateName\":\"ADC\",\"potentialAction\":[{\"@type\":\"SearchAction\",\"target\":{\"@type\":\"EntryPoint\",\"urlTemplate\":\"https:\\\/\\\/adchem.al\\\/?s={search_term_string}\"},\"query-input\":{\"@type\":\"PropertyValueSpecification\",\"valueRequired\":true,\"valueName\":\"search_term_string\"}}],\"inLanguage\":\"sq\"},{\"@type\":\"Organization\",\"@id\":\"https:\\\/\\\/adchem.al\\\/#organization\",\"name\":\"Albania Distribution Chemicals\",\"alternateName\":\"ADC\",\"url\":\"https:\\\/\\\/adchem.al\\\/\",\"logo\":{\"@type\":\"ImageObject\",\"inLanguage\":\"sq\",\"@id\":\"https:\\\/\\\/adchem.al\\\/#\\\/schema\\\/logo\\\/image\\\/\",\"url\":\"https:\\\/\\\/adchem.al\\\/wp-content\\\/uploads\\\/2022\\\/09\\\/Albania-Distribution-Chemicals-Logo-01.png\",\"contentUrl\":\"https:\\\/\\\/adchem.al\\\/wp-content\\\/uploads\\\/2022\\\/09\\\/Albania-Distribution-Chemicals-Logo-01.png\",\"width\":308,\"height\":104,\"caption\":\"Albania Distribution Chemicals\"},\"image\":{\"@id\":\"https:\\\/\\\/adchem.al\\\/#\\\/schema\\\/logo\\\/image\\\/\"},\"sameAs\":[\"https:\\\/\\\/www.facebook.com\\\/albaniadistributionchem\\\/?ref=py_c\",\"https:\\\/\\\/www.instagram.com\\\/albania_distribution_chemicals\\\/\"]}]}<\/script>\n<!-- \/ Yoast SEO plugin. -->","yoast_head_json":{"title":"Carbon Activated | Albania Distribution Chemicals","robots":{"index":"index","follow":"follow","max-snippet":"max-snippet:-1","max-image-preview":"max-image-preview:large","max-video-preview":"max-video-preview:-1"},"canonical":"https:\/\/adchem.al\/al\/basic-chemicals\/carbon-activated\/","og_locale":"sq_AL","og_type":"article","og_title":"Carbon Activated | Albania Distribution Chemicals","og_description":"Product: Activated Carbon Chemical Formula: C (elemental carbon) Information about the product: - Activated carbon, also known as activated charcoal, is a highly porous form of carbon with a large surface area. - It is produced by heating carbonaceous materials, such as wood, coal, or coconut shells, at high temperatures in the absence of oxygen, resulting in the development of numerous small pores and a highly adsorbent structure. - The activation process creates a network of interconnected micropores and mesopores, giving activated carbon its unique properties.","og_url":"https:\/\/adchem.al\/al\/basic-chemicals\/carbon-activated\/","og_site_name":"Albania Distribution Chemicals","article_publisher":"https:\/\/www.facebook.com\/albaniadistributionchem\/?ref=py_c","article_modified_time":"2023-06-27T20:36:22+00:00","og_image":[{"width":634,"height":350,"url":"https:\/\/adchem.al\/wp-content\/uploads\/2023\/06\/d0ew00328j-u3_hi-res.gif","type":"image\/gif"}],"twitter_card":"summary_large_image","schema":{"@context":"https:\/\/schema.org","@graph":[{"@type":"WebPage","@id":"https:\/\/adchem.al\/basic-chemicals\/carbon-activated\/","url":"https:\/\/adchem.al\/basic-chemicals\/carbon-activated\/","name":"Carbon Activated | Albania Distribution Chemicals","isPartOf":{"@id":"https:\/\/adchem.al\/#website"},"primaryImageOfPage":{"@id":"https:\/\/adchem.al\/basic-chemicals\/carbon-activated\/#primaryimage"},"image":{"@id":"https:\/\/adchem.al\/basic-chemicals\/carbon-activated\/#primaryimage"},"thumbnailUrl":"https:\/\/adchem.al\/wp-content\/uploads\/2023\/06\/d0ew00328j-u3_hi-res.gif","datePublished":"2023-06-24T14:49:40+00:00","dateModified":"2023-06-27T20:36:22+00:00","breadcrumb":{"@id":"https:\/\/adchem.al\/basic-chemicals\/carbon-activated\/#breadcrumb"},"inLanguage":"sq","potentialAction":[{"@type":"ReadAction","target":["https:\/\/adchem.al\/basic-chemicals\/carbon-activated\/"]}]},{"@type":"ImageObject","inLanguage":"sq","@id":"https:\/\/adchem.al\/basic-chemicals\/carbon-activated\/#primaryimage","url":"https:\/\/adchem.al\/wp-content\/uploads\/2023\/06\/d0ew00328j-u3_hi-res.gif","contentUrl":"https:\/\/adchem.al\/wp-content\/uploads\/2023\/06\/d0ew00328j-u3_hi-res.gif","width":634,"height":350},{"@type":"BreadcrumbList","@id":"https:\/\/adchem.al\/basic-chemicals\/carbon-activated\/#breadcrumb","itemListElement":[{"@type":"ListItem","position":1,"name":"Home","item":"https:\/\/adchem.al\/"},{"@type":"ListItem","position":2,"name":"Basic Chemicals","item":"https:\/\/adchem.al\/al\/basic-chemicals\/"},{"@type":"ListItem","position":3,"name":"Carbon Activated"}]},{"@type":"WebSite","@id":"https:\/\/adchem.al\/#website","url":"https:\/\/adchem.al\/","name":"Albania Distribution Chemicals","description":"&quot;Excellence in Chemical Distribution&quot;","publisher":{"@id":"https:\/\/adchem.al\/#organization"},"alternateName":"ADC","potentialAction":[{"@type":"SearchAction","target":{"@type":"EntryPoint","urlTemplate":"https:\/\/adchem.al\/?s={search_term_string}"},"query-input":{"@type":"PropertyValueSpecification","valueRequired":true,"valueName":"search_term_string"}}],"inLanguage":"sq"},{"@type":"Organization","@id":"https:\/\/adchem.al\/#organization","name":"Albania Distribution Chemicals","alternateName":"ADC","url":"https:\/\/adchem.al\/","logo":{"@type":"ImageObject","inLanguage":"sq","@id":"https:\/\/adchem.al\/#\/schema\/logo\/image\/","url":"https:\/\/adchem.al\/wp-content\/uploads\/2022\/09\/Albania-Distribution-Chemicals-Logo-01.png","contentUrl":"https:\/\/adchem.al\/wp-content\/uploads\/2022\/09\/Albania-Distribution-Chemicals-Logo-01.png","width":308,"height":104,"caption":"Albania Distribution Chemicals"},"image":{"@id":"https:\/\/adchem.al\/#\/schema\/logo\/image\/"},"sameAs":["https:\/\/www.facebook.com\/albaniadistributionchem\/?ref=py_c","https:\/\/www.instagram.com\/albania_distribution_chemicals\/"]}]}},"_links":{"self":[{"href":"https:\/\/adchem.al\/al\/wp-json\/wp\/v2\/pages\/988014","targetHints":{"allow":["GET"]}}],"collection":[{"href":"https:\/\/adchem.al\/al\/wp-json\/wp\/v2\/pages"}],"about":[{"href":"https:\/\/adchem.al\/al\/wp-json\/wp\/v2\/types\/page"}],"author":[{"embeddable":true,"href":"https:\/\/adchem.al\/al\/wp-json\/wp\/v2\/users\/2"}],"replies":[{"embeddable":true,"href":"https:\/\/adchem.al\/al\/wp-json\/wp\/v2\/comments?post=988014"}],"version-history":[{"count":11,"href":"https:\/\/adchem.al\/al\/wp-json\/wp\/v2\/pages\/988014\/revisions"}],"predecessor-version":[{"id":989168,"href":"https:\/\/adchem.al\/al\/wp-json\/wp\/v2\/pages\/988014\/revisions\/989168"}],"up":[{"embeddable":true,"href":"https:\/\/adchem.al\/al\/wp-json\/wp\/v2\/pages\/987952"}],"wp:featuredmedia":[{"embeddable":true,"href":"https:\/\/adchem.al\/al\/wp-json\/wp\/v2\/media\/988016"}],"wp:attachment":[{"href":"https:\/\/adchem.al\/al\/wp-json\/wp\/v2\/media?parent=988014"}],"curies":[{"name":"wp","href":"https:\/\/api.w.org\/{rel}","templated":true}]}}