{"id":988008,"date":"2023-06-24T12:58:41","date_gmt":"2023-06-24T12:58:41","guid":{"rendered":"https:\/\/adchem.al\/?page_id=988008"},"modified":"2023-06-27T20:32:58","modified_gmt":"2023-06-27T20:32:58","slug":"calcium-nitrate","status":"publish","type":"page","link":"https:\/\/adchem.al\/al\/basic-chemicals\/calcium-nitrate\/","title":{"rendered":"Nitrat Kalciumi"},"content":{"rendered":"<div data-elementor-type=\"wp-page\" data-elementor-id=\"988008\" class=\"elementor elementor-988008\" data-elementor-post-type=\"page\">\n\t\t\t\t\t\t<section class=\"elementor-section elementor-top-section elementor-element elementor-element-37858afc elementor-section-full_width elementor-section-height-default elementor-section-height-default\" data-id=\"37858afc\" data-element_type=\"section\" data-e-type=\"section\">\n\t\t\t\t\t\t<div class=\"elementor-container elementor-column-gap-no\">\n\t\t\t\t\t<div class=\"elementor-column elementor-col-100 elementor-top-column elementor-element elementor-element-60bb79bd\" data-id=\"60bb79bd\" data-element_type=\"column\" data-e-type=\"column\">\n\t\t\t<div class=\"elementor-widget-wrap elementor-element-populated\">\n\t\t\t\t\t\t<div class=\"vamtam-has-theme-widget-styles elementor-element elementor-element-86d4d6c elementor-widget elementor-widget-image\" data-id=\"86d4d6c\" data-element_type=\"widget\" data-e-type=\"widget\" data-widget_type=\"image.default\">\n\t\t\t\t<div class=\"elementor-widget-container\">\n\t\t\t\t\t\t\t\t\t<div class=\"elementor-image\">\n\t\t\t\t\t\t\t\t\t\t\t\t\t\t\t\t<figure class=\"wp-caption\">\n\t\t\t\t\t\t\t\t\t\t\t\t\t\t\t\t<img fetchpriority=\"high\" decoding=\"async\" width=\"1020\" height=\"615\" src=\"https:\/\/adchem.al\/wp-content\/uploads\/2023\/06\/Calcium_nitrite.svg.png\" class=\"attachment-full size-full wp-image-988009\" alt=\"\" srcset=\"https:\/\/adchem.al\/wp-content\/uploads\/2023\/06\/Calcium_nitrite.svg.png 1020w, https:\/\/adchem.al\/wp-content\/uploads\/2023\/06\/Calcium_nitrite.svg-300x181.png 300w, https:\/\/adchem.al\/wp-content\/uploads\/2023\/06\/Calcium_nitrite.svg-768x463.png 768w\" sizes=\"(max-width: 1020px) 100vw, 1020px\" \/>\t\t\t\t\t\t\t\t\t\t\t\t\t\t\t\t\t<figcaption class=\"widget-image-caption wp-caption-text\">Albania Distribution Chemicals<\/figcaption>\n\t\t\t\t\t\t\t\t\t\t\t\t\t\t\t\t<\/figure>\n\t\t\t\t\t\t\t\t\t\t\t\t\t\t<\/div>\n\t\t\t\t\t\t\t\t<\/div>\n\t\t\t\t<\/div>\n\t\t\t\t<div class=\"elementor-element elementor-element-61992a9a elementor-widget elementor-widget-text-editor\" data-id=\"61992a9a\" data-element_type=\"widget\" data-e-type=\"widget\" data-widget_type=\"text-editor.default\">\n\t\t\t\t<div class=\"elementor-widget-container\">\n\t\t\t\t\t\t\t\t\t<div class=\"woocommerce-product-details__short-description\"><div class=\"woocommerce-product-details__short-description\"><p><strong>Produkti: Nitrat kalciumi<\/strong><\/p><p><strong>Formula Kimike: Ca(NO3)2<\/strong><\/p><p><strong>Informacion rreth produktit:<\/strong><\/p><p>\u2013 P\u00ebrb\u00ebrja kimike: Nitrat kalciumi \u00ebsht\u00eb nj\u00eb p\u00ebrb\u00ebr\u00ebs inorganik i p\u00ebrb\u00ebr\u00eb nga jonet e kalciumit dhe nitrateve.<br \/>\u2013 Pamja: Gjendet n\u00eb m\u00ebnyr\u00eb tipike si nj\u00eb l\u00ebnd\u00eb e ngurt\u00eb e bardh\u00eb, kristalore ose si pluhur i bardh\u00eb kokrrizor.<br \/>\u2013 Tretshm\u00ebria: Nitrat kalciumi \u00ebsht\u00eb shum\u00eb i tretsh\u00ebm n\u00eb uj\u00eb dhe formon nj\u00eb tret\u00ebsir\u00eb t\u00eb past\u00ebr, pa ngjyr\u00eb.<\/p><p><strong>Informacion p\u00ebr sektorin e p\u00ebrdorimit t\u00eb produktit:<\/strong><\/p><p>1. Bujq\u00ebsia dhe Hortikultura:<br \/>\u2013 Pleh: Nitrat kalciumi p\u00ebrdoret gjer\u00ebsisht si pleh, duke furnizuar bim\u00ebt me kalcium dhe azot. Ndihmon n\u00eb rritjen e sh\u00ebndetshme t\u00eb bim\u00ebve, p\u00ebrmir\u00ebson cil\u00ebsin\u00eb e frutave dhe parandalon munges\u00ebn e kalciumit.<br \/>\u2013 Hidroponik\u00eb: P\u00ebrdoret zakonisht n\u00eb sistemet hidroponike si nj\u00eb zgjidhje ushqyese p\u00ebr t\u00eb siguruar kalcium dhe azot esencial p\u00ebr bim\u00ebt e rritura pa tok\u00eb.<\/p><p>2. Betoni dhe nd\u00ebrtimi:<br \/>\u2013 P\u00ebrshpejtuesi: Nitrat kalciumi p\u00ebrdoret si p\u00ebrshpejtues betoni n\u00eb kushtet e motit t\u00eb ftoht\u00eb p\u00ebr t\u00eb shpejtuar procesin e mpiksjes dhe ngurt\u00ebsimit t\u00eb betonit.<br \/>\u2013 Kund\u00ebr ngrirjes: Nganj\u00ebher\u00eb shtohet n\u00eb p\u00ebrzierjet e betonit p\u00ebr t\u00eb ulur pik\u00ebn e ngrirjes dhe p\u00ebr t\u00eb rritur rezistenc\u00ebn e tij ndaj d\u00ebmtimit t\u00eb ngric\u00ebs.<\/p><p>3. Eksploziv\u00ebt dhe mjetet piroteknike:<br \/>\u2013 Agjent oksidues: Nitrat kalciumi p\u00ebrdoret si agjent oksidues n\u00eb prodhimin e eksploziv\u00ebve dhe p\u00ebrb\u00ebrjeve piroteknike, ku siguron nj\u00eb burim oksigjeni p\u00ebr djegie.<\/p><p>4. Trajtimi i uj\u00ebrave t\u00eb zeza:<br \/>\u2013 Denitrifikimi: Nitrati i kalciumit mund t\u00eb p\u00ebrdoret n\u00eb proceset e trajtimit t\u00eb uj\u00ebrave t\u00eb zeza p\u00ebr denitrifikimin, ku ndihmon n\u00eb shnd\u00ebrrimin e nitrateve n\u00eb gaz azotik, duke reduktuar ndotjen me azot.<\/p><p>5. Ftohja dhe ftohja:<br \/>\u2013 Aplikimet kriogjenike: Nitrat kalciumi mund t\u00eb p\u00ebrdoret n\u00eb sistemet e ftohjes dhe ftohjes si nj\u00eb ftoh\u00ebs ose mjet transferues nxeht\u00ebsie n\u00eb aplikime t\u00eb caktuara.<\/p><p>6. Qelqi dhe qeramika:<br \/>\u2013 Prodhimi i qelqit: P\u00ebrdoret n\u00eb proceset e prodhimit t\u00eb qelqit p\u00ebr t\u00eb p\u00ebrmir\u00ebsuar vetit\u00eb refraktare dhe p\u00ebr t\u00eb p\u00ebrmir\u00ebsuar q\u00ebndrueshm\u00ebrin\u00eb e shkrirjes s\u00eb qelqit.<br \/>\u2013 Lust\u00ebr qeramike: Nitrat kalciumi p\u00ebrdoret si nj\u00eb fluks n\u00eb glazurat qeramike p\u00ebr t\u00eb ulur pik\u00ebn e shkrirjes dhe p\u00ebr t\u00eb nxitur ngjitjen e glazur\u00ebs.<\/p><p>7. Shuarja e zjarrit:<br \/>\u2013 Fik\u00ebset e zjarrit: Nitrat kalciumi mund t\u00eb p\u00ebrdoret si nj\u00eb p\u00ebrb\u00ebr\u00ebs n\u00eb disa aparate zjarri, ve\u00e7an\u00ebrisht ato t\u00eb projektuara p\u00ebr zjarret e klasit D q\u00eb p\u00ebrfshijn\u00eb metale t\u00eb ndezshme.<\/p><p>8. Proceset industriale:<br \/>\u2013 Industria e ngjyrosjes dhe e tekstilit: Nitrat kalciumi p\u00ebrdoret si nj\u00eb l\u00ebnd\u00eb djeg\u00ebse n\u00eb proceset e ngjyrosjes p\u00ebr t\u00eb p\u00ebrmir\u00ebsuar q\u00ebndrueshm\u00ebrin\u00eb e ngjyrave dhe p\u00ebr t\u00eb p\u00ebrmir\u00ebsuar thithjen e boj\u00ebs n\u00eb fibra.<br \/>\u2013 Trajtimi i metaleve: Mund t\u00eb p\u00ebrdoret n\u00eb proceset e trajtimit t\u00eb metaleve, t\u00eb tilla si turshi dhe trajtimi sip\u00ebrfaq\u00ebsor, p\u00ebr t\u00eb hequr papast\u00ebrtit\u00eb dhe p\u00ebr t\u00eb siguruar mbrojtje nga korrozioni.<\/p><p>9. Laboratori dhe K\u00ebrkimi:<br \/>\u2013 Kimia analitike: Nitrat kalciumi p\u00ebrdoret si burim i joneve t\u00eb kalciumit n\u00eb teknika t\u00eb ndryshme t\u00eb kimis\u00eb analitike, duke p\u00ebrfshir\u00eb titrimin dhe spektrofotometrin\u00eb.<\/p><p>10. Industria farmaceutike:<br \/>\u2013 Aplikimet medicinale: Nitrat kalciumi mund t\u00eb p\u00ebrdoret n\u00eb trajtime t\u00eb caktuara mjek\u00ebsore ose formulime farmaceutike, t\u00eb tilla si injeksione intravenoze, si burim i joneve t\u00eb kalciumit.<\/p><p>Kur trajtoni nitratin e kalciumit, \u00ebsht\u00eb e r\u00ebnd\u00ebsishme t\u00eb ndiqni masat e duhura t\u00eb siguris\u00eb, pasi ai mund t\u00eb jet\u00eb irritues p\u00ebr l\u00ebkur\u00ebn, syt\u00eb dhe sistemin e frym\u00ebmarrjes.<\/p><\/div><div class=\"product_meta\">\u00a0<\/div><\/div>\t\t\t\t\t\t\t\t<\/div>\n\t\t\t\t<\/div>\n\t\t\t\t<section class=\"elementor-section elementor-inner-section elementor-element elementor-element-5c4597a elementor-section-boxed elementor-section-height-default elementor-section-height-default\" data-id=\"5c4597a\" data-element_type=\"section\" data-e-type=\"section\" data-settings=\"{&quot;background_background&quot;:&quot;classic&quot;}\">\n\t\t\t\t\t\t<div class=\"elementor-container elementor-column-gap-no\">\n\t\t\t\t\t<div class=\"elementor-column elementor-col-100 elementor-inner-column elementor-element elementor-element-b5f9ae9\" data-id=\"b5f9ae9\" data-element_type=\"column\" data-e-type=\"column\">\n\t\t\t<div class=\"elementor-widget-wrap elementor-element-populated\">\n\t\t\t\t\t\t<div class=\"elementor-element elementor-element-ae30f7d elementor-view-default elementor-widget elementor-widget-icon\" data-id=\"ae30f7d\" data-element_type=\"widget\" data-e-type=\"widget\" data-widget_type=\"icon.default\">\n\t\t\t\t<div class=\"elementor-widget-container\">\n\t\t\t\t\t\t\t<div class=\"elementor-icon-wrapper\">\n\t\t\t<div class=\"elementor-icon\">\n\t\t\t<i aria-hidden=\"true\" class=\"vamtamtheme- vamtam-theme-quote-start\"><\/i>\t\t\t<\/div>\n\t\t<\/div>\n\t\t\t\t\t\t<\/div>\n\t\t\t\t<\/div>\n\t\t\t\t<div class=\"elementor-element elementor-element-1cbda00 elementor-widget elementor-widget-text-editor\" data-id=\"1cbda00\" data-element_type=\"widget\" data-e-type=\"widget\" data-widget_type=\"text-editor.default\">\n\t\t\t\t<div class=\"elementor-widget-container\">\n\t\t\t\t\t\t\t\t\t<p>\"P\u00ebr \u00e7do informacion, shkruani n\u00eb WhatsApp: Gjith\u00e7ka q\u00eb ju nevojitet, n\u00eb koh\u00eb reale, n\u00eb nj\u00eb mesazh. Na kontaktoni dhe jemi gati t\u00eb ju ndihmojm\u00eb.\"<\/p>\t\t\t\t\t\t\t\t<\/div>\n\t\t\t\t<\/div>\n\t\t\t\t<div class=\"elementor-element elementor-element-f3b65c8 elementor-widget-divider--view-line elementor-widget elementor-widget-divider\" data-id=\"f3b65c8\" data-element_type=\"widget\" data-e-type=\"widget\" data-widget_type=\"divider.default\">\n\t\t\t\t<div class=\"elementor-widget-container\">\n\t\t\t\t\t\t\t<div class=\"elementor-divider\">\n\t\t\t<span class=\"elementor-divider-separator\">\n\t\t\t\t\t\t<\/span>\n\t\t<\/div>\n\t\t\t\t\t\t<\/div>\n\t\t\t\t<\/div>\n\t\t\t\t<div class=\"vamtam-has-theme-widget-styles elementor-element elementor-element-46dcab5 elementor-widget__width-auto vamtam-has-underline-anim elementor-widget elementor-widget-button\" data-id=\"46dcab5\" data-element_type=\"widget\" data-e-type=\"widget\" data-widget_type=\"button.default\">\n\t\t\t\t<div class=\"elementor-widget-container\">\n\t\t\t\t\t\t\t\t\t<div class=\"elementor-button-wrapper\">\n\t\t\t\t\t<a class=\"elementor-button elementor-button-link elementor-size-md\" href=\"https:\/\/wa.me\/355694000260\">\n\t\t\t\t\t\t<span class=\"elementor-button-content-wrapper\">\n\t\t\t\t\t\t<span class=\"elementor-button-icon\">\n\t\t\t\t<i aria-hidden=\"true\" class=\"vamtamtheme- vamtam-theme-icon-arrow-right-top\"><\/i>\t\t\t<\/span>\n\t\t\t\t\t\t\t\t\t<span class=\"elementor-button-text\">Kontaktoni WhatsApp<\/span>\n\t\t\t\t\t<\/span>\n\t\t\t\t\t<\/a>\n\t\t\t\t<\/div>\n\t\t\t\t\t\t\t\t<\/div>\n\t\t\t\t<\/div>\n\t\t\t\t<div class=\"elementor-element elementor-element-2505d72 elementor-widget__width-auto elementor-widget elementor-widget-heading\" data-id=\"2505d72\" data-element_type=\"widget\" data-e-type=\"widget\" data-widget_type=\"heading.default\">\n\t\t\t\t<div class=\"elementor-widget-container\">\n\t\t\t\t\t<span class=\"elementor-heading-title elementor-size-default\">Albania Distribution Chemicals\n<\/span>\t\t\t\t<\/div>\n\t\t\t\t<\/div>\n\t\t\t\t\t<\/div>\n\t\t<\/div>\n\t\t\t\t\t<\/div>\n\t\t<\/section>\n\t\t\t\t\t<\/div>\n\t\t<\/div>\n\t\t\t\t\t<\/div>\n\t\t<\/section>\n\t\t\t\t<section class=\"elementor-section elementor-top-section elementor-element elementor-element-b3fd502 elementor-section-boxed elementor-section-height-default elementor-section-height-default\" data-id=\"b3fd502\" data-element_type=\"section\" data-e-type=\"section\">\n\t\t\t\t\t\t<div class=\"elementor-container elementor-column-gap-default\">\n\t\t\t\t\t<div class=\"elementor-column elementor-col-100 elementor-top-column elementor-element elementor-element-a879885\" data-id=\"a879885\" data-element_type=\"column\" data-e-type=\"column\">\n\t\t\t<div class=\"elementor-widget-wrap elementor-element-populated\">\n\t\t\t\t\t\t<div class=\"elementor-element elementor-element-4a3fe1c elementor-widget elementor-widget-spacer\" data-id=\"4a3fe1c\" data-element_type=\"widget\" data-e-type=\"widget\" data-widget_type=\"spacer.default\">\n\t\t\t\t<div class=\"elementor-widget-container\">\n\t\t\t\t\t\t\t<div class=\"elementor-spacer\">\n\t\t\t<div class=\"elementor-spacer-inner\"><\/div>\n\t\t<\/div>\n\t\t\t\t\t\t<\/div>\n\t\t\t\t<\/div>\n\t\t\t\t<div class=\"vamtam-has-theme-widget-styles elementor-element elementor-element-feed2fe elementor-widget elementor-widget-image\" data-id=\"feed2fe\" data-element_type=\"widget\" data-e-type=\"widget\" data-widget_type=\"image.default\">\n\t\t\t\t<div class=\"elementor-widget-container\">\n\t\t\t\t\t\t\t\t\t<div class=\"elementor-image\">\n\t\t\t\t\t\t\t\t\t\t\t\t\t\t\t\t\t\t\t\t\t<img decoding=\"async\" width=\"8000\" height=\"1355\" src=\"https:\/\/adchem.al\/wp-content\/uploads\/2023\/06\/baner-albania-distribution-chemicals-01.png\" class=\"attachment-full size-full wp-image-987764\" alt=\"\" srcset=\"https:\/\/adchem.al\/wp-content\/uploads\/2023\/06\/baner-albania-distribution-chemicals-01.png 8000w, https:\/\/adchem.al\/wp-content\/uploads\/2023\/06\/baner-albania-distribution-chemicals-01-300x51.png 300w, https:\/\/adchem.al\/wp-content\/uploads\/2023\/06\/baner-albania-distribution-chemicals-01-1024x173.png 1024w, https:\/\/adchem.al\/wp-content\/uploads\/2023\/06\/baner-albania-distribution-chemicals-01-768x130.png 768w, https:\/\/adchem.al\/wp-content\/uploads\/2023\/06\/baner-albania-distribution-chemicals-01-1536x260.png 1536w, https:\/\/adchem.al\/wp-content\/uploads\/2023\/06\/baner-albania-distribution-chemicals-01-2048x347.png 2048w\" sizes=\"(max-width: 8000px) 100vw, 8000px\" \/>\t\t\t\t\t\t\t\t\t\t\t\t\t\t\t\t\t\t\t\t\t\t\t\t<\/div>\n\t\t\t\t\t\t\t\t<\/div>\n\t\t\t\t<\/div>\n\t\t\t\t\t<\/div>\n\t\t<\/div>\n\t\t\t\t\t<\/div>\n\t\t<\/section>\n\t\t\t\t<\/div>","protected":false},"excerpt":{"rendered":"<p>Calcium nitrate fertilizer is a multi-purpose fertilizer which can be utilized in feeding plants as well as treating or preventing disease, particularly among fruiting plants. It contains both calcium and nitrogen and can, therefore, be used to treat plants that have deficiencies of either of these nutrients.<\/p>","protected":false},"author":2,"featured_media":988009,"parent":987952,"menu_order":0,"comment_status":"closed","ping_status":"closed","template":"","meta":{"inline_featured_image":false,"footnotes":""},"class_list":["post-988008","page","type-page","status-publish","has-post-thumbnail","hentry"],"yoast_head":"<!-- This site is optimized with the Yoast SEO plugin v27.4 - https:\/\/yoast.com\/product\/yoast-seo-wordpress\/ -->\n<title>Calcium Nitrate | Albania Distribution Chemicals<\/title>\n<meta name=\"robots\" content=\"index, follow, max-snippet:-1, max-image-preview:large, max-video-preview:-1\" \/>\n<link rel=\"canonical\" href=\"https:\/\/adchem.al\/al\/basic-chemicals\/calcium-nitrate\/\" \/>\n<meta property=\"og:locale\" content=\"sq_AL\" \/>\n<meta property=\"og:type\" content=\"article\" \/>\n<meta property=\"og:title\" content=\"Calcium Nitrate | Albania Distribution Chemicals\" \/>\n<meta property=\"og:description\" content=\"Calcium nitrate fertilizer is a multi-purpose fertilizer which can be utilized in feeding plants as well as treating or preventing disease, particularly among fruiting plants. It contains both calcium and nitrogen and can, therefore, be used to treat plants that have deficiencies of either of these nutrients.\" \/>\n<meta property=\"og:url\" content=\"https:\/\/adchem.al\/al\/basic-chemicals\/calcium-nitrate\/\" \/>\n<meta property=\"og:site_name\" content=\"Albania Distribution Chemicals\" \/>\n<meta property=\"article:publisher\" content=\"https:\/\/www.facebook.com\/albaniadistributionchem\/?ref=py_c\" \/>\n<meta property=\"article:modified_time\" content=\"2023-06-27T20:32:58+00:00\" \/>\n<meta property=\"og:image\" content=\"https:\/\/adchem.al\/wp-content\/uploads\/2023\/06\/Calcium_nitrite.svg.png\" \/>\n\t<meta property=\"og:image:width\" content=\"1020\" \/>\n\t<meta property=\"og:image:height\" content=\"615\" \/>\n\t<meta property=\"og:image:type\" content=\"image\/png\" \/>\n<meta name=\"twitter:card\" content=\"summary_large_image\" \/>\n<script type=\"application\/ld+json\" class=\"yoast-schema-graph\">{\"@context\":\"https:\\\/\\\/schema.org\",\"@graph\":[{\"@type\":\"WebPage\",\"@id\":\"https:\\\/\\\/adchem.al\\\/basic-chemicals\\\/calcium-nitrate\\\/\",\"url\":\"https:\\\/\\\/adchem.al\\\/basic-chemicals\\\/calcium-nitrate\\\/\",\"name\":\"Calcium Nitrate | Albania Distribution Chemicals\",\"isPartOf\":{\"@id\":\"https:\\\/\\\/adchem.al\\\/#website\"},\"primaryImageOfPage\":{\"@id\":\"https:\\\/\\\/adchem.al\\\/basic-chemicals\\\/calcium-nitrate\\\/#primaryimage\"},\"image\":{\"@id\":\"https:\\\/\\\/adchem.al\\\/basic-chemicals\\\/calcium-nitrate\\\/#primaryimage\"},\"thumbnailUrl\":\"https:\\\/\\\/adchem.al\\\/wp-content\\\/uploads\\\/2023\\\/06\\\/Calcium_nitrite.svg.png\",\"datePublished\":\"2023-06-24T12:58:41+00:00\",\"dateModified\":\"2023-06-27T20:32:58+00:00\",\"breadcrumb\":{\"@id\":\"https:\\\/\\\/adchem.al\\\/basic-chemicals\\\/calcium-nitrate\\\/#breadcrumb\"},\"inLanguage\":\"sq\",\"potentialAction\":[{\"@type\":\"ReadAction\",\"target\":[\"https:\\\/\\\/adchem.al\\\/basic-chemicals\\\/calcium-nitrate\\\/\"]}]},{\"@type\":\"ImageObject\",\"inLanguage\":\"sq\",\"@id\":\"https:\\\/\\\/adchem.al\\\/basic-chemicals\\\/calcium-nitrate\\\/#primaryimage\",\"url\":\"https:\\\/\\\/adchem.al\\\/wp-content\\\/uploads\\\/2023\\\/06\\\/Calcium_nitrite.svg.png\",\"contentUrl\":\"https:\\\/\\\/adchem.al\\\/wp-content\\\/uploads\\\/2023\\\/06\\\/Calcium_nitrite.svg.png\",\"width\":1020,\"height\":615},{\"@type\":\"BreadcrumbList\",\"@id\":\"https:\\\/\\\/adchem.al\\\/basic-chemicals\\\/calcium-nitrate\\\/#breadcrumb\",\"itemListElement\":[{\"@type\":\"ListItem\",\"position\":1,\"name\":\"Home\",\"item\":\"https:\\\/\\\/adchem.al\\\/\"},{\"@type\":\"ListItem\",\"position\":2,\"name\":\"Basic Chemicals\",\"item\":\"https:\\\/\\\/adchem.al\\\/al\\\/basic-chemicals\\\/\"},{\"@type\":\"ListItem\",\"position\":3,\"name\":\"Calcium Nitrate\"}]},{\"@type\":\"WebSite\",\"@id\":\"https:\\\/\\\/adchem.al\\\/#website\",\"url\":\"https:\\\/\\\/adchem.al\\\/\",\"name\":\"Albania Distribution Chemicals\",\"description\":\"&quot;Excellence in Chemical Distribution&quot;\",\"publisher\":{\"@id\":\"https:\\\/\\\/adchem.al\\\/#organization\"},\"alternateName\":\"ADC\",\"potentialAction\":[{\"@type\":\"SearchAction\",\"target\":{\"@type\":\"EntryPoint\",\"urlTemplate\":\"https:\\\/\\\/adchem.al\\\/?s={search_term_string}\"},\"query-input\":{\"@type\":\"PropertyValueSpecification\",\"valueRequired\":true,\"valueName\":\"search_term_string\"}}],\"inLanguage\":\"sq\"},{\"@type\":\"Organization\",\"@id\":\"https:\\\/\\\/adchem.al\\\/#organization\",\"name\":\"Albania Distribution Chemicals\",\"alternateName\":\"ADC\",\"url\":\"https:\\\/\\\/adchem.al\\\/\",\"logo\":{\"@type\":\"ImageObject\",\"inLanguage\":\"sq\",\"@id\":\"https:\\\/\\\/adchem.al\\\/#\\\/schema\\\/logo\\\/image\\\/\",\"url\":\"https:\\\/\\\/adchem.al\\\/wp-content\\\/uploads\\\/2022\\\/09\\\/Albania-Distribution-Chemicals-Logo-01.png\",\"contentUrl\":\"https:\\\/\\\/adchem.al\\\/wp-content\\\/uploads\\\/2022\\\/09\\\/Albania-Distribution-Chemicals-Logo-01.png\",\"width\":308,\"height\":104,\"caption\":\"Albania Distribution Chemicals\"},\"image\":{\"@id\":\"https:\\\/\\\/adchem.al\\\/#\\\/schema\\\/logo\\\/image\\\/\"},\"sameAs\":[\"https:\\\/\\\/www.facebook.com\\\/albaniadistributionchem\\\/?ref=py_c\",\"https:\\\/\\\/www.instagram.com\\\/albania_distribution_chemicals\\\/\"]}]}<\/script>\n<!-- \/ Yoast SEO plugin. -->","yoast_head_json":{"title":"Calcium Nitrate | Albania Distribution Chemicals","robots":{"index":"index","follow":"follow","max-snippet":"max-snippet:-1","max-image-preview":"max-image-preview:large","max-video-preview":"max-video-preview:-1"},"canonical":"https:\/\/adchem.al\/al\/basic-chemicals\/calcium-nitrate\/","og_locale":"sq_AL","og_type":"article","og_title":"Calcium Nitrate | Albania Distribution Chemicals","og_description":"Calcium nitrate fertilizer is a multi-purpose fertilizer which can be utilized in feeding plants as well as treating or preventing disease, particularly among fruiting plants. It contains both calcium and nitrogen and can, therefore, be used to treat plants that have deficiencies of either of these nutrients.","og_url":"https:\/\/adchem.al\/al\/basic-chemicals\/calcium-nitrate\/","og_site_name":"Albania Distribution Chemicals","article_publisher":"https:\/\/www.facebook.com\/albaniadistributionchem\/?ref=py_c","article_modified_time":"2023-06-27T20:32:58+00:00","og_image":[{"width":1020,"height":615,"url":"https:\/\/adchem.al\/wp-content\/uploads\/2023\/06\/Calcium_nitrite.svg.png","type":"image\/png"}],"twitter_card":"summary_large_image","schema":{"@context":"https:\/\/schema.org","@graph":[{"@type":"WebPage","@id":"https:\/\/adchem.al\/basic-chemicals\/calcium-nitrate\/","url":"https:\/\/adchem.al\/basic-chemicals\/calcium-nitrate\/","name":"Calcium Nitrate | Albania Distribution Chemicals","isPartOf":{"@id":"https:\/\/adchem.al\/#website"},"primaryImageOfPage":{"@id":"https:\/\/adchem.al\/basic-chemicals\/calcium-nitrate\/#primaryimage"},"image":{"@id":"https:\/\/adchem.al\/basic-chemicals\/calcium-nitrate\/#primaryimage"},"thumbnailUrl":"https:\/\/adchem.al\/wp-content\/uploads\/2023\/06\/Calcium_nitrite.svg.png","datePublished":"2023-06-24T12:58:41+00:00","dateModified":"2023-06-27T20:32:58+00:00","breadcrumb":{"@id":"https:\/\/adchem.al\/basic-chemicals\/calcium-nitrate\/#breadcrumb"},"inLanguage":"sq","potentialAction":[{"@type":"ReadAction","target":["https:\/\/adchem.al\/basic-chemicals\/calcium-nitrate\/"]}]},{"@type":"ImageObject","inLanguage":"sq","@id":"https:\/\/adchem.al\/basic-chemicals\/calcium-nitrate\/#primaryimage","url":"https:\/\/adchem.al\/wp-content\/uploads\/2023\/06\/Calcium_nitrite.svg.png","contentUrl":"https:\/\/adchem.al\/wp-content\/uploads\/2023\/06\/Calcium_nitrite.svg.png","width":1020,"height":615},{"@type":"BreadcrumbList","@id":"https:\/\/adchem.al\/basic-chemicals\/calcium-nitrate\/#breadcrumb","itemListElement":[{"@type":"ListItem","position":1,"name":"Home","item":"https:\/\/adchem.al\/"},{"@type":"ListItem","position":2,"name":"Basic Chemicals","item":"https:\/\/adchem.al\/al\/basic-chemicals\/"},{"@type":"ListItem","position":3,"name":"Calcium Nitrate"}]},{"@type":"WebSite","@id":"https:\/\/adchem.al\/#website","url":"https:\/\/adchem.al\/","name":"Albania Distribution Chemicals","description":"&quot;Excellence in Chemical Distribution&quot;","publisher":{"@id":"https:\/\/adchem.al\/#organization"},"alternateName":"ADC","potentialAction":[{"@type":"SearchAction","target":{"@type":"EntryPoint","urlTemplate":"https:\/\/adchem.al\/?s={search_term_string}"},"query-input":{"@type":"PropertyValueSpecification","valueRequired":true,"valueName":"search_term_string"}}],"inLanguage":"sq"},{"@type":"Organization","@id":"https:\/\/adchem.al\/#organization","name":"Albania Distribution Chemicals","alternateName":"ADC","url":"https:\/\/adchem.al\/","logo":{"@type":"ImageObject","inLanguage":"sq","@id":"https:\/\/adchem.al\/#\/schema\/logo\/image\/","url":"https:\/\/adchem.al\/wp-content\/uploads\/2022\/09\/Albania-Distribution-Chemicals-Logo-01.png","contentUrl":"https:\/\/adchem.al\/wp-content\/uploads\/2022\/09\/Albania-Distribution-Chemicals-Logo-01.png","width":308,"height":104,"caption":"Albania Distribution Chemicals"},"image":{"@id":"https:\/\/adchem.al\/#\/schema\/logo\/image\/"},"sameAs":["https:\/\/www.facebook.com\/albaniadistributionchem\/?ref=py_c","https:\/\/www.instagram.com\/albania_distribution_chemicals\/"]}]}},"_links":{"self":[{"href":"https:\/\/adchem.al\/al\/wp-json\/wp\/v2\/pages\/988008","targetHints":{"allow":["GET"]}}],"collection":[{"href":"https:\/\/adchem.al\/al\/wp-json\/wp\/v2\/pages"}],"about":[{"href":"https:\/\/adchem.al\/al\/wp-json\/wp\/v2\/types\/page"}],"author":[{"embeddable":true,"href":"https:\/\/adchem.al\/al\/wp-json\/wp\/v2\/users\/2"}],"replies":[{"embeddable":true,"href":"https:\/\/adchem.al\/al\/wp-json\/wp\/v2\/comments?post=988008"}],"version-history":[{"count":10,"href":"https:\/\/adchem.al\/al\/wp-json\/wp\/v2\/pages\/988008\/revisions"}],"predecessor-version":[{"id":989165,"href":"https:\/\/adchem.al\/al\/wp-json\/wp\/v2\/pages\/988008\/revisions\/989165"}],"up":[{"embeddable":true,"href":"https:\/\/adchem.al\/al\/wp-json\/wp\/v2\/pages\/987952"}],"wp:featuredmedia":[{"embeddable":true,"href":"https:\/\/adchem.al\/al\/wp-json\/wp\/v2\/media\/988009"}],"wp:attachment":[{"href":"https:\/\/adchem.al\/al\/wp-json\/wp\/v2\/media?parent=988008"}],"curies":[{"name":"wp","href":"https:\/\/api.w.org\/{rel}","templated":true}]}}