{"id":988002,"date":"2023-06-24T12:56:14","date_gmt":"2023-06-24T12:56:14","guid":{"rendered":"https:\/\/adchem.al\/?page_id=988002"},"modified":"2023-06-27T20:28:37","modified_gmt":"2023-06-27T20:28:37","slug":"calcium-chloride","status":"publish","type":"page","link":"https:\/\/adchem.al\/al\/basic-chemicals\/calcium-chloride\/","title":{"rendered":"Klorur Kalciumi"},"content":{"rendered":"<div data-elementor-type=\"wp-page\" data-elementor-id=\"988002\" class=\"elementor elementor-988002\" data-elementor-post-type=\"page\">\n\t\t\t\t\t\t<section class=\"elementor-section elementor-top-section elementor-element elementor-element-37858afc elementor-section-full_width elementor-section-height-default elementor-section-height-default\" data-id=\"37858afc\" data-element_type=\"section\" data-e-type=\"section\">\n\t\t\t\t\t\t<div class=\"elementor-container elementor-column-gap-no\">\n\t\t\t\t\t<div class=\"elementor-column elementor-col-100 elementor-top-column elementor-element elementor-element-60bb79bd\" data-id=\"60bb79bd\" data-element_type=\"column\" data-e-type=\"column\">\n\t\t\t<div class=\"elementor-widget-wrap elementor-element-populated\">\n\t\t\t\t\t\t<div class=\"vamtam-has-theme-widget-styles elementor-element elementor-element-86d4d6c elementor-widget elementor-widget-image\" data-id=\"86d4d6c\" data-element_type=\"widget\" data-e-type=\"widget\" data-widget_type=\"image.default\">\n\t\t\t\t<div class=\"elementor-widget-container\">\n\t\t\t\t\t\t\t\t\t<div class=\"elementor-image\">\n\t\t\t\t\t\t\t\t\t\t\t\t\t\t\t\t<figure class=\"wp-caption\">\n\t\t\t\t\t\t\t\t\t\t\t\t\t\t\t\t<img width=\"240\" height=\"115\" src=\"https:\/\/adchem.al\/wp-content\/uploads\/2023\/06\/70167796f22446218b13310981bd85a3.webp\" class=\"attachment-full size-full wp-image-988003\" alt=\"\" decoding=\"async\" \/>\t\t\t\t\t\t\t\t\t\t\t\t\t\t\t\t\t<figcaption class=\"widget-image-caption wp-caption-text\">Albania Distribution Chemicals<\/figcaption>\n\t\t\t\t\t\t\t\t\t\t\t\t\t\t\t\t<\/figure>\n\t\t\t\t\t\t\t\t\t\t\t\t\t\t<\/div>\n\t\t\t\t\t\t\t\t<\/div>\n\t\t\t\t<\/div>\n\t\t\t\t<div class=\"elementor-element elementor-element-61992a9a elementor-widget elementor-widget-text-editor\" data-id=\"61992a9a\" data-element_type=\"widget\" data-e-type=\"widget\" data-widget_type=\"text-editor.default\">\n\t\t\t\t<div class=\"elementor-widget-container\">\n\t\t\t\t\t\t\t\t\t<div class=\"woocommerce-product-details__short-description\"><p><strong>Produkti: Klorur kalciumi<\/strong><\/p><p><strong>Formula Kimike: CaCl2<\/strong><\/p><p><strong>Informacion rreth produktit:<\/strong><\/p><p>\u2013 P\u00ebrb\u00ebrja kimike: Kloruri i kalciumit \u00ebsht\u00eb nj\u00eb p\u00ebrb\u00ebrje inorganike e p\u00ebrb\u00ebr\u00eb nga jonet e kalciumit dhe klorit.<br \/>\u2013 Pamja: Zakonisht gjendet n\u00eb form\u00eb t\u00eb ngurt\u00eb t\u00eb bardh\u00eb, kristalore ose si pluhur i bardh\u00eb.<br \/>\u2013 Tretshm\u00ebria: Kloruri i kalciumit \u00ebsht\u00eb shum\u00eb i tretsh\u00ebm n\u00eb uj\u00eb dhe formon nj\u00eb tret\u00ebsir\u00eb t\u00eb past\u00ebr, pa ngjyr\u00eb.<\/p><p><strong>Informacion p\u00ebr sektorin e p\u00ebrdorimit t\u00eb produktit:<\/strong><\/p><p>1. \u00c7lirimi dhe heqja e bor\u00ebs:<br \/>\u2013 Shkat\u00ebrruesi i rrug\u00ebve: Kloruri i kalciumit p\u00ebrdoret gjer\u00ebsisht si nj\u00eb agjent ngrir\u00ebs n\u00eb rrug\u00eb dhe autostrada gjat\u00eb dimrit p\u00ebr t\u00eb shkrir\u00eb akullin dhe bor\u00ebn, duke p\u00ebrmir\u00ebsuar t\u00ebrheqjen dhe sigurin\u00eb rrugore.<br \/>\u2013 Deicer i trotuareve dhe rrug\u00ebve: P\u00ebrdoret gjithashtu p\u00ebr shkrirjen e ngrirjes s\u00eb trotuareve, trotuareve dhe zonave t\u00eb tjera t\u00eb k\u00ebmb\u00ebsor\u00ebve.<\/p><p>2. Industria e ushqimit dhe pijeve:<br \/>\u2013 Shtesa ushqimore: Kloruri i kalciumit \u00ebsht\u00eb miratuar si aditiv ushqimor me numrin E E509. P\u00ebrdoret si nj\u00eb agjent forcues, ruajt\u00ebs dhe sekuestrues n\u00eb produkte t\u00eb ndryshme ushqimore, si perime t\u00eb konservuara, djath\u00eb dhe tofu.<br \/>\u2013 Pirja dhe prodhimi i djathit: P\u00ebrdoret n\u00eb proceset e birr\u00ebs dhe prodhimit t\u00eb djathit p\u00ebr t\u00eb rregulluar fort\u00ebsin\u00eb e ujit dhe p\u00ebr t\u00eb p\u00ebrmir\u00ebsuar aktivitetin e enzim\u00ebs.<\/p><p>3. Nd\u00ebrtimi dhe betoni:<br \/>\u2013 P\u00ebrshpejtuesi: Kloruri i kalciumit p\u00ebrdoret si p\u00ebrshpejtues i betonit, duke p\u00ebrshpejtuar procesin e mpiksjes dhe ngurt\u00ebsimit t\u00eb betonit n\u00eb kushtet e motit t\u00eb ftoht\u00eb.<br \/>\u2013 Kontrolli i pluhurit: Mund t\u00eb aplikohet n\u00eb rrug\u00eb t\u00eb paasfaltuara, kantiere nd\u00ebrtimi dhe operacione minerare p\u00ebr t\u00eb kontrolluar pluhurin duke lidhur grimcat s\u00eb bashku.<\/p><p>4. Trajtimi i ujit:<br \/>\u2013 Th\u00ebrr\u00ebs: Kloruri i kalciumit p\u00ebrdoret si nj\u00eb desikant p\u00ebr t\u00eb hequr lag\u00ebshtin\u00eb nga ajri n\u00eb aplikime t\u00eb ndryshme industriale dhe tregtare.<br \/>\u2013 Zbutja e ujit: P\u00ebrdoret n\u00eb sistemet e trajtimit t\u00eb ujit p\u00ebr t\u00eb reduktuar ngurt\u00ebsin\u00eb e ujit duke hequr jonet e kalciumit dhe magnezit.<\/p><p>5. Bujq\u00ebsia:<br \/>\u2013 Suplementi i plehrave: Kloruri i kalciumit p\u00ebrdoret si burim i joneve t\u00eb kalciumit dhe klorurit n\u00eb formulimet e plehrave, duke siguruar l\u00ebnd\u00eb ushqyese thelb\u00ebsore p\u00ebr bim\u00ebt dhe duke p\u00ebrmir\u00ebsuar rritjen dhe zhvillimin e tyre.<br \/>\u2013 Ndryshimi i tok\u00ebs: Mund t\u00eb aplikohet n\u00eb tok\u00eb me nivele t\u00eb larta pH p\u00ebr t\u00eb ulur alkalinitetin dhe p\u00ebr t\u00eb p\u00ebrmir\u00ebsuar disponueshm\u00ebrin\u00eb e l\u00ebnd\u00ebve ushqyese p\u00ebr bim\u00ebt.<\/p><p>6. Industria e naft\u00ebs dhe gazit:<br \/>\u2013 L\u00ebngjet e shpimit: Klorur kalciumi shtohet n\u00eb l\u00ebngjet e shpimit si agjent p\u00ebr kontrollin e densitetit dhe p\u00ebr t\u00eb stabilizuar formacionet e argjil\u00ebs gjat\u00eb operacioneve t\u00eb shpimit t\u00eb naft\u00ebs dhe gazit.<br \/>\u2013 Agjent dehidratues: P\u00ebrdoret p\u00ebr largimin e ujit nga nafta dhe gazi natyror, duke leht\u00ebsuar p\u00ebrpunimin dhe transportin e tyre.<\/p><p>7. Farmaceutik\u00eb:<br \/>\u2013 Aplikimet medicinale: Kloruri i kalciumit mund t\u00eb p\u00ebrdoret n\u00eb trajtime dhe procedura t\u00eb caktuara mjek\u00ebsore, si n\u00eb injeksione intravenoze dhe si burim kalciumi n\u00eb suplementet orale.<\/p><p>8. HVAC dhe ftohje:<br \/>\u2013 Agjent higroskopik: Kloruri i kalciumit p\u00ebrdoret si agjent higroskopik n\u00eb dehumidifikuesit dhe sistemet e ajrit t\u00eb kondicionuar p\u00ebr t\u00eb hequr lag\u00ebshtin\u00eb nga ajri.<\/p><p>9. Proceset industriale:<br \/>\u2013 Agjent thar\u00ebs: P\u00ebrdoret si agjent thar\u00ebs n\u00eb procese t\u00eb ndryshme industriale, si p\u00ebr tharjen e gazeve dhe tret\u00ebsve, si dhe n\u00eb prodhimin e agjent\u00ebve thar\u00ebs p\u00ebr produktet e konsumit si pako thar\u00ebse.<br \/>\u2013 Trajtimi i metaleve: Kloruri i kalciumit mund t\u00eb p\u00ebrdoret n\u00eb proceset e trajtimit t\u00eb metaleve, duke p\u00ebrfshir\u00eb turshin\u00eb dhe galvanizimin, p\u00ebr t\u00eb hequr papast\u00ebrtit\u00eb dhe p\u00ebr t\u00eb parandaluar korrozionin.<\/p><p>10. Mbrojtja nga zjarri:<br \/>\u2013 Fik\u00ebset e zjarrit: Kloruri i kalciumit mund t\u00eb p\u00ebrdoret si nj\u00eb p\u00ebrb\u00ebr\u00ebs n\u00eb disa lloje t\u00eb aparateve p\u00ebr fikjen e zjarrit, ve\u00e7an\u00ebrisht ato t\u00eb projektuara p\u00ebr zjarret e klasit D q\u00eb p\u00ebrfshijn\u00eb metale t\u00eb ndezshme.<\/p><p>Gjat\u00eb trajtimit t\u00eb klorurit t\u00eb kalciumit, \u00ebsht\u00eb e r\u00ebnd\u00ebsishme t\u00eb ndiqni masat e duhura t\u00eb siguris\u00eb, pasi mund t\u00eb jet\u00eb g\u00ebrryes ndaj metaleve dhe irritues p\u00ebr l\u00ebkur\u00ebn dhe syt\u00eb.<\/p><\/div>\t\t\t\t\t\t\t\t<\/div>\n\t\t\t\t<\/div>\n\t\t\t\t<section class=\"elementor-section elementor-inner-section elementor-element elementor-element-45ba61c elementor-section-boxed elementor-section-height-default elementor-section-height-default\" data-id=\"45ba61c\" data-element_type=\"section\" data-e-type=\"section\" data-settings=\"{&quot;background_background&quot;:&quot;classic&quot;}\">\n\t\t\t\t\t\t<div class=\"elementor-container elementor-column-gap-no\">\n\t\t\t\t\t<div class=\"elementor-column elementor-col-100 elementor-inner-column elementor-element elementor-element-e4a28c2\" data-id=\"e4a28c2\" data-element_type=\"column\" data-e-type=\"column\">\n\t\t\t<div class=\"elementor-widget-wrap elementor-element-populated\">\n\t\t\t\t\t\t<div class=\"elementor-element elementor-element-9949707 elementor-view-default elementor-widget elementor-widget-icon\" data-id=\"9949707\" data-element_type=\"widget\" data-e-type=\"widget\" data-widget_type=\"icon.default\">\n\t\t\t\t<div class=\"elementor-widget-container\">\n\t\t\t\t\t\t\t<div class=\"elementor-icon-wrapper\">\n\t\t\t<div class=\"elementor-icon\">\n\t\t\t<i aria-hidden=\"true\" class=\"vamtamtheme- vamtam-theme-quote-start\"><\/i>\t\t\t<\/div>\n\t\t<\/div>\n\t\t\t\t\t\t<\/div>\n\t\t\t\t<\/div>\n\t\t\t\t<div class=\"elementor-element elementor-element-e9a44d2 elementor-widget elementor-widget-text-editor\" data-id=\"e9a44d2\" data-element_type=\"widget\" data-e-type=\"widget\" data-widget_type=\"text-editor.default\">\n\t\t\t\t<div class=\"elementor-widget-container\">\n\t\t\t\t\t\t\t\t\t<p>\"P\u00ebr \u00e7do informacion, shkruani n\u00eb WhatsApp: Gjith\u00e7ka q\u00eb ju nevojitet, n\u00eb koh\u00eb reale, n\u00eb nj\u00eb mesazh. Na kontaktoni dhe jemi gati t\u00eb ju ndihmojm\u00eb.\"<\/p>\t\t\t\t\t\t\t\t<\/div>\n\t\t\t\t<\/div>\n\t\t\t\t<div class=\"elementor-element elementor-element-f61b8b0 elementor-widget-divider--view-line elementor-widget elementor-widget-divider\" data-id=\"f61b8b0\" data-element_type=\"widget\" data-e-type=\"widget\" data-widget_type=\"divider.default\">\n\t\t\t\t<div class=\"elementor-widget-container\">\n\t\t\t\t\t\t\t<div class=\"elementor-divider\">\n\t\t\t<span class=\"elementor-divider-separator\">\n\t\t\t\t\t\t<\/span>\n\t\t<\/div>\n\t\t\t\t\t\t<\/div>\n\t\t\t\t<\/div>\n\t\t\t\t<div class=\"vamtam-has-theme-widget-styles elementor-element elementor-element-74cb88d elementor-widget__width-auto vamtam-has-underline-anim elementor-widget elementor-widget-button\" data-id=\"74cb88d\" data-element_type=\"widget\" data-e-type=\"widget\" data-widget_type=\"button.default\">\n\t\t\t\t<div class=\"elementor-widget-container\">\n\t\t\t\t\t\t\t\t\t<div class=\"elementor-button-wrapper\">\n\t\t\t\t\t<a class=\"elementor-button elementor-button-link elementor-size-md\" href=\"https:\/\/wa.me\/355694000260\">\n\t\t\t\t\t\t<span class=\"elementor-button-content-wrapper\">\n\t\t\t\t\t\t<span class=\"elementor-button-icon\">\n\t\t\t\t<i aria-hidden=\"true\" class=\"vamtamtheme- vamtam-theme-icon-arrow-right-top\"><\/i>\t\t\t<\/span>\n\t\t\t\t\t\t\t\t\t<span class=\"elementor-button-text\">Kontaktoni WhatsApp<\/span>\n\t\t\t\t\t<\/span>\n\t\t\t\t\t<\/a>\n\t\t\t\t<\/div>\n\t\t\t\t\t\t\t\t<\/div>\n\t\t\t\t<\/div>\n\t\t\t\t<div class=\"elementor-element elementor-element-1e11d73 elementor-widget__width-auto elementor-widget elementor-widget-heading\" data-id=\"1e11d73\" data-element_type=\"widget\" data-e-type=\"widget\" data-widget_type=\"heading.default\">\n\t\t\t\t<div class=\"elementor-widget-container\">\n\t\t\t\t\t<span class=\"elementor-heading-title elementor-size-default\">Albania Distribution Chemicals\n<\/span>\t\t\t\t<\/div>\n\t\t\t\t<\/div>\n\t\t\t\t\t<\/div>\n\t\t<\/div>\n\t\t\t\t\t<\/div>\n\t\t<\/section>\n\t\t\t\t\t<\/div>\n\t\t<\/div>\n\t\t\t\t\t<\/div>\n\t\t<\/section>\n\t\t\t\t<section class=\"elementor-section elementor-top-section elementor-element elementor-element-b3fd502 elementor-section-boxed elementor-section-height-default elementor-section-height-default\" data-id=\"b3fd502\" data-element_type=\"section\" data-e-type=\"section\">\n\t\t\t\t\t\t<div class=\"elementor-container elementor-column-gap-default\">\n\t\t\t\t\t<div class=\"elementor-column elementor-col-100 elementor-top-column elementor-element elementor-element-a879885\" data-id=\"a879885\" data-element_type=\"column\" data-e-type=\"column\">\n\t\t\t<div class=\"elementor-widget-wrap elementor-element-populated\">\n\t\t\t\t\t\t<div class=\"elementor-element elementor-element-4a3fe1c elementor-widget elementor-widget-spacer\" data-id=\"4a3fe1c\" data-element_type=\"widget\" data-e-type=\"widget\" data-widget_type=\"spacer.default\">\n\t\t\t\t<div class=\"elementor-widget-container\">\n\t\t\t\t\t\t\t<div class=\"elementor-spacer\">\n\t\t\t<div class=\"elementor-spacer-inner\"><\/div>\n\t\t<\/div>\n\t\t\t\t\t\t<\/div>\n\t\t\t\t<\/div>\n\t\t\t\t<div class=\"vamtam-has-theme-widget-styles elementor-element elementor-element-feed2fe elementor-widget elementor-widget-image\" data-id=\"feed2fe\" data-element_type=\"widget\" data-e-type=\"widget\" data-widget_type=\"image.default\">\n\t\t\t\t<div class=\"elementor-widget-container\">\n\t\t\t\t\t\t\t\t\t<div class=\"elementor-image\">\n\t\t\t\t\t\t\t\t\t\t\t\t\t\t\t\t\t\t\t\t\t<img fetchpriority=\"high\" width=\"8000\" height=\"1355\" src=\"https:\/\/adchem.al\/wp-content\/uploads\/2023\/06\/baner-albania-distribution-chemicals-01.png\" class=\"attachment-full size-full wp-image-987764\" alt=\"\" decoding=\"async\" srcset=\"https:\/\/adchem.al\/wp-content\/uploads\/2023\/06\/baner-albania-distribution-chemicals-01.png 8000w, https:\/\/adchem.al\/wp-content\/uploads\/2023\/06\/baner-albania-distribution-chemicals-01-300x51.png 300w, https:\/\/adchem.al\/wp-content\/uploads\/2023\/06\/baner-albania-distribution-chemicals-01-1024x173.png 1024w, https:\/\/adchem.al\/wp-content\/uploads\/2023\/06\/baner-albania-distribution-chemicals-01-768x130.png 768w, https:\/\/adchem.al\/wp-content\/uploads\/2023\/06\/baner-albania-distribution-chemicals-01-1536x260.png 1536w, https:\/\/adchem.al\/wp-content\/uploads\/2023\/06\/baner-albania-distribution-chemicals-01-2048x347.png 2048w\" sizes=\"(max-width: 8000px) 100vw, 8000px\" \/>\t\t\t\t\t\t\t\t\t\t\t\t\t\t\t\t\t\t\t\t\t\t\t\t<\/div>\n\t\t\t\t\t\t\t\t<\/div>\n\t\t\t\t<\/div>\n\t\t\t\t\t<\/div>\n\t\t<\/div>\n\t\t\t\t\t<\/div>\n\t\t<\/section>\n\t\t\t\t<\/div>","protected":false},"excerpt":{"rendered":"<p>Produkti: Klorur kalciumi<\/p>\n<p>Formula Kimike: CaCl2<\/p>\n<p>Informacion rreth produktit:<\/p>\n<p>\u2013 P\u00ebrb\u00ebrja kimike: Kloruri i kalciumit \u00ebsht\u00eb nj\u00eb p\u00ebrb\u00ebrje inorganike e p\u00ebrb\u00ebr\u00eb nga jonet e kalciumit dhe klorit.<br \/>\n\u2013 Pamja: Zakonisht gjendet n\u00eb form\u00eb t\u00eb ngurt\u00eb t\u00eb bardh\u00eb, kristalore ose si pluhur i bardh\u00eb.<br \/>\n\u2013 Tretshm\u00ebria: Kloruri i kalciumit \u00ebsht\u00eb shum\u00eb i tretsh\u00ebm n\u00eb uj\u00eb dhe formon nj\u00eb tret\u00ebsir\u00eb t\u00eb past\u00ebr, pa ngjyr\u00eb.<\/p>","protected":false},"author":2,"featured_media":988003,"parent":987952,"menu_order":0,"comment_status":"closed","ping_status":"closed","template":"","meta":{"inline_featured_image":false,"footnotes":""},"class_list":["post-988002","page","type-page","status-publish","has-post-thumbnail","hentry"],"yoast_head":"<!-- This site is optimized with the Yoast SEO plugin v27.4 - https:\/\/yoast.com\/product\/yoast-seo-wordpress\/ -->\n<title>Calcium Chloride | Albania Distribution Chemicals<\/title>\n<meta name=\"robots\" content=\"index, follow, max-snippet:-1, max-image-preview:large, max-video-preview:-1\" \/>\n<link rel=\"canonical\" href=\"https:\/\/adchem.al\/al\/basic-chemicals\/calcium-chloride\/\" \/>\n<meta property=\"og:locale\" content=\"sq_AL\" \/>\n<meta property=\"og:type\" content=\"article\" \/>\n<meta property=\"og:title\" content=\"Calcium Chloride | Albania Distribution Chemicals\" \/>\n<meta property=\"og:description\" content=\"Product: Calcium Chloride Chemical Formula: CaCl2 Information about the product: - Chemical Compound: Calcium chloride is an inorganic compound composed of calcium and chlorine ions. - Appearance: It is usually found as a white, crystalline solid or as a white powder. - Solubility: Calcium chloride is highly soluble in water and forms a clear, colorless solution.\" \/>\n<meta property=\"og:url\" content=\"https:\/\/adchem.al\/al\/basic-chemicals\/calcium-chloride\/\" \/>\n<meta property=\"og:site_name\" content=\"Albania Distribution Chemicals\" \/>\n<meta property=\"article:publisher\" content=\"https:\/\/www.facebook.com\/albaniadistributionchem\/?ref=py_c\" \/>\n<meta property=\"article:modified_time\" content=\"2023-06-27T20:28:37+00:00\" \/>\n<meta property=\"og:image\" content=\"https:\/\/adchem.al\/wp-content\/uploads\/2023\/06\/70167796f22446218b13310981bd85a3.webp\" \/>\n\t<meta property=\"og:image:width\" content=\"240\" \/>\n\t<meta property=\"og:image:height\" content=\"115\" \/>\n\t<meta property=\"og:image:type\" content=\"image\/webp\" \/>\n<meta name=\"twitter:card\" content=\"summary_large_image\" \/>\n<script type=\"application\/ld+json\" class=\"yoast-schema-graph\">{\"@context\":\"https:\\\/\\\/schema.org\",\"@graph\":[{\"@type\":\"WebPage\",\"@id\":\"https:\\\/\\\/adchem.al\\\/basic-chemicals\\\/calcium-chloride\\\/\",\"url\":\"https:\\\/\\\/adchem.al\\\/basic-chemicals\\\/calcium-chloride\\\/\",\"name\":\"Calcium Chloride | Albania Distribution Chemicals\",\"isPartOf\":{\"@id\":\"https:\\\/\\\/adchem.al\\\/#website\"},\"primaryImageOfPage\":{\"@id\":\"https:\\\/\\\/adchem.al\\\/basic-chemicals\\\/calcium-chloride\\\/#primaryimage\"},\"image\":{\"@id\":\"https:\\\/\\\/adchem.al\\\/basic-chemicals\\\/calcium-chloride\\\/#primaryimage\"},\"thumbnailUrl\":\"https:\\\/\\\/adchem.al\\\/wp-content\\\/uploads\\\/2023\\\/06\\\/70167796f22446218b13310981bd85a3.webp\",\"datePublished\":\"2023-06-24T12:56:14+00:00\",\"dateModified\":\"2023-06-27T20:28:37+00:00\",\"breadcrumb\":{\"@id\":\"https:\\\/\\\/adchem.al\\\/basic-chemicals\\\/calcium-chloride\\\/#breadcrumb\"},\"inLanguage\":\"sq\",\"potentialAction\":[{\"@type\":\"ReadAction\",\"target\":[\"https:\\\/\\\/adchem.al\\\/basic-chemicals\\\/calcium-chloride\\\/\"]}]},{\"@type\":\"ImageObject\",\"inLanguage\":\"sq\",\"@id\":\"https:\\\/\\\/adchem.al\\\/basic-chemicals\\\/calcium-chloride\\\/#primaryimage\",\"url\":\"https:\\\/\\\/adchem.al\\\/wp-content\\\/uploads\\\/2023\\\/06\\\/70167796f22446218b13310981bd85a3.webp\",\"contentUrl\":\"https:\\\/\\\/adchem.al\\\/wp-content\\\/uploads\\\/2023\\\/06\\\/70167796f22446218b13310981bd85a3.webp\",\"width\":240,\"height\":115},{\"@type\":\"BreadcrumbList\",\"@id\":\"https:\\\/\\\/adchem.al\\\/basic-chemicals\\\/calcium-chloride\\\/#breadcrumb\",\"itemListElement\":[{\"@type\":\"ListItem\",\"position\":1,\"name\":\"Home\",\"item\":\"https:\\\/\\\/adchem.al\\\/\"},{\"@type\":\"ListItem\",\"position\":2,\"name\":\"Basic Chemicals\",\"item\":\"https:\\\/\\\/adchem.al\\\/al\\\/basic-chemicals\\\/\"},{\"@type\":\"ListItem\",\"position\":3,\"name\":\"Calcium Chloride\"}]},{\"@type\":\"WebSite\",\"@id\":\"https:\\\/\\\/adchem.al\\\/#website\",\"url\":\"https:\\\/\\\/adchem.al\\\/\",\"name\":\"Albania Distribution Chemicals\",\"description\":\"&quot;Excellence in Chemical Distribution&quot;\",\"publisher\":{\"@id\":\"https:\\\/\\\/adchem.al\\\/#organization\"},\"alternateName\":\"ADC\",\"potentialAction\":[{\"@type\":\"SearchAction\",\"target\":{\"@type\":\"EntryPoint\",\"urlTemplate\":\"https:\\\/\\\/adchem.al\\\/?s={search_term_string}\"},\"query-input\":{\"@type\":\"PropertyValueSpecification\",\"valueRequired\":true,\"valueName\":\"search_term_string\"}}],\"inLanguage\":\"sq\"},{\"@type\":\"Organization\",\"@id\":\"https:\\\/\\\/adchem.al\\\/#organization\",\"name\":\"Albania Distribution Chemicals\",\"alternateName\":\"ADC\",\"url\":\"https:\\\/\\\/adchem.al\\\/\",\"logo\":{\"@type\":\"ImageObject\",\"inLanguage\":\"sq\",\"@id\":\"https:\\\/\\\/adchem.al\\\/#\\\/schema\\\/logo\\\/image\\\/\",\"url\":\"https:\\\/\\\/adchem.al\\\/wp-content\\\/uploads\\\/2022\\\/09\\\/Albania-Distribution-Chemicals-Logo-01.png\",\"contentUrl\":\"https:\\\/\\\/adchem.al\\\/wp-content\\\/uploads\\\/2022\\\/09\\\/Albania-Distribution-Chemicals-Logo-01.png\",\"width\":308,\"height\":104,\"caption\":\"Albania Distribution Chemicals\"},\"image\":{\"@id\":\"https:\\\/\\\/adchem.al\\\/#\\\/schema\\\/logo\\\/image\\\/\"},\"sameAs\":[\"https:\\\/\\\/www.facebook.com\\\/albaniadistributionchem\\\/?ref=py_c\",\"https:\\\/\\\/www.instagram.com\\\/albania_distribution_chemicals\\\/\"]}]}<\/script>\n<!-- \/ Yoast SEO plugin. -->","yoast_head_json":{"title":"Calcium Chloride | Albania Distribution Chemicals","robots":{"index":"index","follow":"follow","max-snippet":"max-snippet:-1","max-image-preview":"max-image-preview:large","max-video-preview":"max-video-preview:-1"},"canonical":"https:\/\/adchem.al\/al\/basic-chemicals\/calcium-chloride\/","og_locale":"sq_AL","og_type":"article","og_title":"Calcium Chloride | Albania Distribution Chemicals","og_description":"Product: Calcium Chloride Chemical Formula: CaCl2 Information about the product: - Chemical Compound: Calcium chloride is an inorganic compound composed of calcium and chlorine ions. - Appearance: It is usually found as a white, crystalline solid or as a white powder. - Solubility: Calcium chloride is highly soluble in water and forms a clear, colorless solution.","og_url":"https:\/\/adchem.al\/al\/basic-chemicals\/calcium-chloride\/","og_site_name":"Albania Distribution Chemicals","article_publisher":"https:\/\/www.facebook.com\/albaniadistributionchem\/?ref=py_c","article_modified_time":"2023-06-27T20:28:37+00:00","og_image":[{"width":240,"height":115,"url":"https:\/\/adchem.al\/wp-content\/uploads\/2023\/06\/70167796f22446218b13310981bd85a3.webp","type":"image\/webp"}],"twitter_card":"summary_large_image","schema":{"@context":"https:\/\/schema.org","@graph":[{"@type":"WebPage","@id":"https:\/\/adchem.al\/basic-chemicals\/calcium-chloride\/","url":"https:\/\/adchem.al\/basic-chemicals\/calcium-chloride\/","name":"Calcium Chloride | Albania Distribution Chemicals","isPartOf":{"@id":"https:\/\/adchem.al\/#website"},"primaryImageOfPage":{"@id":"https:\/\/adchem.al\/basic-chemicals\/calcium-chloride\/#primaryimage"},"image":{"@id":"https:\/\/adchem.al\/basic-chemicals\/calcium-chloride\/#primaryimage"},"thumbnailUrl":"https:\/\/adchem.al\/wp-content\/uploads\/2023\/06\/70167796f22446218b13310981bd85a3.webp","datePublished":"2023-06-24T12:56:14+00:00","dateModified":"2023-06-27T20:28:37+00:00","breadcrumb":{"@id":"https:\/\/adchem.al\/basic-chemicals\/calcium-chloride\/#breadcrumb"},"inLanguage":"sq","potentialAction":[{"@type":"ReadAction","target":["https:\/\/adchem.al\/basic-chemicals\/calcium-chloride\/"]}]},{"@type":"ImageObject","inLanguage":"sq","@id":"https:\/\/adchem.al\/basic-chemicals\/calcium-chloride\/#primaryimage","url":"https:\/\/adchem.al\/wp-content\/uploads\/2023\/06\/70167796f22446218b13310981bd85a3.webp","contentUrl":"https:\/\/adchem.al\/wp-content\/uploads\/2023\/06\/70167796f22446218b13310981bd85a3.webp","width":240,"height":115},{"@type":"BreadcrumbList","@id":"https:\/\/adchem.al\/basic-chemicals\/calcium-chloride\/#breadcrumb","itemListElement":[{"@type":"ListItem","position":1,"name":"Home","item":"https:\/\/adchem.al\/"},{"@type":"ListItem","position":2,"name":"Basic Chemicals","item":"https:\/\/adchem.al\/al\/basic-chemicals\/"},{"@type":"ListItem","position":3,"name":"Calcium Chloride"}]},{"@type":"WebSite","@id":"https:\/\/adchem.al\/#website","url":"https:\/\/adchem.al\/","name":"Albania Distribution Chemicals","description":"&quot;Excellence in Chemical Distribution&quot;","publisher":{"@id":"https:\/\/adchem.al\/#organization"},"alternateName":"ADC","potentialAction":[{"@type":"SearchAction","target":{"@type":"EntryPoint","urlTemplate":"https:\/\/adchem.al\/?s={search_term_string}"},"query-input":{"@type":"PropertyValueSpecification","valueRequired":true,"valueName":"search_term_string"}}],"inLanguage":"sq"},{"@type":"Organization","@id":"https:\/\/adchem.al\/#organization","name":"Albania Distribution Chemicals","alternateName":"ADC","url":"https:\/\/adchem.al\/","logo":{"@type":"ImageObject","inLanguage":"sq","@id":"https:\/\/adchem.al\/#\/schema\/logo\/image\/","url":"https:\/\/adchem.al\/wp-content\/uploads\/2022\/09\/Albania-Distribution-Chemicals-Logo-01.png","contentUrl":"https:\/\/adchem.al\/wp-content\/uploads\/2022\/09\/Albania-Distribution-Chemicals-Logo-01.png","width":308,"height":104,"caption":"Albania Distribution Chemicals"},"image":{"@id":"https:\/\/adchem.al\/#\/schema\/logo\/image\/"},"sameAs":["https:\/\/www.facebook.com\/albaniadistributionchem\/?ref=py_c","https:\/\/www.instagram.com\/albania_distribution_chemicals\/"]}]}},"_links":{"self":[{"href":"https:\/\/adchem.al\/al\/wp-json\/wp\/v2\/pages\/988002","targetHints":{"allow":["GET"]}}],"collection":[{"href":"https:\/\/adchem.al\/al\/wp-json\/wp\/v2\/pages"}],"about":[{"href":"https:\/\/adchem.al\/al\/wp-json\/wp\/v2\/types\/page"}],"author":[{"embeddable":true,"href":"https:\/\/adchem.al\/al\/wp-json\/wp\/v2\/users\/2"}],"replies":[{"embeddable":true,"href":"https:\/\/adchem.al\/al\/wp-json\/wp\/v2\/comments?post=988002"}],"version-history":[{"count":10,"href":"https:\/\/adchem.al\/al\/wp-json\/wp\/v2\/pages\/988002\/revisions"}],"predecessor-version":[{"id":989162,"href":"https:\/\/adchem.al\/al\/wp-json\/wp\/v2\/pages\/988002\/revisions\/989162"}],"up":[{"embeddable":true,"href":"https:\/\/adchem.al\/al\/wp-json\/wp\/v2\/pages\/987952"}],"wp:featuredmedia":[{"embeddable":true,"href":"https:\/\/adchem.al\/al\/wp-json\/wp\/v2\/media\/988003"}],"wp:attachment":[{"href":"https:\/\/adchem.al\/al\/wp-json\/wp\/v2\/media?parent=988002"}],"curies":[{"name":"wp","href":"https:\/\/api.w.org\/{rel}","templated":true}]}}