{"id":987996,"date":"2023-06-24T12:50:26","date_gmt":"2023-06-24T12:50:26","guid":{"rendered":"https:\/\/adchem.al\/?page_id=987996"},"modified":"2023-06-27T20:26:36","modified_gmt":"2023-06-27T20:26:36","slug":"boric-acid","status":"publish","type":"page","link":"https:\/\/adchem.al\/al\/basic-chemicals\/boric-acid\/","title":{"rendered":"Acid Borik"},"content":{"rendered":"<div data-elementor-type=\"wp-page\" data-elementor-id=\"987996\" class=\"elementor elementor-987996\" data-elementor-post-type=\"page\">\n\t\t\t\t\t\t<section class=\"elementor-section elementor-top-section elementor-element elementor-element-37858afc elementor-section-full_width elementor-section-height-default elementor-section-height-default\" data-id=\"37858afc\" data-element_type=\"section\" data-e-type=\"section\">\n\t\t\t\t\t\t<div class=\"elementor-container elementor-column-gap-no\">\n\t\t\t\t\t<div class=\"elementor-column elementor-col-100 elementor-top-column elementor-element elementor-element-60bb79bd\" data-id=\"60bb79bd\" data-element_type=\"column\" data-e-type=\"column\">\n\t\t\t<div class=\"elementor-widget-wrap elementor-element-populated\">\n\t\t\t\t\t\t<div class=\"vamtam-has-theme-widget-styles elementor-element elementor-element-86d4d6c elementor-widget elementor-widget-image\" data-id=\"86d4d6c\" data-element_type=\"widget\" data-e-type=\"widget\" data-widget_type=\"image.default\">\n\t\t\t\t<div class=\"elementor-widget-container\">\n\t\t\t\t\t\t\t\t\t<div class=\"elementor-image\">\n\t\t\t\t\t\t\t\t\t\t\t\t\t\t\t\t<figure class=\"wp-caption\">\n\t\t\t\t\t\t\t\t\t\t\t\t\t\t\t\t<img fetchpriority=\"high\" decoding=\"async\" width=\"473\" height=\"425\" src=\"https:\/\/adchem.al\/wp-content\/uploads\/2023\/06\/Borax-Struktur.svg.png\" class=\"attachment-full size-full wp-image-987991\" alt=\"\" srcset=\"https:\/\/adchem.al\/wp-content\/uploads\/2023\/06\/Borax-Struktur.svg.png 473w, https:\/\/adchem.al\/wp-content\/uploads\/2023\/06\/Borax-Struktur.svg-300x270.png 300w\" sizes=\"(max-width: 473px) 100vw, 473px\" \/>\t\t\t\t\t\t\t\t\t\t\t\t\t\t\t\t\t<figcaption class=\"widget-image-caption wp-caption-text\">Albania Distribution Chemicals<\/figcaption>\n\t\t\t\t\t\t\t\t\t\t\t\t\t\t\t\t<\/figure>\n\t\t\t\t\t\t\t\t\t\t\t\t\t\t<\/div>\n\t\t\t\t\t\t\t\t<\/div>\n\t\t\t\t<\/div>\n\t\t\t\t<div class=\"elementor-element elementor-element-61992a9a elementor-widget elementor-widget-text-editor\" data-id=\"61992a9a\" data-element_type=\"widget\" data-e-type=\"widget\" data-widget_type=\"text-editor.default\">\n\t\t\t\t<div class=\"elementor-widget-container\">\n\t\t\t\t\t\t\t\t\t<div class=\"woocommerce-product-details__short-description\"><p><strong>Produkti: Acid borik<\/strong><\/p><p><strong>Formula Kimike: H3BO3<\/strong><\/p><p><strong>Informacion rreth produktit:<\/strong><\/p><p>\u2013 P\u00ebrb\u00ebrja kimike: Acidi borik \u00ebsht\u00eb nj\u00eb acid i dob\u00ebt q\u00eb p\u00ebrmban bor, hidrogjen dhe oksigjen.<br \/>\u2013 Pamja: \u00cbsht\u00eb pluhur kristalor i bardh\u00eb ose kristale pa ngjyr\u00eb.<br \/>\u2013 Tretshm\u00ebria: Acidi borik \u00ebsht\u00eb i tretsh\u00ebm n\u00eb uj\u00eb dhe formon nj\u00eb tret\u00ebsir\u00eb t\u00eb dob\u00ebt acidike.<br \/>\u2013 Vetit\u00eb antiseptike: Shfaq veti t\u00eb buta antiseptike dhe p\u00ebrdoret zakonisht p\u00ebr efektet e tij dezinfektuese dhe antibakteriale.<\/p><p><strong>Informacion p\u00ebr sektorin e p\u00ebrdorimit t\u00eb produktit:<\/strong><\/p><p>1. Industria mjek\u00ebsore dhe farmaceutike:<br \/>\u2013 Tret\u00ebsir\u00eb oftalmike: Acidi borik p\u00ebrdoret n\u00eb solucionet okulistike, t\u00eb quajtura shpesh \u201clarje sysh\u201d, p\u00ebr t\u00eb leht\u00ebsuar irritimin e syve dhe p\u00ebr t\u00eb pastruar syt\u00eb.<br \/>\u2013 Trajtimi antimykotik: Mund t\u00eb gjendet n\u00eb medikamente dhe pomada t\u00eb caktuara antifungale q\u00eb p\u00ebrdoren p\u00ebr trajtimin e infeksioneve k\u00ebrpudhore, si\u00e7 jan\u00eb infeksionet e majave.<br \/>\u2013 Agjent antiseptik: Acidi borik p\u00ebrdoret si nj\u00eb antiseptik n\u00eb produktet e kujdesit t\u00eb plag\u00ebve, duke p\u00ebrfshir\u00eb solucionet dhe kremrat antiseptik\u00eb.<\/p><p>2. Kontrolli i d\u00ebmtuesve:<br \/>\u2013 Insekticid: Acidi borik p\u00ebrdoret zakonisht si nj\u00eb insekticid p\u00ebr t\u00eb kontrolluar d\u00ebmtuesit si milingonat, buburrecat, termitet, peshqit e argjendt\u00eb dhe pleshtat. Ai prish sistemin e tyre tret\u00ebs dhe d\u00ebmton ekzoskeletet e tyre.<\/p><p>3. Kozmetik\u00eb dhe produkte t\u00eb kujdesit personal:<br \/>\u2013 Kujdesi p\u00ebr l\u00ebkur\u00ebn: Acidi borik p\u00ebrdoret n\u00eb disa produkte p\u00ebr kujdesin e l\u00ebkur\u00ebs, t\u00eb tilla si locione dhe kremra, p\u00ebr vetit\u00eb e tij astringente dhe qet\u00ebsuese.<br \/>\u2013 Antidjers\u00eb: Mund t\u00eb gjendet n\u00eb formulime t\u00eb caktuara kund\u00ebr djers\u00ebs p\u00ebr t\u00eb ndihmuar n\u00eb reduktimin e djersitjes dhe kontrollin e er\u00ebs s\u00eb trupit.<\/p><p>4. Pastrimi dhe amvis\u00ebria:<br \/>\u2013 Pastrues antiseptik: Acidi borik mund t\u00eb p\u00ebrdoret si nj\u00eb p\u00ebrb\u00ebr\u00ebs n\u00eb pastruesit antiseptik\u00eb t\u00eb b\u00ebr\u00eb n\u00eb sht\u00ebpi p\u00ebr sip\u00ebrfaqe t\u00eb ndryshme, duke p\u00ebrfshir\u00eb tavanet dhe banjat.<br \/>\u2013 Fungicide: \u00cbsht\u00eb efektiv kund\u00ebr mykut dhe mykut, dhe mund t\u00eb p\u00ebrdoret p\u00ebr t\u00eb parandaluar ose trajtuar rritjen e k\u00ebrpudhave n\u00eb zonat e prirura ndaj lag\u00ebshtir\u00ebs, si\u00e7 jan\u00eb banjat.<\/p><p>5. Ruajtja e drurit:<br \/>\u2013 Acidi borik p\u00ebrdoret n\u00eb trajtimet e ruajtjes s\u00eb drurit p\u00ebr t\u00eb mbrojtur kund\u00ebr organizmave q\u00eb shkat\u00ebrrojn\u00eb drurin, duke p\u00ebrfshir\u00eb termitet, brumbujt dhe k\u00ebrpudhat.<\/p><p>6. Retardant i flak\u00ebs:<br \/>\u2013 Acidi borik mund t\u00eb p\u00ebrdoret si retardant i flak\u00ebs n\u00eb aplikime t\u00eb caktuara, t\u00eb tilla si tekstilet dhe plastika, p\u00ebr t\u00eb reduktuar ndezshm\u00ebrin\u00eb.<\/p><p>7. Laboratori dhe K\u00ebrkimi:<br \/>\u2013 Tret\u00ebsir\u00eb buferike: Acidi borik p\u00ebrdoret si agjent buferik n\u00eb procedura t\u00eb ndryshme laboratorike, duke ndihmuar n\u00eb ruajtjen e nj\u00eb pH t\u00eb q\u00ebndrueshme n\u00eb reaksionet dhe analizat kimike.<br \/>\u2013 Kimia analitike: P\u00ebrdoret n\u00eb teknikat e kimis\u00eb analitike, si titrimi, p\u00ebr t\u00eb p\u00ebrcaktuar p\u00ebrqendrimin e acideve dhe bazave.<\/p><p>8. Industria e qeramik\u00ebs dhe qelqit:<br \/>\u2013 Acidi borik p\u00ebrdoret n\u00eb prodhimin e qeramik\u00ebs dhe qelqit, duke vepruar si nj\u00eb fluks p\u00ebr t\u00eb ulur pik\u00ebn e shkrirjes dhe p\u00ebr t\u00eb p\u00ebrmir\u00ebsuar punueshm\u00ebrin\u00eb e materialeve.<\/p><p>9. P\u00ebrpunimi i metaleve:<br \/>\u2013 Trajtimi i sip\u00ebrfaqes s\u00eb metalit: Acidi borik mund t\u00eb p\u00ebrdoret si nj\u00eb trajtim sip\u00ebrfaq\u00ebsor p\u00ebr disa metale p\u00ebr t\u00eb siguruar rezistenc\u00eb ndaj korrozionit dhe p\u00ebr t\u00eb p\u00ebrmir\u00ebsuar ngjitjen p\u00ebr veshjet pasuese.<\/p><p>10. Bujq\u00ebsia dhe Hortikultura:<br \/>\u2013 Suplementi ushqyes: Acidi borik p\u00ebrdoret si nj\u00eb suplement mikronutrient n\u00eb bujq\u00ebsi dhe hortikultur\u00eb p\u00ebr t\u00eb trajtuar mang\u00ebsit\u00eb e borit n\u00eb bim\u00eb, duke nxitur rritjen dhe zhvillimin e sh\u00ebndetsh\u00ebm.<\/p><p>Kur p\u00ebrdorni acid borik, \u00ebsht\u00eb e r\u00ebnd\u00ebsishme t\u00eb ndiqni udh\u00ebzimet e rekomanduara, pasi ekspozimi i tep\u00ebrt ose g\u00eblltitja mund t\u00eb p\u00ebrb\u00ebj\u00eb rreziqe p\u00ebr sh\u00ebndetin. Duhet t\u00eb ruhet n\u00eb nj\u00eb vend t\u00eb sigurt, jasht\u00eb mund\u00ebsive t\u00eb f\u00ebmij\u00ebve dhe kafsh\u00ebve sht\u00ebpiake.<\/p><\/div>\t\t\t\t\t\t\t\t<\/div>\n\t\t\t\t<\/div>\n\t\t\t\t<section class=\"elementor-section elementor-inner-section elementor-element elementor-element-74f2efb elementor-section-boxed elementor-section-height-default elementor-section-height-default\" data-id=\"74f2efb\" data-element_type=\"section\" data-e-type=\"section\" data-settings=\"{&quot;background_background&quot;:&quot;classic&quot;}\">\n\t\t\t\t\t\t<div class=\"elementor-container elementor-column-gap-no\">\n\t\t\t\t\t<div class=\"elementor-column elementor-col-100 elementor-inner-column elementor-element elementor-element-c0df1ae\" data-id=\"c0df1ae\" data-element_type=\"column\" data-e-type=\"column\">\n\t\t\t<div class=\"elementor-widget-wrap elementor-element-populated\">\n\t\t\t\t\t\t<div class=\"elementor-element elementor-element-0d6b0b7 elementor-view-default elementor-widget elementor-widget-icon\" data-id=\"0d6b0b7\" data-element_type=\"widget\" data-e-type=\"widget\" data-widget_type=\"icon.default\">\n\t\t\t\t<div class=\"elementor-widget-container\">\n\t\t\t\t\t\t\t<div class=\"elementor-icon-wrapper\">\n\t\t\t<div class=\"elementor-icon\">\n\t\t\t<i aria-hidden=\"true\" class=\"vamtamtheme- vamtam-theme-quote-start\"><\/i>\t\t\t<\/div>\n\t\t<\/div>\n\t\t\t\t\t\t<\/div>\n\t\t\t\t<\/div>\n\t\t\t\t<div class=\"elementor-element elementor-element-3fefd5e elementor-widget elementor-widget-text-editor\" data-id=\"3fefd5e\" data-element_type=\"widget\" data-e-type=\"widget\" data-widget_type=\"text-editor.default\">\n\t\t\t\t<div class=\"elementor-widget-container\">\n\t\t\t\t\t\t\t\t\t<p>\"P\u00ebr \u00e7do informacion, shkruani n\u00eb WhatsApp: Gjith\u00e7ka q\u00eb ju nevojitet, n\u00eb koh\u00eb reale, n\u00eb nj\u00eb mesazh. Na kontaktoni dhe jemi gati t\u00eb ju ndihmojm\u00eb.\"<\/p>\t\t\t\t\t\t\t\t<\/div>\n\t\t\t\t<\/div>\n\t\t\t\t<div class=\"elementor-element elementor-element-a6cfcd2 elementor-widget-divider--view-line elementor-widget elementor-widget-divider\" data-id=\"a6cfcd2\" data-element_type=\"widget\" data-e-type=\"widget\" data-widget_type=\"divider.default\">\n\t\t\t\t<div class=\"elementor-widget-container\">\n\t\t\t\t\t\t\t<div class=\"elementor-divider\">\n\t\t\t<span class=\"elementor-divider-separator\">\n\t\t\t\t\t\t<\/span>\n\t\t<\/div>\n\t\t\t\t\t\t<\/div>\n\t\t\t\t<\/div>\n\t\t\t\t<div class=\"vamtam-has-theme-widget-styles elementor-element elementor-element-efaed8e elementor-widget__width-auto vamtam-has-underline-anim elementor-widget elementor-widget-button\" data-id=\"efaed8e\" data-element_type=\"widget\" data-e-type=\"widget\" data-widget_type=\"button.default\">\n\t\t\t\t<div class=\"elementor-widget-container\">\n\t\t\t\t\t\t\t\t\t<div class=\"elementor-button-wrapper\">\n\t\t\t\t\t<a class=\"elementor-button elementor-button-link elementor-size-md\" href=\"https:\/\/wa.me\/355694000260\">\n\t\t\t\t\t\t<span class=\"elementor-button-content-wrapper\">\n\t\t\t\t\t\t<span class=\"elementor-button-icon\">\n\t\t\t\t<i aria-hidden=\"true\" class=\"vamtamtheme- vamtam-theme-icon-arrow-right-top\"><\/i>\t\t\t<\/span>\n\t\t\t\t\t\t\t\t\t<span class=\"elementor-button-text\">Kontaktoni WhatsApp<\/span>\n\t\t\t\t\t<\/span>\n\t\t\t\t\t<\/a>\n\t\t\t\t<\/div>\n\t\t\t\t\t\t\t\t<\/div>\n\t\t\t\t<\/div>\n\t\t\t\t<div class=\"elementor-element elementor-element-8a07bf8 elementor-widget__width-auto elementor-widget elementor-widget-heading\" data-id=\"8a07bf8\" data-element_type=\"widget\" data-e-type=\"widget\" data-widget_type=\"heading.default\">\n\t\t\t\t<div class=\"elementor-widget-container\">\n\t\t\t\t\t<span class=\"elementor-heading-title elementor-size-default\">Albania Distribution Chemicals\n<\/span>\t\t\t\t<\/div>\n\t\t\t\t<\/div>\n\t\t\t\t\t<\/div>\n\t\t<\/div>\n\t\t\t\t\t<\/div>\n\t\t<\/section>\n\t\t\t\t\t<\/div>\n\t\t<\/div>\n\t\t\t\t\t<\/div>\n\t\t<\/section>\n\t\t\t\t<section class=\"elementor-section elementor-top-section elementor-element elementor-element-b3fd502 elementor-section-boxed elementor-section-height-default elementor-section-height-default\" data-id=\"b3fd502\" data-element_type=\"section\" data-e-type=\"section\">\n\t\t\t\t\t\t<div class=\"elementor-container elementor-column-gap-default\">\n\t\t\t\t\t<div class=\"elementor-column elementor-col-100 elementor-top-column elementor-element elementor-element-a879885\" data-id=\"a879885\" data-element_type=\"column\" data-e-type=\"column\">\n\t\t\t<div class=\"elementor-widget-wrap elementor-element-populated\">\n\t\t\t\t\t\t<div class=\"elementor-element elementor-element-4a3fe1c elementor-widget elementor-widget-spacer\" data-id=\"4a3fe1c\" data-element_type=\"widget\" data-e-type=\"widget\" data-widget_type=\"spacer.default\">\n\t\t\t\t<div class=\"elementor-widget-container\">\n\t\t\t\t\t\t\t<div class=\"elementor-spacer\">\n\t\t\t<div class=\"elementor-spacer-inner\"><\/div>\n\t\t<\/div>\n\t\t\t\t\t\t<\/div>\n\t\t\t\t<\/div>\n\t\t\t\t<div class=\"vamtam-has-theme-widget-styles elementor-element elementor-element-feed2fe elementor-widget elementor-widget-image\" data-id=\"feed2fe\" data-element_type=\"widget\" data-e-type=\"widget\" data-widget_type=\"image.default\">\n\t\t\t\t<div class=\"elementor-widget-container\">\n\t\t\t\t\t\t\t\t\t<div class=\"elementor-image\">\n\t\t\t\t\t\t\t\t\t\t\t\t\t\t\t\t\t\t\t\t\t<img decoding=\"async\" width=\"8000\" height=\"1355\" src=\"https:\/\/adchem.al\/wp-content\/uploads\/2023\/06\/baner-albania-distribution-chemicals-01.png\" class=\"attachment-full size-full wp-image-987764\" alt=\"\" srcset=\"https:\/\/adchem.al\/wp-content\/uploads\/2023\/06\/baner-albania-distribution-chemicals-01.png 8000w, https:\/\/adchem.al\/wp-content\/uploads\/2023\/06\/baner-albania-distribution-chemicals-01-300x51.png 300w, https:\/\/adchem.al\/wp-content\/uploads\/2023\/06\/baner-albania-distribution-chemicals-01-1024x173.png 1024w, https:\/\/adchem.al\/wp-content\/uploads\/2023\/06\/baner-albania-distribution-chemicals-01-768x130.png 768w, https:\/\/adchem.al\/wp-content\/uploads\/2023\/06\/baner-albania-distribution-chemicals-01-1536x260.png 1536w, https:\/\/adchem.al\/wp-content\/uploads\/2023\/06\/baner-albania-distribution-chemicals-01-2048x347.png 2048w\" sizes=\"(max-width: 8000px) 100vw, 8000px\" \/>\t\t\t\t\t\t\t\t\t\t\t\t\t\t\t\t\t\t\t\t\t\t\t\t<\/div>\n\t\t\t\t\t\t\t\t<\/div>\n\t\t\t\t<\/div>\n\t\t\t\t\t<\/div>\n\t\t<\/div>\n\t\t\t\t\t<\/div>\n\t\t<\/section>\n\t\t\t\t<\/div>","protected":false},"excerpt":{"rendered":"<p>Produkti: Acid borik<\/p>\n<p>Formula Kimike: H3BO3<\/p>\n<p>Informacion rreth produktit:<\/p>\n<p>\u2013 P\u00ebrb\u00ebrja kimike: Acidi borik \u00ebsht\u00eb nj\u00eb acid i dob\u00ebt q\u00eb p\u00ebrmban bor, hidrogjen dhe oksigjen.<br \/>\n\u2013 Pamja: \u00cbsht\u00eb pluhur kristalor i bardh\u00eb ose kristale pa ngjyr\u00eb.<br \/>\n\u2013 Tretshm\u00ebria: Acidi borik \u00ebsht\u00eb i tretsh\u00ebm n\u00eb uj\u00eb dhe formon nj\u00eb tret\u00ebsir\u00eb t\u00eb dob\u00ebt acidike.<br \/>\n\u2013 Vetit\u00eb antiseptike: Shfaq veti t\u00eb buta antiseptike dhe p\u00ebrdoret zakonisht p\u00ebr efektet e tij dezinfektuese dhe antibakteriale.<\/p>","protected":false},"author":2,"featured_media":987997,"parent":987952,"menu_order":0,"comment_status":"closed","ping_status":"closed","template":"","meta":{"inline_featured_image":false,"footnotes":""},"class_list":["post-987996","page","type-page","status-publish","has-post-thumbnail","hentry"],"yoast_head":"<!-- This site is optimized with the Yoast SEO plugin v27.4 - https:\/\/yoast.com\/product\/yoast-seo-wordpress\/ -->\n<title>Boric Acid | Albania Distribution Chemicals<\/title>\n<meta name=\"robots\" content=\"index, follow, max-snippet:-1, max-image-preview:large, max-video-preview:-1\" \/>\n<link rel=\"canonical\" href=\"https:\/\/adchem.al\/al\/basic-chemicals\/boric-acid\/\" \/>\n<meta property=\"og:locale\" content=\"sq_AL\" \/>\n<meta property=\"og:type\" content=\"article\" \/>\n<meta property=\"og:title\" content=\"Boric Acid | Albania Distribution Chemicals\" \/>\n<meta property=\"og:description\" content=\"Product: Boric Acid Chemical Formula: H3BO3 Information about the product: - Chemical Compound: Boric acid is a weak acid that contains boron, hydrogen, and oxygen. - Appearance: It is a white crystalline powder or colorless crystals. - Solubility: Boric acid is soluble in water and forms a weakly acidic solution. - Antiseptic Properties: It exhibits mild antiseptic properties and is commonly used for its disinfecting and antibacterial effects.\" \/>\n<meta property=\"og:url\" content=\"https:\/\/adchem.al\/al\/basic-chemicals\/boric-acid\/\" \/>\n<meta property=\"og:site_name\" content=\"Albania Distribution Chemicals\" \/>\n<meta property=\"article:publisher\" content=\"https:\/\/www.facebook.com\/albaniadistributionchem\/?ref=py_c\" \/>\n<meta property=\"article:modified_time\" content=\"2023-06-27T20:26:36+00:00\" \/>\n<meta property=\"og:image\" content=\"https:\/\/adchem.al\/wp-content\/uploads\/2023\/06\/adchem-wallpaper-home.webp-2.webp\" \/>\n\t<meta property=\"og:image:width\" content=\"2560\" \/>\n\t<meta property=\"og:image:height\" content=\"1244\" \/>\n\t<meta property=\"og:image:type\" content=\"image\/webp\" \/>\n<meta name=\"twitter:card\" content=\"summary_large_image\" \/>\n<script type=\"application\/ld+json\" class=\"yoast-schema-graph\">{\"@context\":\"https:\\\/\\\/schema.org\",\"@graph\":[{\"@type\":\"WebPage\",\"@id\":\"https:\\\/\\\/adchem.al\\\/basic-chemicals\\\/boric-acid\\\/\",\"url\":\"https:\\\/\\\/adchem.al\\\/basic-chemicals\\\/boric-acid\\\/\",\"name\":\"Boric Acid | Albania Distribution Chemicals\",\"isPartOf\":{\"@id\":\"https:\\\/\\\/adchem.al\\\/#website\"},\"primaryImageOfPage\":{\"@id\":\"https:\\\/\\\/adchem.al\\\/basic-chemicals\\\/boric-acid\\\/#primaryimage\"},\"image\":{\"@id\":\"https:\\\/\\\/adchem.al\\\/basic-chemicals\\\/boric-acid\\\/#primaryimage\"},\"thumbnailUrl\":\"https:\\\/\\\/adchem.al\\\/wp-content\\\/uploads\\\/2023\\\/06\\\/Boric-acid-2D-1.svg\",\"datePublished\":\"2023-06-24T12:50:26+00:00\",\"dateModified\":\"2023-06-27T20:26:36+00:00\",\"breadcrumb\":{\"@id\":\"https:\\\/\\\/adchem.al\\\/basic-chemicals\\\/boric-acid\\\/#breadcrumb\"},\"inLanguage\":\"sq\",\"potentialAction\":[{\"@type\":\"ReadAction\",\"target\":[\"https:\\\/\\\/adchem.al\\\/basic-chemicals\\\/boric-acid\\\/\"]}]},{\"@type\":\"ImageObject\",\"inLanguage\":\"sq\",\"@id\":\"https:\\\/\\\/adchem.al\\\/basic-chemicals\\\/boric-acid\\\/#primaryimage\",\"url\":\"https:\\\/\\\/adchem.al\\\/wp-content\\\/uploads\\\/2023\\\/06\\\/Boric-acid-2D-1.svg\",\"contentUrl\":\"https:\\\/\\\/adchem.al\\\/wp-content\\\/uploads\\\/2023\\\/06\\\/Boric-acid-2D-1.svg\",\"width\":660,\"height\":775},{\"@type\":\"BreadcrumbList\",\"@id\":\"https:\\\/\\\/adchem.al\\\/basic-chemicals\\\/boric-acid\\\/#breadcrumb\",\"itemListElement\":[{\"@type\":\"ListItem\",\"position\":1,\"name\":\"Home\",\"item\":\"https:\\\/\\\/adchem.al\\\/\"},{\"@type\":\"ListItem\",\"position\":2,\"name\":\"Basic Chemicals\",\"item\":\"https:\\\/\\\/adchem.al\\\/al\\\/basic-chemicals\\\/\"},{\"@type\":\"ListItem\",\"position\":3,\"name\":\"Boric Acid\"}]},{\"@type\":\"WebSite\",\"@id\":\"https:\\\/\\\/adchem.al\\\/#website\",\"url\":\"https:\\\/\\\/adchem.al\\\/\",\"name\":\"Albania Distribution Chemicals\",\"description\":\"&quot;Excellence in Chemical Distribution&quot;\",\"publisher\":{\"@id\":\"https:\\\/\\\/adchem.al\\\/#organization\"},\"alternateName\":\"ADC\",\"potentialAction\":[{\"@type\":\"SearchAction\",\"target\":{\"@type\":\"EntryPoint\",\"urlTemplate\":\"https:\\\/\\\/adchem.al\\\/?s={search_term_string}\"},\"query-input\":{\"@type\":\"PropertyValueSpecification\",\"valueRequired\":true,\"valueName\":\"search_term_string\"}}],\"inLanguage\":\"sq\"},{\"@type\":\"Organization\",\"@id\":\"https:\\\/\\\/adchem.al\\\/#organization\",\"name\":\"Albania Distribution Chemicals\",\"alternateName\":\"ADC\",\"url\":\"https:\\\/\\\/adchem.al\\\/\",\"logo\":{\"@type\":\"ImageObject\",\"inLanguage\":\"sq\",\"@id\":\"https:\\\/\\\/adchem.al\\\/#\\\/schema\\\/logo\\\/image\\\/\",\"url\":\"https:\\\/\\\/adchem.al\\\/wp-content\\\/uploads\\\/2022\\\/09\\\/Albania-Distribution-Chemicals-Logo-01.png\",\"contentUrl\":\"https:\\\/\\\/adchem.al\\\/wp-content\\\/uploads\\\/2022\\\/09\\\/Albania-Distribution-Chemicals-Logo-01.png\",\"width\":308,\"height\":104,\"caption\":\"Albania Distribution Chemicals\"},\"image\":{\"@id\":\"https:\\\/\\\/adchem.al\\\/#\\\/schema\\\/logo\\\/image\\\/\"},\"sameAs\":[\"https:\\\/\\\/www.facebook.com\\\/albaniadistributionchem\\\/?ref=py_c\",\"https:\\\/\\\/www.instagram.com\\\/albania_distribution_chemicals\\\/\"]}]}<\/script>\n<!-- \/ Yoast SEO plugin. -->","yoast_head_json":{"title":"Boric Acid | Albania Distribution Chemicals","robots":{"index":"index","follow":"follow","max-snippet":"max-snippet:-1","max-image-preview":"max-image-preview:large","max-video-preview":"max-video-preview:-1"},"canonical":"https:\/\/adchem.al\/al\/basic-chemicals\/boric-acid\/","og_locale":"sq_AL","og_type":"article","og_title":"Boric Acid | Albania Distribution Chemicals","og_description":"Product: Boric Acid Chemical Formula: H3BO3 Information about the product: - Chemical Compound: Boric acid is a weak acid that contains boron, hydrogen, and oxygen. - Appearance: It is a white crystalline powder or colorless crystals. - Solubility: Boric acid is soluble in water and forms a weakly acidic solution. - Antiseptic Properties: It exhibits mild antiseptic properties and is commonly used for its disinfecting and antibacterial effects.","og_url":"https:\/\/adchem.al\/al\/basic-chemicals\/boric-acid\/","og_site_name":"Albania Distribution Chemicals","article_publisher":"https:\/\/www.facebook.com\/albaniadistributionchem\/?ref=py_c","article_modified_time":"2023-06-27T20:26:36+00:00","og_image":[{"width":2560,"height":1244,"url":"https:\/\/adchem.al\/wp-content\/uploads\/2023\/06\/adchem-wallpaper-home.webp-2.webp","type":"image\/webp"}],"twitter_card":"summary_large_image","schema":{"@context":"https:\/\/schema.org","@graph":[{"@type":"WebPage","@id":"https:\/\/adchem.al\/basic-chemicals\/boric-acid\/","url":"https:\/\/adchem.al\/basic-chemicals\/boric-acid\/","name":"Boric Acid | Albania Distribution Chemicals","isPartOf":{"@id":"https:\/\/adchem.al\/#website"},"primaryImageOfPage":{"@id":"https:\/\/adchem.al\/basic-chemicals\/boric-acid\/#primaryimage"},"image":{"@id":"https:\/\/adchem.al\/basic-chemicals\/boric-acid\/#primaryimage"},"thumbnailUrl":"https:\/\/adchem.al\/wp-content\/uploads\/2023\/06\/Boric-acid-2D-1.svg","datePublished":"2023-06-24T12:50:26+00:00","dateModified":"2023-06-27T20:26:36+00:00","breadcrumb":{"@id":"https:\/\/adchem.al\/basic-chemicals\/boric-acid\/#breadcrumb"},"inLanguage":"sq","potentialAction":[{"@type":"ReadAction","target":["https:\/\/adchem.al\/basic-chemicals\/boric-acid\/"]}]},{"@type":"ImageObject","inLanguage":"sq","@id":"https:\/\/adchem.al\/basic-chemicals\/boric-acid\/#primaryimage","url":"https:\/\/adchem.al\/wp-content\/uploads\/2023\/06\/Boric-acid-2D-1.svg","contentUrl":"https:\/\/adchem.al\/wp-content\/uploads\/2023\/06\/Boric-acid-2D-1.svg","width":660,"height":775},{"@type":"BreadcrumbList","@id":"https:\/\/adchem.al\/basic-chemicals\/boric-acid\/#breadcrumb","itemListElement":[{"@type":"ListItem","position":1,"name":"Home","item":"https:\/\/adchem.al\/"},{"@type":"ListItem","position":2,"name":"Basic Chemicals","item":"https:\/\/adchem.al\/al\/basic-chemicals\/"},{"@type":"ListItem","position":3,"name":"Boric Acid"}]},{"@type":"WebSite","@id":"https:\/\/adchem.al\/#website","url":"https:\/\/adchem.al\/","name":"Albania Distribution Chemicals","description":"&quot;Excellence in Chemical Distribution&quot;","publisher":{"@id":"https:\/\/adchem.al\/#organization"},"alternateName":"ADC","potentialAction":[{"@type":"SearchAction","target":{"@type":"EntryPoint","urlTemplate":"https:\/\/adchem.al\/?s={search_term_string}"},"query-input":{"@type":"PropertyValueSpecification","valueRequired":true,"valueName":"search_term_string"}}],"inLanguage":"sq"},{"@type":"Organization","@id":"https:\/\/adchem.al\/#organization","name":"Albania Distribution Chemicals","alternateName":"ADC","url":"https:\/\/adchem.al\/","logo":{"@type":"ImageObject","inLanguage":"sq","@id":"https:\/\/adchem.al\/#\/schema\/logo\/image\/","url":"https:\/\/adchem.al\/wp-content\/uploads\/2022\/09\/Albania-Distribution-Chemicals-Logo-01.png","contentUrl":"https:\/\/adchem.al\/wp-content\/uploads\/2022\/09\/Albania-Distribution-Chemicals-Logo-01.png","width":308,"height":104,"caption":"Albania Distribution Chemicals"},"image":{"@id":"https:\/\/adchem.al\/#\/schema\/logo\/image\/"},"sameAs":["https:\/\/www.facebook.com\/albaniadistributionchem\/?ref=py_c","https:\/\/www.instagram.com\/albania_distribution_chemicals\/"]}]}},"_links":{"self":[{"href":"https:\/\/adchem.al\/al\/wp-json\/wp\/v2\/pages\/987996","targetHints":{"allow":["GET"]}}],"collection":[{"href":"https:\/\/adchem.al\/al\/wp-json\/wp\/v2\/pages"}],"about":[{"href":"https:\/\/adchem.al\/al\/wp-json\/wp\/v2\/types\/page"}],"author":[{"embeddable":true,"href":"https:\/\/adchem.al\/al\/wp-json\/wp\/v2\/users\/2"}],"replies":[{"embeddable":true,"href":"https:\/\/adchem.al\/al\/wp-json\/wp\/v2\/comments?post=987996"}],"version-history":[{"count":10,"href":"https:\/\/adchem.al\/al\/wp-json\/wp\/v2\/pages\/987996\/revisions"}],"predecessor-version":[{"id":989159,"href":"https:\/\/adchem.al\/al\/wp-json\/wp\/v2\/pages\/987996\/revisions\/989159"}],"up":[{"embeddable":true,"href":"https:\/\/adchem.al\/al\/wp-json\/wp\/v2\/pages\/987952"}],"wp:featuredmedia":[{"embeddable":true,"href":"https:\/\/adchem.al\/al\/wp-json\/wp\/v2\/media\/987997"}],"wp:attachment":[{"href":"https:\/\/adchem.al\/al\/wp-json\/wp\/v2\/media?parent=987996"}],"curies":[{"name":"wp","href":"https:\/\/api.w.org\/{rel}","templated":true}]}}