{"id":987989,"date":"2023-06-24T12:47:11","date_gmt":"2023-06-24T12:47:11","guid":{"rendered":"https:\/\/adchem.al\/?page_id=987989"},"modified":"2023-06-27T20:24:24","modified_gmt":"2023-06-27T20:24:24","slug":"borax","status":"publish","type":"page","link":"https:\/\/adchem.al\/al\/basic-chemicals\/borax\/","title":{"rendered":"Boraksi"},"content":{"rendered":"<div data-elementor-type=\"wp-page\" data-elementor-id=\"987989\" class=\"elementor elementor-987989\" data-elementor-post-type=\"page\">\n\t\t\t\t\t\t<section class=\"elementor-section elementor-top-section elementor-element elementor-element-37858afc elementor-section-full_width elementor-section-height-default elementor-section-height-default\" data-id=\"37858afc\" data-element_type=\"section\">\n\t\t\t\t\t\t<div class=\"elementor-container elementor-column-gap-no\">\n\t\t\t\t\t<div class=\"elementor-column elementor-col-100 elementor-top-column elementor-element elementor-element-60bb79bd\" data-id=\"60bb79bd\" data-element_type=\"column\">\n\t\t\t<div class=\"elementor-widget-wrap elementor-element-populated\">\n\t\t\t\t\t\t<div class=\"vamtam-has-theme-widget-styles elementor-element elementor-element-86d4d6c elementor-widget elementor-widget-image\" data-id=\"86d4d6c\" data-element_type=\"widget\" data-widget_type=\"image.default\">\n\t\t\t\t<div class=\"elementor-widget-container\">\n\t\t\t\t\t\t\t\t\t<div class=\"elementor-image\">\n\t\t\t\t\t\t\t\t\t\t\t\t\t\t\t\t<figure class=\"wp-caption\">\n\t\t\t\t\t\t\t\t\t\t\t\t\t\t\t\t<img fetchpriority=\"high\" decoding=\"async\" width=\"473\" height=\"425\" src=\"https:\/\/adchem.al\/wp-content\/uploads\/2023\/06\/Borax-Struktur.svg.png\" class=\"attachment-full size-full wp-image-987991\" alt=\"\" srcset=\"https:\/\/adchem.al\/wp-content\/uploads\/2023\/06\/Borax-Struktur.svg.png 473w, https:\/\/adchem.al\/wp-content\/uploads\/2023\/06\/Borax-Struktur.svg-300x270.png 300w\" sizes=\"(max-width: 473px) 100vw, 473px\" \/>\t\t\t\t\t\t\t\t\t\t\t\t\t\t\t\t\t<figcaption class=\"widget-image-caption wp-caption-text\">Albania Distribution Chemicals<\/figcaption>\n\t\t\t\t\t\t\t\t\t\t\t\t\t\t\t\t<\/figure>\n\t\t\t\t\t\t\t\t\t\t\t\t\t\t<\/div>\n\t\t\t\t\t\t\t\t<\/div>\n\t\t\t\t<\/div>\n\t\t\t\t<div class=\"elementor-element elementor-element-61992a9a elementor-widget elementor-widget-text-editor\" data-id=\"61992a9a\" data-element_type=\"widget\" data-widget_type=\"text-editor.default\">\n\t\t\t\t<div class=\"elementor-widget-container\">\n\t\t\t\t\t\t\t\t\t<div class=\"woocommerce-product-details__short-description\"><p><strong>Produkti: boraks<\/strong><\/p><p><strong>Formula Kimike: Na2B4O7\u00b710H2O<\/strong><\/p><p><strong>Informacion rreth produktit:<\/strong><\/p><p>\u2013 P\u00ebrb\u00ebrja kimike: Boraksi, i njohur gjithashtu si borati i natriumit, \u00ebsht\u00eb nj\u00eb mineral natyral i p\u00ebrb\u00ebr\u00eb nga molekula natriumi, bori, oksigjeni dhe uji.<br \/>\u2013 Pamja: Zakonisht shfaqet si pluhur i bardh\u00eb, kristalor ose si kristale pa ngjyr\u00eb.<br \/>\u2013 Tretshm\u00ebria: Boraksi \u00ebsht\u00eb i tretsh\u00ebm n\u00eb uj\u00eb, duke formuar nj\u00eb tret\u00ebsir\u00eb alkaline.<\/p><p><strong>Informacion p\u00ebr sektorin e p\u00ebrdorimit t\u00eb produktit:<\/strong><\/p><p>1. Pastrimi dhe amvis\u00ebria:<br \/>\u2013 P\u00ebrforcues lavanderie: Borax p\u00ebrdoret si p\u00ebrforcues lavanderie p\u00ebr t\u00eb rritur fuqin\u00eb pastruese t\u00eb detergjenteve, p\u00ebr t\u00eb ndri\u00e7uar ngjyrat dhe p\u00ebr t\u00eb hequr njollat.<br \/>\u2013 Pastrues sht\u00ebpiak: Mund t\u00eb p\u00ebrdoret si p\u00ebrb\u00ebr\u00ebs n\u00eb solucionet e pastrimit t\u00eb b\u00ebra vet\u00eb p\u00ebr sip\u00ebrfaqe t\u00eb ndryshme, duke p\u00ebrfshir\u00eb tavanet, pllakat dhe tualetet.<br \/>\u2013 Deodorues i qilimave: Boraksi mund t\u00eb sp\u00ebrkatet n\u00eb qilima, t\u00eb lihet p\u00ebr nj\u00eb periudh\u00eb kohore dhe m\u00eb pas t\u00eb pastrohet me fshes\u00eb me korrent p\u00ebr t\u00eb ndihmuar n\u00eb eliminimin e aromave.<\/p><p>2. Kujdesi personal dhe kozmetika:<br \/>\u2013 Shtues p\u00ebr banj\u00eb: Boraksi mund t\u00eb shtohet n\u00eb ujin e banj\u00ebs p\u00ebr t\u00eb qet\u00ebsuar dhe leht\u00ebsuar kushtet e l\u00ebkur\u00ebs si kruajtje dhe skuqje.<br \/>\u2013 Thithja e k\u00ebmb\u00ebve: P\u00ebrdoret n\u00eb njomjet e k\u00ebmb\u00ebve p\u00ebr t\u00eb ndihmuar n\u00eb zbutjen dhe pastrimin e l\u00ebkur\u00ebs, si dhe p\u00ebr t\u00eb leht\u00ebsuar er\u00ebn e keqe t\u00eb k\u00ebmb\u00ebve.<br \/>\u2013 Pastruesi i duarve: Boraksi mund t\u00eb p\u00ebrdoret si nj\u00eb p\u00ebrb\u00ebr\u00ebs n\u00eb pastruesit e duarve DIY p\u00ebr t\u00eb hequr papast\u00ebrtit\u00eb dhe papast\u00ebrtit\u00eb e forta.<\/p><p>3. Kopshtari dhe Bujq\u00ebsi:<br \/>\u2013 L\u00ebnd\u00eb ushqyese e bim\u00ebve: Boraksi p\u00ebrdoret si burim i borit, nj\u00eb mikronutrient thelb\u00ebsor p\u00ebr rritjen e bim\u00ebve, n\u00eb plehra dhe suplemente bimore.<br \/>\u2013 Kontrolli i d\u00ebmtuesve: Mund t\u00eb p\u00ebrdoret p\u00ebr t\u00eb kontrolluar disa d\u00ebmtues, si milingonat dhe buburrecat, duke prishur sistemin e tyre tret\u00ebs.<\/p><p>4. Zanat dhe hobi:<br \/>\u2013 P\u00ebrgatitja e zhulit: Boraksi p\u00ebrdoret zakonisht si nj\u00eb aktivizues n\u00eb recetat e slimes p\u00ebr t\u00eb krijuar nj\u00eb struktur\u00eb dhe konsistenc\u00eb t\u00eb d\u00ebshiruar.<br \/>\u2013 Krijimi i qirinjve: Mund t\u00eb p\u00ebrdoret si retardant i flak\u00ebs n\u00eb dyllin e qirinjve p\u00ebr t\u00eb zvog\u00ebluar rrezikun e zjarrit.<br \/>- Qeramik\u00eb dhe Qeramik\u00eb: Boraksi p\u00ebrdoret n\u00eb lust\u00ebr qeramike p\u00ebr t\u00eb nxitur shkrirjen, p\u00ebr t\u00eb zvog\u00ebluar tkurrjen dhe p\u00ebr t\u00eb p\u00ebrmir\u00ebsuar pamjen e glazur\u00ebs.<\/p><p>5. Retardant zjarri:<br \/>\u2013 Boraksi p\u00ebrdoret si rezistent ndaj zjarrit n\u00eb aplikime t\u00eb ndryshme, duke p\u00ebrfshir\u00eb trajtimin e drurit, p\u00eblhurat dhe veshjet, p\u00ebr t\u00eb reduktuar ndezshm\u00ebrin\u00eb e materialeve.<\/p><p>6. Saldimi dhe p\u00ebrpunimi i metaleve:<br \/>\u2013 Fluksi: Boraksi p\u00ebrdoret si fluks n\u00eb proceset e saldimit dhe t\u00eb p\u00ebrpunimit t\u00eb metaleve p\u00ebr t\u00eb hequr shtresat e oksidit, p\u00ebr t\u00eb p\u00ebrmir\u00ebsuar saldimin ose brumosjen dhe p\u00ebr t\u00eb leht\u00ebsuar bashkimin e metaleve.<\/p><p>7. Fotografi:<br \/>\u2013 Agjent zhvillimor: Borax mund t\u00eb p\u00ebrdoret si nj\u00eb agjent zhvillimi n\u00eb disa procese fotografike, kryesisht n\u00eb fotografin\u00eb bardh e zi.<\/p><p>8. Laboratori dhe K\u00ebrkimi:<br \/>\u2013 Kimia analitike: Boraksi p\u00ebrdoret si agjent buferik dhe rregullues i pH n\u00eb mjedise laboratorike p\u00ebr analiza t\u00eb ndryshme kimike dhe biologjike.<\/p><p>9. Insekticidet dhe pesticidet:<br \/>\u2013 Insekticidet ose karremat me baz\u00eb boraksin mund t\u00eb p\u00ebrdoren p\u00ebr t\u00eb kontrolluar disa d\u00ebmtues, si milingonat, termitet dhe pleshtat, duke nd\u00ebrhyr\u00eb n\u00eb sistemin e tyre tret\u00ebs.<\/p><p>10. Heqja e fluksit:<br \/>\u2013 Boraksi mund t\u00eb p\u00ebrdoret p\u00ebr t\u00eb hequr mbetjet e fluksit nga sip\u00ebrfaqet metalike t\u00eb salduara ose t\u00eb ngjitura, duke siguruar nyje t\u00eb pastra dhe rezistente ndaj korrozionit.<\/p><p>Kur p\u00ebrdorni boraksin, \u00ebsht\u00eb e r\u00ebnd\u00ebsishme t\u00eb ndiqni udh\u00ebzimet e rekomanduara, pasi ekspozimi i tep\u00ebrt ose g\u00eblltitja mund t\u00eb p\u00ebrb\u00ebj\u00eb rreziqe p\u00ebr sh\u00ebndetin. Duhet t\u00eb ruhet n\u00eb nj\u00eb vend t\u00eb sigurt, jasht\u00eb mund\u00ebsive t\u00eb f\u00ebmij\u00ebve dhe kafsh\u00ebve sht\u00ebpiake.<\/p><\/div>\t\t\t\t\t\t\t\t<\/div>\n\t\t\t\t<\/div>\n\t\t\t\t<section class=\"elementor-section elementor-inner-section elementor-element elementor-element-5869b59 elementor-section-boxed elementor-section-height-default elementor-section-height-default\" data-id=\"5869b59\" data-element_type=\"section\" data-settings=\"{&quot;background_background&quot;:&quot;classic&quot;}\">\n\t\t\t\t\t\t<div class=\"elementor-container elementor-column-gap-no\">\n\t\t\t\t\t<div class=\"elementor-column elementor-col-100 elementor-inner-column elementor-element elementor-element-3cf5bd8\" data-id=\"3cf5bd8\" data-element_type=\"column\">\n\t\t\t<div class=\"elementor-widget-wrap elementor-element-populated\">\n\t\t\t\t\t\t<div class=\"elementor-element elementor-element-fab5a13 elementor-view-default elementor-widget elementor-widget-icon\" data-id=\"fab5a13\" data-element_type=\"widget\" data-widget_type=\"icon.default\">\n\t\t\t\t<div class=\"elementor-widget-container\">\n\t\t\t\t\t\t\t<div class=\"elementor-icon-wrapper\">\n\t\t\t<div class=\"elementor-icon\">\n\t\t\t<i aria-hidden=\"true\" class=\"vamtamtheme- vamtam-theme-quote-start\"><\/i>\t\t\t<\/div>\n\t\t<\/div>\n\t\t\t\t\t\t<\/div>\n\t\t\t\t<\/div>\n\t\t\t\t<div class=\"elementor-element elementor-element-bc9c92f elementor-widget elementor-widget-text-editor\" data-id=\"bc9c92f\" data-element_type=\"widget\" data-widget_type=\"text-editor.default\">\n\t\t\t\t<div class=\"elementor-widget-container\">\n\t\t\t\t\t\t\t\t\t<p>\"P\u00ebr \u00e7do informacion, shkruani n\u00eb WhatsApp: Gjith\u00e7ka q\u00eb ju nevojitet, n\u00eb koh\u00eb reale, n\u00eb nj\u00eb mesazh. Na kontaktoni dhe jemi gati t\u00eb ju ndihmojm\u00eb.\"<\/p>\t\t\t\t\t\t\t\t<\/div>\n\t\t\t\t<\/div>\n\t\t\t\t<div class=\"elementor-element elementor-element-41c5c80 elementor-widget-divider--view-line elementor-widget elementor-widget-divider\" data-id=\"41c5c80\" data-element_type=\"widget\" data-widget_type=\"divider.default\">\n\t\t\t\t<div class=\"elementor-widget-container\">\n\t\t\t\t\t\t\t<div class=\"elementor-divider\">\n\t\t\t<span class=\"elementor-divider-separator\">\n\t\t\t\t\t\t<\/span>\n\t\t<\/div>\n\t\t\t\t\t\t<\/div>\n\t\t\t\t<\/div>\n\t\t\t\t<div class=\"vamtam-has-theme-widget-styles elementor-element elementor-element-5fb5b94 elementor-widget__width-auto vamtam-has-underline-anim elementor-widget elementor-widget-button\" data-id=\"5fb5b94\" data-element_type=\"widget\" data-widget_type=\"button.default\">\n\t\t\t\t<div class=\"elementor-widget-container\">\n\t\t\t\t\t\t\t\t\t<div class=\"elementor-button-wrapper\">\n\t\t\t\t\t<a class=\"elementor-button elementor-button-link elementor-size-md\" href=\"https:\/\/wa.me\/355694000260\">\n\t\t\t\t\t\t<span class=\"elementor-button-content-wrapper\">\n\t\t\t\t\t\t<span class=\"elementor-button-icon\">\n\t\t\t\t<i aria-hidden=\"true\" class=\"vamtamtheme- vamtam-theme-icon-arrow-right-top\"><\/i>\t\t\t<\/span>\n\t\t\t\t\t\t\t\t\t<span class=\"elementor-button-text\">Kontaktoni WhatsApp<\/span>\n\t\t\t\t\t<\/span>\n\t\t\t\t\t<\/a>\n\t\t\t\t<\/div>\n\t\t\t\t\t\t\t\t<\/div>\n\t\t\t\t<\/div>\n\t\t\t\t<div class=\"elementor-element elementor-element-fdfd55c elementor-widget__width-auto elementor-widget elementor-widget-heading\" data-id=\"fdfd55c\" data-element_type=\"widget\" data-widget_type=\"heading.default\">\n\t\t\t\t<div class=\"elementor-widget-container\">\n\t\t\t\t\t<span class=\"elementor-heading-title elementor-size-default\">Albania Distribution Chemicals\n<\/span>\t\t\t\t<\/div>\n\t\t\t\t<\/div>\n\t\t\t\t\t<\/div>\n\t\t<\/div>\n\t\t\t\t\t<\/div>\n\t\t<\/section>\n\t\t\t\t\t<\/div>\n\t\t<\/div>\n\t\t\t\t\t<\/div>\n\t\t<\/section>\n\t\t\t\t<section class=\"elementor-section elementor-top-section elementor-element elementor-element-b3fd502 elementor-section-boxed elementor-section-height-default elementor-section-height-default\" data-id=\"b3fd502\" data-element_type=\"section\">\n\t\t\t\t\t\t<div class=\"elementor-container elementor-column-gap-default\">\n\t\t\t\t\t<div class=\"elementor-column elementor-col-100 elementor-top-column elementor-element elementor-element-a879885\" data-id=\"a879885\" data-element_type=\"column\">\n\t\t\t<div class=\"elementor-widget-wrap elementor-element-populated\">\n\t\t\t\t\t\t<div class=\"elementor-element elementor-element-4a3fe1c elementor-widget elementor-widget-spacer\" data-id=\"4a3fe1c\" data-element_type=\"widget\" data-widget_type=\"spacer.default\">\n\t\t\t\t<div class=\"elementor-widget-container\">\n\t\t\t\t\t\t\t<div class=\"elementor-spacer\">\n\t\t\t<div class=\"elementor-spacer-inner\"><\/div>\n\t\t<\/div>\n\t\t\t\t\t\t<\/div>\n\t\t\t\t<\/div>\n\t\t\t\t<div class=\"vamtam-has-theme-widget-styles elementor-element elementor-element-feed2fe elementor-widget elementor-widget-image\" data-id=\"feed2fe\" data-element_type=\"widget\" data-widget_type=\"image.default\">\n\t\t\t\t<div class=\"elementor-widget-container\">\n\t\t\t\t\t\t\t\t\t<div class=\"elementor-image\">\n\t\t\t\t\t\t\t\t\t\t\t\t\t\t\t\t\t\t\t\t\t<img decoding=\"async\" width=\"8000\" height=\"1355\" src=\"https:\/\/adchem.al\/wp-content\/uploads\/2023\/06\/baner-albania-distribution-chemicals-01.png\" class=\"attachment-full size-full wp-image-987764\" alt=\"\" srcset=\"https:\/\/adchem.al\/wp-content\/uploads\/2023\/06\/baner-albania-distribution-chemicals-01.png 8000w, https:\/\/adchem.al\/wp-content\/uploads\/2023\/06\/baner-albania-distribution-chemicals-01-300x51.png 300w, https:\/\/adchem.al\/wp-content\/uploads\/2023\/06\/baner-albania-distribution-chemicals-01-1024x173.png 1024w, https:\/\/adchem.al\/wp-content\/uploads\/2023\/06\/baner-albania-distribution-chemicals-01-768x130.png 768w, https:\/\/adchem.al\/wp-content\/uploads\/2023\/06\/baner-albania-distribution-chemicals-01-1536x260.png 1536w, https:\/\/adchem.al\/wp-content\/uploads\/2023\/06\/baner-albania-distribution-chemicals-01-2048x347.png 2048w\" sizes=\"(max-width: 8000px) 100vw, 8000px\" \/>\t\t\t\t\t\t\t\t\t\t\t\t\t\t\t\t\t\t\t\t\t\t\t\t<\/div>\n\t\t\t\t\t\t\t\t<\/div>\n\t\t\t\t<\/div>\n\t\t\t\t\t<\/div>\n\t\t<\/div>\n\t\t\t\t\t<\/div>\n\t\t<\/section>\n\t\t\t\t<\/div>","protected":false},"excerpt":{"rendered":"<p>Produkti: boraks<\/p>\n<p>Formula Kimike: Na2B4O7\u00b710H2O<\/p>\n<p>Informacion rreth produktit:<\/p>\n<p>\u2013 P\u00ebrb\u00ebrja kimike: Boraksi, i njohur gjithashtu si borati i natriumit, \u00ebsht\u00eb nj\u00eb mineral natyral i p\u00ebrb\u00ebr\u00eb nga molekula natriumi, bori, oksigjeni dhe uji.<br \/>\n\u2013 Pamja: Zakonisht shfaqet si pluhur i bardh\u00eb, kristalor ose si kristale pa ngjyr\u00eb.<br \/>\n\u2013 Tretshm\u00ebria: Boraksi \u00ebsht\u00eb i tretsh\u00ebm n\u00eb uj\u00eb, duke formuar nj\u00eb tret\u00ebsir\u00eb alkaline.<\/p>","protected":false},"author":2,"featured_media":987991,"parent":987952,"menu_order":0,"comment_status":"closed","ping_status":"closed","template":"","meta":{"inline_featured_image":false,"footnotes":""},"class_list":["post-987989","page","type-page","status-publish","has-post-thumbnail","hentry"],"yoast_head":"<!-- This site is optimized with the Yoast SEO plugin v27.3 - https:\/\/yoast.com\/product\/yoast-seo-wordpress\/ -->\n<title>Borax | Albania Distribution Chemicals<\/title>\n<meta name=\"robots\" content=\"index, follow, max-snippet:-1, max-image-preview:large, max-video-preview:-1\" \/>\n<link rel=\"canonical\" href=\"https:\/\/adchem.al\/al\/basic-chemicals\/borax\/\" \/>\n<meta property=\"og:locale\" content=\"sq_AL\" \/>\n<meta property=\"og:type\" content=\"article\" \/>\n<meta property=\"og:title\" content=\"Borax | Albania Distribution Chemicals\" \/>\n<meta property=\"og:description\" content=\"Product: Borax Chemical Formula: Na2B4O7\u00b710H2O Information about the product: - Chemical Compound: Borax, also known as sodium borate, is a naturally occurring mineral composed of sodium, boron, oxygen, and water molecules. - Appearance: It typically occurs as a white, crystalline powder or as colorless crystals. - Solubility: Borax is soluble in water, forming an alkaline solution.\" \/>\n<meta property=\"og:url\" content=\"https:\/\/adchem.al\/al\/basic-chemicals\/borax\/\" \/>\n<meta property=\"og:site_name\" content=\"Albania Distribution Chemicals\" \/>\n<meta property=\"article:publisher\" content=\"https:\/\/www.facebook.com\/albaniadistributionchem\/?ref=py_c\" \/>\n<meta property=\"article:modified_time\" content=\"2023-06-27T20:24:24+00:00\" \/>\n<meta property=\"og:image\" content=\"https:\/\/adchem.al\/wp-content\/uploads\/2023\/06\/Borax-Struktur.svg.png\" \/>\n\t<meta property=\"og:image:width\" content=\"473\" \/>\n\t<meta property=\"og:image:height\" content=\"425\" \/>\n\t<meta property=\"og:image:type\" content=\"image\/png\" \/>\n<meta name=\"twitter:card\" content=\"summary_large_image\" \/>\n<script type=\"application\/ld+json\" class=\"yoast-schema-graph\">{\"@context\":\"https:\\\/\\\/schema.org\",\"@graph\":[{\"@type\":\"WebPage\",\"@id\":\"https:\\\/\\\/adchem.al\\\/basic-chemicals\\\/borax\\\/\",\"url\":\"https:\\\/\\\/adchem.al\\\/basic-chemicals\\\/borax\\\/\",\"name\":\"Borax | Albania Distribution Chemicals\",\"isPartOf\":{\"@id\":\"https:\\\/\\\/adchem.al\\\/#website\"},\"primaryImageOfPage\":{\"@id\":\"https:\\\/\\\/adchem.al\\\/basic-chemicals\\\/borax\\\/#primaryimage\"},\"image\":{\"@id\":\"https:\\\/\\\/adchem.al\\\/basic-chemicals\\\/borax\\\/#primaryimage\"},\"thumbnailUrl\":\"https:\\\/\\\/adchem.al\\\/wp-content\\\/uploads\\\/2023\\\/06\\\/Borax-Struktur.svg.png\",\"datePublished\":\"2023-06-24T12:47:11+00:00\",\"dateModified\":\"2023-06-27T20:24:24+00:00\",\"breadcrumb\":{\"@id\":\"https:\\\/\\\/adchem.al\\\/basic-chemicals\\\/borax\\\/#breadcrumb\"},\"inLanguage\":\"sq\",\"potentialAction\":[{\"@type\":\"ReadAction\",\"target\":[\"https:\\\/\\\/adchem.al\\\/basic-chemicals\\\/borax\\\/\"]}]},{\"@type\":\"ImageObject\",\"inLanguage\":\"sq\",\"@id\":\"https:\\\/\\\/adchem.al\\\/basic-chemicals\\\/borax\\\/#primaryimage\",\"url\":\"https:\\\/\\\/adchem.al\\\/wp-content\\\/uploads\\\/2023\\\/06\\\/Borax-Struktur.svg.png\",\"contentUrl\":\"https:\\\/\\\/adchem.al\\\/wp-content\\\/uploads\\\/2023\\\/06\\\/Borax-Struktur.svg.png\",\"width\":473,\"height\":425},{\"@type\":\"BreadcrumbList\",\"@id\":\"https:\\\/\\\/adchem.al\\\/basic-chemicals\\\/borax\\\/#breadcrumb\",\"itemListElement\":[{\"@type\":\"ListItem\",\"position\":1,\"name\":\"Home\",\"item\":\"https:\\\/\\\/adchem.al\\\/\"},{\"@type\":\"ListItem\",\"position\":2,\"name\":\"Basic Chemicals\",\"item\":\"https:\\\/\\\/adchem.al\\\/al\\\/basic-chemicals\\\/\"},{\"@type\":\"ListItem\",\"position\":3,\"name\":\"Borax\"}]},{\"@type\":\"WebSite\",\"@id\":\"https:\\\/\\\/adchem.al\\\/#website\",\"url\":\"https:\\\/\\\/adchem.al\\\/\",\"name\":\"Albania Distribution Chemicals\",\"description\":\"&quot;Excellence in Chemical Distribution&quot;\",\"publisher\":{\"@id\":\"https:\\\/\\\/adchem.al\\\/#organization\"},\"alternateName\":\"ADC\",\"potentialAction\":[{\"@type\":\"SearchAction\",\"target\":{\"@type\":\"EntryPoint\",\"urlTemplate\":\"https:\\\/\\\/adchem.al\\\/?s={search_term_string}\"},\"query-input\":{\"@type\":\"PropertyValueSpecification\",\"valueRequired\":true,\"valueName\":\"search_term_string\"}}],\"inLanguage\":\"sq\"},{\"@type\":\"Organization\",\"@id\":\"https:\\\/\\\/adchem.al\\\/#organization\",\"name\":\"Albania Distribution Chemicals\",\"alternateName\":\"ADC\",\"url\":\"https:\\\/\\\/adchem.al\\\/\",\"logo\":{\"@type\":\"ImageObject\",\"inLanguage\":\"sq\",\"@id\":\"https:\\\/\\\/adchem.al\\\/#\\\/schema\\\/logo\\\/image\\\/\",\"url\":\"https:\\\/\\\/adchem.al\\\/wp-content\\\/uploads\\\/2022\\\/09\\\/Albania-Distribution-Chemicals-Logo-01.png\",\"contentUrl\":\"https:\\\/\\\/adchem.al\\\/wp-content\\\/uploads\\\/2022\\\/09\\\/Albania-Distribution-Chemicals-Logo-01.png\",\"width\":308,\"height\":104,\"caption\":\"Albania Distribution Chemicals\"},\"image\":{\"@id\":\"https:\\\/\\\/adchem.al\\\/#\\\/schema\\\/logo\\\/image\\\/\"},\"sameAs\":[\"https:\\\/\\\/www.facebook.com\\\/albaniadistributionchem\\\/?ref=py_c\",\"https:\\\/\\\/www.instagram.com\\\/albania_distribution_chemicals\\\/\"]}]}<\/script>\n<!-- \/ Yoast SEO plugin. -->","yoast_head_json":{"title":"Borax | Albania Distribution Chemicals","robots":{"index":"index","follow":"follow","max-snippet":"max-snippet:-1","max-image-preview":"max-image-preview:large","max-video-preview":"max-video-preview:-1"},"canonical":"https:\/\/adchem.al\/al\/basic-chemicals\/borax\/","og_locale":"sq_AL","og_type":"article","og_title":"Borax | Albania Distribution Chemicals","og_description":"Product: Borax Chemical Formula: Na2B4O7\u00b710H2O Information about the product: - Chemical Compound: Borax, also known as sodium borate, is a naturally occurring mineral composed of sodium, boron, oxygen, and water molecules. - Appearance: It typically occurs as a white, crystalline powder or as colorless crystals. - Solubility: Borax is soluble in water, forming an alkaline solution.","og_url":"https:\/\/adchem.al\/al\/basic-chemicals\/borax\/","og_site_name":"Albania Distribution Chemicals","article_publisher":"https:\/\/www.facebook.com\/albaniadistributionchem\/?ref=py_c","article_modified_time":"2023-06-27T20:24:24+00:00","og_image":[{"width":473,"height":425,"url":"https:\/\/adchem.al\/wp-content\/uploads\/2023\/06\/Borax-Struktur.svg.png","type":"image\/png"}],"twitter_card":"summary_large_image","schema":{"@context":"https:\/\/schema.org","@graph":[{"@type":"WebPage","@id":"https:\/\/adchem.al\/basic-chemicals\/borax\/","url":"https:\/\/adchem.al\/basic-chemicals\/borax\/","name":"Borax | Albania Distribution Chemicals","isPartOf":{"@id":"https:\/\/adchem.al\/#website"},"primaryImageOfPage":{"@id":"https:\/\/adchem.al\/basic-chemicals\/borax\/#primaryimage"},"image":{"@id":"https:\/\/adchem.al\/basic-chemicals\/borax\/#primaryimage"},"thumbnailUrl":"https:\/\/adchem.al\/wp-content\/uploads\/2023\/06\/Borax-Struktur.svg.png","datePublished":"2023-06-24T12:47:11+00:00","dateModified":"2023-06-27T20:24:24+00:00","breadcrumb":{"@id":"https:\/\/adchem.al\/basic-chemicals\/borax\/#breadcrumb"},"inLanguage":"sq","potentialAction":[{"@type":"ReadAction","target":["https:\/\/adchem.al\/basic-chemicals\/borax\/"]}]},{"@type":"ImageObject","inLanguage":"sq","@id":"https:\/\/adchem.al\/basic-chemicals\/borax\/#primaryimage","url":"https:\/\/adchem.al\/wp-content\/uploads\/2023\/06\/Borax-Struktur.svg.png","contentUrl":"https:\/\/adchem.al\/wp-content\/uploads\/2023\/06\/Borax-Struktur.svg.png","width":473,"height":425},{"@type":"BreadcrumbList","@id":"https:\/\/adchem.al\/basic-chemicals\/borax\/#breadcrumb","itemListElement":[{"@type":"ListItem","position":1,"name":"Home","item":"https:\/\/adchem.al\/"},{"@type":"ListItem","position":2,"name":"Basic Chemicals","item":"https:\/\/adchem.al\/al\/basic-chemicals\/"},{"@type":"ListItem","position":3,"name":"Borax"}]},{"@type":"WebSite","@id":"https:\/\/adchem.al\/#website","url":"https:\/\/adchem.al\/","name":"Albania Distribution Chemicals","description":"&quot;Excellence in Chemical Distribution&quot;","publisher":{"@id":"https:\/\/adchem.al\/#organization"},"alternateName":"ADC","potentialAction":[{"@type":"SearchAction","target":{"@type":"EntryPoint","urlTemplate":"https:\/\/adchem.al\/?s={search_term_string}"},"query-input":{"@type":"PropertyValueSpecification","valueRequired":true,"valueName":"search_term_string"}}],"inLanguage":"sq"},{"@type":"Organization","@id":"https:\/\/adchem.al\/#organization","name":"Albania Distribution Chemicals","alternateName":"ADC","url":"https:\/\/adchem.al\/","logo":{"@type":"ImageObject","inLanguage":"sq","@id":"https:\/\/adchem.al\/#\/schema\/logo\/image\/","url":"https:\/\/adchem.al\/wp-content\/uploads\/2022\/09\/Albania-Distribution-Chemicals-Logo-01.png","contentUrl":"https:\/\/adchem.al\/wp-content\/uploads\/2022\/09\/Albania-Distribution-Chemicals-Logo-01.png","width":308,"height":104,"caption":"Albania Distribution Chemicals"},"image":{"@id":"https:\/\/adchem.al\/#\/schema\/logo\/image\/"},"sameAs":["https:\/\/www.facebook.com\/albaniadistributionchem\/?ref=py_c","https:\/\/www.instagram.com\/albania_distribution_chemicals\/"]}]}},"_links":{"self":[{"href":"https:\/\/adchem.al\/al\/wp-json\/wp\/v2\/pages\/987989","targetHints":{"allow":["GET"]}}],"collection":[{"href":"https:\/\/adchem.al\/al\/wp-json\/wp\/v2\/pages"}],"about":[{"href":"https:\/\/adchem.al\/al\/wp-json\/wp\/v2\/types\/page"}],"author":[{"embeddable":true,"href":"https:\/\/adchem.al\/al\/wp-json\/wp\/v2\/users\/2"}],"replies":[{"embeddable":true,"href":"https:\/\/adchem.al\/al\/wp-json\/wp\/v2\/comments?post=987989"}],"version-history":[{"count":10,"href":"https:\/\/adchem.al\/al\/wp-json\/wp\/v2\/pages\/987989\/revisions"}],"predecessor-version":[{"id":989156,"href":"https:\/\/adchem.al\/al\/wp-json\/wp\/v2\/pages\/987989\/revisions\/989156"}],"up":[{"embeddable":true,"href":"https:\/\/adchem.al\/al\/wp-json\/wp\/v2\/pages\/987952"}],"wp:featuredmedia":[{"embeddable":true,"href":"https:\/\/adchem.al\/al\/wp-json\/wp\/v2\/media\/987991"}],"wp:attachment":[{"href":"https:\/\/adchem.al\/al\/wp-json\/wp\/v2\/media?parent=987989"}],"curies":[{"name":"wp","href":"https:\/\/api.w.org\/{rel}","templated":true}]}}