{"id":987982,"date":"2023-06-24T12:38:41","date_gmt":"2023-06-24T12:38:41","guid":{"rendered":"https:\/\/adchem.al\/?page_id=987982"},"modified":"2023-06-27T19:36:46","modified_gmt":"2023-06-27T19:36:46","slug":"ammonium-chloride","status":"publish","type":"page","link":"https:\/\/adchem.al\/al\/basic-chemicals\/ammonium-chloride\/","title":{"rendered":"Klorur Amoniumi"},"content":{"rendered":"<div data-elementor-type=\"wp-page\" data-elementor-id=\"987982\" class=\"elementor elementor-987982\" data-elementor-post-type=\"page\">\n\t\t\t\t\t\t<section class=\"elementor-section elementor-top-section elementor-element elementor-element-37858afc elementor-section-full_width elementor-section-height-default elementor-section-height-default\" data-id=\"37858afc\" data-element_type=\"section\" data-e-type=\"section\">\n\t\t\t\t\t\t<div class=\"elementor-container elementor-column-gap-no\">\n\t\t\t\t\t<div class=\"elementor-column elementor-col-100 elementor-top-column elementor-element elementor-element-60bb79bd\" data-id=\"60bb79bd\" data-element_type=\"column\" data-e-type=\"column\">\n\t\t\t<div class=\"elementor-widget-wrap elementor-element-populated\">\n\t\t\t\t\t\t<div class=\"vamtam-has-theme-widget-styles elementor-element elementor-element-86d4d6c elementor-widget elementor-widget-image\" data-id=\"86d4d6c\" data-element_type=\"widget\" data-e-type=\"widget\" data-widget_type=\"image.default\">\n\t\t\t\t<div class=\"elementor-widget-container\">\n\t\t\t\t\t\t\t\t\t<div class=\"elementor-image\">\n\t\t\t\t\t\t\t\t\t\t\t\t\t\t\t\t<figure class=\"wp-caption\">\n\t\t\t\t\t\t\t\t\t\t\t\t\t\t\t\t<img decoding=\"async\" width=\"251\" height=\"179\" src=\"https:\/\/adchem.al\/wp-content\/uploads\/2023\/06\/Ammonium_chloride.svg\" class=\"attachment-full size-full wp-image-987983\" alt=\"\" \/>\t\t\t\t\t\t\t\t\t\t\t\t\t\t\t\t\t<figcaption class=\"widget-image-caption wp-caption-text\">Albania Distribution Chemicals<\/figcaption>\n\t\t\t\t\t\t\t\t\t\t\t\t\t\t\t\t<\/figure>\n\t\t\t\t\t\t\t\t\t\t\t\t\t\t<\/div>\n\t\t\t\t\t\t\t\t<\/div>\n\t\t\t\t<\/div>\n\t\t\t\t<div class=\"elementor-element elementor-element-a3e6182 elementor-widget elementor-widget-text-editor\" data-id=\"a3e6182\" data-element_type=\"widget\" data-e-type=\"widget\" data-widget_type=\"text-editor.default\">\n\t\t\t\t<div class=\"elementor-widget-container\">\n\t\t\t\t\t\t\t\t\t<p><strong>Produkti: Klorur Amoniumi<\/strong><\/p><p><strong>Formula Kimike: NH4Cl<\/strong><\/p><p><strong>Informacion rreth produktit:<\/strong><\/p><p>\u2013 P\u00ebrb\u00ebrja kimike: Kloruri i amonit \u00ebsht\u00eb nj\u00eb p\u00ebrb\u00ebrje inorganike e p\u00ebrb\u00ebr\u00eb nga jonet e amonit (NH4+) dhe klorurit (Cl-).<br \/>\u2013 Pamja: Gjendet zakonisht n\u00eb form\u00eb t\u00eb ngurt\u00eb kristalore ose granula t\u00eb bardh\u00eb.<br \/>\u2013 Tretshm\u00ebria: Kloruri i amonit \u00ebsht\u00eb shum\u00eb i tretsh\u00ebm n\u00eb uj\u00eb dhe formon nj\u00eb tret\u00ebsir\u00eb pak acid.<br \/>\u2013 Paq\u00ebndrueshm\u00ebria: Dihet si sublim, q\u00eb do t\u00eb thot\u00eb se mund t\u00eb kaloj\u00eb drejtp\u00ebrdrejt nga nj\u00eb gjendje e ngurt\u00eb n\u00eb nj\u00eb gjendje t\u00eb gazt\u00eb n\u00eb temperatura t\u00eb larta pa u shkrir\u00eb.<\/p><p><strong>Informacion p\u00ebr sektorin e p\u00ebrdorimit t\u00eb produktit:<\/strong><\/p><p>1. Bujq\u00ebsia dhe Hortikultura:<br \/>\u2013 Pleh: Kloruri i amonit p\u00ebrdoret si nj\u00eb pleh azotik, duke siguruar nj\u00eb burim t\u00eb disponuesh\u00ebm t\u00eb azotit p\u00ebr t\u00eb nxitur rritjen dhe zhvillimin e bim\u00ebve.<br \/>\u2013 Aciduesi i tok\u00ebs: Mund t\u00eb aplikohet p\u00ebr acidifikimin e tokave alkaline, duke krijuar kushte optimale t\u00eb pH p\u00ebr kultura t\u00eb caktuara q\u00eb preferojn\u00eb mjedise acidike.<br \/>\u2013 Hidroponik\u00eb: Kloruri i amonit p\u00ebrdoret n\u00eb sistemet hidroponike p\u00ebr t\u00eb siguruar l\u00ebnd\u00eb ushqyese thelb\u00ebsore p\u00ebr bim\u00ebt.<\/p><p>2. Industria farmaceutike:<br \/>\u2013 Ekspektorant: Kloruri i amonit p\u00ebrdoret n\u00eb shurupet e koll\u00ebs dhe medikamentet ekspektorante p\u00ebr t\u00eb ndihmuar n\u00eb lirimin dhe nxjerrjen e mukusit nga trakti respirator.<br \/>\u2013 Aciduesi urinar: Mund t\u00eb p\u00ebrshkruhet si acidifikues urinar p\u00ebr t\u00eb reduktuar nivelet e pH t\u00eb urin\u00ebs n\u00eb kushte t\u00eb caktuara mjek\u00ebsore.<\/p><p>3. Industria ushqimore:<br \/>\u2013 Shtesa ushqimore: Kloruri i amonit \u00ebsht\u00eb miratuar si aditiv ushqimor me numrin E E510. P\u00ebrdoret n\u00eb disa produkte ushqimore si agjent aromatizues ose kondicioner brumi.<\/p><p>4. Laboratori dhe K\u00ebrkimi:<br \/>\u2013 Reagenti kimik: Kloruri i amonit p\u00ebrdoret zakonisht si reagent n\u00eb eksperimente t\u00eb ndryshme laboratorike, duke p\u00ebrfshir\u00eb rregullimet e pH dhe reaksionet e reshjeve.<br \/>\u2013 Puferi i pH: Mund t\u00eb p\u00ebrdoret si nj\u00eb tampon pH n\u00eb disa analiza biokimike dhe biologjike.<\/p><p>5. Industria e tekstilit:<br \/>\u2013 Ngjyrosja dhe printimi: Kloruri i amonit p\u00ebrdoret n\u00eb proceset e ngjyrosjes dhe printimit t\u00eb tekstilit si nj\u00eb agjent nivelimi i ngjyr\u00ebs dhe p\u00ebr t\u00eb p\u00ebrmir\u00ebsuar q\u00ebndrueshm\u00ebrin\u00eb e ngjyrave.<\/p><p>6. Elektrikimi dhe p\u00ebrfundimi i metaleve:<br \/>\u2013 Shtues elektrolit: Mund t'i shtohet solucioneve t\u00eb elektroliteve t\u00eb p\u00ebrdorura n\u00eb proceset e elektrolimit dhe p\u00ebrfundimit t\u00eb metaleve p\u00ebr t\u00eb rritur p\u00ebr\u00e7ueshm\u00ebrin\u00eb dhe p\u00ebr t\u00eb kontrolluar nivelet e pH.<\/p><p>7. Baterit\u00eb me qeliza t\u00eb thata:<br \/>\u2013 Elektroliti: Kloruri i amonit p\u00ebrdoret si elektrolit n\u00eb disa lloje t\u00eb baterive me qeliza t\u00eb thata, si baterit\u00eb zink-karbon dhe zink-klorid.<\/p><p>8. Retardant\u00ebt e flak\u00ebs:<br \/>\u2013 Kloruri i amonit mund t\u00eb p\u00ebrfshihet n\u00eb formulime rezistente ndaj flak\u00ebs p\u00ebr tekstile, plastik\u00eb dhe materiale t\u00eb tjera p\u00ebr t\u00eb reduktuar ndezshm\u00ebrin\u00eb e tyre.<\/p><p>9. Produktet e pastrimit:<br \/>\u2013 Agjent pastrues: Kloruri i amonit mund t\u00eb gjendet n\u00eb disa produkte pastrimi, t\u00eb tilla si pastrues t\u00eb tualetit dhe formulime detergjente, p\u00ebr vetit\u00eb e tij dezinfektuese.<\/p><p>10. Sh\u00ebndeti i Kafsh\u00ebve:<br \/>\u2013 Mjek\u00ebsia Veterinare: Kloruri i amonit p\u00ebrdoret n\u00eb mjek\u00ebsin\u00eb veterinare p\u00ebr acidifikimin e urin\u00ebs dhe parandalimin e formimit t\u00eb disa llojeve t\u00eb gur\u00ebve urinar te kafsh\u00ebt.<\/p><p>Gjat\u00eb trajtimit t\u00eb klorurit t\u00eb amonit, \u00ebsht\u00eb e r\u00ebnd\u00ebsishme t\u00eb ndiqni masat e duhura t\u00eb siguris\u00eb, duke p\u00ebrfshir\u00eb p\u00ebrdorimin e pajisjeve mbrojt\u00ebse dhe sigurimin e ventilimit t\u00eb duhur, pasi mund t\u00eb l\u00ebshoj\u00eb gazra irritues ose g\u00ebrryes kur nxehet ose p\u00ebrzihet me substanca t\u00eb caktuara.<\/p>\t\t\t\t\t\t\t\t<\/div>\n\t\t\t\t<\/div>\n\t\t\t\t<section class=\"elementor-section elementor-inner-section elementor-element elementor-element-6c4fe3c elementor-section-boxed elementor-section-height-default elementor-section-height-default\" data-id=\"6c4fe3c\" data-element_type=\"section\" data-e-type=\"section\" data-settings=\"{&quot;background_background&quot;:&quot;classic&quot;}\">\n\t\t\t\t\t\t<div class=\"elementor-container elementor-column-gap-no\">\n\t\t\t\t\t<div class=\"elementor-column elementor-col-100 elementor-inner-column elementor-element elementor-element-a66e708\" data-id=\"a66e708\" data-element_type=\"column\" data-e-type=\"column\">\n\t\t\t<div class=\"elementor-widget-wrap elementor-element-populated\">\n\t\t\t\t\t\t<div class=\"elementor-element elementor-element-57cc133 elementor-view-default elementor-widget elementor-widget-icon\" data-id=\"57cc133\" data-element_type=\"widget\" data-e-type=\"widget\" data-widget_type=\"icon.default\">\n\t\t\t\t<div class=\"elementor-widget-container\">\n\t\t\t\t\t\t\t<div class=\"elementor-icon-wrapper\">\n\t\t\t<div class=\"elementor-icon\">\n\t\t\t<i aria-hidden=\"true\" class=\"vamtamtheme- vamtam-theme-quote-start\"><\/i>\t\t\t<\/div>\n\t\t<\/div>\n\t\t\t\t\t\t<\/div>\n\t\t\t\t<\/div>\n\t\t\t\t<div class=\"elementor-element elementor-element-8e1ad6f elementor-widget elementor-widget-text-editor\" data-id=\"8e1ad6f\" data-element_type=\"widget\" data-e-type=\"widget\" data-widget_type=\"text-editor.default\">\n\t\t\t\t<div class=\"elementor-widget-container\">\n\t\t\t\t\t\t\t\t\t<p>\"P\u00ebr \u00e7do informacion, shkruani n\u00eb WhatsApp: Gjith\u00e7ka q\u00eb ju nevojitet, n\u00eb koh\u00eb reale, n\u00eb nj\u00eb mesazh. Na kontaktoni dhe jemi gati t\u00eb ju ndihmojm\u00eb.\"<\/p>\t\t\t\t\t\t\t\t<\/div>\n\t\t\t\t<\/div>\n\t\t\t\t<div class=\"elementor-element elementor-element-d830d80 elementor-widget-divider--view-line elementor-widget elementor-widget-divider\" data-id=\"d830d80\" data-element_type=\"widget\" data-e-type=\"widget\" data-widget_type=\"divider.default\">\n\t\t\t\t<div class=\"elementor-widget-container\">\n\t\t\t\t\t\t\t<div class=\"elementor-divider\">\n\t\t\t<span class=\"elementor-divider-separator\">\n\t\t\t\t\t\t<\/span>\n\t\t<\/div>\n\t\t\t\t\t\t<\/div>\n\t\t\t\t<\/div>\n\t\t\t\t<div class=\"vamtam-has-theme-widget-styles elementor-element elementor-element-8b2575b elementor-widget__width-auto vamtam-has-underline-anim elementor-widget elementor-widget-button\" data-id=\"8b2575b\" data-element_type=\"widget\" data-e-type=\"widget\" data-widget_type=\"button.default\">\n\t\t\t\t<div class=\"elementor-widget-container\">\n\t\t\t\t\t\t\t\t\t<div class=\"elementor-button-wrapper\">\n\t\t\t\t\t<a class=\"elementor-button elementor-button-link elementor-size-md\" href=\"https:\/\/wa.me\/355694000260\">\n\t\t\t\t\t\t<span class=\"elementor-button-content-wrapper\">\n\t\t\t\t\t\t<span class=\"elementor-button-icon\">\n\t\t\t\t<i aria-hidden=\"true\" class=\"vamtamtheme- vamtam-theme-icon-arrow-right-top\"><\/i>\t\t\t<\/span>\n\t\t\t\t\t\t\t\t\t<span class=\"elementor-button-text\">Kontaktoni WhatsApp<\/span>\n\t\t\t\t\t<\/span>\n\t\t\t\t\t<\/a>\n\t\t\t\t<\/div>\n\t\t\t\t\t\t\t\t<\/div>\n\t\t\t\t<\/div>\n\t\t\t\t<div class=\"elementor-element elementor-element-8e7ecfb elementor-widget__width-auto elementor-widget elementor-widget-heading\" data-id=\"8e7ecfb\" data-element_type=\"widget\" data-e-type=\"widget\" data-widget_type=\"heading.default\">\n\t\t\t\t<div class=\"elementor-widget-container\">\n\t\t\t\t\t<span class=\"elementor-heading-title elementor-size-default\">Albania Distribution Chemicals\n<\/span>\t\t\t\t<\/div>\n\t\t\t\t<\/div>\n\t\t\t\t\t<\/div>\n\t\t<\/div>\n\t\t\t\t\t<\/div>\n\t\t<\/section>\n\t\t\t\t\t<\/div>\n\t\t<\/div>\n\t\t\t\t\t<\/div>\n\t\t<\/section>\n\t\t\t\t<section class=\"elementor-section elementor-top-section elementor-element elementor-element-b3fd502 elementor-section-boxed elementor-section-height-default elementor-section-height-default\" data-id=\"b3fd502\" data-element_type=\"section\" data-e-type=\"section\">\n\t\t\t\t\t\t<div class=\"elementor-container elementor-column-gap-default\">\n\t\t\t\t\t<div class=\"elementor-column elementor-col-100 elementor-top-column elementor-element elementor-element-a879885\" data-id=\"a879885\" data-element_type=\"column\" data-e-type=\"column\">\n\t\t\t<div class=\"elementor-widget-wrap elementor-element-populated\">\n\t\t\t\t\t\t<div class=\"elementor-element elementor-element-4a3fe1c elementor-widget elementor-widget-spacer\" data-id=\"4a3fe1c\" data-element_type=\"widget\" data-e-type=\"widget\" data-widget_type=\"spacer.default\">\n\t\t\t\t<div class=\"elementor-widget-container\">\n\t\t\t\t\t\t\t<div class=\"elementor-spacer\">\n\t\t\t<div class=\"elementor-spacer-inner\"><\/div>\n\t\t<\/div>\n\t\t\t\t\t\t<\/div>\n\t\t\t\t<\/div>\n\t\t\t\t<div class=\"vamtam-has-theme-widget-styles elementor-element elementor-element-feed2fe elementor-widget elementor-widget-image\" data-id=\"feed2fe\" data-element_type=\"widget\" data-e-type=\"widget\" data-widget_type=\"image.default\">\n\t\t\t\t<div class=\"elementor-widget-container\">\n\t\t\t\t\t\t\t\t\t<div class=\"elementor-image\">\n\t\t\t\t\t\t\t\t\t\t\t\t\t\t\t\t\t\t\t\t\t<img fetchpriority=\"high\" decoding=\"async\" width=\"8000\" height=\"1355\" src=\"https:\/\/adchem.al\/wp-content\/uploads\/2023\/06\/baner-albania-distribution-chemicals-01.png\" class=\"attachment-full size-full wp-image-987764\" alt=\"\" srcset=\"https:\/\/adchem.al\/wp-content\/uploads\/2023\/06\/baner-albania-distribution-chemicals-01.png 8000w, https:\/\/adchem.al\/wp-content\/uploads\/2023\/06\/baner-albania-distribution-chemicals-01-300x51.png 300w, https:\/\/adchem.al\/wp-content\/uploads\/2023\/06\/baner-albania-distribution-chemicals-01-1024x173.png 1024w, https:\/\/adchem.al\/wp-content\/uploads\/2023\/06\/baner-albania-distribution-chemicals-01-768x130.png 768w, https:\/\/adchem.al\/wp-content\/uploads\/2023\/06\/baner-albania-distribution-chemicals-01-1536x260.png 1536w, https:\/\/adchem.al\/wp-content\/uploads\/2023\/06\/baner-albania-distribution-chemicals-01-2048x347.png 2048w\" sizes=\"(max-width: 8000px) 100vw, 8000px\" \/>\t\t\t\t\t\t\t\t\t\t\t\t\t\t\t\t\t\t\t\t\t\t\t\t<\/div>\n\t\t\t\t\t\t\t\t<\/div>\n\t\t\t\t<\/div>\n\t\t\t\t\t<\/div>\n\t\t<\/div>\n\t\t\t\t\t<\/div>\n\t\t<\/section>\n\t\t\t\t<\/div>","protected":false},"excerpt":{"rendered":"<p>Produkti: Klorur Amoniumi<\/p>\n<p>Formula Kimike: NH4Cl<\/p>\n<p>Informacion rreth produktit:<\/p>\n<p>\u2013 P\u00ebrb\u00ebrja kimike: Kloruri i amonit \u00ebsht\u00eb nj\u00eb p\u00ebrb\u00ebrje inorganike e p\u00ebrb\u00ebr\u00eb nga jonet e amonit (NH4+) dhe klorurit (Cl-).<br \/>\n\u2013 Pamja: Gjendet zakonisht n\u00eb form\u00eb t\u00eb ngurt\u00eb kristalore ose granula t\u00eb bardh\u00eb.<br \/>\n\u2013 Tretshm\u00ebria: Kloruri i amonit \u00ebsht\u00eb shum\u00eb i tretsh\u00ebm n\u00eb uj\u00eb dhe formon nj\u00eb tret\u00ebsir\u00eb pak acid.<br \/>\n\u2013 Paq\u00ebndrueshm\u00ebria: Dihet si sublim, q\u00eb do t\u00eb thot\u00eb se mund t\u00eb kaloj\u00eb drejtp\u00ebrdrejt nga nj\u00eb gjendje e ngurt\u00eb n\u00eb nj\u00eb gjendje t\u00eb gazt\u00eb n\u00eb temperatura t\u00eb larta pa u shkrir\u00eb.<\/p>","protected":false},"author":2,"featured_media":987983,"parent":987952,"menu_order":0,"comment_status":"closed","ping_status":"closed","template":"","meta":{"inline_featured_image":false,"footnotes":""},"class_list":["post-987982","page","type-page","status-publish","has-post-thumbnail","hentry"],"yoast_head":"<!-- This site is optimized with the Yoast SEO plugin v27.4 - https:\/\/yoast.com\/product\/yoast-seo-wordpress\/ -->\n<title>Ammonium Chloride | Albania Distribution Chemicals<\/title>\n<meta name=\"robots\" content=\"index, follow, max-snippet:-1, max-image-preview:large, max-video-preview:-1\" \/>\n<link rel=\"canonical\" href=\"https:\/\/adchem.al\/al\/basic-chemicals\/ammonium-chloride\/\" \/>\n<meta property=\"og:locale\" content=\"sq_AL\" \/>\n<meta property=\"og:type\" content=\"article\" \/>\n<meta property=\"og:title\" content=\"Ammonium Chloride | Albania Distribution Chemicals\" \/>\n<meta property=\"og:description\" content=\"Product: Ammonium Chloride Chemical Formula: NH4Cl Information about the product: - Chemical Compound: Ammonium chloride is an inorganic compound composed of ammonium (NH4+) and chloride (Cl-) ions. - Appearance: It is typically found as a white crystalline solid or granules. - Solubility: Ammonium chloride is highly soluble in water and forms a mildly acidic solution. - Volatility: It is known to sublime, meaning it can transition directly from a solid to a gaseous state at high temperatures without melting.\" \/>\n<meta property=\"og:url\" content=\"https:\/\/adchem.al\/al\/basic-chemicals\/ammonium-chloride\/\" \/>\n<meta property=\"og:site_name\" content=\"Albania Distribution Chemicals\" \/>\n<meta property=\"article:publisher\" content=\"https:\/\/www.facebook.com\/albaniadistributionchem\/?ref=py_c\" \/>\n<meta property=\"article:modified_time\" content=\"2023-06-27T19:36:46+00:00\" \/>\n<meta property=\"og:image\" content=\"https:\/\/adchem.al\/wp-content\/uploads\/2023\/06\/adchem-wallpaper-home.webp-2.webp\" \/>\n\t<meta property=\"og:image:width\" content=\"2560\" \/>\n\t<meta property=\"og:image:height\" content=\"1244\" \/>\n\t<meta property=\"og:image:type\" content=\"image\/webp\" \/>\n<meta name=\"twitter:card\" content=\"summary_large_image\" \/>\n<script type=\"application\/ld+json\" class=\"yoast-schema-graph\">{\"@context\":\"https:\\\/\\\/schema.org\",\"@graph\":[{\"@type\":\"WebPage\",\"@id\":\"https:\\\/\\\/adchem.al\\\/basic-chemicals\\\/ammonium-chloride\\\/\",\"url\":\"https:\\\/\\\/adchem.al\\\/basic-chemicals\\\/ammonium-chloride\\\/\",\"name\":\"Ammonium Chloride | Albania Distribution Chemicals\",\"isPartOf\":{\"@id\":\"https:\\\/\\\/adchem.al\\\/#website\"},\"primaryImageOfPage\":{\"@id\":\"https:\\\/\\\/adchem.al\\\/basic-chemicals\\\/ammonium-chloride\\\/#primaryimage\"},\"image\":{\"@id\":\"https:\\\/\\\/adchem.al\\\/basic-chemicals\\\/ammonium-chloride\\\/#primaryimage\"},\"thumbnailUrl\":\"https:\\\/\\\/adchem.al\\\/wp-content\\\/uploads\\\/2023\\\/06\\\/Ammonium_chloride.svg\",\"datePublished\":\"2023-06-24T12:38:41+00:00\",\"dateModified\":\"2023-06-27T19:36:46+00:00\",\"breadcrumb\":{\"@id\":\"https:\\\/\\\/adchem.al\\\/basic-chemicals\\\/ammonium-chloride\\\/#breadcrumb\"},\"inLanguage\":\"sq\",\"potentialAction\":[{\"@type\":\"ReadAction\",\"target\":[\"https:\\\/\\\/adchem.al\\\/basic-chemicals\\\/ammonium-chloride\\\/\"]}]},{\"@type\":\"ImageObject\",\"inLanguage\":\"sq\",\"@id\":\"https:\\\/\\\/adchem.al\\\/basic-chemicals\\\/ammonium-chloride\\\/#primaryimage\",\"url\":\"https:\\\/\\\/adchem.al\\\/wp-content\\\/uploads\\\/2023\\\/06\\\/Ammonium_chloride.svg\",\"contentUrl\":\"https:\\\/\\\/adchem.al\\\/wp-content\\\/uploads\\\/2023\\\/06\\\/Ammonium_chloride.svg\",\"width\":251,\"height\":179},{\"@type\":\"BreadcrumbList\",\"@id\":\"https:\\\/\\\/adchem.al\\\/basic-chemicals\\\/ammonium-chloride\\\/#breadcrumb\",\"itemListElement\":[{\"@type\":\"ListItem\",\"position\":1,\"name\":\"Home\",\"item\":\"https:\\\/\\\/adchem.al\\\/\"},{\"@type\":\"ListItem\",\"position\":2,\"name\":\"Basic Chemicals\",\"item\":\"https:\\\/\\\/adchem.al\\\/al\\\/basic-chemicals\\\/\"},{\"@type\":\"ListItem\",\"position\":3,\"name\":\"Ammonium Chloride\"}]},{\"@type\":\"WebSite\",\"@id\":\"https:\\\/\\\/adchem.al\\\/#website\",\"url\":\"https:\\\/\\\/adchem.al\\\/\",\"name\":\"Albania Distribution Chemicals\",\"description\":\"&quot;Excellence in Chemical Distribution&quot;\",\"publisher\":{\"@id\":\"https:\\\/\\\/adchem.al\\\/#organization\"},\"alternateName\":\"ADC\",\"potentialAction\":[{\"@type\":\"SearchAction\",\"target\":{\"@type\":\"EntryPoint\",\"urlTemplate\":\"https:\\\/\\\/adchem.al\\\/?s={search_term_string}\"},\"query-input\":{\"@type\":\"PropertyValueSpecification\",\"valueRequired\":true,\"valueName\":\"search_term_string\"}}],\"inLanguage\":\"sq\"},{\"@type\":\"Organization\",\"@id\":\"https:\\\/\\\/adchem.al\\\/#organization\",\"name\":\"Albania Distribution Chemicals\",\"alternateName\":\"ADC\",\"url\":\"https:\\\/\\\/adchem.al\\\/\",\"logo\":{\"@type\":\"ImageObject\",\"inLanguage\":\"sq\",\"@id\":\"https:\\\/\\\/adchem.al\\\/#\\\/schema\\\/logo\\\/image\\\/\",\"url\":\"https:\\\/\\\/adchem.al\\\/wp-content\\\/uploads\\\/2022\\\/09\\\/Albania-Distribution-Chemicals-Logo-01.png\",\"contentUrl\":\"https:\\\/\\\/adchem.al\\\/wp-content\\\/uploads\\\/2022\\\/09\\\/Albania-Distribution-Chemicals-Logo-01.png\",\"width\":308,\"height\":104,\"caption\":\"Albania Distribution Chemicals\"},\"image\":{\"@id\":\"https:\\\/\\\/adchem.al\\\/#\\\/schema\\\/logo\\\/image\\\/\"},\"sameAs\":[\"https:\\\/\\\/www.facebook.com\\\/albaniadistributionchem\\\/?ref=py_c\",\"https:\\\/\\\/www.instagram.com\\\/albania_distribution_chemicals\\\/\"]}]}<\/script>\n<!-- \/ Yoast SEO plugin. -->","yoast_head_json":{"title":"Ammonium Chloride | Albania Distribution Chemicals","robots":{"index":"index","follow":"follow","max-snippet":"max-snippet:-1","max-image-preview":"max-image-preview:large","max-video-preview":"max-video-preview:-1"},"canonical":"https:\/\/adchem.al\/al\/basic-chemicals\/ammonium-chloride\/","og_locale":"sq_AL","og_type":"article","og_title":"Ammonium Chloride | Albania Distribution Chemicals","og_description":"Product: Ammonium Chloride Chemical Formula: NH4Cl Information about the product: - Chemical Compound: Ammonium chloride is an inorganic compound composed of ammonium (NH4+) and chloride (Cl-) ions. - Appearance: It is typically found as a white crystalline solid or granules. - Solubility: Ammonium chloride is highly soluble in water and forms a mildly acidic solution. - Volatility: It is known to sublime, meaning it can transition directly from a solid to a gaseous state at high temperatures without melting.","og_url":"https:\/\/adchem.al\/al\/basic-chemicals\/ammonium-chloride\/","og_site_name":"Albania Distribution Chemicals","article_publisher":"https:\/\/www.facebook.com\/albaniadistributionchem\/?ref=py_c","article_modified_time":"2023-06-27T19:36:46+00:00","og_image":[{"width":2560,"height":1244,"url":"https:\/\/adchem.al\/wp-content\/uploads\/2023\/06\/adchem-wallpaper-home.webp-2.webp","type":"image\/webp"}],"twitter_card":"summary_large_image","schema":{"@context":"https:\/\/schema.org","@graph":[{"@type":"WebPage","@id":"https:\/\/adchem.al\/basic-chemicals\/ammonium-chloride\/","url":"https:\/\/adchem.al\/basic-chemicals\/ammonium-chloride\/","name":"Ammonium Chloride | Albania Distribution Chemicals","isPartOf":{"@id":"https:\/\/adchem.al\/#website"},"primaryImageOfPage":{"@id":"https:\/\/adchem.al\/basic-chemicals\/ammonium-chloride\/#primaryimage"},"image":{"@id":"https:\/\/adchem.al\/basic-chemicals\/ammonium-chloride\/#primaryimage"},"thumbnailUrl":"https:\/\/adchem.al\/wp-content\/uploads\/2023\/06\/Ammonium_chloride.svg","datePublished":"2023-06-24T12:38:41+00:00","dateModified":"2023-06-27T19:36:46+00:00","breadcrumb":{"@id":"https:\/\/adchem.al\/basic-chemicals\/ammonium-chloride\/#breadcrumb"},"inLanguage":"sq","potentialAction":[{"@type":"ReadAction","target":["https:\/\/adchem.al\/basic-chemicals\/ammonium-chloride\/"]}]},{"@type":"ImageObject","inLanguage":"sq","@id":"https:\/\/adchem.al\/basic-chemicals\/ammonium-chloride\/#primaryimage","url":"https:\/\/adchem.al\/wp-content\/uploads\/2023\/06\/Ammonium_chloride.svg","contentUrl":"https:\/\/adchem.al\/wp-content\/uploads\/2023\/06\/Ammonium_chloride.svg","width":251,"height":179},{"@type":"BreadcrumbList","@id":"https:\/\/adchem.al\/basic-chemicals\/ammonium-chloride\/#breadcrumb","itemListElement":[{"@type":"ListItem","position":1,"name":"Home","item":"https:\/\/adchem.al\/"},{"@type":"ListItem","position":2,"name":"Basic Chemicals","item":"https:\/\/adchem.al\/al\/basic-chemicals\/"},{"@type":"ListItem","position":3,"name":"Ammonium Chloride"}]},{"@type":"WebSite","@id":"https:\/\/adchem.al\/#website","url":"https:\/\/adchem.al\/","name":"Albania Distribution Chemicals","description":"&quot;Excellence in Chemical Distribution&quot;","publisher":{"@id":"https:\/\/adchem.al\/#organization"},"alternateName":"ADC","potentialAction":[{"@type":"SearchAction","target":{"@type":"EntryPoint","urlTemplate":"https:\/\/adchem.al\/?s={search_term_string}"},"query-input":{"@type":"PropertyValueSpecification","valueRequired":true,"valueName":"search_term_string"}}],"inLanguage":"sq"},{"@type":"Organization","@id":"https:\/\/adchem.al\/#organization","name":"Albania Distribution Chemicals","alternateName":"ADC","url":"https:\/\/adchem.al\/","logo":{"@type":"ImageObject","inLanguage":"sq","@id":"https:\/\/adchem.al\/#\/schema\/logo\/image\/","url":"https:\/\/adchem.al\/wp-content\/uploads\/2022\/09\/Albania-Distribution-Chemicals-Logo-01.png","contentUrl":"https:\/\/adchem.al\/wp-content\/uploads\/2022\/09\/Albania-Distribution-Chemicals-Logo-01.png","width":308,"height":104,"caption":"Albania Distribution Chemicals"},"image":{"@id":"https:\/\/adchem.al\/#\/schema\/logo\/image\/"},"sameAs":["https:\/\/www.facebook.com\/albaniadistributionchem\/?ref=py_c","https:\/\/www.instagram.com\/albania_distribution_chemicals\/"]}]}},"_links":{"self":[{"href":"https:\/\/adchem.al\/al\/wp-json\/wp\/v2\/pages\/987982","targetHints":{"allow":["GET"]}}],"collection":[{"href":"https:\/\/adchem.al\/al\/wp-json\/wp\/v2\/pages"}],"about":[{"href":"https:\/\/adchem.al\/al\/wp-json\/wp\/v2\/types\/page"}],"author":[{"embeddable":true,"href":"https:\/\/adchem.al\/al\/wp-json\/wp\/v2\/users\/2"}],"replies":[{"embeddable":true,"href":"https:\/\/adchem.al\/al\/wp-json\/wp\/v2\/comments?post=987982"}],"version-history":[{"count":10,"href":"https:\/\/adchem.al\/al\/wp-json\/wp\/v2\/pages\/987982\/revisions"}],"predecessor-version":[{"id":989153,"href":"https:\/\/adchem.al\/al\/wp-json\/wp\/v2\/pages\/987982\/revisions\/989153"}],"up":[{"embeddable":true,"href":"https:\/\/adchem.al\/al\/wp-json\/wp\/v2\/pages\/987952"}],"wp:featuredmedia":[{"embeddable":true,"href":"https:\/\/adchem.al\/al\/wp-json\/wp\/v2\/media\/987983"}],"wp:attachment":[{"href":"https:\/\/adchem.al\/al\/wp-json\/wp\/v2\/media?parent=987982"}],"curies":[{"name":"wp","href":"https:\/\/api.w.org\/{rel}","templated":true}]}}