{"id":987973,"date":"2023-06-24T12:32:45","date_gmt":"2023-06-24T12:32:45","guid":{"rendered":"https:\/\/adchem.al\/?page_id=987973"},"modified":"2023-06-27T19:34:43","modified_gmt":"2023-06-27T19:34:43","slug":"aluminum-hydroxide","status":"publish","type":"page","link":"https:\/\/adchem.al\/al\/basic-chemicals\/aluminum-hydroxide\/","title":{"rendered":"Hidroksid Alumini"},"content":{"rendered":"<div data-elementor-type=\"wp-page\" data-elementor-id=\"987973\" class=\"elementor elementor-987973\" data-elementor-post-type=\"page\">\n\t\t\t\t\t\t<section class=\"elementor-section elementor-top-section elementor-element elementor-element-37858afc elementor-section-full_width elementor-section-height-default elementor-section-height-default\" data-id=\"37858afc\" data-element_type=\"section\" data-e-type=\"section\">\n\t\t\t\t\t\t<div class=\"elementor-container elementor-column-gap-no\">\n\t\t\t\t\t<div class=\"elementor-column elementor-col-100 elementor-top-column elementor-element elementor-element-60bb79bd\" data-id=\"60bb79bd\" data-element_type=\"column\" data-e-type=\"column\">\n\t\t\t<div class=\"elementor-widget-wrap elementor-element-populated\">\n\t\t\t\t\t\t<div class=\"vamtam-has-theme-widget-styles elementor-element elementor-element-86d4d6c elementor-widget elementor-widget-image\" data-id=\"86d4d6c\" data-element_type=\"widget\" data-e-type=\"widget\" data-widget_type=\"image.default\">\n\t\t\t\t<div class=\"elementor-widget-container\">\n\t\t\t\t\t\t\t\t\t<div class=\"elementor-image\">\n\t\t\t\t\t\t\t\t\t\t\t\t\t\t\t\t<figure class=\"wp-caption\">\n\t\t\t\t\t\t\t\t\t\t\t\t\t\t\t\t<img decoding=\"async\" width=\"46\" height=\"35\" src=\"https:\/\/adchem.al\/wp-content\/uploads\/2023\/06\/Aluminiumhydroxid.svg\" class=\"attachment-full size-full wp-image-987978\" alt=\"\" \/>\t\t\t\t\t\t\t\t\t\t\t\t\t\t\t\t\t<figcaption class=\"widget-image-caption wp-caption-text\">Albania Distribution Chemicals<\/figcaption>\n\t\t\t\t\t\t\t\t\t\t\t\t\t\t\t\t<\/figure>\n\t\t\t\t\t\t\t\t\t\t\t\t\t\t<\/div>\n\t\t\t\t\t\t\t\t<\/div>\n\t\t\t\t<\/div>\n\t\t\t\t<div class=\"elementor-element elementor-element-61992a9a elementor-widget elementor-widget-text-editor\" data-id=\"61992a9a\" data-element_type=\"widget\" data-e-type=\"widget\" data-widget_type=\"text-editor.default\">\n\t\t\t\t<div class=\"elementor-widget-container\">\n\t\t\t\t\t\t\t\t\t<div class=\"woocommerce-product-details__short-description\"><p><strong>Produkti: Hidroksid alumini<\/strong><\/p><p><strong>Formula Kimike: Al(OH)3<\/strong><\/p><p><strong>Informacion rreth produktit:<\/strong><\/p><p>\u2013 P\u00ebrb\u00ebrja kimike: Hidroksidi i aluminit \u00ebsht\u00eb nj\u00eb p\u00ebrb\u00ebrje inorganike e p\u00ebrb\u00ebr\u00eb nga jonet e aluminit (Al) dhe hidroksidit (OH).<br \/>\u2013 Pamja: Gjendet zakonisht si pluhur ose granula e bardh\u00eb, pa er\u00eb.<br \/>\u2013 I patretsh\u00ebm n\u00eb uj\u00eb: Hidroksidi i aluminit \u00ebsht\u00eb i pazgjidhsh\u00ebm n\u00eb uj\u00eb, q\u00eb do t\u00eb thot\u00eb se nuk tretet leht\u00ebsisht n\u00eb uj\u00eb.<br \/>\u2013 Vetit\u00eb amfoterike: Shfaq veti amfoterike, duke vepruar edhe si baz\u00eb edhe si acid n\u00eb var\u00ebsi t\u00eb kushteve t\u00eb reagimit.<br \/>\u2013 Retardant i flak\u00ebs: Hidroksidi i aluminit \u00ebsht\u00eb i njohur p\u00ebr vetit\u00eb e tij rezistente ndaj flak\u00ebs dhe p\u00ebrdoret n\u00eb aplikime t\u00eb ndryshme q\u00eb k\u00ebrkojn\u00eb rezistenc\u00eb ndaj zjarrit.<\/p><p><strong>Informacion p\u00ebr sektorin e p\u00ebrdorimit t\u00eb produktit:<\/strong><\/p><p>1. Industria farmaceutike:<br \/>\u2013 Antacid: Hidroksidi i aluminit p\u00ebrdoret si nj\u00eb antiacid p\u00ebr t\u00eb neutralizuar acidin e tep\u00ebrt t\u00eb stomakut dhe p\u00ebr t\u00eb leht\u00ebsuar simptomat e urthit, dispepsis\u00eb dhe ul\u00e7er\u00ebs gastrike.<br \/>\u2013 Lidh\u00ebs fosfat: Mund t\u00eb p\u00ebrshkruhet si lidh\u00ebs fosfati n\u00eb pacient\u00ebt me s\u00ebmundje t\u00eb veshkave p\u00ebr t\u00eb ulur nivelet e fosfatit n\u00eb gjak.<br \/>\u2013 Ndihm\u00ebs n\u00eb vaksina: Hidroksidi i aluminit p\u00ebrdoret si ndihm\u00ebs n\u00eb disa vaksina p\u00ebr t\u00eb rritur p\u00ebrgjigjen imune dhe p\u00ebr t\u00eb p\u00ebrmir\u00ebsuar efektivitetin e vaksin\u00ebs.<\/p><p>2. Aplikacionet industriale:<br \/>\u2013 Retardant i flak\u00ebs: P\u00ebr shkak t\u00eb vetive t\u00eb tij kund\u00ebr zjarrit, hidroksidi i aluminit p\u00ebrdoret n\u00eb prodhimin e plastik\u00ebs, gom\u00ebs, tekstileve dhe veshjeve p\u00ebr t\u00eb reduktuar ndezshm\u00ebrin\u00eb e k\u00ebtyre materialeve.<br \/>\u2013 Trajtimi i ujit: Mund t\u00eb p\u00ebrdoret n\u00eb proceset e trajtimit t\u00eb ujit p\u00ebr t\u00eb hequr papast\u00ebrtit\u00eb dhe si nj\u00eb agjent flokulues p\u00ebr t\u00eb ndihmuar n\u00eb vendosjen e grimcave t\u00eb pezulluara.<br \/>\u2013 Prodhimi i letr\u00ebs: Hidroksidi i aluminit mund t\u00eb shtohet n\u00eb pulp\u00eb letre p\u00ebr t\u00eb rritur err\u00ebsir\u00ebn, shk\u00eblqimin dhe but\u00ebsin\u00eb.<\/p><p>3. Kozmetik\u00eb dhe produkte t\u00eb kujdesit personal:<br \/>\u2013 Kujdesi p\u00ebr l\u00ebkur\u00ebn: P\u00ebrdoret n\u00eb produkte t\u00eb caktuara p\u00ebr kujdesin e l\u00ebkur\u00ebs, si locione dhe kremra, p\u00ebr vetit\u00eb e tij qet\u00ebsuese dhe qet\u00ebsuese n\u00eb l\u00ebkur\u00eb.<br \/>\u2013 Antidjers\u00ebs: Komponimet e hidroksidit t\u00eb aluminit p\u00ebrdoren n\u00eb antidjers\u00eb p\u00ebr t\u00eb reduktuar djersitjen dhe p\u00ebr t\u00eb kontrolluar er\u00ebn e trupit.<\/p><p>4. Industria e polimereve:<br \/>\u2013 Mbush\u00ebsi n\u00eb plastik\u00eb: Hidroksidi i aluminit i shtohet plastik\u00ebs si nj\u00eb mbush\u00ebs ose agjent p\u00ebrforcues p\u00ebr t\u00eb p\u00ebrmir\u00ebsuar forc\u00ebn, ngurt\u00ebsin\u00eb dhe rezistenc\u00ebn ndaj flak\u00ebs.<br \/>\u2013 Prodhimi i gom\u00ebs: Mund t\u00eb p\u00ebrfshihet n\u00eb p\u00ebrb\u00ebrje gome p\u00ebr t\u00eb rritur rezistenc\u00ebn ndaj zjarrit dhe vetit\u00eb mekanike.<\/p><p>5. P\u00ebrmir\u00ebsimi i mjedisit:<br \/>\u2013 Heqja e Fosforit: Hidroksidi i aluminit p\u00ebrdoret n\u00eb impiantet e trajtimit t\u00eb uj\u00ebrave t\u00eb zeza p\u00ebr t\u00eb hequr fosforin nga uj\u00ebrat e zeza industriale dhe komunale, duke parandaluar eutrofikimin n\u00eb trupat ujor\u00eb.<\/p><p>6. Industria e nd\u00ebrtimit:<br \/>\u2013 Materialet e nd\u00ebrtimit: Hidroksidi i aluminit mund t\u00eb p\u00ebrdoret n\u00eb prodhimin e materialeve t\u00eb ndryshme t\u00eb nd\u00ebrtimit, si veshje rezistente ndaj zjarrit, ngjit\u00ebs dhe ngjit\u00ebs.<\/p><p>7. Industria petrokimike:<br \/>\u2013 Kataliza: Hidroksidi i aluminit mund t\u00eb sh\u00ebrbej\u00eb si katalizator ose mb\u00ebshtetje katalizator n\u00eb disa procese petrokimike, t\u00eb tilla si reaksionet e plasaritjes dhe hidrogjenizimit.<\/p><p>8. Bujq\u00ebsia dhe Hortikultura:<br \/>\u2013 Ndryshimi i tok\u00ebs: Hidroksidi i aluminit mund t\u00eb aplikohet n\u00eb tokat acide p\u00ebr t\u00eb rritur pH dhe p\u00ebr t\u00eb zvog\u00ebluar aciditetin e tok\u00ebs, duke e b\u00ebr\u00eb at\u00eb m\u00eb t\u00eb p\u00ebrshtatshme p\u00ebr kultura t\u00eb caktuara.<\/p><p>9. Sh\u00ebndeti i Kafsh\u00ebve:<br \/>\u2013 Mjek\u00ebsia Veterinare: Hidroksidi i aluminit p\u00ebrdoret n\u00eb disa vaksina veterinare si nj\u00eb ndihm\u00ebs p\u00ebr t\u00eb rritur p\u00ebrgjigjen imune te kafsh\u00ebt.<\/p><p>10. Arti dhe Konservimi:<br \/>\u2013 Restaurimi i artit: Hidroksidi i aluminit mund t\u00eb p\u00ebrdoret n\u00eb restaurimin dhe konservimin e veprave t\u00eb artit dhe objekteve kulturore p\u00ebr t\u00eb neutralizuar acidet dhe p\u00ebr t\u00eb stabilizuar materialet.<\/p><p>Kur p\u00ebrdorni hidroksid alumini, \u00ebsht\u00eb e r\u00ebnd\u00ebsishme t\u00eb ndiqni udh\u00ebzimet e rekomanduara, doz\u00ebn dhe masat paraprake t\u00eb siguris\u00eb p\u00ebr t\u00eb siguruar p\u00ebrdorimin e duhur t\u00eb tij dhe p\u00ebr t\u00eb minimizuar \u00e7do rrezik t\u00eb mundsh\u00ebm.<\/p><\/div>\t\t\t\t\t\t\t\t<\/div>\n\t\t\t\t<\/div>\n\t\t\t\t<section class=\"elementor-section elementor-inner-section elementor-element elementor-element-4ddbf8e elementor-section-boxed elementor-section-height-default elementor-section-height-default\" data-id=\"4ddbf8e\" data-element_type=\"section\" data-e-type=\"section\" data-settings=\"{&quot;background_background&quot;:&quot;classic&quot;}\">\n\t\t\t\t\t\t<div class=\"elementor-container elementor-column-gap-no\">\n\t\t\t\t\t<div class=\"elementor-column elementor-col-100 elementor-inner-column elementor-element elementor-element-0fa1087\" data-id=\"0fa1087\" data-element_type=\"column\" data-e-type=\"column\">\n\t\t\t<div class=\"elementor-widget-wrap elementor-element-populated\">\n\t\t\t\t\t\t<div class=\"elementor-element elementor-element-b9dd55f elementor-view-default elementor-widget elementor-widget-icon\" data-id=\"b9dd55f\" data-element_type=\"widget\" data-e-type=\"widget\" data-widget_type=\"icon.default\">\n\t\t\t\t<div class=\"elementor-widget-container\">\n\t\t\t\t\t\t\t<div class=\"elementor-icon-wrapper\">\n\t\t\t<div class=\"elementor-icon\">\n\t\t\t<i aria-hidden=\"true\" class=\"vamtamtheme- vamtam-theme-quote-start\"><\/i>\t\t\t<\/div>\n\t\t<\/div>\n\t\t\t\t\t\t<\/div>\n\t\t\t\t<\/div>\n\t\t\t\t<div class=\"elementor-element elementor-element-dba2ead elementor-widget elementor-widget-text-editor\" data-id=\"dba2ead\" data-element_type=\"widget\" data-e-type=\"widget\" data-widget_type=\"text-editor.default\">\n\t\t\t\t<div class=\"elementor-widget-container\">\n\t\t\t\t\t\t\t\t\t<p>\"P\u00ebr \u00e7do informacion, shkruani n\u00eb WhatsApp: Gjith\u00e7ka q\u00eb ju nevojitet, n\u00eb koh\u00eb reale, n\u00eb nj\u00eb mesazh. Na kontaktoni dhe jemi gati t\u00eb ju ndihmojm\u00eb.\"<\/p>\t\t\t\t\t\t\t\t<\/div>\n\t\t\t\t<\/div>\n\t\t\t\t<div class=\"elementor-element elementor-element-6c52f21 elementor-widget-divider--view-line elementor-widget elementor-widget-divider\" data-id=\"6c52f21\" data-element_type=\"widget\" data-e-type=\"widget\" data-widget_type=\"divider.default\">\n\t\t\t\t<div class=\"elementor-widget-container\">\n\t\t\t\t\t\t\t<div class=\"elementor-divider\">\n\t\t\t<span class=\"elementor-divider-separator\">\n\t\t\t\t\t\t<\/span>\n\t\t<\/div>\n\t\t\t\t\t\t<\/div>\n\t\t\t\t<\/div>\n\t\t\t\t<div class=\"vamtam-has-theme-widget-styles elementor-element elementor-element-a077042 elementor-widget__width-auto vamtam-has-underline-anim elementor-widget elementor-widget-button\" data-id=\"a077042\" data-element_type=\"widget\" data-e-type=\"widget\" data-widget_type=\"button.default\">\n\t\t\t\t<div class=\"elementor-widget-container\">\n\t\t\t\t\t\t\t\t\t<div class=\"elementor-button-wrapper\">\n\t\t\t\t\t<a class=\"elementor-button elementor-button-link elementor-size-md\" href=\"https:\/\/wa.me\/355694000260\">\n\t\t\t\t\t\t<span class=\"elementor-button-content-wrapper\">\n\t\t\t\t\t\t<span class=\"elementor-button-icon\">\n\t\t\t\t<i aria-hidden=\"true\" class=\"vamtamtheme- vamtam-theme-icon-arrow-right-top\"><\/i>\t\t\t<\/span>\n\t\t\t\t\t\t\t\t\t<span class=\"elementor-button-text\">Kontaktoni WhatsApp<\/span>\n\t\t\t\t\t<\/span>\n\t\t\t\t\t<\/a>\n\t\t\t\t<\/div>\n\t\t\t\t\t\t\t\t<\/div>\n\t\t\t\t<\/div>\n\t\t\t\t<div class=\"elementor-element elementor-element-230e49d elementor-widget__width-auto elementor-widget elementor-widget-heading\" data-id=\"230e49d\" data-element_type=\"widget\" data-e-type=\"widget\" data-widget_type=\"heading.default\">\n\t\t\t\t<div class=\"elementor-widget-container\">\n\t\t\t\t\t<span class=\"elementor-heading-title elementor-size-default\">Albania Distribution Chemicals\n<\/span>\t\t\t\t<\/div>\n\t\t\t\t<\/div>\n\t\t\t\t\t<\/div>\n\t\t<\/div>\n\t\t\t\t\t<\/div>\n\t\t<\/section>\n\t\t\t\t\t<\/div>\n\t\t<\/div>\n\t\t\t\t\t<\/div>\n\t\t<\/section>\n\t\t\t\t<section class=\"elementor-section elementor-top-section elementor-element elementor-element-b3fd502 elementor-section-boxed elementor-section-height-default elementor-section-height-default\" data-id=\"b3fd502\" data-element_type=\"section\" data-e-type=\"section\">\n\t\t\t\t\t\t<div class=\"elementor-container elementor-column-gap-default\">\n\t\t\t\t\t<div class=\"elementor-column elementor-col-100 elementor-top-column elementor-element elementor-element-a879885\" data-id=\"a879885\" data-element_type=\"column\" data-e-type=\"column\">\n\t\t\t<div class=\"elementor-widget-wrap elementor-element-populated\">\n\t\t\t\t\t\t<div class=\"elementor-element elementor-element-4a3fe1c elementor-widget elementor-widget-spacer\" data-id=\"4a3fe1c\" data-element_type=\"widget\" data-e-type=\"widget\" data-widget_type=\"spacer.default\">\n\t\t\t\t<div class=\"elementor-widget-container\">\n\t\t\t\t\t\t\t<div class=\"elementor-spacer\">\n\t\t\t<div class=\"elementor-spacer-inner\"><\/div>\n\t\t<\/div>\n\t\t\t\t\t\t<\/div>\n\t\t\t\t<\/div>\n\t\t\t\t<div class=\"vamtam-has-theme-widget-styles elementor-element elementor-element-feed2fe elementor-widget elementor-widget-image\" data-id=\"feed2fe\" data-element_type=\"widget\" data-e-type=\"widget\" data-widget_type=\"image.default\">\n\t\t\t\t<div class=\"elementor-widget-container\">\n\t\t\t\t\t\t\t\t\t<div class=\"elementor-image\">\n\t\t\t\t\t\t\t\t\t\t\t\t\t\t\t\t\t\t\t\t\t<img fetchpriority=\"high\" decoding=\"async\" width=\"8000\" height=\"1355\" src=\"https:\/\/adchem.al\/wp-content\/uploads\/2023\/06\/baner-albania-distribution-chemicals-01.png\" class=\"attachment-full size-full wp-image-987764\" alt=\"\" srcset=\"https:\/\/adchem.al\/wp-content\/uploads\/2023\/06\/baner-albania-distribution-chemicals-01.png 8000w, https:\/\/adchem.al\/wp-content\/uploads\/2023\/06\/baner-albania-distribution-chemicals-01-300x51.png 300w, https:\/\/adchem.al\/wp-content\/uploads\/2023\/06\/baner-albania-distribution-chemicals-01-1024x173.png 1024w, https:\/\/adchem.al\/wp-content\/uploads\/2023\/06\/baner-albania-distribution-chemicals-01-768x130.png 768w, https:\/\/adchem.al\/wp-content\/uploads\/2023\/06\/baner-albania-distribution-chemicals-01-1536x260.png 1536w, https:\/\/adchem.al\/wp-content\/uploads\/2023\/06\/baner-albania-distribution-chemicals-01-2048x347.png 2048w\" sizes=\"(max-width: 8000px) 100vw, 8000px\" \/>\t\t\t\t\t\t\t\t\t\t\t\t\t\t\t\t\t\t\t\t\t\t\t\t<\/div>\n\t\t\t\t\t\t\t\t<\/div>\n\t\t\t\t<\/div>\n\t\t\t\t\t<\/div>\n\t\t<\/div>\n\t\t\t\t\t<\/div>\n\t\t<\/section>\n\t\t\t\t<\/div>","protected":false},"excerpt":{"rendered":"<p>Produkti: Hidroksid alumini<\/p>\n<p>Formula Kimike: Al(OH)3<\/p>\n<p>Informacion rreth produktit:<\/p>\n<p>\u2013 P\u00ebrb\u00ebrja kimike: Hidroksidi i aluminit \u00ebsht\u00eb nj\u00eb p\u00ebrb\u00ebrje inorganike e p\u00ebrb\u00ebr\u00eb nga jonet e aluminit (Al) dhe hidroksidit (OH).<br \/>\n\u2013 Pamja: Gjendet zakonisht si pluhur ose granula e bardh\u00eb, pa er\u00eb.<br \/>\n\u2013 I patretsh\u00ebm n\u00eb uj\u00eb: Hidroksidi i aluminit \u00ebsht\u00eb i pazgjidhsh\u00ebm n\u00eb uj\u00eb, q\u00eb do t\u00eb thot\u00eb se nuk tretet leht\u00ebsisht n\u00eb uj\u00eb.<br \/>\n\u2013 Vetit\u00eb amfoterike: Shfaq veti amfoterike, duke vepruar edhe si baz\u00eb edhe si acid n\u00eb var\u00ebsi t\u00eb kushteve t\u00eb reagimit.<br \/>\n\u2013 Retardant i flak\u00ebs: Hidroksidi i aluminit \u00ebsht\u00eb i njohur p\u00ebr vetit\u00eb e tij rezistente ndaj flak\u00ebs dhe p\u00ebrdoret n\u00eb aplikime t\u00eb ndryshme q\u00eb k\u00ebrkojn\u00eb rezistenc\u00eb ndaj zjarrit.<\/p>","protected":false},"author":2,"featured_media":987978,"parent":987952,"menu_order":0,"comment_status":"closed","ping_status":"closed","template":"","meta":{"inline_featured_image":false,"footnotes":""},"class_list":["post-987973","page","type-page","status-publish","has-post-thumbnail","hentry"],"yoast_head":"<!-- This site is optimized with the Yoast SEO plugin v27.4 - https:\/\/yoast.com\/product\/yoast-seo-wordpress\/ -->\n<title>Aluminum Hydroxide | Albania Distribution Chemicals<\/title>\n<meta name=\"robots\" content=\"index, follow, max-snippet:-1, max-image-preview:large, max-video-preview:-1\" \/>\n<link rel=\"canonical\" href=\"https:\/\/adchem.al\/al\/basic-chemicals\/aluminum-hydroxide\/\" \/>\n<meta property=\"og:locale\" content=\"sq_AL\" \/>\n<meta property=\"og:type\" content=\"article\" \/>\n<meta property=\"og:title\" content=\"Aluminum Hydroxide | Albania Distribution Chemicals\" \/>\n<meta property=\"og:description\" content=\"Product: Aluminum Hydroxide Chemical Formula: Al(OH)3 Information about the product: - Chemical Compound: Aluminum hydroxide is an inorganic compound composed of aluminum (Al) and hydroxide (OH) ions. - Appearance: It is commonly found as a white, odorless powder or granules. - Insoluble in Water: Aluminum hydroxide is insoluble in water, meaning it does not readily dissolve in water. - Amphoteric Properties: It exhibits amphoteric properties, acting as both a base and an acid depending on the reaction conditions. - Flame Retardant: Aluminum hydroxide is known for its flame-retardant properties and is used in various applications requiring fire resistance.\" \/>\n<meta property=\"og:url\" content=\"https:\/\/adchem.al\/al\/basic-chemicals\/aluminum-hydroxide\/\" \/>\n<meta property=\"og:site_name\" content=\"Albania Distribution Chemicals\" \/>\n<meta property=\"article:publisher\" content=\"https:\/\/www.facebook.com\/albaniadistributionchem\/?ref=py_c\" \/>\n<meta property=\"article:modified_time\" content=\"2023-06-27T19:34:43+00:00\" \/>\n<meta property=\"og:image\" content=\"https:\/\/adchem.al\/wp-content\/uploads\/2023\/06\/adchem-wallpaper-home.webp-2.webp\" \/>\n\t<meta property=\"og:image:width\" content=\"2560\" \/>\n\t<meta property=\"og:image:height\" content=\"1244\" \/>\n\t<meta property=\"og:image:type\" content=\"image\/webp\" \/>\n<meta name=\"twitter:card\" content=\"summary_large_image\" \/>\n<script type=\"application\/ld+json\" class=\"yoast-schema-graph\">{\"@context\":\"https:\\\/\\\/schema.org\",\"@graph\":[{\"@type\":\"WebPage\",\"@id\":\"https:\\\/\\\/adchem.al\\\/basic-chemicals\\\/aluminum-hydroxide\\\/\",\"url\":\"https:\\\/\\\/adchem.al\\\/basic-chemicals\\\/aluminum-hydroxide\\\/\",\"name\":\"Aluminum Hydroxide | Albania Distribution Chemicals\",\"isPartOf\":{\"@id\":\"https:\\\/\\\/adchem.al\\\/#website\"},\"primaryImageOfPage\":{\"@id\":\"https:\\\/\\\/adchem.al\\\/basic-chemicals\\\/aluminum-hydroxide\\\/#primaryimage\"},\"image\":{\"@id\":\"https:\\\/\\\/adchem.al\\\/basic-chemicals\\\/aluminum-hydroxide\\\/#primaryimage\"},\"thumbnailUrl\":\"https:\\\/\\\/adchem.al\\\/wp-content\\\/uploads\\\/2023\\\/06\\\/Aluminiumhydroxid.svg\",\"datePublished\":\"2023-06-24T12:32:45+00:00\",\"dateModified\":\"2023-06-27T19:34:43+00:00\",\"breadcrumb\":{\"@id\":\"https:\\\/\\\/adchem.al\\\/basic-chemicals\\\/aluminum-hydroxide\\\/#breadcrumb\"},\"inLanguage\":\"sq\",\"potentialAction\":[{\"@type\":\"ReadAction\",\"target\":[\"https:\\\/\\\/adchem.al\\\/basic-chemicals\\\/aluminum-hydroxide\\\/\"]}]},{\"@type\":\"ImageObject\",\"inLanguage\":\"sq\",\"@id\":\"https:\\\/\\\/adchem.al\\\/basic-chemicals\\\/aluminum-hydroxide\\\/#primaryimage\",\"url\":\"https:\\\/\\\/adchem.al\\\/wp-content\\\/uploads\\\/2023\\\/06\\\/Aluminiumhydroxid.svg\",\"contentUrl\":\"https:\\\/\\\/adchem.al\\\/wp-content\\\/uploads\\\/2023\\\/06\\\/Aluminiumhydroxid.svg\",\"width\":46,\"height\":35},{\"@type\":\"BreadcrumbList\",\"@id\":\"https:\\\/\\\/adchem.al\\\/basic-chemicals\\\/aluminum-hydroxide\\\/#breadcrumb\",\"itemListElement\":[{\"@type\":\"ListItem\",\"position\":1,\"name\":\"Home\",\"item\":\"https:\\\/\\\/adchem.al\\\/\"},{\"@type\":\"ListItem\",\"position\":2,\"name\":\"Basic Chemicals\",\"item\":\"https:\\\/\\\/adchem.al\\\/al\\\/basic-chemicals\\\/\"},{\"@type\":\"ListItem\",\"position\":3,\"name\":\"Aluminum Hydroxide\"}]},{\"@type\":\"WebSite\",\"@id\":\"https:\\\/\\\/adchem.al\\\/#website\",\"url\":\"https:\\\/\\\/adchem.al\\\/\",\"name\":\"Albania Distribution Chemicals\",\"description\":\"&quot;Excellence in Chemical Distribution&quot;\",\"publisher\":{\"@id\":\"https:\\\/\\\/adchem.al\\\/#organization\"},\"alternateName\":\"ADC\",\"potentialAction\":[{\"@type\":\"SearchAction\",\"target\":{\"@type\":\"EntryPoint\",\"urlTemplate\":\"https:\\\/\\\/adchem.al\\\/?s={search_term_string}\"},\"query-input\":{\"@type\":\"PropertyValueSpecification\",\"valueRequired\":true,\"valueName\":\"search_term_string\"}}],\"inLanguage\":\"sq\"},{\"@type\":\"Organization\",\"@id\":\"https:\\\/\\\/adchem.al\\\/#organization\",\"name\":\"Albania Distribution Chemicals\",\"alternateName\":\"ADC\",\"url\":\"https:\\\/\\\/adchem.al\\\/\",\"logo\":{\"@type\":\"ImageObject\",\"inLanguage\":\"sq\",\"@id\":\"https:\\\/\\\/adchem.al\\\/#\\\/schema\\\/logo\\\/image\\\/\",\"url\":\"https:\\\/\\\/adchem.al\\\/wp-content\\\/uploads\\\/2022\\\/09\\\/Albania-Distribution-Chemicals-Logo-01.png\",\"contentUrl\":\"https:\\\/\\\/adchem.al\\\/wp-content\\\/uploads\\\/2022\\\/09\\\/Albania-Distribution-Chemicals-Logo-01.png\",\"width\":308,\"height\":104,\"caption\":\"Albania Distribution Chemicals\"},\"image\":{\"@id\":\"https:\\\/\\\/adchem.al\\\/#\\\/schema\\\/logo\\\/image\\\/\"},\"sameAs\":[\"https:\\\/\\\/www.facebook.com\\\/albaniadistributionchem\\\/?ref=py_c\",\"https:\\\/\\\/www.instagram.com\\\/albania_distribution_chemicals\\\/\"]}]}<\/script>\n<!-- \/ Yoast SEO plugin. -->","yoast_head_json":{"title":"Aluminum Hydroxide | Albania Distribution Chemicals","robots":{"index":"index","follow":"follow","max-snippet":"max-snippet:-1","max-image-preview":"max-image-preview:large","max-video-preview":"max-video-preview:-1"},"canonical":"https:\/\/adchem.al\/al\/basic-chemicals\/aluminum-hydroxide\/","og_locale":"sq_AL","og_type":"article","og_title":"Aluminum Hydroxide | Albania Distribution Chemicals","og_description":"Product: Aluminum Hydroxide Chemical Formula: Al(OH)3 Information about the product: - Chemical Compound: Aluminum hydroxide is an inorganic compound composed of aluminum (Al) and hydroxide (OH) ions. - Appearance: It is commonly found as a white, odorless powder or granules. - Insoluble in Water: Aluminum hydroxide is insoluble in water, meaning it does not readily dissolve in water. - Amphoteric Properties: It exhibits amphoteric properties, acting as both a base and an acid depending on the reaction conditions. - Flame Retardant: Aluminum hydroxide is known for its flame-retardant properties and is used in various applications requiring fire resistance.","og_url":"https:\/\/adchem.al\/al\/basic-chemicals\/aluminum-hydroxide\/","og_site_name":"Albania Distribution Chemicals","article_publisher":"https:\/\/www.facebook.com\/albaniadistributionchem\/?ref=py_c","article_modified_time":"2023-06-27T19:34:43+00:00","og_image":[{"width":2560,"height":1244,"url":"https:\/\/adchem.al\/wp-content\/uploads\/2023\/06\/adchem-wallpaper-home.webp-2.webp","type":"image\/webp"}],"twitter_card":"summary_large_image","schema":{"@context":"https:\/\/schema.org","@graph":[{"@type":"WebPage","@id":"https:\/\/adchem.al\/basic-chemicals\/aluminum-hydroxide\/","url":"https:\/\/adchem.al\/basic-chemicals\/aluminum-hydroxide\/","name":"Aluminum Hydroxide | Albania Distribution Chemicals","isPartOf":{"@id":"https:\/\/adchem.al\/#website"},"primaryImageOfPage":{"@id":"https:\/\/adchem.al\/basic-chemicals\/aluminum-hydroxide\/#primaryimage"},"image":{"@id":"https:\/\/adchem.al\/basic-chemicals\/aluminum-hydroxide\/#primaryimage"},"thumbnailUrl":"https:\/\/adchem.al\/wp-content\/uploads\/2023\/06\/Aluminiumhydroxid.svg","datePublished":"2023-06-24T12:32:45+00:00","dateModified":"2023-06-27T19:34:43+00:00","breadcrumb":{"@id":"https:\/\/adchem.al\/basic-chemicals\/aluminum-hydroxide\/#breadcrumb"},"inLanguage":"sq","potentialAction":[{"@type":"ReadAction","target":["https:\/\/adchem.al\/basic-chemicals\/aluminum-hydroxide\/"]}]},{"@type":"ImageObject","inLanguage":"sq","@id":"https:\/\/adchem.al\/basic-chemicals\/aluminum-hydroxide\/#primaryimage","url":"https:\/\/adchem.al\/wp-content\/uploads\/2023\/06\/Aluminiumhydroxid.svg","contentUrl":"https:\/\/adchem.al\/wp-content\/uploads\/2023\/06\/Aluminiumhydroxid.svg","width":46,"height":35},{"@type":"BreadcrumbList","@id":"https:\/\/adchem.al\/basic-chemicals\/aluminum-hydroxide\/#breadcrumb","itemListElement":[{"@type":"ListItem","position":1,"name":"Home","item":"https:\/\/adchem.al\/"},{"@type":"ListItem","position":2,"name":"Basic Chemicals","item":"https:\/\/adchem.al\/al\/basic-chemicals\/"},{"@type":"ListItem","position":3,"name":"Aluminum Hydroxide"}]},{"@type":"WebSite","@id":"https:\/\/adchem.al\/#website","url":"https:\/\/adchem.al\/","name":"Albania Distribution Chemicals","description":"&quot;Excellence in Chemical Distribution&quot;","publisher":{"@id":"https:\/\/adchem.al\/#organization"},"alternateName":"ADC","potentialAction":[{"@type":"SearchAction","target":{"@type":"EntryPoint","urlTemplate":"https:\/\/adchem.al\/?s={search_term_string}"},"query-input":{"@type":"PropertyValueSpecification","valueRequired":true,"valueName":"search_term_string"}}],"inLanguage":"sq"},{"@type":"Organization","@id":"https:\/\/adchem.al\/#organization","name":"Albania Distribution Chemicals","alternateName":"ADC","url":"https:\/\/adchem.al\/","logo":{"@type":"ImageObject","inLanguage":"sq","@id":"https:\/\/adchem.al\/#\/schema\/logo\/image\/","url":"https:\/\/adchem.al\/wp-content\/uploads\/2022\/09\/Albania-Distribution-Chemicals-Logo-01.png","contentUrl":"https:\/\/adchem.al\/wp-content\/uploads\/2022\/09\/Albania-Distribution-Chemicals-Logo-01.png","width":308,"height":104,"caption":"Albania Distribution Chemicals"},"image":{"@id":"https:\/\/adchem.al\/#\/schema\/logo\/image\/"},"sameAs":["https:\/\/www.facebook.com\/albaniadistributionchem\/?ref=py_c","https:\/\/www.instagram.com\/albania_distribution_chemicals\/"]}]}},"_links":{"self":[{"href":"https:\/\/adchem.al\/al\/wp-json\/wp\/v2\/pages\/987973","targetHints":{"allow":["GET"]}}],"collection":[{"href":"https:\/\/adchem.al\/al\/wp-json\/wp\/v2\/pages"}],"about":[{"href":"https:\/\/adchem.al\/al\/wp-json\/wp\/v2\/types\/page"}],"author":[{"embeddable":true,"href":"https:\/\/adchem.al\/al\/wp-json\/wp\/v2\/users\/2"}],"replies":[{"embeddable":true,"href":"https:\/\/adchem.al\/al\/wp-json\/wp\/v2\/comments?post=987973"}],"version-history":[{"count":11,"href":"https:\/\/adchem.al\/al\/wp-json\/wp\/v2\/pages\/987973\/revisions"}],"predecessor-version":[{"id":989150,"href":"https:\/\/adchem.al\/al\/wp-json\/wp\/v2\/pages\/987973\/revisions\/989150"}],"up":[{"embeddable":true,"href":"https:\/\/adchem.al\/al\/wp-json\/wp\/v2\/pages\/987952"}],"wp:featuredmedia":[{"embeddable":true,"href":"https:\/\/adchem.al\/al\/wp-json\/wp\/v2\/media\/987978"}],"wp:attachment":[{"href":"https:\/\/adchem.al\/al\/wp-json\/wp\/v2\/media?parent=987973"}],"curies":[{"name":"wp","href":"https:\/\/api.w.org\/{rel}","templated":true}]}}