{"id":987954,"date":"2023-06-24T12:11:39","date_gmt":"2023-06-24T12:11:39","guid":{"rendered":"https:\/\/adchem.al\/?page_id=987954"},"modified":"2023-06-27T19:20:51","modified_gmt":"2023-06-27T19:20:51","slug":"acetic-acid-80","status":"publish","type":"page","link":"https:\/\/adchem.al\/al\/basic-chemicals\/acetic-acid-80\/","title":{"rendered":"Acidi Acetik 80%"},"content":{"rendered":"<div data-elementor-type=\"wp-page\" data-elementor-id=\"987954\" class=\"elementor elementor-987954\" data-elementor-post-type=\"page\">\n\t\t\t\t\t\t<section class=\"elementor-section elementor-top-section elementor-element elementor-element-37858afc elementor-section-full_width elementor-section-height-default elementor-section-height-default\" data-id=\"37858afc\" data-element_type=\"section\" data-e-type=\"section\">\n\t\t\t\t\t\t<div class=\"elementor-container elementor-column-gap-no\">\n\t\t\t\t\t<div class=\"elementor-column elementor-col-100 elementor-top-column elementor-element elementor-element-60bb79bd\" data-id=\"60bb79bd\" data-element_type=\"column\" data-e-type=\"column\">\n\t\t\t<div class=\"elementor-widget-wrap elementor-element-populated\">\n\t\t\t\t\t\t<div class=\"vamtam-has-theme-widget-styles elementor-element elementor-element-86d4d6c elementor-widget elementor-widget-image\" data-id=\"86d4d6c\" data-element_type=\"widget\" data-e-type=\"widget\" data-widget_type=\"image.default\">\n\t\t\t\t<div class=\"elementor-widget-container\">\n\t\t\t\t\t\t\t\t\t<div class=\"elementor-image\">\n\t\t\t\t\t\t\t\t\t\t\t\t\t\t\t\t<figure class=\"wp-caption\">\n\t\t\t\t\t\t\t\t\t\t\t\t\t\t\t\t<img fetchpriority=\"high\" width=\"181\" height=\"359\" src=\"https:\/\/adchem.al\/wp-content\/uploads\/2023\/06\/Acetic_Acid.svg\" class=\"attachment-full size-full wp-image-987956\" alt=\"\" decoding=\"async\" \/>\t\t\t\t\t\t\t\t\t\t\t\t\t\t\t\t\t<figcaption class=\"widget-image-caption wp-caption-text\">Albania Distribution Chemicals<\/figcaption>\n\t\t\t\t\t\t\t\t\t\t\t\t\t\t\t\t<\/figure>\n\t\t\t\t\t\t\t\t\t\t\t\t\t\t<\/div>\n\t\t\t\t\t\t\t\t<\/div>\n\t\t\t\t<\/div>\n\t\t\t\t<div class=\"elementor-element elementor-element-61992a9a elementor-widget elementor-widget-text-editor\" data-id=\"61992a9a\" data-element_type=\"widget\" data-e-type=\"widget\" data-widget_type=\"text-editor.default\">\n\t\t\t\t<div class=\"elementor-widget-container\">\n\t\t\t\t\t\t\t\t\t<div class=\"woocommerce-product-details__short-description\"><p><strong>Produkti: Acid acetik 80%<\/strong><\/p><p><strong>Formula Kimike: CH3COOH<\/strong><\/p><p><strong>Informacion rreth produktit:<\/strong><\/p><p>\u2013 Acidi organik: Acidi acetik \u00ebsht\u00eb nj\u00eb acid organik q\u00eb zakonisht njihet si uthull kur hollohet.<br \/>\u2013 L\u00ebng pa ngjyr\u00eb: N\u00eb form\u00ebn e tij t\u00eb past\u00ebr, \u00ebsht\u00eb nj\u00eb l\u00ebng i past\u00ebr dhe i pangjyr\u00eb me er\u00eb t\u00eb fort\u00eb dhe t\u00eb ath\u00ebt.<br \/>\u2013 Tretshm\u00ebria: \u00cbsht\u00eb shum\u00eb i tretsh\u00ebm n\u00eb uj\u00eb dhe i p\u00ebrzier me shum\u00eb tret\u00ebs organik\u00eb.<br \/>\u2013 Vetit\u00eb e forta acidike: Acidi acetik \u00ebsht\u00eb nj\u00eb acid i dob\u00ebt, por megjithat\u00eb shfaq veti t\u00eb forta acidike, i aft\u00eb t\u00eb g\u00ebrryej\u00eb metalet dhe t\u00eb shkaktoj\u00eb djegie.<br \/>\u2013 Ndodhja natyrore: \u00cbsht\u00eb i pranish\u00ebm natyrsh\u00ebm n\u00eb produkte t\u00eb ndryshme ushqimore, duke p\u00ebrfshir\u00eb frutat, uthull\u00ebn dhe pijet e fermentuara.<\/p><p><strong>Informacion p\u00ebr sektorin e p\u00ebrdorimit t\u00eb produktit:<\/strong><\/p><p>1. Industria e ushqimit dhe pijeve:<br \/>\u2013 Konservues i ushqimit: Acidi acetik p\u00ebrdoret si nj\u00eb ruajt\u00ebs natyral p\u00ebr t\u00eb penguar rritjen e baktereve dhe k\u00ebrpudhave n\u00eb produktet ushqimore, duke zgjatur jet\u00ebgjat\u00ebsin\u00eb e tyre.<br \/>\u2013 P\u00ebrmir\u00ebsues i shijes: I shton nj\u00eb shije t\u00eb mpreht\u00eb dhe t\u00eb thart\u00eb shum\u00eb produkteve ushqimore dhe pijeve, duke rritur profilin e tyre t\u00eb shijes.<br \/>\u2013 Acidulant: Acidi acetik p\u00ebrdoret si nj\u00eb acidulant n\u00eb salcat, salcat, marinadat dhe produktet turshi.<\/p><p>2. Industria farmaceutike:<br \/>\u2013 Sinteza Kimike: Sh\u00ebrben si l\u00ebnd\u00eb fillestare ose reagent n\u00eb sintez\u00ebn e p\u00ebrb\u00ebrjeve t\u00eb ndryshme farmaceutike.<br \/>\u2013 Rregullues pH: Acidi acetik p\u00ebrdoret p\u00ebr t\u00eb rregulluar dhe rregulluar nivelin e pH n\u00eb formulimet farmaceutike.<\/p><p>3. Produktet e pastrimit dhe sht\u00ebpiake:<br \/>\u2013 Agjent pastrues: Acidi acetik p\u00ebrdoret si agjent pastrimi n\u00eb produktet e pastrimit t\u00eb sht\u00ebpis\u00eb, si p\u00ebr shembull pastruesit e dritareve, p\u00ebr shkak t\u00eb aft\u00ebsis\u00eb s\u00eb tij p\u00ebr t\u00eb tretur depozitat minerale dhe p\u00ebr t\u00eb hequr njollat.<br \/>\u2013 Agjent pastrues: Mund t\u00eb p\u00ebrdoret p\u00ebr t\u00eb hequr akumulimin e g\u00eblqeres dhe mineraleve nga sip\u00ebrfaqet, pajisjet dhe tubat.<\/p><p>4. Industria e tekstilit dhe ngjyrosjes:<br \/>\u2013 Ngjyrosja e tekstilit: Acidi acetik p\u00ebrdoret n\u00eb industrin\u00eb e tekstilit si nj\u00eb mjet ndihm\u00ebs p\u00ebr proceset e ngjyrosjes dhe printimit, duke ndihmuar n\u00eb rregullimin e ngjyrave dhe p\u00ebrmir\u00ebsimin e q\u00ebndrueshm\u00ebris\u00eb s\u00eb ngjyrave.<\/p><p>5. Bujq\u00ebsia dhe Hortikultura:<br \/>\u2013 Kontrolli i bar\u00ebrave t\u00eb k\u00ebqija: Acidi acetik mund t\u00eb p\u00ebrdoret si nj\u00eb herbicid jo selektiv p\u00ebr t\u00eb kontrolluar dhe vrar\u00eb bar\u00ebrat e k\u00ebqija n\u00eb mjediset bujq\u00ebsore dhe hortikulturore.<br \/>\u2013 Rregullimi i pH: Mund t\u00eb aplikohet p\u00ebr t\u00eb rregulluar pH-n\u00eb e tok\u00ebs p\u00ebr bim\u00eb t\u00eb caktuara q\u00eb preferojn\u00eb kushte acidike.<\/p><p>6. Aplikacionet industriale:<br \/>\u2013 Prodhimi: Acidi acetik p\u00ebrdoret n\u00eb prodhimin e kimikateve t\u00eb ndryshme, tret\u00ebsve dhe plastik\u00ebs, duke p\u00ebrfshir\u00eb acetat vinyl, acetat celuloz\u00eb dhe fibra sintetike.<\/p><p>7. Laboratori dhe K\u00ebrkimi:<br \/>\u2013 Kimia analitike: Acidi acetik p\u00ebrdoret n\u00eb analiza dhe eksperimente t\u00eb ndryshme laboratorike, ve\u00e7an\u00ebrisht n\u00eb titrimet acido-bazike dhe si tret\u00ebs ose reagent.<\/p><p>8. Industria e drurit:<br \/>\u2013 Konservues druri: Acidi acetik, n\u00eb form\u00ebn e uthull\u00ebs, mund t\u00eb p\u00ebrdoret si ruajt\u00ebs natyral i drurit p\u00ebr t\u00eb mbrojtur kund\u00ebr sulmeve t\u00eb k\u00ebrpudhave dhe insekteve.<\/p><p>9. Industria e metaleve:<br \/>\u2013 Etchant: Acidi acetik mund t\u00eb p\u00ebrdoret si nj\u00eb agjent gravur\u00eb p\u00ebr t\u00eb hequr oksidet dhe shkall\u00ebt nga sip\u00ebrfaqet metalike p\u00ebrpara p\u00ebrpunimit ose veshjes s\u00eb m\u00ebtejshme.<\/p><p>10. Trajtimi i Mbetjeve dhe Menaxhimi i Uj\u00ebrave:<br \/>\u2013 Trajtimi i uj\u00ebrave t\u00eb zeza: Acidi acetik mund t\u00eb p\u00ebrdoret n\u00eb proceset e trajtimit t\u00eb uj\u00ebrave t\u00eb zeza p\u00ebr t\u00eb rregulluar nivelet e pH dhe p\u00ebr t\u00eb neutralizuar uj\u00ebrat e zeza alkaline.<\/p><p>Kur punoni me acid acetik, \u00ebsht\u00eb thelb\u00ebsore t\u00eb ndiqni masat e duhura t\u00eb trajtimit, ruajtjes dhe siguris\u00eb p\u00ebr shkak t\u00eb natyr\u00ebs s\u00eb tij g\u00ebrryese dhe rreziqeve t\u00eb mundshme p\u00ebr sh\u00ebndetin.<\/p><\/div><div class=\"product_meta\">\u00a0<\/div>\t\t\t\t\t\t\t\t<\/div>\n\t\t\t\t<\/div>\n\t\t\t\t<section class=\"elementor-section elementor-inner-section elementor-element elementor-element-e27db3b elementor-section-boxed elementor-section-height-default elementor-section-height-default\" data-id=\"e27db3b\" data-element_type=\"section\" data-e-type=\"section\" data-settings=\"{&quot;background_background&quot;:&quot;classic&quot;}\">\n\t\t\t\t\t\t<div class=\"elementor-container elementor-column-gap-no\">\n\t\t\t\t\t<div class=\"elementor-column elementor-col-100 elementor-inner-column elementor-element elementor-element-bb242d0\" data-id=\"bb242d0\" data-element_type=\"column\" data-e-type=\"column\">\n\t\t\t<div class=\"elementor-widget-wrap elementor-element-populated\">\n\t\t\t\t\t\t<div class=\"elementor-element elementor-element-b6f87dd elementor-view-default elementor-widget elementor-widget-icon\" data-id=\"b6f87dd\" data-element_type=\"widget\" data-e-type=\"widget\" data-widget_type=\"icon.default\">\n\t\t\t\t<div class=\"elementor-widget-container\">\n\t\t\t\t\t\t\t<div class=\"elementor-icon-wrapper\">\n\t\t\t<div class=\"elementor-icon\">\n\t\t\t<i aria-hidden=\"true\" class=\"vamtamtheme- vamtam-theme-quote-start\"><\/i>\t\t\t<\/div>\n\t\t<\/div>\n\t\t\t\t\t\t<\/div>\n\t\t\t\t<\/div>\n\t\t\t\t<div class=\"elementor-element elementor-element-7cf216e elementor-widget elementor-widget-text-editor\" data-id=\"7cf216e\" data-element_type=\"widget\" data-e-type=\"widget\" data-widget_type=\"text-editor.default\">\n\t\t\t\t<div class=\"elementor-widget-container\">\n\t\t\t\t\t\t\t\t\t<p>\"P\u00ebr \u00e7do informacion, shkruani n\u00eb WhatsApp: Gjith\u00e7ka q\u00eb ju nevojitet, n\u00eb koh\u00eb reale, n\u00eb nj\u00eb mesazh. Na kontaktoni dhe jemi gati t\u00eb ju ndihmojm\u00eb.\"<\/p>\t\t\t\t\t\t\t\t<\/div>\n\t\t\t\t<\/div>\n\t\t\t\t<div class=\"elementor-element elementor-element-da5c4a2 elementor-widget-divider--view-line elementor-widget elementor-widget-divider\" data-id=\"da5c4a2\" data-element_type=\"widget\" data-e-type=\"widget\" data-widget_type=\"divider.default\">\n\t\t\t\t<div class=\"elementor-widget-container\">\n\t\t\t\t\t\t\t<div class=\"elementor-divider\">\n\t\t\t<span class=\"elementor-divider-separator\">\n\t\t\t\t\t\t<\/span>\n\t\t<\/div>\n\t\t\t\t\t\t<\/div>\n\t\t\t\t<\/div>\n\t\t\t\t<div class=\"vamtam-has-theme-widget-styles elementor-element elementor-element-c6726ac elementor-widget__width-auto vamtam-has-underline-anim elementor-widget elementor-widget-button\" data-id=\"c6726ac\" data-element_type=\"widget\" data-e-type=\"widget\" data-widget_type=\"button.default\">\n\t\t\t\t<div class=\"elementor-widget-container\">\n\t\t\t\t\t\t\t\t\t<div class=\"elementor-button-wrapper\">\n\t\t\t\t\t<a class=\"elementor-button elementor-button-link elementor-size-md\" href=\"https:\/\/wa.me\/355694000260\">\n\t\t\t\t\t\t<span class=\"elementor-button-content-wrapper\">\n\t\t\t\t\t\t<span class=\"elementor-button-icon\">\n\t\t\t\t<i aria-hidden=\"true\" class=\"vamtamtheme- vamtam-theme-icon-arrow-right-top\"><\/i>\t\t\t<\/span>\n\t\t\t\t\t\t\t\t\t<span class=\"elementor-button-text\">Kontaktoni WhatsApp<\/span>\n\t\t\t\t\t<\/span>\n\t\t\t\t\t<\/a>\n\t\t\t\t<\/div>\n\t\t\t\t\t\t\t\t<\/div>\n\t\t\t\t<\/div>\n\t\t\t\t<div class=\"elementor-element elementor-element-92a5331 elementor-widget__width-auto elementor-widget elementor-widget-heading\" data-id=\"92a5331\" data-element_type=\"widget\" data-e-type=\"widget\" data-widget_type=\"heading.default\">\n\t\t\t\t<div class=\"elementor-widget-container\">\n\t\t\t\t\t<span class=\"elementor-heading-title elementor-size-default\">Albania Distribution Chemicals\n<\/span>\t\t\t\t<\/div>\n\t\t\t\t<\/div>\n\t\t\t\t\t<\/div>\n\t\t<\/div>\n\t\t\t\t\t<\/div>\n\t\t<\/section>\n\t\t\t\t\t<\/div>\n\t\t<\/div>\n\t\t\t\t\t<\/div>\n\t\t<\/section>\n\t\t\t\t<section class=\"elementor-section elementor-top-section elementor-element elementor-element-b3fd502 elementor-section-boxed elementor-section-height-default elementor-section-height-default\" data-id=\"b3fd502\" data-element_type=\"section\" data-e-type=\"section\">\n\t\t\t\t\t\t<div class=\"elementor-container elementor-column-gap-default\">\n\t\t\t\t\t<div class=\"elementor-column elementor-col-100 elementor-top-column elementor-element elementor-element-a879885\" data-id=\"a879885\" data-element_type=\"column\" data-e-type=\"column\">\n\t\t\t<div class=\"elementor-widget-wrap elementor-element-populated\">\n\t\t\t\t\t\t<div class=\"elementor-element elementor-element-4a3fe1c elementor-widget elementor-widget-spacer\" data-id=\"4a3fe1c\" data-element_type=\"widget\" data-e-type=\"widget\" data-widget_type=\"spacer.default\">\n\t\t\t\t<div class=\"elementor-widget-container\">\n\t\t\t\t\t\t\t<div class=\"elementor-spacer\">\n\t\t\t<div class=\"elementor-spacer-inner\"><\/div>\n\t\t<\/div>\n\t\t\t\t\t\t<\/div>\n\t\t\t\t<\/div>\n\t\t\t\t<div class=\"vamtam-has-theme-widget-styles elementor-element elementor-element-feed2fe elementor-widget elementor-widget-image\" data-id=\"feed2fe\" data-element_type=\"widget\" data-e-type=\"widget\" data-widget_type=\"image.default\">\n\t\t\t\t<div class=\"elementor-widget-container\">\n\t\t\t\t\t\t\t\t\t<div class=\"elementor-image\">\n\t\t\t\t\t\t\t\t\t\t\t\t\t\t\t\t\t\t\t\t\t<img width=\"8000\" height=\"1355\" src=\"https:\/\/adchem.al\/wp-content\/uploads\/2023\/06\/baner-albania-distribution-chemicals-01.png\" class=\"attachment-full size-full wp-image-987764\" alt=\"\" decoding=\"async\" srcset=\"https:\/\/adchem.al\/wp-content\/uploads\/2023\/06\/baner-albania-distribution-chemicals-01.png 8000w, https:\/\/adchem.al\/wp-content\/uploads\/2023\/06\/baner-albania-distribution-chemicals-01-300x51.png 300w, https:\/\/adchem.al\/wp-content\/uploads\/2023\/06\/baner-albania-distribution-chemicals-01-1024x173.png 1024w, https:\/\/adchem.al\/wp-content\/uploads\/2023\/06\/baner-albania-distribution-chemicals-01-768x130.png 768w, https:\/\/adchem.al\/wp-content\/uploads\/2023\/06\/baner-albania-distribution-chemicals-01-1536x260.png 1536w, https:\/\/adchem.al\/wp-content\/uploads\/2023\/06\/baner-albania-distribution-chemicals-01-2048x347.png 2048w\" sizes=\"(max-width: 8000px) 100vw, 8000px\" \/>\t\t\t\t\t\t\t\t\t\t\t\t\t\t\t\t\t\t\t\t\t\t\t\t<\/div>\n\t\t\t\t\t\t\t\t<\/div>\n\t\t\t\t<\/div>\n\t\t\t\t\t<\/div>\n\t\t<\/div>\n\t\t\t\t\t<\/div>\n\t\t<\/section>\n\t\t\t\t<\/div>","protected":false},"excerpt":{"rendered":"<p>Produkti: Acid acetik 80%<\/p>\n<p>Formula Kimike: CH3COOH<\/p>\n<p>Informacion rreth produktit:<\/p>\n<p>\u2013 Acidi organik: Acidi acetik \u00ebsht\u00eb nj\u00eb acid organik q\u00eb zakonisht njihet si uthull kur hollohet.<br \/>\n\u2013 L\u00ebng pa ngjyr\u00eb: N\u00eb form\u00ebn e tij t\u00eb past\u00ebr, \u00ebsht\u00eb nj\u00eb l\u00ebng i past\u00ebr dhe i pangjyr\u00eb me er\u00eb t\u00eb fort\u00eb dhe t\u00eb ath\u00ebt.<br \/>\n\u2013 Tretshm\u00ebria: \u00cbsht\u00eb shum\u00eb i tretsh\u00ebm n\u00eb uj\u00eb dhe i p\u00ebrzier me shum\u00eb tret\u00ebs organik\u00eb.<br \/>\n\u2013 Vetit\u00eb e forta acidike: Acidi acetik \u00ebsht\u00eb nj\u00eb acid i dob\u00ebt, por megjithat\u00eb shfaq veti t\u00eb forta acidike, i aft\u00eb t\u00eb g\u00ebrryej\u00eb metalet dhe t\u00eb shkaktoj\u00eb djegie.<br \/>\n\u2013 Ndodhja natyrore: \u00cbsht\u00eb i pranish\u00ebm natyrsh\u00ebm n\u00eb produkte t\u00eb ndryshme ushqimore, duke p\u00ebrfshir\u00eb frutat, uthull\u00ebn dhe pijet e fermentuara.<\/p>","protected":false},"author":2,"featured_media":987956,"parent":987952,"menu_order":0,"comment_status":"closed","ping_status":"closed","template":"","meta":{"inline_featured_image":false,"footnotes":""},"class_list":["post-987954","page","type-page","status-publish","has-post-thumbnail","hentry"],"yoast_head":"<!-- This site is optimized with the Yoast SEO plugin v27.4 - https:\/\/yoast.com\/product\/yoast-seo-wordpress\/ -->\n<title>Acetic Acid 80% | Albania Distribution Chemicals<\/title>\n<meta name=\"robots\" content=\"index, follow, max-snippet:-1, max-image-preview:large, max-video-preview:-1\" \/>\n<link rel=\"canonical\" href=\"https:\/\/adchem.al\/al\/basic-chemicals\/acetic-acid-80\/\" \/>\n<meta property=\"og:locale\" content=\"sq_AL\" \/>\n<meta property=\"og:type\" content=\"article\" \/>\n<meta property=\"og:title\" content=\"Acetic Acid 80% | Albania Distribution Chemicals\" \/>\n<meta property=\"og:description\" content=\"Product: Acetic Acid 80% Chemical Formula: CH3COOH Information about the product: - Organic Acid: Acetic acid is an organic acid that is commonly known as vinegar when diluted. - Colorless Liquid: In its pure form, it is a clear and colorless liquid with a strong, pungent odor. - Solubility: It is highly soluble in water and miscible with many organic solvents. - Strong Acidic Properties: Acetic acid is a weak acid but still exhibits strong acidic properties, capable of corroding metals and causing burns. - Natural Occurrence: It is naturally present in various food products, including fruits, vinegar, and fermented beverages.\" \/>\n<meta property=\"og:url\" content=\"https:\/\/adchem.al\/al\/basic-chemicals\/acetic-acid-80\/\" \/>\n<meta property=\"og:site_name\" content=\"Albania Distribution Chemicals\" \/>\n<meta property=\"article:publisher\" content=\"https:\/\/www.facebook.com\/albaniadistributionchem\/?ref=py_c\" \/>\n<meta property=\"article:modified_time\" content=\"2023-06-27T19:20:51+00:00\" \/>\n<meta property=\"og:image\" content=\"https:\/\/adchem.al\/wp-content\/uploads\/2023\/06\/adchem-wallpaper-home.webp-2.webp\" \/>\n\t<meta property=\"og:image:width\" content=\"2560\" \/>\n\t<meta property=\"og:image:height\" content=\"1244\" \/>\n\t<meta property=\"og:image:type\" content=\"image\/webp\" \/>\n<meta name=\"twitter:card\" content=\"summary_large_image\" \/>\n<script type=\"application\/ld+json\" class=\"yoast-schema-graph\">{\"@context\":\"https:\\\/\\\/schema.org\",\"@graph\":[{\"@type\":\"WebPage\",\"@id\":\"https:\\\/\\\/adchem.al\\\/al\\\/basic-chemicals\\\/acetic-acid-80\\\/\",\"url\":\"https:\\\/\\\/adchem.al\\\/al\\\/basic-chemicals\\\/acetic-acid-80\\\/\",\"name\":\"Acetic Acid 80% | Albania Distribution Chemicals\",\"isPartOf\":{\"@id\":\"https:\\\/\\\/adchem.al\\\/#website\"},\"primaryImageOfPage\":{\"@id\":\"https:\\\/\\\/adchem.al\\\/al\\\/basic-chemicals\\\/acetic-acid-80\\\/#primaryimage\"},\"image\":{\"@id\":\"https:\\\/\\\/adchem.al\\\/al\\\/basic-chemicals\\\/acetic-acid-80\\\/#primaryimage\"},\"thumbnailUrl\":\"https:\\\/\\\/adchem.al\\\/wp-content\\\/uploads\\\/2023\\\/06\\\/Acetic_Acid.svg\",\"datePublished\":\"2023-06-24T12:11:39+00:00\",\"dateModified\":\"2023-06-27T19:20:51+00:00\",\"breadcrumb\":{\"@id\":\"https:\\\/\\\/adchem.al\\\/al\\\/basic-chemicals\\\/acetic-acid-80\\\/#breadcrumb\"},\"inLanguage\":\"sq\",\"potentialAction\":[{\"@type\":\"ReadAction\",\"target\":[\"https:\\\/\\\/adchem.al\\\/al\\\/basic-chemicals\\\/acetic-acid-80\\\/\"]}]},{\"@type\":\"ImageObject\",\"inLanguage\":\"sq\",\"@id\":\"https:\\\/\\\/adchem.al\\\/al\\\/basic-chemicals\\\/acetic-acid-80\\\/#primaryimage\",\"url\":\"https:\\\/\\\/adchem.al\\\/wp-content\\\/uploads\\\/2023\\\/06\\\/Acetic_Acid.svg\",\"contentUrl\":\"https:\\\/\\\/adchem.al\\\/wp-content\\\/uploads\\\/2023\\\/06\\\/Acetic_Acid.svg\",\"width\":181,\"height\":359},{\"@type\":\"BreadcrumbList\",\"@id\":\"https:\\\/\\\/adchem.al\\\/al\\\/basic-chemicals\\\/acetic-acid-80\\\/#breadcrumb\",\"itemListElement\":[{\"@type\":\"ListItem\",\"position\":1,\"name\":\"Home\",\"item\":\"https:\\\/\\\/adchem.al\\\/\"},{\"@type\":\"ListItem\",\"position\":2,\"name\":\"Basic Chemicals\",\"item\":\"https:\\\/\\\/adchem.al\\\/al\\\/basic-chemicals\\\/\"},{\"@type\":\"ListItem\",\"position\":3,\"name\":\"Acetic Acid 80%\"}]},{\"@type\":\"WebSite\",\"@id\":\"https:\\\/\\\/adchem.al\\\/#website\",\"url\":\"https:\\\/\\\/adchem.al\\\/\",\"name\":\"Albania Distribution Chemicals\",\"description\":\"&quot;Excellence in Chemical Distribution&quot;\",\"publisher\":{\"@id\":\"https:\\\/\\\/adchem.al\\\/#organization\"},\"alternateName\":\"ADC\",\"potentialAction\":[{\"@type\":\"SearchAction\",\"target\":{\"@type\":\"EntryPoint\",\"urlTemplate\":\"https:\\\/\\\/adchem.al\\\/?s={search_term_string}\"},\"query-input\":{\"@type\":\"PropertyValueSpecification\",\"valueRequired\":true,\"valueName\":\"search_term_string\"}}],\"inLanguage\":\"sq\"},{\"@type\":\"Organization\",\"@id\":\"https:\\\/\\\/adchem.al\\\/#organization\",\"name\":\"Albania Distribution Chemicals\",\"alternateName\":\"ADC\",\"url\":\"https:\\\/\\\/adchem.al\\\/\",\"logo\":{\"@type\":\"ImageObject\",\"inLanguage\":\"sq\",\"@id\":\"https:\\\/\\\/adchem.al\\\/#\\\/schema\\\/logo\\\/image\\\/\",\"url\":\"https:\\\/\\\/adchem.al\\\/wp-content\\\/uploads\\\/2022\\\/09\\\/Albania-Distribution-Chemicals-Logo-01.png\",\"contentUrl\":\"https:\\\/\\\/adchem.al\\\/wp-content\\\/uploads\\\/2022\\\/09\\\/Albania-Distribution-Chemicals-Logo-01.png\",\"width\":308,\"height\":104,\"caption\":\"Albania Distribution Chemicals\"},\"image\":{\"@id\":\"https:\\\/\\\/adchem.al\\\/#\\\/schema\\\/logo\\\/image\\\/\"},\"sameAs\":[\"https:\\\/\\\/www.facebook.com\\\/albaniadistributionchem\\\/?ref=py_c\",\"https:\\\/\\\/www.instagram.com\\\/albania_distribution_chemicals\\\/\"]}]}<\/script>\n<!-- \/ Yoast SEO plugin. -->","yoast_head_json":{"title":"Acetic Acid 80% | Albania Distribution Chemicals","robots":{"index":"index","follow":"follow","max-snippet":"max-snippet:-1","max-image-preview":"max-image-preview:large","max-video-preview":"max-video-preview:-1"},"canonical":"https:\/\/adchem.al\/al\/basic-chemicals\/acetic-acid-80\/","og_locale":"sq_AL","og_type":"article","og_title":"Acetic Acid 80% | Albania Distribution Chemicals","og_description":"Product: Acetic Acid 80% Chemical Formula: CH3COOH Information about the product: - Organic Acid: Acetic acid is an organic acid that is commonly known as vinegar when diluted. - Colorless Liquid: In its pure form, it is a clear and colorless liquid with a strong, pungent odor. - Solubility: It is highly soluble in water and miscible with many organic solvents. - Strong Acidic Properties: Acetic acid is a weak acid but still exhibits strong acidic properties, capable of corroding metals and causing burns. - Natural Occurrence: It is naturally present in various food products, including fruits, vinegar, and fermented beverages.","og_url":"https:\/\/adchem.al\/al\/basic-chemicals\/acetic-acid-80\/","og_site_name":"Albania Distribution Chemicals","article_publisher":"https:\/\/www.facebook.com\/albaniadistributionchem\/?ref=py_c","article_modified_time":"2023-06-27T19:20:51+00:00","og_image":[{"width":2560,"height":1244,"url":"https:\/\/adchem.al\/wp-content\/uploads\/2023\/06\/adchem-wallpaper-home.webp-2.webp","type":"image\/webp"}],"twitter_card":"summary_large_image","schema":{"@context":"https:\/\/schema.org","@graph":[{"@type":"WebPage","@id":"https:\/\/adchem.al\/al\/basic-chemicals\/acetic-acid-80\/","url":"https:\/\/adchem.al\/al\/basic-chemicals\/acetic-acid-80\/","name":"Acetic Acid 80% | Albania Distribution Chemicals","isPartOf":{"@id":"https:\/\/adchem.al\/#website"},"primaryImageOfPage":{"@id":"https:\/\/adchem.al\/al\/basic-chemicals\/acetic-acid-80\/#primaryimage"},"image":{"@id":"https:\/\/adchem.al\/al\/basic-chemicals\/acetic-acid-80\/#primaryimage"},"thumbnailUrl":"https:\/\/adchem.al\/wp-content\/uploads\/2023\/06\/Acetic_Acid.svg","datePublished":"2023-06-24T12:11:39+00:00","dateModified":"2023-06-27T19:20:51+00:00","breadcrumb":{"@id":"https:\/\/adchem.al\/al\/basic-chemicals\/acetic-acid-80\/#breadcrumb"},"inLanguage":"sq","potentialAction":[{"@type":"ReadAction","target":["https:\/\/adchem.al\/al\/basic-chemicals\/acetic-acid-80\/"]}]},{"@type":"ImageObject","inLanguage":"sq","@id":"https:\/\/adchem.al\/al\/basic-chemicals\/acetic-acid-80\/#primaryimage","url":"https:\/\/adchem.al\/wp-content\/uploads\/2023\/06\/Acetic_Acid.svg","contentUrl":"https:\/\/adchem.al\/wp-content\/uploads\/2023\/06\/Acetic_Acid.svg","width":181,"height":359},{"@type":"BreadcrumbList","@id":"https:\/\/adchem.al\/al\/basic-chemicals\/acetic-acid-80\/#breadcrumb","itemListElement":[{"@type":"ListItem","position":1,"name":"Home","item":"https:\/\/adchem.al\/"},{"@type":"ListItem","position":2,"name":"Basic Chemicals","item":"https:\/\/adchem.al\/al\/basic-chemicals\/"},{"@type":"ListItem","position":3,"name":"Acetic Acid 80%"}]},{"@type":"WebSite","@id":"https:\/\/adchem.al\/#website","url":"https:\/\/adchem.al\/","name":"Albania Distribution Chemicals","description":"&quot;Excellence in Chemical Distribution&quot;","publisher":{"@id":"https:\/\/adchem.al\/#organization"},"alternateName":"ADC","potentialAction":[{"@type":"SearchAction","target":{"@type":"EntryPoint","urlTemplate":"https:\/\/adchem.al\/?s={search_term_string}"},"query-input":{"@type":"PropertyValueSpecification","valueRequired":true,"valueName":"search_term_string"}}],"inLanguage":"sq"},{"@type":"Organization","@id":"https:\/\/adchem.al\/#organization","name":"Albania Distribution Chemicals","alternateName":"ADC","url":"https:\/\/adchem.al\/","logo":{"@type":"ImageObject","inLanguage":"sq","@id":"https:\/\/adchem.al\/#\/schema\/logo\/image\/","url":"https:\/\/adchem.al\/wp-content\/uploads\/2022\/09\/Albania-Distribution-Chemicals-Logo-01.png","contentUrl":"https:\/\/adchem.al\/wp-content\/uploads\/2022\/09\/Albania-Distribution-Chemicals-Logo-01.png","width":308,"height":104,"caption":"Albania Distribution Chemicals"},"image":{"@id":"https:\/\/adchem.al\/#\/schema\/logo\/image\/"},"sameAs":["https:\/\/www.facebook.com\/albaniadistributionchem\/?ref=py_c","https:\/\/www.instagram.com\/albania_distribution_chemicals\/"]}]}},"_links":{"self":[{"href":"https:\/\/adchem.al\/al\/wp-json\/wp\/v2\/pages\/987954","targetHints":{"allow":["GET"]}}],"collection":[{"href":"https:\/\/adchem.al\/al\/wp-json\/wp\/v2\/pages"}],"about":[{"href":"https:\/\/adchem.al\/al\/wp-json\/wp\/v2\/types\/page"}],"author":[{"embeddable":true,"href":"https:\/\/adchem.al\/al\/wp-json\/wp\/v2\/users\/2"}],"replies":[{"embeddable":true,"href":"https:\/\/adchem.al\/al\/wp-json\/wp\/v2\/comments?post=987954"}],"version-history":[{"count":10,"href":"https:\/\/adchem.al\/al\/wp-json\/wp\/v2\/pages\/987954\/revisions"}],"predecessor-version":[{"id":989144,"href":"https:\/\/adchem.al\/al\/wp-json\/wp\/v2\/pages\/987954\/revisions\/989144"}],"up":[{"embeddable":true,"href":"https:\/\/adchem.al\/al\/wp-json\/wp\/v2\/pages\/987952"}],"wp:featuredmedia":[{"embeddable":true,"href":"https:\/\/adchem.al\/al\/wp-json\/wp\/v2\/media\/987956"}],"wp:attachment":[{"href":"https:\/\/adchem.al\/al\/wp-json\/wp\/v2\/media?parent=987954"}],"curies":[{"name":"wp","href":"https:\/\/api.w.org\/{rel}","templated":true}]}}