{"id":987896,"date":"2023-06-23T19:21:08","date_gmt":"2023-06-23T19:21:08","guid":{"rendered":"https:\/\/adchem.al\/?page_id=987896"},"modified":"2023-06-27T19:18:24","modified_gmt":"2023-06-27T19:18:24","slug":"sodium-citrate","status":"publish","type":"page","link":"https:\/\/adchem.al\/al\/food-industry\/sodium-citrate\/","title":{"rendered":"Citrati i Natriumit"},"content":{"rendered":"<div data-elementor-type=\"wp-page\" data-elementor-id=\"987896\" class=\"elementor elementor-987896\" data-elementor-post-type=\"page\">\n\t\t\t\t\t\t<section class=\"elementor-section elementor-top-section elementor-element elementor-element-37858afc elementor-section-full_width elementor-section-height-default elementor-section-height-default\" data-id=\"37858afc\" data-element_type=\"section\" data-e-type=\"section\">\n\t\t\t\t\t\t<div class=\"elementor-container elementor-column-gap-no\">\n\t\t\t\t\t<div class=\"elementor-column elementor-col-100 elementor-top-column elementor-element elementor-element-60bb79bd\" data-id=\"60bb79bd\" data-element_type=\"column\" data-e-type=\"column\">\n\t\t\t<div class=\"elementor-widget-wrap elementor-element-populated\">\n\t\t\t\t\t\t<div class=\"vamtam-has-theme-widget-styles elementor-element elementor-element-86d4d6c elementor-widget elementor-widget-image\" data-id=\"86d4d6c\" data-element_type=\"widget\" data-e-type=\"widget\" data-widget_type=\"image.default\">\n\t\t\t\t<div class=\"elementor-widget-container\">\n\t\t\t\t\t\t\t\t\t<div class=\"elementor-image\">\n\t\t\t\t\t\t\t\t\t\t\t\t\t\t\t\t<figure class=\"wp-caption\">\n\t\t\t\t\t\t\t\t\t\t\t\t\t\t\t\t<img fetchpriority=\"high\" width=\"2186\" height=\"1007\" src=\"https:\/\/adchem.al\/wp-content\/uploads\/2023\/06\/Sodium_citrate.png\" class=\"attachment-full size-full wp-image-987898\" alt=\"\" decoding=\"async\" srcset=\"https:\/\/adchem.al\/wp-content\/uploads\/2023\/06\/Sodium_citrate.png 2186w, https:\/\/adchem.al\/wp-content\/uploads\/2023\/06\/Sodium_citrate-300x138.png 300w, https:\/\/adchem.al\/wp-content\/uploads\/2023\/06\/Sodium_citrate-1024x472.png 1024w, https:\/\/adchem.al\/wp-content\/uploads\/2023\/06\/Sodium_citrate-768x354.png 768w, https:\/\/adchem.al\/wp-content\/uploads\/2023\/06\/Sodium_citrate-1536x708.png 1536w, https:\/\/adchem.al\/wp-content\/uploads\/2023\/06\/Sodium_citrate-2048x943.png 2048w\" sizes=\"(max-width: 2186px) 100vw, 2186px\" \/>\t\t\t\t\t\t\t\t\t\t\t\t\t\t\t\t\t<figcaption class=\"widget-image-caption wp-caption-text\">Albania Distribution Chemicals<\/figcaption>\n\t\t\t\t\t\t\t\t\t\t\t\t\t\t\t\t<\/figure>\n\t\t\t\t\t\t\t\t\t\t\t\t\t\t<\/div>\n\t\t\t\t\t\t\t\t<\/div>\n\t\t\t\t<\/div>\n\t\t\t\t<div class=\"elementor-element elementor-element-61992a9a elementor-widget elementor-widget-text-editor\" data-id=\"61992a9a\" data-element_type=\"widget\" data-e-type=\"widget\" data-widget_type=\"text-editor.default\">\n\t\t\t\t<div class=\"elementor-widget-container\">\n\t\t\t\t\t\t\t\t\t<p><strong>Produkti: Citrate natriumi<\/strong><\/p><p><strong>Formula Kimike: C6H5Na3O7<\/strong><\/p><p><strong>Informacion rreth produktit:<\/strong><\/p><p>\u2013 Kripa e natriumit: Citrati i natriumit \u00ebsht\u00eb kripa e natriumit e acidit citrik, q\u00eb rrjedh nga molekula e acidit citrik.<br \/>\u2013 Pluhur i bardh\u00eb: Gjendet zakonisht si pluhur kristalor i bardh\u00eb ose granula.<br \/>\u2013 Tretshm\u00ebria: Citrati i natriumit \u00ebsht\u00eb shum\u00eb i tretsh\u00ebm n\u00eb uj\u00eb, duke e b\u00ebr\u00eb t\u00eb leht\u00eb tretjen dhe p\u00ebrfshirjen n\u00eb aplikime t\u00eb ndryshme.<br \/>\u2013 Rregullatori i pH: Vepron si rregullues i pH, duke ndihmuar n\u00eb stabilizimin dhe rregullimin e aciditetit t\u00eb tret\u00ebsirave.<br \/>\u2013 Agjent kelues: Citrati i natriumit mund t\u00eb formoj\u00eb komplekse me jonet metalike, duke vepruar si agjent kelues.<\/p><p><strong>Informacion p\u00ebr sektorin e p\u00ebrdorimit t\u00eb produktit:<\/strong><\/p><p>1. Industria e ushqimit dhe pijeve:<br \/>\u2013 Shtues ushqimor: Citrati i natriumit p\u00ebrdoret zakonisht si nj\u00eb shtes\u00eb ushqimore p\u00ebr q\u00ebllime t\u00eb ndryshme, duke p\u00ebrfshir\u00eb p\u00ebrmir\u00ebsimin e shijes, kontrollin e pH dhe emulsifikimin.<br \/>\u2013 P\u00ebrgatitja e djathit: Shtohet n\u00eb disa formulime djathi p\u00ebr t\u00eb p\u00ebrmir\u00ebsuar struktur\u00ebn, p\u00ebr t\u00eb parandaluar q\u00eb djathi t\u00eb b\u00ebhet shum\u00eb i th\u00ebrrmuesh\u00ebm dhe p\u00ebr t\u00eb p\u00ebrmir\u00ebsuar vetit\u00eb e shkrirjes.<br \/>\u2013 Pijet e gazuara: Citrati i natriumit mund t\u00eb gjendet n\u00eb pijet e gazuara p\u00ebr t\u00eb kontrolluar aciditetin dhe p\u00ebr t\u00eb rritur stabilitetin e shijes.<\/p><p>2. Industria farmaceutike:<br \/>&#8211; Buffering Agent: Sodium citrate is used as a buffering agent in pharmaceutical formulations to maintain the pH of medications and improve stability.<br \/>\u2013 Antikoagulant: P\u00ebrdoret si antikoagulant n\u00eb tubat e grumbullimit t\u00eb gjakut, duke parandaluar mpiksjen dhe duke ruajtur integritetin e mostrave t\u00eb gjakut.<\/p><p>3. Aplikimet mjek\u00ebsore:<br \/>\u2013 Parandalimi i gur\u00ebve n\u00eb veshka: Tret\u00ebsirat e citratit t\u00eb natriumit ndonj\u00ebher\u00eb p\u00ebrshkruhen p\u00ebr t\u00eb parandaluar formimin e disa llojeve t\u00eb gur\u00ebve n\u00eb veshka duke reduktuar aciditetin urinar.<br \/>\u2013 Alkalinizimi i urin\u00ebs: Mund t\u00eb p\u00ebrdoret p\u00ebr t\u00eb alkalinizuar urin\u00ebn n\u00eb kushte t\u00eb caktuara mjek\u00ebsore ose p\u00ebr t\u00eb rritur eliminimin e disa ila\u00e7eve nga trupi.<\/p><p>4. Aplikacionet industriale:<br \/>\u2013 Produktet e pastrimit: Citrati i natriumit p\u00ebrdoret n\u00eb produktet e pastrimit, si detergjent\u00ebt dhe sapun\u00ebt, si agjent kelues dhe zbut\u00ebs uji.<br \/>\u2013 Pastrimi i sip\u00ebrfaqes s\u00eb metalit: P\u00ebrdoret n\u00eb proceset e pastrimit dhe trajtimit t\u00eb sip\u00ebrfaqeve t\u00eb metalit p\u00ebr t\u00eb hequr ndryshkun dhe depozitat e gur\u00ebve.<\/p><p>5. Kozmetik\u00eb dhe produkte t\u00eb kujdesit personal:<br \/>\u2013 Kujdesi p\u00ebr l\u00ebkur\u00ebn: Citrati i natriumit p\u00ebrdoret n\u00eb produktet e kujdesit t\u00eb l\u00ebkur\u00ebs si locione dhe kremra p\u00ebr vetit\u00eb e tij rregulluese t\u00eb pH dhe si nj\u00eb eksfoliant i but\u00eb.<br \/>\u2013 Kujdesi p\u00ebr flok\u00ebt: Mund t\u00eb gjendet n\u00eb produktet e kujdesit t\u00eb flok\u00ebve, si shampo dhe balsam, p\u00ebr aft\u00ebsin\u00eb e tij p\u00ebr t\u00eb zbutur dhe kondicioner flok\u00ebt.<\/p><p>6. Industria e tekstilit:<br \/>\u2013 Ngjyrosja dhe printimi: Citrati i natriumit p\u00ebrdoret n\u00eb proceset e ngjyrosjes dhe printimit t\u00eb tekstilit si nj\u00eb agjent shp\u00ebrndar\u00ebs, duke ndihmuar n\u00eb shp\u00ebrndarjen e barabart\u00eb t\u00eb ngjyrave.<\/p><p>7. Laboratori dhe K\u00ebrkimi:<br \/>\u2013 Kimia analitike: Citrati i natriumit p\u00ebrdoret n\u00eb analiza t\u00eb ndryshme laboratorike, ve\u00e7an\u00ebrisht n\u00eb titrime kompleksometrike dhe si p\u00ebrb\u00ebr\u00ebs i tret\u00ebsirave tampon.<\/p><p>8. Fotografi:<br \/>\u2013 P\u00ebrpunimi fotografik: Citrati i natriumit p\u00ebrdoret n\u00eb p\u00ebrpunimin fotografik si agjent buferik dhe rregullues i pH.<\/p><p>9. Bujq\u00ebsia dhe Hortikultura:<br \/>\u2013 Shtues i tok\u00ebs: Citrati i natriumit mund t\u00eb shtohet n\u00eb tok\u00eb si nj\u00eb agjent kelues p\u00ebr t\u00eb p\u00ebrmir\u00ebsuar disponueshm\u00ebrin\u00eb dhe p\u00ebrthithjen e disa mikronutrient\u00ebve p\u00ebr bim\u00ebt.<\/p><p>10. Trajtimi i ujit:<br \/>\u2013 Zbutja e ujit: Citrati i natriumit p\u00ebrdoret ndonj\u00ebher\u00eb n\u00eb sistemet e trajtimit t\u00eb ujit si zbut\u00ebs uji, duke ndihmuar n\u00eb uljen e p\u00ebrqendrimit t\u00eb joneve t\u00eb fort\u00ebsis\u00eb.<\/p><p>\u00cbsht\u00eb e r\u00ebnd\u00ebsishme t\u00eb ndiqni nivelet e rekomanduara t\u00eb p\u00ebrdorimit dhe udh\u00ebzimet rregullatore kur p\u00ebrdorni citratin e natriumit n\u00eb sektor\u00eb t\u00eb ndrysh\u00ebm p\u00ebr t\u00eb garantuar sigurin\u00eb dhe respektimin e standardeve.<\/p>\t\t\t\t\t\t\t\t<\/div>\n\t\t\t\t<\/div>\n\t\t\t\t<section class=\"elementor-section elementor-inner-section elementor-element elementor-element-bf3be25 elementor-section-boxed elementor-section-height-default elementor-section-height-default\" data-id=\"bf3be25\" data-element_type=\"section\" data-e-type=\"section\" data-settings=\"{&quot;background_background&quot;:&quot;classic&quot;}\">\n\t\t\t\t\t\t<div class=\"elementor-container elementor-column-gap-no\">\n\t\t\t\t\t<div class=\"elementor-column elementor-col-100 elementor-inner-column elementor-element elementor-element-723683d\" data-id=\"723683d\" data-element_type=\"column\" data-e-type=\"column\">\n\t\t\t<div class=\"elementor-widget-wrap elementor-element-populated\">\n\t\t\t\t\t\t<div class=\"elementor-element elementor-element-d5f2543 elementor-view-default elementor-widget elementor-widget-icon\" data-id=\"d5f2543\" data-element_type=\"widget\" data-e-type=\"widget\" data-widget_type=\"icon.default\">\n\t\t\t\t<div class=\"elementor-widget-container\">\n\t\t\t\t\t\t\t<div class=\"elementor-icon-wrapper\">\n\t\t\t<div class=\"elementor-icon\">\n\t\t\t<i aria-hidden=\"true\" class=\"vamtamtheme- vamtam-theme-quote-start\"><\/i>\t\t\t<\/div>\n\t\t<\/div>\n\t\t\t\t\t\t<\/div>\n\t\t\t\t<\/div>\n\t\t\t\t<div class=\"elementor-element elementor-element-836a0e4 elementor-widget elementor-widget-text-editor\" data-id=\"836a0e4\" data-element_type=\"widget\" data-e-type=\"widget\" data-widget_type=\"text-editor.default\">\n\t\t\t\t<div class=\"elementor-widget-container\">\n\t\t\t\t\t\t\t\t\t<p>\"P\u00ebr \u00e7do informacion, shkruani n\u00eb WhatsApp: Gjith\u00e7ka q\u00eb ju nevojitet, n\u00eb koh\u00eb reale, n\u00eb nj\u00eb mesazh. Na kontaktoni dhe jemi gati t\u00eb ju ndihmojm\u00eb.\"<\/p>\t\t\t\t\t\t\t\t<\/div>\n\t\t\t\t<\/div>\n\t\t\t\t<div class=\"elementor-element elementor-element-1afaac9 elementor-widget-divider--view-line elementor-widget elementor-widget-divider\" data-id=\"1afaac9\" data-element_type=\"widget\" data-e-type=\"widget\" data-widget_type=\"divider.default\">\n\t\t\t\t<div class=\"elementor-widget-container\">\n\t\t\t\t\t\t\t<div class=\"elementor-divider\">\n\t\t\t<span class=\"elementor-divider-separator\">\n\t\t\t\t\t\t<\/span>\n\t\t<\/div>\n\t\t\t\t\t\t<\/div>\n\t\t\t\t<\/div>\n\t\t\t\t<div class=\"vamtam-has-theme-widget-styles elementor-element elementor-element-4c45eba elementor-widget__width-auto vamtam-has-underline-anim elementor-widget elementor-widget-button\" data-id=\"4c45eba\" data-element_type=\"widget\" data-e-type=\"widget\" data-widget_type=\"button.default\">\n\t\t\t\t<div class=\"elementor-widget-container\">\n\t\t\t\t\t\t\t\t\t<div class=\"elementor-button-wrapper\">\n\t\t\t\t\t<a class=\"elementor-button elementor-button-link elementor-size-md\" href=\"https:\/\/wa.me\/355694000260\">\n\t\t\t\t\t\t<span class=\"elementor-button-content-wrapper\">\n\t\t\t\t\t\t<span class=\"elementor-button-icon\">\n\t\t\t\t<i aria-hidden=\"true\" class=\"vamtamtheme- vamtam-theme-icon-arrow-right-top\"><\/i>\t\t\t<\/span>\n\t\t\t\t\t\t\t\t\t<span class=\"elementor-button-text\">Kontaktoni WhatsApp<\/span>\n\t\t\t\t\t<\/span>\n\t\t\t\t\t<\/a>\n\t\t\t\t<\/div>\n\t\t\t\t\t\t\t\t<\/div>\n\t\t\t\t<\/div>\n\t\t\t\t<div class=\"elementor-element elementor-element-36c096c elementor-widget__width-auto elementor-widget elementor-widget-heading\" data-id=\"36c096c\" data-element_type=\"widget\" data-e-type=\"widget\" data-widget_type=\"heading.default\">\n\t\t\t\t<div class=\"elementor-widget-container\">\n\t\t\t\t\t<span class=\"elementor-heading-title elementor-size-default\">Albania Distribution Chemicals\n<\/span>\t\t\t\t<\/div>\n\t\t\t\t<\/div>\n\t\t\t\t\t<\/div>\n\t\t<\/div>\n\t\t\t\t\t<\/div>\n\t\t<\/section>\n\t\t\t\t\t<\/div>\n\t\t<\/div>\n\t\t\t\t\t<\/div>\n\t\t<\/section>\n\t\t\t\t<section class=\"elementor-section elementor-top-section elementor-element elementor-element-b3fd502 elementor-section-boxed elementor-section-height-default elementor-section-height-default\" data-id=\"b3fd502\" data-element_type=\"section\" data-e-type=\"section\">\n\t\t\t\t\t\t<div class=\"elementor-container elementor-column-gap-default\">\n\t\t\t\t\t<div class=\"elementor-column elementor-col-100 elementor-top-column elementor-element elementor-element-a879885\" data-id=\"a879885\" data-element_type=\"column\" data-e-type=\"column\">\n\t\t\t<div class=\"elementor-widget-wrap elementor-element-populated\">\n\t\t\t\t\t\t<div class=\"elementor-element elementor-element-4a3fe1c elementor-widget elementor-widget-spacer\" data-id=\"4a3fe1c\" data-element_type=\"widget\" data-e-type=\"widget\" data-widget_type=\"spacer.default\">\n\t\t\t\t<div class=\"elementor-widget-container\">\n\t\t\t\t\t\t\t<div class=\"elementor-spacer\">\n\t\t\t<div class=\"elementor-spacer-inner\"><\/div>\n\t\t<\/div>\n\t\t\t\t\t\t<\/div>\n\t\t\t\t<\/div>\n\t\t\t\t<div class=\"vamtam-has-theme-widget-styles elementor-element elementor-element-feed2fe elementor-widget elementor-widget-image\" data-id=\"feed2fe\" data-element_type=\"widget\" data-e-type=\"widget\" data-widget_type=\"image.default\">\n\t\t\t\t<div class=\"elementor-widget-container\">\n\t\t\t\t\t\t\t\t\t<div class=\"elementor-image\">\n\t\t\t\t\t\t\t\t\t\t\t\t\t\t\t\t\t\t\t\t\t<img width=\"8000\" height=\"1355\" src=\"https:\/\/adchem.al\/wp-content\/uploads\/2023\/06\/baner-albania-distribution-chemicals-01.png\" class=\"attachment-full size-full wp-image-987764\" alt=\"\" decoding=\"async\" srcset=\"https:\/\/adchem.al\/wp-content\/uploads\/2023\/06\/baner-albania-distribution-chemicals-01.png 8000w, https:\/\/adchem.al\/wp-content\/uploads\/2023\/06\/baner-albania-distribution-chemicals-01-300x51.png 300w, https:\/\/adchem.al\/wp-content\/uploads\/2023\/06\/baner-albania-distribution-chemicals-01-1024x173.png 1024w, https:\/\/adchem.al\/wp-content\/uploads\/2023\/06\/baner-albania-distribution-chemicals-01-768x130.png 768w, https:\/\/adchem.al\/wp-content\/uploads\/2023\/06\/baner-albania-distribution-chemicals-01-1536x260.png 1536w, https:\/\/adchem.al\/wp-content\/uploads\/2023\/06\/baner-albania-distribution-chemicals-01-2048x347.png 2048w\" sizes=\"(max-width: 8000px) 100vw, 8000px\" \/>\t\t\t\t\t\t\t\t\t\t\t\t\t\t\t\t\t\t\t\t\t\t\t\t<\/div>\n\t\t\t\t\t\t\t\t<\/div>\n\t\t\t\t<\/div>\n\t\t\t\t\t<\/div>\n\t\t<\/div>\n\t\t\t\t\t<\/div>\n\t\t<\/section>\n\t\t\t\t<\/div>","protected":false},"excerpt":{"rendered":"<p>Produkti: Citrate natriumi<\/p>\n<p>Formula Kimike: C6H5Na3O7<\/p>\n<p>Informacion rreth produktit:<\/p>\n<p>\u2013 Kripa e natriumit: Citrati i natriumit \u00ebsht\u00eb kripa e natriumit e acidit citrik, q\u00eb rrjedh nga molekula e acidit citrik.<br \/>\n\u2013 Pluhur i bardh\u00eb: Gjendet zakonisht si pluhur kristalor i bardh\u00eb ose granula.<br \/>\n\u2013 Tretshm\u00ebria: Citrati i natriumit \u00ebsht\u00eb shum\u00eb i tretsh\u00ebm n\u00eb uj\u00eb, duke e b\u00ebr\u00eb t\u00eb leht\u00eb tretjen dhe p\u00ebrfshirjen n\u00eb aplikime t\u00eb ndryshme.<br \/>\n\u2013 Rregullatori i pH: Vepron si rregullues i pH, duke ndihmuar n\u00eb stabilizimin dhe rregullimin e aciditetit t\u00eb tret\u00ebsirave.<br \/>\n\u2013 Agjent kelues: Citrati i natriumit mund t\u00eb formoj\u00eb komplekse me jonet metalike, duke vepruar si agjent kelues.<\/p>","protected":false},"author":2,"featured_media":987898,"parent":145,"menu_order":0,"comment_status":"closed","ping_status":"closed","template":"","meta":{"inline_featured_image":false,"footnotes":""},"class_list":["post-987896","page","type-page","status-publish","has-post-thumbnail","hentry"],"yoast_head":"<!-- This site is optimized with the Yoast SEO plugin v27.4 - https:\/\/yoast.com\/product\/yoast-seo-wordpress\/ -->\n<title>Sodium Citrate | Albania Distribution Chemicals<\/title>\n<meta name=\"robots\" content=\"index, follow, max-snippet:-1, max-image-preview:large, max-video-preview:-1\" \/>\n<link rel=\"canonical\" href=\"https:\/\/adchem.al\/al\/food-industry\/sodium-citrate\/\" \/>\n<meta property=\"og:locale\" content=\"sq_AL\" \/>\n<meta property=\"og:type\" content=\"article\" \/>\n<meta property=\"og:title\" content=\"Sodium Citrate | Albania Distribution Chemicals\" \/>\n<meta property=\"og:description\" content=\"Product: Sodium Citrate Chemical Formula: C6H5Na3O7 Information about the product: - Sodium Salt: Sodium citrate is the sodium salt of citric acid, derived from the citric acid molecule. - White Powder: It is typically found as a white crystalline powder or granules. - Solubility: Sodium citrate is highly soluble in water, making it easy to dissolve and incorporate into various applications. - pH Regulator: It acts as a pH regulator, helping to stabilize and adjust the acidity of solutions. - Chelating Agent: Sodium citrate can form complexes with metal ions, acting as a chelating agent.\" \/>\n<meta property=\"og:url\" content=\"https:\/\/adchem.al\/al\/food-industry\/sodium-citrate\/\" \/>\n<meta property=\"og:site_name\" content=\"Albania Distribution Chemicals\" \/>\n<meta property=\"article:publisher\" content=\"https:\/\/www.facebook.com\/albaniadistributionchem\/?ref=py_c\" \/>\n<meta property=\"article:modified_time\" content=\"2023-06-27T19:18:24+00:00\" \/>\n<meta property=\"og:image\" content=\"https:\/\/adchem.al\/wp-content\/uploads\/2023\/06\/Sodium_citrate.png\" \/>\n\t<meta property=\"og:image:width\" content=\"2186\" \/>\n\t<meta property=\"og:image:height\" content=\"1007\" \/>\n\t<meta property=\"og:image:type\" content=\"image\/png\" \/>\n<meta name=\"twitter:card\" content=\"summary_large_image\" \/>\n<script type=\"application\/ld+json\" class=\"yoast-schema-graph\">{\"@context\":\"https:\\\/\\\/schema.org\",\"@graph\":[{\"@type\":\"WebPage\",\"@id\":\"https:\\\/\\\/adchem.al\\\/food-industry\\\/sodium-citrate\\\/\",\"url\":\"https:\\\/\\\/adchem.al\\\/food-industry\\\/sodium-citrate\\\/\",\"name\":\"Sodium Citrate | Albania Distribution Chemicals\",\"isPartOf\":{\"@id\":\"https:\\\/\\\/adchem.al\\\/#website\"},\"primaryImageOfPage\":{\"@id\":\"https:\\\/\\\/adchem.al\\\/food-industry\\\/sodium-citrate\\\/#primaryimage\"},\"image\":{\"@id\":\"https:\\\/\\\/adchem.al\\\/food-industry\\\/sodium-citrate\\\/#primaryimage\"},\"thumbnailUrl\":\"https:\\\/\\\/adchem.al\\\/wp-content\\\/uploads\\\/2023\\\/06\\\/Sodium_citrate.png\",\"datePublished\":\"2023-06-23T19:21:08+00:00\",\"dateModified\":\"2023-06-27T19:18:24+00:00\",\"breadcrumb\":{\"@id\":\"https:\\\/\\\/adchem.al\\\/food-industry\\\/sodium-citrate\\\/#breadcrumb\"},\"inLanguage\":\"sq\",\"potentialAction\":[{\"@type\":\"ReadAction\",\"target\":[\"https:\\\/\\\/adchem.al\\\/food-industry\\\/sodium-citrate\\\/\"]}]},{\"@type\":\"ImageObject\",\"inLanguage\":\"sq\",\"@id\":\"https:\\\/\\\/adchem.al\\\/food-industry\\\/sodium-citrate\\\/#primaryimage\",\"url\":\"https:\\\/\\\/adchem.al\\\/wp-content\\\/uploads\\\/2023\\\/06\\\/Sodium_citrate.png\",\"contentUrl\":\"https:\\\/\\\/adchem.al\\\/wp-content\\\/uploads\\\/2023\\\/06\\\/Sodium_citrate.png\",\"width\":2186,\"height\":1007},{\"@type\":\"BreadcrumbList\",\"@id\":\"https:\\\/\\\/adchem.al\\\/food-industry\\\/sodium-citrate\\\/#breadcrumb\",\"itemListElement\":[{\"@type\":\"ListItem\",\"position\":1,\"name\":\"Home\",\"item\":\"https:\\\/\\\/adchem.al\\\/\"},{\"@type\":\"ListItem\",\"position\":2,\"name\":\"Food Industry\",\"item\":\"https:\\\/\\\/adchem.al\\\/food-industry\\\/\"},{\"@type\":\"ListItem\",\"position\":3,\"name\":\"Sodium Citrate\"}]},{\"@type\":\"WebSite\",\"@id\":\"https:\\\/\\\/adchem.al\\\/#website\",\"url\":\"https:\\\/\\\/adchem.al\\\/\",\"name\":\"Albania Distribution Chemicals\",\"description\":\"&quot;Excellence in Chemical Distribution&quot;\",\"publisher\":{\"@id\":\"https:\\\/\\\/adchem.al\\\/#organization\"},\"alternateName\":\"ADC\",\"potentialAction\":[{\"@type\":\"SearchAction\",\"target\":{\"@type\":\"EntryPoint\",\"urlTemplate\":\"https:\\\/\\\/adchem.al\\\/?s={search_term_string}\"},\"query-input\":{\"@type\":\"PropertyValueSpecification\",\"valueRequired\":true,\"valueName\":\"search_term_string\"}}],\"inLanguage\":\"sq\"},{\"@type\":\"Organization\",\"@id\":\"https:\\\/\\\/adchem.al\\\/#organization\",\"name\":\"Albania Distribution Chemicals\",\"alternateName\":\"ADC\",\"url\":\"https:\\\/\\\/adchem.al\\\/\",\"logo\":{\"@type\":\"ImageObject\",\"inLanguage\":\"sq\",\"@id\":\"https:\\\/\\\/adchem.al\\\/#\\\/schema\\\/logo\\\/image\\\/\",\"url\":\"https:\\\/\\\/adchem.al\\\/wp-content\\\/uploads\\\/2022\\\/09\\\/Albania-Distribution-Chemicals-Logo-01.png\",\"contentUrl\":\"https:\\\/\\\/adchem.al\\\/wp-content\\\/uploads\\\/2022\\\/09\\\/Albania-Distribution-Chemicals-Logo-01.png\",\"width\":308,\"height\":104,\"caption\":\"Albania Distribution Chemicals\"},\"image\":{\"@id\":\"https:\\\/\\\/adchem.al\\\/#\\\/schema\\\/logo\\\/image\\\/\"},\"sameAs\":[\"https:\\\/\\\/www.facebook.com\\\/albaniadistributionchem\\\/?ref=py_c\",\"https:\\\/\\\/www.instagram.com\\\/albania_distribution_chemicals\\\/\"]}]}<\/script>\n<!-- \/ Yoast SEO plugin. -->","yoast_head_json":{"title":"Sodium Citrate | Albania Distribution Chemicals","robots":{"index":"index","follow":"follow","max-snippet":"max-snippet:-1","max-image-preview":"max-image-preview:large","max-video-preview":"max-video-preview:-1"},"canonical":"https:\/\/adchem.al\/al\/food-industry\/sodium-citrate\/","og_locale":"sq_AL","og_type":"article","og_title":"Sodium Citrate | Albania Distribution Chemicals","og_description":"Product: Sodium Citrate Chemical Formula: C6H5Na3O7 Information about the product: - Sodium Salt: Sodium citrate is the sodium salt of citric acid, derived from the citric acid molecule. - White Powder: It is typically found as a white crystalline powder or granules. - Solubility: Sodium citrate is highly soluble in water, making it easy to dissolve and incorporate into various applications. - pH Regulator: It acts as a pH regulator, helping to stabilize and adjust the acidity of solutions. - Chelating Agent: Sodium citrate can form complexes with metal ions, acting as a chelating agent.","og_url":"https:\/\/adchem.al\/al\/food-industry\/sodium-citrate\/","og_site_name":"Albania Distribution Chemicals","article_publisher":"https:\/\/www.facebook.com\/albaniadistributionchem\/?ref=py_c","article_modified_time":"2023-06-27T19:18:24+00:00","og_image":[{"width":2186,"height":1007,"url":"https:\/\/adchem.al\/wp-content\/uploads\/2023\/06\/Sodium_citrate.png","type":"image\/png"}],"twitter_card":"summary_large_image","schema":{"@context":"https:\/\/schema.org","@graph":[{"@type":"WebPage","@id":"https:\/\/adchem.al\/food-industry\/sodium-citrate\/","url":"https:\/\/adchem.al\/food-industry\/sodium-citrate\/","name":"Sodium Citrate | Albania Distribution Chemicals","isPartOf":{"@id":"https:\/\/adchem.al\/#website"},"primaryImageOfPage":{"@id":"https:\/\/adchem.al\/food-industry\/sodium-citrate\/#primaryimage"},"image":{"@id":"https:\/\/adchem.al\/food-industry\/sodium-citrate\/#primaryimage"},"thumbnailUrl":"https:\/\/adchem.al\/wp-content\/uploads\/2023\/06\/Sodium_citrate.png","datePublished":"2023-06-23T19:21:08+00:00","dateModified":"2023-06-27T19:18:24+00:00","breadcrumb":{"@id":"https:\/\/adchem.al\/food-industry\/sodium-citrate\/#breadcrumb"},"inLanguage":"sq","potentialAction":[{"@type":"ReadAction","target":["https:\/\/adchem.al\/food-industry\/sodium-citrate\/"]}]},{"@type":"ImageObject","inLanguage":"sq","@id":"https:\/\/adchem.al\/food-industry\/sodium-citrate\/#primaryimage","url":"https:\/\/adchem.al\/wp-content\/uploads\/2023\/06\/Sodium_citrate.png","contentUrl":"https:\/\/adchem.al\/wp-content\/uploads\/2023\/06\/Sodium_citrate.png","width":2186,"height":1007},{"@type":"BreadcrumbList","@id":"https:\/\/adchem.al\/food-industry\/sodium-citrate\/#breadcrumb","itemListElement":[{"@type":"ListItem","position":1,"name":"Home","item":"https:\/\/adchem.al\/"},{"@type":"ListItem","position":2,"name":"Food Industry","item":"https:\/\/adchem.al\/food-industry\/"},{"@type":"ListItem","position":3,"name":"Sodium Citrate"}]},{"@type":"WebSite","@id":"https:\/\/adchem.al\/#website","url":"https:\/\/adchem.al\/","name":"Albania Distribution Chemicals","description":"&quot;Excellence in Chemical Distribution&quot;","publisher":{"@id":"https:\/\/adchem.al\/#organization"},"alternateName":"ADC","potentialAction":[{"@type":"SearchAction","target":{"@type":"EntryPoint","urlTemplate":"https:\/\/adchem.al\/?s={search_term_string}"},"query-input":{"@type":"PropertyValueSpecification","valueRequired":true,"valueName":"search_term_string"}}],"inLanguage":"sq"},{"@type":"Organization","@id":"https:\/\/adchem.al\/#organization","name":"Albania Distribution Chemicals","alternateName":"ADC","url":"https:\/\/adchem.al\/","logo":{"@type":"ImageObject","inLanguage":"sq","@id":"https:\/\/adchem.al\/#\/schema\/logo\/image\/","url":"https:\/\/adchem.al\/wp-content\/uploads\/2022\/09\/Albania-Distribution-Chemicals-Logo-01.png","contentUrl":"https:\/\/adchem.al\/wp-content\/uploads\/2022\/09\/Albania-Distribution-Chemicals-Logo-01.png","width":308,"height":104,"caption":"Albania Distribution Chemicals"},"image":{"@id":"https:\/\/adchem.al\/#\/schema\/logo\/image\/"},"sameAs":["https:\/\/www.facebook.com\/albaniadistributionchem\/?ref=py_c","https:\/\/www.instagram.com\/albania_distribution_chemicals\/"]}]}},"_links":{"self":[{"href":"https:\/\/adchem.al\/al\/wp-json\/wp\/v2\/pages\/987896","targetHints":{"allow":["GET"]}}],"collection":[{"href":"https:\/\/adchem.al\/al\/wp-json\/wp\/v2\/pages"}],"about":[{"href":"https:\/\/adchem.al\/al\/wp-json\/wp\/v2\/types\/page"}],"author":[{"embeddable":true,"href":"https:\/\/adchem.al\/al\/wp-json\/wp\/v2\/users\/2"}],"replies":[{"embeddable":true,"href":"https:\/\/adchem.al\/al\/wp-json\/wp\/v2\/comments?post=987896"}],"version-history":[{"count":10,"href":"https:\/\/adchem.al\/al\/wp-json\/wp\/v2\/pages\/987896\/revisions"}],"predecessor-version":[{"id":989141,"href":"https:\/\/adchem.al\/al\/wp-json\/wp\/v2\/pages\/987896\/revisions\/989141"}],"up":[{"embeddable":true,"href":"https:\/\/adchem.al\/al\/wp-json\/wp\/v2\/pages\/145"}],"wp:featuredmedia":[{"embeddable":true,"href":"https:\/\/adchem.al\/al\/wp-json\/wp\/v2\/media\/987898"}],"wp:attachment":[{"href":"https:\/\/adchem.al\/al\/wp-json\/wp\/v2\/media?parent=987896"}],"curies":[{"name":"wp","href":"https:\/\/api.w.org\/{rel}","templated":true}]}}