{"id":987889,"date":"2023-06-23T19:05:18","date_gmt":"2023-06-23T19:05:18","guid":{"rendered":"https:\/\/adchem.al\/?page_id=987889"},"modified":"2023-06-27T19:16:37","modified_gmt":"2023-06-27T19:16:37","slug":"manganese-sulphate","status":"publish","type":"page","link":"https:\/\/adchem.al\/al\/food-industry\/manganese-sulphate\/","title":{"rendered":"Sulfati i Manganit"},"content":{"rendered":"<div data-elementor-type=\"wp-page\" data-elementor-id=\"987889\" class=\"elementor elementor-987889\" data-elementor-post-type=\"page\">\n\t\t\t\t\t\t<section class=\"elementor-section elementor-top-section elementor-element elementor-element-37858afc elementor-section-full_width elementor-section-height-default elementor-section-height-default\" data-id=\"37858afc\" data-element_type=\"section\">\n\t\t\t\t\t\t<div class=\"elementor-container elementor-column-gap-no\">\n\t\t\t\t\t<div class=\"elementor-column elementor-col-100 elementor-top-column elementor-element elementor-element-60bb79bd\" data-id=\"60bb79bd\" data-element_type=\"column\">\n\t\t\t<div class=\"elementor-widget-wrap elementor-element-populated\">\n\t\t\t\t\t\t<div class=\"vamtam-has-theme-widget-styles elementor-element elementor-element-86d4d6c elementor-widget elementor-widget-image\" data-id=\"86d4d6c\" data-element_type=\"widget\" data-widget_type=\"image.default\">\n\t\t\t\t<div class=\"elementor-widget-container\">\n\t\t\t\t\t\t\t\t\t<div class=\"elementor-image\">\n\t\t\t\t\t\t\t\t\t\t\t\t\t\t\t\t<figure class=\"wp-caption\">\n\t\t\t\t\t\t\t\t\t\t\t\t\t\t\t\t<img fetchpriority=\"high\" decoding=\"async\" width=\"474\" height=\"226\" src=\"https:\/\/adchem.al\/wp-content\/uploads\/2023\/06\/Manganese_sulfate.svg\" class=\"attachment-full size-full wp-image-987891\" alt=\"\" \/>\t\t\t\t\t\t\t\t\t\t\t\t\t\t\t\t\t<figcaption class=\"widget-image-caption wp-caption-text\">Albania Distribution Chemicals<\/figcaption>\n\t\t\t\t\t\t\t\t\t\t\t\t\t\t\t\t<\/figure>\n\t\t\t\t\t\t\t\t\t\t\t\t\t\t<\/div>\n\t\t\t\t\t\t\t\t<\/div>\n\t\t\t\t<\/div>\n\t\t\t\t<div class=\"elementor-element elementor-element-61992a9a elementor-widget elementor-widget-text-editor\" data-id=\"61992a9a\" data-element_type=\"widget\" data-widget_type=\"text-editor.default\">\n\t\t\t\t<div class=\"elementor-widget-container\">\n\t\t\t\t\t\t\t\t\t<p><strong>Produkti: Sulfat Mangani<\/strong><\/p><p><strong>Formula Kimike: MnSO4<\/strong><\/p><p><strong>Informacion rreth produktit:<\/strong><\/p><p>\u2013 P\u00ebrb\u00ebrja kimike: Sulfati i manganit \u00ebsht\u00eb nj\u00eb p\u00ebrb\u00ebrje kimike q\u00eb p\u00ebrmban jone mangan (Mn) dhe sulfat (SO4).<br \/>\u2013 Forma e ngurt\u00eb: Gjendet zakonisht si pluhur kristalor roz\u00eb e zbeht\u00eb ose e bardh\u00eb.<br \/>\u2013 Tretshm\u00ebria: Sulfati i manganit \u00ebsht\u00eb i tretsh\u00ebm n\u00eb uj\u00eb, duke e b\u00ebr\u00eb t\u00eb leht\u00eb tretjen dhe p\u00ebrfshirjen n\u00eb aplikime t\u00eb ndryshme.<br \/>\u2013 Gjendja e oksidimit: Mangani n\u00eb sulfat mangani \u00ebsht\u00eb i pranish\u00ebm n\u00eb gjendjen e oksidimit +2.<br \/>\u2013 Burimi i manganit: Sh\u00ebrben si burim mangani, nj\u00eb mikronutrient thelb\u00ebsor p\u00ebr bim\u00ebt, kafsh\u00ebt dhe njer\u00ebzit.<\/p><p><strong>Informacion p\u00ebr sektorin e p\u00ebrdorimit t\u00eb produktit:<\/strong><\/p><p>1. Bujq\u00ebsia dhe t\u00eb ushqyerit e bim\u00ebve:<br \/>\u2013 Pleh mikronutrient: Sulfati i manganit p\u00ebrdoret si pleh p\u00ebr t\u00eb trajtuar mang\u00ebsit\u00eb e manganit n\u00eb bim\u00eb. Promovon rritjen e sh\u00ebndetshme, fotosintez\u00ebn dhe aktivitetin e enzim\u00ebs.<br \/>\u2013 Ndryshimi i tok\u00ebs: Mund t\u00eb shtohet n\u00eb tok\u00eb p\u00ebr t\u00eb korrigjuar mang\u00ebsit\u00eb e manganit dhe p\u00ebr t\u00eb p\u00ebrmir\u00ebsuar sh\u00ebndetin dhe produktivitetin e bim\u00ebve.<\/p><p>2. Ushqimi i kafsh\u00ebve dhe aditiv\u00ebt e ushqimit:<br \/>\u2013 Sh\u00ebndeti i kafsh\u00ebve: Sulfati i manganit shtohet n\u00eb ushqimin e kafsh\u00ebve p\u00ebr t\u00eb siguruar marrjen e duhur t\u00eb manganit p\u00ebr bag\u00ebtin\u00eb, shpend\u00ebt dhe akuakultur\u00ebn. Ai mb\u00ebshtet zhvillimin e kockave, sh\u00ebndetin riprodhues dhe funksionin e enzim\u00ebs.<br \/>\u2013 Shtesa p\u00ebr ushqimin: P\u00ebrdoret si nj\u00eb shtes\u00eb ushqimore p\u00ebr t\u00eb parandaluar dhe trajtuar mang\u00ebsit\u00eb e manganit tek kafsh\u00ebt.<\/p><p>3. Aplikacionet industriale:<br \/>\u2013 Prodhimi kimik: Sulfati i manganit p\u00ebrdoret n\u00eb prodhimin e kimikateve dhe komponimeve t\u00eb ndryshme, duke p\u00ebrfshir\u00eb pigmente, qeramik\u00eb dhe ngjyra.<br \/>\u2013 Elektrikimi: P\u00ebrdoret n\u00eb industrin\u00eb e pllakosjes p\u00ebr t\u00eb siguruar nj\u00eb shtres\u00eb mbrojt\u00ebse dhe dekorative n\u00eb sip\u00ebrfaqet metalike.<br \/>\u2013 Prodhimi i baterive: Sulfati i manganit p\u00ebrdoret n\u00eb prodhimin e baterive, ve\u00e7an\u00ebrisht si material katod\u00eb p\u00ebr baterit\u00eb alkaline.<\/p><p>4. Trajtimi i ujit:<br \/>\u2013 Akuakultura: Sulfati i manganit p\u00ebrdoret ndonj\u00ebher\u00eb n\u00eb sistemet e akuakultur\u00ebs p\u00ebr t\u00eb trajtuar mang\u00ebsit\u00eb e manganit n\u00eb uj\u00eb dhe p\u00ebr t\u00eb mb\u00ebshtetur sh\u00ebndetin e ujit.<\/p><p>5. Industria farmaceutike:<br \/>\u2013 P\u00ebrdorimi medicinal: Sulfati i manganit p\u00ebrdoret n\u00eb formulime t\u00eb caktuara farmaceutike, kryesisht si burim mangani n\u00eb suplementet dietike.<\/p><p>6. Laboratori dhe K\u00ebrkimi:<br \/>\u2013 Kimia analitike: Sulfati i manganit p\u00ebrdoret si reagent ose standard n\u00eb analiza t\u00eb ndryshme laboratorike, ve\u00e7an\u00ebrisht n\u00eb kimin\u00eb analitike dhe testimet mjedisore.<\/p><p>7. Sh\u00ebndeti i Kafsh\u00ebve dhe Mjek\u00ebsia Veterinare:<br \/>\u2013 Suplementet veterinare: Sulfati i manganit p\u00ebrfshihet n\u00eb suplementet veterinare p\u00ebr t\u00eb siguruar marrjen e duhur t\u00eb manganit p\u00ebr kafsh\u00ebt sht\u00ebpiake dhe bag\u00ebtin\u00eb.<\/p><p>8. Prodhimi i lidhjeve metalike:<br \/>\u2013 Metalurgji: Sulfati i manganit p\u00ebrdoret n\u00eb prodhimin e lidhjeve t\u00eb ndryshme t\u00eb metaleve, si \u00e7eliku dhe lidhjet e aluminit, p\u00ebr t\u00eb p\u00ebrmir\u00ebsuar vetit\u00eb dhe performanc\u00ebn e tyre.<\/p><p>9. Industria e qelqit dhe qeramik\u00ebs:<br \/>\u2013 Prodhimi i qelqit: P\u00ebrdoret si ngjyrues dhe pastrues n\u00eb prodhimin e qelqit, duke ndihmuar n\u00eb arritjen e nuancave dhe vetive optike t\u00eb d\u00ebshiruara.<br \/>\u2013 Lust\u00ebr qeramike: Sulfati i manganit mund t\u00eb shtohet n\u00eb glazurat qeramike p\u00ebr t\u00eb prodhuar ngjyra dhe efekte specifike.<\/p><p>10. Hulumtimi dhe edukimi:<br \/>\u2013 Demonstrimet arsimore: Sulfati i manganit p\u00ebrdoret ndonj\u00ebher\u00eb n\u00eb mjedise arsimore p\u00ebr eksperimente dhe demonstrime q\u00eb lidhen me reaksionet kimike dhe komplekset e joneve metalike.<\/p><p>Kur p\u00ebrdorni sulfat mangani, \u00ebsht\u00eb thelb\u00ebsore t\u00eb ndiqni udh\u00ebzimet e duhura t\u00eb trajtimit, ruajtjes dhe siguris\u00eb p\u00ebr t\u00eb siguruar p\u00ebrdorim t\u00eb sigurt dhe efektiv.<\/p>\t\t\t\t\t\t\t\t<\/div>\n\t\t\t\t<\/div>\n\t\t\t\t<section class=\"elementor-section elementor-inner-section elementor-element elementor-element-192645b1 elementor-section-boxed elementor-section-height-default elementor-section-height-default\" data-id=\"192645b1\" data-element_type=\"section\">\n\t\t\t\t\t\t<div class=\"elementor-container elementor-column-gap-no\">\n\t\t\t\t\t<div class=\"elementor-column elementor-col-100 elementor-inner-column elementor-element elementor-element-3bb0375d\" data-id=\"3bb0375d\" data-element_type=\"column\">\n\t\t\t<div class=\"elementor-widget-wrap\">\n\t\t\t\t\t\t\t<\/div>\n\t\t<\/div>\n\t\t\t\t\t<\/div>\n\t\t<\/section>\n\t\t\t\t<section class=\"elementor-section elementor-inner-section elementor-element elementor-element-3cd7f46 elementor-section-boxed elementor-section-height-default elementor-section-height-default\" data-id=\"3cd7f46\" data-element_type=\"section\" data-settings=\"{&quot;background_background&quot;:&quot;classic&quot;}\">\n\t\t\t\t\t\t<div class=\"elementor-container elementor-column-gap-no\">\n\t\t\t\t\t<div class=\"elementor-column elementor-col-100 elementor-inner-column elementor-element elementor-element-cb04472\" data-id=\"cb04472\" data-element_type=\"column\">\n\t\t\t<div class=\"elementor-widget-wrap elementor-element-populated\">\n\t\t\t\t\t\t<div class=\"elementor-element elementor-element-50ec094 elementor-view-default elementor-widget elementor-widget-icon\" data-id=\"50ec094\" data-element_type=\"widget\" data-widget_type=\"icon.default\">\n\t\t\t\t<div class=\"elementor-widget-container\">\n\t\t\t\t\t\t\t<div class=\"elementor-icon-wrapper\">\n\t\t\t<div class=\"elementor-icon\">\n\t\t\t<i aria-hidden=\"true\" class=\"vamtamtheme- vamtam-theme-quote-start\"><\/i>\t\t\t<\/div>\n\t\t<\/div>\n\t\t\t\t\t\t<\/div>\n\t\t\t\t<\/div>\n\t\t\t\t<div class=\"elementor-element elementor-element-3e15bf4 elementor-widget elementor-widget-text-editor\" data-id=\"3e15bf4\" data-element_type=\"widget\" data-widget_type=\"text-editor.default\">\n\t\t\t\t<div class=\"elementor-widget-container\">\n\t\t\t\t\t\t\t\t\t<p>\"P\u00ebr \u00e7do informacion, shkruani n\u00eb WhatsApp: Gjith\u00e7ka q\u00eb ju nevojitet, n\u00eb koh\u00eb reale, n\u00eb nj\u00eb mesazh. Na kontaktoni dhe jemi gati t\u00eb ju ndihmojm\u00eb.\"<\/p>\t\t\t\t\t\t\t\t<\/div>\n\t\t\t\t<\/div>\n\t\t\t\t<div class=\"elementor-element elementor-element-700a563 elementor-widget-divider--view-line elementor-widget elementor-widget-divider\" data-id=\"700a563\" data-element_type=\"widget\" data-widget_type=\"divider.default\">\n\t\t\t\t<div class=\"elementor-widget-container\">\n\t\t\t\t\t\t\t<div class=\"elementor-divider\">\n\t\t\t<span class=\"elementor-divider-separator\">\n\t\t\t\t\t\t<\/span>\n\t\t<\/div>\n\t\t\t\t\t\t<\/div>\n\t\t\t\t<\/div>\n\t\t\t\t<div class=\"vamtam-has-theme-widget-styles elementor-element elementor-element-625df65 elementor-widget__width-auto vamtam-has-underline-anim elementor-widget elementor-widget-button\" data-id=\"625df65\" data-element_type=\"widget\" data-widget_type=\"button.default\">\n\t\t\t\t<div class=\"elementor-widget-container\">\n\t\t\t\t\t\t\t\t\t<div class=\"elementor-button-wrapper\">\n\t\t\t\t\t<a class=\"elementor-button elementor-button-link elementor-size-md\" href=\"https:\/\/wa.me\/355694000260\">\n\t\t\t\t\t\t<span class=\"elementor-button-content-wrapper\">\n\t\t\t\t\t\t<span class=\"elementor-button-icon\">\n\t\t\t\t<i aria-hidden=\"true\" class=\"vamtamtheme- vamtam-theme-icon-arrow-right-top\"><\/i>\t\t\t<\/span>\n\t\t\t\t\t\t\t\t\t<span class=\"elementor-button-text\">Kontaktoni WhatsApp<\/span>\n\t\t\t\t\t<\/span>\n\t\t\t\t\t<\/a>\n\t\t\t\t<\/div>\n\t\t\t\t\t\t\t\t<\/div>\n\t\t\t\t<\/div>\n\t\t\t\t<div class=\"elementor-element elementor-element-a3e32d6 elementor-widget__width-auto elementor-widget elementor-widget-heading\" data-id=\"a3e32d6\" data-element_type=\"widget\" data-widget_type=\"heading.default\">\n\t\t\t\t<div class=\"elementor-widget-container\">\n\t\t\t\t\t<span class=\"elementor-heading-title elementor-size-default\">Albania Distribution Chemicals\n<\/span>\t\t\t\t<\/div>\n\t\t\t\t<\/div>\n\t\t\t\t\t<\/div>\n\t\t<\/div>\n\t\t\t\t\t<\/div>\n\t\t<\/section>\n\t\t\t\t\t<\/div>\n\t\t<\/div>\n\t\t\t\t\t<\/div>\n\t\t<\/section>\n\t\t\t\t<section class=\"elementor-section elementor-top-section elementor-element elementor-element-b3fd502 elementor-section-boxed elementor-section-height-default elementor-section-height-default\" data-id=\"b3fd502\" data-element_type=\"section\">\n\t\t\t\t\t\t<div class=\"elementor-container elementor-column-gap-default\">\n\t\t\t\t\t<div class=\"elementor-column elementor-col-100 elementor-top-column elementor-element elementor-element-a879885\" data-id=\"a879885\" data-element_type=\"column\">\n\t\t\t<div class=\"elementor-widget-wrap elementor-element-populated\">\n\t\t\t\t\t\t<div class=\"elementor-element elementor-element-4a3fe1c elementor-widget elementor-widget-spacer\" data-id=\"4a3fe1c\" data-element_type=\"widget\" data-widget_type=\"spacer.default\">\n\t\t\t\t<div class=\"elementor-widget-container\">\n\t\t\t\t\t\t\t<div class=\"elementor-spacer\">\n\t\t\t<div class=\"elementor-spacer-inner\"><\/div>\n\t\t<\/div>\n\t\t\t\t\t\t<\/div>\n\t\t\t\t<\/div>\n\t\t\t\t<div class=\"vamtam-has-theme-widget-styles elementor-element elementor-element-feed2fe elementor-widget elementor-widget-image\" data-id=\"feed2fe\" data-element_type=\"widget\" data-widget_type=\"image.default\">\n\t\t\t\t<div class=\"elementor-widget-container\">\n\t\t\t\t\t\t\t\t\t<div class=\"elementor-image\">\n\t\t\t\t\t\t\t\t\t\t\t\t\t\t\t\t\t\t\t\t\t<img decoding=\"async\" width=\"8000\" height=\"1355\" src=\"https:\/\/adchem.al\/wp-content\/uploads\/2023\/06\/baner-albania-distribution-chemicals-01.png\" class=\"attachment-full size-full wp-image-987764\" alt=\"\" srcset=\"https:\/\/adchem.al\/wp-content\/uploads\/2023\/06\/baner-albania-distribution-chemicals-01.png 8000w, https:\/\/adchem.al\/wp-content\/uploads\/2023\/06\/baner-albania-distribution-chemicals-01-300x51.png 300w, https:\/\/adchem.al\/wp-content\/uploads\/2023\/06\/baner-albania-distribution-chemicals-01-1024x173.png 1024w, https:\/\/adchem.al\/wp-content\/uploads\/2023\/06\/baner-albania-distribution-chemicals-01-768x130.png 768w, https:\/\/adchem.al\/wp-content\/uploads\/2023\/06\/baner-albania-distribution-chemicals-01-1536x260.png 1536w, https:\/\/adchem.al\/wp-content\/uploads\/2023\/06\/baner-albania-distribution-chemicals-01-2048x347.png 2048w\" sizes=\"(max-width: 8000px) 100vw, 8000px\" \/>\t\t\t\t\t\t\t\t\t\t\t\t\t\t\t\t\t\t\t\t\t\t\t\t<\/div>\n\t\t\t\t\t\t\t\t<\/div>\n\t\t\t\t<\/div>\n\t\t\t\t\t<\/div>\n\t\t<\/div>\n\t\t\t\t\t<\/div>\n\t\t<\/section>\n\t\t\t\t<\/div>","protected":false},"excerpt":{"rendered":"<p>Produkti: Sulfat Mangani<\/p>\n<p>Formula Kimike: MnSO4<\/p>\n<p>Informacion rreth produktit:<\/p>\n<p>\u2013 P\u00ebrb\u00ebrja kimike: Sulfati i manganit \u00ebsht\u00eb nj\u00eb p\u00ebrb\u00ebrje kimike q\u00eb p\u00ebrmban jone mangan (Mn) dhe sulfat (SO4).<br \/>\n\u2013 Forma e ngurt\u00eb: Gjendet zakonisht si pluhur kristalor roz\u00eb e zbeht\u00eb ose e bardh\u00eb.<br \/>\n\u2013 Tretshm\u00ebria: Sulfati i manganit \u00ebsht\u00eb i tretsh\u00ebm n\u00eb uj\u00eb, duke e b\u00ebr\u00eb t\u00eb leht\u00eb tretjen dhe p\u00ebrfshirjen n\u00eb aplikime t\u00eb ndryshme.<br \/>\n\u2013 Gjendja e oksidimit: Mangani n\u00eb sulfat mangani \u00ebsht\u00eb i pranish\u00ebm n\u00eb gjendjen e oksidimit +2.<br \/>\n\u2013 Burimi i manganit: Sh\u00ebrben si burim mangani, nj\u00eb mikronutrient thelb\u00ebsor p\u00ebr bim\u00ebt, kafsh\u00ebt dhe njer\u00ebzit.<\/p>","protected":false},"author":2,"featured_media":987891,"parent":145,"menu_order":0,"comment_status":"closed","ping_status":"closed","template":"","meta":{"inline_featured_image":false,"footnotes":""},"class_list":["post-987889","page","type-page","status-publish","has-post-thumbnail","hentry"],"yoast_head":"<!-- This site is optimized with the Yoast SEO plugin v27.4 - https:\/\/yoast.com\/product\/yoast-seo-wordpress\/ -->\n<title>Manganese Sulphate | Albania Distribution Chemicals<\/title>\n<meta name=\"robots\" content=\"index, follow, max-snippet:-1, max-image-preview:large, max-video-preview:-1\" \/>\n<link rel=\"canonical\" href=\"https:\/\/adchem.al\/al\/food-industry\/manganese-sulphate\/\" \/>\n<meta property=\"og:locale\" content=\"sq_AL\" \/>\n<meta property=\"og:type\" content=\"article\" \/>\n<meta property=\"og:title\" content=\"Manganese Sulphate | Albania Distribution Chemicals\" \/>\n<meta property=\"og:description\" content=\"Product: Manganese Sulphate Chemical Formula: MnSO4 Information about the product: - Chemical Compound: Manganese sulphate is a chemical compound that contains manganese (Mn) and sulphate (SO4) ions. - Solid Form: It is commonly found as a pale pink or white crystalline powder. - Solubility: Manganese sulphate is soluble in water, making it easy to dissolve and incorporate into various applications. - Oxidation State: Manganese in manganese sulphate is present in the +2 oxidation state. - Manganese Source: It serves as a source of manganese, an essential micronutrient for plants, animals, and humans.\" \/>\n<meta property=\"og:url\" content=\"https:\/\/adchem.al\/al\/food-industry\/manganese-sulphate\/\" \/>\n<meta property=\"og:site_name\" content=\"Albania Distribution Chemicals\" \/>\n<meta property=\"article:publisher\" content=\"https:\/\/www.facebook.com\/albaniadistributionchem\/?ref=py_c\" \/>\n<meta property=\"article:modified_time\" content=\"2023-06-27T19:16:37+00:00\" \/>\n<meta property=\"og:image\" content=\"https:\/\/adchem.al\/wp-content\/uploads\/2023\/06\/adchem-wallpaper-home.webp-2.webp\" \/>\n\t<meta property=\"og:image:width\" content=\"2560\" \/>\n\t<meta property=\"og:image:height\" content=\"1244\" \/>\n\t<meta property=\"og:image:type\" content=\"image\/webp\" \/>\n<meta name=\"twitter:card\" content=\"summary_large_image\" \/>\n<script type=\"application\/ld+json\" class=\"yoast-schema-graph\">{\"@context\":\"https:\\\/\\\/schema.org\",\"@graph\":[{\"@type\":\"WebPage\",\"@id\":\"https:\\\/\\\/adchem.al\\\/food-industry\\\/manganese-sulphate\\\/\",\"url\":\"https:\\\/\\\/adchem.al\\\/food-industry\\\/manganese-sulphate\\\/\",\"name\":\"Manganese Sulphate | Albania Distribution Chemicals\",\"isPartOf\":{\"@id\":\"https:\\\/\\\/adchem.al\\\/#website\"},\"primaryImageOfPage\":{\"@id\":\"https:\\\/\\\/adchem.al\\\/food-industry\\\/manganese-sulphate\\\/#primaryimage\"},\"image\":{\"@id\":\"https:\\\/\\\/adchem.al\\\/food-industry\\\/manganese-sulphate\\\/#primaryimage\"},\"thumbnailUrl\":\"https:\\\/\\\/adchem.al\\\/wp-content\\\/uploads\\\/2023\\\/06\\\/Manganese_sulfate.svg\",\"datePublished\":\"2023-06-23T19:05:18+00:00\",\"dateModified\":\"2023-06-27T19:16:37+00:00\",\"breadcrumb\":{\"@id\":\"https:\\\/\\\/adchem.al\\\/food-industry\\\/manganese-sulphate\\\/#breadcrumb\"},\"inLanguage\":\"sq\",\"potentialAction\":[{\"@type\":\"ReadAction\",\"target\":[\"https:\\\/\\\/adchem.al\\\/food-industry\\\/manganese-sulphate\\\/\"]}]},{\"@type\":\"ImageObject\",\"inLanguage\":\"sq\",\"@id\":\"https:\\\/\\\/adchem.al\\\/food-industry\\\/manganese-sulphate\\\/#primaryimage\",\"url\":\"https:\\\/\\\/adchem.al\\\/wp-content\\\/uploads\\\/2023\\\/06\\\/Manganese_sulfate.svg\",\"contentUrl\":\"https:\\\/\\\/adchem.al\\\/wp-content\\\/uploads\\\/2023\\\/06\\\/Manganese_sulfate.svg\",\"width\":474,\"height\":226},{\"@type\":\"BreadcrumbList\",\"@id\":\"https:\\\/\\\/adchem.al\\\/food-industry\\\/manganese-sulphate\\\/#breadcrumb\",\"itemListElement\":[{\"@type\":\"ListItem\",\"position\":1,\"name\":\"Home\",\"item\":\"https:\\\/\\\/adchem.al\\\/\"},{\"@type\":\"ListItem\",\"position\":2,\"name\":\"Food Industry\",\"item\":\"https:\\\/\\\/adchem.al\\\/food-industry\\\/\"},{\"@type\":\"ListItem\",\"position\":3,\"name\":\"Manganese Sulphate\"}]},{\"@type\":\"WebSite\",\"@id\":\"https:\\\/\\\/adchem.al\\\/#website\",\"url\":\"https:\\\/\\\/adchem.al\\\/\",\"name\":\"Albania Distribution Chemicals\",\"description\":\"&quot;Excellence in Chemical Distribution&quot;\",\"publisher\":{\"@id\":\"https:\\\/\\\/adchem.al\\\/#organization\"},\"alternateName\":\"ADC\",\"potentialAction\":[{\"@type\":\"SearchAction\",\"target\":{\"@type\":\"EntryPoint\",\"urlTemplate\":\"https:\\\/\\\/adchem.al\\\/?s={search_term_string}\"},\"query-input\":{\"@type\":\"PropertyValueSpecification\",\"valueRequired\":true,\"valueName\":\"search_term_string\"}}],\"inLanguage\":\"sq\"},{\"@type\":\"Organization\",\"@id\":\"https:\\\/\\\/adchem.al\\\/#organization\",\"name\":\"Albania Distribution Chemicals\",\"alternateName\":\"ADC\",\"url\":\"https:\\\/\\\/adchem.al\\\/\",\"logo\":{\"@type\":\"ImageObject\",\"inLanguage\":\"sq\",\"@id\":\"https:\\\/\\\/adchem.al\\\/#\\\/schema\\\/logo\\\/image\\\/\",\"url\":\"https:\\\/\\\/adchem.al\\\/wp-content\\\/uploads\\\/2022\\\/09\\\/Albania-Distribution-Chemicals-Logo-01.png\",\"contentUrl\":\"https:\\\/\\\/adchem.al\\\/wp-content\\\/uploads\\\/2022\\\/09\\\/Albania-Distribution-Chemicals-Logo-01.png\",\"width\":308,\"height\":104,\"caption\":\"Albania Distribution Chemicals\"},\"image\":{\"@id\":\"https:\\\/\\\/adchem.al\\\/#\\\/schema\\\/logo\\\/image\\\/\"},\"sameAs\":[\"https:\\\/\\\/www.facebook.com\\\/albaniadistributionchem\\\/?ref=py_c\",\"https:\\\/\\\/www.instagram.com\\\/albania_distribution_chemicals\\\/\"]}]}<\/script>\n<!-- \/ Yoast SEO plugin. -->","yoast_head_json":{"title":"Manganese Sulphate | Albania Distribution Chemicals","robots":{"index":"index","follow":"follow","max-snippet":"max-snippet:-1","max-image-preview":"max-image-preview:large","max-video-preview":"max-video-preview:-1"},"canonical":"https:\/\/adchem.al\/al\/food-industry\/manganese-sulphate\/","og_locale":"sq_AL","og_type":"article","og_title":"Manganese Sulphate | Albania Distribution Chemicals","og_description":"Product: Manganese Sulphate Chemical Formula: MnSO4 Information about the product: - Chemical Compound: Manganese sulphate is a chemical compound that contains manganese (Mn) and sulphate (SO4) ions. - Solid Form: It is commonly found as a pale pink or white crystalline powder. - Solubility: Manganese sulphate is soluble in water, making it easy to dissolve and incorporate into various applications. - Oxidation State: Manganese in manganese sulphate is present in the +2 oxidation state. - Manganese Source: It serves as a source of manganese, an essential micronutrient for plants, animals, and humans.","og_url":"https:\/\/adchem.al\/al\/food-industry\/manganese-sulphate\/","og_site_name":"Albania Distribution Chemicals","article_publisher":"https:\/\/www.facebook.com\/albaniadistributionchem\/?ref=py_c","article_modified_time":"2023-06-27T19:16:37+00:00","og_image":[{"width":2560,"height":1244,"url":"https:\/\/adchem.al\/wp-content\/uploads\/2023\/06\/adchem-wallpaper-home.webp-2.webp","type":"image\/webp"}],"twitter_card":"summary_large_image","schema":{"@context":"https:\/\/schema.org","@graph":[{"@type":"WebPage","@id":"https:\/\/adchem.al\/food-industry\/manganese-sulphate\/","url":"https:\/\/adchem.al\/food-industry\/manganese-sulphate\/","name":"Manganese Sulphate | Albania Distribution Chemicals","isPartOf":{"@id":"https:\/\/adchem.al\/#website"},"primaryImageOfPage":{"@id":"https:\/\/adchem.al\/food-industry\/manganese-sulphate\/#primaryimage"},"image":{"@id":"https:\/\/adchem.al\/food-industry\/manganese-sulphate\/#primaryimage"},"thumbnailUrl":"https:\/\/adchem.al\/wp-content\/uploads\/2023\/06\/Manganese_sulfate.svg","datePublished":"2023-06-23T19:05:18+00:00","dateModified":"2023-06-27T19:16:37+00:00","breadcrumb":{"@id":"https:\/\/adchem.al\/food-industry\/manganese-sulphate\/#breadcrumb"},"inLanguage":"sq","potentialAction":[{"@type":"ReadAction","target":["https:\/\/adchem.al\/food-industry\/manganese-sulphate\/"]}]},{"@type":"ImageObject","inLanguage":"sq","@id":"https:\/\/adchem.al\/food-industry\/manganese-sulphate\/#primaryimage","url":"https:\/\/adchem.al\/wp-content\/uploads\/2023\/06\/Manganese_sulfate.svg","contentUrl":"https:\/\/adchem.al\/wp-content\/uploads\/2023\/06\/Manganese_sulfate.svg","width":474,"height":226},{"@type":"BreadcrumbList","@id":"https:\/\/adchem.al\/food-industry\/manganese-sulphate\/#breadcrumb","itemListElement":[{"@type":"ListItem","position":1,"name":"Home","item":"https:\/\/adchem.al\/"},{"@type":"ListItem","position":2,"name":"Food Industry","item":"https:\/\/adchem.al\/food-industry\/"},{"@type":"ListItem","position":3,"name":"Manganese Sulphate"}]},{"@type":"WebSite","@id":"https:\/\/adchem.al\/#website","url":"https:\/\/adchem.al\/","name":"Albania Distribution Chemicals","description":"&quot;Excellence in Chemical Distribution&quot;","publisher":{"@id":"https:\/\/adchem.al\/#organization"},"alternateName":"ADC","potentialAction":[{"@type":"SearchAction","target":{"@type":"EntryPoint","urlTemplate":"https:\/\/adchem.al\/?s={search_term_string}"},"query-input":{"@type":"PropertyValueSpecification","valueRequired":true,"valueName":"search_term_string"}}],"inLanguage":"sq"},{"@type":"Organization","@id":"https:\/\/adchem.al\/#organization","name":"Albania Distribution Chemicals","alternateName":"ADC","url":"https:\/\/adchem.al\/","logo":{"@type":"ImageObject","inLanguage":"sq","@id":"https:\/\/adchem.al\/#\/schema\/logo\/image\/","url":"https:\/\/adchem.al\/wp-content\/uploads\/2022\/09\/Albania-Distribution-Chemicals-Logo-01.png","contentUrl":"https:\/\/adchem.al\/wp-content\/uploads\/2022\/09\/Albania-Distribution-Chemicals-Logo-01.png","width":308,"height":104,"caption":"Albania Distribution Chemicals"},"image":{"@id":"https:\/\/adchem.al\/#\/schema\/logo\/image\/"},"sameAs":["https:\/\/www.facebook.com\/albaniadistributionchem\/?ref=py_c","https:\/\/www.instagram.com\/albania_distribution_chemicals\/"]}]}},"_links":{"self":[{"href":"https:\/\/adchem.al\/al\/wp-json\/wp\/v2\/pages\/987889","targetHints":{"allow":["GET"]}}],"collection":[{"href":"https:\/\/adchem.al\/al\/wp-json\/wp\/v2\/pages"}],"about":[{"href":"https:\/\/adchem.al\/al\/wp-json\/wp\/v2\/types\/page"}],"author":[{"embeddable":true,"href":"https:\/\/adchem.al\/al\/wp-json\/wp\/v2\/users\/2"}],"replies":[{"embeddable":true,"href":"https:\/\/adchem.al\/al\/wp-json\/wp\/v2\/comments?post=987889"}],"version-history":[{"count":13,"href":"https:\/\/adchem.al\/al\/wp-json\/wp\/v2\/pages\/987889\/revisions"}],"predecessor-version":[{"id":989138,"href":"https:\/\/adchem.al\/al\/wp-json\/wp\/v2\/pages\/987889\/revisions\/989138"}],"up":[{"embeddable":true,"href":"https:\/\/adchem.al\/al\/wp-json\/wp\/v2\/pages\/145"}],"wp:featuredmedia":[{"embeddable":true,"href":"https:\/\/adchem.al\/al\/wp-json\/wp\/v2\/media\/987891"}],"wp:attachment":[{"href":"https:\/\/adchem.al\/al\/wp-json\/wp\/v2\/media?parent=987889"}],"curies":[{"name":"wp","href":"https:\/\/api.w.org\/{rel}","templated":true}]}}