{"id":987882,"date":"2023-06-23T18:54:47","date_gmt":"2023-06-23T18:54:47","guid":{"rendered":"https:\/\/adchem.al\/?page_id=987882"},"modified":"2023-07-09T19:14:31","modified_gmt":"2023-07-09T19:14:31","slug":"lactic-acid","status":"publish","type":"page","link":"https:\/\/adchem.al\/al\/food-industry\/lactic-acid\/","title":{"rendered":"Acid Laktik"},"content":{"rendered":"<div data-elementor-type=\"wp-page\" data-elementor-id=\"987882\" class=\"elementor elementor-987882\" data-elementor-post-type=\"page\">\n\t\t\t\t\t\t<section class=\"elementor-section elementor-top-section elementor-element elementor-element-37858afc elementor-section-full_width elementor-section-height-default elementor-section-height-default\" data-id=\"37858afc\" data-element_type=\"section\" data-e-type=\"section\">\n\t\t\t\t\t\t<div class=\"elementor-container elementor-column-gap-no\">\n\t\t\t\t\t<div class=\"elementor-column elementor-col-100 elementor-top-column elementor-element elementor-element-60bb79bd\" data-id=\"60bb79bd\" data-element_type=\"column\" data-e-type=\"column\">\n\t\t\t<div class=\"elementor-widget-wrap elementor-element-populated\">\n\t\t\t\t\t\t<div class=\"vamtam-has-theme-widget-styles elementor-element elementor-element-86d4d6c elementor-widget elementor-widget-image\" data-id=\"86d4d6c\" data-element_type=\"widget\" data-e-type=\"widget\" data-widget_type=\"image.default\">\n\t\t\t\t<div class=\"elementor-widget-container\">\n\t\t\t\t\t\t\t\t\t<div class=\"elementor-image\">\n\t\t\t\t\t\t\t\t\t\t\t\t\t\t\t\t<figure class=\"wp-caption\">\n\t\t\t\t\t\t\t\t\t\t\t\t\t\t\t\t<img decoding=\"async\" width=\"128\" height=\"116\" src=\"https:\/\/adchem.al\/wp-content\/uploads\/2023\/06\/Lactic-acid-skeletal.svg\" class=\"attachment-full size-full wp-image-987883\" alt=\"Lactic-acid-skeletal\" \/>\t\t\t\t\t\t\t\t\t\t\t\t\t\t\t\t\t<figcaption class=\"widget-image-caption wp-caption-text\">Albania Distribution Chemicals<\/figcaption>\n\t\t\t\t\t\t\t\t\t\t\t\t\t\t\t\t<\/figure>\n\t\t\t\t\t\t\t\t\t\t\t\t\t\t<\/div>\n\t\t\t\t\t\t\t\t<\/div>\n\t\t\t\t<\/div>\n\t\t\t\t<div class=\"elementor-element elementor-element-61992a9a elementor-widget elementor-widget-text-editor\" data-id=\"61992a9a\" data-element_type=\"widget\" data-e-type=\"widget\" data-widget_type=\"text-editor.default\">\n\t\t\t\t<div class=\"elementor-widget-container\">\n\t\t\t\t\t\t\t\t\t<h1><strong>Produkti: Acid laktik<\/strong><\/h1>\n<h3><strong>Formula Kimike: C3H6O3<\/strong><\/h3>\n<h4><strong>Informacion rreth produktit:<\/strong><\/h4>\n<p>&#8211; Lactic acid is an organic acid that is produced naturally in the body during metabolism.<br>\u2013 Shija e thart\u00eb: Ka nj\u00eb shije t\u00eb thart\u00eb dhe \u00ebsht\u00eb p\u00ebrgjegj\u00ebse p\u00ebr arom\u00ebn e mpreht\u00eb n\u00eb ushqimet e fermentuara.<br>&#8211; <a href=\"https:\/\/en.wikipedia.org\/wiki\/Biodegradation\" target=\"_blank\" rel=\"noopener\">Biodegradable<\/a>: Lactic acid is biodegradable and environmentally friendly.<br>\u2013 Higroskopik: Ka veti higroskopike, q\u00eb do t\u00eb thot\u00eb se t\u00ebrheq dhe mban lag\u00ebshti.<br>\u2013 Optikisht aktiv: Acidi laktik ekziston n\u00eb dy izomer\u00eb optik\u00eb, acid L-laktik dhe acid D-laktik.<\/p>\n<h4><strong>Information for the sector of utilization of the <a href=\"https:\/\/adchem.al\/al\/\" target=\"_blank\" rel=\"noopener\">product<\/a>:<\/strong><\/h4>\n<p>1. Industria e ushqimit dhe pijeve:<br>&#8211; Acidulant: C3H6O3 is used as an acidulant in various food and beverage products, including dairy products, baked goods, and sour candies.<br>\u2013 P\u00ebrmir\u00ebsues i shijes: I shton nj\u00eb shije t\u00eb mpreht\u00eb dhe acide ushqimeve dhe pijeve, duke rritur profilin e tyre t\u00eb shijes.<br>&#8211; pH Regulator: C3H6O3 is used to adjust and regulate the pH level in food and beverage formulations.<\/p>\n<p>2. Industria farmaceutike:<br>&#8211; Excipient: C3H6O3 is used as an excipient in pharmaceutical formulations, assisting in drug delivery and improving stability.<br>\u2013 Aplikimet Topike: P\u00ebrdoret n\u00eb medikamente aktuale dhe produkte p\u00ebr kujdesin e l\u00ebkur\u00ebs p\u00ebr shkak t\u00eb vetive t\u00eb tij eksfoluese dhe hidratuese.<\/p>\n<p>3. Kozmetik\u00eb dhe produkte t\u00eb kujdesit personal:<br>\u2013 Kujdesi p\u00ebr l\u00ebkur\u00ebn: Acidi laktik p\u00ebrdoret n\u00eb produktet e kujdesit t\u00eb l\u00ebkur\u00ebs si pastrues, tonik dhe l\u00ebvozhg\u00eb p\u00ebr efektet e tij eksfoluese dhe ndri\u00e7uese t\u00eb l\u00ebkur\u00ebs.<br>\u2013 Kujdesi p\u00ebr flok\u00ebt: Mund t\u00eb gjendet n\u00eb produktet e kujdesit t\u00eb flok\u00ebve p\u00ebr t\u00eb ndihmuar n\u00eb ruajtjen e ekuilibrit t\u00eb pH t\u00eb kok\u00ebs dhe promovimin e flok\u00ebve t\u00eb sh\u00ebndetsh\u00ebm.<\/p>\n<p>4. Aplikacionet industriale:<br>\u2013 Bioplastika: Acidi laktik p\u00ebrdoret n\u00eb prodhimin e plastik\u00ebs s\u00eb biodegradueshme dhe materialeve t\u00eb paketimit.<br>\u2013 Industria e tekstilit: P\u00ebrdoret n\u00eb ngjyrosjen dhe printimin e tekstileve si rregullues i pH dhe fiksues ngjyrash.<\/p>\n<p>5. Bujq\u00ebsia dhe ushqimi i kafsh\u00ebve:<br>&#8211; Silage Preservation: C3H6O3 is used in silage production to promote fermentation and inhibit the growth of spoilage microorganisms.<br>\u2013 Ushqyerja e kafsh\u00ebve: P\u00ebrfshihet n\u00eb ushqimin e kafsh\u00ebve p\u00ebr t\u00eb rritur p\u00ebrthithjen e l\u00ebnd\u00ebve ushqyese dhe p\u00ebr t\u00eb p\u00ebrmir\u00ebsuar sh\u00ebndetin e zorr\u00ebve n\u00eb bag\u00ebti.<\/p>\n<p>6. Produktet e pastrimit dhe sht\u00ebpiake:<br>&#8211; Household Cleaners: C3H6O3 is used in household cleaning products as a natural and eco-friendly alternative to harsh chemicals.<br>\u2013 Agjent papast\u00ebrti: Mund t\u00eb largoj\u00eb depozitat minerale dhe grumbullimin e peshores nga sip\u00ebrfaqet dhe pajisjet.<\/p>\n<p>7. Trajtimi i ujit:<br>&#8211; pH Adjustment: C3H6O3 is utilized in water treatment processes to control and adjust the pH level.<\/p>\n<p>8. Aplikimet mjek\u00ebsore dhe dentare:<br>&#8211; Dentistry: C3H6O3 is involved in the process of tooth demineralization and plays a role in the development of dental caries.<br>\u2013 Diagnostifikimi mjek\u00ebsor: Nivelet e acidit laktik n\u00eb gjak mund t\u00eb maten p\u00ebr t\u00eb vler\u00ebsuar oksigjenimin e indeve dhe p\u00ebr t\u00eb diagnostikuar disa kushte mjek\u00ebsore.<\/p>\n<p>9. Bioteknologjia dhe Fermentimi:<br>&#8211; Microbial Production: C3H6O3 is produced by fermentation using specific bacteria and yeast strains. It serves as a precursor for various biotechnological processes and products.<\/p>\n<p>10. K\u00ebrkimi dhe laboratori:<br>&#8211; Cell Culture: Is used in cell culture media to regulate pH and provide a suitable environment for cell growth.<\/p>\n<p>\u00cbsht\u00eb e r\u00ebnd\u00ebsishme t\u00eb merren parasysh k\u00ebrkesat specifike, rregulloret dhe udh\u00ebzimet e siguris\u00eb t\u00eb secilit sektor kur p\u00ebrdoret acidi laktik p\u00ebr aplikime t\u00eb ndryshme.<\/p>\t\t\t\t\t\t\t\t<\/div>\n\t\t\t\t<\/div>\n\t\t\t\t<section class=\"elementor-section elementor-inner-section elementor-element elementor-element-7bd7744 elementor-section-boxed elementor-section-height-default elementor-section-height-default\" data-id=\"7bd7744\" data-element_type=\"section\" data-e-type=\"section\" data-settings=\"{&quot;background_background&quot;:&quot;classic&quot;}\">\n\t\t\t\t\t\t<div class=\"elementor-container elementor-column-gap-no\">\n\t\t\t\t\t<div class=\"elementor-column elementor-col-100 elementor-inner-column elementor-element elementor-element-9aa0295\" data-id=\"9aa0295\" data-element_type=\"column\" data-e-type=\"column\">\n\t\t\t<div class=\"elementor-widget-wrap elementor-element-populated\">\n\t\t\t\t\t\t<div class=\"elementor-element elementor-element-12c1ade elementor-view-default elementor-widget elementor-widget-icon\" data-id=\"12c1ade\" data-element_type=\"widget\" data-e-type=\"widget\" data-widget_type=\"icon.default\">\n\t\t\t\t<div class=\"elementor-widget-container\">\n\t\t\t\t\t\t\t<div class=\"elementor-icon-wrapper\">\n\t\t\t<div class=\"elementor-icon\">\n\t\t\t<i aria-hidden=\"true\" class=\"vamtamtheme- vamtam-theme-quote-start\"><\/i>\t\t\t<\/div>\n\t\t<\/div>\n\t\t\t\t\t\t<\/div>\n\t\t\t\t<\/div>\n\t\t\t\t<div class=\"elementor-element elementor-element-dfc18aa elementor-widget elementor-widget-text-editor\" data-id=\"dfc18aa\" data-element_type=\"widget\" data-e-type=\"widget\" data-widget_type=\"text-editor.default\">\n\t\t\t\t<div class=\"elementor-widget-container\">\n\t\t\t\t\t\t\t\t\t<p>\"P\u00ebr \u00e7do informacion, shkruani n\u00eb WhatsApp: Gjith\u00e7ka q\u00eb ju nevojitet, n\u00eb koh\u00eb reale, n\u00eb nj\u00eb mesazh. Na kontaktoni dhe jemi gati t\u00eb ju ndihmojm\u00eb.\"<\/p>\t\t\t\t\t\t\t\t<\/div>\n\t\t\t\t<\/div>\n\t\t\t\t<div class=\"elementor-element elementor-element-42d3451 elementor-widget-divider--view-line elementor-widget elementor-widget-divider\" data-id=\"42d3451\" data-element_type=\"widget\" data-e-type=\"widget\" data-widget_type=\"divider.default\">\n\t\t\t\t<div class=\"elementor-widget-container\">\n\t\t\t\t\t\t\t<div class=\"elementor-divider\">\n\t\t\t<span class=\"elementor-divider-separator\">\n\t\t\t\t\t\t<\/span>\n\t\t<\/div>\n\t\t\t\t\t\t<\/div>\n\t\t\t\t<\/div>\n\t\t\t\t<div class=\"vamtam-has-theme-widget-styles elementor-element elementor-element-18156d0 elementor-widget__width-auto vamtam-has-underline-anim elementor-widget elementor-widget-button\" data-id=\"18156d0\" data-element_type=\"widget\" data-e-type=\"widget\" data-widget_type=\"button.default\">\n\t\t\t\t<div class=\"elementor-widget-container\">\n\t\t\t\t\t\t\t\t\t<div class=\"elementor-button-wrapper\">\n\t\t\t\t\t<a class=\"elementor-button elementor-button-link elementor-size-md\" href=\"https:\/\/wa.me\/355694000260\">\n\t\t\t\t\t\t<span class=\"elementor-button-content-wrapper\">\n\t\t\t\t\t\t<span class=\"elementor-button-icon\">\n\t\t\t\t<i aria-hidden=\"true\" class=\"vamtamtheme- vamtam-theme-icon-arrow-right-top\"><\/i>\t\t\t<\/span>\n\t\t\t\t\t\t\t\t\t<span class=\"elementor-button-text\">Kontaktoni WhatsApp<\/span>\n\t\t\t\t\t<\/span>\n\t\t\t\t\t<\/a>\n\t\t\t\t<\/div>\n\t\t\t\t\t\t\t\t<\/div>\n\t\t\t\t<\/div>\n\t\t\t\t<div class=\"elementor-element elementor-element-46549c3 elementor-widget__width-auto elementor-widget elementor-widget-heading\" data-id=\"46549c3\" data-element_type=\"widget\" data-e-type=\"widget\" data-widget_type=\"heading.default\">\n\t\t\t\t<div class=\"elementor-widget-container\">\n\t\t\t\t\t<span class=\"elementor-heading-title elementor-size-default\">Albania Distribution Chemicals\n<\/span>\t\t\t\t<\/div>\n\t\t\t\t<\/div>\n\t\t\t\t\t<\/div>\n\t\t<\/div>\n\t\t\t\t\t<\/div>\n\t\t<\/section>\n\t\t\t\t\t<\/div>\n\t\t<\/div>\n\t\t\t\t\t<\/div>\n\t\t<\/section>\n\t\t\t\t<section class=\"elementor-section elementor-top-section elementor-element elementor-element-b3fd502 elementor-section-boxed elementor-section-height-default elementor-section-height-default\" data-id=\"b3fd502\" data-element_type=\"section\" data-e-type=\"section\">\n\t\t\t\t\t\t<div class=\"elementor-container elementor-column-gap-default\">\n\t\t\t\t\t<div class=\"elementor-column elementor-col-100 elementor-top-column elementor-element elementor-element-a879885\" data-id=\"a879885\" data-element_type=\"column\" data-e-type=\"column\">\n\t\t\t<div class=\"elementor-widget-wrap elementor-element-populated\">\n\t\t\t\t\t\t<div class=\"elementor-element elementor-element-4a3fe1c elementor-widget elementor-widget-spacer\" data-id=\"4a3fe1c\" data-element_type=\"widget\" data-e-type=\"widget\" data-widget_type=\"spacer.default\">\n\t\t\t\t<div class=\"elementor-widget-container\">\n\t\t\t\t\t\t\t<div class=\"elementor-spacer\">\n\t\t\t<div class=\"elementor-spacer-inner\"><\/div>\n\t\t<\/div>\n\t\t\t\t\t\t<\/div>\n\t\t\t\t<\/div>\n\t\t\t\t<div class=\"vamtam-has-theme-widget-styles elementor-element elementor-element-feed2fe elementor-widget elementor-widget-image\" data-id=\"feed2fe\" data-element_type=\"widget\" data-e-type=\"widget\" data-widget_type=\"image.default\">\n\t\t\t\t<div class=\"elementor-widget-container\">\n\t\t\t\t\t\t\t\t\t<div class=\"elementor-image\">\n\t\t\t\t\t\t\t\t\t\t\t\t\t\t\t\t\t\t\t\t\t<img fetchpriority=\"high\" decoding=\"async\" width=\"8000\" height=\"1355\" src=\"https:\/\/adchem.al\/wp-content\/uploads\/2023\/06\/baner-albania-distribution-chemicals-01.png\" class=\"attachment-full size-full wp-image-987764\" alt=\"\" srcset=\"https:\/\/adchem.al\/wp-content\/uploads\/2023\/06\/baner-albania-distribution-chemicals-01.png 8000w, https:\/\/adchem.al\/wp-content\/uploads\/2023\/06\/baner-albania-distribution-chemicals-01-300x51.png 300w, https:\/\/adchem.al\/wp-content\/uploads\/2023\/06\/baner-albania-distribution-chemicals-01-1024x173.png 1024w, https:\/\/adchem.al\/wp-content\/uploads\/2023\/06\/baner-albania-distribution-chemicals-01-768x130.png 768w, https:\/\/adchem.al\/wp-content\/uploads\/2023\/06\/baner-albania-distribution-chemicals-01-1536x260.png 1536w, https:\/\/adchem.al\/wp-content\/uploads\/2023\/06\/baner-albania-distribution-chemicals-01-2048x347.png 2048w\" sizes=\"(max-width: 8000px) 100vw, 8000px\" \/>\t\t\t\t\t\t\t\t\t\t\t\t\t\t\t\t\t\t\t\t\t\t\t\t<\/div>\n\t\t\t\t\t\t\t\t<\/div>\n\t\t\t\t<\/div>\n\t\t\t\t\t<\/div>\n\t\t<\/div>\n\t\t\t\t\t<\/div>\n\t\t<\/section>\n\t\t\t\t<\/div>","protected":false},"excerpt":{"rendered":"<p>Produkti: Acid laktik<\/p>\n<p>Formula Kimike: C3H6O3<\/p>\n<p>Informacion rreth produktit:<\/p>\n<p>\u2013 Acidi organik: Acidi laktik \u00ebsht\u00eb nj\u00eb acid organik q\u00eb prodhohet natyrsh\u00ebm n\u00eb trup gjat\u00eb metabolizmit.<br \/>\n\u2013 Shija e thart\u00eb: Ka nj\u00eb shije t\u00eb thart\u00eb dhe \u00ebsht\u00eb p\u00ebrgjegj\u00ebse p\u00ebr arom\u00ebn e mpreht\u00eb n\u00eb ushqimet e fermentuara.<br \/>\n\u2013 I biodegraduesh\u00ebm: Acidi laktik \u00ebsht\u00eb i biodegraduesh\u00ebm dhe miq\u00ebsor ndaj mjedisit.<br \/>\n\u2013 Higroskopik: Ka veti higroskopike, q\u00eb do t\u00eb thot\u00eb se t\u00ebrheq dhe mban lag\u00ebshti.<br \/>\n\u2013 Optikisht aktiv: Acidi laktik ekziston n\u00eb dy izomer\u00eb optik\u00eb, acid L-laktik dhe acid D-laktik.<\/p>","protected":false},"author":2,"featured_media":987883,"parent":145,"menu_order":0,"comment_status":"closed","ping_status":"closed","template":"","meta":{"inline_featured_image":false,"footnotes":""},"class_list":["post-987882","page","type-page","status-publish","has-post-thumbnail","hentry"],"yoast_head":"<!-- This site is optimized with the Yoast SEO plugin v27.6 - https:\/\/yoast.com\/product\/yoast-seo-wordpress\/ -->\n<title>Lactic Acid | Albania Distribution Chemicals<\/title>\n<meta name=\"description\" content=\"Lactic acid is an organic acid. It has a molecular formula CH 3CH(OH)COOH. It is white in the solid state and it is miscible with water.\" \/>\n<meta name=\"robots\" content=\"index, follow, max-snippet:-1, max-image-preview:large, max-video-preview:-1\" \/>\n<link rel=\"canonical\" href=\"https:\/\/adchem.al\/al\/food-industry\/lactic-acid\/\" \/>\n<meta property=\"og:locale\" content=\"sq_AL\" \/>\n<meta property=\"og:type\" content=\"article\" \/>\n<meta property=\"og:title\" content=\"Lactic Acid | Albania Distribution Chemicals\" \/>\n<meta property=\"og:description\" content=\"Lactic acid is an organic acid. It has a molecular formula CH 3CH(OH)COOH. It is white in the solid state and it is miscible with water.\" \/>\n<meta property=\"og:url\" content=\"https:\/\/adchem.al\/al\/food-industry\/lactic-acid\/\" \/>\n<meta property=\"og:site_name\" content=\"Albania Distribution Chemicals\" \/>\n<meta property=\"article:publisher\" content=\"https:\/\/www.facebook.com\/albaniadistributionchem\/?ref=py_c\" \/>\n<meta property=\"article:modified_time\" content=\"2023-07-09T19:14:31+00:00\" \/>\n<meta property=\"og:image\" content=\"https:\/\/adchem.al\/wp-content\/uploads\/2023\/06\/adchem-wallpaper-home.webp-2.webp\" \/>\n\t<meta property=\"og:image:width\" content=\"2560\" \/>\n\t<meta property=\"og:image:height\" content=\"1244\" \/>\n\t<meta property=\"og:image:type\" content=\"image\/webp\" \/>\n<meta name=\"twitter:card\" content=\"summary_large_image\" \/>\n<script type=\"application\/ld+json\" class=\"yoast-schema-graph\">{\"@context\":\"https:\\\/\\\/schema.org\",\"@graph\":[{\"@type\":\"WebPage\",\"@id\":\"https:\\\/\\\/adchem.al\\\/food-industry\\\/lactic-acid\\\/\",\"url\":\"https:\\\/\\\/adchem.al\\\/food-industry\\\/lactic-acid\\\/\",\"name\":\"Lactic Acid | Albania Distribution Chemicals\",\"isPartOf\":{\"@id\":\"https:\\\/\\\/adchem.al\\\/#website\"},\"primaryImageOfPage\":{\"@id\":\"https:\\\/\\\/adchem.al\\\/food-industry\\\/lactic-acid\\\/#primaryimage\"},\"image\":{\"@id\":\"https:\\\/\\\/adchem.al\\\/food-industry\\\/lactic-acid\\\/#primaryimage\"},\"thumbnailUrl\":\"https:\\\/\\\/adchem.al\\\/wp-content\\\/uploads\\\/2023\\\/06\\\/Lactic-acid-skeletal.svg\",\"datePublished\":\"2023-06-23T18:54:47+00:00\",\"dateModified\":\"2023-07-09T19:14:31+00:00\",\"description\":\"Lactic acid is an organic acid. It has a molecular formula CH 3CH(OH)COOH. It is white in the solid state and it is miscible with water.\",\"breadcrumb\":{\"@id\":\"https:\\\/\\\/adchem.al\\\/food-industry\\\/lactic-acid\\\/#breadcrumb\"},\"inLanguage\":\"sq\",\"potentialAction\":[{\"@type\":\"ReadAction\",\"target\":[\"https:\\\/\\\/adchem.al\\\/food-industry\\\/lactic-acid\\\/\"]}]},{\"@type\":\"ImageObject\",\"inLanguage\":\"sq\",\"@id\":\"https:\\\/\\\/adchem.al\\\/food-industry\\\/lactic-acid\\\/#primaryimage\",\"url\":\"https:\\\/\\\/adchem.al\\\/wp-content\\\/uploads\\\/2023\\\/06\\\/Lactic-acid-skeletal.svg\",\"contentUrl\":\"https:\\\/\\\/adchem.al\\\/wp-content\\\/uploads\\\/2023\\\/06\\\/Lactic-acid-skeletal.svg\",\"width\":128,\"height\":116,\"caption\":\"Lactic-acid-skeletal\"},{\"@type\":\"BreadcrumbList\",\"@id\":\"https:\\\/\\\/adchem.al\\\/food-industry\\\/lactic-acid\\\/#breadcrumb\",\"itemListElement\":[{\"@type\":\"ListItem\",\"position\":1,\"name\":\"Home\",\"item\":\"https:\\\/\\\/adchem.al\\\/\"},{\"@type\":\"ListItem\",\"position\":2,\"name\":\"Food Industry\",\"item\":\"https:\\\/\\\/adchem.al\\\/food-industry\\\/\"},{\"@type\":\"ListItem\",\"position\":3,\"name\":\"Lactic Acid\"}]},{\"@type\":\"WebSite\",\"@id\":\"https:\\\/\\\/adchem.al\\\/#website\",\"url\":\"https:\\\/\\\/adchem.al\\\/\",\"name\":\"Albania Distribution Chemicals\",\"description\":\"&quot;Excellence in Chemical Distribution&quot;\",\"publisher\":{\"@id\":\"https:\\\/\\\/adchem.al\\\/#organization\"},\"alternateName\":\"ADC\",\"potentialAction\":[{\"@type\":\"SearchAction\",\"target\":{\"@type\":\"EntryPoint\",\"urlTemplate\":\"https:\\\/\\\/adchem.al\\\/?s={search_term_string}\"},\"query-input\":{\"@type\":\"PropertyValueSpecification\",\"valueRequired\":true,\"valueName\":\"search_term_string\"}}],\"inLanguage\":\"sq\"},{\"@type\":\"Organization\",\"@id\":\"https:\\\/\\\/adchem.al\\\/#organization\",\"name\":\"Albania Distribution Chemicals\",\"alternateName\":\"ADC\",\"url\":\"https:\\\/\\\/adchem.al\\\/\",\"logo\":{\"@type\":\"ImageObject\",\"inLanguage\":\"sq\",\"@id\":\"https:\\\/\\\/adchem.al\\\/#\\\/schema\\\/logo\\\/image\\\/\",\"url\":\"https:\\\/\\\/adchem.al\\\/wp-content\\\/uploads\\\/2022\\\/09\\\/Albania-Distribution-Chemicals-Logo-01.png\",\"contentUrl\":\"https:\\\/\\\/adchem.al\\\/wp-content\\\/uploads\\\/2022\\\/09\\\/Albania-Distribution-Chemicals-Logo-01.png\",\"width\":308,\"height\":104,\"caption\":\"Albania Distribution Chemicals\"},\"image\":{\"@id\":\"https:\\\/\\\/adchem.al\\\/#\\\/schema\\\/logo\\\/image\\\/\"},\"sameAs\":[\"https:\\\/\\\/www.facebook.com\\\/albaniadistributionchem\\\/?ref=py_c\",\"https:\\\/\\\/www.instagram.com\\\/albania_distribution_chemicals\\\/\"]}]}<\/script>\n<!-- \/ Yoast SEO plugin. -->","yoast_head_json":{"title":"Lactic Acid | Albania Distribution Chemicals","description":"Lactic acid is an organic acid. It has a molecular formula CH 3CH(OH)COOH. It is white in the solid state and it is miscible with water.","robots":{"index":"index","follow":"follow","max-snippet":"max-snippet:-1","max-image-preview":"max-image-preview:large","max-video-preview":"max-video-preview:-1"},"canonical":"https:\/\/adchem.al\/al\/food-industry\/lactic-acid\/","og_locale":"sq_AL","og_type":"article","og_title":"Lactic Acid | Albania Distribution Chemicals","og_description":"Lactic acid is an organic acid. It has a molecular formula CH 3CH(OH)COOH. It is white in the solid state and it is miscible with water.","og_url":"https:\/\/adchem.al\/al\/food-industry\/lactic-acid\/","og_site_name":"Albania Distribution Chemicals","article_publisher":"https:\/\/www.facebook.com\/albaniadistributionchem\/?ref=py_c","article_modified_time":"2023-07-09T19:14:31+00:00","og_image":[{"width":2560,"height":1244,"url":"https:\/\/adchem.al\/wp-content\/uploads\/2023\/06\/adchem-wallpaper-home.webp-2.webp","type":"image\/webp"}],"twitter_card":"summary_large_image","schema":{"@context":"https:\/\/schema.org","@graph":[{"@type":"WebPage","@id":"https:\/\/adchem.al\/food-industry\/lactic-acid\/","url":"https:\/\/adchem.al\/food-industry\/lactic-acid\/","name":"Lactic Acid | Albania Distribution Chemicals","isPartOf":{"@id":"https:\/\/adchem.al\/#website"},"primaryImageOfPage":{"@id":"https:\/\/adchem.al\/food-industry\/lactic-acid\/#primaryimage"},"image":{"@id":"https:\/\/adchem.al\/food-industry\/lactic-acid\/#primaryimage"},"thumbnailUrl":"https:\/\/adchem.al\/wp-content\/uploads\/2023\/06\/Lactic-acid-skeletal.svg","datePublished":"2023-06-23T18:54:47+00:00","dateModified":"2023-07-09T19:14:31+00:00","description":"Lactic acid is an organic acid. It has a molecular formula CH 3CH(OH)COOH. It is white in the solid state and it is miscible with water.","breadcrumb":{"@id":"https:\/\/adchem.al\/food-industry\/lactic-acid\/#breadcrumb"},"inLanguage":"sq","potentialAction":[{"@type":"ReadAction","target":["https:\/\/adchem.al\/food-industry\/lactic-acid\/"]}]},{"@type":"ImageObject","inLanguage":"sq","@id":"https:\/\/adchem.al\/food-industry\/lactic-acid\/#primaryimage","url":"https:\/\/adchem.al\/wp-content\/uploads\/2023\/06\/Lactic-acid-skeletal.svg","contentUrl":"https:\/\/adchem.al\/wp-content\/uploads\/2023\/06\/Lactic-acid-skeletal.svg","width":128,"height":116,"caption":"Lactic-acid-skeletal"},{"@type":"BreadcrumbList","@id":"https:\/\/adchem.al\/food-industry\/lactic-acid\/#breadcrumb","itemListElement":[{"@type":"ListItem","position":1,"name":"Home","item":"https:\/\/adchem.al\/"},{"@type":"ListItem","position":2,"name":"Food Industry","item":"https:\/\/adchem.al\/food-industry\/"},{"@type":"ListItem","position":3,"name":"Lactic Acid"}]},{"@type":"WebSite","@id":"https:\/\/adchem.al\/#website","url":"https:\/\/adchem.al\/","name":"Albania Distribution Chemicals","description":"&quot;Excellence in Chemical Distribution&quot;","publisher":{"@id":"https:\/\/adchem.al\/#organization"},"alternateName":"ADC","potentialAction":[{"@type":"SearchAction","target":{"@type":"EntryPoint","urlTemplate":"https:\/\/adchem.al\/?s={search_term_string}"},"query-input":{"@type":"PropertyValueSpecification","valueRequired":true,"valueName":"search_term_string"}}],"inLanguage":"sq"},{"@type":"Organization","@id":"https:\/\/adchem.al\/#organization","name":"Albania Distribution Chemicals","alternateName":"ADC","url":"https:\/\/adchem.al\/","logo":{"@type":"ImageObject","inLanguage":"sq","@id":"https:\/\/adchem.al\/#\/schema\/logo\/image\/","url":"https:\/\/adchem.al\/wp-content\/uploads\/2022\/09\/Albania-Distribution-Chemicals-Logo-01.png","contentUrl":"https:\/\/adchem.al\/wp-content\/uploads\/2022\/09\/Albania-Distribution-Chemicals-Logo-01.png","width":308,"height":104,"caption":"Albania Distribution Chemicals"},"image":{"@id":"https:\/\/adchem.al\/#\/schema\/logo\/image\/"},"sameAs":["https:\/\/www.facebook.com\/albaniadistributionchem\/?ref=py_c","https:\/\/www.instagram.com\/albania_distribution_chemicals\/"]}]}},"_links":{"self":[{"href":"https:\/\/adchem.al\/al\/wp-json\/wp\/v2\/pages\/987882","targetHints":{"allow":["GET"]}}],"collection":[{"href":"https:\/\/adchem.al\/al\/wp-json\/wp\/v2\/pages"}],"about":[{"href":"https:\/\/adchem.al\/al\/wp-json\/wp\/v2\/types\/page"}],"author":[{"embeddable":true,"href":"https:\/\/adchem.al\/al\/wp-json\/wp\/v2\/users\/2"}],"replies":[{"embeddable":true,"href":"https:\/\/adchem.al\/al\/wp-json\/wp\/v2\/comments?post=987882"}],"version-history":[{"count":41,"href":"https:\/\/adchem.al\/al\/wp-json\/wp\/v2\/pages\/987882\/revisions"}],"predecessor-version":[{"id":989341,"href":"https:\/\/adchem.al\/al\/wp-json\/wp\/v2\/pages\/987882\/revisions\/989341"}],"up":[{"embeddable":true,"href":"https:\/\/adchem.al\/al\/wp-json\/wp\/v2\/pages\/145"}],"wp:featuredmedia":[{"embeddable":true,"href":"https:\/\/adchem.al\/al\/wp-json\/wp\/v2\/media\/987883"}],"wp:attachment":[{"href":"https:\/\/adchem.al\/al\/wp-json\/wp\/v2\/media?parent=987882"}],"curies":[{"name":"wp","href":"https:\/\/api.w.org\/{rel}","templated":true}]}}