{"id":987871,"date":"2023-06-22T23:08:20","date_gmt":"2023-06-22T23:08:20","guid":{"rendered":"https:\/\/adchem.al\/?page_id=987871"},"modified":"2023-06-27T19:15:23","modified_gmt":"2023-06-27T19:15:23","slug":"citric-acid","status":"publish","type":"page","link":"https:\/\/adchem.al\/al\/food-industry\/citric-acid\/","title":{"rendered":"Acid Citrik"},"content":{"rendered":"<div data-elementor-type=\"wp-page\" data-elementor-id=\"987871\" class=\"elementor elementor-987871\" data-elementor-post-type=\"page\">\n\t\t\t\t\t\t<section class=\"elementor-section elementor-top-section elementor-element elementor-element-37858afc elementor-section-full_width elementor-section-height-default elementor-section-height-default\" data-id=\"37858afc\" data-element_type=\"section\">\n\t\t\t\t\t\t<div class=\"elementor-container elementor-column-gap-no\">\n\t\t\t\t\t<div class=\"elementor-column elementor-col-100 elementor-top-column elementor-element elementor-element-60bb79bd\" data-id=\"60bb79bd\" data-element_type=\"column\">\n\t\t\t<div class=\"elementor-widget-wrap elementor-element-populated\">\n\t\t\t\t\t\t<div class=\"vamtam-has-theme-widget-styles elementor-element elementor-element-86d4d6c elementor-widget elementor-widget-image\" data-id=\"86d4d6c\" data-element_type=\"widget\" data-widget_type=\"image.default\">\n\t\t\t\t<div class=\"elementor-widget-container\">\n\t\t\t\t\t\t\t\t\t<div class=\"elementor-image\">\n\t\t\t\t\t\t\t\t\t\t\t\t\t\t\t\t<figure class=\"wp-caption\">\n\t\t\t\t\t\t\t\t\t\t\t\t\t\t\t\t<img decoding=\"async\" width=\"253\" height=\"120\" src=\"https:\/\/adchem.al\/wp-content\/uploads\/2023\/06\/Citric_acid.svg\" class=\"attachment-full size-full wp-image-987873\" alt=\"\" \/>\t\t\t\t\t\t\t\t\t\t\t\t\t\t\t\t\t<figcaption class=\"widget-image-caption wp-caption-text\">Albania Distribution Chemicals<\/figcaption>\n\t\t\t\t\t\t\t\t\t\t\t\t\t\t\t\t<\/figure>\n\t\t\t\t\t\t\t\t\t\t\t\t\t\t<\/div>\n\t\t\t\t\t\t\t\t<\/div>\n\t\t\t\t<\/div>\n\t\t\t\t<div class=\"elementor-element elementor-element-61992a9a elementor-widget elementor-widget-text-editor\" data-id=\"61992a9a\" data-element_type=\"widget\" data-widget_type=\"text-editor.default\">\n\t\t\t\t<div class=\"elementor-widget-container\">\n\t\t\t\t\t\t\t\t\t<p><strong>Produkti: Acid citrik<\/strong><\/p><p><strong>Formula Kimike: C6H8O7<\/strong><\/p><p><strong>Informacion rreth produktit:<\/strong><\/p><ul><li>Ndodh n\u00eb m\u00ebnyr\u00eb natyrale: Acidi citrik \u00ebsht\u00eb nj\u00eb acid natyral q\u00eb gjendet n\u00eb fruta t\u00eb ndryshme agrume, t\u00eb tilla si limon, limon dhe portokall.<\/li><li>P\u00ebrmir\u00ebsuesi i shijes: P\u00ebrdoret gjer\u00ebsisht si nj\u00eb shtes\u00eb ushqimore p\u00ebr shkak t\u00eb shijes s\u00eb thart\u00eb, e cila rrit shijen e shum\u00eb produkteve ushqimore dhe pijeve.<\/li><li>Rregullues i pH: Acidi citrik \u00ebsht\u00eb nj\u00eb rregullues efektiv i pH dhe mund t\u00eb p\u00ebrdoret p\u00ebr t\u00eb rregulluar aciditetin e ushqimit dhe formulimeve kozmetike.<\/li><li>Agjenti kelues: Ka veti kelatuese, q\u00eb do t\u00eb thot\u00eb se mund t\u00eb lidhet me jonet metalike, gj\u00eb q\u00eb ndihmon n\u00eb parandalimin e oksidimit dhe ruajtjen e stabilitetit t\u00eb produkteve.<\/li><li>Konservues: Acidi citrik vepron si nj\u00eb ruajt\u00ebs natyral, duke penguar rritjen e baktereve dhe k\u00ebrpudhave n\u00eb ushqime dhe produkte kozmetike.<\/li><\/ul><p><strong>Informacion p\u00ebr sektorin e p\u00ebrdorimit t\u00eb produktit:<\/strong><\/p><ol><li>Industria e ushqimit dhe pijeve:<\/li><\/ol><ul><li>Acidulant: Acidi citrik p\u00ebrdoret gjer\u00ebsisht si nj\u00eb acidulant n\u00eb ushqim dhe pije p\u00ebr t\u00eb ofruar nj\u00eb arom\u00eb t\u00eb thekur. Gjendet zakonisht n\u00eb pije joalkoolike, karamele, re\u00e7el dhe salca.<\/li><li>Aromatizues: P\u00ebrmir\u00ebson shijen dhe arom\u00ebn e produkteve t\u00eb ndryshme ushqimore, duke p\u00ebrfshir\u00eb \u00ebmb\u00eblsirat me xhelatin\u00eb, l\u00ebngjet e frutave dhe pijet e gazuara.<\/li><li>Konservimi dhe ruajtja: Acidi citrik p\u00ebrdoret n\u00eb konservimin e frutave dhe perimeve p\u00ebr t\u00eb ruajtur ngjyr\u00ebn, struktur\u00ebn dhe p\u00ebrmbajtjen ushqyese t\u00eb tyre.<\/li><\/ul><ol start=\"2\"><li>Industria farmaceutike:<\/li><\/ol><ul><li>Eksipient: Acidi citrik p\u00ebrdoret si nj\u00eb l\u00ebnd\u00eb ndihm\u00ebse n\u00eb formulimet farmaceutike, duke vepruar si stabilizues, rregullues i pH-s\u00eb ose agjent aromatizues n\u00eb medikamente dhe shurupe t\u00eb caktuara.<\/li><\/ul><ol start=\"3\"><li>Kozmetik\u00eb dhe produkte t\u00eb kujdesit personal:<\/li><\/ol><ul><li>Kujdesi p\u00ebr l\u00ebkur\u00ebn: Acidi citrik \u00ebsht\u00eb i p\u00ebrfshir\u00eb n\u00eb produktet e kujdesit t\u00eb l\u00ebkur\u00ebs si pastrues, toner dhe eksfoliant p\u00ebr vetit\u00eb e tij eksfoluese dhe ndri\u00e7uese.<\/li><li>Kujdesi p\u00ebr flok\u00ebt: P\u00ebrdoret n\u00eb shampo dhe kondicioner\u00eb p\u00ebr t\u00eb rregulluar pH, p\u00ebr t\u00eb p\u00ebrmir\u00ebsuar menaxhimin e flok\u00ebve dhe p\u00ebr t\u00eb hequr depozitat minerale.<\/li><li>Produktet e banj\u00ebs dhe t\u00eb trupit: Acidi citrik p\u00ebrdoret n\u00eb bombat e banj\u00ebs, krip\u00ebrat e banj\u00ebs dhe xhel dushi p\u00ebr efektet e tij shkum\u00ebsuese dhe balancuese t\u00eb pH.<\/li><\/ul><ol start=\"4\"><li>Produktet e pastrimit dhe sht\u00ebpiake:<\/li><\/ol><ul><li>Agjent pastrues: Acidi citrik \u00ebsht\u00eb nj\u00eb agjent efektiv natyral pastrimi q\u00eb mund t\u00eb heq\u00eb njollat e ujit t\u00eb fort\u00eb, depozitat minerale dhe mbeturinat e sapunit nga sip\u00ebrfaqet.<\/li><li>Agjent pastrues: P\u00ebrdoret n\u00eb pastrimin e produkteve p\u00ebr makinat e kafes\u00eb, kazan\u00ebt dhe pajisje t\u00eb tjera p\u00ebr t\u00eb hequr grumbullimin e mineraleve.<\/li><\/ul><ol start=\"5\"><li>Aplikacionet industriale:<\/li><\/ol><ul><li>Pastrimi dhe pasivimi i metaleve: Acidi citrik p\u00ebrdoret n\u00eb proceset industriale p\u00ebr pastrimin e metaleve, pasivimin dhe heqjen e ndryshkut ose shkall\u00ebve nga sip\u00ebrfaqet metalike.<\/li><li>Trajtimi i ujit: P\u00ebrdoret n\u00eb sistemet e trajtimit t\u00eb ujit p\u00ebr t\u00eb kontrolluar nivelet e pH, p\u00ebr t\u00eb parandaluar formimin e shkall\u00ebs dhe p\u00ebr t\u00eb hequr jonet metalike.<\/li><\/ul><ol start=\"6\"><li>Bujq\u00ebsia dhe Hortikultura:<\/li><\/ol><ul><li>Acidifikimi i tok\u00ebs: Acidi citrik mund t\u00eb p\u00ebrdoret p\u00ebr t\u00eb rregulluar pH-n\u00eb e tok\u00ebs n\u00eb praktikat bujq\u00ebsore dhe hortikulturore, ve\u00e7an\u00ebrisht p\u00ebr bim\u00ebt q\u00eb duan acide.<\/li><\/ul><ol start=\"7\"><li>Laboratori dhe K\u00ebrkimi:<\/li><\/ol><ul><li>Kimia analitike: Acidi citrik p\u00ebrdoret si reagent n\u00eb analiza t\u00eb ndryshme laboratorike, duke p\u00ebrfshir\u00eb titrimin kompleksometrik dhe p\u00ebrcaktimin e joneve metalike.<\/li><\/ul><ol start=\"8\"><li>Industria e tekstilit:<\/li><\/ol><ul><li>Ngjyrosja dhe printimi: Acidi citrik p\u00ebrdoret n\u00eb proceset e ngjyrosjes dhe printimit t\u00eb tekstilit si nj\u00eb rregullues i pH dhe agjent fiksues p\u00ebr ngjyra t\u00eb caktuara.<\/li><\/ul><ol start=\"9\"><li>Ushqim p\u00ebr kafsh\u00eb:<\/li><\/ol><ul><li>Aciduesi: Acidi citrik shtohet n\u00eb ushqimin e kafsh\u00ebve p\u00ebr t\u00eb p\u00ebrmir\u00ebsuar tretshm\u00ebrin\u00eb, p\u00ebr t\u00eb p\u00ebrmir\u00ebsuar thithjen e l\u00ebnd\u00ebve ushqyese dhe p\u00ebr t\u00eb nxitur rritjen e kafsh\u00ebve.<\/li><\/ul><ol start=\"10\"><li>Industria e shijeve dhe aromave:<\/li><\/ol><ul><li>P\u00ebrmir\u00ebsuesi i shijes: Acidi citrik p\u00ebrdoret n\u00eb prodhimin e aromave dhe aromave artificiale, duke rritur shijen dhe arom\u00ebn e tyre.<\/li><\/ul><p>\u00cbsht\u00eb e r\u00ebnd\u00ebsishme t\u00eb ndiqni rregulloret, udh\u00ebzimet dhe masat paraprake t\u00eb siguris\u00eb specifike t\u00eb industris\u00eb kur p\u00ebrdorni acid citrik n\u00eb sektor\u00eb t\u00eb ndrysh\u00ebm p\u00ebr t\u00eb siguruar p\u00ebrdorimin e duhur dhe t\u00eb sigurt t\u00eb tij.<\/p>\t\t\t\t\t\t\t\t<\/div>\n\t\t\t\t<\/div>\n\t\t\t\t<section class=\"elementor-section elementor-inner-section elementor-element elementor-element-b0c785f elementor-section-boxed elementor-section-height-default elementor-section-height-default\" data-id=\"b0c785f\" data-element_type=\"section\" data-settings=\"{&quot;background_background&quot;:&quot;classic&quot;}\">\n\t\t\t\t\t\t<div class=\"elementor-container elementor-column-gap-no\">\n\t\t\t\t\t<div class=\"elementor-column elementor-col-100 elementor-inner-column elementor-element elementor-element-565509f\" data-id=\"565509f\" data-element_type=\"column\">\n\t\t\t<div class=\"elementor-widget-wrap elementor-element-populated\">\n\t\t\t\t\t\t<div class=\"elementor-element elementor-element-c8ca185 elementor-view-default elementor-widget elementor-widget-icon\" data-id=\"c8ca185\" data-element_type=\"widget\" data-widget_type=\"icon.default\">\n\t\t\t\t<div class=\"elementor-widget-container\">\n\t\t\t\t\t\t\t<div class=\"elementor-icon-wrapper\">\n\t\t\t<div class=\"elementor-icon\">\n\t\t\t<i aria-hidden=\"true\" class=\"vamtamtheme- vamtam-theme-quote-start\"><\/i>\t\t\t<\/div>\n\t\t<\/div>\n\t\t\t\t\t\t<\/div>\n\t\t\t\t<\/div>\n\t\t\t\t<div class=\"elementor-element elementor-element-1daaaf0 elementor-widget elementor-widget-text-editor\" data-id=\"1daaaf0\" data-element_type=\"widget\" data-widget_type=\"text-editor.default\">\n\t\t\t\t<div class=\"elementor-widget-container\">\n\t\t\t\t\t\t\t\t\t<p>\"P\u00ebr \u00e7do informacion, shkruani n\u00eb WhatsApp: Gjith\u00e7ka q\u00eb ju nevojitet, n\u00eb koh\u00eb reale, n\u00eb nj\u00eb mesazh. Na kontaktoni dhe jemi gati t\u00eb ju ndihmojm\u00eb.\"<\/p>\t\t\t\t\t\t\t\t<\/div>\n\t\t\t\t<\/div>\n\t\t\t\t<div class=\"elementor-element elementor-element-03db65a elementor-widget-divider--view-line elementor-widget elementor-widget-divider\" data-id=\"03db65a\" data-element_type=\"widget\" data-widget_type=\"divider.default\">\n\t\t\t\t<div class=\"elementor-widget-container\">\n\t\t\t\t\t\t\t<div class=\"elementor-divider\">\n\t\t\t<span class=\"elementor-divider-separator\">\n\t\t\t\t\t\t<\/span>\n\t\t<\/div>\n\t\t\t\t\t\t<\/div>\n\t\t\t\t<\/div>\n\t\t\t\t<div class=\"vamtam-has-theme-widget-styles elementor-element elementor-element-252dc47 elementor-widget__width-auto vamtam-has-underline-anim elementor-widget elementor-widget-button\" data-id=\"252dc47\" data-element_type=\"widget\" data-widget_type=\"button.default\">\n\t\t\t\t<div class=\"elementor-widget-container\">\n\t\t\t\t\t\t\t\t\t<div class=\"elementor-button-wrapper\">\n\t\t\t\t\t<a class=\"elementor-button elementor-button-link elementor-size-md\" href=\"https:\/\/wa.me\/355694000260\">\n\t\t\t\t\t\t<span class=\"elementor-button-content-wrapper\">\n\t\t\t\t\t\t<span class=\"elementor-button-icon\">\n\t\t\t\t<i aria-hidden=\"true\" class=\"vamtamtheme- vamtam-theme-icon-arrow-right-top\"><\/i>\t\t\t<\/span>\n\t\t\t\t\t\t\t\t\t<span class=\"elementor-button-text\">Kontaktoni WhatsApp<\/span>\n\t\t\t\t\t<\/span>\n\t\t\t\t\t<\/a>\n\t\t\t\t<\/div>\n\t\t\t\t\t\t\t\t<\/div>\n\t\t\t\t<\/div>\n\t\t\t\t<div class=\"elementor-element elementor-element-dc5599f elementor-widget__width-auto elementor-widget elementor-widget-heading\" data-id=\"dc5599f\" data-element_type=\"widget\" data-widget_type=\"heading.default\">\n\t\t\t\t<div class=\"elementor-widget-container\">\n\t\t\t\t\t<span class=\"elementor-heading-title elementor-size-default\">Albania Distribution Chemicals\n<\/span>\t\t\t\t<\/div>\n\t\t\t\t<\/div>\n\t\t\t\t\t<\/div>\n\t\t<\/div>\n\t\t\t\t\t<\/div>\n\t\t<\/section>\n\t\t\t\t\t<\/div>\n\t\t<\/div>\n\t\t\t\t\t<\/div>\n\t\t<\/section>\n\t\t\t\t<section class=\"elementor-section elementor-top-section elementor-element elementor-element-b3fd502 elementor-section-boxed elementor-section-height-default elementor-section-height-default\" data-id=\"b3fd502\" data-element_type=\"section\">\n\t\t\t\t\t\t<div class=\"elementor-container elementor-column-gap-default\">\n\t\t\t\t\t<div class=\"elementor-column elementor-col-100 elementor-top-column elementor-element elementor-element-a879885\" data-id=\"a879885\" data-element_type=\"column\">\n\t\t\t<div class=\"elementor-widget-wrap elementor-element-populated\">\n\t\t\t\t\t\t<div class=\"elementor-element elementor-element-4a3fe1c elementor-widget elementor-widget-spacer\" data-id=\"4a3fe1c\" data-element_type=\"widget\" data-widget_type=\"spacer.default\">\n\t\t\t\t<div class=\"elementor-widget-container\">\n\t\t\t\t\t\t\t<div class=\"elementor-spacer\">\n\t\t\t<div class=\"elementor-spacer-inner\"><\/div>\n\t\t<\/div>\n\t\t\t\t\t\t<\/div>\n\t\t\t\t<\/div>\n\t\t\t\t<div class=\"vamtam-has-theme-widget-styles elementor-element elementor-element-feed2fe elementor-widget elementor-widget-image\" data-id=\"feed2fe\" data-element_type=\"widget\" data-widget_type=\"image.default\">\n\t\t\t\t<div class=\"elementor-widget-container\">\n\t\t\t\t\t\t\t\t\t<div class=\"elementor-image\">\n\t\t\t\t\t\t\t\t\t\t\t\t\t\t\t\t\t\t\t\t\t<img fetchpriority=\"high\" decoding=\"async\" width=\"8000\" height=\"1355\" src=\"https:\/\/adchem.al\/wp-content\/uploads\/2023\/06\/baner-albania-distribution-chemicals-01.png\" class=\"attachment-full size-full wp-image-987764\" alt=\"\" srcset=\"https:\/\/adchem.al\/wp-content\/uploads\/2023\/06\/baner-albania-distribution-chemicals-01.png 8000w, https:\/\/adchem.al\/wp-content\/uploads\/2023\/06\/baner-albania-distribution-chemicals-01-300x51.png 300w, https:\/\/adchem.al\/wp-content\/uploads\/2023\/06\/baner-albania-distribution-chemicals-01-1024x173.png 1024w, https:\/\/adchem.al\/wp-content\/uploads\/2023\/06\/baner-albania-distribution-chemicals-01-768x130.png 768w, https:\/\/adchem.al\/wp-content\/uploads\/2023\/06\/baner-albania-distribution-chemicals-01-1536x260.png 1536w, https:\/\/adchem.al\/wp-content\/uploads\/2023\/06\/baner-albania-distribution-chemicals-01-2048x347.png 2048w\" sizes=\"(max-width: 8000px) 100vw, 8000px\" \/>\t\t\t\t\t\t\t\t\t\t\t\t\t\t\t\t\t\t\t\t\t\t\t\t<\/div>\n\t\t\t\t\t\t\t\t<\/div>\n\t\t\t\t<\/div>\n\t\t\t\t\t<\/div>\n\t\t<\/div>\n\t\t\t\t\t<\/div>\n\t\t<\/section>\n\t\t\t\t<\/div>","protected":false},"excerpt":{"rendered":"<p>Produkti: Acid citrik<\/p>\n<p>Formula Kimike: C6H8O7<\/p>\n<p>Informacion rreth produktit:<\/p>\n<p>Ndodh n\u00eb m\u00ebnyr\u00eb natyrale: Acidi citrik \u00ebsht\u00eb nj\u00eb acid natyral q\u00eb gjendet n\u00eb fruta t\u00eb ndryshme agrume, t\u00eb tilla si limon, limon dhe portokall.<br \/>\nP\u00ebrmir\u00ebsuesi i shijes: P\u00ebrdoret gjer\u00ebsisht si nj\u00eb shtes\u00eb ushqimore p\u00ebr shkak t\u00eb shijes s\u00eb thart\u00eb, e cila rrit shijen e shum\u00eb produkteve ushqimore dhe pijeve.<br \/>\nRregullues i pH: Acidi citrik \u00ebsht\u00eb nj\u00eb rregullues efektiv i pH dhe mund t\u00eb p\u00ebrdoret p\u00ebr t\u00eb rregulluar aciditetin e ushqimit dhe formulimeve kozmetike.<br \/>\nAgjenti kelues: Ka veti kelatuese, q\u00eb do t\u00eb thot\u00eb se mund t\u00eb lidhet me jonet metalike, gj\u00eb q\u00eb ndihmon n\u00eb parandalimin e oksidimit dhe ruajtjen e stabilitetit t\u00eb produkteve.<br \/>\nKonservues: Acidi citrik vepron si nj\u00eb ruajt\u00ebs natyral, duke penguar rritjen e baktereve dhe k\u00ebrpudhave n\u00eb ushqime dhe produkte kozmetike.<\/p>","protected":false},"author":2,"featured_media":987873,"parent":145,"menu_order":0,"comment_status":"closed","ping_status":"closed","template":"","meta":{"inline_featured_image":false,"footnotes":""},"class_list":["post-987871","page","type-page","status-publish","has-post-thumbnail","hentry"],"yoast_head":"<!-- This site is optimized with the Yoast SEO plugin v27.4 - https:\/\/yoast.com\/product\/yoast-seo-wordpress\/ -->\n<title>Citric Acid | Albania Distribution Chemicals<\/title>\n<meta name=\"robots\" content=\"index, follow, max-snippet:-1, max-image-preview:large, max-video-preview:-1\" \/>\n<link rel=\"canonical\" href=\"https:\/\/adchem.al\/al\/food-industry\/citric-acid\/\" \/>\n<meta property=\"og:locale\" content=\"sq_AL\" \/>\n<meta property=\"og:type\" content=\"article\" \/>\n<meta property=\"og:title\" content=\"Citric Acid | Albania Distribution Chemicals\" \/>\n<meta property=\"og:description\" content=\"Product: Citric Acid Chemical Formula: C6H8O7 Information about the product: Naturally Occurring: Citric acid is a natural acid found in various citrus fruits, such as lemons, limes, and oranges. Flavor Enhancer: It is widely used as a food additive due to its sour taste, which enhances the flavor of many food and beverage products. pH Adjuster: Citric acid is an effective pH regulator and can be used to adjust the acidity of food and cosmetic formulations. Chelating Agent: It has chelating properties, meaning it can bind to metal ions, which helps prevent oxidation and maintain the stability of products. Preservative: Citric acid acts as a natural preservative, inhibiting the growth of bacteria and fungi in food and cosmetic products.\" \/>\n<meta property=\"og:url\" content=\"https:\/\/adchem.al\/al\/food-industry\/citric-acid\/\" \/>\n<meta property=\"og:site_name\" content=\"Albania Distribution Chemicals\" \/>\n<meta property=\"article:publisher\" content=\"https:\/\/www.facebook.com\/albaniadistributionchem\/?ref=py_c\" \/>\n<meta property=\"article:modified_time\" content=\"2023-06-27T19:15:23+00:00\" \/>\n<meta property=\"og:image\" content=\"https:\/\/adchem.al\/wp-content\/uploads\/2023\/06\/adchem-wallpaper-home.webp-2.webp\" \/>\n\t<meta property=\"og:image:width\" content=\"2560\" \/>\n\t<meta property=\"og:image:height\" content=\"1244\" \/>\n\t<meta property=\"og:image:type\" content=\"image\/webp\" \/>\n<meta name=\"twitter:card\" content=\"summary_large_image\" \/>\n<script type=\"application\/ld+json\" class=\"yoast-schema-graph\">{\"@context\":\"https:\\\/\\\/schema.org\",\"@graph\":[{\"@type\":\"WebPage\",\"@id\":\"https:\\\/\\\/adchem.al\\\/food-industry\\\/citric-acid\\\/\",\"url\":\"https:\\\/\\\/adchem.al\\\/food-industry\\\/citric-acid\\\/\",\"name\":\"Citric Acid | Albania Distribution Chemicals\",\"isPartOf\":{\"@id\":\"https:\\\/\\\/adchem.al\\\/#website\"},\"primaryImageOfPage\":{\"@id\":\"https:\\\/\\\/adchem.al\\\/food-industry\\\/citric-acid\\\/#primaryimage\"},\"image\":{\"@id\":\"https:\\\/\\\/adchem.al\\\/food-industry\\\/citric-acid\\\/#primaryimage\"},\"thumbnailUrl\":\"https:\\\/\\\/adchem.al\\\/wp-content\\\/uploads\\\/2023\\\/06\\\/Citric_acid.svg\",\"datePublished\":\"2023-06-22T23:08:20+00:00\",\"dateModified\":\"2023-06-27T19:15:23+00:00\",\"breadcrumb\":{\"@id\":\"https:\\\/\\\/adchem.al\\\/food-industry\\\/citric-acid\\\/#breadcrumb\"},\"inLanguage\":\"sq\",\"potentialAction\":[{\"@type\":\"ReadAction\",\"target\":[\"https:\\\/\\\/adchem.al\\\/food-industry\\\/citric-acid\\\/\"]}]},{\"@type\":\"ImageObject\",\"inLanguage\":\"sq\",\"@id\":\"https:\\\/\\\/adchem.al\\\/food-industry\\\/citric-acid\\\/#primaryimage\",\"url\":\"https:\\\/\\\/adchem.al\\\/wp-content\\\/uploads\\\/2023\\\/06\\\/Citric_acid.svg\",\"contentUrl\":\"https:\\\/\\\/adchem.al\\\/wp-content\\\/uploads\\\/2023\\\/06\\\/Citric_acid.svg\",\"width\":253,\"height\":120},{\"@type\":\"BreadcrumbList\",\"@id\":\"https:\\\/\\\/adchem.al\\\/food-industry\\\/citric-acid\\\/#breadcrumb\",\"itemListElement\":[{\"@type\":\"ListItem\",\"position\":1,\"name\":\"Home\",\"item\":\"https:\\\/\\\/adchem.al\\\/\"},{\"@type\":\"ListItem\",\"position\":2,\"name\":\"Food Industry\",\"item\":\"https:\\\/\\\/adchem.al\\\/food-industry\\\/\"},{\"@type\":\"ListItem\",\"position\":3,\"name\":\"Citric Acid\"}]},{\"@type\":\"WebSite\",\"@id\":\"https:\\\/\\\/adchem.al\\\/#website\",\"url\":\"https:\\\/\\\/adchem.al\\\/\",\"name\":\"Albania Distribution Chemicals\",\"description\":\"&quot;Excellence in Chemical Distribution&quot;\",\"publisher\":{\"@id\":\"https:\\\/\\\/adchem.al\\\/#organization\"},\"alternateName\":\"ADC\",\"potentialAction\":[{\"@type\":\"SearchAction\",\"target\":{\"@type\":\"EntryPoint\",\"urlTemplate\":\"https:\\\/\\\/adchem.al\\\/?s={search_term_string}\"},\"query-input\":{\"@type\":\"PropertyValueSpecification\",\"valueRequired\":true,\"valueName\":\"search_term_string\"}}],\"inLanguage\":\"sq\"},{\"@type\":\"Organization\",\"@id\":\"https:\\\/\\\/adchem.al\\\/#organization\",\"name\":\"Albania Distribution Chemicals\",\"alternateName\":\"ADC\",\"url\":\"https:\\\/\\\/adchem.al\\\/\",\"logo\":{\"@type\":\"ImageObject\",\"inLanguage\":\"sq\",\"@id\":\"https:\\\/\\\/adchem.al\\\/#\\\/schema\\\/logo\\\/image\\\/\",\"url\":\"https:\\\/\\\/adchem.al\\\/wp-content\\\/uploads\\\/2022\\\/09\\\/Albania-Distribution-Chemicals-Logo-01.png\",\"contentUrl\":\"https:\\\/\\\/adchem.al\\\/wp-content\\\/uploads\\\/2022\\\/09\\\/Albania-Distribution-Chemicals-Logo-01.png\",\"width\":308,\"height\":104,\"caption\":\"Albania Distribution Chemicals\"},\"image\":{\"@id\":\"https:\\\/\\\/adchem.al\\\/#\\\/schema\\\/logo\\\/image\\\/\"},\"sameAs\":[\"https:\\\/\\\/www.facebook.com\\\/albaniadistributionchem\\\/?ref=py_c\",\"https:\\\/\\\/www.instagram.com\\\/albania_distribution_chemicals\\\/\"]}]}<\/script>\n<!-- \/ Yoast SEO plugin. -->","yoast_head_json":{"title":"Citric Acid | Albania Distribution Chemicals","robots":{"index":"index","follow":"follow","max-snippet":"max-snippet:-1","max-image-preview":"max-image-preview:large","max-video-preview":"max-video-preview:-1"},"canonical":"https:\/\/adchem.al\/al\/food-industry\/citric-acid\/","og_locale":"sq_AL","og_type":"article","og_title":"Citric Acid | Albania Distribution Chemicals","og_description":"Product: Citric Acid Chemical Formula: C6H8O7 Information about the product: Naturally Occurring: Citric acid is a natural acid found in various citrus fruits, such as lemons, limes, and oranges. Flavor Enhancer: It is widely used as a food additive due to its sour taste, which enhances the flavor of many food and beverage products. pH Adjuster: Citric acid is an effective pH regulator and can be used to adjust the acidity of food and cosmetic formulations. Chelating Agent: It has chelating properties, meaning it can bind to metal ions, which helps prevent oxidation and maintain the stability of products. Preservative: Citric acid acts as a natural preservative, inhibiting the growth of bacteria and fungi in food and cosmetic products.","og_url":"https:\/\/adchem.al\/al\/food-industry\/citric-acid\/","og_site_name":"Albania Distribution Chemicals","article_publisher":"https:\/\/www.facebook.com\/albaniadistributionchem\/?ref=py_c","article_modified_time":"2023-06-27T19:15:23+00:00","og_image":[{"width":2560,"height":1244,"url":"https:\/\/adchem.al\/wp-content\/uploads\/2023\/06\/adchem-wallpaper-home.webp-2.webp","type":"image\/webp"}],"twitter_card":"summary_large_image","schema":{"@context":"https:\/\/schema.org","@graph":[{"@type":"WebPage","@id":"https:\/\/adchem.al\/food-industry\/citric-acid\/","url":"https:\/\/adchem.al\/food-industry\/citric-acid\/","name":"Citric Acid | Albania Distribution Chemicals","isPartOf":{"@id":"https:\/\/adchem.al\/#website"},"primaryImageOfPage":{"@id":"https:\/\/adchem.al\/food-industry\/citric-acid\/#primaryimage"},"image":{"@id":"https:\/\/adchem.al\/food-industry\/citric-acid\/#primaryimage"},"thumbnailUrl":"https:\/\/adchem.al\/wp-content\/uploads\/2023\/06\/Citric_acid.svg","datePublished":"2023-06-22T23:08:20+00:00","dateModified":"2023-06-27T19:15:23+00:00","breadcrumb":{"@id":"https:\/\/adchem.al\/food-industry\/citric-acid\/#breadcrumb"},"inLanguage":"sq","potentialAction":[{"@type":"ReadAction","target":["https:\/\/adchem.al\/food-industry\/citric-acid\/"]}]},{"@type":"ImageObject","inLanguage":"sq","@id":"https:\/\/adchem.al\/food-industry\/citric-acid\/#primaryimage","url":"https:\/\/adchem.al\/wp-content\/uploads\/2023\/06\/Citric_acid.svg","contentUrl":"https:\/\/adchem.al\/wp-content\/uploads\/2023\/06\/Citric_acid.svg","width":253,"height":120},{"@type":"BreadcrumbList","@id":"https:\/\/adchem.al\/food-industry\/citric-acid\/#breadcrumb","itemListElement":[{"@type":"ListItem","position":1,"name":"Home","item":"https:\/\/adchem.al\/"},{"@type":"ListItem","position":2,"name":"Food Industry","item":"https:\/\/adchem.al\/food-industry\/"},{"@type":"ListItem","position":3,"name":"Citric Acid"}]},{"@type":"WebSite","@id":"https:\/\/adchem.al\/#website","url":"https:\/\/adchem.al\/","name":"Albania Distribution Chemicals","description":"&quot;Excellence in Chemical Distribution&quot;","publisher":{"@id":"https:\/\/adchem.al\/#organization"},"alternateName":"ADC","potentialAction":[{"@type":"SearchAction","target":{"@type":"EntryPoint","urlTemplate":"https:\/\/adchem.al\/?s={search_term_string}"},"query-input":{"@type":"PropertyValueSpecification","valueRequired":true,"valueName":"search_term_string"}}],"inLanguage":"sq"},{"@type":"Organization","@id":"https:\/\/adchem.al\/#organization","name":"Albania Distribution Chemicals","alternateName":"ADC","url":"https:\/\/adchem.al\/","logo":{"@type":"ImageObject","inLanguage":"sq","@id":"https:\/\/adchem.al\/#\/schema\/logo\/image\/","url":"https:\/\/adchem.al\/wp-content\/uploads\/2022\/09\/Albania-Distribution-Chemicals-Logo-01.png","contentUrl":"https:\/\/adchem.al\/wp-content\/uploads\/2022\/09\/Albania-Distribution-Chemicals-Logo-01.png","width":308,"height":104,"caption":"Albania Distribution Chemicals"},"image":{"@id":"https:\/\/adchem.al\/#\/schema\/logo\/image\/"},"sameAs":["https:\/\/www.facebook.com\/albaniadistributionchem\/?ref=py_c","https:\/\/www.instagram.com\/albania_distribution_chemicals\/"]}]}},"_links":{"self":[{"href":"https:\/\/adchem.al\/al\/wp-json\/wp\/v2\/pages\/987871","targetHints":{"allow":["GET"]}}],"collection":[{"href":"https:\/\/adchem.al\/al\/wp-json\/wp\/v2\/pages"}],"about":[{"href":"https:\/\/adchem.al\/al\/wp-json\/wp\/v2\/types\/page"}],"author":[{"embeddable":true,"href":"https:\/\/adchem.al\/al\/wp-json\/wp\/v2\/users\/2"}],"replies":[{"embeddable":true,"href":"https:\/\/adchem.al\/al\/wp-json\/wp\/v2\/comments?post=987871"}],"version-history":[{"count":20,"href":"https:\/\/adchem.al\/al\/wp-json\/wp\/v2\/pages\/987871\/revisions"}],"predecessor-version":[{"id":989132,"href":"https:\/\/adchem.al\/al\/wp-json\/wp\/v2\/pages\/987871\/revisions\/989132"}],"up":[{"embeddable":true,"href":"https:\/\/adchem.al\/al\/wp-json\/wp\/v2\/pages\/145"}],"wp:featuredmedia":[{"embeddable":true,"href":"https:\/\/adchem.al\/al\/wp-json\/wp\/v2\/media\/987873"}],"wp:attachment":[{"href":"https:\/\/adchem.al\/al\/wp-json\/wp\/v2\/media?parent=987871"}],"curies":[{"name":"wp","href":"https:\/\/api.w.org\/{rel}","templated":true}]}}