{"id":511,"date":"2022-09-26T20:28:58","date_gmt":"2022-09-26T20:28:58","guid":{"rendered":"https:\/\/avvocato.vamtam.com\/?page_id=511"},"modified":"2023-08-03T19:35:29","modified_gmt":"2023-08-03T19:35:29","slug":"ascorbic-acid","status":"publish","type":"page","link":"https:\/\/adchem.al\/al\/food-industry\/ascorbic-acid\/","title":{"rendered":"Acid Askorbik"},"content":{"rendered":"<div data-elementor-type=\"wp-page\" data-elementor-id=\"511\" class=\"elementor elementor-511\" data-elementor-post-type=\"page\">\n\t\t\t\t\t\t<section class=\"elementor-section elementor-top-section elementor-element elementor-element-37858afc elementor-section-full_width elementor-section-height-default elementor-section-height-default\" data-id=\"37858afc\" data-element_type=\"section\">\n\t\t\t\t\t\t<div class=\"elementor-container elementor-column-gap-no\">\n\t\t\t\t\t<div class=\"elementor-column elementor-col-100 elementor-top-column elementor-element elementor-element-60bb79bd\" data-id=\"60bb79bd\" data-element_type=\"column\">\n\t\t\t<div class=\"elementor-widget-wrap elementor-element-populated\">\n\t\t\t\t\t\t<div class=\"vamtam-has-theme-widget-styles elementor-element elementor-element-86d4d6c elementor-widget elementor-widget-image\" data-id=\"86d4d6c\" data-element_type=\"widget\" data-widget_type=\"image.default\">\n\t\t\t\t<div class=\"elementor-widget-container\">\n\t\t\t\t\t\t\t\t\t<div class=\"elementor-image\">\n\t\t\t\t\t\t\t\t\t\t\t\t\t\t\t\t<figure class=\"wp-caption\">\n\t\t\t\t\t\t\t\t\t\t\t\t\t\t\t\t<img decoding=\"async\" width=\"50\" height=\"45\" src=\"https:\/\/adchem.al\/wp-content\/uploads\/2023\/06\/Ascorbic_acid-1.svg\" class=\"attachment-full size-full wp-image-987749\" alt=\"\" \/>\t\t\t\t\t\t\t\t\t\t\t\t\t\t\t\t\t<figcaption class=\"widget-image-caption wp-caption-text\">Albania Distribution Chemicals<\/figcaption>\n\t\t\t\t\t\t\t\t\t\t\t\t\t\t\t\t<\/figure>\n\t\t\t\t\t\t\t\t\t\t\t\t\t\t<\/div>\n\t\t\t\t\t\t\t\t<\/div>\n\t\t\t\t<\/div>\n\t\t\t\t<div class=\"elementor-element elementor-element-61992a9a elementor-widget elementor-widget-text-editor\" data-id=\"61992a9a\" data-element_type=\"widget\" data-widget_type=\"text-editor.default\">\n\t\t\t\t<div class=\"elementor-widget-container\">\n\t\t\t\t\t\t\t\t\t<p><strong>Produkti: Acidi Askorbik<\/strong><\/p><p><strong>Formula Kimike: C6H8O6<\/strong><\/p><p><strong>Informacion rreth produktit:<\/strong><\/p><ul><li>Vitamina esenciale: Acidi askorbik, i njohur gjithashtu si vitamina C, \u00ebsht\u00eb nj\u00eb l\u00ebnd\u00eb ushqyese thelb\u00ebsore p\u00ebr trupin e njeriut.<\/li><li>Vetit\u00eb antioksiduese: Vepron si nj\u00eb antioksidant i fuqish\u00ebm, duke mbrojtur qelizat nga d\u00ebmtimi oksidativ i shkaktuar nga radikalet e lira.<\/li><li>Sinteza e kolagjenit: Acidi askorbik \u00ebsht\u00eb i nevojsh\u00ebm p\u00ebr sintez\u00ebn e kolagjenit, nj\u00eb protein\u00eb q\u00eb mb\u00ebshtet l\u00ebkur\u00ebn e sh\u00ebndetshme, tendinat, ligamentet dhe en\u00ebt e gjakut.<\/li><li>Mb\u00ebshtetja e sistemit imunitar: Ai luan nj\u00eb rol jetik n\u00eb mb\u00ebshtetjen e sistemit imunitar, duke ndihmuar n\u00eb forcimin e mbrojtjes s\u00eb trupit kund\u00ebr infeksioneve.<\/li><li>Thithja e hekurit: Acidi askorbik rrit p\u00ebrthithjen e hekurit nga burimet ushqimore me baz\u00eb bimore, duke ndihmuar n\u00eb parandalimin e anemis\u00eb s\u00eb munges\u00ebs s\u00eb hekurit.<\/li><\/ul><p><strong>Informacion p\u00ebr sektorin e p\u00ebrdorimit t\u00eb produktit:<\/strong><\/p><ol><li>Industria e ushqimit dhe pijeve:<\/li><\/ol><ul><li>Konservimi: Acidi askorbik p\u00ebrdoret si ruajt\u00ebs n\u00eb ushqime dhe pije, duke ndihmuar n\u00eb parandalimin e oksidimit dhe ruajtjen e freskis\u00eb.<\/li><li>Ruajtja e ngjyrave: P\u00ebrdoret p\u00ebr t\u00eb ruajtur ngjyr\u00ebn e frutave, perimeve dhe ushqimeve t\u00eb p\u00ebrpunuara gjat\u00eb p\u00ebrpunimit dhe ruajtjes.<\/li><li>Fortifikimi: Acidi askorbik shtohet n\u00eb ushqime dhe pije p\u00ebr t'i forcuar ato me vitamin\u00eb C, duke p\u00ebrmir\u00ebsuar p\u00ebrmbajtjen e tyre ushqyese.<\/li><\/ul><ol start=\"2\"><li>Industria farmaceutike:<\/li><\/ol><ul><li>Medikamentet: Acidi askorbik p\u00ebrdoret n\u00eb formulimin e produkteve t\u00eb ndryshme farmaceutike, duke p\u00ebrfshir\u00eb suplementet me vitamina, ila\u00e7et kund\u00ebr ftohjes dhe suplementet e hekurit.<\/li><li>Agjent i Stabilitetit: Ndihmon n\u00eb p\u00ebrmir\u00ebsimin e q\u00ebndrueshm\u00ebris\u00eb dhe jet\u00ebgjat\u00ebsis\u00eb s\u00eb disa ila\u00e7eve.<\/li><\/ul><ol start=\"3\"><li>Kujdesi p\u00ebr l\u00ebkur\u00ebn dhe kozmetika:<\/li><\/ol><ul><li>P\u00ebrfitimet antioksidante: Acidi askorbik \u00ebsht\u00eb p\u00ebrfshir\u00eb n\u00eb produktet e kujdesit t\u00eb l\u00ebkur\u00ebs p\u00ebr t\u00eb siguruar mbrojtje antioksiduese dhe p\u00ebr t\u00eb ndihmuar n\u00eb reduktimin e shenjave t\u00eb plakjes.<\/li><li>Efekti ndri\u00e7ues: Ndihmon n\u00eb zbardhjen e tonit t\u00eb l\u00ebkur\u00ebs dhe p\u00ebrmir\u00ebsimin e pamjes s\u00eb hiperpigmentimit.<\/li><li>P\u00ebrforcues i kolagjenit: Acidi askorbik stimulon prodhimin e kolagjenit, duke ndihmuar n\u00eb ruajtjen e elasticitetit t\u00eb l\u00ebkur\u00ebs dhe reduktimin e shfaqjes s\u00eb rrudhave.<\/li><\/ul><ol start=\"4\"><li>Industria bujq\u00ebsore:<\/li><\/ol><ul><li>Mbrojtja e t\u00eb korrave: Acidi askorbik p\u00ebrdoret si nj\u00eb rregullator i rritjes s\u00eb bim\u00ebve dhe p\u00ebr t\u00eb mbrojtur bim\u00ebt nga stresi dhe d\u00ebmtimi i shkaktuar nga faktor\u00ebt mjedisor\u00eb.<\/li><li>Zgjatja e jet\u00ebgjat\u00ebsis\u00eb: Ndihmon n\u00eb zgjatjen e jet\u00ebgjat\u00ebsis\u00eb s\u00eb frutave dhe perimeve duke penguar skuqjen enzimatike dhe duke ruajtur freskin\u00eb e tyre.<\/li><\/ul><ol start=\"5\"><li>K\u00ebrkimi dhe laboratori:<\/li><\/ol><ul><li>Studime shkencore: Acidi askorbik p\u00ebrdoret n\u00eb mjedise k\u00ebrkimore dhe laboratorike p\u00ebr aplikime t\u00eb ndryshme, duke p\u00ebrfshir\u00eb kultur\u00ebn e qelizave, analizat antioksiduese dhe eksperimentet biokimike.<\/li><\/ul><ol start=\"6\"><li>Ushqime ushqimore dhe suplemente dietike:<\/li><\/ol><ul><li>Suplementet sh\u00ebndet\u00ebsore: Acidi askorbik gjendet zakonisht n\u00eb suplementet multivitamine dhe suplementet e pavarura t\u00eb vitamin\u00ebs C, q\u00eb u sh\u00ebrbejn\u00eb individ\u00ebve me nevoja specifike ushqyese.<\/li><\/ul><ol start=\"7\"><li>Birraria dhe prodhimi i ver\u00ebs:<\/li><\/ol><ul><li>Stabilizimi: Acidi askorbik p\u00ebrdoret n\u00eb procesin e birr\u00ebs dhe prodhimit t\u00eb ver\u00ebs p\u00ebr t\u00eb stabilizuar p\u00ebrb\u00ebrjet e ngjyr\u00ebs dhe arom\u00ebs, duke siguruar cil\u00ebsin\u00eb e produktit.<\/li><\/ul><ol start=\"8\"><li>Industria e ushqimit t\u00eb kafsh\u00ebve:<\/li><\/ol><ul><li>Shtues ushqyes: Acidi askorbik shtohet n\u00eb ushqimin e kafsh\u00ebve p\u00ebr t\u00eb siguruar ushqimin e duhur dhe p\u00ebr t\u00eb p\u00ebrmir\u00ebsuar sh\u00ebndetin dhe mir\u00ebqenien e p\u00ebrgjithshme t\u00eb kafsh\u00ebve.<\/li><\/ul><ol start=\"9\"><li>Trajtimi i ujit:<\/li><\/ol><ul><li>Deklorimi: Acidi askorbik p\u00ebrdoret n\u00eb trajtimin e ujit p\u00ebr t\u00eb neutralizuar klorin, duke e b\u00ebr\u00eb at\u00eb t\u00eb sigurt p\u00ebr p\u00ebrdorime t\u00eb ndryshme, si rezervuar\u00ebt e peshkut ose proceset industriale.<\/li><\/ul><ol start=\"10\"><li>Produktet e kujdesit personal:<\/li><\/ol><ul><li>Kujdesi p\u00ebr flok\u00ebt: Acidi askorbik ndonj\u00ebher\u00eb shtohet n\u00eb produktet e kujdesit t\u00eb flok\u00ebve p\u00ebr t\u00eb p\u00ebrmir\u00ebsuar sh\u00ebndetin e kok\u00ebs dhe p\u00ebr t\u00eb nxitur rritjen e flok\u00ebve.<\/li><li>Kujdesi oral: P\u00ebrdoret n\u00eb produktet e kujdesit oral si pasta e dh\u00ebmb\u00ebve dhe shp\u00eblarja e goj\u00ebs p\u00ebr p\u00ebrfitimet e tij t\u00eb mundshme antimikrobike dhe sh\u00ebndetin e mishrave t\u00eb dh\u00ebmb\u00ebve.<\/li><\/ul><p>Ju lutemi vini re se p\u00ebrdorimi i acidit askorbik mund t\u00eb ndryshoj\u00eb sipas industrive dhe aplikimeve specifike. Rekomandohet gjithmon\u00eb t\u00eb ndiqni udh\u00ebzimet, rregulloret dhe masat paraprake t\u00eb siguris\u00eb specifike p\u00ebr sektorin e p\u00ebrdorimit.<\/p>\t\t\t\t\t\t\t\t<\/div>\n\t\t\t\t<\/div>\n\t\t\t\t<section class=\"elementor-section elementor-inner-section elementor-element elementor-element-c2cf63d elementor-section-boxed elementor-section-height-default elementor-section-height-default\" data-id=\"c2cf63d\" data-element_type=\"section\" data-settings=\"{&quot;background_background&quot;:&quot;classic&quot;}\">\n\t\t\t\t\t\t<div class=\"elementor-container elementor-column-gap-no\">\n\t\t\t\t\t<div class=\"elementor-column elementor-col-100 elementor-inner-column elementor-element elementor-element-32c60bb5\" data-id=\"32c60bb5\" data-element_type=\"column\">\n\t\t\t<div class=\"elementor-widget-wrap elementor-element-populated\">\n\t\t\t\t\t\t<div class=\"elementor-element elementor-element-5e9b4728 elementor-view-default elementor-widget elementor-widget-icon\" data-id=\"5e9b4728\" data-element_type=\"widget\" data-widget_type=\"icon.default\">\n\t\t\t\t<div class=\"elementor-widget-container\">\n\t\t\t\t\t\t\t<div class=\"elementor-icon-wrapper\">\n\t\t\t<div class=\"elementor-icon\">\n\t\t\t<i aria-hidden=\"true\" class=\"vamtamtheme- vamtam-theme-quote-start\"><\/i>\t\t\t<\/div>\n\t\t<\/div>\n\t\t\t\t\t\t<\/div>\n\t\t\t\t<\/div>\n\t\t\t\t<div class=\"elementor-element elementor-element-2cfbbbe elementor-widget elementor-widget-text-editor\" data-id=\"2cfbbbe\" data-element_type=\"widget\" data-widget_type=\"text-editor.default\">\n\t\t\t\t<div class=\"elementor-widget-container\">\n\t\t\t\t\t\t\t\t\t<p>\"P\u00ebr \u00e7do informacion, shkruani n\u00eb WhatsApp: Gjith\u00e7ka q\u00eb ju nevojitet, n\u00eb koh\u00eb reale, n\u00eb nj\u00eb mesazh. Na kontaktoni dhe jemi gati t\u00eb ju ndihmojm\u00eb.\"<\/p>\t\t\t\t\t\t\t\t<\/div>\n\t\t\t\t<\/div>\n\t\t\t\t<div class=\"elementor-element elementor-element-16ced850 elementor-widget-divider--view-line elementor-widget elementor-widget-divider\" data-id=\"16ced850\" data-element_type=\"widget\" data-widget_type=\"divider.default\">\n\t\t\t\t<div class=\"elementor-widget-container\">\n\t\t\t\t\t\t\t<div class=\"elementor-divider\">\n\t\t\t<span class=\"elementor-divider-separator\">\n\t\t\t\t\t\t<\/span>\n\t\t<\/div>\n\t\t\t\t\t\t<\/div>\n\t\t\t\t<\/div>\n\t\t\t\t<div class=\"vamtam-has-theme-widget-styles elementor-element elementor-element-16869f94 elementor-widget__width-auto vamtam-has-underline-anim elementor-widget elementor-widget-button\" data-id=\"16869f94\" data-element_type=\"widget\" data-widget_type=\"button.default\">\n\t\t\t\t<div class=\"elementor-widget-container\">\n\t\t\t\t\t\t\t\t\t<div class=\"elementor-button-wrapper\">\n\t\t\t\t\t<a class=\"elementor-button elementor-button-link elementor-size-md\" href=\"https:\/\/wa.me\/355694000260\">\n\t\t\t\t\t\t<span class=\"elementor-button-content-wrapper\">\n\t\t\t\t\t\t<span class=\"elementor-button-icon\">\n\t\t\t\t<i aria-hidden=\"true\" class=\"vamtamtheme- vamtam-theme-icon-arrow-right-top\"><\/i>\t\t\t<\/span>\n\t\t\t\t\t\t\t\t\t<span class=\"elementor-button-text\">Kontaktoni WhatsApp<\/span>\n\t\t\t\t\t<\/span>\n\t\t\t\t\t<\/a>\n\t\t\t\t<\/div>\n\t\t\t\t\t\t\t\t<\/div>\n\t\t\t\t<\/div>\n\t\t\t\t<div class=\"elementor-element elementor-element-6e994e1b elementor-widget__width-auto elementor-widget elementor-widget-heading\" data-id=\"6e994e1b\" data-element_type=\"widget\" data-widget_type=\"heading.default\">\n\t\t\t\t<div class=\"elementor-widget-container\">\n\t\t\t\t\t<span class=\"elementor-heading-title elementor-size-default\">Albania Distribution Chemicals\n<\/span>\t\t\t\t<\/div>\n\t\t\t\t<\/div>\n\t\t\t\t\t<\/div>\n\t\t<\/div>\n\t\t\t\t\t<\/div>\n\t\t<\/section>\n\t\t\t\t\t<\/div>\n\t\t<\/div>\n\t\t\t\t\t<\/div>\n\t\t<\/section>\n\t\t\t\t<section class=\"elementor-section elementor-top-section elementor-element elementor-element-b3fd502 elementor-section-boxed elementor-section-height-default elementor-section-height-default\" data-id=\"b3fd502\" data-element_type=\"section\">\n\t\t\t\t\t\t<div class=\"elementor-container elementor-column-gap-default\">\n\t\t\t\t\t<div class=\"elementor-column elementor-col-100 elementor-top-column elementor-element elementor-element-a879885\" data-id=\"a879885\" data-element_type=\"column\">\n\t\t\t<div class=\"elementor-widget-wrap elementor-element-populated\">\n\t\t\t\t\t\t<div class=\"elementor-element elementor-element-4a3fe1c elementor-widget elementor-widget-spacer\" data-id=\"4a3fe1c\" data-element_type=\"widget\" data-widget_type=\"spacer.default\">\n\t\t\t\t<div class=\"elementor-widget-container\">\n\t\t\t\t\t\t\t<div class=\"elementor-spacer\">\n\t\t\t<div class=\"elementor-spacer-inner\"><\/div>\n\t\t<\/div>\n\t\t\t\t\t\t<\/div>\n\t\t\t\t<\/div>\n\t\t\t\t<div class=\"vamtam-has-theme-widget-styles elementor-element elementor-element-feed2fe elementor-widget elementor-widget-image\" data-id=\"feed2fe\" data-element_type=\"widget\" data-widget_type=\"image.default\">\n\t\t\t\t<div class=\"elementor-widget-container\">\n\t\t\t\t\t\t\t\t\t<div class=\"elementor-image\">\n\t\t\t\t\t\t\t\t\t\t\t\t\t\t\t\t\t\t\t\t\t<img fetchpriority=\"high\" decoding=\"async\" width=\"8000\" height=\"1355\" src=\"https:\/\/adchem.al\/wp-content\/uploads\/2023\/06\/baner-albania-distribution-chemicals-01.png\" class=\"attachment-full size-full wp-image-987764\" alt=\"\" srcset=\"https:\/\/adchem.al\/wp-content\/uploads\/2023\/06\/baner-albania-distribution-chemicals-01.png 8000w, https:\/\/adchem.al\/wp-content\/uploads\/2023\/06\/baner-albania-distribution-chemicals-01-300x51.png 300w, https:\/\/adchem.al\/wp-content\/uploads\/2023\/06\/baner-albania-distribution-chemicals-01-1024x173.png 1024w, https:\/\/adchem.al\/wp-content\/uploads\/2023\/06\/baner-albania-distribution-chemicals-01-768x130.png 768w, https:\/\/adchem.al\/wp-content\/uploads\/2023\/06\/baner-albania-distribution-chemicals-01-1536x260.png 1536w, https:\/\/adchem.al\/wp-content\/uploads\/2023\/06\/baner-albania-distribution-chemicals-01-2048x347.png 2048w\" sizes=\"(max-width: 8000px) 100vw, 8000px\" \/>\t\t\t\t\t\t\t\t\t\t\t\t\t\t\t\t\t\t\t\t\t\t\t\t<\/div>\n\t\t\t\t\t\t\t\t<\/div>\n\t\t\t\t<\/div>\n\t\t\t\t\t<\/div>\n\t\t<\/div>\n\t\t\t\t\t<\/div>\n\t\t<\/section>\n\t\t\t\t<\/div>","protected":false},"excerpt":{"rendered":"<p>Produkti: Acidi Askorbik<\/p>\n<p>Formula Kimike: C6H8O6<\/p>\n<p>Informacion rreth produktit:<\/p>\n<p>Vitamina esenciale: Acidi askorbik, i njohur gjithashtu si vitamina C, \u00ebsht\u00eb nj\u00eb l\u00ebnd\u00eb ushqyese thelb\u00ebsore p\u00ebr trupin e njeriut.<br \/>\nVetit\u00eb antioksiduese: Vepron si nj\u00eb antioksidant i fuqish\u00ebm, duke mbrojtur qelizat nga d\u00ebmtimi oksidativ i shkaktuar nga radikalet e lira.<br \/>\nSinteza e kolagjenit: Acidi askorbik \u00ebsht\u00eb i nevojsh\u00ebm p\u00ebr sintez\u00ebn e kolagjenit, nj\u00eb protein\u00eb q\u00eb mb\u00ebshtet l\u00ebkur\u00ebn e sh\u00ebndetshme, tendinat, ligamentet dhe en\u00ebt e gjakut.<br \/>\nMb\u00ebshtetja e sistemit imunitar: Ai luan nj\u00eb rol jetik n\u00eb mb\u00ebshtetjen e sistemit imunitar, duke ndihmuar n\u00eb forcimin e mbrojtjes s\u00eb trupit kund\u00ebr infeksioneve.<br \/>\nThithja e hekurit: Acidi askorbik rrit p\u00ebrthithjen e hekurit nga burimet ushqimore me baz\u00eb bimore, duke ndihmuar n\u00eb parandalimin e anemis\u00eb s\u00eb munges\u00ebs s\u00eb hekurit.<\/p>","protected":false},"author":2,"featured_media":987749,"parent":145,"menu_order":0,"comment_status":"closed","ping_status":"closed","template":"","meta":{"inline_featured_image":false,"footnotes":""},"class_list":["post-511","page","type-page","status-publish","has-post-thumbnail","hentry"],"yoast_head":"<!-- This site is optimized with the Yoast SEO plugin v27.3 - https:\/\/yoast.com\/product\/yoast-seo-wordpress\/ -->\n<title>Ascorbic Acid | Albania Distribution Chemicals<\/title>\n<meta name=\"description\" content=\"Product: Ascorbic AcidChemical Formula: C6H8O6Information about the product:Essential Vitamin: Ascorbic acid, also known as Vitamin C.\" \/>\n<meta name=\"robots\" content=\"index, follow, max-snippet:-1, max-image-preview:large, max-video-preview:-1\" \/>\n<link rel=\"canonical\" href=\"https:\/\/adchem.al\/al\/food-industry\/ascorbic-acid\/\" \/>\n<meta property=\"og:locale\" content=\"sq_AL\" \/>\n<meta property=\"og:type\" content=\"article\" \/>\n<meta property=\"og:title\" content=\"Ascorbic Acid | Albania Distribution Chemicals\" \/>\n<meta property=\"og:description\" content=\"Product: Ascorbic AcidChemical Formula: C6H8O6Information about the product:Essential Vitamin: Ascorbic acid, also known as Vitamin C.\" \/>\n<meta property=\"og:url\" content=\"https:\/\/adchem.al\/al\/food-industry\/ascorbic-acid\/\" \/>\n<meta property=\"og:site_name\" content=\"Albania Distribution Chemicals\" \/>\n<meta property=\"article:publisher\" content=\"https:\/\/www.facebook.com\/albaniadistributionchem\/?ref=py_c\" \/>\n<meta property=\"article:modified_time\" content=\"2023-08-03T19:35:29+00:00\" \/>\n<meta property=\"og:image\" content=\"https:\/\/adchem.al\/wp-content\/uploads\/2023\/06\/adchem-wallpaper-home.webp-2.webp\" \/>\n\t<meta property=\"og:image:width\" content=\"2560\" \/>\n\t<meta property=\"og:image:height\" content=\"1244\" \/>\n\t<meta property=\"og:image:type\" content=\"image\/webp\" \/>\n<meta name=\"twitter:card\" content=\"summary_large_image\" \/>\n<script type=\"application\/ld+json\" class=\"yoast-schema-graph\">{\"@context\":\"https:\\\/\\\/schema.org\",\"@graph\":[{\"@type\":\"WebPage\",\"@id\":\"https:\\\/\\\/adchem.al\\\/food-industry\\\/ascorbic-acid\\\/\",\"url\":\"https:\\\/\\\/adchem.al\\\/food-industry\\\/ascorbic-acid\\\/\",\"name\":\"Ascorbic Acid | Albania Distribution Chemicals\",\"isPartOf\":{\"@id\":\"https:\\\/\\\/adchem.al\\\/#website\"},\"primaryImageOfPage\":{\"@id\":\"https:\\\/\\\/adchem.al\\\/food-industry\\\/ascorbic-acid\\\/#primaryimage\"},\"image\":{\"@id\":\"https:\\\/\\\/adchem.al\\\/food-industry\\\/ascorbic-acid\\\/#primaryimage\"},\"thumbnailUrl\":\"https:\\\/\\\/adchem.al\\\/wp-content\\\/uploads\\\/2023\\\/06\\\/Ascorbic_acid-1.svg\",\"datePublished\":\"2022-09-26T20:28:58+00:00\",\"dateModified\":\"2023-08-03T19:35:29+00:00\",\"description\":\"Product: Ascorbic AcidChemical Formula: C6H8O6Information about the product:Essential Vitamin: Ascorbic acid, also known as Vitamin C.\",\"breadcrumb\":{\"@id\":\"https:\\\/\\\/adchem.al\\\/food-industry\\\/ascorbic-acid\\\/#breadcrumb\"},\"inLanguage\":\"sq\",\"potentialAction\":[{\"@type\":\"ReadAction\",\"target\":[\"https:\\\/\\\/adchem.al\\\/food-industry\\\/ascorbic-acid\\\/\"]}]},{\"@type\":\"ImageObject\",\"inLanguage\":\"sq\",\"@id\":\"https:\\\/\\\/adchem.al\\\/food-industry\\\/ascorbic-acid\\\/#primaryimage\",\"url\":\"https:\\\/\\\/adchem.al\\\/wp-content\\\/uploads\\\/2023\\\/06\\\/Ascorbic_acid-1.svg\",\"contentUrl\":\"https:\\\/\\\/adchem.al\\\/wp-content\\\/uploads\\\/2023\\\/06\\\/Ascorbic_acid-1.svg\",\"width\":50,\"height\":45},{\"@type\":\"BreadcrumbList\",\"@id\":\"https:\\\/\\\/adchem.al\\\/food-industry\\\/ascorbic-acid\\\/#breadcrumb\",\"itemListElement\":[{\"@type\":\"ListItem\",\"position\":1,\"name\":\"Home\",\"item\":\"https:\\\/\\\/adchem.al\\\/\"},{\"@type\":\"ListItem\",\"position\":2,\"name\":\"Food Industry\",\"item\":\"https:\\\/\\\/adchem.al\\\/food-industry\\\/\"},{\"@type\":\"ListItem\",\"position\":3,\"name\":\"Ascorbic Acid\"}]},{\"@type\":\"WebSite\",\"@id\":\"https:\\\/\\\/adchem.al\\\/#website\",\"url\":\"https:\\\/\\\/adchem.al\\\/\",\"name\":\"Albania Distribution Chemicals\",\"description\":\"&quot;Excellence in Chemical Distribution&quot;\",\"publisher\":{\"@id\":\"https:\\\/\\\/adchem.al\\\/#organization\"},\"alternateName\":\"ADC\",\"potentialAction\":[{\"@type\":\"SearchAction\",\"target\":{\"@type\":\"EntryPoint\",\"urlTemplate\":\"https:\\\/\\\/adchem.al\\\/?s={search_term_string}\"},\"query-input\":{\"@type\":\"PropertyValueSpecification\",\"valueRequired\":true,\"valueName\":\"search_term_string\"}}],\"inLanguage\":\"sq\"},{\"@type\":\"Organization\",\"@id\":\"https:\\\/\\\/adchem.al\\\/#organization\",\"name\":\"Albania Distribution Chemicals\",\"alternateName\":\"ADC\",\"url\":\"https:\\\/\\\/adchem.al\\\/\",\"logo\":{\"@type\":\"ImageObject\",\"inLanguage\":\"sq\",\"@id\":\"https:\\\/\\\/adchem.al\\\/#\\\/schema\\\/logo\\\/image\\\/\",\"url\":\"https:\\\/\\\/adchem.al\\\/wp-content\\\/uploads\\\/2022\\\/09\\\/Albania-Distribution-Chemicals-Logo-01.png\",\"contentUrl\":\"https:\\\/\\\/adchem.al\\\/wp-content\\\/uploads\\\/2022\\\/09\\\/Albania-Distribution-Chemicals-Logo-01.png\",\"width\":308,\"height\":104,\"caption\":\"Albania Distribution Chemicals\"},\"image\":{\"@id\":\"https:\\\/\\\/adchem.al\\\/#\\\/schema\\\/logo\\\/image\\\/\"},\"sameAs\":[\"https:\\\/\\\/www.facebook.com\\\/albaniadistributionchem\\\/?ref=py_c\",\"https:\\\/\\\/www.instagram.com\\\/albania_distribution_chemicals\\\/\"]}]}<\/script>\n<!-- \/ Yoast SEO plugin. -->","yoast_head_json":{"title":"Ascorbic Acid | Albania Distribution Chemicals","description":"Product: Ascorbic AcidChemical Formula: C6H8O6Information about the product:Essential Vitamin: Ascorbic acid, also known as Vitamin C.","robots":{"index":"index","follow":"follow","max-snippet":"max-snippet:-1","max-image-preview":"max-image-preview:large","max-video-preview":"max-video-preview:-1"},"canonical":"https:\/\/adchem.al\/al\/food-industry\/ascorbic-acid\/","og_locale":"sq_AL","og_type":"article","og_title":"Ascorbic Acid | Albania Distribution Chemicals","og_description":"Product: Ascorbic AcidChemical Formula: C6H8O6Information about the product:Essential Vitamin: Ascorbic acid, also known as Vitamin C.","og_url":"https:\/\/adchem.al\/al\/food-industry\/ascorbic-acid\/","og_site_name":"Albania Distribution Chemicals","article_publisher":"https:\/\/www.facebook.com\/albaniadistributionchem\/?ref=py_c","article_modified_time":"2023-08-03T19:35:29+00:00","og_image":[{"width":2560,"height":1244,"url":"https:\/\/adchem.al\/wp-content\/uploads\/2023\/06\/adchem-wallpaper-home.webp-2.webp","type":"image\/webp"}],"twitter_card":"summary_large_image","schema":{"@context":"https:\/\/schema.org","@graph":[{"@type":"WebPage","@id":"https:\/\/adchem.al\/food-industry\/ascorbic-acid\/","url":"https:\/\/adchem.al\/food-industry\/ascorbic-acid\/","name":"Ascorbic Acid | Albania Distribution Chemicals","isPartOf":{"@id":"https:\/\/adchem.al\/#website"},"primaryImageOfPage":{"@id":"https:\/\/adchem.al\/food-industry\/ascorbic-acid\/#primaryimage"},"image":{"@id":"https:\/\/adchem.al\/food-industry\/ascorbic-acid\/#primaryimage"},"thumbnailUrl":"https:\/\/adchem.al\/wp-content\/uploads\/2023\/06\/Ascorbic_acid-1.svg","datePublished":"2022-09-26T20:28:58+00:00","dateModified":"2023-08-03T19:35:29+00:00","description":"Product: Ascorbic AcidChemical Formula: C6H8O6Information about the product:Essential Vitamin: Ascorbic acid, also known as Vitamin C.","breadcrumb":{"@id":"https:\/\/adchem.al\/food-industry\/ascorbic-acid\/#breadcrumb"},"inLanguage":"sq","potentialAction":[{"@type":"ReadAction","target":["https:\/\/adchem.al\/food-industry\/ascorbic-acid\/"]}]},{"@type":"ImageObject","inLanguage":"sq","@id":"https:\/\/adchem.al\/food-industry\/ascorbic-acid\/#primaryimage","url":"https:\/\/adchem.al\/wp-content\/uploads\/2023\/06\/Ascorbic_acid-1.svg","contentUrl":"https:\/\/adchem.al\/wp-content\/uploads\/2023\/06\/Ascorbic_acid-1.svg","width":50,"height":45},{"@type":"BreadcrumbList","@id":"https:\/\/adchem.al\/food-industry\/ascorbic-acid\/#breadcrumb","itemListElement":[{"@type":"ListItem","position":1,"name":"Home","item":"https:\/\/adchem.al\/"},{"@type":"ListItem","position":2,"name":"Food Industry","item":"https:\/\/adchem.al\/food-industry\/"},{"@type":"ListItem","position":3,"name":"Ascorbic Acid"}]},{"@type":"WebSite","@id":"https:\/\/adchem.al\/#website","url":"https:\/\/adchem.al\/","name":"Albania Distribution Chemicals","description":"&quot;Excellence in Chemical Distribution&quot;","publisher":{"@id":"https:\/\/adchem.al\/#organization"},"alternateName":"ADC","potentialAction":[{"@type":"SearchAction","target":{"@type":"EntryPoint","urlTemplate":"https:\/\/adchem.al\/?s={search_term_string}"},"query-input":{"@type":"PropertyValueSpecification","valueRequired":true,"valueName":"search_term_string"}}],"inLanguage":"sq"},{"@type":"Organization","@id":"https:\/\/adchem.al\/#organization","name":"Albania Distribution Chemicals","alternateName":"ADC","url":"https:\/\/adchem.al\/","logo":{"@type":"ImageObject","inLanguage":"sq","@id":"https:\/\/adchem.al\/#\/schema\/logo\/image\/","url":"https:\/\/adchem.al\/wp-content\/uploads\/2022\/09\/Albania-Distribution-Chemicals-Logo-01.png","contentUrl":"https:\/\/adchem.al\/wp-content\/uploads\/2022\/09\/Albania-Distribution-Chemicals-Logo-01.png","width":308,"height":104,"caption":"Albania Distribution Chemicals"},"image":{"@id":"https:\/\/adchem.al\/#\/schema\/logo\/image\/"},"sameAs":["https:\/\/www.facebook.com\/albaniadistributionchem\/?ref=py_c","https:\/\/www.instagram.com\/albania_distribution_chemicals\/"]}]}},"_links":{"self":[{"href":"https:\/\/adchem.al\/al\/wp-json\/wp\/v2\/pages\/511","targetHints":{"allow":["GET"]}}],"collection":[{"href":"https:\/\/adchem.al\/al\/wp-json\/wp\/v2\/pages"}],"about":[{"href":"https:\/\/adchem.al\/al\/wp-json\/wp\/v2\/types\/page"}],"author":[{"embeddable":true,"href":"https:\/\/adchem.al\/al\/wp-json\/wp\/v2\/users\/2"}],"replies":[{"embeddable":true,"href":"https:\/\/adchem.al\/al\/wp-json\/wp\/v2\/comments?post=511"}],"version-history":[{"count":38,"href":"https:\/\/adchem.al\/al\/wp-json\/wp\/v2\/pages\/511\/revisions"}],"predecessor-version":[{"id":989345,"href":"https:\/\/adchem.al\/al\/wp-json\/wp\/v2\/pages\/511\/revisions\/989345"}],"up":[{"embeddable":true,"href":"https:\/\/adchem.al\/al\/wp-json\/wp\/v2\/pages\/145"}],"wp:featuredmedia":[{"embeddable":true,"href":"https:\/\/adchem.al\/al\/wp-json\/wp\/v2\/media\/987749"}],"wp:attachment":[{"href":"https:\/\/adchem.al\/al\/wp-json\/wp\/v2\/media?parent=511"}],"curies":[{"name":"wp","href":"https:\/\/api.w.org\/{rel}","templated":true}]}}